{"id":3543,"date":"2026-01-22T14:18:08","date_gmt":"2026-01-22T13:18:08","guid":{"rendered":"https:\/\/aigeviatges.com\/?post_type=product&#038;p=3543"},"modified":"2026-02-03T23:36:19","modified_gmt":"2026-02-03T22:36:19","slug":"expedicio-a-egipte-amb-abu-simbel-grup-reduit","status":"publish","type":"product","link":"https:\/\/aigeviatges.com\/es\/producto\/expedicion-a-egipto-con-abu-simbel-grupo-reducido\/","title":{"rendered":"EXPEDICI\u00d3N A EGIPTO CON ABU SIMBEL - GRUPO REDUCIDO"},"content":{"rendered":"<p><strong>D\u00eda 1: BARCELONA \u2013 EL CAIRO<\/strong><br \/>\nSalida del vuelo en direcci\u00f3n a El Cairo. Llegada y asistencia de nuestro gu\u00eda de habla hispana, despu\u00e9s de realizar los tr\u00e1mites de inmigraci\u00f3n y visado (habr\u00e1 que pagar 35 \u20ac llevar el importe justo) recogeremos equipajes y traslado al hotel. <strong>Cena fr\u00eda en la habitaci\u00f3n<\/strong>\u00a0y alojamiento.<\/p>\n<p><strong>D\u00eda 2: EL CAIRO \/ Pir\u00e1mides y Esfinge de Giza \u2013 Sakkara<br \/>\n<\/strong>Visita a las <strong>Pir\u00e1mides<\/strong> <strong>de Giza<\/strong> (Kheops, Kefr\u00e9n y Micerinos), una de las siete maravillas del mundo antiguo. Veremos tambi\u00e9n <strong>la Esfinge y el templo del valle<\/strong>, que tiene forma de le\u00f3n con cabeza humana, se trata de la imagen del fara\u00f3n Kefren. <strong><em>Almuerzo<\/em><\/strong>. Seguidamente visitaremos la necr\u00f3polis de <strong>Sakkara<\/strong>, la <strong>pir\u00e1mide escalonada del fara\u00f3n Zoser<\/strong>, la primera de las pir\u00e1mides que se construyeron en Egipto y la primera construcci\u00f3n en piedra erigida del mundo. Visitaremos alguna de las <strong>tumbas de nobles<\/strong>, en un excepcional estado de conservaci\u00f3n.<strong><em> Cena de Bienvenida a Egipto a bordo de un barco navegando por el Nilo con<\/em><\/strong><strong><em> show<\/em><\/strong><strong><em>.<\/em><\/strong> Alojamiento.<\/p>\n<p><strong>D\u00eda 3: EL CAIRO \/ Sala de Momias \u2013 Ciudadela de Salad\u00ed \u2013 Gran Bazar<\/strong><br \/>\nVisita del Museo de la Civilizaci\u00f3n Egipcia con la espectacular <strong>Sala de las Momias Reales<\/strong><strong>.<\/strong> Podremos ver 22 momias reales, como el rey Rams\u00e9s II y la reina Hatshepsut, as\u00ed como sus ata\u00fades. Seguidamente visitaremos la <strong>Ciudadela de Salad\u00ed<\/strong>, una enorme fortaleza medieval que se ha convertido en el monumento no fara\u00f3nico m\u00e1s conocido de El Cairo. En el interior de la fortaleza visitaremos la Mezquita de Mohamed Al\u00ed, conocida como la <strong>Mezquita de Alabastro<\/strong> por el material que la reviste. Su recargada decoraci\u00f3n es espectacular. <strong><em>Almuerzo.<\/em><\/strong> Por la tarde dispondremos de tiempo libre en el famoso <strong>bazar de Khan el Khalili<\/strong>, donde podremos sumergirnos entre la multitud en un ambiente t\u00edpicamente oriental de perfumes, especias y tiendas de artesanos. cabe resaltar el t\u00edpico Caf\u00e9 Fishawi, lugar de encuentro de artistas e intelectuales. <strong><em>Cena y alojamiento en el hotel.<\/em><\/strong><\/p>\n<p><strong>D\u00eda 4: EL CAIRO - LUXOR \/ Luxor y Karnak<\/strong><br \/>\nSalida en avi\u00f3n a Luxor. Llegada y visita del <strong>Templo de Karnak<\/strong>, impresionante conjunto de columnas, templos, obeliscos y estatuas. Traslado al crucero. <strong><em>Embarque y almuerzo.\u00a0 <\/em><\/strong>Por la tarde\/noche visitaremos el <strong>Templo de Luxor<\/strong>, pasearemos por la larga columnata que desemboca en el \u00faltimo patio con p\u00f3rticos. Regreso al barco. <strong><em>Cena y alojamiento.<\/em><\/strong><\/p>\n<p><strong>D\u00eda 5: CRUCERO Valle de los Reyes \/ Valle de los nobles y templo de Medinet Habu<br \/>\n<\/strong>Por la ma\u00f1ana visitaremos de la <strong>Valle de los Reyes<\/strong>, lugar de entierro de los faraones. Seguidamente visitaremos la <strong>valle de los nobles, <\/strong>visitaremos alguna de las maravillosas tumbas de grandes dignatarios, una de las m\u00e1s destacadas la de <strong>Sennefer<\/strong>, conocida como la \u201cTumba de las Vi\u00f1as\u201d, la sala funeraria tiene un techo cortado y pintado con vi\u00f1edos, lo que la hace \u00fanica. Continuaremos con la visita del <strong>templo de Ramses III \u201cMedinet Habu\u201d<\/strong>, famoso por ser uno de los templos mejor conservados del Antiguo Egipto, destacando su dise\u00f1o fortificado. De camino al crucero pasaremos por los <strong>Colosos de Memn\u00f3n<\/strong>. <strong><em>Almuerzo a bordo. Inicio de la navegaci\u00f3n por el Nilo<\/em><\/strong>. <strong><em>Cena y alojamiento.<\/em><\/strong><\/p>\n<p><strong>D\u00eda 6: CRUCERO \/ Templo de Edfu - Kom Ombo<\/strong><br \/>\nPor la ma\u00f1ana visita del templo dedicado al diez Horus en <strong>Edfu<\/strong>, uno de los m\u00e1s bellos de la \u00e9poca Ptolemaica. Sus paredes cuentan con ricas inscripciones que proporcionan importante informaci\u00f3n sobre la \u00e9poca en la que fue construido, aportando detalles no s\u00f3lo sobre el templo, sino sobre la mitolog\u00eda, la religi\u00f3n y el modo de vida en el Antiguo Egipto. Navegaci\u00f3n en Kom ombo. <strong><em>Almuerzo<\/em>.<\/strong> Por la tarde visita del templo de <strong>Kom Ombo<\/strong>, dedicado a dos dioses, Sobek y Haroeris, destaca la colecci\u00f3n de cocodrilos momificados. Navegaci\u00f3n hasta Aswan<strong><em>. <\/em><\/strong><strong><em>Cena y alojamiento.<\/em><\/strong><\/p>\n<p><strong>D\u00eda 7: CRUCERO \/ Templo de Philae \u2013 Paseo en faluca \u2013 Aswan<br \/>\n<\/strong>Por la ma\u00f1ana visitaremos el maravilloso Templo dedicado a la diosa Isis en el <strong>isla de Philae<\/strong>, a la que accederemos en barca. Sin duda uno de los m\u00e1s bellos y mejor conservados templos de Egipto. Seg\u00fan la leyenda, cuando el rey Osiris fue asesinado por su hermano, quien esparci\u00f3 su cuerpo a lo largo de todo el pa\u00eds, su esposa Isis los recogi\u00f3 y se refugi\u00f3 en la Isla de Philae para reconstruirlo. Regreso al barco. <strong><em>Almuerzo.<\/em><\/strong> Seguiremos con un relajante <strong>paseo en faluca<\/strong>\u00a0(t\u00edpica embarcaci\u00f3n egipcia). <strong><em>Cena especial de despedida y fiesta a bordo.<\/em><\/strong><\/p>\n<p>D\u00eda 8: CRUCERO \u2013 ABU SIMBEL \/ Templos de Abu Simbel \u2013 Luz y sonido<br \/>\nSalida por carretera a <strong>Abu Simbel<\/strong>. <strong><em>Almuerzo<\/em><\/strong>. <strong><em>Acomodaci\u00f3n en el hotel. <\/em><\/strong>Resto de la tarde libre<strong><em>. <\/em><\/strong>A ultima hora de la tarde asistiremos a <strong>el espectacular Show de Luz y Son<\/strong>. <strong><em>Cena y alojamiento en el hotel.<\/em><\/strong><\/p>\n<p><strong>D\u00eda 9: ABU SIMBEL \u2013 EL CAIRO \/ Abu Simbel \u2013 Aswan<br \/>\n<\/strong>Por la ma\u00f1ana veremos la <strong>espectacularidad de la salida del sol<\/strong> proyectada en los templos. Visitaremos los templos dedicados a Rams\u00e9s II y su esposa Nefertari, nos fascinar\u00e1 por su ubicaci\u00f3n y por la espectacular obra de salvamento de la que fueron objetos, entre 1964 y 1968, en la que los templos se dividieron en 1.036 bloques de 30 toneladas cada uno, numerados para su zona. m\u00e1s alta y unos 200 m. m\u00e1s alejada, salv\u00e1ndoles as\u00ed de quedarse sumergidos por el agua de la presa de Aswan. Almuerzo y salida por carretera a Aswan. Traslado al aeropuerto y salida en avi\u00f3n a El Cairo. <strong><em>Cena (fr\u00edo en la habitaci\u00f3n) y alojamiento.<\/em><\/strong><\/p>\n<p><strong>D\u00eda 10: EL CAIRO \/ Gran Museo Egipcio (nuevo)<br \/>\n<\/strong>Por la ma\u00f1ana visitaremos el <strong>NUEVO Gran Museo Egipcio.<\/strong> Este colosal proyecto, que combina modernidad y tradici\u00f3n, ha requerido m\u00e1s de 20 a\u00f1os de desarrollo y una inversi\u00f3n superior a 1000 millones de d\u00f3lares. Actualmente es el mayor museo del mundo dedicado a una sola civilizaci\u00f3n, con m\u00e1s de 45.000 piezas \u00fanicas. Entre estas piezas destaca, sobre todo, las salas dedicadas a Tutanjam\u00f3n con m\u00e1s de 5.000 objetos. <strong><em>Almuerzo.<\/em><\/strong> Tiempo libre para seguir con la visita. Traslado al aeropuerto y salida en avi\u00f3n (vuelo directo) a Barcelona.<\/p>\n<p><strong>D\u00eda 11: EL CAIRO - BARCELONA<\/strong><br \/>\nLlegada de madrugada y fin de nuestros servicios.<\/p>","protected":false},"excerpt":{"rendered":"<p><strong>INCLUYE:<\/strong><\/p>\n<ul>\n<li>Avi\u00f3n BCN - CAI - BCN, tasas y maleta<\/li>\n<li>Aviones CAI \u2013 LXR \/\/ ASW \u2013 CAI, tasas y maleta<\/li>\n<li>Autocar y gu\u00eda AIGE + Gu\u00eda local en las visitas<\/li>\n<li>4 noches de Hotel 5***** en Cairo + 1 noche de hotel 5***** en Abu Simbel<\/li>\n<li>4 noches de crucero \u2013 Barco 5***** con programa de animaci\u00f3n<\/li>\n<li>Pensi\u00f3n completa ( cena d\u00eda 1 a almuerzo d\u00eda 10)<\/li>\n<li>Cena de despedida de Egipto en barco por el Nilo con show<\/li>\n<li>Todas las visitas y excursiones indicadas en el itinerario<\/li>\n<li>ESPECT\u00c1CULO DE LUZ Y SONIDO EN LOS TEMPLOS DE ABU SIMBEL<\/li>\n<li>Seguro de viaje<\/li>\n<li>Propinas generales (excepto las del crucero y gu\u00eda local: recomendado 35 \u20ac)<\/li>\n<\/ul>\n<p><strong>NO INCLUYE:<\/strong><\/p>\n<ul>\n<li>Visado de entrada (se paga a la llegada) 35\u20ac.<\/li>\n<li>Bebidas de ning\u00fan tipo en las comidas<\/li>\n<li>Visitas no especificadas en el itinerario<\/li>\n<\/ul>\n<p>&nbsp;<\/p>","protected":false},"featured_media":3322,"template":"","meta":[],"product_cat":[119],"product_tag":[],"class_list":["post-3543","product","type-product","status-publish","has-post-thumbnail","hentry","product_cat-circuitos-todo-incluido-2"],"yoast_head":"<!-- This site is optimized with the Yoast SEO plugin v21.7 - https:\/\/yoast.com\/wordpress\/plugins\/seo\/ -->\n<title>EXPEDICI\u00d3 A EGIPTE AMB ABU SIMBEL - GRUP REDU\u00cfT<\/title>\n<meta name=\"description\" content=\"Viatge a Egipte amb visita a Abu Simbel en grup redu\u00eft. Descobreix temples, hist\u00f2ria i cultura amb una expedici\u00f3 cuidada fins al detall.\" \/>\n<meta name=\"robots\" content=\"index, follow, max-snippet:-1, max-image-preview:large, max-video-preview:-1\" \/>\n<link rel=\"canonical\" href=\"https:\/\/aigeviatges.com\/es\/producto\/expedicion-a-egipto-con-abu-simbel-grupo-reducido\/\" \/>\n<meta property=\"og:locale\" content=\"es_ES\" \/>\n<meta property=\"og:type\" content=\"article\" \/>\n<meta property=\"og:title\" content=\"EXPEDICI\u00d3 A EGIPTE AMB ABU SIMBEL - GRUP REDU\u00cfT\" \/>\n<meta property=\"og:description\" content=\"Viatge a Egipte amb visita a Abu Simbel en grup redu\u00eft. Descobreix temples, hist\u00f2ria i cultura amb una expedici\u00f3 cuidada fins al detall.\" \/>\n<meta property=\"og:url\" content=\"https:\/\/aigeviatges.com\/es\/producto\/expedicion-a-egipto-con-abu-simbel-grupo-reducido\/\" \/>\n<meta property=\"og:site_name\" content=\"AIGE Viatges\" \/>\n<meta property=\"article:publisher\" content=\"https:\/\/www.facebook.com\/viatgesaige\/\" \/>\n<meta property=\"article:modified_time\" content=\"2026-02-03T22:36:19+00:00\" \/>\n<meta property=\"og:image\" content=\"https:\/\/aigeviatges.com\/wp-content\/uploads\/2025\/05\/900x600-1-50-bce437f460095dedf511b325d65620ae.jpg\" \/>\n\t<meta property=\"og:image:width\" content=\"900\" \/>\n\t<meta property=\"og:image:height\" content=\"600\" \/>\n\t<meta property=\"og:image:type\" content=\"image\/jpeg\" \/>\n<meta name=\"twitter:card\" content=\"summary_large_image\" \/>\n<meta name=\"twitter:label1\" content=\"Tiempo de lectura\" \/>\n\t<meta name=\"twitter:data1\" content=\"5 minutos\" \/>\n<script type=\"application\/ld+json\" class=\"yoast-schema-graph\">{\"@context\":\"https:\/\/schema.org\",\"@graph\":[{\"@type\":\"WebPage\",\"@id\":\"https:\/\/aigeviatges.com\/producto\/expedicio-a-egipte-amb-abu-simbel-grup-reduit\/\",\"url\":\"https:\/\/aigeviatges.com\/producto\/expedicio-a-egipte-amb-abu-simbel-grup-reduit\/\",\"name\":\"EXPEDICI\u00d3 A EGIPTE AMB ABU SIMBEL - GRUP REDU\u00cfT\",\"isPartOf\":{\"@id\":\"https:\/\/aigeviatges.com\/#website\"},\"datePublished\":\"2026-01-22T13:18:08+00:00\",\"dateModified\":\"2026-02-03T22:36:19+00:00\",\"description\":\"Viatge a Egipte amb visita a Abu Simbel en grup redu\u00eft. Descobreix temples, hist\u00f2ria i cultura amb una expedici\u00f3 cuidada fins al detall.\",\"breadcrumb\":{\"@id\":\"https:\/\/aigeviatges.com\/producto\/expedicio-a-egipte-amb-abu-simbel-grup-reduit\/#breadcrumb\"},\"inLanguage\":\"es\",\"potentialAction\":[{\"@type\":\"ReadAction\",\"target\":[\"https:\/\/aigeviatges.com\/producto\/expedicio-a-egipte-amb-abu-simbel-grup-reduit\/\"]}]},{\"@type\":\"BreadcrumbList\",\"@id\":\"https:\/\/aigeviatges.com\/producto\/expedicio-a-egipte-amb-abu-simbel-grup-reduit\/#breadcrumb\",\"itemListElement\":[{\"@type\":\"ListItem\",\"position\":1,\"name\":\"Portada\",\"item\":\"https:\/\/aigeviatges.com\/\"},{\"@type\":\"ListItem\",\"position\":2,\"name\":\"Tienda\",\"item\":\"https:\/\/aigeviatges.com\/tienda-2\/\"},{\"@type\":\"ListItem\",\"position\":3,\"name\":\"EXPEDICI\u00d3 A EGIPTE AMB ABU SIMBEL &#8211; GRUP REDU\u00cfT\"}]},{\"@type\":\"WebSite\",\"@id\":\"https:\/\/aigeviatges.com\/#website\",\"url\":\"https:\/\/aigeviatges.com\/\",\"name\":\"AIGE Viatges\",\"description\":\"Agencia de viajes especializada en producto propio para grupos.\",\"publisher\":{\"@id\":\"https:\/\/aigeviatges.com\/#organization\"},\"potentialAction\":[{\"@type\":\"SearchAction\",\"target\":{\"@type\":\"EntryPoint\",\"urlTemplate\":\"https:\/\/aigeviatges.com\/?s={search_term_string}\"},\"query-input\":\"required name=search_term_string\"}],\"inLanguage\":\"es\"},{\"@type\":\"Organization\",\"@id\":\"https:\/\/aigeviatges.com\/#organization\",\"name\":\"AIGE Viatges\",\"url\":\"https:\/\/aigeviatges.com\/\",\"logo\":{\"@type\":\"ImageObject\",\"inLanguage\":\"es\",\"@id\":\"https:\/\/aigeviatges.com\/#\/schema\/logo\/image\/\",\"url\":\"https:\/\/aigeviatges.com\/wp-content\/uploads\/2020\/03\/aig-viatges-logo-web.png\",\"contentUrl\":\"https:\/\/aigeviatges.com\/wp-content\/uploads\/2020\/03\/aig-viatges-logo-web.png\",\"width\":600,\"height\":166,\"caption\":\"AIGE Viatges\"},\"image\":{\"@id\":\"https:\/\/aigeviatges.com\/#\/schema\/logo\/image\/\"},\"sameAs\":[\"https:\/\/www.facebook.com\/viatgesaige\/\"]}]}<\/script>\n<!-- \/ Yoast SEO plugin. -->","yoast_head_json":{"title":"EXPEDICI\u00d3 A EGIPTE AMB ABU SIMBEL - GRUP REDU\u00cfT","description":"Viatge a Egipte amb visita a Abu Simbel en grup redu\u00eft. Descobreix temples, hist\u00f2ria i cultura amb una expedici\u00f3 cuidada fins al detall.","robots":{"index":"index","follow":"follow","max-snippet":"max-snippet:-1","max-image-preview":"max-image-preview:large","max-video-preview":"max-video-preview:-1"},"canonical":"https:\/\/aigeviatges.com\/es\/producto\/expedicion-a-egipto-con-abu-simbel-grupo-reducido\/","og_locale":"es_ES","og_type":"article","og_title":"EXPEDICI\u00d3 A EGIPTE AMB ABU SIMBEL - GRUP REDU\u00cfT","og_description":"Viatge a Egipte amb visita a Abu Simbel en grup redu\u00eft. Descobreix temples, hist\u00f2ria i cultura amb una expedici\u00f3 cuidada fins al detall.","og_url":"https:\/\/aigeviatges.com\/es\/producto\/expedicion-a-egipto-con-abu-simbel-grupo-reducido\/","og_site_name":"AIGE Viatges","article_publisher":"https:\/\/www.facebook.com\/viatgesaige\/","article_modified_time":"2026-02-03T22:36:19+00:00","og_image":[{"width":900,"height":600,"url":"https:\/\/aigeviatges.com\/wp-content\/uploads\/2025\/05\/900x600-1-50-bce437f460095dedf511b325d65620ae.jpg","type":"image\/jpeg"}],"twitter_card":"summary_large_image","twitter_misc":{"Tiempo de lectura":"5 minutos"},"schema":{"@context":"https:\/\/schema.org","@graph":[{"@type":"WebPage","@id":"https:\/\/aigeviatges.com\/producto\/expedicio-a-egipte-amb-abu-simbel-grup-reduit\/","url":"https:\/\/aigeviatges.com\/producto\/expedicio-a-egipte-amb-abu-simbel-grup-reduit\/","name":"EXPEDICI\u00d3 A EGIPTE AMB ABU SIMBEL - GRUP REDU\u00cfT","isPartOf":{"@id":"https:\/\/aigeviatges.com\/#website"},"datePublished":"2026-01-22T13:18:08+00:00","dateModified":"2026-02-03T22:36:19+00:00","description":"Viatge a Egipte amb visita a Abu Simbel en grup redu\u00eft. Descobreix temples, hist\u00f2ria i cultura amb una expedici\u00f3 cuidada fins al detall.","breadcrumb":{"@id":"https:\/\/aigeviatges.com\/producto\/expedicio-a-egipte-amb-abu-simbel-grup-reduit\/#breadcrumb"},"inLanguage":"es","potentialAction":[{"@type":"ReadAction","target":["https:\/\/aigeviatges.com\/producto\/expedicio-a-egipte-amb-abu-simbel-grup-reduit\/"]}]},{"@type":"BreadcrumbList","@id":"https:\/\/aigeviatges.com\/producto\/expedicio-a-egipte-amb-abu-simbel-grup-reduit\/#breadcrumb","itemListElement":[{"@type":"ListItem","position":1,"name":"Portada","item":"https:\/\/aigeviatges.com\/"},{"@type":"ListItem","position":2,"name":"Tienda","item":"https:\/\/aigeviatges.com\/tienda-2\/"},{"@type":"ListItem","position":3,"name":"EXPEDICI\u00d3 A EGIPTE AMB ABU SIMBEL &#8211; GRUP REDU\u00cfT"}]},{"@type":"WebSite","@id":"https:\/\/aigeviatges.com\/#website","url":"https:\/\/aigeviatges.com\/","name":"AIGE Viatges","description":"Agencia de viajes especializada en producto propio para grupos.","publisher":{"@id":"https:\/\/aigeviatges.com\/#organization"},"potentialAction":[{"@type":"SearchAction","target":{"@type":"EntryPoint","urlTemplate":"https:\/\/aigeviatges.com\/?s={search_term_string}"},"query-input":"required name=search_term_string"}],"inLanguage":"es"},{"@type":"Organization","@id":"https:\/\/aigeviatges.com\/#organization","name":"AIGE Viatges","url":"https:\/\/aigeviatges.com\/","logo":{"@type":"ImageObject","inLanguage":"es","@id":"https:\/\/aigeviatges.com\/#\/schema\/logo\/image\/","url":"https:\/\/aigeviatges.com\/wp-content\/uploads\/2020\/03\/aig-viatges-logo-web.png","contentUrl":"https:\/\/aigeviatges.com\/wp-content\/uploads\/2020\/03\/aig-viatges-logo-web.png","width":600,"height":166,"caption":"AIGE Viatges"},"image":{"@id":"https:\/\/aigeviatges.com\/#\/schema\/logo\/image\/"},"sameAs":["https:\/\/www.facebook.com\/viatgesaige\/"]}]}},"jetpack_sharing_enabled":true,"jetpack_likes_enabled":false,"_links":{"self":[{"href":"https:\/\/aigeviatges.com\/es\/wp-json\/wp\/v2\/product\/3543","targetHints":{"allow":["GET"]}}],"collection":[{"href":"https:\/\/aigeviatges.com\/es\/wp-json\/wp\/v2\/product"}],"about":[{"href":"https:\/\/aigeviatges.com\/es\/wp-json\/wp\/v2\/types\/product"}],"wp:featuredmedia":[{"embeddable":true,"href":"https:\/\/aigeviatges.com\/es\/wp-json\/wp\/v2\/media\/3322"}],"wp:attachment":[{"href":"https:\/\/aigeviatges.com\/es\/wp-json\/wp\/v2\/media?parent=3543"}],"wp:term":[{"taxonomy":"product_cat","embeddable":true,"href":"https:\/\/aigeviatges.com\/es\/wp-json\/wp\/v2\/product_cat?post=3543"},{"taxonomy":"product_tag","embeddable":true,"href":"https:\/\/aigeviatges.com\/es\/wp-json\/wp\/v2\/product_tag?post=3543"}],"curies":[{"name":"wp","href":"https:\/\/api.w.org\/{rel}","templated":true}]}}