{"id":3532,"date":"2025-12-23T14:38:20","date_gmt":"2025-12-23T13:38:20","guid":{"rendered":"https:\/\/aigeviatges.com\/?post_type=product&#038;p=3532"},"modified":"2026-01-21T15:23:32","modified_gmt":"2026-01-21T14:23:32","slug":"ruta-dels-pueblos-blancos","status":"publish","type":"product","link":"https:\/\/aigeviatges.com\/es\/producto\/ruta-de-los-pueblos-blancos\/","title":{"rendered":"RUTA DE LOS &#039;PUEBLOS BLANCOS&#039;"},"content":{"rendered":"<p><strong>D\u00eda 1: BARCELONA - JEREZ DE LA FRONTERA - PRUEBA DE CADIZ\u00a0<\/strong><br \/>\nTraslado al aeropuerto. Salida en avi\u00f3n a Jerez de la Frontera. Llegada y almuerzo. Por la tarde visita de Jerez. Paseo por los lugares m\u00e1s encantadores del Centro hist\u00f3rico, como la magn\u00edfica Iglesia de San Miguel, la Catedral de El Salvador, la Plaza de la Iglesia del Patr\u00f3n, veremos la Torre de la Atalaya, descubriremos plazas rodeadas de casas palacios, la Alameda Vieja, la Plaza del Arenal etc. A continuaci\u00f3n, traslado al hotel. Acomodaci\u00f3n, cena y alojamiento.<\/p>\n<p><strong>D\u00eda 2: ARCOS DE LA FRONTERA - SAN LUCAR DE BARRAMEDA<br \/>\n<\/strong>Salida a Arcos de la Frontera, pueblo blanco de historia turbulenta, pas\u00f3 de ser un reino taifa gobernado por bereberes en el s. XI a un baluarte cristiano. Pasearemos por el casco antiguo de la plaza del Cabildo y sus estrechas callejuelas. Almuerzo. Por la tarde visita de Sanl\u00facar de Barrameda, hermosa ciudad, junto a la desembocadura del r\u00edo Guadalquivir y cuna de la Manzanilla. Visitaremos una de las famosas bodegas de la ciudad con degustaci\u00f3n incluida. Regreso al hotel. Cena y alojamiento.<\/p>\n<p><strong>D\u00eda 3: CADIZ \u2013 BARCO EN EL PUERTO DE SANTA MARIA\u00a0\u00a0\u00a0<\/strong><br \/>\nPor la ma\u00f1ana, visitaremos la famosa Tacita de Plata. Cadiz. Haremos una panor\u00e1mica de la ciudad para finalizar en la plaza del ayuntamiento, donde peatonalmente conoceremos el casco antiguo y su catedral. Tiempo libre. Almuerzo. Por la tarde, traslado en el Vaporcito del Puerto y visita del Puerto de Santa Mar\u00eda, la ciudad de los cien palacios. Destaca la Iglesia Mayor, Plaza de Toros, Casa Leones, Fuente de las Galeras Reales, etc. Cena y alojamiento.<\/p>\n<p><strong>D\u00eda 4: RUTA DE LOS PUEBLOS BLANCOS: GRAZALEMA \u2013 UBRIQUE<\/strong><br \/>\nSalida a Grazalema, nombrada como \u201dLa joya blanca serrana\u201d. Pueblo t\u00edpicamente serrano que ha sabido, como ninguna, armonizar el turismo y el respeto al medio ambiente. Visitaremos una ruta llamada del agua donde disfrutaremos de todas las maravillas y monumentos de este pueblecito serrano. Almuerzo. Continuaci\u00f3n de la ruta de los Pueblos Blancos, visitando Ubrique, pueblo que destaca por el comercio de la piel (las mejores marcas del mundo fabrican aqu\u00ed sus productos). Visitaremos el centro hist\u00f3rico que fue declarado Bien de Inter\u00e9s Cultural porque mantiene gran parte de la esencia de d\u00e9cadas anteriores. Regreso al hotel. Cena y alojamiento.<\/p>\n<p><strong>D\u00eda 5: JEREZ DE LA FRONTERA - YEGUADA LA CARTUJA - BARCELONA\u00a0<\/strong><br \/>\nSalida a la finca Yeguada Cartuja, la reserva de caballos de pura raza espa\u00f1ola \/ cartujana m\u00e1s importante del mundo. Haremos una visita guiada por las instalaciones con explicaciones detalladas sobre la historia y crianza de los caballos cartujos. Seguidamente asistiremos al espect\u00e1culo ecuestre y les podremos ver c\u00f3mo trabajan, corren e interact\u00faan. Almuerzo. Por la tarde tendremos tiempo libre en Jerez hasta el traslado al aeropuerto. Salida en avi\u00f3n a Barcelona.<\/p>","protected":false},"excerpt":{"rendered":"<p><strong>INCLUYE:<\/strong><\/p>\n<p>-Avi\u00f3n BCN - JEREZ - BCN + tax + maleta 20kg facturada<\/p>\n<p>-Autocar y gu\u00eda acompa\u00f1ante + gu\u00edas locales en C\u00e1diz y Jerez<\/p>\n<p>-Hotel 4**** + Pensi\u00f3n completa con agua y vino<\/p>\n<p>-Entradas: Bodega de Manzanilla, Yeguada la Cartuja, trenecito de Arcos<\/p>\n<p>-Barco de Cadiz en Puerto de Santa Mar\u00eda, el Vaporcito del Puerto<\/p>\n<p>-Seguro de viaje<\/p>","protected":false},"featured_media":3534,"template":"","meta":[],"product_cat":[18],"product_tag":[],"class_list":["post-3532","product","type-product","status-publish","has-post-thumbnail","hentry","product_cat-circuitos-todo-incluido"],"yoast_head":"<!-- This site is optimized with the Yoast SEO plugin v21.7 - https:\/\/yoast.com\/wordpress\/plugins\/seo\/ -->\n<title>RUTA DELS &#039;PUEBLOS BLANCOS&#039; - AIGE Viatges<\/title>\n<meta name=\"description\" content=\"Agencia de viajes online | Descubre nuestros viajes inolvidables a RUTA DELS &#039;PUEBLOS BLANCOS&#039;\" \/>\n<meta name=\"robots\" content=\"index, follow, max-snippet:-1, max-image-preview:large, max-video-preview:-1\" \/>\n<link rel=\"canonical\" href=\"https:\/\/aigeviatges.com\/es\/producto\/ruta-de-los-pueblos-blancos\/\" \/>\n<meta property=\"og:locale\" content=\"es_ES\" \/>\n<meta property=\"og:type\" content=\"article\" \/>\n<meta property=\"og:title\" content=\"RUTA DELS &#039;PUEBLOS BLANCOS&#039; - AIGE Viatges\" \/>\n<meta property=\"og:description\" content=\"Agencia de viajes online | Descubre nuestros viajes inolvidables a RUTA DELS &#039;PUEBLOS BLANCOS&#039;\" \/>\n<meta property=\"og:url\" content=\"https:\/\/aigeviatges.com\/es\/producto\/ruta-de-los-pueblos-blancos\/\" \/>\n<meta property=\"og:site_name\" content=\"AIGE Viatges\" \/>\n<meta property=\"article:publisher\" content=\"https:\/\/www.facebook.com\/viatgesaige\/\" \/>\n<meta property=\"article:modified_time\" content=\"2026-01-21T14:23:32+00:00\" \/>\n<meta property=\"og:image\" content=\"https:\/\/aigeviatges.com\/wp-content\/uploads\/2025\/12\/Captura-de-pantalla-2025-12-23-145410-1024x573.png\" \/>\n\t<meta property=\"og:image:width\" content=\"1024\" \/>\n\t<meta property=\"og:image:height\" content=\"573\" \/>\n\t<meta property=\"og:image:type\" content=\"image\/png\" \/>\n<meta name=\"twitter:card\" content=\"summary_large_image\" \/>\n<meta name=\"twitter:label1\" content=\"Tiempo de lectura\" \/>\n\t<meta name=\"twitter:data1\" content=\"3 minutos\" \/>\n<script type=\"application\/ld+json\" class=\"yoast-schema-graph\">{\"@context\":\"https:\/\/schema.org\",\"@graph\":[{\"@type\":\"WebPage\",\"@id\":\"https:\/\/aigeviatges.com\/producto\/ruta-dels-pueblos-blancos\/\",\"url\":\"https:\/\/aigeviatges.com\/producto\/ruta-dels-pueblos-blancos\/\",\"name\":\"RUTA DELS 'PUEBLOS BLANCOS' - AIGE Viatges\",\"isPartOf\":{\"@id\":\"https:\/\/aigeviatges.com\/#website\"},\"datePublished\":\"2025-12-23T13:38:20+00:00\",\"dateModified\":\"2026-01-21T14:23:32+00:00\",\"description\":\"Agencia de viajes online | Descubre nuestros viajes inolvidables a RUTA DELS 'PUEBLOS BLANCOS'\",\"breadcrumb\":{\"@id\":\"https:\/\/aigeviatges.com\/producto\/ruta-dels-pueblos-blancos\/#breadcrumb\"},\"inLanguage\":\"es\",\"potentialAction\":[{\"@type\":\"ReadAction\",\"target\":[\"https:\/\/aigeviatges.com\/producto\/ruta-dels-pueblos-blancos\/\"]}]},{\"@type\":\"BreadcrumbList\",\"@id\":\"https:\/\/aigeviatges.com\/producto\/ruta-dels-pueblos-blancos\/#breadcrumb\",\"itemListElement\":[{\"@type\":\"ListItem\",\"position\":1,\"name\":\"Portada\",\"item\":\"https:\/\/aigeviatges.com\/\"},{\"@type\":\"ListItem\",\"position\":2,\"name\":\"Tienda\",\"item\":\"https:\/\/aigeviatges.com\/tienda-2\/\"},{\"@type\":\"ListItem\",\"position\":3,\"name\":\"RUTA DELS &#8216;PUEBLOS BLANCOS&#8217;\"}]},{\"@type\":\"WebSite\",\"@id\":\"https:\/\/aigeviatges.com\/#website\",\"url\":\"https:\/\/aigeviatges.com\/\",\"name\":\"AIGE Viatges\",\"description\":\"Agencia de viajes especializada en producto propio para grupos.\",\"publisher\":{\"@id\":\"https:\/\/aigeviatges.com\/#organization\"},\"potentialAction\":[{\"@type\":\"SearchAction\",\"target\":{\"@type\":\"EntryPoint\",\"urlTemplate\":\"https:\/\/aigeviatges.com\/?s={search_term_string}\"},\"query-input\":\"required name=search_term_string\"}],\"inLanguage\":\"es\"},{\"@type\":\"Organization\",\"@id\":\"https:\/\/aigeviatges.com\/#organization\",\"name\":\"AIGE Viatges\",\"url\":\"https:\/\/aigeviatges.com\/\",\"logo\":{\"@type\":\"ImageObject\",\"inLanguage\":\"es\",\"@id\":\"https:\/\/aigeviatges.com\/#\/schema\/logo\/image\/\",\"url\":\"https:\/\/aigeviatges.com\/wp-content\/uploads\/2020\/03\/aig-viatges-logo-web.png\",\"contentUrl\":\"https:\/\/aigeviatges.com\/wp-content\/uploads\/2020\/03\/aig-viatges-logo-web.png\",\"width\":600,\"height\":166,\"caption\":\"AIGE Viatges\"},\"image\":{\"@id\":\"https:\/\/aigeviatges.com\/#\/schema\/logo\/image\/\"},\"sameAs\":[\"https:\/\/www.facebook.com\/viatgesaige\/\"]}]}<\/script>\n<!-- \/ Yoast SEO plugin. -->","yoast_head_json":{"title":"RUTA DELS 'PUEBLOS BLANCOS' - AIGE Viatges","description":"Agencia de viajes online | Descubre nuestros viajes inolvidables a RUTA DELS 'PUEBLOS BLANCOS'","robots":{"index":"index","follow":"follow","max-snippet":"max-snippet:-1","max-image-preview":"max-image-preview:large","max-video-preview":"max-video-preview:-1"},"canonical":"https:\/\/aigeviatges.com\/es\/producto\/ruta-de-los-pueblos-blancos\/","og_locale":"es_ES","og_type":"article","og_title":"RUTA DELS 'PUEBLOS BLANCOS' - AIGE Viatges","og_description":"Agencia de viajes online | Descubre nuestros viajes inolvidables a RUTA DELS 'PUEBLOS BLANCOS'","og_url":"https:\/\/aigeviatges.com\/es\/producto\/ruta-de-los-pueblos-blancos\/","og_site_name":"AIGE Viatges","article_publisher":"https:\/\/www.facebook.com\/viatgesaige\/","article_modified_time":"2026-01-21T14:23:32+00:00","og_image":[{"width":1024,"height":573,"url":"https:\/\/aigeviatges.com\/wp-content\/uploads\/2025\/12\/Captura-de-pantalla-2025-12-23-145410-1024x573.png","type":"image\/png"}],"twitter_card":"summary_large_image","twitter_misc":{"Tiempo de lectura":"3 minutos"},"schema":{"@context":"https:\/\/schema.org","@graph":[{"@type":"WebPage","@id":"https:\/\/aigeviatges.com\/producto\/ruta-dels-pueblos-blancos\/","url":"https:\/\/aigeviatges.com\/producto\/ruta-dels-pueblos-blancos\/","name":"RUTA DELS 'PUEBLOS BLANCOS' - AIGE Viatges","isPartOf":{"@id":"https:\/\/aigeviatges.com\/#website"},"datePublished":"2025-12-23T13:38:20+00:00","dateModified":"2026-01-21T14:23:32+00:00","description":"Agencia de viajes online | Descubre nuestros viajes inolvidables a RUTA DELS 'PUEBLOS BLANCOS'","breadcrumb":{"@id":"https:\/\/aigeviatges.com\/producto\/ruta-dels-pueblos-blancos\/#breadcrumb"},"inLanguage":"es","potentialAction":[{"@type":"ReadAction","target":["https:\/\/aigeviatges.com\/producto\/ruta-dels-pueblos-blancos\/"]}]},{"@type":"BreadcrumbList","@id":"https:\/\/aigeviatges.com\/producto\/ruta-dels-pueblos-blancos\/#breadcrumb","itemListElement":[{"@type":"ListItem","position":1,"name":"Portada","item":"https:\/\/aigeviatges.com\/"},{"@type":"ListItem","position":2,"name":"Tienda","item":"https:\/\/aigeviatges.com\/tienda-2\/"},{"@type":"ListItem","position":3,"name":"RUTA DELS &#8216;PUEBLOS BLANCOS&#8217;"}]},{"@type":"WebSite","@id":"https:\/\/aigeviatges.com\/#website","url":"https:\/\/aigeviatges.com\/","name":"AIGE Viatges","description":"Agencia de viajes especializada en producto propio para grupos.","publisher":{"@id":"https:\/\/aigeviatges.com\/#organization"},"potentialAction":[{"@type":"SearchAction","target":{"@type":"EntryPoint","urlTemplate":"https:\/\/aigeviatges.com\/?s={search_term_string}"},"query-input":"required name=search_term_string"}],"inLanguage":"es"},{"@type":"Organization","@id":"https:\/\/aigeviatges.com\/#organization","name":"AIGE Viatges","url":"https:\/\/aigeviatges.com\/","logo":{"@type":"ImageObject","inLanguage":"es","@id":"https:\/\/aigeviatges.com\/#\/schema\/logo\/image\/","url":"https:\/\/aigeviatges.com\/wp-content\/uploads\/2020\/03\/aig-viatges-logo-web.png","contentUrl":"https:\/\/aigeviatges.com\/wp-content\/uploads\/2020\/03\/aig-viatges-logo-web.png","width":600,"height":166,"caption":"AIGE Viatges"},"image":{"@id":"https:\/\/aigeviatges.com\/#\/schema\/logo\/image\/"},"sameAs":["https:\/\/www.facebook.com\/viatgesaige\/"]}]}},"jetpack_sharing_enabled":true,"jetpack_likes_enabled":false,"_links":{"self":[{"href":"https:\/\/aigeviatges.com\/es\/wp-json\/wp\/v2\/product\/3532","targetHints":{"allow":["GET"]}}],"collection":[{"href":"https:\/\/aigeviatges.com\/es\/wp-json\/wp\/v2\/product"}],"about":[{"href":"https:\/\/aigeviatges.com\/es\/wp-json\/wp\/v2\/types\/product"}],"wp:featuredmedia":[{"embeddable":true,"href":"https:\/\/aigeviatges.com\/es\/wp-json\/wp\/v2\/media\/3534"}],"wp:attachment":[{"href":"https:\/\/aigeviatges.com\/es\/wp-json\/wp\/v2\/media?parent=3532"}],"wp:term":[{"taxonomy":"product_cat","embeddable":true,"href":"https:\/\/aigeviatges.com\/es\/wp-json\/wp\/v2\/product_cat?post=3532"},{"taxonomy":"product_tag","embeddable":true,"href":"https:\/\/aigeviatges.com\/es\/wp-json\/wp\/v2\/product_tag?post=3532"}],"curies":[{"name":"wp","href":"https:\/\/api.w.org\/{rel}","templated":true}]}}