{"id":3528,"date":"2025-12-23T11:54:05","date_gmt":"2025-12-23T10:54:05","guid":{"rendered":"https:\/\/aigeviatges.com\/?post_type=product&#038;p=3528"},"modified":"2026-01-21T15:23:43","modified_gmt":"2026-01-21T14:23:43","slug":"la-costa-amalfitana-pompeia-i-capri-grup-reduit","status":"publish","type":"product","link":"https:\/\/aigeviatges.com\/es\/producto\/la-costa-amalfitana-pompeya-y-capri-grupo-reducido\/","title":{"rendered":"LA COSTA AMALFITANA \u2013 POMPEIA Y CAPRI \u2013 GRUPO REDUCIDO"},"content":{"rendered":"<p><strong>D\u00eda 1: BARCELONA \u2013 N\u00c1POLES \u2013 HOTEL (ALREDEDORES DE SORRENTO)<\/strong><br \/>\nSalida a primera hora de la ma\u00f1ana en N\u00e1poles. Llegada y almuerzo. Por la tarde visita panor\u00e1mica, destaca el Duomo dedicado a San Genaro, patr\u00f3n de la ciudad, las piazzas: Bellini y del Plebiscito, el Castel Nuovo, construido en el siglo XIII, el Palazzo Reale y el Teatro San Carlo, de estilo neocl\u00e1sico. Traslado al hotel. Acomodaci\u00f3n y cena.<\/p>\n<p><strong>D\u00eda 2: SALERNO \u2013 VIETRI SUL MADRE<\/strong><br \/>\nPor la tarde visitaremos Salerno, antigua capital Lombarda. Visitaremos la catedral y su espectacular cripta que contiene los restos del ap\u00f3stol San Mateo, una maravilla arquitect\u00f3nica. Almuerzo. Seguidamente visitaremos Vietri sul Mare, una joya escondida en la costa amalfitana. Este pintoresco pueblo no s\u00f3lo es famoso por su hermosa vista al mar, sino tambi\u00e9n por su rica historia y su destacada cer\u00e1mica. En cada rinc\u00f3n de la ciudad puede admirar estas verdaderas obras de arte que han contribuido a hacer de Vietri sul Mare famoso en todo el mundo. Regreso al hotel. Cena y alojamiento<\/p>\n<p><strong>D\u00eda 3: POMPEIA - RAVELLO <\/strong><br \/>\n<strong><em>Nota: debido a la sinuosa carretera, este recorrido se har\u00e1 en minibuses<br \/>\n<\/em><\/strong>Visita de la ciudad romana de Pompeya, una de las Siete Maravillas del Mundo. Fue sepultada bajo las cenizas despu\u00e9s de una violenta erupci\u00f3n del volc\u00e1n Vesubio en el a\u00f1o 79 d. de C.. se ha mantenido tal y como estaba la tr\u00e1gica ma\u00f1ana en la que qued\u00f3 sepultada. Caminar por sus calles, entrar en las casas, admirar sus frescos y los vestigios de los seres que all\u00ed habitaban es conmovedor. Por la tarde visitaremos Ravello y Villa Rufolo, una antigua Villa se\u00f1orial de una potente familia de Ravello, la familia de banqueros y comerciantes: Rufolo. Desde sus maravillosos jardines se aprecia toda la Costa Amalfitana. Regreso al hotel. Cena y alojamiento<\/p>\n<p><strong>\u00a0D\u00eda 4: ISLA DE CAPRIO<\/strong><br \/>\nTraslado al puerto de Sorrento y salida en ferry a la isla de Capri. Llegada a Marina Gran y subida en funicular al centro de Capri. Desde la Piazzeta nos introduciremos en el pueblo dejando atr\u00e1s el mar. La zona est\u00e1 repleta de tiendas de lujo, bares, calles empedradas, casitas blancas. Almuerzo. Tambi\u00e9n podremos visitar el Jard\u00edn Augusto (entrada no incluida). Un jard\u00edn bot\u00e1nico que cuenta con unas de las mejores vistas de toda la isla. A media tarde regreso en ferry a Sorrento. Regreso al hotel. Cena y alojamiento<\/p>\n<p><strong>D\u00eda 5: LA COSTA AMALFITANA<em><br \/>\nNota: debido a la sinuosa carretera, este recorrido se har\u00e1 en minibuses<br \/>\n<\/em><\/strong>Salida a la Costa Almalfitana. Haremos un bello recorrido por la costa, considerada por muchos como la m\u00e1s bonita de Italia y declarada patrimonio de la Humanidad por la UNESCO. Veremos t\u00edpicos pueblos como Positano, donde las casas parecen descender por la monta\u00f1a, goteando hasta llegar al mar; Amalfi, destaca la Catedral de San Andr\u00e9s, con su cripta y el Claustro del Para\u00edso. Regreso al hotel. Cena y alojamiento<\/p>\n<p><strong>D\u00eda 6: SORRENTO - APTO DE NAPOLES - BARCELONA<\/strong><br \/>\nSalida a la pintoresca Sorrento, la &quot;perla del golfo de N\u00e1poles&quot;. Los or\u00edgenes de Sorrento se remontan a la antig\u00fcedad, con influencias griegas y romanas todav\u00eda visibles en su arquitectura. A lo largo de la historia, ha sido un centro para poetas, artistas y escritores inspirados en sus serenos paisajes. El encantador barrio antiguo de la ciudad es un laberinto de calles estrechas llenas de edificios hist\u00f3ricos, pintorescas tiendas y bulliciosos caf\u00e9s. Almuerzo. Traslado al aeropuerto de N\u00e1poles y salida en avi\u00f3n a Barcelona. Llegada y fin de los servicios.<\/p>","protected":false},"excerpt":{"rendered":"<p><strong>INCLUYE:<\/strong><strong>\u00a0\u00a0\u00a0\u00a0\u00a0\u00a0\u00a0\u00a0\u00a0 <\/strong><\/p>\n<p><strong>-Avi\u00f3n + Maleta (20 kg) y tasas de aeropuerto<\/strong><\/p>\n<p><strong>-Autocar y Gu\u00eda AIGE + <\/strong><strong>gu\u00eda local en N\u00e1poles<\/strong><\/p>\n<p><strong>-Hotel 4****+ pensi\u00f3n completa con agua<\/strong><\/p>\n<p><strong>-Barco y funicular en Capri<\/strong><\/p>\n<p><strong>-Entrada en Villa Rufolo (o Villa Cimbrone)<\/strong><\/p>\n<p><strong>-Entradas a Pompeya y catedral de Salerno<\/strong><\/p>\n<p><strong>-Seguro viaje<\/strong><\/p>","protected":false},"featured_media":3530,"template":"","meta":[],"product_cat":[119],"product_tag":[],"class_list":["post-3528","product","type-product","status-publish","has-post-thumbnail","hentry","product_cat-circuitos-todo-incluido-2"],"yoast_head":"<!-- This site is optimized with the Yoast SEO plugin v21.7 - https:\/\/yoast.com\/wordpress\/plugins\/seo\/ -->\n<title>Viatge a LA COSTA AMALFITANA - POMPEIA I CAPRI<\/title>\n<meta name=\"description\" content=\"Ag\u00e8ncia de viatges en l\u00ednia | Descobreix els nostres viatges inoblidables aLA COSTA AMALFITANA - POMPEIA I CAPRI - GRUP REDU\u00cfT\" \/>\n<meta name=\"robots\" content=\"index, follow, max-snippet:-1, max-image-preview:large, max-video-preview:-1\" \/>\n<link rel=\"canonical\" href=\"https:\/\/aigeviatges.com\/es\/producto\/la-costa-amalfitana-pompeya-y-capri-grupo-reducido\/\" \/>\n<meta property=\"og:locale\" content=\"es_ES\" \/>\n<meta property=\"og:type\" content=\"article\" \/>\n<meta property=\"og:title\" content=\"Viatge a LA COSTA AMALFITANA - POMPEIA I CAPRI\" \/>\n<meta property=\"og:description\" content=\"Ag\u00e8ncia de viatges en l\u00ednia | Descobreix els nostres viatges inoblidables aLA COSTA AMALFITANA - POMPEIA I CAPRI - GRUP REDU\u00cfT\" \/>\n<meta property=\"og:url\" content=\"https:\/\/aigeviatges.com\/es\/producto\/la-costa-amalfitana-pompeya-y-capri-grupo-reducido\/\" \/>\n<meta property=\"og:site_name\" content=\"AIGE Viatges\" \/>\n<meta property=\"article:publisher\" content=\"https:\/\/www.facebook.com\/viatgesaige\/\" \/>\n<meta property=\"article:modified_time\" content=\"2026-01-21T14:23:43+00:00\" \/>\n<meta property=\"og:image\" content=\"https:\/\/aigeviatges.com\/wp-content\/uploads\/2025\/12\/Captura-de-pantalla-2025-12-23-115618.png\" \/>\n\t<meta property=\"og:image:width\" content=\"991\" \/>\n\t<meta property=\"og:image:height\" content=\"633\" \/>\n\t<meta property=\"og:image:type\" content=\"image\/png\" \/>\n<meta name=\"twitter:card\" content=\"summary_large_image\" \/>\n<meta name=\"twitter:label1\" content=\"Tiempo de lectura\" \/>\n\t<meta name=\"twitter:data1\" content=\"3 minutos\" \/>\n<script type=\"application\/ld+json\" class=\"yoast-schema-graph\">{\"@context\":\"https:\/\/schema.org\",\"@graph\":[{\"@type\":\"WebPage\",\"@id\":\"https:\/\/aigeviatges.com\/producto\/la-costa-amalfitana-pompeia-i-capri-grup-reduit\/\",\"url\":\"https:\/\/aigeviatges.com\/producto\/la-costa-amalfitana-pompeia-i-capri-grup-reduit\/\",\"name\":\"Viatge a LA COSTA AMALFITANA - POMPEIA I CAPRI\",\"isPartOf\":{\"@id\":\"https:\/\/aigeviatges.com\/#website\"},\"datePublished\":\"2025-12-23T10:54:05+00:00\",\"dateModified\":\"2026-01-21T14:23:43+00:00\",\"description\":\"Ag\u00e8ncia de viatges en l\u00ednia | Descobreix els nostres viatges inoblidables aLA COSTA AMALFITANA - POMPEIA I CAPRI - GRUP REDU\u00cfT\",\"breadcrumb\":{\"@id\":\"https:\/\/aigeviatges.com\/producto\/la-costa-amalfitana-pompeia-i-capri-grup-reduit\/#breadcrumb\"},\"inLanguage\":\"es\",\"potentialAction\":[{\"@type\":\"ReadAction\",\"target\":[\"https:\/\/aigeviatges.com\/producto\/la-costa-amalfitana-pompeia-i-capri-grup-reduit\/\"]}]},{\"@type\":\"BreadcrumbList\",\"@id\":\"https:\/\/aigeviatges.com\/producto\/la-costa-amalfitana-pompeia-i-capri-grup-reduit\/#breadcrumb\",\"itemListElement\":[{\"@type\":\"ListItem\",\"position\":1,\"name\":\"Portada\",\"item\":\"https:\/\/aigeviatges.com\/\"},{\"@type\":\"ListItem\",\"position\":2,\"name\":\"Tienda\",\"item\":\"https:\/\/aigeviatges.com\/tienda-2\/\"},{\"@type\":\"ListItem\",\"position\":3,\"name\":\"LA COSTA AMALFITANA &#8211; POMPEIA I CAPRI &#8211; GRUP REDU\u00cfT\"}]},{\"@type\":\"WebSite\",\"@id\":\"https:\/\/aigeviatges.com\/#website\",\"url\":\"https:\/\/aigeviatges.com\/\",\"name\":\"AIGE Viatges\",\"description\":\"Agencia de viajes especializada en producto propio para grupos.\",\"publisher\":{\"@id\":\"https:\/\/aigeviatges.com\/#organization\"},\"potentialAction\":[{\"@type\":\"SearchAction\",\"target\":{\"@type\":\"EntryPoint\",\"urlTemplate\":\"https:\/\/aigeviatges.com\/?s={search_term_string}\"},\"query-input\":\"required name=search_term_string\"}],\"inLanguage\":\"es\"},{\"@type\":\"Organization\",\"@id\":\"https:\/\/aigeviatges.com\/#organization\",\"name\":\"AIGE Viatges\",\"url\":\"https:\/\/aigeviatges.com\/\",\"logo\":{\"@type\":\"ImageObject\",\"inLanguage\":\"es\",\"@id\":\"https:\/\/aigeviatges.com\/#\/schema\/logo\/image\/\",\"url\":\"https:\/\/aigeviatges.com\/wp-content\/uploads\/2020\/03\/aig-viatges-logo-web.png\",\"contentUrl\":\"https:\/\/aigeviatges.com\/wp-content\/uploads\/2020\/03\/aig-viatges-logo-web.png\",\"width\":600,\"height\":166,\"caption\":\"AIGE Viatges\"},\"image\":{\"@id\":\"https:\/\/aigeviatges.com\/#\/schema\/logo\/image\/\"},\"sameAs\":[\"https:\/\/www.facebook.com\/viatgesaige\/\"]}]}<\/script>\n<!-- \/ Yoast SEO plugin. -->","yoast_head_json":{"title":"Viatge a LA COSTA AMALFITANA - POMPEIA I CAPRI","description":"Ag\u00e8ncia de viatges en l\u00ednia | Descobreix els nostres viatges inoblidables aLA COSTA AMALFITANA - POMPEIA I CAPRI - GRUP REDU\u00cfT","robots":{"index":"index","follow":"follow","max-snippet":"max-snippet:-1","max-image-preview":"max-image-preview:large","max-video-preview":"max-video-preview:-1"},"canonical":"https:\/\/aigeviatges.com\/es\/producto\/la-costa-amalfitana-pompeya-y-capri-grupo-reducido\/","og_locale":"es_ES","og_type":"article","og_title":"Viatge a LA COSTA AMALFITANA - POMPEIA I CAPRI","og_description":"Ag\u00e8ncia de viatges en l\u00ednia | Descobreix els nostres viatges inoblidables aLA COSTA AMALFITANA - POMPEIA I CAPRI - GRUP REDU\u00cfT","og_url":"https:\/\/aigeviatges.com\/es\/producto\/la-costa-amalfitana-pompeya-y-capri-grupo-reducido\/","og_site_name":"AIGE Viatges","article_publisher":"https:\/\/www.facebook.com\/viatgesaige\/","article_modified_time":"2026-01-21T14:23:43+00:00","og_image":[{"width":991,"height":633,"url":"https:\/\/aigeviatges.com\/wp-content\/uploads\/2025\/12\/Captura-de-pantalla-2025-12-23-115618.png","type":"image\/png"}],"twitter_card":"summary_large_image","twitter_misc":{"Tiempo de lectura":"3 minutos"},"schema":{"@context":"https:\/\/schema.org","@graph":[{"@type":"WebPage","@id":"https:\/\/aigeviatges.com\/producto\/la-costa-amalfitana-pompeia-i-capri-grup-reduit\/","url":"https:\/\/aigeviatges.com\/producto\/la-costa-amalfitana-pompeia-i-capri-grup-reduit\/","name":"Viatge a LA COSTA AMALFITANA - POMPEIA I CAPRI","isPartOf":{"@id":"https:\/\/aigeviatges.com\/#website"},"datePublished":"2025-12-23T10:54:05+00:00","dateModified":"2026-01-21T14:23:43+00:00","description":"Ag\u00e8ncia de viatges en l\u00ednia | Descobreix els nostres viatges inoblidables aLA COSTA AMALFITANA - POMPEIA I CAPRI - GRUP REDU\u00cfT","breadcrumb":{"@id":"https:\/\/aigeviatges.com\/producto\/la-costa-amalfitana-pompeia-i-capri-grup-reduit\/#breadcrumb"},"inLanguage":"es","potentialAction":[{"@type":"ReadAction","target":["https:\/\/aigeviatges.com\/producto\/la-costa-amalfitana-pompeia-i-capri-grup-reduit\/"]}]},{"@type":"BreadcrumbList","@id":"https:\/\/aigeviatges.com\/producto\/la-costa-amalfitana-pompeia-i-capri-grup-reduit\/#breadcrumb","itemListElement":[{"@type":"ListItem","position":1,"name":"Portada","item":"https:\/\/aigeviatges.com\/"},{"@type":"ListItem","position":2,"name":"Tienda","item":"https:\/\/aigeviatges.com\/tienda-2\/"},{"@type":"ListItem","position":3,"name":"LA COSTA AMALFITANA &#8211; POMPEIA I CAPRI &#8211; GRUP REDU\u00cfT"}]},{"@type":"WebSite","@id":"https:\/\/aigeviatges.com\/#website","url":"https:\/\/aigeviatges.com\/","name":"AIGE Viatges","description":"Agencia de viajes especializada en producto propio para grupos.","publisher":{"@id":"https:\/\/aigeviatges.com\/#organization"},"potentialAction":[{"@type":"SearchAction","target":{"@type":"EntryPoint","urlTemplate":"https:\/\/aigeviatges.com\/?s={search_term_string}"},"query-input":"required name=search_term_string"}],"inLanguage":"es"},{"@type":"Organization","@id":"https:\/\/aigeviatges.com\/#organization","name":"AIGE Viatges","url":"https:\/\/aigeviatges.com\/","logo":{"@type":"ImageObject","inLanguage":"es","@id":"https:\/\/aigeviatges.com\/#\/schema\/logo\/image\/","url":"https:\/\/aigeviatges.com\/wp-content\/uploads\/2020\/03\/aig-viatges-logo-web.png","contentUrl":"https:\/\/aigeviatges.com\/wp-content\/uploads\/2020\/03\/aig-viatges-logo-web.png","width":600,"height":166,"caption":"AIGE Viatges"},"image":{"@id":"https:\/\/aigeviatges.com\/#\/schema\/logo\/image\/"},"sameAs":["https:\/\/www.facebook.com\/viatgesaige\/"]}]}},"jetpack_sharing_enabled":true,"jetpack_likes_enabled":false,"_links":{"self":[{"href":"https:\/\/aigeviatges.com\/es\/wp-json\/wp\/v2\/product\/3528","targetHints":{"allow":["GET"]}}],"collection":[{"href":"https:\/\/aigeviatges.com\/es\/wp-json\/wp\/v2\/product"}],"about":[{"href":"https:\/\/aigeviatges.com\/es\/wp-json\/wp\/v2\/types\/product"}],"wp:featuredmedia":[{"embeddable":true,"href":"https:\/\/aigeviatges.com\/es\/wp-json\/wp\/v2\/media\/3530"}],"wp:attachment":[{"href":"https:\/\/aigeviatges.com\/es\/wp-json\/wp\/v2\/media?parent=3528"}],"wp:term":[{"taxonomy":"product_cat","embeddable":true,"href":"https:\/\/aigeviatges.com\/es\/wp-json\/wp\/v2\/product_cat?post=3528"},{"taxonomy":"product_tag","embeddable":true,"href":"https:\/\/aigeviatges.com\/es\/wp-json\/wp\/v2\/product_tag?post=3528"}],"curies":[{"name":"wp","href":"https:\/\/api.w.org\/{rel}","templated":true}]}}