{"id":3525,"date":"2025-12-23T11:44:44","date_gmt":"2025-12-23T10:44:44","guid":{"rendered":"https:\/\/aigeviatges.com\/?post_type=product&#038;p=3525"},"modified":"2026-02-13T15:38:28","modified_gmt":"2026-02-13T14:38:28","slug":"glaciar-express","status":"publish","type":"product","link":"https:\/\/aigeviatges.com\/es\/producto\/glaciar-express\/","title":{"rendered":"GLACIAR EXPRESS"},"content":{"rendered":"<p><strong>D\u00eda 1: BARCELONA \u2013 GINEBRA \u2013 MONTREAUX \u2013 CHATEAU DU CHILLON \u2013 HOTEL<br \/>\n<\/strong>Salida en avion en Ginebra. Traslado, bordeando el Lago Lem\u00e1n en Montreaux. Almuerzo. Visita del <strong>Castillo de Chillon<\/strong>. Este castillo fue el lugar desde el que se control\u00f3 durante siglos el tr\u00e1fico mar\u00edtimo del lago de Ginebra y la importante ruta hacia el puerto de monta\u00f1a de San Bernardino. En \u00e9l se pueden observar murales del siglo XIV, b\u00f3vedas subterr\u00e1neas, salas y dormitorios conservados con la decoraci\u00f3n original. Continuaci\u00f3n al hotel situado en la zona de Thun\/Interlaken. Cena y alojamiento.<\/p>\n<p><strong>D\u00eda 2: TELECABINA EIGER GLACIAR EXPRESS \u2013 INTERLAKEN<\/strong><br \/>\nJornada dedicada a la alta monta\u00f1a. Por la ma\u00f1ana, nos dirigiremos a Grindelwald, en el coraz\u00f3n de los Alpes Suizos desde donde ascenderemos en el nuevo telecabina <strong>Eiger Express,<\/strong> el m\u00e1s moderno de los Alpes, en el Eigergletscher a 2.328 metros de altitud, atravesando un escenario alpino de una belleza sublime, con un nivel de confort y una visi\u00f3n panor\u00e1mica excepcionales. Recientemente inaugurado, Eiger Express presenta los \u00faltimos avances en tecnolog\u00eda con unos niveles de seguridad \u00fanicos y una velocidad de 8 m\/segundo. Almuerzo. Por la tarde visitaremos <strong>Interlaken<\/strong>, la famosa estaci\u00f3n alpina situada entre los lagos de Brienz y Thun, donde dispondremos de tiempo libre. Regreso al hotel. Cena y alojamiento en Cant\u00f3 de Uri.<\/p>\n<p><strong>D\u00eda 3: THUN - TASCH \/ ZERMATT<\/strong><br \/>\nSalida a <strong>Thun,<\/strong> considerada una de las ciudades m\u00e1s bellas de Suiza. Visita la Obere Hauptgasse ( barrio antiguo ), con las fachadas de casas especiales, arcadas y terrazas, la M\u00fchleplatz donde podremos pasear por los puentes de madera. Rathausplatz es el centro hist\u00f3rico de la ciudad, donde se desarrolla la vida pol\u00edtica. El ayuntamiento es igualmente impresionante con sus ventanas y arcos. Todos los s\u00e1bados se celebra en la plaza del ayuntamiento el mercado semanal. Almuerzo. Salida a Tasch\/Zermatt. Acomodaci\u00f3n en el hotel. Cena y alojamiento en Tasch\/Zermatt.<\/p>\n<p><strong>D\u00eda 4: TASCH \/ ZERMATT - TREN GLACIAR EXPRESS - CHUR - HOTEL<\/strong><br \/>\nTraslado a la estaci\u00f3n de tren de Zermatt donde tomaremos el <strong>tren panor\u00e1mico Glacier express<\/strong>, haremos el recorrido de 5 horas aprox. hasta Chur. Hoy disfrutaremos del trayecto en el m\u00e1s famoso de los trenes panor\u00e1micos suizos. Se dice que es el tren m\u00e1s lento y la m\u00e1s espectacular ruta de Suiza. Pasa por 291 puentes, 91 t\u00faneles y cruza el puerto alpino de Oberalp a 2033 m de altitud. El tren Glacier Express con sus ventanas panor\u00e1micas permite disfrutar especialmente del encanto y la magia de los paisajes suizos. Almuerzo en catering previsto por el hotel. Por la tarde llegaremos a Chur. Traslado al hotel. Acomodaci\u00f3n, cena y alojamiento en el Cant\u00f3n de Lucerna.<\/p>\n<p><strong>D\u00eda 5: LUCERNA \u2013 CRUCERO POR EL LAGO DE LOS CUATRO CANTONES<\/strong><br \/>\nJornada dedicada a<strong> Lucerna<\/strong> la m\u00e1s guapa de las ciudades suizas. Recorrido por la ciudad, con sus tranquilas plazas y callejones, Kornmarkt, Hirschenplatz, Weinmarktplatz, el puente de madera, las iglesias de los jesuitas y de los franciscanos. seguidamente haremos un <strong>paseo en barco por el Lago de los Cuatro Cantones<\/strong> y dispondremos de tiempo libre para actividades personales. Regreso al hotel. Cena y alojamiento en el Cant\u00f3n de Lucerna.<\/p>\n<p><strong>D\u00eda 6: LUCERNA \u2013 BERNA \u2013 GINEBRA \u2013 BARCELONA<br \/>\n<\/strong>Salida a <strong>Berna<\/strong>, la capital confederal, donde efectuaremos un recorrido b\u00e1sico por sus t\u00edpicas calles con ventanas adornadas de geranios, las fuentes medievales, la Torre del Reloj con el carill\u00f3n, el Parlamento, la Catedral y el foso de los Huesos que dan nombre a la ciudad. Almuerzo y traslado al aeropuerto. Salida a Barcelona.<\/p>","protected":false},"excerpt":{"rendered":"<p><strong>INCLUYE:<\/strong><strong>\u00a0\u00a0 <\/strong><\/p>\n<p><strong>\u2013 Avi\u00f3n + Maleta ( 20 kg. ) y tasas<\/strong><\/p>\n<p><strong>\u2013 Autocar y Gu\u00eda AIGE <\/strong><\/p>\n<p><strong>\u2013 5 noches Hoteles 3*** + Pensi\u00f3n completa + agua<\/strong><\/p>\n<p><strong>\u2013 Entrada en el Chateau du Chillon<\/strong><\/p>\n<p><strong>-Telecabina Eiger Express<\/strong><\/p>\n<p><strong>-Tren Tasch - Zermatt<\/strong><\/p>\n<p><strong>-Tren PANOR\u00c1MICO GLACIER EXPRESS:\u00a0 <\/strong><strong><em>Zermatt \u2013 Chur<\/em><\/strong><\/p>\n<p><strong>-Barco Lago cuatro Esquinas<\/strong><\/p>\n<p><strong>\u2013 Seguro viaje<\/strong><\/p>","protected":false},"featured_media":3526,"template":"","meta":[],"product_cat":[18],"product_tag":[],"class_list":["post-3525","product","type-product","status-publish","has-post-thumbnail","hentry","product_cat-circuitos-todo-incluido"],"yoast_head":"<!-- This site is optimized with the Yoast SEO plugin v21.7 - https:\/\/yoast.com\/wordpress\/plugins\/seo\/ -->\n<title>GLACIAR EXPRESS - AIGE Viatges<\/title>\n<meta name=\"description\" content=\"Agencia de viajes online | Descubre nuestros viajes inolvidables a GLACIAR EXPRESS\" \/>\n<meta name=\"robots\" content=\"index, follow, max-snippet:-1, max-image-preview:large, max-video-preview:-1\" \/>\n<link rel=\"canonical\" href=\"https:\/\/aigeviatges.com\/es\/producto\/glaciar-express\/\" \/>\n<meta property=\"og:locale\" content=\"es_ES\" \/>\n<meta property=\"og:type\" content=\"article\" \/>\n<meta property=\"og:title\" content=\"GLACIAR EXPRESS - AIGE Viatges\" \/>\n<meta property=\"og:description\" content=\"Agencia de viajes online | Descubre nuestros viajes inolvidables a GLACIAR EXPRESS\" \/>\n<meta property=\"og:url\" content=\"https:\/\/aigeviatges.com\/es\/producto\/glaciar-express\/\" \/>\n<meta property=\"og:site_name\" content=\"AIGE Viatges\" \/>\n<meta property=\"article:publisher\" content=\"https:\/\/www.facebook.com\/viatgesaige\/\" \/>\n<meta property=\"article:modified_time\" content=\"2026-02-13T14:38:28+00:00\" \/>\n<meta property=\"og:image\" content=\"https:\/\/aigeviatges.com\/wp-content\/uploads\/2025\/12\/EXPRESS.jpg\" \/>\n\t<meta property=\"og:image:width\" content=\"1022\" \/>\n\t<meta property=\"og:image:height\" content=\"542\" \/>\n\t<meta property=\"og:image:type\" content=\"image\/jpeg\" \/>\n<meta name=\"twitter:card\" content=\"summary_large_image\" \/>\n<meta name=\"twitter:label1\" content=\"Tiempo de lectura\" \/>\n\t<meta name=\"twitter:data1\" content=\"3 minutos\" \/>\n<script type=\"application\/ld+json\" class=\"yoast-schema-graph\">{\"@context\":\"https:\/\/schema.org\",\"@graph\":[{\"@type\":\"WebPage\",\"@id\":\"https:\/\/aigeviatges.com\/producto\/glaciar-express\/\",\"url\":\"https:\/\/aigeviatges.com\/producto\/glaciar-express\/\",\"name\":\"GLACIAR EXPRESS - AIGE Viatges\",\"isPartOf\":{\"@id\":\"https:\/\/aigeviatges.com\/#website\"},\"datePublished\":\"2025-12-23T10:44:44+00:00\",\"dateModified\":\"2026-02-13T14:38:28+00:00\",\"description\":\"Agencia de viajes online | Descubre nuestros viajes inolvidables a GLACIAR EXPRESS\",\"breadcrumb\":{\"@id\":\"https:\/\/aigeviatges.com\/producto\/glaciar-express\/#breadcrumb\"},\"inLanguage\":\"es\",\"potentialAction\":[{\"@type\":\"ReadAction\",\"target\":[\"https:\/\/aigeviatges.com\/producto\/glaciar-express\/\"]}]},{\"@type\":\"BreadcrumbList\",\"@id\":\"https:\/\/aigeviatges.com\/producto\/glaciar-express\/#breadcrumb\",\"itemListElement\":[{\"@type\":\"ListItem\",\"position\":1,\"name\":\"Portada\",\"item\":\"https:\/\/aigeviatges.com\/\"},{\"@type\":\"ListItem\",\"position\":2,\"name\":\"Tienda\",\"item\":\"https:\/\/aigeviatges.com\/tienda-2\/\"},{\"@type\":\"ListItem\",\"position\":3,\"name\":\"GLACIAR EXPRESS\"}]},{\"@type\":\"WebSite\",\"@id\":\"https:\/\/aigeviatges.com\/#website\",\"url\":\"https:\/\/aigeviatges.com\/\",\"name\":\"AIGE Viatges\",\"description\":\"Agencia de viajes especializada en producto propio para grupos.\",\"publisher\":{\"@id\":\"https:\/\/aigeviatges.com\/#organization\"},\"potentialAction\":[{\"@type\":\"SearchAction\",\"target\":{\"@type\":\"EntryPoint\",\"urlTemplate\":\"https:\/\/aigeviatges.com\/?s={search_term_string}\"},\"query-input\":\"required name=search_term_string\"}],\"inLanguage\":\"es\"},{\"@type\":\"Organization\",\"@id\":\"https:\/\/aigeviatges.com\/#organization\",\"name\":\"AIGE Viatges\",\"url\":\"https:\/\/aigeviatges.com\/\",\"logo\":{\"@type\":\"ImageObject\",\"inLanguage\":\"es\",\"@id\":\"https:\/\/aigeviatges.com\/#\/schema\/logo\/image\/\",\"url\":\"https:\/\/aigeviatges.com\/wp-content\/uploads\/2020\/03\/aig-viatges-logo-web.png\",\"contentUrl\":\"https:\/\/aigeviatges.com\/wp-content\/uploads\/2020\/03\/aig-viatges-logo-web.png\",\"width\":600,\"height\":166,\"caption\":\"AIGE Viatges\"},\"image\":{\"@id\":\"https:\/\/aigeviatges.com\/#\/schema\/logo\/image\/\"},\"sameAs\":[\"https:\/\/www.facebook.com\/viatgesaige\/\"]}]}<\/script>\n<!-- \/ Yoast SEO plugin. -->","yoast_head_json":{"title":"GLACIAR EXPRESS - AIGE Viatges","description":"Agencia de viajes online | Descubre nuestros viajes inolvidables a GLACIAR EXPRESS","robots":{"index":"index","follow":"follow","max-snippet":"max-snippet:-1","max-image-preview":"max-image-preview:large","max-video-preview":"max-video-preview:-1"},"canonical":"https:\/\/aigeviatges.com\/es\/producto\/glaciar-express\/","og_locale":"es_ES","og_type":"article","og_title":"GLACIAR EXPRESS - AIGE Viatges","og_description":"Agencia de viajes online | Descubre nuestros viajes inolvidables a GLACIAR EXPRESS","og_url":"https:\/\/aigeviatges.com\/es\/producto\/glaciar-express\/","og_site_name":"AIGE Viatges","article_publisher":"https:\/\/www.facebook.com\/viatgesaige\/","article_modified_time":"2026-02-13T14:38:28+00:00","og_image":[{"width":1022,"height":542,"url":"https:\/\/aigeviatges.com\/wp-content\/uploads\/2025\/12\/EXPRESS.jpg","type":"image\/jpeg"}],"twitter_card":"summary_large_image","twitter_misc":{"Tiempo de lectura":"3 minutos"},"schema":{"@context":"https:\/\/schema.org","@graph":[{"@type":"WebPage","@id":"https:\/\/aigeviatges.com\/producto\/glaciar-express\/","url":"https:\/\/aigeviatges.com\/producto\/glaciar-express\/","name":"GLACIAR EXPRESS - AIGE Viatges","isPartOf":{"@id":"https:\/\/aigeviatges.com\/#website"},"datePublished":"2025-12-23T10:44:44+00:00","dateModified":"2026-02-13T14:38:28+00:00","description":"Agencia de viajes online | Descubre nuestros viajes inolvidables a GLACIAR EXPRESS","breadcrumb":{"@id":"https:\/\/aigeviatges.com\/producto\/glaciar-express\/#breadcrumb"},"inLanguage":"es","potentialAction":[{"@type":"ReadAction","target":["https:\/\/aigeviatges.com\/producto\/glaciar-express\/"]}]},{"@type":"BreadcrumbList","@id":"https:\/\/aigeviatges.com\/producto\/glaciar-express\/#breadcrumb","itemListElement":[{"@type":"ListItem","position":1,"name":"Portada","item":"https:\/\/aigeviatges.com\/"},{"@type":"ListItem","position":2,"name":"Tienda","item":"https:\/\/aigeviatges.com\/tienda-2\/"},{"@type":"ListItem","position":3,"name":"GLACIAR EXPRESS"}]},{"@type":"WebSite","@id":"https:\/\/aigeviatges.com\/#website","url":"https:\/\/aigeviatges.com\/","name":"AIGE Viatges","description":"Agencia de viajes especializada en producto propio para grupos.","publisher":{"@id":"https:\/\/aigeviatges.com\/#organization"},"potentialAction":[{"@type":"SearchAction","target":{"@type":"EntryPoint","urlTemplate":"https:\/\/aigeviatges.com\/?s={search_term_string}"},"query-input":"required name=search_term_string"}],"inLanguage":"es"},{"@type":"Organization","@id":"https:\/\/aigeviatges.com\/#organization","name":"AIGE Viatges","url":"https:\/\/aigeviatges.com\/","logo":{"@type":"ImageObject","inLanguage":"es","@id":"https:\/\/aigeviatges.com\/#\/schema\/logo\/image\/","url":"https:\/\/aigeviatges.com\/wp-content\/uploads\/2020\/03\/aig-viatges-logo-web.png","contentUrl":"https:\/\/aigeviatges.com\/wp-content\/uploads\/2020\/03\/aig-viatges-logo-web.png","width":600,"height":166,"caption":"AIGE Viatges"},"image":{"@id":"https:\/\/aigeviatges.com\/#\/schema\/logo\/image\/"},"sameAs":["https:\/\/www.facebook.com\/viatgesaige\/"]}]}},"jetpack_sharing_enabled":true,"jetpack_likes_enabled":false,"_links":{"self":[{"href":"https:\/\/aigeviatges.com\/es\/wp-json\/wp\/v2\/product\/3525","targetHints":{"allow":["GET"]}}],"collection":[{"href":"https:\/\/aigeviatges.com\/es\/wp-json\/wp\/v2\/product"}],"about":[{"href":"https:\/\/aigeviatges.com\/es\/wp-json\/wp\/v2\/types\/product"}],"wp:featuredmedia":[{"embeddable":true,"href":"https:\/\/aigeviatges.com\/es\/wp-json\/wp\/v2\/media\/3526"}],"wp:attachment":[{"href":"https:\/\/aigeviatges.com\/es\/wp-json\/wp\/v2\/media?parent=3525"}],"wp:term":[{"taxonomy":"product_cat","embeddable":true,"href":"https:\/\/aigeviatges.com\/es\/wp-json\/wp\/v2\/product_cat?post=3525"},{"taxonomy":"product_tag","embeddable":true,"href":"https:\/\/aigeviatges.com\/es\/wp-json\/wp\/v2\/product_tag?post=3525"}],"curies":[{"name":"wp","href":"https:\/\/api.w.org\/{rel}","templated":true}]}}