{"id":3505,"date":"2025-12-12T14:43:53","date_gmt":"2025-12-12T13:43:53","guid":{"rendered":"https:\/\/aigeviatges.com\/?post_type=product&#038;p=3505"},"modified":"2026-04-17T12:25:58","modified_gmt":"2026-04-17T10:25:58","slug":"selva-negra-2","status":"publish","type":"product","link":"https:\/\/aigeviatges.com\/es\/producto\/selva-negra-2-2\/","title":{"rendered":"SELVA NEGRA - COMPLETO"},"content":{"rendered":"<p><strong>D\u00eda 1: BARCELONA - ZURICH \/ BASEL - COLMAR - SELVA NEGRA<\/strong><br \/>\nSalida en avi\u00f3n a Zurich\/Basilea. Traslado a la regi\u00f3n de Alsacia. Almuerzo. Visita de Colmar, encantadora poblaci\u00f3n que nos maravillar\u00e1 las callejuelas empedradas, las casas con coloridos entramados de madera y balcones decorados con geranios etc. Si el tiempo lo permite, visitaremos Riquewirh, un aut\u00e9ntico museo al aire libre. Continuaci\u00f3n en el hotel. Cena y alojamiento.<\/p>\n<p><strong>D\u00eda 2: CERVESERIA T\u00cdPICA - TRIBERG\u00a0<\/strong><br \/>\nPor la ma\u00f1ana, visitaremos cervecera t\u00edpica de la zona. Fundada en 1791 en el monasterio de St. Blasien. Hoy en d\u00eda, su cerveza de gran calidad sigue fabric\u00e1ndose seg\u00fan las recetas de cocci\u00f3n tradicionales. Podremos ver el proceso de embotellado. Almuerzo. Continuaci\u00f3n a Triberg, visitaremos su casco hist\u00f3rico, la especialidad de la artesan\u00eda de los relojes de cu-cu es por todas partes. Veremos el mayor reloj de Cu-c\u00fa del mundo. Regreso al hotel. Cena y alojamiento.<\/p>\n<p><strong>D\u00eda 3: LAGO CONSTANZA - MEERSBURG<\/strong><br \/>\nSalida al lago Constanza, a trav\u00e9s de un paisaje id\u00edlico de bosques y \u00e1rboles, daremos una vuelta por este lago situado entre Suiza, Austria y Alemania. Visita de la ciudad medieval de Constanza. Recorreremos el casco antiguo, en el que destacan la catedral, la plaza de Markst\u00e4tte, la M\u00fcnsterplatz etc. Almuerzo.  Por la tarde, cruzaremos el lago en barco hasta Meersburg, visita de la peque\u00f1a y encantadora poblaci\u00f3n de fachadas entramadas con una privilegiada situaci\u00f3n en la ribera. Visita y regreso al hotel. Regreso al hotel. Cena y alojamiento.<\/p>\n<p><strong>D\u00eda 4: LAGO TITISSE - FREIBURG<\/strong><br \/>\nPor la ma\u00f1ana visitaremos el lago Titisee, de cariz glaciar. Haremos un mini crucero para admirar los paisajes de la Selva Negra en todo su esplendor. Almuerzo. Por la tarde visitaremos Freiburg, ciudad monumental, famosa por su casco antiguo medieval reconstruido, atravesado por arroyos pintorescos (b\u00e4chle). La catedral de la ciudad, de estilo g\u00f3tico, se erige en la c\u00e9ntrica plaza de M\u00fcnsterplatz y su mayor atractivo es la imponente aguja de 116 metros. Regreso al hotel. Cena y alojamiento.<\/p>\n<p><strong>D\u00eda 5: SELVA NEGRA \u2013 STEIN AM RHEIN \u2013 CATARATAS RIN \u2013 ZURICH \u2013 BARCELONA<\/strong><br \/>\nSalida a Stein am Rhein, con las fachadas de las casas bellamente decoradas. Almuerzo. Continuaci\u00f3n hasta cerca de la frontera alemana, donde el Rin salva un desnivel de m\u00e1s de 20 metros de altura, en un lugar donde su anchura supera los 200 metros, dando lugar a las espectaculares cataratas del Rin: Rehinfall. Traslado al aeropuerto y salida en avi\u00f3n a Barcelona.<\/p>","protected":false},"excerpt":{"rendered":"<p><strong>INCLUYE:<br \/>\n<\/strong>Avi\u00f3n con tasas y maleta + Autocar local y gu\u00eda AIGE<br \/>\nAlojamiento en un t\u00edpico Gasthof<br \/>\nPensi\u00f3n completa con agua<br \/>\nEntrada a la f\u00e1brica de cerveza<br \/>\nCrucero por el Lago Titisse + ferry en Meersbug<br \/>\nSeguro viaje<\/p>","protected":false},"featured_media":3512,"template":"","meta":[],"product_cat":[119],"product_tag":[],"class_list":["post-3505","product","type-product","status-publish","has-post-thumbnail","hentry","product_cat-circuitos-todo-incluido-2"],"yoast_head":"<!-- This site is optimized with the Yoast SEO plugin v21.7 - https:\/\/yoast.com\/wordpress\/plugins\/seo\/ -->\n<title>Viatge a SELVA NEGRA. Ag\u00e8ncia de viatges<\/title>\n<meta name=\"description\" content=\"Ag\u00e8ncia de viatges en l\u00ednia | Descobreix els nostres viatges inoblidables aSELVA NEGRA - COMPLET\" \/>\n<meta name=\"robots\" content=\"index, follow, max-snippet:-1, max-image-preview:large, max-video-preview:-1\" \/>\n<link rel=\"canonical\" href=\"https:\/\/aigeviatges.com\/es\/producto\/selva-negra-2-2\/\" \/>\n<meta property=\"og:locale\" content=\"es_ES\" \/>\n<meta property=\"og:type\" content=\"article\" \/>\n<meta property=\"og:title\" content=\"Viatge a SELVA NEGRA. Ag\u00e8ncia de viatges\" \/>\n<meta property=\"og:description\" content=\"Ag\u00e8ncia de viatges en l\u00ednia | Descobreix els nostres viatges inoblidables aSELVA NEGRA - COMPLET\" \/>\n<meta property=\"og:url\" content=\"https:\/\/aigeviatges.com\/es\/producto\/selva-negra-2-2\/\" \/>\n<meta property=\"og:site_name\" content=\"AIGE Viatges\" \/>\n<meta property=\"article:publisher\" content=\"https:\/\/www.facebook.com\/viatgesaige\/\" \/>\n<meta property=\"article:modified_time\" content=\"2026-04-17T10:25:58+00:00\" \/>\n<meta property=\"og:image\" content=\"https:\/\/aigeviatges.com\/wp-content\/uploads\/2025\/12\/triberg.jpg\" \/>\n\t<meta property=\"og:image:width\" content=\"1900\" \/>\n\t<meta property=\"og:image:height\" content=\"1425\" \/>\n\t<meta property=\"og:image:type\" content=\"image\/jpeg\" \/>\n<meta name=\"twitter:card\" content=\"summary_large_image\" \/>\n<meta name=\"twitter:label1\" content=\"Tiempo de lectura\" \/>\n\t<meta name=\"twitter:data1\" content=\"3 minutos\" \/>\n<script type=\"application\/ld+json\" class=\"yoast-schema-graph\">{\"@context\":\"https:\/\/schema.org\",\"@graph\":[{\"@type\":\"WebPage\",\"@id\":\"https:\/\/aigeviatges.com\/producto\/selva-negra-2\/\",\"url\":\"https:\/\/aigeviatges.com\/producto\/selva-negra-2\/\",\"name\":\"Viatge a SELVA NEGRA. Ag\u00e8ncia de viatges\",\"isPartOf\":{\"@id\":\"https:\/\/aigeviatges.com\/#website\"},\"datePublished\":\"2025-12-12T13:43:53+00:00\",\"dateModified\":\"2026-04-17T10:25:58+00:00\",\"description\":\"Ag\u00e8ncia de viatges en l\u00ednia | Descobreix els nostres viatges inoblidables aSELVA NEGRA - COMPLET\",\"breadcrumb\":{\"@id\":\"https:\/\/aigeviatges.com\/producto\/selva-negra-2\/#breadcrumb\"},\"inLanguage\":\"es\",\"potentialAction\":[{\"@type\":\"ReadAction\",\"target\":[\"https:\/\/aigeviatges.com\/producto\/selva-negra-2\/\"]}]},{\"@type\":\"BreadcrumbList\",\"@id\":\"https:\/\/aigeviatges.com\/producto\/selva-negra-2\/#breadcrumb\",\"itemListElement\":[{\"@type\":\"ListItem\",\"position\":1,\"name\":\"Portada\",\"item\":\"https:\/\/aigeviatges.com\/\"},{\"@type\":\"ListItem\",\"position\":2,\"name\":\"Tienda\",\"item\":\"https:\/\/aigeviatges.com\/tienda-2\/\"},{\"@type\":\"ListItem\",\"position\":3,\"name\":\"SELVA NEGRA &#8211; COMPLET\"}]},{\"@type\":\"WebSite\",\"@id\":\"https:\/\/aigeviatges.com\/#website\",\"url\":\"https:\/\/aigeviatges.com\/\",\"name\":\"AIGE Viatges\",\"description\":\"Agencia de viajes especializada en producto propio para grupos.\",\"publisher\":{\"@id\":\"https:\/\/aigeviatges.com\/#organization\"},\"potentialAction\":[{\"@type\":\"SearchAction\",\"target\":{\"@type\":\"EntryPoint\",\"urlTemplate\":\"https:\/\/aigeviatges.com\/?s={search_term_string}\"},\"query-input\":\"required name=search_term_string\"}],\"inLanguage\":\"es\"},{\"@type\":\"Organization\",\"@id\":\"https:\/\/aigeviatges.com\/#organization\",\"name\":\"AIGE Viatges\",\"url\":\"https:\/\/aigeviatges.com\/\",\"logo\":{\"@type\":\"ImageObject\",\"inLanguage\":\"es\",\"@id\":\"https:\/\/aigeviatges.com\/#\/schema\/logo\/image\/\",\"url\":\"https:\/\/aigeviatges.com\/wp-content\/uploads\/2020\/03\/aig-viatges-logo-web.png\",\"contentUrl\":\"https:\/\/aigeviatges.com\/wp-content\/uploads\/2020\/03\/aig-viatges-logo-web.png\",\"width\":600,\"height\":166,\"caption\":\"AIGE Viatges\"},\"image\":{\"@id\":\"https:\/\/aigeviatges.com\/#\/schema\/logo\/image\/\"},\"sameAs\":[\"https:\/\/www.facebook.com\/viatgesaige\/\"]}]}<\/script>\n<!-- \/ Yoast SEO plugin. -->","yoast_head_json":{"title":"Viatge a SELVA NEGRA. Ag\u00e8ncia de viatges","description":"Ag\u00e8ncia de viatges en l\u00ednia | Descobreix els nostres viatges inoblidables aSELVA NEGRA - COMPLET","robots":{"index":"index","follow":"follow","max-snippet":"max-snippet:-1","max-image-preview":"max-image-preview:large","max-video-preview":"max-video-preview:-1"},"canonical":"https:\/\/aigeviatges.com\/es\/producto\/selva-negra-2-2\/","og_locale":"es_ES","og_type":"article","og_title":"Viatge a SELVA NEGRA. Ag\u00e8ncia de viatges","og_description":"Ag\u00e8ncia de viatges en l\u00ednia | Descobreix els nostres viatges inoblidables aSELVA NEGRA - COMPLET","og_url":"https:\/\/aigeviatges.com\/es\/producto\/selva-negra-2-2\/","og_site_name":"AIGE Viatges","article_publisher":"https:\/\/www.facebook.com\/viatgesaige\/","article_modified_time":"2026-04-17T10:25:58+00:00","og_image":[{"width":1900,"height":1425,"url":"https:\/\/aigeviatges.com\/wp-content\/uploads\/2025\/12\/triberg.jpg","type":"image\/jpeg"}],"twitter_card":"summary_large_image","twitter_misc":{"Tiempo de lectura":"3 minutos"},"schema":{"@context":"https:\/\/schema.org","@graph":[{"@type":"WebPage","@id":"https:\/\/aigeviatges.com\/producto\/selva-negra-2\/","url":"https:\/\/aigeviatges.com\/producto\/selva-negra-2\/","name":"Viatge a SELVA NEGRA. Ag\u00e8ncia de viatges","isPartOf":{"@id":"https:\/\/aigeviatges.com\/#website"},"datePublished":"2025-12-12T13:43:53+00:00","dateModified":"2026-04-17T10:25:58+00:00","description":"Ag\u00e8ncia de viatges en l\u00ednia | Descobreix els nostres viatges inoblidables aSELVA NEGRA - COMPLET","breadcrumb":{"@id":"https:\/\/aigeviatges.com\/producto\/selva-negra-2\/#breadcrumb"},"inLanguage":"es","potentialAction":[{"@type":"ReadAction","target":["https:\/\/aigeviatges.com\/producto\/selva-negra-2\/"]}]},{"@type":"BreadcrumbList","@id":"https:\/\/aigeviatges.com\/producto\/selva-negra-2\/#breadcrumb","itemListElement":[{"@type":"ListItem","position":1,"name":"Portada","item":"https:\/\/aigeviatges.com\/"},{"@type":"ListItem","position":2,"name":"Tienda","item":"https:\/\/aigeviatges.com\/tienda-2\/"},{"@type":"ListItem","position":3,"name":"SELVA NEGRA &#8211; COMPLET"}]},{"@type":"WebSite","@id":"https:\/\/aigeviatges.com\/#website","url":"https:\/\/aigeviatges.com\/","name":"AIGE Viatges","description":"Agencia de viajes especializada en producto propio para grupos.","publisher":{"@id":"https:\/\/aigeviatges.com\/#organization"},"potentialAction":[{"@type":"SearchAction","target":{"@type":"EntryPoint","urlTemplate":"https:\/\/aigeviatges.com\/?s={search_term_string}"},"query-input":"required name=search_term_string"}],"inLanguage":"es"},{"@type":"Organization","@id":"https:\/\/aigeviatges.com\/#organization","name":"AIGE Viatges","url":"https:\/\/aigeviatges.com\/","logo":{"@type":"ImageObject","inLanguage":"es","@id":"https:\/\/aigeviatges.com\/#\/schema\/logo\/image\/","url":"https:\/\/aigeviatges.com\/wp-content\/uploads\/2020\/03\/aig-viatges-logo-web.png","contentUrl":"https:\/\/aigeviatges.com\/wp-content\/uploads\/2020\/03\/aig-viatges-logo-web.png","width":600,"height":166,"caption":"AIGE Viatges"},"image":{"@id":"https:\/\/aigeviatges.com\/#\/schema\/logo\/image\/"},"sameAs":["https:\/\/www.facebook.com\/viatgesaige\/"]}]}},"jetpack_sharing_enabled":true,"jetpack_likes_enabled":false,"_links":{"self":[{"href":"https:\/\/aigeviatges.com\/es\/wp-json\/wp\/v2\/product\/3505","targetHints":{"allow":["GET"]}}],"collection":[{"href":"https:\/\/aigeviatges.com\/es\/wp-json\/wp\/v2\/product"}],"about":[{"href":"https:\/\/aigeviatges.com\/es\/wp-json\/wp\/v2\/types\/product"}],"wp:featuredmedia":[{"embeddable":true,"href":"https:\/\/aigeviatges.com\/es\/wp-json\/wp\/v2\/media\/3512"}],"wp:attachment":[{"href":"https:\/\/aigeviatges.com\/es\/wp-json\/wp\/v2\/media?parent=3505"}],"wp:term":[{"taxonomy":"product_cat","embeddable":true,"href":"https:\/\/aigeviatges.com\/es\/wp-json\/wp\/v2\/product_cat?post=3505"},{"taxonomy":"product_tag","embeddable":true,"href":"https:\/\/aigeviatges.com\/es\/wp-json\/wp\/v2\/product_tag?post=3505"}],"curies":[{"name":"wp","href":"https:\/\/api.w.org\/{rel}","templated":true}]}}