{"id":3501,"date":"2025-12-12T14:37:19","date_gmt":"2025-12-12T13:37:19","guid":{"rendered":"https:\/\/aigeviatges.com\/?post_type=product&#038;p=3501"},"modified":"2026-01-20T14:27:24","modified_gmt":"2026-01-20T13:27:24","slug":"holanda-especial-keukenhof-llista-espera","status":"publish","type":"product","link":"https:\/\/aigeviatges.com\/es\/producto\/holanda-especial-keukenhof-lista-espera\/","title":{"rendered":"HOLANDA. ESPECIAL KEUKENHOF - COMPLETO"},"content":{"rendered":"<p><strong>D\u00eda 1: BARCELONA \u2013 BRUSELAS \u2013 ROTTERDAM \u2013 HOTEL<br \/>\n<\/strong>Salida en avi\u00f3n a Bruselas. Llegada y continuaci\u00f3n a Rotterdam. Almuerzo. Visita de la ciudad. Destaca las casas cubo, un conjunto de casas innovadoras dise\u00f1adas por Piet Blom. Subiremos a la torre Euromast, uno de los iconos de Rotterdam, tendremos unas vistas panor\u00e1micas espectaculares de la ciudad y del puerto desde su plataforma de observaci\u00f3n a m\u00e1s de 100 metros de altura. Seguidamente nos trasladaremos al hotel. Acomodaci\u00f3n, cena y alojamiento.<\/p>\n<p><strong>D\u00eda 2: AMSTERDAM \u2013 BARCO POR LOS CANALES<\/strong><br \/>\nPor la ma\u00f1ana visita de Amsterdam, La plaza Dam, el mercado Flotante de Flores, el canal de Singel, la Torre de la Moneda etc. Almuerzo. Por la tarde realizaremos un recorrido en barco por los canales, para poder apreciar los edificios m\u00e1s emblem\u00e1ticos desde el r\u00edo. Regreso al hotel. Cena y alojamiento.<\/p>\n<p><strong>D\u00eda 3: ALKMAAR - JARDI DE TULIPAS DE KEUKENHOF<br \/>\n<\/strong>Salida a Alkmaar. Visitaremos el mercado tradicional de queso. Podremos ver c\u00f3mo se comercializan los quesos de la misma forma que se hac\u00eda hace siglos, un espect\u00e1culo folcl\u00f3rico y lleno de color. Almuerzo. Por la tarde visitaremos el Parque Keukenhof, conocido como el \u201cJard\u00edn de Europa\u201d, con la llegada de la primavera, se llena de tulipanes y otras especies de flores de todo el mundo. Regreso al hotel. Cena y alojamiento.<\/p>\n<p><strong>D\u00eda 4: VOLENDAM \u2013 MARKEN \u2013 ZAANSE SCHANS\u00a0<\/strong><br \/>\nPor la ma\u00f1ana visitaremos los t\u00edpicos pueblecitos de Volendam, hermoso pueblecito costero y Marken hermoso pueblo t\u00edpico situado en una peque\u00f1a pen\u00ednsula. Almuerzo. Por la tarde visitaremos Zaanse Schans entra\u00f1able pueblo que dispone de numerosas casas de madera y varios Molins. Regreso al hotel. Cena y alojamiento.<\/p>\n<p><strong>D\u00eda 5: HOLANDA \u2013 AMBERAS \u2013 BARCELONA<br \/>\n<\/strong>Salida a B\u00e9lgica. Visita de Amberes, la ciudad de los diamantes, situada en el coraz\u00f3n de Flandes. Conoceremos la Groen Plats, la torre G\u00f3tica de la catedral y la estatua de Rubens. Almuerzo en rto. Traslado al aeropuerto y salida en avi\u00f3n a Barcelona. Llegada y fin del viaje.<\/p>","protected":false},"excerpt":{"rendered":"<p><strong>INCLUYE:<br \/>\n<\/strong>Avi\u00f3n + Maleta (20 kg) y tasas<br \/>\nAutocar local y gu\u00eda AIGE desde\/hasta Barcelona<br \/>\n4 noches de Hotel 3***<br \/>\nPensi\u00f3n completa con agua <em>(Del almuerzo del d\u00eda 1 al almuerzo del d\u00eda 5)<br \/>\n<\/em>Crucero por los canales de Amsterdam<br \/>\nEntradas en Torre Euromast + Park Keukenhof + Zaanse Schans<br \/>\nSeguro viaje<\/p>","protected":false},"featured_media":3518,"template":"","meta":[],"product_cat":[18],"product_tag":[],"class_list":["post-3501","product","type-product","status-publish","has-post-thumbnail","hentry","product_cat-circuitos-todo-incluido"],"yoast_head":"<!-- This site is optimized with the Yoast SEO plugin v21.7 - https:\/\/yoast.com\/wordpress\/plugins\/seo\/ -->\n<title>Viatges a OLANDA-ESPECIAL KEUKENHOF. Ag\u00e8ncia de viatges<\/title>\n<meta name=\"description\" content=\"Ag\u00e8ncia de viatges en l\u00ednia | Descobreix els nostres viatges inoblidables a HOLANDA . ESPECIAL KEUKENHOF - COMPLET\" \/>\n<meta name=\"robots\" content=\"index, follow, max-snippet:-1, max-image-preview:large, max-video-preview:-1\" \/>\n<link rel=\"canonical\" href=\"https:\/\/aigeviatges.com\/es\/producto\/holanda-especial-keukenhof-lista-espera\/\" \/>\n<meta property=\"og:locale\" content=\"es_ES\" \/>\n<meta property=\"og:type\" content=\"article\" \/>\n<meta property=\"og:title\" content=\"Viatges a OLANDA-ESPECIAL KEUKENHOF. Ag\u00e8ncia de viatges\" \/>\n<meta property=\"og:description\" content=\"Ag\u00e8ncia de viatges en l\u00ednia | Descobreix els nostres viatges inoblidables a HOLANDA . ESPECIAL KEUKENHOF - COMPLET\" \/>\n<meta property=\"og:url\" content=\"https:\/\/aigeviatges.com\/es\/producto\/holanda-especial-keukenhof-lista-espera\/\" \/>\n<meta property=\"og:site_name\" content=\"AIGE Viatges\" \/>\n<meta property=\"article:publisher\" content=\"https:\/\/www.facebook.com\/viatgesaige\/\" \/>\n<meta property=\"article:modified_time\" content=\"2026-01-20T13:27:24+00:00\" \/>\n<meta property=\"og:image\" content=\"https:\/\/aigeviatges.com\/wp-content\/uploads\/2025\/12\/bigstock-Traditional-Dutch-Cheese-Marke-180594769-800x530-1.jpg\" \/>\n\t<meta property=\"og:image:width\" content=\"800\" \/>\n\t<meta property=\"og:image:height\" content=\"530\" \/>\n\t<meta property=\"og:image:type\" content=\"image\/jpeg\" \/>\n<meta name=\"twitter:card\" content=\"summary_large_image\" \/>\n<meta name=\"twitter:label1\" content=\"Tiempo de lectura\" \/>\n\t<meta name=\"twitter:data1\" content=\"2 minutos\" \/>\n<script type=\"application\/ld+json\" class=\"yoast-schema-graph\">{\"@context\":\"https:\/\/schema.org\",\"@graph\":[{\"@type\":\"WebPage\",\"@id\":\"https:\/\/aigeviatges.com\/producto\/holanda-especial-keukenhof-llista-espera\/\",\"url\":\"https:\/\/aigeviatges.com\/producto\/holanda-especial-keukenhof-llista-espera\/\",\"name\":\"Viatges a OLANDA-ESPECIAL KEUKENHOF. Ag\u00e8ncia de viatges\",\"isPartOf\":{\"@id\":\"https:\/\/aigeviatges.com\/#website\"},\"datePublished\":\"2025-12-12T13:37:19+00:00\",\"dateModified\":\"2026-01-20T13:27:24+00:00\",\"description\":\"Ag\u00e8ncia de viatges en l\u00ednia | Descobreix els nostres viatges inoblidables a HOLANDA . ESPECIAL KEUKENHOF - COMPLET\",\"breadcrumb\":{\"@id\":\"https:\/\/aigeviatges.com\/producto\/holanda-especial-keukenhof-llista-espera\/#breadcrumb\"},\"inLanguage\":\"es\",\"potentialAction\":[{\"@type\":\"ReadAction\",\"target\":[\"https:\/\/aigeviatges.com\/producto\/holanda-especial-keukenhof-llista-espera\/\"]}]},{\"@type\":\"BreadcrumbList\",\"@id\":\"https:\/\/aigeviatges.com\/producto\/holanda-especial-keukenhof-llista-espera\/#breadcrumb\",\"itemListElement\":[{\"@type\":\"ListItem\",\"position\":1,\"name\":\"Portada\",\"item\":\"https:\/\/aigeviatges.com\/\"},{\"@type\":\"ListItem\",\"position\":2,\"name\":\"Tienda\",\"item\":\"https:\/\/aigeviatges.com\/tienda-2\/\"},{\"@type\":\"ListItem\",\"position\":3,\"name\":\"HOLANDA . ESPECIAL KEUKENHOF &#8211; COMPLET\"}]},{\"@type\":\"WebSite\",\"@id\":\"https:\/\/aigeviatges.com\/#website\",\"url\":\"https:\/\/aigeviatges.com\/\",\"name\":\"AIGE Viatges\",\"description\":\"Agencia de viajes especializada en producto propio para grupos.\",\"publisher\":{\"@id\":\"https:\/\/aigeviatges.com\/#organization\"},\"potentialAction\":[{\"@type\":\"SearchAction\",\"target\":{\"@type\":\"EntryPoint\",\"urlTemplate\":\"https:\/\/aigeviatges.com\/?s={search_term_string}\"},\"query-input\":\"required name=search_term_string\"}],\"inLanguage\":\"es\"},{\"@type\":\"Organization\",\"@id\":\"https:\/\/aigeviatges.com\/#organization\",\"name\":\"AIGE Viatges\",\"url\":\"https:\/\/aigeviatges.com\/\",\"logo\":{\"@type\":\"ImageObject\",\"inLanguage\":\"es\",\"@id\":\"https:\/\/aigeviatges.com\/#\/schema\/logo\/image\/\",\"url\":\"https:\/\/aigeviatges.com\/wp-content\/uploads\/2020\/03\/aig-viatges-logo-web.png\",\"contentUrl\":\"https:\/\/aigeviatges.com\/wp-content\/uploads\/2020\/03\/aig-viatges-logo-web.png\",\"width\":600,\"height\":166,\"caption\":\"AIGE Viatges\"},\"image\":{\"@id\":\"https:\/\/aigeviatges.com\/#\/schema\/logo\/image\/\"},\"sameAs\":[\"https:\/\/www.facebook.com\/viatgesaige\/\"]}]}<\/script>\n<!-- \/ Yoast SEO plugin. -->","yoast_head_json":{"title":"Viatges a OLANDA-ESPECIAL KEUKENHOF. Ag\u00e8ncia de viatges","description":"Ag\u00e8ncia de viatges en l\u00ednia | Descobreix els nostres viatges inoblidables a HOLANDA . ESPECIAL KEUKENHOF - COMPLET","robots":{"index":"index","follow":"follow","max-snippet":"max-snippet:-1","max-image-preview":"max-image-preview:large","max-video-preview":"max-video-preview:-1"},"canonical":"https:\/\/aigeviatges.com\/es\/producto\/holanda-especial-keukenhof-lista-espera\/","og_locale":"es_ES","og_type":"article","og_title":"Viatges a OLANDA-ESPECIAL KEUKENHOF. Ag\u00e8ncia de viatges","og_description":"Ag\u00e8ncia de viatges en l\u00ednia | Descobreix els nostres viatges inoblidables a HOLANDA . ESPECIAL KEUKENHOF - COMPLET","og_url":"https:\/\/aigeviatges.com\/es\/producto\/holanda-especial-keukenhof-lista-espera\/","og_site_name":"AIGE Viatges","article_publisher":"https:\/\/www.facebook.com\/viatgesaige\/","article_modified_time":"2026-01-20T13:27:24+00:00","og_image":[{"width":800,"height":530,"url":"https:\/\/aigeviatges.com\/wp-content\/uploads\/2025\/12\/bigstock-Traditional-Dutch-Cheese-Marke-180594769-800x530-1.jpg","type":"image\/jpeg"}],"twitter_card":"summary_large_image","twitter_misc":{"Tiempo de lectura":"2 minutos"},"schema":{"@context":"https:\/\/schema.org","@graph":[{"@type":"WebPage","@id":"https:\/\/aigeviatges.com\/producto\/holanda-especial-keukenhof-llista-espera\/","url":"https:\/\/aigeviatges.com\/producto\/holanda-especial-keukenhof-llista-espera\/","name":"Viatges a OLANDA-ESPECIAL KEUKENHOF. Ag\u00e8ncia de viatges","isPartOf":{"@id":"https:\/\/aigeviatges.com\/#website"},"datePublished":"2025-12-12T13:37:19+00:00","dateModified":"2026-01-20T13:27:24+00:00","description":"Ag\u00e8ncia de viatges en l\u00ednia | Descobreix els nostres viatges inoblidables a HOLANDA . ESPECIAL KEUKENHOF - COMPLET","breadcrumb":{"@id":"https:\/\/aigeviatges.com\/producto\/holanda-especial-keukenhof-llista-espera\/#breadcrumb"},"inLanguage":"es","potentialAction":[{"@type":"ReadAction","target":["https:\/\/aigeviatges.com\/producto\/holanda-especial-keukenhof-llista-espera\/"]}]},{"@type":"BreadcrumbList","@id":"https:\/\/aigeviatges.com\/producto\/holanda-especial-keukenhof-llista-espera\/#breadcrumb","itemListElement":[{"@type":"ListItem","position":1,"name":"Portada","item":"https:\/\/aigeviatges.com\/"},{"@type":"ListItem","position":2,"name":"Tienda","item":"https:\/\/aigeviatges.com\/tienda-2\/"},{"@type":"ListItem","position":3,"name":"HOLANDA . ESPECIAL KEUKENHOF &#8211; COMPLET"}]},{"@type":"WebSite","@id":"https:\/\/aigeviatges.com\/#website","url":"https:\/\/aigeviatges.com\/","name":"AIGE Viatges","description":"Agencia de viajes especializada en producto propio para grupos.","publisher":{"@id":"https:\/\/aigeviatges.com\/#organization"},"potentialAction":[{"@type":"SearchAction","target":{"@type":"EntryPoint","urlTemplate":"https:\/\/aigeviatges.com\/?s={search_term_string}"},"query-input":"required name=search_term_string"}],"inLanguage":"es"},{"@type":"Organization","@id":"https:\/\/aigeviatges.com\/#organization","name":"AIGE Viatges","url":"https:\/\/aigeviatges.com\/","logo":{"@type":"ImageObject","inLanguage":"es","@id":"https:\/\/aigeviatges.com\/#\/schema\/logo\/image\/","url":"https:\/\/aigeviatges.com\/wp-content\/uploads\/2020\/03\/aig-viatges-logo-web.png","contentUrl":"https:\/\/aigeviatges.com\/wp-content\/uploads\/2020\/03\/aig-viatges-logo-web.png","width":600,"height":166,"caption":"AIGE Viatges"},"image":{"@id":"https:\/\/aigeviatges.com\/#\/schema\/logo\/image\/"},"sameAs":["https:\/\/www.facebook.com\/viatgesaige\/"]}]}},"jetpack_sharing_enabled":true,"jetpack_likes_enabled":false,"_links":{"self":[{"href":"https:\/\/aigeviatges.com\/es\/wp-json\/wp\/v2\/product\/3501","targetHints":{"allow":["GET"]}}],"collection":[{"href":"https:\/\/aigeviatges.com\/es\/wp-json\/wp\/v2\/product"}],"about":[{"href":"https:\/\/aigeviatges.com\/es\/wp-json\/wp\/v2\/types\/product"}],"wp:featuredmedia":[{"embeddable":true,"href":"https:\/\/aigeviatges.com\/es\/wp-json\/wp\/v2\/media\/3518"}],"wp:attachment":[{"href":"https:\/\/aigeviatges.com\/es\/wp-json\/wp\/v2\/media?parent=3501"}],"wp:term":[{"taxonomy":"product_cat","embeddable":true,"href":"https:\/\/aigeviatges.com\/es\/wp-json\/wp\/v2\/product_cat?post=3501"},{"taxonomy":"product_tag","embeddable":true,"href":"https:\/\/aigeviatges.com\/es\/wp-json\/wp\/v2\/product_tag?post=3501"}],"curies":[{"name":"wp","href":"https:\/\/api.w.org\/{rel}","templated":true}]}}