{"id":350,"date":"2021-02-05T16:53:16","date_gmt":"2021-02-05T16:53:16","guid":{"rendered":"https:\/\/aigeviatges.com\/?post_type=product&#038;p=350"},"modified":"2021-03-18T13:33:26","modified_gmt":"2021-03-18T13:33:26","slug":"baviera-i-el-rei-boig-6-dies","status":"publish","type":"product","link":"https:\/\/aigeviatges.com\/es\/producto\/baviera-y-el-rey-loco-6-dias\/","title":{"rendered":"BAVIERA y EL REY LOCO \u2013 6 D\u00cdAS"},"content":{"rendered":"<p><strong>D\u00eda 1: BARCELONA - MUNICH - BAVIERA<\/strong><br \/>\nTraslado al aeropuerto de Barcelona y salida en avi\u00f3n a M\u00fanich. Almuerzo en restaurante. Visita de la capital de Baviera. Destaca la Marienplatz, La Catedral, la Opera y el Palau Residenz. Continuaci\u00f3n hasta el hotel. Acomodaci\u00f3n, cena y alojamiento.<\/p>\n<p><strong>D\u00eda 2: NUREMBERG<\/strong><br \/>\nSalida a Nuremberg. Visitaremos el magn\u00edfico centro hist\u00f3rico medieval, rodeado por 5 km de murallas y cerca de ochenta torreones y torres defensivas. En su interior nos encontraremos muchos edificios importantes y de gran belleza, entre los que destacan el Castillo Imperial, construido en el a\u00f1o 1040, la Iglesia de San Lorenzo y la de San Sebaldo, ambas del s. XIII, el antiguo ayuntamiento, Rathaus, del s. XIV y la casa de Alberto Durero. Cena y alojamiento en el hotel.<\/p>\n<p><strong>D\u00eda 3: MITTENWALD \u2013 OBERAMMERGAU \u2013 LINDERHOF\u00a0<\/strong><br \/>\nSalida al valle del r\u00edo Isar, visitaremos Mittenwald, encantador pueblecito de monta\u00f1a que parece congelado en el tiempo, conocido por la fabricaci\u00f3n tradicional de violines y violas. Visitaremos el museo dedicado a la historia de esta actividad. Continuaci\u00f3n a Oberammergau y paseo por esta poblaci\u00f3n famosa por las pinturas en las que est\u00e1n decoradas las casas con motivo de la Pasi\u00f3n. Visitaremos el elegante palacio de Linderhof, encargado construir por Luis II a semejanza del palacio de Versalles. Cena y alojamiento en el hotel.<\/p>\n<p><strong>D\u00eda 4: DACHAU \u2013 AUGSBURG<\/strong><br \/>\nSalida a Dachau. Visita del conmemorativo a las v\u00edctimas del primer campo de concentraci\u00f3n construido. Continuaci\u00f3n hacia Augsburgo. Visita panor\u00e1mica de una de las ciudades m\u00e1s antiguas de Alemania. Veremos el Ayuntamiento Renacentista, obra de Elias Holls, con la \u201cSala Dorada\u201d y la torre \u201cPerlachturm\u201d, el complejo de viviendas sociales Fuggerei, la Catedral, as\u00ed como las iglesias de San Ulrico y Santa Ana con la capilla del sepulcro de Fugger. Cena y alojamiento en el hotel.<\/p>\n<p><strong>D\u00eda 5: CASTILLO DE NEUSCHWANSTEIN - WIESKIRCHE<\/strong><br \/>\nSalida a Fussen. Visitaremos el castillo de Neuschwanstein, construido por el \u201cRey Loco\u201d. Siete semanas despu\u00e9s de la muerte del rey Luis II en 1886 el Castillo se abri\u00f3 al p\u00fablico. El rey, de car\u00e1cter reproche, hab\u00eda construido el castillo para alejarse de la vida p\u00fablica \u2013 lo que en su momento fuera su refugio se ha convertido en un lugar principal de atracci\u00f3n para el p\u00fablico. Neuschwanstein es hoy uno de los castillos m\u00e1s visitados de Europa. Continuaci\u00f3n con la visita a la iglesia de Wies, declarada Patrimonio de la Humanidad por la UNESCO y considerada una de las obras m\u00e1s perfectas del rococ\u00f3 b\u00e1varo. Casi un mill\u00f3n de peregrinos acuden de todos los lugares del mundo cada a\u00f1o a contemplar la figura de El Salvador condenado a la flagelaci\u00f3n. Cena y alojamiento en el hotel.<\/p>\n<p><strong>D\u00eda 6: LAGO CHIEM \u2013 PALACIO DE HERREMCHIEMSEE \u2013 BARCELONA<\/strong><br \/>\nPor la ma\u00f1ana nos dirigiremos al Chiemsee, lago de Chiem, traslado en barco a la isla de los hombres-Herremchiemsee- Luis II de Baviera orden\u00f3 construir un palacio al estilo de Versalles. Visitaremos el palacio y admiraremos especialmente el Sal\u00f3n de los Espejos. Almuerzo en restaurante. Por la tarde traslado al aeropuerto y salida en avi\u00f3n a Barcelona. Llegada y fin de nuestros servicios.<\/p>","protected":false},"excerpt":{"rendered":"<p><strong>INCLUYE:<\/strong><\/p>\n<ul>\n<li>Traslados origen\/aeropuerto\/origen (m\u00ednimo 25 pax)<\/li>\n<li>Avi\u00f3n BCN \u2013 Munich \u2013 BCN<\/li>\n<li>Avi\u00f3n con tasas y maleta<\/li>\n<li>Autocar y gu\u00eda acompa\u00f1ante AIGE + gu\u00eda oficial en Nuremberg y Augsburgo<\/li>\n<li>Hotel 3*** o 4**** (seg\u00fan elecci\u00f3n)<\/li>\n<li>Pensi\u00f3n completa con agua (del almuerzo del d\u00eda 1 al almuerzo del d\u00eda 6)<\/li>\n<li>Entradas a los palacios Neuschwanstein, Linderhof y Herremchiensee<\/li>\n<li>Barco en la isla Herremchiem<\/li>\n<li>Entradas en el Museo del Viol\u00edn y en la iglesia de Wies<\/li>\n<li>Entrada al Campo de Dachau<\/li>\n<li>Seguro de asistencia en viaje<\/li>\n<\/ul>\n<p><strong><em>Nota sobre el alojamiento:\u00a0<\/em><\/strong><strong><em>todas las noches en el mismo hotel<\/em><\/strong><\/p>","protected":false},"featured_media":351,"template":"","meta":[],"product_cat":[34,25],"product_tag":[],"class_list":["post-350","product","type-product","status-publish","has-post-thumbnail","hentry","product_cat-alemanya","product_cat-circuits-tot-inclos"],"yoast_head":"<!-- This site is optimized with the Yoast SEO plugin v21.7 - https:\/\/yoast.com\/wordpress\/plugins\/seo\/ -->\n<title>BAVIERA i EL REI BOIG - 6 DIES - AIGE Viatges<\/title>\n<meta name=\"description\" content=\"Agencia de viajes online | Descubre nuestros viajes inolvidables a BAVIERA i EL REI BOIG - 6 DIES\" \/>\n<meta name=\"robots\" content=\"index, follow, max-snippet:-1, max-image-preview:large, max-video-preview:-1\" \/>\n<link rel=\"canonical\" href=\"https:\/\/aigeviatges.com\/es\/producto\/baviera-y-el-rey-loco-6-dias\/\" \/>\n<meta property=\"og:locale\" content=\"es_ES\" \/>\n<meta property=\"og:type\" content=\"article\" \/>\n<meta property=\"og:title\" content=\"BAVIERA i EL REI BOIG - 6 DIES - AIGE Viatges\" \/>\n<meta property=\"og:description\" content=\"Agencia de viajes online | Descubre nuestros viajes inolvidables a BAVIERA i EL REI BOIG - 6 DIES\" \/>\n<meta property=\"og:url\" content=\"https:\/\/aigeviatges.com\/es\/producto\/baviera-y-el-rey-loco-6-dias\/\" \/>\n<meta property=\"og:site_name\" content=\"AIGE Viatges\" \/>\n<meta property=\"article:publisher\" content=\"https:\/\/www.facebook.com\/viatgesaige\/\" \/>\n<meta property=\"article:modified_time\" content=\"2021-03-18T13:33:26+00:00\" \/>\n<meta property=\"og:image\" content=\"https:\/\/aigeviatges.com\/wp-content\/uploads\/2021\/02\/neuschwanstein.jpg\" \/>\n\t<meta property=\"og:image:width\" content=\"1369\" \/>\n\t<meta property=\"og:image:height\" content=\"974\" \/>\n\t<meta property=\"og:image:type\" content=\"image\/jpeg\" \/>\n<meta name=\"twitter:card\" content=\"summary_large_image\" \/>\n<meta name=\"twitter:label1\" content=\"Tiempo de lectura\" \/>\n\t<meta name=\"twitter:data1\" content=\"3 minutos\" \/>\n<script type=\"application\/ld+json\" class=\"yoast-schema-graph\">{\"@context\":\"https:\/\/schema.org\",\"@graph\":[{\"@type\":\"WebPage\",\"@id\":\"https:\/\/aigeviatges.com\/producto\/baviera-i-el-rei-boig-6-dies\/\",\"url\":\"https:\/\/aigeviatges.com\/producto\/baviera-i-el-rei-boig-6-dies\/\",\"name\":\"BAVIERA i EL REI BOIG - 6 DIES - AIGE Viatges\",\"isPartOf\":{\"@id\":\"https:\/\/aigeviatges.com\/#website\"},\"datePublished\":\"2021-02-05T16:53:16+00:00\",\"dateModified\":\"2021-03-18T13:33:26+00:00\",\"description\":\"Agencia de viajes online | Descubre nuestros viajes inolvidables a BAVIERA i EL REI BOIG - 6 DIES\",\"breadcrumb\":{\"@id\":\"https:\/\/aigeviatges.com\/producto\/baviera-i-el-rei-boig-6-dies\/#breadcrumb\"},\"inLanguage\":\"es\",\"potentialAction\":[{\"@type\":\"ReadAction\",\"target\":[\"https:\/\/aigeviatges.com\/producto\/baviera-i-el-rei-boig-6-dies\/\"]}]},{\"@type\":\"BreadcrumbList\",\"@id\":\"https:\/\/aigeviatges.com\/producto\/baviera-i-el-rei-boig-6-dies\/#breadcrumb\",\"itemListElement\":[{\"@type\":\"ListItem\",\"position\":1,\"name\":\"Portada\",\"item\":\"https:\/\/aigeviatges.com\/\"},{\"@type\":\"ListItem\",\"position\":2,\"name\":\"Tienda\",\"item\":\"https:\/\/aigeviatges.com\/tienda-2\/\"},{\"@type\":\"ListItem\",\"position\":3,\"name\":\"BAVIERA i EL REI BOIG &#8211; 6 DIES\"}]},{\"@type\":\"WebSite\",\"@id\":\"https:\/\/aigeviatges.com\/#website\",\"url\":\"https:\/\/aigeviatges.com\/\",\"name\":\"AIGE Viatges\",\"description\":\"Agencia de viajes especializada en producto propio para grupos.\",\"publisher\":{\"@id\":\"https:\/\/aigeviatges.com\/#organization\"},\"potentialAction\":[{\"@type\":\"SearchAction\",\"target\":{\"@type\":\"EntryPoint\",\"urlTemplate\":\"https:\/\/aigeviatges.com\/?s={search_term_string}\"},\"query-input\":\"required name=search_term_string\"}],\"inLanguage\":\"es\"},{\"@type\":\"Organization\",\"@id\":\"https:\/\/aigeviatges.com\/#organization\",\"name\":\"AIGE Viatges\",\"url\":\"https:\/\/aigeviatges.com\/\",\"logo\":{\"@type\":\"ImageObject\",\"inLanguage\":\"es\",\"@id\":\"https:\/\/aigeviatges.com\/#\/schema\/logo\/image\/\",\"url\":\"https:\/\/aigeviatges.com\/wp-content\/uploads\/2020\/03\/aig-viatges-logo-web.png\",\"contentUrl\":\"https:\/\/aigeviatges.com\/wp-content\/uploads\/2020\/03\/aig-viatges-logo-web.png\",\"width\":600,\"height\":166,\"caption\":\"AIGE Viatges\"},\"image\":{\"@id\":\"https:\/\/aigeviatges.com\/#\/schema\/logo\/image\/\"},\"sameAs\":[\"https:\/\/www.facebook.com\/viatgesaige\/\"]}]}<\/script>\n<!-- \/ Yoast SEO plugin. -->","yoast_head_json":{"title":"BAVIERA i EL REI BOIG - 6 DIES - AIGE Viatges","description":"Agencia de viajes online | Descubre nuestros viajes inolvidables a BAVIERA i EL REI BOIG - 6 DIES","robots":{"index":"index","follow":"follow","max-snippet":"max-snippet:-1","max-image-preview":"max-image-preview:large","max-video-preview":"max-video-preview:-1"},"canonical":"https:\/\/aigeviatges.com\/es\/producto\/baviera-y-el-rey-loco-6-dias\/","og_locale":"es_ES","og_type":"article","og_title":"BAVIERA i EL REI BOIG - 6 DIES - AIGE Viatges","og_description":"Agencia de viajes online | Descubre nuestros viajes inolvidables a BAVIERA i EL REI BOIG - 6 DIES","og_url":"https:\/\/aigeviatges.com\/es\/producto\/baviera-y-el-rey-loco-6-dias\/","og_site_name":"AIGE Viatges","article_publisher":"https:\/\/www.facebook.com\/viatgesaige\/","article_modified_time":"2021-03-18T13:33:26+00:00","og_image":[{"width":1369,"height":974,"url":"https:\/\/aigeviatges.com\/wp-content\/uploads\/2021\/02\/neuschwanstein.jpg","type":"image\/jpeg"}],"twitter_card":"summary_large_image","twitter_misc":{"Tiempo de lectura":"3 minutos"},"schema":{"@context":"https:\/\/schema.org","@graph":[{"@type":"WebPage","@id":"https:\/\/aigeviatges.com\/producto\/baviera-i-el-rei-boig-6-dies\/","url":"https:\/\/aigeviatges.com\/producto\/baviera-i-el-rei-boig-6-dies\/","name":"BAVIERA i EL REI BOIG - 6 DIES - AIGE Viatges","isPartOf":{"@id":"https:\/\/aigeviatges.com\/#website"},"datePublished":"2021-02-05T16:53:16+00:00","dateModified":"2021-03-18T13:33:26+00:00","description":"Agencia de viajes online | Descubre nuestros viajes inolvidables a BAVIERA i EL REI BOIG - 6 DIES","breadcrumb":{"@id":"https:\/\/aigeviatges.com\/producto\/baviera-i-el-rei-boig-6-dies\/#breadcrumb"},"inLanguage":"es","potentialAction":[{"@type":"ReadAction","target":["https:\/\/aigeviatges.com\/producto\/baviera-i-el-rei-boig-6-dies\/"]}]},{"@type":"BreadcrumbList","@id":"https:\/\/aigeviatges.com\/producto\/baviera-i-el-rei-boig-6-dies\/#breadcrumb","itemListElement":[{"@type":"ListItem","position":1,"name":"Portada","item":"https:\/\/aigeviatges.com\/"},{"@type":"ListItem","position":2,"name":"Tienda","item":"https:\/\/aigeviatges.com\/tienda-2\/"},{"@type":"ListItem","position":3,"name":"BAVIERA i EL REI BOIG &#8211; 6 DIES"}]},{"@type":"WebSite","@id":"https:\/\/aigeviatges.com\/#website","url":"https:\/\/aigeviatges.com\/","name":"AIGE Viatges","description":"Agencia de viajes especializada en producto propio para grupos.","publisher":{"@id":"https:\/\/aigeviatges.com\/#organization"},"potentialAction":[{"@type":"SearchAction","target":{"@type":"EntryPoint","urlTemplate":"https:\/\/aigeviatges.com\/?s={search_term_string}"},"query-input":"required name=search_term_string"}],"inLanguage":"es"},{"@type":"Organization","@id":"https:\/\/aigeviatges.com\/#organization","name":"AIGE Viatges","url":"https:\/\/aigeviatges.com\/","logo":{"@type":"ImageObject","inLanguage":"es","@id":"https:\/\/aigeviatges.com\/#\/schema\/logo\/image\/","url":"https:\/\/aigeviatges.com\/wp-content\/uploads\/2020\/03\/aig-viatges-logo-web.png","contentUrl":"https:\/\/aigeviatges.com\/wp-content\/uploads\/2020\/03\/aig-viatges-logo-web.png","width":600,"height":166,"caption":"AIGE Viatges"},"image":{"@id":"https:\/\/aigeviatges.com\/#\/schema\/logo\/image\/"},"sameAs":["https:\/\/www.facebook.com\/viatgesaige\/"]}]}},"jetpack_sharing_enabled":true,"jetpack_likes_enabled":false,"_links":{"self":[{"href":"https:\/\/aigeviatges.com\/es\/wp-json\/wp\/v2\/product\/350","targetHints":{"allow":["GET"]}}],"collection":[{"href":"https:\/\/aigeviatges.com\/es\/wp-json\/wp\/v2\/product"}],"about":[{"href":"https:\/\/aigeviatges.com\/es\/wp-json\/wp\/v2\/types\/product"}],"wp:featuredmedia":[{"embeddable":true,"href":"https:\/\/aigeviatges.com\/es\/wp-json\/wp\/v2\/media\/351"}],"wp:attachment":[{"href":"https:\/\/aigeviatges.com\/es\/wp-json\/wp\/v2\/media?parent=350"}],"wp:term":[{"taxonomy":"product_cat","embeddable":true,"href":"https:\/\/aigeviatges.com\/es\/wp-json\/wp\/v2\/product_cat?post=350"},{"taxonomy":"product_tag","embeddable":true,"href":"https:\/\/aigeviatges.com\/es\/wp-json\/wp\/v2\/product_tag?post=350"}],"curies":[{"name":"wp","href":"https:\/\/api.w.org\/{rel}","templated":true}]}}