{"id":3497,"date":"2025-12-12T14:17:30","date_gmt":"2025-12-12T13:17:30","guid":{"rendered":"https:\/\/aigeviatges.com\/?post_type=product&#038;p=3497"},"modified":"2026-01-22T15:34:04","modified_gmt":"2026-01-22T14:34:04","slug":"bretanya-i-mont-saint-michel","status":"publish","type":"product","link":"https:\/\/aigeviatges.com\/es\/producto\/bretana-y-mont-saint-michel\/","title":{"rendered":"BRETA\u00d1A Y MONT SAINT MICHEL"},"content":{"rendered":"<p><strong>D\u00eda 1: BARCELONA \u2013 NANTES \u2013 ZONA RENNES (BRETA\u00d1A)<\/strong><br \/>\nSalida en avi\u00f3n a Nantes. Llegada y continuaci\u00f3n a Rennes. Almuerzo. Por la tarde, acompa\u00f1ados de gu\u00eda local, visitaremos la capital de Breta\u00f1a. Un paseo por las callejuelas del casco antiguo nos permitir\u00e1 descubrir su encanto. Observaremos casas medievales con entramado de madera del siglo XV, de techos vertiginosos. Continuaci\u00f3n en el hotel. Acomodaci\u00f3n en el hotel. Cena y alojamiento.<br \/>\n<strong>D\u00eda 2: VANAS \u2013 CARNAC<\/strong><br \/>\nSalida a Vannes, preciosa poblaci\u00f3n ubicada en el golfo de Morbihan, donde numerosas casas de entramado de madera marcan las calles estrechas que rodean la catedral, reconstruida a partir del siglo XV. Visitaremos su centro hist\u00f3rico. Seguidamente visitaremos Carnac, el sitio neol\u00edtico m\u00e1s famoso del mundo. C\u00f3modamente subidos en un Tren tur\u00edstico en un recorrido sorprendente y misterioso, descubriremos menhires y d\u00f3lmenes. Tambi\u00e9n pasaremos por playas de arena blanca hasta el famoso puerto de la Trinidad-sur-Mer, lugar inevitable para los aficionados a la navegaci\u00f3n y los skippers famosos. Regreso al hotel. Cena y alojamiento.<br \/>\n<strong>D\u00eda 3: DINAN \u2013 NING\u00daN FREHEL<\/strong><br \/>\nExcursi\u00f3n a Dinan, ubicada en un punto estrat\u00e9gico en el fondo del estuario del r\u00edo Rance, la ciudad est\u00e1 rodeada de murallas, que cierran un n\u00facleo urbano de empinadas calles empedradas con casas de entramado de madera. Continuaci\u00f3n por la Costa Esmeralda hasta el cabo Frehel desde donde obtendremos unas bonitas vistas desde sus espectaculares acantilados. Regreso al hotel. Cena y alojamiento.<br \/>\n<strong>D\u00eda 4: MONT SAINT MICHEL \u2013 SAINT MALO<\/strong><br \/>\nSalida al Monte Saint-Michel, erigido sobre un islote de granito situado en el centro de una inmensa bah\u00eda ba\u00f1ada por las mayores mareas de Europa, desaf\u00eda al paso de los siglos y se ha convertido en un lugar emblem\u00e1tico de la historia. Llamada la gran \u201cmaravilla de occidente\u201d, visitaremos la emblem\u00e1tica Abad\u00eda y el burgo medieval. Por la tarde visitaremos Saint Malo, uno de los m\u00e1s bellos conjuntos monumentales medievales de Francia. Regreso al hotel. Cena y alojamiento.<br \/>\n<strong>D\u00eda 5: JOSSELIN - ROCHEFORT EN TIERRO - NANTES<\/strong><br \/>\nSalida a Josselin, considerado uno de los m\u00e1s bellos pueblos de Francia. Visitaremos su magn\u00edfico Palau, de tipo privado y habitado hoy por la familia Rohan. Almuerzo en restaurante. Por la tarde daremos un paseo por Rochefort en Terre, las casas tradicionales de granito con tejados de pizarra muy bien conservados, hacen que fuera declarado el pueblo m\u00e1s bonito de Francia en 2016. Traslado a Nantes. Cena. Acomodaci\u00f3n en el hotel y alojamiento.<br \/>\n<strong>D\u00eda 6: NANTES - BARCELONA\u00a0<\/strong><br \/>\nVisita de Nantes. Descubriremos las callejuelas de Bouffay, el barrio medieval y la catedral de San Pedro\/San Pablo, buen exponente del estilo g\u00f3tico flam\u00edgero. Se visitar\u00e1 la isla Feydeau con su conjunto arquitectural del siglo XVIII, los muelles de Nantes y los nuevos barrios comerciales, creados en el siglo XIX en torno al teatro Graslin y del pasaje comercial de Pommeraye. Almuerzo. Por la tarde visitaremos su extraordinaria Galer\u00eda de las M\u00e1quinas, creadas por Delarozi\u00e8re y Orefice, presidida por el Gran Elefante animado de 12 m de altura y por el Carrusel dels Mons Marins. Traslado al aeropuerto y salida en avi\u00f3n a Barcelona. Llegada y fin de nuestros servicios.<\/p>","protected":false},"excerpt":{"rendered":"<p>INCLUYE:<br \/>\nAvi\u00f3n + Maleta (20 kg) y tasas<br \/>\nAutocar y gu\u00eda AIGE desde\/hasta Barcelona<br \/>\nGu\u00eda local en Rennes + gu\u00eda en Nantes<br \/>\nHoteles de 3*** tipo IBIS o similar Pensi\u00f3n completa con agua<br \/>\nTren de Carnac + Entrada a la Abad\u00eda del Monte Saint Michel + machines de Nantes<br \/>\nSeguro de viaje<\/p>","protected":false},"featured_media":3500,"template":"","meta":[],"product_cat":[18],"product_tag":[],"class_list":["post-3497","product","type-product","status-publish","has-post-thumbnail","hentry","product_cat-circuitos-todo-incluido"],"yoast_head":"<!-- This site is optimized with the Yoast SEO plugin v21.7 - https:\/\/yoast.com\/wordpress\/plugins\/seo\/ -->\n<title>BRETANYA I MONT SAINT MICHEL - AIGE Viatges<\/title>\n<meta name=\"description\" content=\"Agencia de viajes online | Descubre nuestros viajes inolvidables a BRETANYA I MONT SAINT MICHEL\" \/>\n<meta name=\"robots\" content=\"index, follow, max-snippet:-1, max-image-preview:large, max-video-preview:-1\" \/>\n<link rel=\"canonical\" href=\"https:\/\/aigeviatges.com\/es\/producto\/bretana-y-mont-saint-michel\/\" \/>\n<meta property=\"og:locale\" content=\"es_ES\" \/>\n<meta property=\"og:type\" content=\"article\" \/>\n<meta property=\"og:title\" content=\"BRETANYA I MONT SAINT MICHEL - AIGE Viatges\" \/>\n<meta property=\"og:description\" content=\"Agencia de viajes online | Descubre nuestros viajes inolvidables a BRETANYA I MONT SAINT MICHEL\" \/>\n<meta property=\"og:url\" content=\"https:\/\/aigeviatges.com\/es\/producto\/bretana-y-mont-saint-michel\/\" \/>\n<meta property=\"og:site_name\" content=\"AIGE Viatges\" \/>\n<meta property=\"article:publisher\" content=\"https:\/\/www.facebook.com\/viatgesaige\/\" \/>\n<meta property=\"article:modified_time\" content=\"2026-01-22T14:34:04+00:00\" \/>\n<meta property=\"og:image\" content=\"https:\/\/aigeviatges.com\/wp-content\/uploads\/2025\/12\/Imagen1.jpg\" \/>\n\t<meta property=\"og:image:width\" content=\"843\" \/>\n\t<meta property=\"og:image:height\" content=\"378\" \/>\n\t<meta property=\"og:image:type\" content=\"image\/jpeg\" \/>\n<meta name=\"twitter:card\" content=\"summary_large_image\" \/>\n<meta name=\"twitter:label1\" content=\"Tiempo de lectura\" \/>\n\t<meta name=\"twitter:data1\" content=\"3 minutos\" \/>\n<script type=\"application\/ld+json\" class=\"yoast-schema-graph\">{\"@context\":\"https:\/\/schema.org\",\"@graph\":[{\"@type\":\"WebPage\",\"@id\":\"https:\/\/aigeviatges.com\/producto\/bretanya-i-mont-saint-michel\/\",\"url\":\"https:\/\/aigeviatges.com\/producto\/bretanya-i-mont-saint-michel\/\",\"name\":\"BRETANYA I MONT SAINT MICHEL - AIGE Viatges\",\"isPartOf\":{\"@id\":\"https:\/\/aigeviatges.com\/#website\"},\"datePublished\":\"2025-12-12T13:17:30+00:00\",\"dateModified\":\"2026-01-22T14:34:04+00:00\",\"description\":\"Agencia de viajes online | Descubre nuestros viajes inolvidables a BRETANYA I MONT SAINT MICHEL\",\"breadcrumb\":{\"@id\":\"https:\/\/aigeviatges.com\/producto\/bretanya-i-mont-saint-michel\/#breadcrumb\"},\"inLanguage\":\"es\",\"potentialAction\":[{\"@type\":\"ReadAction\",\"target\":[\"https:\/\/aigeviatges.com\/producto\/bretanya-i-mont-saint-michel\/\"]}]},{\"@type\":\"BreadcrumbList\",\"@id\":\"https:\/\/aigeviatges.com\/producto\/bretanya-i-mont-saint-michel\/#breadcrumb\",\"itemListElement\":[{\"@type\":\"ListItem\",\"position\":1,\"name\":\"Portada\",\"item\":\"https:\/\/aigeviatges.com\/\"},{\"@type\":\"ListItem\",\"position\":2,\"name\":\"Tienda\",\"item\":\"https:\/\/aigeviatges.com\/tienda-2\/\"},{\"@type\":\"ListItem\",\"position\":3,\"name\":\"BRETANYA I MONT SAINT MICHEL\"}]},{\"@type\":\"WebSite\",\"@id\":\"https:\/\/aigeviatges.com\/#website\",\"url\":\"https:\/\/aigeviatges.com\/\",\"name\":\"AIGE Viatges\",\"description\":\"Agencia de viajes especializada en producto propio para grupos.\",\"publisher\":{\"@id\":\"https:\/\/aigeviatges.com\/#organization\"},\"potentialAction\":[{\"@type\":\"SearchAction\",\"target\":{\"@type\":\"EntryPoint\",\"urlTemplate\":\"https:\/\/aigeviatges.com\/?s={search_term_string}\"},\"query-input\":\"required name=search_term_string\"}],\"inLanguage\":\"es\"},{\"@type\":\"Organization\",\"@id\":\"https:\/\/aigeviatges.com\/#organization\",\"name\":\"AIGE Viatges\",\"url\":\"https:\/\/aigeviatges.com\/\",\"logo\":{\"@type\":\"ImageObject\",\"inLanguage\":\"es\",\"@id\":\"https:\/\/aigeviatges.com\/#\/schema\/logo\/image\/\",\"url\":\"https:\/\/aigeviatges.com\/wp-content\/uploads\/2020\/03\/aig-viatges-logo-web.png\",\"contentUrl\":\"https:\/\/aigeviatges.com\/wp-content\/uploads\/2020\/03\/aig-viatges-logo-web.png\",\"width\":600,\"height\":166,\"caption\":\"AIGE Viatges\"},\"image\":{\"@id\":\"https:\/\/aigeviatges.com\/#\/schema\/logo\/image\/\"},\"sameAs\":[\"https:\/\/www.facebook.com\/viatgesaige\/\"]}]}<\/script>\n<!-- \/ Yoast SEO plugin. -->","yoast_head_json":{"title":"BRETANYA I MONT SAINT MICHEL - AIGE Viatges","description":"Agencia de viajes online | Descubre nuestros viajes inolvidables a BRETANYA I MONT SAINT MICHEL","robots":{"index":"index","follow":"follow","max-snippet":"max-snippet:-1","max-image-preview":"max-image-preview:large","max-video-preview":"max-video-preview:-1"},"canonical":"https:\/\/aigeviatges.com\/es\/producto\/bretana-y-mont-saint-michel\/","og_locale":"es_ES","og_type":"article","og_title":"BRETANYA I MONT SAINT MICHEL - AIGE Viatges","og_description":"Agencia de viajes online | Descubre nuestros viajes inolvidables a BRETANYA I MONT SAINT MICHEL","og_url":"https:\/\/aigeviatges.com\/es\/producto\/bretana-y-mont-saint-michel\/","og_site_name":"AIGE Viatges","article_publisher":"https:\/\/www.facebook.com\/viatgesaige\/","article_modified_time":"2026-01-22T14:34:04+00:00","og_image":[{"width":843,"height":378,"url":"https:\/\/aigeviatges.com\/wp-content\/uploads\/2025\/12\/Imagen1.jpg","type":"image\/jpeg"}],"twitter_card":"summary_large_image","twitter_misc":{"Tiempo de lectura":"3 minutos"},"schema":{"@context":"https:\/\/schema.org","@graph":[{"@type":"WebPage","@id":"https:\/\/aigeviatges.com\/producto\/bretanya-i-mont-saint-michel\/","url":"https:\/\/aigeviatges.com\/producto\/bretanya-i-mont-saint-michel\/","name":"BRETANYA I MONT SAINT MICHEL - AIGE Viatges","isPartOf":{"@id":"https:\/\/aigeviatges.com\/#website"},"datePublished":"2025-12-12T13:17:30+00:00","dateModified":"2026-01-22T14:34:04+00:00","description":"Agencia de viajes online | Descubre nuestros viajes inolvidables a BRETANYA I MONT SAINT MICHEL","breadcrumb":{"@id":"https:\/\/aigeviatges.com\/producto\/bretanya-i-mont-saint-michel\/#breadcrumb"},"inLanguage":"es","potentialAction":[{"@type":"ReadAction","target":["https:\/\/aigeviatges.com\/producto\/bretanya-i-mont-saint-michel\/"]}]},{"@type":"BreadcrumbList","@id":"https:\/\/aigeviatges.com\/producto\/bretanya-i-mont-saint-michel\/#breadcrumb","itemListElement":[{"@type":"ListItem","position":1,"name":"Portada","item":"https:\/\/aigeviatges.com\/"},{"@type":"ListItem","position":2,"name":"Tienda","item":"https:\/\/aigeviatges.com\/tienda-2\/"},{"@type":"ListItem","position":3,"name":"BRETANYA I MONT SAINT MICHEL"}]},{"@type":"WebSite","@id":"https:\/\/aigeviatges.com\/#website","url":"https:\/\/aigeviatges.com\/","name":"AIGE Viatges","description":"Agencia de viajes especializada en producto propio para grupos.","publisher":{"@id":"https:\/\/aigeviatges.com\/#organization"},"potentialAction":[{"@type":"SearchAction","target":{"@type":"EntryPoint","urlTemplate":"https:\/\/aigeviatges.com\/?s={search_term_string}"},"query-input":"required name=search_term_string"}],"inLanguage":"es"},{"@type":"Organization","@id":"https:\/\/aigeviatges.com\/#organization","name":"AIGE Viatges","url":"https:\/\/aigeviatges.com\/","logo":{"@type":"ImageObject","inLanguage":"es","@id":"https:\/\/aigeviatges.com\/#\/schema\/logo\/image\/","url":"https:\/\/aigeviatges.com\/wp-content\/uploads\/2020\/03\/aig-viatges-logo-web.png","contentUrl":"https:\/\/aigeviatges.com\/wp-content\/uploads\/2020\/03\/aig-viatges-logo-web.png","width":600,"height":166,"caption":"AIGE Viatges"},"image":{"@id":"https:\/\/aigeviatges.com\/#\/schema\/logo\/image\/"},"sameAs":["https:\/\/www.facebook.com\/viatgesaige\/"]}]}},"jetpack_sharing_enabled":true,"jetpack_likes_enabled":false,"_links":{"self":[{"href":"https:\/\/aigeviatges.com\/es\/wp-json\/wp\/v2\/product\/3497","targetHints":{"allow":["GET"]}}],"collection":[{"href":"https:\/\/aigeviatges.com\/es\/wp-json\/wp\/v2\/product"}],"about":[{"href":"https:\/\/aigeviatges.com\/es\/wp-json\/wp\/v2\/types\/product"}],"wp:featuredmedia":[{"embeddable":true,"href":"https:\/\/aigeviatges.com\/es\/wp-json\/wp\/v2\/media\/3500"}],"wp:attachment":[{"href":"https:\/\/aigeviatges.com\/es\/wp-json\/wp\/v2\/media?parent=3497"}],"wp:term":[{"taxonomy":"product_cat","embeddable":true,"href":"https:\/\/aigeviatges.com\/es\/wp-json\/wp\/v2\/product_cat?post=3497"},{"taxonomy":"product_tag","embeddable":true,"href":"https:\/\/aigeviatges.com\/es\/wp-json\/wp\/v2\/product_tag?post=3497"}],"curies":[{"name":"wp","href":"https:\/\/api.w.org\/{rel}","templated":true}]}}