{"id":3496,"date":"2025-12-12T14:09:51","date_gmt":"2025-12-12T13:09:51","guid":{"rendered":"https:\/\/aigeviatges.com\/?post_type=product&#038;p=3496"},"modified":"2026-04-17T12:21:29","modified_gmt":"2026-04-17T10:21:29","slug":"eslovenia","status":"publish","type":"product","link":"https:\/\/aigeviatges.com\/es\/producto\/eslovenia\/","title":{"rendered":"ESLOVENIA I ZAGREB &#8211; SOTA PETICIO"},"content":{"rendered":"<p><strong>D\u00eda 1: BARCELONA \u2013 APT VENECIA \u2013 LIUBLIANA ALREDEDORES \/ KRANJ\u00a0<\/strong><br \/>\nSalida en avi\u00f3n a Venecia. Llegada y continuaci\u00f3n en autocar a Liubliana. Almuerzo en ruta. Por la tarde daremos un paseo por Liubliana y su centro hist\u00f3rico pasaremos por el edificio de congresos, la biblioteca nacional, la catedral, la plaza principal, el Puente Triple y el Puente de los Dragones, s\u00edmbolo de la ciudad. Continuaci\u00f3n en el hotel. Acomodaci\u00f3n, cena y alojamiento.<br \/>\n<strong>D\u00eda 2: CUEVA DE POSTOJNA - CASTILLO DE PREDJAMA<\/strong><br \/>\nSalida a Postojna para visitar su Cueva, una de las mayores atracciones de Eslovenia y del mundo subterr\u00e1neo. La cueva de Postojna es famosa por ser la cueva m\u00e1s grande del mundo que permite visitas tur\u00edsticas. La visita se realiza a pie y en un tren el\u00e9ctrico. Almuerzo en rto. Por la tarde visitaremos el Castillo de Predjama, un castillo medieval, situado debajo de una roca y conectado con grutas. Despu\u00e9s de la visita, regreso al hotel. Cena y alojamiento.<br \/>\n<strong>D\u00eda 3: ZAGREB (CROACIA)<\/strong><br \/>\nSalida a Zagreb. Visita guiada de la capital de Croacia. Haremos un recorrido por los sitios m\u00e1s importantes de la ciudad. En la parte baja veremos la plaza de Ban Jelacic, algunos edificios gubernamentales, la catedral con las 2 torres constituye el edificio m\u00e1s alto de Croacia, el mercado Dolac donde conoceremos algunas costumbres de la vida diaria de la poblaci\u00f3n local. Seguidamente subiremos en funicular en lo alto donde podremos ver la iglesia de San Marcos, la Torre Lotr\u0161\u010dak, desde la que se dispara, a medio d\u00eda, el famoso s\u00edmbolo de la ciudad: el ca\u00f1\u00f3n Gri\u010d\u2026Comida. Tiempo libre para actividades personales. Regreso al hotel. Cena y alojamiento.<br \/>\n<strong>D\u00eda 4: CUEVAS DE SKOCJAN \u2013 PIRAN ( ISTRIA ESLOVENA )<\/strong><br \/>\nSalida a la costa de Istria. Visitaremos la cueva Skocjan, Patrimonio de la Humanidad de la UNESCO. Destaca el impresionante ca\u00f1\u00f3n subterr\u00e1neo, uno de los mayores del mundo, incluye un sistema de cuevas con un r\u00edo, ca\u00f1ones y formaciones rocosas. Almuerzo en ruta. Continuaci\u00f3n a Piran con su muralla que es una ciudad de especial valor. Se trata del monumento cultural urbano mejor conservado de Istria eslovena. Regreso al hotel. Cena y alojamiento.<br \/>\nNota: Calzado adecuado para andar por senderos.<br \/>\n<strong>D\u00eda 5: LAGO DE BOHINJ y BLED<\/strong><br \/>\nSalida a Bohinj, impresionante lago situado en el coraz\u00f3n del Parque Nacional Triglav. Un lugar clave en esta zona es Vogel, all\u00ed nos espera el Telef\u00e9rico de Ukanc, desde el que accederemos a la cima del monte Vogel, desde ese lugar obtendremos las mejores panor\u00e1micas del inmenso lago. Continuaci\u00f3n a Bled. Almuerzo. Visitaremos el precioso pueblo y su lago con una isla en medio. Dispondremos de tiempo para quien lo desee, tomar un peque\u00f1o barco tradicional &quot;pletna&quot; hasta la isla, donde se encuentra la iglesia de Sta. Mar\u00eda (opcional). Regreso al hotel. Cena y alojamiento.<br \/>\n<strong>D\u00eda 6: LIUBLIANA \u2013TRIESTE \u2013 BARCELONA<\/strong><br \/>\nSalida a Trieste. Visita de la ciudad, destaca la Catedral de San Justo, con sus preciosos mosaicos bizantinos y los restos del pavimento de mosaico del siglo V. Continuaremos con un paseo por el Gran Canal. En sus aguas se reflejan los palacios y residencias de ricos mercaderes del pasado. Almuerzo en rto. Traslado al aeropuerto Marco Polo. Salida en avi\u00f3n a Barcelona. Llegada y fin de nuestros servicios.<\/p>","protected":false},"excerpt":{"rendered":"<p>INCLUYE:<br \/>\nAvi\u00f3n BCN - VENECIA - BCN \/ Maleta (20 kg) y tasas<br \/>\nAutocar local y gu\u00eda AIGE<br \/>\nGu\u00eda local en Liubliana y Zagreb<br \/>\nHotel: 3*** + pensi\u00f3n completa con agua<br \/>\nEntrada a las cuevas Skocjan y Postojna, Castillo de Predjama, Duomo de Trieste<br \/>\nTelef\u00e9rico del Vogel<br \/>\nSeguro viaje<\/p>","protected":false},"featured_media":3499,"template":"","meta":[],"product_cat":[119],"product_tag":[],"class_list":["post-3496","product","type-product","status-publish","has-post-thumbnail","hentry","product_cat-circuitos-todo-incluido-2"],"yoast_head":"<!-- This site is optimized with the Yoast SEO plugin v21.7 - https:\/\/yoast.com\/wordpress\/plugins\/seo\/ -->\n<title>Viatges a ESLOVENIA I ZAGREB. Ag\u00e8ncia de viatges<\/title>\n<meta name=\"description\" content=\"Ag\u00e8ncia de viatges en l\u00ednia | Descobreix els nostres viatges inoblidables a ESLOVENIA I ZAGREB - SOTA PETICIO\" \/>\n<meta name=\"robots\" content=\"index, follow, max-snippet:-1, max-image-preview:large, max-video-preview:-1\" \/>\n<link rel=\"canonical\" href=\"https:\/\/aigeviatges.com\/es\/producto\/eslovenia\/\" \/>\n<meta property=\"og:locale\" content=\"es_ES\" \/>\n<meta property=\"og:type\" content=\"article\" \/>\n<meta property=\"og:title\" content=\"Viatges a ESLOVENIA I ZAGREB. Ag\u00e8ncia de viatges\" \/>\n<meta property=\"og:description\" content=\"Ag\u00e8ncia de viatges en l\u00ednia | Descobreix els nostres viatges inoblidables a ESLOVENIA I ZAGREB - SOTA PETICIO\" \/>\n<meta property=\"og:url\" content=\"https:\/\/aigeviatges.com\/es\/producto\/eslovenia\/\" \/>\n<meta property=\"og:site_name\" content=\"AIGE Viatges\" \/>\n<meta property=\"article:publisher\" content=\"https:\/\/www.facebook.com\/viatgesaige\/\" \/>\n<meta property=\"article:modified_time\" content=\"2026-04-17T10:21:29+00:00\" \/>\n<meta property=\"og:image\" content=\"https:\/\/aigeviatges.com\/wp-content\/uploads\/2025\/12\/Diseno-sin-titulo.jpg\" \/>\n\t<meta property=\"og:image:width\" content=\"1920\" \/>\n\t<meta property=\"og:image:height\" content=\"1080\" \/>\n\t<meta property=\"og:image:type\" content=\"image\/jpeg\" \/>\n<meta name=\"twitter:card\" content=\"summary_large_image\" \/>\n<meta name=\"twitter:label1\" content=\"Tiempo de lectura\" \/>\n\t<meta name=\"twitter:data1\" content=\"3 minutos\" \/>\n<script type=\"application\/ld+json\" class=\"yoast-schema-graph\">{\"@context\":\"https:\/\/schema.org\",\"@graph\":[{\"@type\":\"WebPage\",\"@id\":\"https:\/\/aigeviatges.com\/producto\/eslovenia\/\",\"url\":\"https:\/\/aigeviatges.com\/producto\/eslovenia\/\",\"name\":\"Viatges a ESLOVENIA I ZAGREB. Ag\u00e8ncia de viatges\",\"isPartOf\":{\"@id\":\"https:\/\/aigeviatges.com\/#website\"},\"datePublished\":\"2025-12-12T13:09:51+00:00\",\"dateModified\":\"2026-04-17T10:21:29+00:00\",\"description\":\"Ag\u00e8ncia de viatges en l\u00ednia | Descobreix els nostres viatges inoblidables a ESLOVENIA I ZAGREB - SOTA PETICIO\",\"breadcrumb\":{\"@id\":\"https:\/\/aigeviatges.com\/producto\/eslovenia\/#breadcrumb\"},\"inLanguage\":\"es\",\"potentialAction\":[{\"@type\":\"ReadAction\",\"target\":[\"https:\/\/aigeviatges.com\/producto\/eslovenia\/\"]}]},{\"@type\":\"BreadcrumbList\",\"@id\":\"https:\/\/aigeviatges.com\/producto\/eslovenia\/#breadcrumb\",\"itemListElement\":[{\"@type\":\"ListItem\",\"position\":1,\"name\":\"Portada\",\"item\":\"https:\/\/aigeviatges.com\/\"},{\"@type\":\"ListItem\",\"position\":2,\"name\":\"Tienda\",\"item\":\"https:\/\/aigeviatges.com\/tienda-2\/\"},{\"@type\":\"ListItem\",\"position\":3,\"name\":\"ESLOVENIA I ZAGREB &#8211; SOTA PETICIO\"}]},{\"@type\":\"WebSite\",\"@id\":\"https:\/\/aigeviatges.com\/#website\",\"url\":\"https:\/\/aigeviatges.com\/\",\"name\":\"AIGE Viatges\",\"description\":\"Agencia de viajes especializada en producto propio para grupos.\",\"publisher\":{\"@id\":\"https:\/\/aigeviatges.com\/#organization\"},\"potentialAction\":[{\"@type\":\"SearchAction\",\"target\":{\"@type\":\"EntryPoint\",\"urlTemplate\":\"https:\/\/aigeviatges.com\/?s={search_term_string}\"},\"query-input\":\"required name=search_term_string\"}],\"inLanguage\":\"es\"},{\"@type\":\"Organization\",\"@id\":\"https:\/\/aigeviatges.com\/#organization\",\"name\":\"AIGE Viatges\",\"url\":\"https:\/\/aigeviatges.com\/\",\"logo\":{\"@type\":\"ImageObject\",\"inLanguage\":\"es\",\"@id\":\"https:\/\/aigeviatges.com\/#\/schema\/logo\/image\/\",\"url\":\"https:\/\/aigeviatges.com\/wp-content\/uploads\/2020\/03\/aig-viatges-logo-web.png\",\"contentUrl\":\"https:\/\/aigeviatges.com\/wp-content\/uploads\/2020\/03\/aig-viatges-logo-web.png\",\"width\":600,\"height\":166,\"caption\":\"AIGE Viatges\"},\"image\":{\"@id\":\"https:\/\/aigeviatges.com\/#\/schema\/logo\/image\/\"},\"sameAs\":[\"https:\/\/www.facebook.com\/viatgesaige\/\"]}]}<\/script>\n<!-- \/ Yoast SEO plugin. -->","yoast_head_json":{"title":"Viatges a ESLOVENIA I ZAGREB. Ag\u00e8ncia de viatges","description":"Ag\u00e8ncia de viatges en l\u00ednia | Descobreix els nostres viatges inoblidables a ESLOVENIA I ZAGREB - SOTA PETICIO","robots":{"index":"index","follow":"follow","max-snippet":"max-snippet:-1","max-image-preview":"max-image-preview:large","max-video-preview":"max-video-preview:-1"},"canonical":"https:\/\/aigeviatges.com\/es\/producto\/eslovenia\/","og_locale":"es_ES","og_type":"article","og_title":"Viatges a ESLOVENIA I ZAGREB. Ag\u00e8ncia de viatges","og_description":"Ag\u00e8ncia de viatges en l\u00ednia | Descobreix els nostres viatges inoblidables a ESLOVENIA I ZAGREB - SOTA PETICIO","og_url":"https:\/\/aigeviatges.com\/es\/producto\/eslovenia\/","og_site_name":"AIGE Viatges","article_publisher":"https:\/\/www.facebook.com\/viatgesaige\/","article_modified_time":"2026-04-17T10:21:29+00:00","og_image":[{"width":1920,"height":1080,"url":"https:\/\/aigeviatges.com\/wp-content\/uploads\/2025\/12\/Diseno-sin-titulo.jpg","type":"image\/jpeg"}],"twitter_card":"summary_large_image","twitter_misc":{"Tiempo de lectura":"3 minutos"},"schema":{"@context":"https:\/\/schema.org","@graph":[{"@type":"WebPage","@id":"https:\/\/aigeviatges.com\/producto\/eslovenia\/","url":"https:\/\/aigeviatges.com\/producto\/eslovenia\/","name":"Viatges a ESLOVENIA I ZAGREB. Ag\u00e8ncia de viatges","isPartOf":{"@id":"https:\/\/aigeviatges.com\/#website"},"datePublished":"2025-12-12T13:09:51+00:00","dateModified":"2026-04-17T10:21:29+00:00","description":"Ag\u00e8ncia de viatges en l\u00ednia | Descobreix els nostres viatges inoblidables a ESLOVENIA I ZAGREB - SOTA PETICIO","breadcrumb":{"@id":"https:\/\/aigeviatges.com\/producto\/eslovenia\/#breadcrumb"},"inLanguage":"es","potentialAction":[{"@type":"ReadAction","target":["https:\/\/aigeviatges.com\/producto\/eslovenia\/"]}]},{"@type":"BreadcrumbList","@id":"https:\/\/aigeviatges.com\/producto\/eslovenia\/#breadcrumb","itemListElement":[{"@type":"ListItem","position":1,"name":"Portada","item":"https:\/\/aigeviatges.com\/"},{"@type":"ListItem","position":2,"name":"Tienda","item":"https:\/\/aigeviatges.com\/tienda-2\/"},{"@type":"ListItem","position":3,"name":"ESLOVENIA I ZAGREB &#8211; SOTA PETICIO"}]},{"@type":"WebSite","@id":"https:\/\/aigeviatges.com\/#website","url":"https:\/\/aigeviatges.com\/","name":"AIGE Viatges","description":"Agencia de viajes especializada en producto propio para grupos.","publisher":{"@id":"https:\/\/aigeviatges.com\/#organization"},"potentialAction":[{"@type":"SearchAction","target":{"@type":"EntryPoint","urlTemplate":"https:\/\/aigeviatges.com\/?s={search_term_string}"},"query-input":"required name=search_term_string"}],"inLanguage":"es"},{"@type":"Organization","@id":"https:\/\/aigeviatges.com\/#organization","name":"AIGE Viatges","url":"https:\/\/aigeviatges.com\/","logo":{"@type":"ImageObject","inLanguage":"es","@id":"https:\/\/aigeviatges.com\/#\/schema\/logo\/image\/","url":"https:\/\/aigeviatges.com\/wp-content\/uploads\/2020\/03\/aig-viatges-logo-web.png","contentUrl":"https:\/\/aigeviatges.com\/wp-content\/uploads\/2020\/03\/aig-viatges-logo-web.png","width":600,"height":166,"caption":"AIGE Viatges"},"image":{"@id":"https:\/\/aigeviatges.com\/#\/schema\/logo\/image\/"},"sameAs":["https:\/\/www.facebook.com\/viatgesaige\/"]}]}},"jetpack_sharing_enabled":true,"jetpack_likes_enabled":false,"_links":{"self":[{"href":"https:\/\/aigeviatges.com\/es\/wp-json\/wp\/v2\/product\/3496","targetHints":{"allow":["GET"]}}],"collection":[{"href":"https:\/\/aigeviatges.com\/es\/wp-json\/wp\/v2\/product"}],"about":[{"href":"https:\/\/aigeviatges.com\/es\/wp-json\/wp\/v2\/types\/product"}],"wp:featuredmedia":[{"embeddable":true,"href":"https:\/\/aigeviatges.com\/es\/wp-json\/wp\/v2\/media\/3499"}],"wp:attachment":[{"href":"https:\/\/aigeviatges.com\/es\/wp-json\/wp\/v2\/media?parent=3496"}],"wp:term":[{"taxonomy":"product_cat","embeddable":true,"href":"https:\/\/aigeviatges.com\/es\/wp-json\/wp\/v2\/product_cat?post=3496"},{"taxonomy":"product_tag","embeddable":true,"href":"https:\/\/aigeviatges.com\/es\/wp-json\/wp\/v2\/product_tag?post=3496"}],"curies":[{"name":"wp","href":"https:\/\/api.w.org\/{rel}","templated":true}]}}