{"id":3391,"date":"2025-05-30T10:01:29","date_gmt":"2025-05-30T08:01:29","guid":{"rendered":"https:\/\/aigeviatges.com\/?post_type=product&#038;p=3391"},"modified":"2025-11-06T14:02:16","modified_gmt":"2025-11-06T13:02:16","slug":"mercats-nadal-flandes-i-andre-rieu","status":"publish","type":"product","link":"https:\/\/aigeviatges.com\/es\/producto\/mercados-navidad-flandes-y-andre-rieu\/","title":{"rendered":"MERCADOS NAVIDAD FLANDES Y ANDR\u00c9 RIEU - completo"},"content":{"rendered":"<p><strong>D\u00eda 1: BARCELONA \u2013 BRUSELAS \u2013 HOTEL<\/strong><br \/>\nSalida en avi\u00f3n a Bruselas Llegada y visita del centro hist\u00f3rico, la Grand Place, el Manneken Pis, etc.<br \/>\n<strong>D\u00eda 2: MAASTRICHT \u2013 CONCIERTO DE NAVIDAD ANDR\u00c9 RIEU<\/strong><br \/>\nSalida a Maastricht. Visitaremos el mercado navide\u00f1o de la plaza Vrijthof donde tambi\u00e9n instalan una pista de hielo y una noria de 50 metros de altura. Almuerzo. A la hora concertada traslado al recinto MECC para asistir al maravilloso CONCIERTO DE NAVIDAD a cargo de ANDR\u00c9 RIEU. Finalizado lo mismo, regreso al hotel. Alojamiento. (NOTA: la cena de este d\u00eda es por libre y no est\u00e1 incluida).<br \/>\n<strong>D\u00eda 3: BRUJAS \u2013 MERCADOS DE NAVIDAD<\/strong><br \/>\nSalida a Brujas. Visita de esta ciudad amurallado con sus canales y por sus callejuelas llenas de encanto. En la Grand Place visitaremos la Bas\u00edlica de la Sangre (S.XII) donde se guarda la sangre de Jesucristo. Almuerzo. Seguidamente disfrutaremos de uno de los mercados navide\u00f1os m\u00e1s bellos de B\u00e9lgica. Toda la ciudad se convierte en un destino de cuento de hadas, lleno de \u00e1rboles de Navidad, luces y aromas de gofres con mantequilla y chocolate caliente. Regreso al hotel. Cena y alojamiento.<br \/>\n<strong>D\u00eda 4: HOTEL - GANTE - BARCELONA<\/strong><br \/>\nSalida a Gante. Visitaremos el centro hist\u00f3rico, la Catedral de San Bav\u00f3n, el campanario Belfort y el edificio del Ayuntamiento, la Iglesia de San Nicol\u00e1s, la Casa Gremial de los Paletas, el peque\u00f1o puerto medieval, el Castillo de los Condes de Flandes, el barrio del Patershol, la Plaza del Viernes y las lonjas de la carne y el pescado. Almuerzo. Traslado al aeropuerto y salida en avi\u00f3n a Barcelona.<\/p>","protected":false},"excerpt":{"rendered":"<p><strong>INCLUYE:<\/strong><br \/>\nAvi\u00f3n con tasas y maleta 20 kg<br \/>\nAutocar local y gu\u00eda acompa\u00f1ante<br \/>\n3 noches de Hotel 3***<br \/>\nPensi\u00f3n completa (excepto cena d\u00eda 2) + agua Ticket entrada al concierto de Navidad Andr\u00e9 Rieu. RANK 1(Categ.1)<br \/>\nSeguro de asistencia en viaje.<\/p>\n<p><strong>NO INCLUYE:<\/strong><br \/>\nTraslados al aeropuerto de BCN<br \/>\nCena del d\u00eda 2 (d\u00eda del concierto)<br \/>\nBebidas en las comidas (excepto agua)<\/p>","protected":false},"featured_media":0,"template":"","meta":[],"product_cat":[119],"product_tag":[],"class_list":["post-3391","product","type-product","status-publish","hentry","product_cat-circuitos-todo-incluido-2"],"yoast_head":"<!-- This site is optimized with the Yoast SEO plugin v21.7 - https:\/\/yoast.com\/wordpress\/plugins\/seo\/ -->\n<title>MERCATS NADAL FLANDES I ANDR\u00c9 RIEU<\/title>\n<meta name=\"description\" content=\"Ag\u00e8ncia de viatges en l\u00ednia | Descobreix els nostres viatges inoblidables aMERCATS NADAL FLANDES I ANDR\u00c9 RIEU - complet\" \/>\n<meta name=\"robots\" content=\"index, follow, max-snippet:-1, max-image-preview:large, max-video-preview:-1\" \/>\n<link rel=\"canonical\" href=\"https:\/\/aigeviatges.com\/es\/producto\/mercados-navidad-flandes-y-andre-rieu\/\" \/>\n<meta property=\"og:locale\" content=\"es_ES\" \/>\n<meta property=\"og:type\" content=\"article\" \/>\n<meta property=\"og:title\" content=\"MERCATS NADAL FLANDES I ANDR\u00c9 RIEU\" \/>\n<meta property=\"og:description\" content=\"Ag\u00e8ncia de viatges en l\u00ednia | Descobreix els nostres viatges inoblidables aMERCATS NADAL FLANDES I ANDR\u00c9 RIEU - complet\" \/>\n<meta property=\"og:url\" content=\"https:\/\/aigeviatges.com\/es\/producto\/mercados-navidad-flandes-y-andre-rieu\/\" \/>\n<meta property=\"og:site_name\" content=\"AIGE Viatges\" \/>\n<meta property=\"article:publisher\" content=\"https:\/\/www.facebook.com\/viatgesaige\/\" \/>\n<meta property=\"article:modified_time\" content=\"2025-11-06T13:02:16+00:00\" \/>\n<meta property=\"og:image\" content=\"https:\/\/aigeviatges.com\/wp-content\/uploads\/2025\/05\/andre-rieu-andre-rieu-c8628900-1825-433a-a0da-a285eeafb90f_302011_RETINA_LANDSCAPE_16_9-1200x675-1.jpg\" \/>\n\t<meta property=\"og:image:width\" content=\"1200\" \/>\n\t<meta property=\"og:image:height\" content=\"675\" \/>\n\t<meta property=\"og:image:type\" content=\"image\/jpeg\" \/>\n<meta name=\"twitter:card\" content=\"summary_large_image\" \/>\n<meta name=\"twitter:label1\" content=\"Tiempo de lectura\" \/>\n\t<meta name=\"twitter:data1\" content=\"2 minutos\" \/>\n<script type=\"application\/ld+json\" class=\"yoast-schema-graph\">{\"@context\":\"https:\/\/schema.org\",\"@graph\":[{\"@type\":\"WebPage\",\"@id\":\"https:\/\/aigeviatges.com\/producto\/mercats-nadal-flandes-i-andre-rieu\/\",\"url\":\"https:\/\/aigeviatges.com\/producto\/mercats-nadal-flandes-i-andre-rieu\/\",\"name\":\"MERCATS NADAL FLANDES I ANDR\u00c9 RIEU\",\"isPartOf\":{\"@id\":\"https:\/\/aigeviatges.com\/#website\"},\"datePublished\":\"2025-05-30T08:01:29+00:00\",\"dateModified\":\"2025-11-06T13:02:16+00:00\",\"description\":\"Ag\u00e8ncia de viatges en l\u00ednia | Descobreix els nostres viatges inoblidables aMERCATS NADAL FLANDES I ANDR\u00c9 RIEU - complet\",\"breadcrumb\":{\"@id\":\"https:\/\/aigeviatges.com\/producto\/mercats-nadal-flandes-i-andre-rieu\/#breadcrumb\"},\"inLanguage\":\"es\",\"potentialAction\":[{\"@type\":\"ReadAction\",\"target\":[\"https:\/\/aigeviatges.com\/producto\/mercats-nadal-flandes-i-andre-rieu\/\"]}]},{\"@type\":\"BreadcrumbList\",\"@id\":\"https:\/\/aigeviatges.com\/producto\/mercats-nadal-flandes-i-andre-rieu\/#breadcrumb\",\"itemListElement\":[{\"@type\":\"ListItem\",\"position\":1,\"name\":\"Portada\",\"item\":\"https:\/\/aigeviatges.com\/\"},{\"@type\":\"ListItem\",\"position\":2,\"name\":\"Tienda\",\"item\":\"https:\/\/aigeviatges.com\/tienda-2\/\"},{\"@type\":\"ListItem\",\"position\":3,\"name\":\"MERCATS NADAL FLANDES I ANDR\u00c9 RIEU &#8211; complet\"}]},{\"@type\":\"WebSite\",\"@id\":\"https:\/\/aigeviatges.com\/#website\",\"url\":\"https:\/\/aigeviatges.com\/\",\"name\":\"AIGE Viatges\",\"description\":\"Agencia de viajes especializada en producto propio para grupos.\",\"publisher\":{\"@id\":\"https:\/\/aigeviatges.com\/#organization\"},\"potentialAction\":[{\"@type\":\"SearchAction\",\"target\":{\"@type\":\"EntryPoint\",\"urlTemplate\":\"https:\/\/aigeviatges.com\/?s={search_term_string}\"},\"query-input\":\"required name=search_term_string\"}],\"inLanguage\":\"es\"},{\"@type\":\"Organization\",\"@id\":\"https:\/\/aigeviatges.com\/#organization\",\"name\":\"AIGE Viatges\",\"url\":\"https:\/\/aigeviatges.com\/\",\"logo\":{\"@type\":\"ImageObject\",\"inLanguage\":\"es\",\"@id\":\"https:\/\/aigeviatges.com\/#\/schema\/logo\/image\/\",\"url\":\"https:\/\/aigeviatges.com\/wp-content\/uploads\/2020\/03\/aig-viatges-logo-web.png\",\"contentUrl\":\"https:\/\/aigeviatges.com\/wp-content\/uploads\/2020\/03\/aig-viatges-logo-web.png\",\"width\":600,\"height\":166,\"caption\":\"AIGE Viatges\"},\"image\":{\"@id\":\"https:\/\/aigeviatges.com\/#\/schema\/logo\/image\/\"},\"sameAs\":[\"https:\/\/www.facebook.com\/viatgesaige\/\"]}]}<\/script>\n<!-- \/ Yoast SEO plugin. -->","yoast_head_json":{"title":"MERCATS NADAL FLANDES I ANDR\u00c9 RIEU","description":"Ag\u00e8ncia de viatges en l\u00ednia | Descobreix els nostres viatges inoblidables aMERCATS NADAL FLANDES I ANDR\u00c9 RIEU - complet","robots":{"index":"index","follow":"follow","max-snippet":"max-snippet:-1","max-image-preview":"max-image-preview:large","max-video-preview":"max-video-preview:-1"},"canonical":"https:\/\/aigeviatges.com\/es\/producto\/mercados-navidad-flandes-y-andre-rieu\/","og_locale":"es_ES","og_type":"article","og_title":"MERCATS NADAL FLANDES I ANDR\u00c9 RIEU","og_description":"Ag\u00e8ncia de viatges en l\u00ednia | Descobreix els nostres viatges inoblidables aMERCATS NADAL FLANDES I ANDR\u00c9 RIEU - complet","og_url":"https:\/\/aigeviatges.com\/es\/producto\/mercados-navidad-flandes-y-andre-rieu\/","og_site_name":"AIGE Viatges","article_publisher":"https:\/\/www.facebook.com\/viatgesaige\/","article_modified_time":"2025-11-06T13:02:16+00:00","og_image":[{"width":1200,"height":675,"url":"https:\/\/aigeviatges.com\/wp-content\/uploads\/2025\/05\/andre-rieu-andre-rieu-c8628900-1825-433a-a0da-a285eeafb90f_302011_RETINA_LANDSCAPE_16_9-1200x675-1.jpg","type":"image\/jpeg"}],"twitter_card":"summary_large_image","twitter_misc":{"Tiempo de lectura":"2 minutos"},"schema":{"@context":"https:\/\/schema.org","@graph":[{"@type":"WebPage","@id":"https:\/\/aigeviatges.com\/producto\/mercats-nadal-flandes-i-andre-rieu\/","url":"https:\/\/aigeviatges.com\/producto\/mercats-nadal-flandes-i-andre-rieu\/","name":"MERCATS NADAL FLANDES I ANDR\u00c9 RIEU","isPartOf":{"@id":"https:\/\/aigeviatges.com\/#website"},"datePublished":"2025-05-30T08:01:29+00:00","dateModified":"2025-11-06T13:02:16+00:00","description":"Ag\u00e8ncia de viatges en l\u00ednia | Descobreix els nostres viatges inoblidables aMERCATS NADAL FLANDES I ANDR\u00c9 RIEU - complet","breadcrumb":{"@id":"https:\/\/aigeviatges.com\/producto\/mercats-nadal-flandes-i-andre-rieu\/#breadcrumb"},"inLanguage":"es","potentialAction":[{"@type":"ReadAction","target":["https:\/\/aigeviatges.com\/producto\/mercats-nadal-flandes-i-andre-rieu\/"]}]},{"@type":"BreadcrumbList","@id":"https:\/\/aigeviatges.com\/producto\/mercats-nadal-flandes-i-andre-rieu\/#breadcrumb","itemListElement":[{"@type":"ListItem","position":1,"name":"Portada","item":"https:\/\/aigeviatges.com\/"},{"@type":"ListItem","position":2,"name":"Tienda","item":"https:\/\/aigeviatges.com\/tienda-2\/"},{"@type":"ListItem","position":3,"name":"MERCATS NADAL FLANDES I ANDR\u00c9 RIEU &#8211; complet"}]},{"@type":"WebSite","@id":"https:\/\/aigeviatges.com\/#website","url":"https:\/\/aigeviatges.com\/","name":"AIGE Viatges","description":"Agencia de viajes especializada en producto propio para grupos.","publisher":{"@id":"https:\/\/aigeviatges.com\/#organization"},"potentialAction":[{"@type":"SearchAction","target":{"@type":"EntryPoint","urlTemplate":"https:\/\/aigeviatges.com\/?s={search_term_string}"},"query-input":"required name=search_term_string"}],"inLanguage":"es"},{"@type":"Organization","@id":"https:\/\/aigeviatges.com\/#organization","name":"AIGE Viatges","url":"https:\/\/aigeviatges.com\/","logo":{"@type":"ImageObject","inLanguage":"es","@id":"https:\/\/aigeviatges.com\/#\/schema\/logo\/image\/","url":"https:\/\/aigeviatges.com\/wp-content\/uploads\/2020\/03\/aig-viatges-logo-web.png","contentUrl":"https:\/\/aigeviatges.com\/wp-content\/uploads\/2020\/03\/aig-viatges-logo-web.png","width":600,"height":166,"caption":"AIGE Viatges"},"image":{"@id":"https:\/\/aigeviatges.com\/#\/schema\/logo\/image\/"},"sameAs":["https:\/\/www.facebook.com\/viatgesaige\/"]}]}},"jetpack_sharing_enabled":true,"jetpack_likes_enabled":false,"_links":{"self":[{"href":"https:\/\/aigeviatges.com\/es\/wp-json\/wp\/v2\/product\/3391","targetHints":{"allow":["GET"]}}],"collection":[{"href":"https:\/\/aigeviatges.com\/es\/wp-json\/wp\/v2\/product"}],"about":[{"href":"https:\/\/aigeviatges.com\/es\/wp-json\/wp\/v2\/types\/product"}],"wp:attachment":[{"href":"https:\/\/aigeviatges.com\/es\/wp-json\/wp\/v2\/media?parent=3391"}],"wp:term":[{"taxonomy":"product_cat","embeddable":true,"href":"https:\/\/aigeviatges.com\/es\/wp-json\/wp\/v2\/product_cat?post=3391"},{"taxonomy":"product_tag","embeddable":true,"href":"https:\/\/aigeviatges.com\/es\/wp-json\/wp\/v2\/product_tag?post=3391"}],"curies":[{"name":"wp","href":"https:\/\/api.w.org\/{rel}","templated":true}]}}