{"id":3390,"date":"2025-05-29T14:16:26","date_gmt":"2025-05-29T12:16:26","guid":{"rendered":"https:\/\/aigeviatges.com\/?post_type=product&#038;p=3390"},"modified":"2025-10-06T10:04:35","modified_gmt":"2025-10-06T08:04:35","slug":"mercats-de-nadal-d-alsacia","status":"publish","type":"product","link":"https:\/\/aigeviatges.com\/es\/producto\/mercados-de-navidad-de-alsacia\/","title":{"rendered":"Mercados de Navidad de Alsacia \u2013 COMPLETO"},"content":{"rendered":"<p><strong>D\u00eda 1: BARCELONA - ZURICH - EGUISHEIM - HOTEL \u00a0\u00a0<\/strong><br \/>\nSalida en vuelo de l\u00ednea regular con destino a Zurich. Traslado a Eguisheim est\u00e1 clasificada entre &quot;Los pueblos m\u00e1s bellos de Francia&quot; desde 2003 . Construida en torno a su castillo, esta ciudad medieval se extiende en c\u00edrculos que comparten el mismo eje. Descubriremos fuentes, patios dedicados a recolectar los diezmos del cosechado, una iglesia que alberga a una \u201cVirgen Abirtara\u201d del siglo 13 etc. Traslado al hotel. Cena y alojamiento.<\/p>\n<p><strong>D\u00eda 2: ESTRASBURGO<\/strong><br \/>\nPor la ma\u00f1ana visitaremos Estrasburgo, cuyo centro hist\u00f3rico est\u00e1 declarado Patrimonio de la Humanidad. Heredera de tradiciones culturales propias, con reminiscencias francesas y alemanas, en Estrasburgo se sintetiza la visi\u00f3n de Europa. Pasearemos por su casco antiguo para ver los monumentos m\u00e1s emblem\u00e1ticos como la catedral de Notre Dame, considerada una obra maestra absoluta del arte g\u00f3tico. Almuerzo y tarde libre para disfrutar del ambiente navide\u00f1o en la capital del valle medio del Rin. <strong><u>Cena libre en el mercado (no incluido).<\/u><\/strong> Regreso al hotel. Alojamiento.<\/p>\n<p><strong>\u00a0D\u00eda 3: FRIBURGO \u2013 MERCADO DE RAVENNASCHLUCHT<\/strong><br \/>\nPor la ma\u00f1ana, visitaremos la poblaci\u00f3n de Freiburg, ciudad monumental donde destaca su espectacular catedral. Almuerzo. Por la tarde iremos hasta el mercado navide\u00f1o de Ravennaschlucht, uno de los m\u00e1s bellos de Europa. Su preciosa localizaci\u00f3n en un bosque de la Selva Negra en las afueras de Friburgo le convierten en lugar m\u00e1gico, tambi\u00e9n gracias a su espectacular iluminaci\u00f3n. <strong><u>Cena libre en el mercado (no incluido).<\/u><\/strong> Regreso al hotel y alojamiento.<\/p>\n<p><strong>D\u00eda 4: RIQUEWIHR \u2013 COLMAR \u00a0<\/strong><br \/>\nPor la ma\u00f1ana pasaremos por la zona de vi\u00f1edos hasta el peque\u00f1o pueblo de Riquewihr, un aut\u00e9ntico museo al aire libre. Paseo por el pueblo y continuaci\u00f3n de la ruta hasta Colmar, hermosa ciudad cargada de bellos edificios tradicionales que han sabido mantener su atractivo durante siglos. Almuerzo. Por la tarde pasearemos por el casco antiguo con uno de los m\u00e1s bonitos mercados navide\u00f1os. <strong><u>Cena libre en el mercado (no incluido).<\/u><\/strong> Regreso al hotel y alojamiento.<\/p>\n<p><strong>D\u00eda 5: STEIN AM RHEIN \u2013 CATARATAS RIN \u2013 ZURICH \u2013 BARCELONA<\/strong><br \/>\nSalida a Stein am Rhein, con las fachadas de las casas bellamente decoradas. Almuerzo. Continuaci\u00f3n hasta cerca de la frontera alemana, donde el Rin salva un desnivel de m\u00e1s de 20 metros de altura, en un lugar donde su anchura supera los 200 metros, dando lugar a las espectaculares cataratas del Rin: Rehinfall. Traslado al aeropuerto y salida en avi\u00f3n a Barcelona<\/p>","protected":false},"excerpt":{"rendered":"<p><strong>INCLUYE:<br \/>\n<\/strong>Avi\u00f3n BCN - ZURICH - BCN con tasas y maleta<br \/>\nAutocar y gu\u00eda AIGE + gu\u00eda local Estrasburgo<br \/>\nHotel 3*** + pensi\u00f3n completa con agua<br \/>\n<em>De la cena del d\u00eda 1 al almuerzo del d\u00eda 5 (excepto cenas en Estrasburgo, Colmar y Ravennaschlucht)<br \/>\n<\/em>Entrada en el Mercado de Ravennaschlucht<br \/>\nSeguro de viaje<\/p>\n<p><strong><br \/>\nNO INCLUYE:<br \/>\n<\/strong>Cenas en Estrasburgo, Colmar y Ravennaschlucht<\/p>","protected":false},"featured_media":0,"template":"","meta":[],"product_cat":[119],"product_tag":[],"class_list":["post-3390","product","type-product","status-publish","hentry","product_cat-circuitos-todo-incluido-2"],"yoast_head":"<!-- This site is optimized with the Yoast SEO plugin v21.7 - https:\/\/yoast.com\/wordpress\/plugins\/seo\/ -->\n<title>Mercats de Nadal d&#039; Alsacia - COMPLET - AIGE Viatges<\/title>\n<meta name=\"description\" content=\"Agencia de viajes online | Descubre nuestros viajes inolvidables a Mercats de Nadal d&#039; Alsacia - COMPLET\" \/>\n<meta name=\"robots\" content=\"index, follow, max-snippet:-1, max-image-preview:large, max-video-preview:-1\" \/>\n<link rel=\"canonical\" href=\"https:\/\/aigeviatges.com\/es\/producto\/mercados-de-navidad-de-alsacia\/\" \/>\n<meta property=\"og:locale\" content=\"es_ES\" \/>\n<meta property=\"og:type\" content=\"article\" \/>\n<meta property=\"og:title\" content=\"Mercats de Nadal d&#039; Alsacia - COMPLET - AIGE Viatges\" \/>\n<meta property=\"og:description\" content=\"Agencia de viajes online | Descubre nuestros viajes inolvidables a Mercats de Nadal d&#039; Alsacia - COMPLET\" \/>\n<meta property=\"og:url\" content=\"https:\/\/aigeviatges.com\/es\/producto\/mercados-de-navidad-de-alsacia\/\" \/>\n<meta property=\"og:site_name\" content=\"AIGE Viatges\" \/>\n<meta property=\"article:publisher\" content=\"https:\/\/www.facebook.com\/viatgesaige\/\" \/>\n<meta property=\"article:modified_time\" content=\"2025-10-06T08:04:35+00:00\" \/>\n<meta property=\"og:image\" content=\"https:\/\/aigeviatges.com\/wp-content\/uploads\/2025\/05\/149885.jpg\" \/>\n\t<meta property=\"og:image:width\" content=\"1600\" \/>\n\t<meta property=\"og:image:height\" content=\"1066\" \/>\n\t<meta property=\"og:image:type\" content=\"image\/jpeg\" \/>\n<meta name=\"twitter:card\" content=\"summary_large_image\" \/>\n<meta name=\"twitter:label1\" content=\"Tiempo de lectura\" \/>\n\t<meta name=\"twitter:data1\" content=\"2 minutos\" \/>\n<script type=\"application\/ld+json\" class=\"yoast-schema-graph\">{\"@context\":\"https:\/\/schema.org\",\"@graph\":[{\"@type\":\"WebPage\",\"@id\":\"https:\/\/aigeviatges.com\/producto\/mercats-de-nadal-d-alsacia\/\",\"url\":\"https:\/\/aigeviatges.com\/producto\/mercats-de-nadal-d-alsacia\/\",\"name\":\"Mercats de Nadal d' Alsacia - COMPLET - AIGE Viatges\",\"isPartOf\":{\"@id\":\"https:\/\/aigeviatges.com\/#website\"},\"datePublished\":\"2025-05-29T12:16:26+00:00\",\"dateModified\":\"2025-10-06T08:04:35+00:00\",\"description\":\"Agencia de viajes online | Descubre nuestros viajes inolvidables a Mercats de Nadal d' Alsacia - COMPLET\",\"breadcrumb\":{\"@id\":\"https:\/\/aigeviatges.com\/producto\/mercats-de-nadal-d-alsacia\/#breadcrumb\"},\"inLanguage\":\"es\",\"potentialAction\":[{\"@type\":\"ReadAction\",\"target\":[\"https:\/\/aigeviatges.com\/producto\/mercats-de-nadal-d-alsacia\/\"]}]},{\"@type\":\"BreadcrumbList\",\"@id\":\"https:\/\/aigeviatges.com\/producto\/mercats-de-nadal-d-alsacia\/#breadcrumb\",\"itemListElement\":[{\"@type\":\"ListItem\",\"position\":1,\"name\":\"Portada\",\"item\":\"https:\/\/aigeviatges.com\/\"},{\"@type\":\"ListItem\",\"position\":2,\"name\":\"Tienda\",\"item\":\"https:\/\/aigeviatges.com\/tienda-2\/\"},{\"@type\":\"ListItem\",\"position\":3,\"name\":\"Mercats de Nadal d&#8217; Alsacia &#8211; COMPLET\"}]},{\"@type\":\"WebSite\",\"@id\":\"https:\/\/aigeviatges.com\/#website\",\"url\":\"https:\/\/aigeviatges.com\/\",\"name\":\"AIGE Viatges\",\"description\":\"Agencia de viajes especializada en producto propio para grupos.\",\"publisher\":{\"@id\":\"https:\/\/aigeviatges.com\/#organization\"},\"potentialAction\":[{\"@type\":\"SearchAction\",\"target\":{\"@type\":\"EntryPoint\",\"urlTemplate\":\"https:\/\/aigeviatges.com\/?s={search_term_string}\"},\"query-input\":\"required name=search_term_string\"}],\"inLanguage\":\"es\"},{\"@type\":\"Organization\",\"@id\":\"https:\/\/aigeviatges.com\/#organization\",\"name\":\"AIGE Viatges\",\"url\":\"https:\/\/aigeviatges.com\/\",\"logo\":{\"@type\":\"ImageObject\",\"inLanguage\":\"es\",\"@id\":\"https:\/\/aigeviatges.com\/#\/schema\/logo\/image\/\",\"url\":\"https:\/\/aigeviatges.com\/wp-content\/uploads\/2020\/03\/aig-viatges-logo-web.png\",\"contentUrl\":\"https:\/\/aigeviatges.com\/wp-content\/uploads\/2020\/03\/aig-viatges-logo-web.png\",\"width\":600,\"height\":166,\"caption\":\"AIGE Viatges\"},\"image\":{\"@id\":\"https:\/\/aigeviatges.com\/#\/schema\/logo\/image\/\"},\"sameAs\":[\"https:\/\/www.facebook.com\/viatgesaige\/\"]}]}<\/script>\n<!-- \/ Yoast SEO plugin. -->","yoast_head_json":{"title":"Mercats de Nadal d' Alsacia - COMPLET - AIGE Viatges","description":"Agencia de viajes online | Descubre nuestros viajes inolvidables a Mercats de Nadal d' Alsacia - COMPLET","robots":{"index":"index","follow":"follow","max-snippet":"max-snippet:-1","max-image-preview":"max-image-preview:large","max-video-preview":"max-video-preview:-1"},"canonical":"https:\/\/aigeviatges.com\/es\/producto\/mercados-de-navidad-de-alsacia\/","og_locale":"es_ES","og_type":"article","og_title":"Mercats de Nadal d' Alsacia - COMPLET - AIGE Viatges","og_description":"Agencia de viajes online | Descubre nuestros viajes inolvidables a Mercats de Nadal d' Alsacia - COMPLET","og_url":"https:\/\/aigeviatges.com\/es\/producto\/mercados-de-navidad-de-alsacia\/","og_site_name":"AIGE Viatges","article_publisher":"https:\/\/www.facebook.com\/viatgesaige\/","article_modified_time":"2025-10-06T08:04:35+00:00","og_image":[{"width":1600,"height":1066,"url":"https:\/\/aigeviatges.com\/wp-content\/uploads\/2025\/05\/149885.jpg","type":"image\/jpeg"}],"twitter_card":"summary_large_image","twitter_misc":{"Tiempo de lectura":"2 minutos"},"schema":{"@context":"https:\/\/schema.org","@graph":[{"@type":"WebPage","@id":"https:\/\/aigeviatges.com\/producto\/mercats-de-nadal-d-alsacia\/","url":"https:\/\/aigeviatges.com\/producto\/mercats-de-nadal-d-alsacia\/","name":"Mercats de Nadal d' Alsacia - COMPLET - AIGE Viatges","isPartOf":{"@id":"https:\/\/aigeviatges.com\/#website"},"datePublished":"2025-05-29T12:16:26+00:00","dateModified":"2025-10-06T08:04:35+00:00","description":"Agencia de viajes online | Descubre nuestros viajes inolvidables a Mercats de Nadal d' Alsacia - COMPLET","breadcrumb":{"@id":"https:\/\/aigeviatges.com\/producto\/mercats-de-nadal-d-alsacia\/#breadcrumb"},"inLanguage":"es","potentialAction":[{"@type":"ReadAction","target":["https:\/\/aigeviatges.com\/producto\/mercats-de-nadal-d-alsacia\/"]}]},{"@type":"BreadcrumbList","@id":"https:\/\/aigeviatges.com\/producto\/mercats-de-nadal-d-alsacia\/#breadcrumb","itemListElement":[{"@type":"ListItem","position":1,"name":"Portada","item":"https:\/\/aigeviatges.com\/"},{"@type":"ListItem","position":2,"name":"Tienda","item":"https:\/\/aigeviatges.com\/tienda-2\/"},{"@type":"ListItem","position":3,"name":"Mercats de Nadal d&#8217; Alsacia &#8211; COMPLET"}]},{"@type":"WebSite","@id":"https:\/\/aigeviatges.com\/#website","url":"https:\/\/aigeviatges.com\/","name":"AIGE Viatges","description":"Agencia de viajes especializada en producto propio para grupos.","publisher":{"@id":"https:\/\/aigeviatges.com\/#organization"},"potentialAction":[{"@type":"SearchAction","target":{"@type":"EntryPoint","urlTemplate":"https:\/\/aigeviatges.com\/?s={search_term_string}"},"query-input":"required name=search_term_string"}],"inLanguage":"es"},{"@type":"Organization","@id":"https:\/\/aigeviatges.com\/#organization","name":"AIGE Viatges","url":"https:\/\/aigeviatges.com\/","logo":{"@type":"ImageObject","inLanguage":"es","@id":"https:\/\/aigeviatges.com\/#\/schema\/logo\/image\/","url":"https:\/\/aigeviatges.com\/wp-content\/uploads\/2020\/03\/aig-viatges-logo-web.png","contentUrl":"https:\/\/aigeviatges.com\/wp-content\/uploads\/2020\/03\/aig-viatges-logo-web.png","width":600,"height":166,"caption":"AIGE Viatges"},"image":{"@id":"https:\/\/aigeviatges.com\/#\/schema\/logo\/image\/"},"sameAs":["https:\/\/www.facebook.com\/viatgesaige\/"]}]}},"jetpack_sharing_enabled":true,"jetpack_likes_enabled":false,"_links":{"self":[{"href":"https:\/\/aigeviatges.com\/es\/wp-json\/wp\/v2\/product\/3390","targetHints":{"allow":["GET"]}}],"collection":[{"href":"https:\/\/aigeviatges.com\/es\/wp-json\/wp\/v2\/product"}],"about":[{"href":"https:\/\/aigeviatges.com\/es\/wp-json\/wp\/v2\/types\/product"}],"wp:attachment":[{"href":"https:\/\/aigeviatges.com\/es\/wp-json\/wp\/v2\/media?parent=3390"}],"wp:term":[{"taxonomy":"product_cat","embeddable":true,"href":"https:\/\/aigeviatges.com\/es\/wp-json\/wp\/v2\/product_cat?post=3390"},{"taxonomy":"product_tag","embeddable":true,"href":"https:\/\/aigeviatges.com\/es\/wp-json\/wp\/v2\/product_tag?post=3390"}],"curies":[{"name":"wp","href":"https:\/\/api.w.org\/{rel}","templated":true}]}}