{"id":3302,"date":"2025-05-28T10:56:04","date_gmt":"2025-05-28T08:56:04","guid":{"rendered":"https:\/\/aigeviatges.com\/?post_type=product&#038;p=3302"},"modified":"2025-11-07T14:22:15","modified_gmt":"2025-11-07T13:22:15","slug":"expedicio-a-egipte-2","status":"publish","type":"product","link":"https:\/\/aigeviatges.com\/es\/producto\/expedicion-a-egipto-2\/","title":{"rendered":"EXPEDICION A EGIPTO \u2013 lista espera"},"content":{"rendered":"<p><strong>D\u00eda 1: BARCELONA - EL CAIRO<br \/>\n<\/strong>Salida de Barcelona en vuelo en direcci\u00f3n a El Cairo. Llegada y asistencia de nuestro gu\u00eda de habla hispana, despu\u00e9s de realizar los tr\u00e1mites de inmigraci\u00f3n y visado (habr\u00e1 que pagar 35 \u20ac llevar el importe exacto) recogeremos equipajes y traslado al hotel. Cena (fr\u00eda en la habitaci\u00f3n) y alojamiento.<br \/>\n<strong>D\u00eda 2: CAIRO \/ Pir\u00e1mides y Esfinge de Gizeh - Sakkara<\/strong><br \/>\nPor la ma\u00f1ana visitaremos las Pir\u00e1mides de Giza (Kheops, Kefr\u00e9n y Micerinos), una de las siete maravillas del mundo antiguo. La pir\u00e1mide es una tumba reservada para los faraones y sus reinas. Veremos tambi\u00e9n la Esfinge y el templo del valle, que tiene forma de le\u00f3n con cabeza humana, se trata de la imagen del fara\u00f3n Kefren. Almuerzo. Seguidamente visitaremos la necr\u00f3polis de Sakkara (Patrimonio de la humanidad), la pir\u00e1mide escalonada del fara\u00f3n Zoser, la primera de las pir\u00e1mides que se construyeron en Egipto y la primera construcci\u00f3n en piedra erigida del mundo. Visitaremos alguna de las tumbas de nobles, en un excepcional estado de conservaci\u00f3n. Cena de bienvenida en Egipto a bordo de un barco navegando por el Nilo con show. Alojamiento.<br \/>\n<strong>D\u00eda 3: CAIRO \u2013 LUXOR (EMBARCO EN EL CRUCERO) \/ Luxor y Karnak<\/strong><br \/>\nSalida en avi\u00f3n a Luxor. Llegada y traslado al crucero. Embarque y almuerzo. Por la tarde visitaremos el Templo de Luxor, pasearemos por la larga columnata que desemboca en el \u00faltimo patio con p\u00f3rticos. Continuaci\u00f3n hacia el Templo de Karnak, impresionante conjunto de columnas, templos, obeliscos y estatuas. Finalizada la visita, regreso al barco. Cena y alojamiento.<br \/>\n<strong>D\u00eda 4: CRUCERO \/ Valle de los Reyes \/ TUMBA DE TUTANKHAMON y templo de la Reina Hatshepsut<\/strong><br \/>\nPor la ma\u00f1ana visitaremos del Valle de los Reyes, donde est\u00e1n enterrados muchos de los faraones, y que sin duda es el yacimiento arqueol\u00f3gico m\u00e1s importante del mundo existen 450 tumbas, de las cuales 62 son reales. Visitaremos el interior de la Tumba de Tutankhamon. Continuaremos con la visita del templo de la Reina Hatshepsut, y pasaremos junto a los Colossos de Memn\u00f3n, las estatuas cantantes de la tradici\u00f3n griega. Almuerzo a bordo inicio de la navegaci\u00f3n por el Nilo. Cruce de la esclusa de Esna. Cena y animaci\u00f3n a bordo.<br \/>\n<strong>D\u00eda 5: CRUCERO \/ Templo de Edfu - Kom Ombo<\/strong><br \/>\nPor la ma\u00f1ana visita del templo dedicado al dios Horus en Edfu, uno de los m\u00e1s bellos de la \u00e9poca Ptolemaica. Sus paredes cuentan con ricas inscripciones que proporcionan importante informaci\u00f3n sobre la \u00e9poca en la que fue construido, aportando detalles no s\u00f3lo sobre el templo, sino sobre la mitolog\u00eda, la religi\u00f3n y el modo de vida en el Antiguo Egipto. Navegaci\u00f3n en Kom ombo. Almuerzo. Por la tarde visita del templo de Kom Ombo, dedicado a dos dioses, Sobek y Haroeris, destaca la colecci\u00f3n de cocodrilos momificados. Navegaci\u00f3n hasta Aswan. Cena y animaci\u00f3n a bordo.<br \/>\n<strong>D\u00eda 6: CRUCERO \/ Templo de Philae \u2013 Isla Elefantina \u2013 Aswan<\/strong><br \/>\nPor la ma\u00f1ana visitaremos el maravilloso Templo dedicado a la diosa Isis en la isla de Philae, a la que accederemos en barca. Sin duda uno de los m\u00e1s bellos y mejor conservados templos de Egipto. A continuaci\u00f3n, veremos el obelisco inacabado en la antigua cantera de granito, tiene una altura de 42 metros y un peso aprox. de 1198 toneladas, se abandon\u00f3 su construcci\u00f3n al observar que la roca ten\u00eda un fallo. Regreso al barco para el almuerzo. Seguiremos con un relajante paseo en faluca (t\u00edpica embarcaci\u00f3n egipcia) alrededor de la Isla Elefantina y el Jard\u00edn Bot\u00e1nico en la isla de Lord Kitchener, podremos observar una bella panor\u00e1mica del mausoleo del Aga khan. Cena especial de despedida y fiesta a bordo.<br \/>\n<strong>D\u00eda 7: CRUCERO \/ Templos de Abu Simbel \u2013 Luz y sonido<\/strong><br \/>\nSalida por carretera a Abu Simbel. Almuerzo. por la tarde visitaremos los templos dedicados a Rams\u00e9s II y su esposa Nefertari, nos fascinar\u00e1 por su ubicaci\u00f3n y por la espectacular obra de salvamento de la que fueron objetos, entre 1964 y 1968, en la que los templos se dividieron en 1.036 bloques de 30 toneladas cada uno, numerados para su posterior traslado a una zona 65 metros m\u00e1s alta y unos 200 metros m\u00e1s alejada, salv\u00e1ndolos as\u00ed\u0301 de quedarse sumergidos por el agua de la presa de Asu\u00e1n. Acomodaci\u00f3n en el hotel y cena. Por la noche asistiremos al espectacular Show de Luz y Sonido.<br \/>\n<strong>D\u00eda 8: ABU SIMBEL - CAIRO \/ Abu Simbel - Aswan<\/strong><br \/>\nPor la ma\u00f1ana veremos la espectacularidad de la salida del sol proyectada en los templos. Salida por carretera a Aswan. Esta ciudad ha recibido muchos nombres a lo largo de la historia; durante la antig\u00fcedad se llamaba Taseti y m\u00e1s tarde los egipcios la bautizaron con Syene, que significa sitio del comercio. En la antig\u00fcedad, hasta Aswan llegaban todo tipo de mercanc\u00edas: oro, marfil, maderas y especias. Traslado al aeropuerto y salida en avi\u00f3n a Cairo. Cena y alojamiento en el hotel.<br \/>\n<strong>D\u00eda 9: CAIRO\/ Gran Museo Egipcio (nuevo) \u2013 Gran Bazar<\/strong><br \/>\nPor la ma\u00f1ana visitaremos el NUEVO Gran Museo Egipcio. Este colosal proyecto, que combina modernidad y tradici\u00f3n, ha requerido m\u00e1s de 20 a\u00f1os de desarrollo y una inversi\u00f3n superior a 1000 millones de d\u00f3lares. Actualmente es el mayor museo del mundo dedicado a una sola civilizaci\u00f3n, con m\u00e1s de 45.000 piezas \u00fanicas. Entre estas piezas destaca, sobre todo, las salas dedicadas a Tutanjam\u00f3n con m\u00e1s de 5.000 objetos. Almuerzo. Por la tarde dispondremos de tiempo libre en el famoso bazar de Khan el Khalili, donde podremos sumergirnos entre la multitud en un ambiente t\u00edpicamente oriental de perfumes, especias y tiendas de artesanos. cabe resaltar el t\u00edpico Caf\u00e9 Fishawi, lugar de encuentro de artistas e intelectuales. Cena y alojamiento en el hotel.<br \/>\n<strong>D\u00eda 10: CAIRO - BARCELONA Sala de Momias - Ciudadela de Salad\u00ed<\/strong><br \/>\nSalida al Museo de la Civilizaci\u00f3n Egipcia, donde visitaremos la espectacular Sala de las Momias Reales. Podremos ver 22 momias reales, incluidos gobernantes famosos como el rey Rams\u00e9s II y la reina Hatshepsut, as\u00ed como sus ata\u00fades. Almuerzo. Seguidamente visitaremos la Ciudadela de Salad\u00ed, una enorme fortaleza medieval que se ha convertido en el monumento no fara\u00f3nico m\u00e1s conocido de El Cairo. En el interior de la fortaleza visitaremos la Mezquita de Mohamed Al\u00ed, conocida como la Mezquita de Alabastro por el material que la reviste. Su recargada decoraci\u00f3n es espectacular. Traslado al aeropuerto y salida en avi\u00f3n (vuelo directo) a Barcelona.<br \/>\n<strong>D\u00eda 11: BARCELONA<\/strong><br \/>\nLlegada de madrugada y fin de nuestros servicios.<\/p>","protected":false},"excerpt":{"rendered":"<p><strong>INCLUYE:<br \/>\n<\/strong>\u2022 Avi\u00f3n BCN \u2013 CAI \u2013 BCN, tasas y maleta<br \/>\n\u2022 Aviones CAI \u2013 LXR \/\/ ASW \u2013 CAI, tasas y maleta<br \/>\n\u2022 Autocar y gu\u00eda AIGE + Gu\u00eda local en las visitas<br \/>\n\u2022 4 noches de Hotel 5***** en Cairo + 1 noche de hotel 5***** en Abu Simbel<br \/>\n\u2022 4 noches de crucero \u2013 Barco 5***** con programa de animaci\u00f3n<br \/>\n\u2022 Pensi\u00f3n completa ( cena d\u00eda 1 a almuerzo d\u00eda 10)<br \/>\n\u2022 Cena de bienvenida en Egipto en barco por el Nilo con show<br \/>\n\u2022 Todas las visitas y excursiones indicadas en el itinerario<br \/>\n\u2022 ESPECT\u00c1CULO DE LUZ Y SONIDO EN LOS TEMPLOS DE ABU SIMBEL<br \/>\n\u2022 Seguro de viaje<br \/>\n\u2022 PROPINAS EN GENERAL<\/p>\n<p><strong>NO INCLUYE:<\/strong><br \/>\n\u2022 Visado de entrada (se paga a la llegada) 35\u20ac.<br \/>\n\u2022 Bebidas (excepto agua)<br \/>\n\u2022 Visitas no especificadas en el itinerario<\/p>","protected":false},"featured_media":3309,"template":"","meta":[],"product_cat":[122],"product_tag":[],"class_list":["post-3302","product","type-product","status-publish","has-post-thumbnail","hentry","product_cat-egipte-2"],"yoast_head":"<!-- This site is optimized with the Yoast SEO plugin v21.7 - https:\/\/yoast.com\/wordpress\/plugins\/seo\/ -->\n<title>Viatges a Egipte. Viatges grupals i individuals<\/title>\n<meta name=\"description\" content=\"Ag\u00e8ncia de viatges en l\u00ednia | Viatges a Egipte. Viatges grupals i individuals. Vols barats tot organitzat.\" \/>\n<meta name=\"robots\" content=\"index, follow, max-snippet:-1, max-image-preview:large, max-video-preview:-1\" \/>\n<link rel=\"canonical\" href=\"https:\/\/aigeviatges.com\/es\/producto\/expedicion-a-egipto-2\/\" \/>\n<meta property=\"og:locale\" content=\"es_ES\" \/>\n<meta property=\"og:type\" content=\"article\" \/>\n<meta property=\"og:title\" content=\"Viatges a Egipte. Viatges grupals i individuals\" \/>\n<meta property=\"og:description\" content=\"Ag\u00e8ncia de viatges en l\u00ednia | Viatges a Egipte. Viatges grupals i individuals. Vols barats tot organitzat.\" \/>\n<meta property=\"og:url\" content=\"https:\/\/aigeviatges.com\/es\/producto\/expedicion-a-egipto-2\/\" \/>\n<meta property=\"og:site_name\" content=\"AIGE Viatges\" \/>\n<meta property=\"article:publisher\" content=\"https:\/\/www.facebook.com\/viatgesaige\/\" \/>\n<meta property=\"article:modified_time\" content=\"2025-11-07T13:22:15+00:00\" \/>\n<meta property=\"og:image\" content=\"https:\/\/aigeviatges.com\/wp-content\/uploads\/2025\/05\/Imagen7.jpg\" \/>\n\t<meta property=\"og:image:width\" content=\"2237\" \/>\n\t<meta property=\"og:image:height\" content=\"1187\" \/>\n\t<meta property=\"og:image:type\" content=\"image\/jpeg\" \/>\n<meta name=\"twitter:card\" content=\"summary_large_image\" \/>\n<meta name=\"twitter:label1\" content=\"Tiempo de lectura\" \/>\n\t<meta name=\"twitter:data1\" content=\"6 minutos\" \/>\n<script type=\"application\/ld+json\" class=\"yoast-schema-graph\">{\"@context\":\"https:\/\/schema.org\",\"@graph\":[{\"@type\":\"WebPage\",\"@id\":\"https:\/\/aigeviatges.com\/producto\/expedicio-a-egipte-2\/\",\"url\":\"https:\/\/aigeviatges.com\/producto\/expedicio-a-egipte-2\/\",\"name\":\"Viatges a Egipte. Viatges grupals i individuals\",\"isPartOf\":{\"@id\":\"https:\/\/aigeviatges.com\/#website\"},\"datePublished\":\"2025-05-28T08:56:04+00:00\",\"dateModified\":\"2025-11-07T13:22:15+00:00\",\"description\":\"Ag\u00e8ncia de viatges en l\u00ednia | Viatges a Egipte. Viatges grupals i individuals. Vols barats tot organitzat.\",\"breadcrumb\":{\"@id\":\"https:\/\/aigeviatges.com\/producto\/expedicio-a-egipte-2\/#breadcrumb\"},\"inLanguage\":\"es\",\"potentialAction\":[{\"@type\":\"ReadAction\",\"target\":[\"https:\/\/aigeviatges.com\/producto\/expedicio-a-egipte-2\/\"]}]},{\"@type\":\"BreadcrumbList\",\"@id\":\"https:\/\/aigeviatges.com\/producto\/expedicio-a-egipte-2\/#breadcrumb\",\"itemListElement\":[{\"@type\":\"ListItem\",\"position\":1,\"name\":\"Portada\",\"item\":\"https:\/\/aigeviatges.com\/\"},{\"@type\":\"ListItem\",\"position\":2,\"name\":\"Tienda\",\"item\":\"https:\/\/aigeviatges.com\/tienda-2\/\"},{\"@type\":\"ListItem\",\"position\":3,\"name\":\"EXPEDICIO A EGIPTE &#8211; llista espera\"}]},{\"@type\":\"WebSite\",\"@id\":\"https:\/\/aigeviatges.com\/#website\",\"url\":\"https:\/\/aigeviatges.com\/\",\"name\":\"AIGE Viatges\",\"description\":\"Agencia de viajes especializada en producto propio para grupos.\",\"publisher\":{\"@id\":\"https:\/\/aigeviatges.com\/#organization\"},\"potentialAction\":[{\"@type\":\"SearchAction\",\"target\":{\"@type\":\"EntryPoint\",\"urlTemplate\":\"https:\/\/aigeviatges.com\/?s={search_term_string}\"},\"query-input\":\"required name=search_term_string\"}],\"inLanguage\":\"es\"},{\"@type\":\"Organization\",\"@id\":\"https:\/\/aigeviatges.com\/#organization\",\"name\":\"AIGE Viatges\",\"url\":\"https:\/\/aigeviatges.com\/\",\"logo\":{\"@type\":\"ImageObject\",\"inLanguage\":\"es\",\"@id\":\"https:\/\/aigeviatges.com\/#\/schema\/logo\/image\/\",\"url\":\"https:\/\/aigeviatges.com\/wp-content\/uploads\/2020\/03\/aig-viatges-logo-web.png\",\"contentUrl\":\"https:\/\/aigeviatges.com\/wp-content\/uploads\/2020\/03\/aig-viatges-logo-web.png\",\"width\":600,\"height\":166,\"caption\":\"AIGE Viatges\"},\"image\":{\"@id\":\"https:\/\/aigeviatges.com\/#\/schema\/logo\/image\/\"},\"sameAs\":[\"https:\/\/www.facebook.com\/viatgesaige\/\"]}]}<\/script>\n<!-- \/ Yoast SEO plugin. -->","yoast_head_json":{"title":"Viatges a Egipte. Viatges grupals i individuals","description":"Ag\u00e8ncia de viatges en l\u00ednia | Viatges a Egipte. Viatges grupals i individuals. Vols barats tot organitzat.","robots":{"index":"index","follow":"follow","max-snippet":"max-snippet:-1","max-image-preview":"max-image-preview:large","max-video-preview":"max-video-preview:-1"},"canonical":"https:\/\/aigeviatges.com\/es\/producto\/expedicion-a-egipto-2\/","og_locale":"es_ES","og_type":"article","og_title":"Viatges a Egipte. Viatges grupals i individuals","og_description":"Ag\u00e8ncia de viatges en l\u00ednia | Viatges a Egipte. Viatges grupals i individuals. Vols barats tot organitzat.","og_url":"https:\/\/aigeviatges.com\/es\/producto\/expedicion-a-egipto-2\/","og_site_name":"AIGE Viatges","article_publisher":"https:\/\/www.facebook.com\/viatgesaige\/","article_modified_time":"2025-11-07T13:22:15+00:00","og_image":[{"width":2237,"height":1187,"url":"https:\/\/aigeviatges.com\/wp-content\/uploads\/2025\/05\/Imagen7.jpg","type":"image\/jpeg"}],"twitter_card":"summary_large_image","twitter_misc":{"Tiempo de lectura":"6 minutos"},"schema":{"@context":"https:\/\/schema.org","@graph":[{"@type":"WebPage","@id":"https:\/\/aigeviatges.com\/producto\/expedicio-a-egipte-2\/","url":"https:\/\/aigeviatges.com\/producto\/expedicio-a-egipte-2\/","name":"Viatges a Egipte. Viatges grupals i individuals","isPartOf":{"@id":"https:\/\/aigeviatges.com\/#website"},"datePublished":"2025-05-28T08:56:04+00:00","dateModified":"2025-11-07T13:22:15+00:00","description":"Ag\u00e8ncia de viatges en l\u00ednia | Viatges a Egipte. Viatges grupals i individuals. Vols barats tot organitzat.","breadcrumb":{"@id":"https:\/\/aigeviatges.com\/producto\/expedicio-a-egipte-2\/#breadcrumb"},"inLanguage":"es","potentialAction":[{"@type":"ReadAction","target":["https:\/\/aigeviatges.com\/producto\/expedicio-a-egipte-2\/"]}]},{"@type":"BreadcrumbList","@id":"https:\/\/aigeviatges.com\/producto\/expedicio-a-egipte-2\/#breadcrumb","itemListElement":[{"@type":"ListItem","position":1,"name":"Portada","item":"https:\/\/aigeviatges.com\/"},{"@type":"ListItem","position":2,"name":"Tienda","item":"https:\/\/aigeviatges.com\/tienda-2\/"},{"@type":"ListItem","position":3,"name":"EXPEDICIO A EGIPTE &#8211; llista espera"}]},{"@type":"WebSite","@id":"https:\/\/aigeviatges.com\/#website","url":"https:\/\/aigeviatges.com\/","name":"AIGE Viatges","description":"Agencia de viajes especializada en producto propio para grupos.","publisher":{"@id":"https:\/\/aigeviatges.com\/#organization"},"potentialAction":[{"@type":"SearchAction","target":{"@type":"EntryPoint","urlTemplate":"https:\/\/aigeviatges.com\/?s={search_term_string}"},"query-input":"required name=search_term_string"}],"inLanguage":"es"},{"@type":"Organization","@id":"https:\/\/aigeviatges.com\/#organization","name":"AIGE Viatges","url":"https:\/\/aigeviatges.com\/","logo":{"@type":"ImageObject","inLanguage":"es","@id":"https:\/\/aigeviatges.com\/#\/schema\/logo\/image\/","url":"https:\/\/aigeviatges.com\/wp-content\/uploads\/2020\/03\/aig-viatges-logo-web.png","contentUrl":"https:\/\/aigeviatges.com\/wp-content\/uploads\/2020\/03\/aig-viatges-logo-web.png","width":600,"height":166,"caption":"AIGE Viatges"},"image":{"@id":"https:\/\/aigeviatges.com\/#\/schema\/logo\/image\/"},"sameAs":["https:\/\/www.facebook.com\/viatgesaige\/"]}]}},"jetpack_sharing_enabled":true,"jetpack_likes_enabled":false,"_links":{"self":[{"href":"https:\/\/aigeviatges.com\/es\/wp-json\/wp\/v2\/product\/3302","targetHints":{"allow":["GET"]}}],"collection":[{"href":"https:\/\/aigeviatges.com\/es\/wp-json\/wp\/v2\/product"}],"about":[{"href":"https:\/\/aigeviatges.com\/es\/wp-json\/wp\/v2\/types\/product"}],"wp:featuredmedia":[{"embeddable":true,"href":"https:\/\/aigeviatges.com\/es\/wp-json\/wp\/v2\/media\/3309"}],"wp:attachment":[{"href":"https:\/\/aigeviatges.com\/es\/wp-json\/wp\/v2\/media?parent=3302"}],"wp:term":[{"taxonomy":"product_cat","embeddable":true,"href":"https:\/\/aigeviatges.com\/es\/wp-json\/wp\/v2\/product_cat?post=3302"},{"taxonomy":"product_tag","embeddable":true,"href":"https:\/\/aigeviatges.com\/es\/wp-json\/wp\/v2\/product_tag?post=3302"}],"curies":[{"name":"wp","href":"https:\/\/api.w.org\/{rel}","templated":true}]}}