{"id":3263,"date":"2025-03-10T13:15:21","date_gmt":"2025-03-10T12:15:21","guid":{"rendered":"https:\/\/aigeviatges.com\/?post_type=product&#038;p=3263"},"modified":"2026-01-22T15:39:01","modified_gmt":"2026-01-22T14:39:01","slug":"croacia","status":"publish","type":"product","link":"https:\/\/aigeviatges.com\/es\/producto\/croacia\/","title":{"rendered":"CROACIA - COMPLETO"},"content":{"rendered":"<p><strong>D\u00eda 1: BARCELONA - DUBROVNIK - DALMACIA<\/strong><br \/>\nSalida en avi\u00f3n a Dubrovnik. Llegada y visita de la ciudad amurallada, conocida como la &#039;Perla del Adri\u00e1tico&#039;. Destaca la Catedral, el Palacio Knezev Dvo, el Monasterio Franciscano. etc. Almuerzo en rto. Traslado al hotel ubicado en la zona tur\u00edstica de Neum (Bosnia). Acomodaci\u00f3n, cena y alojamiento.<\/p>\n<p><strong>D\u00eda 2: STON \u2013 OREBIC \u2013 KORKULA<\/strong><br \/>\nVisita de la villa marinera de Ston, en la que destaca su muralla. Continuaci\u00f3n a Orebic y traslado en barco hacia la bell\u00edsima isla de Korcula, famosa por ser el lugar de nacimiento de Marco Polo. Almuerzo en rto. Recorreremos sus calles perfectamente conservadas y orientadas seg\u00fan los vientos. Regreso al hotel. Cena y alojamiento.<\/p>\n<p><strong>D\u00eda 3: MOSTRAR \u2013 CASCADAS DE KRAVICE<\/strong><br \/>\nVisita de Mostar, ciudad construida en tiempos del imperio Otomano, recibe el nombre por su viejo puente considerado un s\u00edmbolo para servir de uni\u00f3n entre las dos culturas (cristiana y musulmana) separadas por el r\u00edo Neretva. Almuerzo en rto. Por la tarde visitaremos las cataratas de Kravice, todo un regalo para los sentidos. Varios chorros caen desde 25m. de altura en un lago rodeado de bosques. Regreso al hotel. Cena y alojamiento.<\/p>\n<p><strong>D\u00eda 4: CRUCERO POR LAS ISLAS ELAFITIO \u2013 DUBROVNIK<\/strong><br \/>\nExcursi\u00f3n en barco por las exuberantes islas Elafiti o islas de los ciervos, un peque\u00f1o para\u00edso de hermosas calas y playas, S\u00f3lo 3 de estas islas est\u00e1n habitadas Sipan, Lopud y Kolocep. La ausencia casi total de coches contribuye a la sensaci\u00f3n de paz y tranquilidad. Almuerzo a bordo (tipo catering) . Por la tarde dispondremos de tiempo libre en Dubrovnik. Regreso al hotel. Cena y alojamiento.<\/p>\n<p><strong>D\u00eda 5: SPLIT \u2013 BARCELONA<u><br \/>\n<\/u><\/strong>Salida a Split, puerto mar\u00edtimo de la costa D\u00e1lmata. La ciudad vieja debe su origen a la casa del emperador romano Diocleciano ya que este palacio sirvi\u00f3 como punto de partida para que la ciudad fuese creciendo. Las calles que lo rodean, en un crisol de estilos donde es posible encontrar restos romanos de los fundadores, calles medievales y palacios g\u00f3ticos y renacentistas. Almuerzo. Traslado al aeropuerto y salida en avi\u00f3n a Barcelona. Llegada y fin de nuestros servicios.<\/p>","protected":false},"excerpt":{"rendered":"<p><strong>INCLUYE:<\/strong><\/p>\n<p>Avi\u00f3n con tasas y maleta 20 kg<br \/>\nAutocar local y gu\u00eda acompa\u00f1ante de AIGE<br \/>\nGu\u00edas oficiales en Dubrovnik, Split y Mostar<br \/>\nHotel 3*** + pensi\u00f3n completa con agua<br \/>\nCrucero con almuerzo picnic en islas Elafiti<br \/>\nBarco en la isla de Korcula<br \/>\nSeguro de asistencia en viaje<\/p>","protected":false},"featured_media":0,"template":"","meta":[],"product_cat":[25],"product_tag":[],"class_list":["post-3263","product","type-product","status-publish","hentry","product_cat-circuits-tot-inclos"],"yoast_head":"<!-- This site is optimized with the Yoast SEO plugin v21.7 - https:\/\/yoast.com\/wordpress\/plugins\/seo\/ -->\n<title>CROACIA - COMPLET - AIGE Viatges<\/title>\n<meta name=\"description\" content=\"Agencia de viajes online | Descubre nuestros viajes inolvidables a CROACIA - COMPLET\" \/>\n<meta name=\"robots\" content=\"index, follow, max-snippet:-1, max-image-preview:large, max-video-preview:-1\" \/>\n<link rel=\"canonical\" href=\"https:\/\/aigeviatges.com\/es\/producto\/croacia\/\" \/>\n<meta property=\"og:locale\" content=\"es_ES\" \/>\n<meta property=\"og:type\" content=\"article\" \/>\n<meta property=\"og:title\" content=\"CROACIA - COMPLET - AIGE Viatges\" \/>\n<meta property=\"og:description\" content=\"Agencia de viajes online | Descubre nuestros viajes inolvidables a CROACIA - COMPLET\" \/>\n<meta property=\"og:url\" content=\"https:\/\/aigeviatges.com\/es\/producto\/croacia\/\" \/>\n<meta property=\"og:site_name\" content=\"AIGE Viatges\" \/>\n<meta property=\"article:publisher\" content=\"https:\/\/www.facebook.com\/viatgesaige\/\" \/>\n<meta property=\"article:modified_time\" content=\"2026-01-22T14:39:01+00:00\" \/>\n<meta name=\"twitter:card\" content=\"summary_large_image\" \/>\n<meta name=\"twitter:label1\" content=\"Tiempo de lectura\" \/>\n\t<meta name=\"twitter:data1\" content=\"2 minutos\" \/>\n<script type=\"application\/ld+json\" class=\"yoast-schema-graph\">{\"@context\":\"https:\/\/schema.org\",\"@graph\":[{\"@type\":\"WebPage\",\"@id\":\"https:\/\/aigeviatges.com\/producto\/croacia\/\",\"url\":\"https:\/\/aigeviatges.com\/producto\/croacia\/\",\"name\":\"CROACIA - COMPLET - AIGE Viatges\",\"isPartOf\":{\"@id\":\"https:\/\/aigeviatges.com\/#website\"},\"datePublished\":\"2025-03-10T12:15:21+00:00\",\"dateModified\":\"2026-01-22T14:39:01+00:00\",\"description\":\"Agencia de viajes online | Descubre nuestros viajes inolvidables a CROACIA - COMPLET\",\"breadcrumb\":{\"@id\":\"https:\/\/aigeviatges.com\/producto\/croacia\/#breadcrumb\"},\"inLanguage\":\"es\",\"potentialAction\":[{\"@type\":\"ReadAction\",\"target\":[\"https:\/\/aigeviatges.com\/producto\/croacia\/\"]}]},{\"@type\":\"BreadcrumbList\",\"@id\":\"https:\/\/aigeviatges.com\/producto\/croacia\/#breadcrumb\",\"itemListElement\":[{\"@type\":\"ListItem\",\"position\":1,\"name\":\"Portada\",\"item\":\"https:\/\/aigeviatges.com\/\"},{\"@type\":\"ListItem\",\"position\":2,\"name\":\"Tienda\",\"item\":\"https:\/\/aigeviatges.com\/tienda-2\/\"},{\"@type\":\"ListItem\",\"position\":3,\"name\":\"CROACIA &#8211; COMPLET\"}]},{\"@type\":\"WebSite\",\"@id\":\"https:\/\/aigeviatges.com\/#website\",\"url\":\"https:\/\/aigeviatges.com\/\",\"name\":\"AIGE Viatges\",\"description\":\"Agencia de viajes especializada en producto propio para grupos.\",\"publisher\":{\"@id\":\"https:\/\/aigeviatges.com\/#organization\"},\"potentialAction\":[{\"@type\":\"SearchAction\",\"target\":{\"@type\":\"EntryPoint\",\"urlTemplate\":\"https:\/\/aigeviatges.com\/?s={search_term_string}\"},\"query-input\":\"required name=search_term_string\"}],\"inLanguage\":\"es\"},{\"@type\":\"Organization\",\"@id\":\"https:\/\/aigeviatges.com\/#organization\",\"name\":\"AIGE Viatges\",\"url\":\"https:\/\/aigeviatges.com\/\",\"logo\":{\"@type\":\"ImageObject\",\"inLanguage\":\"es\",\"@id\":\"https:\/\/aigeviatges.com\/#\/schema\/logo\/image\/\",\"url\":\"https:\/\/aigeviatges.com\/wp-content\/uploads\/2020\/03\/aig-viatges-logo-web.png\",\"contentUrl\":\"https:\/\/aigeviatges.com\/wp-content\/uploads\/2020\/03\/aig-viatges-logo-web.png\",\"width\":600,\"height\":166,\"caption\":\"AIGE Viatges\"},\"image\":{\"@id\":\"https:\/\/aigeviatges.com\/#\/schema\/logo\/image\/\"},\"sameAs\":[\"https:\/\/www.facebook.com\/viatgesaige\/\"]}]}<\/script>\n<!-- \/ Yoast SEO plugin. -->","yoast_head_json":{"title":"CROACIA - COMPLET - AIGE Viatges","description":"Agencia de viajes online | Descubre nuestros viajes inolvidables a CROACIA - COMPLET","robots":{"index":"index","follow":"follow","max-snippet":"max-snippet:-1","max-image-preview":"max-image-preview:large","max-video-preview":"max-video-preview:-1"},"canonical":"https:\/\/aigeviatges.com\/es\/producto\/croacia\/","og_locale":"es_ES","og_type":"article","og_title":"CROACIA - COMPLET - AIGE Viatges","og_description":"Agencia de viajes online | Descubre nuestros viajes inolvidables a CROACIA - COMPLET","og_url":"https:\/\/aigeviatges.com\/es\/producto\/croacia\/","og_site_name":"AIGE Viatges","article_publisher":"https:\/\/www.facebook.com\/viatgesaige\/","article_modified_time":"2026-01-22T14:39:01+00:00","twitter_card":"summary_large_image","twitter_misc":{"Tiempo de lectura":"2 minutos"},"schema":{"@context":"https:\/\/schema.org","@graph":[{"@type":"WebPage","@id":"https:\/\/aigeviatges.com\/producto\/croacia\/","url":"https:\/\/aigeviatges.com\/producto\/croacia\/","name":"CROACIA - COMPLET - AIGE Viatges","isPartOf":{"@id":"https:\/\/aigeviatges.com\/#website"},"datePublished":"2025-03-10T12:15:21+00:00","dateModified":"2026-01-22T14:39:01+00:00","description":"Agencia de viajes online | Descubre nuestros viajes inolvidables a CROACIA - COMPLET","breadcrumb":{"@id":"https:\/\/aigeviatges.com\/producto\/croacia\/#breadcrumb"},"inLanguage":"es","potentialAction":[{"@type":"ReadAction","target":["https:\/\/aigeviatges.com\/producto\/croacia\/"]}]},{"@type":"BreadcrumbList","@id":"https:\/\/aigeviatges.com\/producto\/croacia\/#breadcrumb","itemListElement":[{"@type":"ListItem","position":1,"name":"Portada","item":"https:\/\/aigeviatges.com\/"},{"@type":"ListItem","position":2,"name":"Tienda","item":"https:\/\/aigeviatges.com\/tienda-2\/"},{"@type":"ListItem","position":3,"name":"CROACIA &#8211; COMPLET"}]},{"@type":"WebSite","@id":"https:\/\/aigeviatges.com\/#website","url":"https:\/\/aigeviatges.com\/","name":"AIGE Viatges","description":"Agencia de viajes especializada en producto propio para grupos.","publisher":{"@id":"https:\/\/aigeviatges.com\/#organization"},"potentialAction":[{"@type":"SearchAction","target":{"@type":"EntryPoint","urlTemplate":"https:\/\/aigeviatges.com\/?s={search_term_string}"},"query-input":"required name=search_term_string"}],"inLanguage":"es"},{"@type":"Organization","@id":"https:\/\/aigeviatges.com\/#organization","name":"AIGE Viatges","url":"https:\/\/aigeviatges.com\/","logo":{"@type":"ImageObject","inLanguage":"es","@id":"https:\/\/aigeviatges.com\/#\/schema\/logo\/image\/","url":"https:\/\/aigeviatges.com\/wp-content\/uploads\/2020\/03\/aig-viatges-logo-web.png","contentUrl":"https:\/\/aigeviatges.com\/wp-content\/uploads\/2020\/03\/aig-viatges-logo-web.png","width":600,"height":166,"caption":"AIGE Viatges"},"image":{"@id":"https:\/\/aigeviatges.com\/#\/schema\/logo\/image\/"},"sameAs":["https:\/\/www.facebook.com\/viatgesaige\/"]}]}},"jetpack_sharing_enabled":true,"jetpack_likes_enabled":false,"_links":{"self":[{"href":"https:\/\/aigeviatges.com\/es\/wp-json\/wp\/v2\/product\/3263","targetHints":{"allow":["GET"]}}],"collection":[{"href":"https:\/\/aigeviatges.com\/es\/wp-json\/wp\/v2\/product"}],"about":[{"href":"https:\/\/aigeviatges.com\/es\/wp-json\/wp\/v2\/types\/product"}],"wp:attachment":[{"href":"https:\/\/aigeviatges.com\/es\/wp-json\/wp\/v2\/media?parent=3263"}],"wp:term":[{"taxonomy":"product_cat","embeddable":true,"href":"https:\/\/aigeviatges.com\/es\/wp-json\/wp\/v2\/product_cat?post=3263"},{"taxonomy":"product_tag","embeddable":true,"href":"https:\/\/aigeviatges.com\/es\/wp-json\/wp\/v2\/product_tag?post=3263"}],"curies":[{"name":"wp","href":"https:\/\/api.w.org\/{rel}","templated":true}]}}