{"id":3235,"date":"2025-03-04T15:06:12","date_gmt":"2025-03-04T14:06:12","guid":{"rendered":"https:\/\/aigeviatges.com\/?post_type=product&#038;p=3235"},"modified":"2025-04-14T10:57:33","modified_gmt":"2025-04-14T08:57:33","slug":"sankt-gothard-express-i-llacs-italians","status":"publish","type":"product","link":"https:\/\/aigeviatges.com\/es\/producto\/sankt-gothard-express-y-lagos-italianos\/","title":{"rendered":"San GotThard express y Lagos italianos \u2013 COMPLETO"},"content":{"rendered":"<p><strong>D\u00eda 1: BARCELONA - MILAN - HOTEL<\/strong><br \/>\nSalida en avi\u00f3n a Milan. <strong><u>Almuerzo en restaurante<\/u><\/strong>. Visita de la ciudad. Destaca la Galer\u00eda Vittorio Emmanuel y el impresionante Duomo (catedral), el cual <strong><em>visitaremos por dentro<\/em><\/strong>. Continuaci\u00f3n en los alrededores de Milan. Acomodaci\u00f3n en el hotel. Cena y alojamiento.<\/p>\n<p><strong>D\u00eda 2: LAGO DI ISEO<\/strong><br \/>\nSalida al lago <strong>Iseo, <\/strong>el m\u00e1s peque\u00f1o del norte de Italia y el m\u00e1s curioso de todos ellos. Visitaremos la capital, Iseo, junto al lago, el casco antiguo y los antiguos edificios porticados conservan el aspecto medieval. Almuerzo. Por la tarde haremos un <strong><em>crucero por las tres islas<\/em><\/strong> del lago: <strong>Monte Isola: <\/strong>la mayor del lago; <strong>Isola di Loreto<\/strong>: lugar de encuentro de pescadores, comerciantes y peregrinos; <strong>Isola di San Paolo: <\/strong>una peque\u00f1a isla de propiedad privada. Regreso al hotel. Cena y alojamiento.<\/p>\n<p><strong>D\u00eda 3: BELLINZONA \u2013 TREN PANORAMICO GOTTHARD EXPRESS \u2013 CRUCE DE LOS ALPES \u2013 LAGO LUGANO<\/strong><br \/>\nSalida en autocar al pa\u00eds ve Suiza. Llegada a Bellinzona, patrimonio de la Humanidad por la Unesco. Breve visita de casco hist\u00f3rico con sus acogedoras plazas, palacios restaurados y acogedores patios. Continuaremos ruta hasta Fl\u00fcelen donde tomaremos el <strong><em>tren panor\u00e1mico Gotthard Express<\/em><\/strong>. El tren atraviesa el centro de Suiza y el t\u00fanel del San Gotardo de 1882, por los Alpes suizos por impresionantes paisajes de monta\u00f1a hasta llegar a <strong><em>Lugano<\/em><\/strong>. Visitaremos el centro hist\u00f3rico.<strong> El almuerzo ser\u00e1 en \u201clunch box\u201d.<\/strong> Regreso en autocar al hotel. Cena y alojamiento.<\/p>\n<p><strong>D\u00eda 4: LAGO MAGGIORE \u2013 ISLAS BORROMEAS (Isolas Bella, dei Pescatori y Madre)<\/strong><br \/>\nVisita del <strong>Lago Maggiore y las islas Borromeas,<\/strong> llamadas las perlas del lago. Desde Stresa, navegaremos a bordo del barco hasta Isola Bella, donde visitaremos el <strong><em>palacio de los Borromeas<\/em><\/strong>, una familia que hoy en d\u00eda todav\u00eda es propietaria. Seguiremos en la <strong><em>isola dei Pescatori<\/em><\/strong> donde disfrutaremos de un ambiente de calles estrechas y casas de pescadores. Almuerzo. Seguiremos con la visita a la <strong><em>Isola Madre<\/em><\/strong> donde hay un interesante <strong><em>jard\u00edn bot\u00e1nico<\/em> <\/strong>y podremos disfrutar de una gran variedad de plantas y flores. Regreso al hotel. Cena y alojamiento.<\/p>\n<p><strong>D\u00eda 5: LAGO DI COMO - BELLAGIO - TREMEZZO - VILLA CARLOTTA<\/strong><br \/>\nSalida al puerto de <strong>Lecco<\/strong>. <strong><em>A bordo de un barco<\/em><\/strong> nos trasladaremos a la encantadora poblaci\u00f3n de <strong><em>Bellaggio<\/em><\/strong>, uno de los pueblos m\u00e1s bonitos de toda Italia. Almuerzo y traslado en barco a Tremezzo donde visitaremos la famosa <strong><em>Villa Carlotta<\/em><\/strong><em>, <\/em>la joya del Lago, se construy\u00f3 en 1745 para un marqu\u00e9s de Mil\u00e1n. Los muebles de \u00e9poca, ciertas obras de arte excepcionales y sus impresionantes jardines nos maravillar\u00e1n. Regreso al hotel. Cena y alojamiento.<\/p>\n<p><strong>D\u00eda 6: COMO - VARESE - BARCELONA<\/strong><br \/>\nSalida a <strong><em>Como<\/em><\/strong>, la capital del lago, visitaremos a pie esta sorprendente ciudad. Destaca el impresionante duomo. Almuerzo. Continuaci\u00f3n de la ruta a <strong>Varese<\/strong>. Visitaremos el centro hist\u00f3rico. Traslado al aeropuerto. Salida en avi\u00f3n a BCN. Llegada y fin de nuestros servicios.<\/p>","protected":false},"excerpt":{"rendered":"<p><strong>INCLUYE:<\/strong><\/p>\n<p><strong>-Avi\u00f3n BCN - MILAN - BCN + Maleta (20 kg) y tasas<\/strong><\/p>\n<p><strong>-Autocar local y Gu\u00eda AIGE + Gu\u00eda local en Isola bella<\/strong><\/p>\n<p><strong>-Hotel 3*** + Pensi\u00f3n completa con agua<\/strong><\/p>\n<p><strong>-Entradas: Duomo de Milan;<\/strong><\/p>\n<p><strong>-Barcos seg\u00fan programa<\/strong><strong> + <\/strong><strong>Tren Gotthard Express + seguro viaje<\/strong><\/p>","protected":false},"featured_media":3258,"template":"","meta":[],"product_cat":[87],"product_tag":[],"class_list":["post-3235","product","type-product","status-publish","has-post-thumbnail","hentry","product_cat-rep-baltiques-i-nord-deuropa"],"yoast_head":"<!-- This site is optimized with the Yoast SEO plugin v21.7 - https:\/\/yoast.com\/wordpress\/plugins\/seo\/ -->\n<title>Sant GotThard express I Llacs italians - COMPLET - AIGE Viatges<\/title>\n<meta name=\"description\" content=\"Agencia de viajes online | Descubre nuestros viajes inolvidables a Sant GotThard express I Llacs italians - COMPLET\" \/>\n<meta name=\"robots\" content=\"index, follow, max-snippet:-1, max-image-preview:large, max-video-preview:-1\" \/>\n<link rel=\"canonical\" href=\"https:\/\/aigeviatges.com\/es\/producto\/sankt-gothard-express-y-lagos-italianos\/\" \/>\n<meta property=\"og:locale\" content=\"es_ES\" \/>\n<meta property=\"og:type\" content=\"article\" \/>\n<meta property=\"og:title\" content=\"Sant GotThard express I Llacs italians - COMPLET - AIGE Viatges\" \/>\n<meta property=\"og:description\" content=\"Agencia de viajes online | Descubre nuestros viajes inolvidables a Sant GotThard express I Llacs italians - COMPLET\" \/>\n<meta property=\"og:url\" content=\"https:\/\/aigeviatges.com\/es\/producto\/sankt-gothard-express-y-lagos-italianos\/\" \/>\n<meta property=\"og:site_name\" content=\"AIGE Viatges\" \/>\n<meta property=\"article:publisher\" content=\"https:\/\/www.facebook.com\/viatgesaige\/\" \/>\n<meta property=\"article:modified_time\" content=\"2025-04-14T08:57:33+00:00\" \/>\n<meta property=\"og:image\" content=\"https:\/\/aigeviatges.com\/wp-content\/uploads\/2025\/03\/Captura-de-pantalla-2025-03-04-153556-1024x535.png\" \/>\n\t<meta property=\"og:image:width\" content=\"1024\" \/>\n\t<meta property=\"og:image:height\" content=\"535\" \/>\n\t<meta property=\"og:image:type\" content=\"image\/png\" \/>\n<meta name=\"twitter:card\" content=\"summary_large_image\" \/>\n<meta name=\"twitter:label1\" content=\"Tiempo de lectura\" \/>\n\t<meta name=\"twitter:data1\" content=\"3 minutos\" \/>\n<script type=\"application\/ld+json\" class=\"yoast-schema-graph\">{\"@context\":\"https:\/\/schema.org\",\"@graph\":[{\"@type\":\"WebPage\",\"@id\":\"https:\/\/aigeviatges.com\/producto\/sankt-gothard-express-i-llacs-italians\/\",\"url\":\"https:\/\/aigeviatges.com\/producto\/sankt-gothard-express-i-llacs-italians\/\",\"name\":\"Sant GotThard express I Llacs italians - COMPLET - AIGE Viatges\",\"isPartOf\":{\"@id\":\"https:\/\/aigeviatges.com\/#website\"},\"datePublished\":\"2025-03-04T14:06:12+00:00\",\"dateModified\":\"2025-04-14T08:57:33+00:00\",\"description\":\"Agencia de viajes online | Descubre nuestros viajes inolvidables a Sant GotThard express I Llacs italians - COMPLET\",\"breadcrumb\":{\"@id\":\"https:\/\/aigeviatges.com\/producto\/sankt-gothard-express-i-llacs-italians\/#breadcrumb\"},\"inLanguage\":\"es\",\"potentialAction\":[{\"@type\":\"ReadAction\",\"target\":[\"https:\/\/aigeviatges.com\/producto\/sankt-gothard-express-i-llacs-italians\/\"]}]},{\"@type\":\"BreadcrumbList\",\"@id\":\"https:\/\/aigeviatges.com\/producto\/sankt-gothard-express-i-llacs-italians\/#breadcrumb\",\"itemListElement\":[{\"@type\":\"ListItem\",\"position\":1,\"name\":\"Portada\",\"item\":\"https:\/\/aigeviatges.com\/\"},{\"@type\":\"ListItem\",\"position\":2,\"name\":\"Tienda\",\"item\":\"https:\/\/aigeviatges.com\/tienda-2\/\"},{\"@type\":\"ListItem\",\"position\":3,\"name\":\"Sant GotThard express I Llacs italians &#8211; COMPLET\"}]},{\"@type\":\"WebSite\",\"@id\":\"https:\/\/aigeviatges.com\/#website\",\"url\":\"https:\/\/aigeviatges.com\/\",\"name\":\"AIGE Viatges\",\"description\":\"Agencia de viajes especializada en producto propio para grupos.\",\"publisher\":{\"@id\":\"https:\/\/aigeviatges.com\/#organization\"},\"potentialAction\":[{\"@type\":\"SearchAction\",\"target\":{\"@type\":\"EntryPoint\",\"urlTemplate\":\"https:\/\/aigeviatges.com\/?s={search_term_string}\"},\"query-input\":\"required name=search_term_string\"}],\"inLanguage\":\"es\"},{\"@type\":\"Organization\",\"@id\":\"https:\/\/aigeviatges.com\/#organization\",\"name\":\"AIGE Viatges\",\"url\":\"https:\/\/aigeviatges.com\/\",\"logo\":{\"@type\":\"ImageObject\",\"inLanguage\":\"es\",\"@id\":\"https:\/\/aigeviatges.com\/#\/schema\/logo\/image\/\",\"url\":\"https:\/\/aigeviatges.com\/wp-content\/uploads\/2020\/03\/aig-viatges-logo-web.png\",\"contentUrl\":\"https:\/\/aigeviatges.com\/wp-content\/uploads\/2020\/03\/aig-viatges-logo-web.png\",\"width\":600,\"height\":166,\"caption\":\"AIGE Viatges\"},\"image\":{\"@id\":\"https:\/\/aigeviatges.com\/#\/schema\/logo\/image\/\"},\"sameAs\":[\"https:\/\/www.facebook.com\/viatgesaige\/\"]}]}<\/script>\n<!-- \/ Yoast SEO plugin. -->","yoast_head_json":{"title":"Sant GotThard express I Llacs italians - COMPLET - AIGE Viatges","description":"Agencia de viajes online | Descubre nuestros viajes inolvidables a Sant GotThard express I Llacs italians - COMPLET","robots":{"index":"index","follow":"follow","max-snippet":"max-snippet:-1","max-image-preview":"max-image-preview:large","max-video-preview":"max-video-preview:-1"},"canonical":"https:\/\/aigeviatges.com\/es\/producto\/sankt-gothard-express-y-lagos-italianos\/","og_locale":"es_ES","og_type":"article","og_title":"Sant GotThard express I Llacs italians - COMPLET - AIGE Viatges","og_description":"Agencia de viajes online | Descubre nuestros viajes inolvidables a Sant GotThard express I Llacs italians - COMPLET","og_url":"https:\/\/aigeviatges.com\/es\/producto\/sankt-gothard-express-y-lagos-italianos\/","og_site_name":"AIGE Viatges","article_publisher":"https:\/\/www.facebook.com\/viatgesaige\/","article_modified_time":"2025-04-14T08:57:33+00:00","og_image":[{"width":1024,"height":535,"url":"https:\/\/aigeviatges.com\/wp-content\/uploads\/2025\/03\/Captura-de-pantalla-2025-03-04-153556-1024x535.png","type":"image\/png"}],"twitter_card":"summary_large_image","twitter_misc":{"Tiempo de lectura":"3 minutos"},"schema":{"@context":"https:\/\/schema.org","@graph":[{"@type":"WebPage","@id":"https:\/\/aigeviatges.com\/producto\/sankt-gothard-express-i-llacs-italians\/","url":"https:\/\/aigeviatges.com\/producto\/sankt-gothard-express-i-llacs-italians\/","name":"Sant GotThard express I Llacs italians - COMPLET - AIGE Viatges","isPartOf":{"@id":"https:\/\/aigeviatges.com\/#website"},"datePublished":"2025-03-04T14:06:12+00:00","dateModified":"2025-04-14T08:57:33+00:00","description":"Agencia de viajes online | Descubre nuestros viajes inolvidables a Sant GotThard express I Llacs italians - COMPLET","breadcrumb":{"@id":"https:\/\/aigeviatges.com\/producto\/sankt-gothard-express-i-llacs-italians\/#breadcrumb"},"inLanguage":"es","potentialAction":[{"@type":"ReadAction","target":["https:\/\/aigeviatges.com\/producto\/sankt-gothard-express-i-llacs-italians\/"]}]},{"@type":"BreadcrumbList","@id":"https:\/\/aigeviatges.com\/producto\/sankt-gothard-express-i-llacs-italians\/#breadcrumb","itemListElement":[{"@type":"ListItem","position":1,"name":"Portada","item":"https:\/\/aigeviatges.com\/"},{"@type":"ListItem","position":2,"name":"Tienda","item":"https:\/\/aigeviatges.com\/tienda-2\/"},{"@type":"ListItem","position":3,"name":"Sant GotThard express I Llacs italians &#8211; COMPLET"}]},{"@type":"WebSite","@id":"https:\/\/aigeviatges.com\/#website","url":"https:\/\/aigeviatges.com\/","name":"AIGE Viatges","description":"Agencia de viajes especializada en producto propio para grupos.","publisher":{"@id":"https:\/\/aigeviatges.com\/#organization"},"potentialAction":[{"@type":"SearchAction","target":{"@type":"EntryPoint","urlTemplate":"https:\/\/aigeviatges.com\/?s={search_term_string}"},"query-input":"required name=search_term_string"}],"inLanguage":"es"},{"@type":"Organization","@id":"https:\/\/aigeviatges.com\/#organization","name":"AIGE Viatges","url":"https:\/\/aigeviatges.com\/","logo":{"@type":"ImageObject","inLanguage":"es","@id":"https:\/\/aigeviatges.com\/#\/schema\/logo\/image\/","url":"https:\/\/aigeviatges.com\/wp-content\/uploads\/2020\/03\/aig-viatges-logo-web.png","contentUrl":"https:\/\/aigeviatges.com\/wp-content\/uploads\/2020\/03\/aig-viatges-logo-web.png","width":600,"height":166,"caption":"AIGE Viatges"},"image":{"@id":"https:\/\/aigeviatges.com\/#\/schema\/logo\/image\/"},"sameAs":["https:\/\/www.facebook.com\/viatgesaige\/"]}]}},"jetpack_sharing_enabled":true,"jetpack_likes_enabled":false,"_links":{"self":[{"href":"https:\/\/aigeviatges.com\/es\/wp-json\/wp\/v2\/product\/3235","targetHints":{"allow":["GET"]}}],"collection":[{"href":"https:\/\/aigeviatges.com\/es\/wp-json\/wp\/v2\/product"}],"about":[{"href":"https:\/\/aigeviatges.com\/es\/wp-json\/wp\/v2\/types\/product"}],"wp:featuredmedia":[{"embeddable":true,"href":"https:\/\/aigeviatges.com\/es\/wp-json\/wp\/v2\/media\/3258"}],"wp:attachment":[{"href":"https:\/\/aigeviatges.com\/es\/wp-json\/wp\/v2\/media?parent=3235"}],"wp:term":[{"taxonomy":"product_cat","embeddable":true,"href":"https:\/\/aigeviatges.com\/es\/wp-json\/wp\/v2\/product_cat?post=3235"},{"taxonomy":"product_tag","embeddable":true,"href":"https:\/\/aigeviatges.com\/es\/wp-json\/wp\/v2\/product_tag?post=3235"}],"curies":[{"name":"wp","href":"https:\/\/api.w.org\/{rel}","templated":true}]}}