{"id":3231,"date":"2025-03-04T14:46:44","date_gmt":"2025-03-04T13:46:44","guid":{"rendered":"https:\/\/aigeviatges.com\/?post_type=product&#038;p=3231"},"modified":"2025-05-28T20:51:09","modified_gmt":"2025-05-28T18:51:09","slug":"tirol-baviera-ultimes-places","status":"publish","type":"product","link":"https:\/\/aigeviatges.com\/es\/producto\/tirol-baviera-ultimas-plazas\/","title":{"rendered":"TIROL BAVIERA \u2013 ULTIMAS PLAZAS"},"content":{"rendered":"<p><strong>D\u00eda 1: BARCELONA - MUNICH - TIROL<\/strong><br \/>\nSalida en avi\u00f3n a M\u00fanich. Visita de la capital de Baviera. Destaca la Marienplatz, el Ayuntamiento con su famoso carill\u00f3n, la Iglesia St. Michael, donde se encuentran los restos de \u201cel Rey Loco\u201d, la iglesia Frauenkirche, que seg\u00fan la leyenda conserva la huella del Diablo en su entrada. Despu\u00e9s recorreremos la Plaza de la \u00d3pera, el Feldherrnhalle o Monumento a los Generales B\u00e1varos, la iglesia B\u00fcrgersaalkirche, la Residencia Real, la Iglesia de San Pedro y algunos otros rincones secretos y lugares de inter\u00e9s del centro de la ciudad. <strong><em><u>Almuerzo en rte<\/u><\/em><\/strong>. Continuaci\u00f3n en el Tirol. Acomodaci\u00f3n en el hotel, cena y alojamiento.<\/p>\n<p><strong>D\u00eda 2: INNSBRUCK \u2013 ACHENSEE \u2013 RATTENBERG<\/strong><br \/>\nPor la ma\u00f1ana efectuaremos la visita de Innsbruck, la capital del Tirol. Recorrido por Maria Teresina Strasse, el Palacio Imperial, el famoso Tejadillo de Oro y las instalaciones ol\u00edmpicas etc. Almuerzo en Restaurante. Seguiremos ruta bordeando el lago achensee hasta Rattenberg donde daremos un paseo por este encantador pueblecito. Regreso al hotel. Cena y alojamiento.<\/p>\n<p><strong>D\u00eda 3: RUTA PANOR\u00c1MICA DEL GERLOSPASS \u2013 KRIMML \u2013 KITZB\u00dcHEL<\/strong><br \/>\nPor la ma\u00f1ana ascenderemos la carretera del Gerlosspass, atravesando paisajes maravillosos de alta monta\u00f1a, podremos ver desde la carretera las cataratas de Krimml, hasta llegar a Kitzbuhel. Almuerzo en rto. Situada entre bellos valles, con pistas de esqu\u00ed a ambos lados, Kitzb\u00fchel es la t\u00edpica poblaci\u00f3n Tirolesa. Destaca su centro medieval, donde podremos ver bellas iglesias, lujosas tiendas, bonitas casas pintadas, etc. Tiempo libre. Regreso al hotel. Cena y alojamiento.<\/p>\n<p><strong>D\u00eda 4: CASTILLO DE NEUSCHWANSTEIN - MITTENWALD<\/strong><br \/>\nSalida a Fussen. Visitaremos el castillo de Neuschwanstein, construido por el \u201cRey Loco\u201d. Siete semanas despu\u00e9s de la muerte del rey Luis II en 1886 el Castillo se abri\u00f3 al p\u00fablico. El rey, de car\u00e1cter reproche, hab\u00eda construido el castillo para alejarse de la vida p\u00fablica \u2013 lo que en su momento fuera su refugio se ha convertido en un lugar principal de atracci\u00f3n para el p\u00fablico. Neuschwanstein es hoy uno de los castillos m\u00e1s visitados de Europa. Almuerzo. De regreso al hotel haremos parada en Mittenwald, un encantador pueblecito de monta\u00f1a que parece congelado en el tiempo, conocido por la fabricaci\u00f3n tradicional de violines, violas y cielos. Cena y alojamiento.<\/p>\n<p><strong>D\u00eda 5: TIROL\u2013 LAGO CHIEM \u2013 PALACIO DE HERREMCHIEMSEE \u2013 BARCELONA<\/strong><br \/>\nPor la ma\u00f1ana nos dirigiremos al Chiemsee, lago de Chiem, traslado en barco a la isla de los hombres-Herremchiemsee- Luis II de Baviera orden\u00f3 construir un palacio al estilo de Versailles. Visitaremos el palacio y admiraremos especialmente el Sal\u00f3n de los Espejos. Almuerzo en restaurante. Seguidamente traslado al aeropuerto de Munich y salida en avi\u00f3n a Barcelona. Llegada y fin de nuestros servicios.<\/p>","protected":false},"excerpt":{"rendered":"<p><strong>INCLUYE:<\/strong><\/p>\n<ul>\n<li><strong>Avi\u00f3n con tasas y maleta 20 kg<\/strong><\/li>\n<li><strong>Autocar local y gu\u00eda AIGE <\/strong><\/li>\n<li><strong>4 noches de Hotel 4*** + pensi\u00f3n completa con agua<\/strong><\/li>\n<li><strong>Entrada al Castillo de Neuschwantein<\/strong><\/li>\n<li><strong>Barco en Herremchiemsee y entrada al palacio<\/strong><\/li>\n<li><strong>Seguro viaje<\/strong><\/li>\n<\/ul>","protected":false},"featured_media":3232,"template":"","meta":[],"product_cat":[87],"product_tag":[],"class_list":["post-3231","product","type-product","status-publish","has-post-thumbnail","hentry","product_cat-rep-baltiques-i-nord-deuropa"],"yoast_head":"<!-- This site is optimized with the Yoast SEO plugin v21.7 - https:\/\/yoast.com\/wordpress\/plugins\/seo\/ -->\n<title>Viajes grupales o individuales a TIROL BAVIERA<\/title>\n<meta name=\"description\" content=\"Agencia de viajes online. Viajes grupales o individuales a TIROL BAVIERA | Descubre nuestros viajes inolvidables a TIROL BAVIERA\" \/>\n<meta name=\"robots\" content=\"index, follow, max-snippet:-1, max-image-preview:large, max-video-preview:-1\" \/>\n<link rel=\"canonical\" href=\"https:\/\/aigeviatges.com\/es\/producto\/tirol-baviera-ultimas-plazas\/\" \/>\n<meta property=\"og:locale\" content=\"es_ES\" \/>\n<meta property=\"og:type\" content=\"article\" \/>\n<meta property=\"og:title\" content=\"Viajes grupales o individuales a TIROL BAVIERA\" \/>\n<meta property=\"og:description\" content=\"Agencia de viajes online. Viajes grupales o individuales a TIROL BAVIERA | Descubre nuestros viajes inolvidables a TIROL BAVIERA\" \/>\n<meta property=\"og:url\" content=\"https:\/\/aigeviatges.com\/es\/producto\/tirol-baviera-ultimas-plazas\/\" \/>\n<meta property=\"og:site_name\" content=\"AIGE Viatges\" \/>\n<meta property=\"article:publisher\" content=\"https:\/\/www.facebook.com\/viatgesaige\/\" \/>\n<meta property=\"article:modified_time\" content=\"2025-05-28T18:51:09+00:00\" \/>\n<meta property=\"og:image\" content=\"https:\/\/aigeviatges.com\/wp-content\/uploads\/2025\/03\/98.jpg\" \/>\n\t<meta property=\"og:image:width\" content=\"1185\" \/>\n\t<meta property=\"og:image:height\" content=\"616\" \/>\n\t<meta property=\"og:image:type\" content=\"image\/jpeg\" \/>\n<meta name=\"twitter:card\" content=\"summary_large_image\" \/>\n<meta name=\"twitter:label1\" content=\"Tiempo de lectura\" \/>\n\t<meta name=\"twitter:data1\" content=\"3 minutos\" \/>\n<script type=\"application\/ld+json\" class=\"yoast-schema-graph\">{\"@context\":\"https:\/\/schema.org\",\"@graph\":[{\"@type\":\"WebPage\",\"@id\":\"https:\/\/aigeviatges.com\/producto\/tirol-baviera-ultimes-places\/\",\"url\":\"https:\/\/aigeviatges.com\/producto\/tirol-baviera-ultimes-places\/\",\"name\":\"Viajes grupales o individuales a TIROL BAVIERA\",\"isPartOf\":{\"@id\":\"https:\/\/aigeviatges.com\/#website\"},\"datePublished\":\"2025-03-04T13:46:44+00:00\",\"dateModified\":\"2025-05-28T18:51:09+00:00\",\"description\":\"Agencia de viajes online. Viajes grupales o individuales a TIROL BAVIERA | Descubre nuestros viajes inolvidables a TIROL BAVIERA\",\"breadcrumb\":{\"@id\":\"https:\/\/aigeviatges.com\/producto\/tirol-baviera-ultimes-places\/#breadcrumb\"},\"inLanguage\":\"es\",\"potentialAction\":[{\"@type\":\"ReadAction\",\"target\":[\"https:\/\/aigeviatges.com\/producto\/tirol-baviera-ultimes-places\/\"]}]},{\"@type\":\"BreadcrumbList\",\"@id\":\"https:\/\/aigeviatges.com\/producto\/tirol-baviera-ultimes-places\/#breadcrumb\",\"itemListElement\":[{\"@type\":\"ListItem\",\"position\":1,\"name\":\"Portada\",\"item\":\"https:\/\/aigeviatges.com\/\"},{\"@type\":\"ListItem\",\"position\":2,\"name\":\"Tienda\",\"item\":\"https:\/\/aigeviatges.com\/tienda-2\/\"},{\"@type\":\"ListItem\",\"position\":3,\"name\":\"TIROL BAVIERA &#8211; ULTIMES PLACES\"}]},{\"@type\":\"WebSite\",\"@id\":\"https:\/\/aigeviatges.com\/#website\",\"url\":\"https:\/\/aigeviatges.com\/\",\"name\":\"AIGE Viatges\",\"description\":\"Agencia de viajes especializada en producto propio para grupos.\",\"publisher\":{\"@id\":\"https:\/\/aigeviatges.com\/#organization\"},\"potentialAction\":[{\"@type\":\"SearchAction\",\"target\":{\"@type\":\"EntryPoint\",\"urlTemplate\":\"https:\/\/aigeviatges.com\/?s={search_term_string}\"},\"query-input\":\"required name=search_term_string\"}],\"inLanguage\":\"es\"},{\"@type\":\"Organization\",\"@id\":\"https:\/\/aigeviatges.com\/#organization\",\"name\":\"AIGE Viatges\",\"url\":\"https:\/\/aigeviatges.com\/\",\"logo\":{\"@type\":\"ImageObject\",\"inLanguage\":\"es\",\"@id\":\"https:\/\/aigeviatges.com\/#\/schema\/logo\/image\/\",\"url\":\"https:\/\/aigeviatges.com\/wp-content\/uploads\/2020\/03\/aig-viatges-logo-web.png\",\"contentUrl\":\"https:\/\/aigeviatges.com\/wp-content\/uploads\/2020\/03\/aig-viatges-logo-web.png\",\"width\":600,\"height\":166,\"caption\":\"AIGE Viatges\"},\"image\":{\"@id\":\"https:\/\/aigeviatges.com\/#\/schema\/logo\/image\/\"},\"sameAs\":[\"https:\/\/www.facebook.com\/viatgesaige\/\"]}]}<\/script>\n<!-- \/ Yoast SEO plugin. -->","yoast_head_json":{"title":"Viajes grupales o individuales a TIROL BAVIERA","description":"Agencia de viajes online. Viajes grupales o individuales a TIROL BAVIERA | Descubre nuestros viajes inolvidables a TIROL BAVIERA","robots":{"index":"index","follow":"follow","max-snippet":"max-snippet:-1","max-image-preview":"max-image-preview:large","max-video-preview":"max-video-preview:-1"},"canonical":"https:\/\/aigeviatges.com\/es\/producto\/tirol-baviera-ultimas-plazas\/","og_locale":"es_ES","og_type":"article","og_title":"Viajes grupales o individuales a TIROL BAVIERA","og_description":"Agencia de viajes online. Viajes grupales o individuales a TIROL BAVIERA | Descubre nuestros viajes inolvidables a TIROL BAVIERA","og_url":"https:\/\/aigeviatges.com\/es\/producto\/tirol-baviera-ultimas-plazas\/","og_site_name":"AIGE Viatges","article_publisher":"https:\/\/www.facebook.com\/viatgesaige\/","article_modified_time":"2025-05-28T18:51:09+00:00","og_image":[{"width":1185,"height":616,"url":"https:\/\/aigeviatges.com\/wp-content\/uploads\/2025\/03\/98.jpg","type":"image\/jpeg"}],"twitter_card":"summary_large_image","twitter_misc":{"Tiempo de lectura":"3 minutos"},"schema":{"@context":"https:\/\/schema.org","@graph":[{"@type":"WebPage","@id":"https:\/\/aigeviatges.com\/producto\/tirol-baviera-ultimes-places\/","url":"https:\/\/aigeviatges.com\/producto\/tirol-baviera-ultimes-places\/","name":"Viajes grupales o individuales a TIROL BAVIERA","isPartOf":{"@id":"https:\/\/aigeviatges.com\/#website"},"datePublished":"2025-03-04T13:46:44+00:00","dateModified":"2025-05-28T18:51:09+00:00","description":"Agencia de viajes online. Viajes grupales o individuales a TIROL BAVIERA | Descubre nuestros viajes inolvidables a TIROL BAVIERA","breadcrumb":{"@id":"https:\/\/aigeviatges.com\/producto\/tirol-baviera-ultimes-places\/#breadcrumb"},"inLanguage":"es","potentialAction":[{"@type":"ReadAction","target":["https:\/\/aigeviatges.com\/producto\/tirol-baviera-ultimes-places\/"]}]},{"@type":"BreadcrumbList","@id":"https:\/\/aigeviatges.com\/producto\/tirol-baviera-ultimes-places\/#breadcrumb","itemListElement":[{"@type":"ListItem","position":1,"name":"Portada","item":"https:\/\/aigeviatges.com\/"},{"@type":"ListItem","position":2,"name":"Tienda","item":"https:\/\/aigeviatges.com\/tienda-2\/"},{"@type":"ListItem","position":3,"name":"TIROL BAVIERA &#8211; ULTIMES PLACES"}]},{"@type":"WebSite","@id":"https:\/\/aigeviatges.com\/#website","url":"https:\/\/aigeviatges.com\/","name":"AIGE Viatges","description":"Agencia de viajes especializada en producto propio para grupos.","publisher":{"@id":"https:\/\/aigeviatges.com\/#organization"},"potentialAction":[{"@type":"SearchAction","target":{"@type":"EntryPoint","urlTemplate":"https:\/\/aigeviatges.com\/?s={search_term_string}"},"query-input":"required name=search_term_string"}],"inLanguage":"es"},{"@type":"Organization","@id":"https:\/\/aigeviatges.com\/#organization","name":"AIGE Viatges","url":"https:\/\/aigeviatges.com\/","logo":{"@type":"ImageObject","inLanguage":"es","@id":"https:\/\/aigeviatges.com\/#\/schema\/logo\/image\/","url":"https:\/\/aigeviatges.com\/wp-content\/uploads\/2020\/03\/aig-viatges-logo-web.png","contentUrl":"https:\/\/aigeviatges.com\/wp-content\/uploads\/2020\/03\/aig-viatges-logo-web.png","width":600,"height":166,"caption":"AIGE Viatges"},"image":{"@id":"https:\/\/aigeviatges.com\/#\/schema\/logo\/image\/"},"sameAs":["https:\/\/www.facebook.com\/viatgesaige\/"]}]}},"jetpack_sharing_enabled":true,"jetpack_likes_enabled":false,"_links":{"self":[{"href":"https:\/\/aigeviatges.com\/es\/wp-json\/wp\/v2\/product\/3231","targetHints":{"allow":["GET"]}}],"collection":[{"href":"https:\/\/aigeviatges.com\/es\/wp-json\/wp\/v2\/product"}],"about":[{"href":"https:\/\/aigeviatges.com\/es\/wp-json\/wp\/v2\/types\/product"}],"wp:featuredmedia":[{"embeddable":true,"href":"https:\/\/aigeviatges.com\/es\/wp-json\/wp\/v2\/media\/3232"}],"wp:attachment":[{"href":"https:\/\/aigeviatges.com\/es\/wp-json\/wp\/v2\/media?parent=3231"}],"wp:term":[{"taxonomy":"product_cat","embeddable":true,"href":"https:\/\/aigeviatges.com\/es\/wp-json\/wp\/v2\/product_cat?post=3231"},{"taxonomy":"product_tag","embeddable":true,"href":"https:\/\/aigeviatges.com\/es\/wp-json\/wp\/v2\/product_tag?post=3231"}],"curies":[{"name":"wp","href":"https:\/\/api.w.org\/{rel}","templated":true}]}}