{"id":322,"date":"2021-02-04T13:22:54","date_gmt":"2021-02-04T13:22:54","guid":{"rendered":"https:\/\/aigeviatges.com\/?post_type=product&#038;p=322"},"modified":"2021-03-18T13:35:37","modified_gmt":"2021-03-18T13:35:37","slug":"baden-baden-palaus-i-castells-6-dies","status":"publish","type":"product","link":"https:\/\/aigeviatges.com\/es\/producto\/baden-baden-palacios-y-castillos-6-dias\/","title":{"rendered":"BADEN BADEN, PALACIOS Y CASTILLOS \u2013 6 D\u00cdAS"},"content":{"rendered":"<p><strong>D\u00eda 1: BARCELONA \u2013 ZURICH\/BASEL \u2013 TITISSE \u2013 SELVA NEGRA<\/strong><br \/>\nSalida en avi\u00f3n a Zurich o Basel. Salida al Lago Titisse. Almuerzo en ruta. El lago, de cariz glaciar tiene su origen en los glaciares de la cordillera del Feldberg y una profundidad media de 20 metros. Haremos un mini crucero para admirar los paisajes de la Selva Negra en todo su esplendor. Continuaci\u00f3n en el hotel. Cena y alojamiento.<\/p>\n<p><strong>D\u00eda 2: GENGENBACH - SASBACHWALDEN - FREUDENSTADT<\/strong><br \/>\nSalida a Gengenbach, considerado el pueblo m\u00e1s bonito de la Selva Negra. Sus tradicionales casas de madera, de varios colores, convierten a las calles en una aut\u00e9ntica ciudad de cuento. Continuaci\u00f3n a Sasbachwalden, donde el tiempo parece haberse detenido, y las peque\u00f1as casas de entramados de madera salpican el extenso valle de vi\u00f1edos creando una buc\u00f3lica imagen dif\u00edcil de olvidar. Seguiremos con la visita de Freundenstadt, donde se encuentra la Marktplatz. Se trata de la mayor plaza de Alemania, all\u00ed se encuentra la Stadtkirche, una iglesia protestante en la que se puede admirar una combinaci\u00f3n de diversos estilos arquitect\u00f3nicos, desde g\u00e1rgolas de estilo g\u00f3tico hasta bellas torres renacentistas. Cena y alojamiento en el hotel.<\/p>\n<p><strong>D\u00eda 3: CASTILLO DE HOHENZOLLERN \u2013 SCHILTACH<\/strong><br \/>\nSalida a Burg Hohenzollern. Visitaremos su magn\u00edfico castillo. Las murallas y torres medievales de la fortaleza, combinadas con torres y torretas de estilo neorrom\u00e1ntico, otorgan al castillo un atractivo peculiar, parece haber sido sacado de las ilustraciones de cuentos de hadas, reyes y princesas. Por la tarde visitaremos Schiltach, destaca por su maravilloso casco hist\u00f3rico medieval excelentemente conservado repleto de casas con entramados de madera construidas entre los siglos XVI y XIX. Cena y alojamiento en el hotel.<\/p>\n<p><strong>D\u00eda 4: BADEN BADEN<\/strong><br \/>\nSalida a Baden Baden. Visitaremos la bell\u00edsima ciudad balneario de la Selva Negra. Gracias a sus ba\u00f1os termales, adquiri\u00f3 fama de moderna urbe tur\u00edstica en el siglo XIX. Destaca el complejo Kurhaus que data de 1824 y que alberga al elegante Spielbank (casino) inspirado en Versalles, visita guiada del sal\u00f3n de juego, lo que Marlene Dietrich defini\u00f3 como el casino m\u00e1s bonito del mundo. Tambi\u00e9n se dice que all\u00ed se inspir\u00f3 Dostoyevsky para escribir su famosa novela &quot;El jugador&quot;. Cena y alojamiento en el hotel.<\/p>\n<p><strong>D\u00eda 5: TRIBERG \u2013 CASCADAS DE GUTACH (OPCIONAL) \u2013 MUSEO ETNOGR\u00c1FICO<\/strong><br \/>\nPor la ma\u00f1ana nos dirigiremos a Triberg, opcionalmente se podr\u00e1 visitar las cataratas de Gutach (entrada no incluida), la especialidad de la artesan\u00eda de los relojes de cu-cu es por todas partes. Veremos el mayor reloj de Cu-c\u00fa del mundo. Por la tarde visitaremos el museo al aire libre de Gutach, un testimonio de la habilidad de los habitantes de esta regi\u00f3n en materia de construcci\u00f3n rural, artesan\u00eda y agricultura. Cena y alojamiento en el hotel.<\/p>\n<p><strong>D\u00eda 6: SELVA NEGRA - LUDWISBURG - STUTTGART - BARCELONA<\/strong><br \/>\nSalida a Ludwisburgo. Visita del Palacio, uno de los mayores palacios barrocos de Alemania. Construido en 1704 por el duque Eberardo Luis de Wurtemberg, que rein\u00f3 entre 1693 y 1733. Un a\u00f1o m\u00e1s tarde, el sitio fue nombrado \u201cLudwigsburg\u201d. Empez\u00f3 como un pabell\u00f3n de caza. En 1718 se convirti\u00f3 en capital y \u00fanica residencia de los duques de Wurtemberg. Almuerzo en rto. Traslado al aeropuerto y salida en avi\u00f3n a Barcelona. Llegada y fin de nuestros servicios.<\/p>","protected":false},"excerpt":{"rendered":"<p><strong>INCLUYE:<\/strong><\/p>\n<ul>\n<li>Traslados origen-apt y vuelta (m\u00ednimo 25 pax)<\/li>\n<li>Avi\u00f3n BCN - Zurich \/ Basilea - BCN<\/li>\n<li>Tasas y maleta<\/li>\n<li>Autocar local todo el circuito<\/li>\n<li>Gu\u00eda acompa\u00f1ante de AIGE<\/li>\n<li>Hotel 3*** o 4**** <em>(seg\u00fan elecci\u00f3n)<\/em><\/li>\n<li>Pensi\u00f3n completa con agua (del almuerzo del d\u00eda 1 al almuerzo del d\u00eda 6)<\/li>\n<li>Entrada en el Casino de Baden Baden y Museo etnogr\u00e1fico de Gutach<\/li>\n<li>Entrada en el Palacio de Ludwisburg y Castillo Hohenzollern<\/li>\n<li>Crucero por el Lago Titisse<\/li>\n<li>Seguro de asistencia en viaje<\/li>\n<\/ul>\n<p><em><strong>Nota sobre el alojamiento: todas las noches en el mismo hotel \u00a0\u00a0\u00a0\u00a0\u00a0<\/strong><\/em><\/p>","protected":false},"featured_media":325,"template":"","meta":[],"product_cat":[34,25],"product_tag":[],"class_list":["post-322","product","type-product","status-publish","has-post-thumbnail","hentry","product_cat-alemanya","product_cat-circuits-tot-inclos"],"yoast_head":"<!-- This site is optimized with the Yoast SEO plugin v21.7 - https:\/\/yoast.com\/wordpress\/plugins\/seo\/ -->\n<title>BADEN BADEN, PALAUS I CASTELLS - 6 DIES - AIGE Viatges<\/title>\n<meta name=\"description\" content=\"Agencia de viajes online | Descubre nuestros viajes inolvidables a BADEN BADEN, PALAUS I CASTELLS - 6 DIES\" \/>\n<meta name=\"robots\" content=\"index, follow, max-snippet:-1, max-image-preview:large, max-video-preview:-1\" \/>\n<link rel=\"canonical\" href=\"https:\/\/aigeviatges.com\/es\/producto\/baden-baden-palacios-y-castillos-6-dias\/\" \/>\n<meta property=\"og:locale\" content=\"es_ES\" \/>\n<meta property=\"og:type\" content=\"article\" \/>\n<meta property=\"og:title\" content=\"BADEN BADEN, PALAUS I CASTELLS - 6 DIES - AIGE Viatges\" \/>\n<meta property=\"og:description\" content=\"Agencia de viajes online | Descubre nuestros viajes inolvidables a BADEN BADEN, PALAUS I CASTELLS - 6 DIES\" \/>\n<meta property=\"og:url\" content=\"https:\/\/aigeviatges.com\/es\/producto\/baden-baden-palacios-y-castillos-6-dias\/\" \/>\n<meta property=\"og:site_name\" content=\"AIGE Viatges\" \/>\n<meta property=\"article:publisher\" content=\"https:\/\/www.facebook.com\/viatgesaige\/\" \/>\n<meta property=\"article:modified_time\" content=\"2021-03-18T13:35:37+00:00\" \/>\n<meta property=\"og:image\" content=\"https:\/\/aigeviatges.com\/wp-content\/uploads\/2021\/02\/ludwisburg-scaled.jpg\" \/>\n\t<meta property=\"og:image:width\" content=\"2560\" \/>\n\t<meta property=\"og:image:height\" content=\"1920\" \/>\n\t<meta property=\"og:image:type\" content=\"image\/jpeg\" \/>\n<meta name=\"twitter:card\" content=\"summary_large_image\" \/>\n<meta name=\"twitter:label1\" content=\"Tiempo de lectura\" \/>\n\t<meta name=\"twitter:data1\" content=\"3 minutos\" \/>\n<script type=\"application\/ld+json\" class=\"yoast-schema-graph\">{\"@context\":\"https:\/\/schema.org\",\"@graph\":[{\"@type\":\"WebPage\",\"@id\":\"https:\/\/aigeviatges.com\/producto\/baden-baden-palaus-i-castells-6-dies\/\",\"url\":\"https:\/\/aigeviatges.com\/producto\/baden-baden-palaus-i-castells-6-dies\/\",\"name\":\"BADEN BADEN, PALAUS I CASTELLS - 6 DIES - AIGE Viatges\",\"isPartOf\":{\"@id\":\"https:\/\/aigeviatges.com\/#website\"},\"datePublished\":\"2021-02-04T13:22:54+00:00\",\"dateModified\":\"2021-03-18T13:35:37+00:00\",\"description\":\"Agencia de viajes online | Descubre nuestros viajes inolvidables a BADEN BADEN, PALAUS I CASTELLS - 6 DIES\",\"breadcrumb\":{\"@id\":\"https:\/\/aigeviatges.com\/producto\/baden-baden-palaus-i-castells-6-dies\/#breadcrumb\"},\"inLanguage\":\"es\",\"potentialAction\":[{\"@type\":\"ReadAction\",\"target\":[\"https:\/\/aigeviatges.com\/producto\/baden-baden-palaus-i-castells-6-dies\/\"]}]},{\"@type\":\"BreadcrumbList\",\"@id\":\"https:\/\/aigeviatges.com\/producto\/baden-baden-palaus-i-castells-6-dies\/#breadcrumb\",\"itemListElement\":[{\"@type\":\"ListItem\",\"position\":1,\"name\":\"Portada\",\"item\":\"https:\/\/aigeviatges.com\/\"},{\"@type\":\"ListItem\",\"position\":2,\"name\":\"Tienda\",\"item\":\"https:\/\/aigeviatges.com\/tienda-2\/\"},{\"@type\":\"ListItem\",\"position\":3,\"name\":\"BADEN BADEN, PALAUS I CASTELLS &#8211; 6 DIES\"}]},{\"@type\":\"WebSite\",\"@id\":\"https:\/\/aigeviatges.com\/#website\",\"url\":\"https:\/\/aigeviatges.com\/\",\"name\":\"AIGE Viatges\",\"description\":\"Agencia de viajes especializada en producto propio para grupos.\",\"publisher\":{\"@id\":\"https:\/\/aigeviatges.com\/#organization\"},\"potentialAction\":[{\"@type\":\"SearchAction\",\"target\":{\"@type\":\"EntryPoint\",\"urlTemplate\":\"https:\/\/aigeviatges.com\/?s={search_term_string}\"},\"query-input\":\"required name=search_term_string\"}],\"inLanguage\":\"es\"},{\"@type\":\"Organization\",\"@id\":\"https:\/\/aigeviatges.com\/#organization\",\"name\":\"AIGE Viatges\",\"url\":\"https:\/\/aigeviatges.com\/\",\"logo\":{\"@type\":\"ImageObject\",\"inLanguage\":\"es\",\"@id\":\"https:\/\/aigeviatges.com\/#\/schema\/logo\/image\/\",\"url\":\"https:\/\/aigeviatges.com\/wp-content\/uploads\/2020\/03\/aig-viatges-logo-web.png\",\"contentUrl\":\"https:\/\/aigeviatges.com\/wp-content\/uploads\/2020\/03\/aig-viatges-logo-web.png\",\"width\":600,\"height\":166,\"caption\":\"AIGE Viatges\"},\"image\":{\"@id\":\"https:\/\/aigeviatges.com\/#\/schema\/logo\/image\/\"},\"sameAs\":[\"https:\/\/www.facebook.com\/viatgesaige\/\"]}]}<\/script>\n<!-- \/ Yoast SEO plugin. -->","yoast_head_json":{"title":"BADEN BADEN, PALAUS I CASTELLS - 6 DIES - AIGE Viatges","description":"Agencia de viajes online | Descubre nuestros viajes inolvidables a BADEN BADEN, PALAUS I CASTELLS - 6 DIES","robots":{"index":"index","follow":"follow","max-snippet":"max-snippet:-1","max-image-preview":"max-image-preview:large","max-video-preview":"max-video-preview:-1"},"canonical":"https:\/\/aigeviatges.com\/es\/producto\/baden-baden-palacios-y-castillos-6-dias\/","og_locale":"es_ES","og_type":"article","og_title":"BADEN BADEN, PALAUS I CASTELLS - 6 DIES - AIGE Viatges","og_description":"Agencia de viajes online | Descubre nuestros viajes inolvidables a BADEN BADEN, PALAUS I CASTELLS - 6 DIES","og_url":"https:\/\/aigeviatges.com\/es\/producto\/baden-baden-palacios-y-castillos-6-dias\/","og_site_name":"AIGE Viatges","article_publisher":"https:\/\/www.facebook.com\/viatgesaige\/","article_modified_time":"2021-03-18T13:35:37+00:00","og_image":[{"width":2560,"height":1920,"url":"https:\/\/aigeviatges.com\/wp-content\/uploads\/2021\/02\/ludwisburg-scaled.jpg","type":"image\/jpeg"}],"twitter_card":"summary_large_image","twitter_misc":{"Tiempo de lectura":"3 minutos"},"schema":{"@context":"https:\/\/schema.org","@graph":[{"@type":"WebPage","@id":"https:\/\/aigeviatges.com\/producto\/baden-baden-palaus-i-castells-6-dies\/","url":"https:\/\/aigeviatges.com\/producto\/baden-baden-palaus-i-castells-6-dies\/","name":"BADEN BADEN, PALAUS I CASTELLS - 6 DIES - AIGE Viatges","isPartOf":{"@id":"https:\/\/aigeviatges.com\/#website"},"datePublished":"2021-02-04T13:22:54+00:00","dateModified":"2021-03-18T13:35:37+00:00","description":"Agencia de viajes online | Descubre nuestros viajes inolvidables a BADEN BADEN, PALAUS I CASTELLS - 6 DIES","breadcrumb":{"@id":"https:\/\/aigeviatges.com\/producto\/baden-baden-palaus-i-castells-6-dies\/#breadcrumb"},"inLanguage":"es","potentialAction":[{"@type":"ReadAction","target":["https:\/\/aigeviatges.com\/producto\/baden-baden-palaus-i-castells-6-dies\/"]}]},{"@type":"BreadcrumbList","@id":"https:\/\/aigeviatges.com\/producto\/baden-baden-palaus-i-castells-6-dies\/#breadcrumb","itemListElement":[{"@type":"ListItem","position":1,"name":"Portada","item":"https:\/\/aigeviatges.com\/"},{"@type":"ListItem","position":2,"name":"Tienda","item":"https:\/\/aigeviatges.com\/tienda-2\/"},{"@type":"ListItem","position":3,"name":"BADEN BADEN, PALAUS I CASTELLS &#8211; 6 DIES"}]},{"@type":"WebSite","@id":"https:\/\/aigeviatges.com\/#website","url":"https:\/\/aigeviatges.com\/","name":"AIGE Viatges","description":"Agencia de viajes especializada en producto propio para grupos.","publisher":{"@id":"https:\/\/aigeviatges.com\/#organization"},"potentialAction":[{"@type":"SearchAction","target":{"@type":"EntryPoint","urlTemplate":"https:\/\/aigeviatges.com\/?s={search_term_string}"},"query-input":"required name=search_term_string"}],"inLanguage":"es"},{"@type":"Organization","@id":"https:\/\/aigeviatges.com\/#organization","name":"AIGE Viatges","url":"https:\/\/aigeviatges.com\/","logo":{"@type":"ImageObject","inLanguage":"es","@id":"https:\/\/aigeviatges.com\/#\/schema\/logo\/image\/","url":"https:\/\/aigeviatges.com\/wp-content\/uploads\/2020\/03\/aig-viatges-logo-web.png","contentUrl":"https:\/\/aigeviatges.com\/wp-content\/uploads\/2020\/03\/aig-viatges-logo-web.png","width":600,"height":166,"caption":"AIGE Viatges"},"image":{"@id":"https:\/\/aigeviatges.com\/#\/schema\/logo\/image\/"},"sameAs":["https:\/\/www.facebook.com\/viatgesaige\/"]}]}},"jetpack_sharing_enabled":true,"jetpack_likes_enabled":false,"_links":{"self":[{"href":"https:\/\/aigeviatges.com\/es\/wp-json\/wp\/v2\/product\/322","targetHints":{"allow":["GET"]}}],"collection":[{"href":"https:\/\/aigeviatges.com\/es\/wp-json\/wp\/v2\/product"}],"about":[{"href":"https:\/\/aigeviatges.com\/es\/wp-json\/wp\/v2\/types\/product"}],"wp:featuredmedia":[{"embeddable":true,"href":"https:\/\/aigeviatges.com\/es\/wp-json\/wp\/v2\/media\/325"}],"wp:attachment":[{"href":"https:\/\/aigeviatges.com\/es\/wp-json\/wp\/v2\/media?parent=322"}],"wp:term":[{"taxonomy":"product_cat","embeddable":true,"href":"https:\/\/aigeviatges.com\/es\/wp-json\/wp\/v2\/product_cat?post=322"},{"taxonomy":"product_tag","embeddable":true,"href":"https:\/\/aigeviatges.com\/es\/wp-json\/wp\/v2\/product_tag?post=322"}],"curies":[{"name":"wp","href":"https:\/\/api.w.org\/{rel}","templated":true}]}}