{"id":3177,"date":"2025-01-08T10:57:30","date_gmt":"2025-01-08T09:57:30","guid":{"rendered":"https:\/\/aigeviatges.com\/?post_type=product&#038;p=3177"},"modified":"2025-02-24T10:31:27","modified_gmt":"2025-02-24T09:31:27","slug":"eslovenia-i-zagreb","status":"publish","type":"product","link":"https:\/\/aigeviatges.com\/es\/producto\/eslovenia-y-zagreb\/","title":{"rendered":"ESLOVENIA Y ZAGREB \u2013 COMPLETO"},"content":{"rendered":"<p><strong>D\u00eda 1: BARCELONA \u2013 APT VENECIA \u2013 LIUBLIANA<\/strong><br \/>\nSalida en avi\u00f3n a Venecia-Marco Polo. Llegada y continuaci\u00f3n en autocar a Liubliana. Almuerzo en ruta. Por la tarde daremos un paseo por Liubliana y su centro hist\u00f3rico pasaremos por el edificio de congresos, la biblioteca nacional, la catedral, la plaza principal, el Puente Triple y el Puente de los Dragones, el s\u00edmbolo de la ciudad. Continuaci\u00f3n en el hotel. Acomodaci\u00f3n, cena y alojamiento.<\/p>\n<p><strong>D\u00eda 2: CUEVA DE POSTOJNA - CASTILLO DE PREDJAMA<\/strong><br \/>\nSalida a Postojna para visitar su Cueva, una de las mayores atracciones de Eslovenia y del mundo subterr\u00e1neo. La cueva de Postojna es famosa por ser la cueva m\u00e1s grande del mundo que permite visitas tur\u00edsticas. La visita se realiza a pie y en un tren el\u00e9ctrico. Almuerzo en rto. Por la tarde visitaremos el Castillo de Predjama, un castillo medieval, situado debajo de una roca y conectado con grutas. Despu\u00e9s de la visita, regreso al hotel. Cena y alojamiento.<\/p>\n<p><strong>D\u00eda 3: ISTR\u00cdA ESLOVENA (KOPER Y PIRAN)<\/strong><br \/>\nSalida a la costa de Istria. Visitaremos Koper. Destaca la Torre de la Ciudad, que mide 36 m de alto y que es visible de lejos. en ruta. Continuaci\u00f3n a Piran con su muralla que es una ciudad de valor especial. Se trata del monumento cultural urbano mejor conservado de la Istria eslovena y la ciudad m\u00e1s cercana al mundano Portoro\u017e. Regreso al hotel.<\/p>\n<p><strong>D\u00eda 4: ZAGREB (CROACIA)<\/strong><br \/>\nSalida a Zagreb. Visita guiada de la capital de Croacia. Haremos un recorrido por los sitios m\u00e1s importantes de la ciudad. En la parte baja veremos la plaza de Ban Jelacic, algunos edificios gubernamentales, la catedral con las 2 torres constituye el edificio m\u00e1s alto de Croacia, el mercado Dolac donde conoceremos algunas costumbres de la vida diaria de la poblaci\u00f3n local. Seguidamente subiremos en funicular en lo alto donde podremos ver la iglesia de San Marcos, la Torre Lotr\u0161\u010dak, desde la que se dispara, a medio d\u00eda, el famoso s\u00edmbolo de la ciudad: el ca\u00f1\u00f3n Gri\u010d\u2026Comida. Tiempo libre para actividades personales. Regreso al hotel. Cena y alojamiento.<\/p>\n<p><strong>D\u00eda 5: BOHINJ - BLED<\/strong><br \/>\nSalida a Bohinj, el mayor lago de Eslovenia, situado en el coraz\u00f3n del Parque Nacional Triglav. El lago nos impresionar\u00e1 con los reflejos de los Alpes en sus tranquilas aguas. Un lugar clave en esta zona es Vogel, all\u00ed nos espera el Telef\u00e9rico de Ukanc, desde el que accederemos a la cima del monte Vogel, desde ese lugar obtendremos las mejores panor\u00e1micas del inmenso lago. Continuaci\u00f3n a Bled. Visitaremos el precioso pueblo y su lago con una isla en medio. Dispondremos de tiempo para quien lo desee, tomar un peque\u00f1o barco tradicional &quot;pletna&quot; hasta la isla, donde se encuentra la iglesia de Sta. Mar\u00eda (opcional). Regreso al hotel. Cena y alojamiento.<\/p>\n<p><strong>D\u00eda 6: LIUBLIANA \u2013TRIESTE \u2013 BARCELONA<\/strong><br \/>\nSalida a Trieste. Visita de la ciudad, destaca la Catedral de San Justo, con sus preciosos mosaicos bizantinos y los restos del pavimento de mosaico del siglo V. Continuaremos con un paseo por el Gran Canal. En sus aguas se reflejan los palacios y residencias de ricos mercaderes del pasado. Almuerzo en rto. Traslado al aeropuerto Marco Polo. Salida en avi\u00f3n a Barcelona. Llegada y fin de nuestros servicios.<\/p>\n<p><em>Nota: la organizaci\u00f3n se reserva el derecho de modificar el orden de las visitas, realizar cambios o sustituir por otros servicios similares sin previo aviso, y siempre por causas de fuerza mayor.<\/em><\/p>","protected":false},"excerpt":{"rendered":"<p><strong>INCLUYE:<\/strong><br \/>\n\u2022Avi\u00f3n BCN \u2013 VENECIA MARCO POLO \u2013 BCN + Maleta (20 kg) y tasas<br \/>\n\u2022Autocar local y gu\u00eda AIGE + gu\u00eda local en Liubliana y Zagreb<br \/>\n\u2022Hotel: 3*** + pensi\u00f3n completa con agua<br \/>\n\u2022Entrada en la cueva Postojna, castillo de Predjama y Duomo de trieste<br \/>\n\u2022Telef\u00e9rico del Vogel y funicular de Zagreb<br \/>\n\u2022Seguro viaje<\/p>","protected":false},"featured_media":3185,"template":"","meta":[],"product_cat":[25],"product_tag":[],"class_list":["post-3177","product","type-product","status-publish","has-post-thumbnail","hentry","product_cat-circuits-tot-inclos"],"yoast_head":"<!-- This site is optimized with the Yoast SEO plugin v21.7 - https:\/\/yoast.com\/wordpress\/plugins\/seo\/ -->\n<title>Viaje a ZAGREB, ESLOV\u00c8NIA. Agencia de viajes online<\/title>\n<meta name=\"description\" content=\"Agencia de viajes online | Descubre nuestros viajes inolvidables. Viaje a ZAGREB, ESLOV\u00c8NIA\" \/>\n<meta name=\"robots\" content=\"index, follow, max-snippet:-1, max-image-preview:large, max-video-preview:-1\" \/>\n<link rel=\"canonical\" href=\"https:\/\/aigeviatges.com\/es\/producto\/eslovenia-y-zagreb\/\" \/>\n<meta property=\"og:locale\" content=\"es_ES\" \/>\n<meta property=\"og:type\" content=\"article\" \/>\n<meta property=\"og:title\" content=\"Viaje a ZAGREB, ESLOV\u00c8NIA. Agencia de viajes online\" \/>\n<meta property=\"og:description\" content=\"Agencia de viajes online | Descubre nuestros viajes inolvidables. Viaje a ZAGREB, ESLOV\u00c8NIA\" \/>\n<meta property=\"og:url\" content=\"https:\/\/aigeviatges.com\/es\/producto\/eslovenia-y-zagreb\/\" \/>\n<meta property=\"og:site_name\" content=\"AIGE Viatges\" \/>\n<meta property=\"article:publisher\" content=\"https:\/\/www.facebook.com\/viatgesaige\/\" \/>\n<meta property=\"article:modified_time\" content=\"2025-02-24T09:31:27+00:00\" \/>\n<meta property=\"og:image\" content=\"https:\/\/aigeviatges.com\/wp-content\/uploads\/2025\/01\/Captura-de-pantalla-2025-01-08-110527.png\" \/>\n\t<meta property=\"og:image:width\" content=\"1088\" \/>\n\t<meta property=\"og:image:height\" content=\"727\" \/>\n\t<meta property=\"og:image:type\" content=\"image\/png\" \/>\n<meta name=\"twitter:card\" content=\"summary_large_image\" \/>\n<meta name=\"twitter:label1\" content=\"Tiempo de lectura\" \/>\n\t<meta name=\"twitter:data1\" content=\"3 minutos\" \/>\n<script type=\"application\/ld+json\" class=\"yoast-schema-graph\">{\"@context\":\"https:\/\/schema.org\",\"@graph\":[{\"@type\":\"WebPage\",\"@id\":\"https:\/\/aigeviatges.com\/producto\/eslovenia-i-zagreb\/\",\"url\":\"https:\/\/aigeviatges.com\/producto\/eslovenia-i-zagreb\/\",\"name\":\"Viaje a ZAGREB, ESLOV\u00c8NIA. Agencia de viajes online\",\"isPartOf\":{\"@id\":\"https:\/\/aigeviatges.com\/#website\"},\"datePublished\":\"2025-01-08T09:57:30+00:00\",\"dateModified\":\"2025-02-24T09:31:27+00:00\",\"description\":\"Agencia de viajes online | Descubre nuestros viajes inolvidables. Viaje a ZAGREB, ESLOV\u00c8NIA\",\"breadcrumb\":{\"@id\":\"https:\/\/aigeviatges.com\/producto\/eslovenia-i-zagreb\/#breadcrumb\"},\"inLanguage\":\"es\",\"potentialAction\":[{\"@type\":\"ReadAction\",\"target\":[\"https:\/\/aigeviatges.com\/producto\/eslovenia-i-zagreb\/\"]}]},{\"@type\":\"BreadcrumbList\",\"@id\":\"https:\/\/aigeviatges.com\/producto\/eslovenia-i-zagreb\/#breadcrumb\",\"itemListElement\":[{\"@type\":\"ListItem\",\"position\":1,\"name\":\"Portada\",\"item\":\"https:\/\/aigeviatges.com\/\"},{\"@type\":\"ListItem\",\"position\":2,\"name\":\"Tienda\",\"item\":\"https:\/\/aigeviatges.com\/tienda-2\/\"},{\"@type\":\"ListItem\",\"position\":3,\"name\":\"ESLOV\u00c8NIA I ZAGREB &#8211; COMPLET\"}]},{\"@type\":\"WebSite\",\"@id\":\"https:\/\/aigeviatges.com\/#website\",\"url\":\"https:\/\/aigeviatges.com\/\",\"name\":\"AIGE Viatges\",\"description\":\"Agencia de viajes especializada en producto propio para grupos.\",\"publisher\":{\"@id\":\"https:\/\/aigeviatges.com\/#organization\"},\"potentialAction\":[{\"@type\":\"SearchAction\",\"target\":{\"@type\":\"EntryPoint\",\"urlTemplate\":\"https:\/\/aigeviatges.com\/?s={search_term_string}\"},\"query-input\":\"required name=search_term_string\"}],\"inLanguage\":\"es\"},{\"@type\":\"Organization\",\"@id\":\"https:\/\/aigeviatges.com\/#organization\",\"name\":\"AIGE Viatges\",\"url\":\"https:\/\/aigeviatges.com\/\",\"logo\":{\"@type\":\"ImageObject\",\"inLanguage\":\"es\",\"@id\":\"https:\/\/aigeviatges.com\/#\/schema\/logo\/image\/\",\"url\":\"https:\/\/aigeviatges.com\/wp-content\/uploads\/2020\/03\/aig-viatges-logo-web.png\",\"contentUrl\":\"https:\/\/aigeviatges.com\/wp-content\/uploads\/2020\/03\/aig-viatges-logo-web.png\",\"width\":600,\"height\":166,\"caption\":\"AIGE Viatges\"},\"image\":{\"@id\":\"https:\/\/aigeviatges.com\/#\/schema\/logo\/image\/\"},\"sameAs\":[\"https:\/\/www.facebook.com\/viatgesaige\/\"]}]}<\/script>\n<!-- \/ Yoast SEO plugin. -->","yoast_head_json":{"title":"Viaje a ZAGREB, ESLOV\u00c8NIA. Agencia de viajes online","description":"Agencia de viajes online | Descubre nuestros viajes inolvidables. Viaje a ZAGREB, ESLOV\u00c8NIA","robots":{"index":"index","follow":"follow","max-snippet":"max-snippet:-1","max-image-preview":"max-image-preview:large","max-video-preview":"max-video-preview:-1"},"canonical":"https:\/\/aigeviatges.com\/es\/producto\/eslovenia-y-zagreb\/","og_locale":"es_ES","og_type":"article","og_title":"Viaje a ZAGREB, ESLOV\u00c8NIA. Agencia de viajes online","og_description":"Agencia de viajes online | Descubre nuestros viajes inolvidables. Viaje a ZAGREB, ESLOV\u00c8NIA","og_url":"https:\/\/aigeviatges.com\/es\/producto\/eslovenia-y-zagreb\/","og_site_name":"AIGE Viatges","article_publisher":"https:\/\/www.facebook.com\/viatgesaige\/","article_modified_time":"2025-02-24T09:31:27+00:00","og_image":[{"width":1088,"height":727,"url":"https:\/\/aigeviatges.com\/wp-content\/uploads\/2025\/01\/Captura-de-pantalla-2025-01-08-110527.png","type":"image\/png"}],"twitter_card":"summary_large_image","twitter_misc":{"Tiempo de lectura":"3 minutos"},"schema":{"@context":"https:\/\/schema.org","@graph":[{"@type":"WebPage","@id":"https:\/\/aigeviatges.com\/producto\/eslovenia-i-zagreb\/","url":"https:\/\/aigeviatges.com\/producto\/eslovenia-i-zagreb\/","name":"Viaje a ZAGREB, ESLOV\u00c8NIA. Agencia de viajes online","isPartOf":{"@id":"https:\/\/aigeviatges.com\/#website"},"datePublished":"2025-01-08T09:57:30+00:00","dateModified":"2025-02-24T09:31:27+00:00","description":"Agencia de viajes online | Descubre nuestros viajes inolvidables. Viaje a ZAGREB, ESLOV\u00c8NIA","breadcrumb":{"@id":"https:\/\/aigeviatges.com\/producto\/eslovenia-i-zagreb\/#breadcrumb"},"inLanguage":"es","potentialAction":[{"@type":"ReadAction","target":["https:\/\/aigeviatges.com\/producto\/eslovenia-i-zagreb\/"]}]},{"@type":"BreadcrumbList","@id":"https:\/\/aigeviatges.com\/producto\/eslovenia-i-zagreb\/#breadcrumb","itemListElement":[{"@type":"ListItem","position":1,"name":"Portada","item":"https:\/\/aigeviatges.com\/"},{"@type":"ListItem","position":2,"name":"Tienda","item":"https:\/\/aigeviatges.com\/tienda-2\/"},{"@type":"ListItem","position":3,"name":"ESLOV\u00c8NIA I ZAGREB &#8211; COMPLET"}]},{"@type":"WebSite","@id":"https:\/\/aigeviatges.com\/#website","url":"https:\/\/aigeviatges.com\/","name":"AIGE Viatges","description":"Agencia de viajes especializada en producto propio para grupos.","publisher":{"@id":"https:\/\/aigeviatges.com\/#organization"},"potentialAction":[{"@type":"SearchAction","target":{"@type":"EntryPoint","urlTemplate":"https:\/\/aigeviatges.com\/?s={search_term_string}"},"query-input":"required name=search_term_string"}],"inLanguage":"es"},{"@type":"Organization","@id":"https:\/\/aigeviatges.com\/#organization","name":"AIGE Viatges","url":"https:\/\/aigeviatges.com\/","logo":{"@type":"ImageObject","inLanguage":"es","@id":"https:\/\/aigeviatges.com\/#\/schema\/logo\/image\/","url":"https:\/\/aigeviatges.com\/wp-content\/uploads\/2020\/03\/aig-viatges-logo-web.png","contentUrl":"https:\/\/aigeviatges.com\/wp-content\/uploads\/2020\/03\/aig-viatges-logo-web.png","width":600,"height":166,"caption":"AIGE Viatges"},"image":{"@id":"https:\/\/aigeviatges.com\/#\/schema\/logo\/image\/"},"sameAs":["https:\/\/www.facebook.com\/viatgesaige\/"]}]}},"jetpack_sharing_enabled":true,"jetpack_likes_enabled":false,"_links":{"self":[{"href":"https:\/\/aigeviatges.com\/es\/wp-json\/wp\/v2\/product\/3177","targetHints":{"allow":["GET"]}}],"collection":[{"href":"https:\/\/aigeviatges.com\/es\/wp-json\/wp\/v2\/product"}],"about":[{"href":"https:\/\/aigeviatges.com\/es\/wp-json\/wp\/v2\/types\/product"}],"wp:featuredmedia":[{"embeddable":true,"href":"https:\/\/aigeviatges.com\/es\/wp-json\/wp\/v2\/media\/3185"}],"wp:attachment":[{"href":"https:\/\/aigeviatges.com\/es\/wp-json\/wp\/v2\/media?parent=3177"}],"wp:term":[{"taxonomy":"product_cat","embeddable":true,"href":"https:\/\/aigeviatges.com\/es\/wp-json\/wp\/v2\/product_cat?post=3177"},{"taxonomy":"product_tag","embeddable":true,"href":"https:\/\/aigeviatges.com\/es\/wp-json\/wp\/v2\/product_tag?post=3177"}],"curies":[{"name":"wp","href":"https:\/\/api.w.org\/{rel}","templated":true}]}}