{"id":3174,"date":"2024-12-16T15:02:56","date_gmt":"2024-12-16T14:02:56","guid":{"rendered":"https:\/\/aigeviatges.com\/?post_type=product&#038;p=3174"},"modified":"2025-04-16T14:43:48","modified_gmt":"2025-04-16T12:43:48","slug":"la-costa-amalfitana-2","status":"publish","type":"product","link":"https:\/\/aigeviatges.com\/es\/producto\/la-costa-amalfitana-2\/","title":{"rendered":"LA COSTA AMALFITANA - ULTIMAS PLAZAS"},"content":{"rendered":"<p><strong>D\u00eda 1: BARCELONA \u2013 N\u00c1POLES \u2013 HOTEL (COSTA SORRENTINA)<\/strong><br \/>\nSalida en avi\u00f3n a primera hora de la ma\u00f1ana en N\u00e1poles. Llegada y almuerzo. Por la tarde visita panor\u00e1mica, destaca el Duomo dedicado a San Genaro, patr\u00f3n de la ciudad, las piazzas: Bellini y del Plebiscito, el Castel Nuovo, construido en el siglo XIII, el Palazzo Reale y el Teatro San Carlo, de estilo neocl\u00e1sico. Traslado al hotel. Acomodaci\u00f3n y cena.<\/p>\n<p><strong>D\u00eda 2: POMPEYA \u2013 SALERNO\u00a0\u00a0<\/strong><br \/>\nVisita de la ciudad romana de Pompeya, una de las Siete Maravillas del Mundo. Fue sepultada bajo las cenizas despu\u00e9s de una violenta erupci\u00f3n del volc\u00e1n Vesubio en el a\u00f1o 79 d. de C.. se ha mantenido tal y como estaba la tr\u00e1gica ma\u00f1ana en la que qued\u00f3 sepultada. Caminar por sus calles, entrar en las casas, admirar sus frescos y los vestigios de los seres que all\u00ed habitaban es conmovedor. Por la tarde visitaremos Salerno, antigua capital Lombarda fundada por los romanos. Visitaremos la catedral y su espectacular cripta que contiene los restos del ap\u00f3stol San Mateo, una maravilla arquitect\u00f3nica. Regreso al hotel. Cena y alojamiento<\/p>\n<p><strong>D\u00eda 3: ISLA DE CAPRI<\/strong><br \/>\nTraslado al puerto y salida en ferry a la isla de Capri. Llegada a Marina Gran y subida en funicular hasta el centro de Capri. Desde la Piazzeta nos introduciremos en el pueblo dejando atr\u00e1s el mar. La zona peatonal est\u00e1 repleta de tiendas de lujo, bares, calles empedradas, casitas blancas. Tambi\u00e9n podremos visitar el Jard\u00edn Augusto. Un jard\u00edn bot\u00e1nico que cuenta con unas de las mejores vistas de toda la isla. Vuelta en ferry y regreso al hotel. Cena y alojamiento<\/p>\n<p><strong>D\u00eda 4: LA COSTA AMALFITANA<\/strong><br \/>\nSalida a la Costa Almalfitana. Haremos un bello recorrido por la costa, considerada por muchos como la m\u00e1s bonita de Italia y declarada patrimonio de la Humanidad por la UNESCO. Veremos t\u00edpicos pueblos como Positano, donde las casas parecen descender por la monta\u00f1a, goteando hasta llegar al mar;  Amalfi, destaca la Catedral de San Andr\u00e9s, con su cripta y el Claustro del Para\u00edso. Regreso al hotel. Cena y alojamiento<\/p>\n<p><em>Nota: debido a la sinuosa carretera, este recorrido se har\u00e1 en minibuses<\/em><\/p>\n<p><strong>D\u00eda 5: SORRENTO - BARCELONA<\/strong><br \/>\nSalida a Sorrento, la \u201cperla del golfo de N\u00e1poles\u201d donde el producto principal es el famoso licor \u201climoncello\u201d, visitaremos una destiler\u00eda en la que nos explicar\u00e1n el proceso de producci\u00f3n con degustaci\u00f3n incluida Seguidamente visitaremos el casco hist\u00f3rico, donde todav\u00eda se pueden ver restos de la muralla medieval. Despu\u00e9s de comer, traslado al aeropuerto de N\u00e1poles y salida en avi\u00f3n a Barcelona.<\/p>","protected":false},"excerpt":{"rendered":"<p><strong>INCLUYE:<\/strong><\/p>\n<p><strong>-Avi\u00f3n + Maleta (20 kg) y tasas de aeropuerto<br \/>\n<\/strong><strong>-Autocar y Gu\u00eda AIGE + gu\u00eda local en N\u00e1poles<br \/>\n<\/strong><strong>-Hotel 3***+ pensi\u00f3n completa con agua<br \/>\n<\/strong><strong>-Barco y funicular en Capri<br \/>\n<\/strong><strong>-Entradas a Pompeya y catedral de Salerno<br \/>\n<\/strong><strong>-Destiler\u00eda de Limocello con degustaci\u00f3n<br \/>\n<\/strong><strong>\u2013 Seguro viaje<\/strong><\/p>","protected":false},"featured_media":3209,"template":"","meta":[],"product_cat":[87],"product_tag":[],"class_list":["post-3174","product","type-product","status-publish","has-post-thumbnail","hentry","product_cat-rep-baltiques-i-nord-deuropa"],"yoast_head":"<!-- This site is optimized with the Yoast SEO plugin v21.7 - https:\/\/yoast.com\/wordpress\/plugins\/seo\/ -->\n<title>LA COSTA AMALFITANA - ULTIMES PLACES - AIGE Viatges<\/title>\n<meta name=\"description\" content=\"Agencia de viajes online | Descubre nuestros viajes inolvidables a LA COSTA AMALFITANA - ULTIMES PLACES\" \/>\n<meta name=\"robots\" content=\"index, follow, max-snippet:-1, max-image-preview:large, max-video-preview:-1\" \/>\n<link rel=\"canonical\" href=\"https:\/\/aigeviatges.com\/es\/producto\/la-costa-amalfitana-2\/\" \/>\n<meta property=\"og:locale\" content=\"es_ES\" \/>\n<meta property=\"og:type\" content=\"article\" \/>\n<meta property=\"og:title\" content=\"LA COSTA AMALFITANA - ULTIMES PLACES - AIGE Viatges\" \/>\n<meta property=\"og:description\" content=\"Agencia de viajes online | Descubre nuestros viajes inolvidables a LA COSTA AMALFITANA - ULTIMES PLACES\" \/>\n<meta property=\"og:url\" content=\"https:\/\/aigeviatges.com\/es\/producto\/la-costa-amalfitana-2\/\" \/>\n<meta property=\"og:site_name\" content=\"AIGE Viatges\" \/>\n<meta property=\"article:publisher\" content=\"https:\/\/www.facebook.com\/viatgesaige\/\" \/>\n<meta property=\"article:modified_time\" content=\"2025-04-16T12:43:48+00:00\" \/>\n<meta property=\"og:image\" content=\"https:\/\/aigeviatges.com\/wp-content\/uploads\/2024\/12\/Captura-de-pantalla-2025-02-24-110155.png\" \/>\n\t<meta property=\"og:image:width\" content=\"987\" \/>\n\t<meta property=\"og:image:height\" content=\"656\" \/>\n\t<meta property=\"og:image:type\" content=\"image\/png\" \/>\n<meta name=\"twitter:card\" content=\"summary_large_image\" \/>\n<meta name=\"twitter:label1\" content=\"Tiempo de lectura\" \/>\n\t<meta name=\"twitter:data1\" content=\"3 minutos\" \/>\n<script type=\"application\/ld+json\" class=\"yoast-schema-graph\">{\"@context\":\"https:\/\/schema.org\",\"@graph\":[{\"@type\":\"WebPage\",\"@id\":\"https:\/\/aigeviatges.com\/producto\/la-costa-amalfitana-2\/\",\"url\":\"https:\/\/aigeviatges.com\/producto\/la-costa-amalfitana-2\/\",\"name\":\"LA COSTA AMALFITANA - ULTIMES PLACES - AIGE Viatges\",\"isPartOf\":{\"@id\":\"https:\/\/aigeviatges.com\/#website\"},\"datePublished\":\"2024-12-16T14:02:56+00:00\",\"dateModified\":\"2025-04-16T12:43:48+00:00\",\"description\":\"Agencia de viajes online | Descubre nuestros viajes inolvidables a LA COSTA AMALFITANA - ULTIMES PLACES\",\"breadcrumb\":{\"@id\":\"https:\/\/aigeviatges.com\/producto\/la-costa-amalfitana-2\/#breadcrumb\"},\"inLanguage\":\"es\",\"potentialAction\":[{\"@type\":\"ReadAction\",\"target\":[\"https:\/\/aigeviatges.com\/producto\/la-costa-amalfitana-2\/\"]}]},{\"@type\":\"BreadcrumbList\",\"@id\":\"https:\/\/aigeviatges.com\/producto\/la-costa-amalfitana-2\/#breadcrumb\",\"itemListElement\":[{\"@type\":\"ListItem\",\"position\":1,\"name\":\"Portada\",\"item\":\"https:\/\/aigeviatges.com\/\"},{\"@type\":\"ListItem\",\"position\":2,\"name\":\"Tienda\",\"item\":\"https:\/\/aigeviatges.com\/tienda-2\/\"},{\"@type\":\"ListItem\",\"position\":3,\"name\":\"LA COSTA AMALFITANA &#8211; ULTIMES PLACES\"}]},{\"@type\":\"WebSite\",\"@id\":\"https:\/\/aigeviatges.com\/#website\",\"url\":\"https:\/\/aigeviatges.com\/\",\"name\":\"AIGE Viatges\",\"description\":\"Agencia de viajes especializada en producto propio para grupos.\",\"publisher\":{\"@id\":\"https:\/\/aigeviatges.com\/#organization\"},\"potentialAction\":[{\"@type\":\"SearchAction\",\"target\":{\"@type\":\"EntryPoint\",\"urlTemplate\":\"https:\/\/aigeviatges.com\/?s={search_term_string}\"},\"query-input\":\"required name=search_term_string\"}],\"inLanguage\":\"es\"},{\"@type\":\"Organization\",\"@id\":\"https:\/\/aigeviatges.com\/#organization\",\"name\":\"AIGE Viatges\",\"url\":\"https:\/\/aigeviatges.com\/\",\"logo\":{\"@type\":\"ImageObject\",\"inLanguage\":\"es\",\"@id\":\"https:\/\/aigeviatges.com\/#\/schema\/logo\/image\/\",\"url\":\"https:\/\/aigeviatges.com\/wp-content\/uploads\/2020\/03\/aig-viatges-logo-web.png\",\"contentUrl\":\"https:\/\/aigeviatges.com\/wp-content\/uploads\/2020\/03\/aig-viatges-logo-web.png\",\"width\":600,\"height\":166,\"caption\":\"AIGE Viatges\"},\"image\":{\"@id\":\"https:\/\/aigeviatges.com\/#\/schema\/logo\/image\/\"},\"sameAs\":[\"https:\/\/www.facebook.com\/viatgesaige\/\"]}]}<\/script>\n<!-- \/ Yoast SEO plugin. -->","yoast_head_json":{"title":"LA COSTA AMALFITANA - ULTIMES PLACES - AIGE Viatges","description":"Agencia de viajes online | Descubre nuestros viajes inolvidables a LA COSTA AMALFITANA - ULTIMES PLACES","robots":{"index":"index","follow":"follow","max-snippet":"max-snippet:-1","max-image-preview":"max-image-preview:large","max-video-preview":"max-video-preview:-1"},"canonical":"https:\/\/aigeviatges.com\/es\/producto\/la-costa-amalfitana-2\/","og_locale":"es_ES","og_type":"article","og_title":"LA COSTA AMALFITANA - ULTIMES PLACES - AIGE Viatges","og_description":"Agencia de viajes online | Descubre nuestros viajes inolvidables a LA COSTA AMALFITANA - ULTIMES PLACES","og_url":"https:\/\/aigeviatges.com\/es\/producto\/la-costa-amalfitana-2\/","og_site_name":"AIGE Viatges","article_publisher":"https:\/\/www.facebook.com\/viatgesaige\/","article_modified_time":"2025-04-16T12:43:48+00:00","og_image":[{"width":987,"height":656,"url":"https:\/\/aigeviatges.com\/wp-content\/uploads\/2024\/12\/Captura-de-pantalla-2025-02-24-110155.png","type":"image\/png"}],"twitter_card":"summary_large_image","twitter_misc":{"Tiempo de lectura":"3 minutos"},"schema":{"@context":"https:\/\/schema.org","@graph":[{"@type":"WebPage","@id":"https:\/\/aigeviatges.com\/producto\/la-costa-amalfitana-2\/","url":"https:\/\/aigeviatges.com\/producto\/la-costa-amalfitana-2\/","name":"LA COSTA AMALFITANA - ULTIMES PLACES - AIGE Viatges","isPartOf":{"@id":"https:\/\/aigeviatges.com\/#website"},"datePublished":"2024-12-16T14:02:56+00:00","dateModified":"2025-04-16T12:43:48+00:00","description":"Agencia de viajes online | Descubre nuestros viajes inolvidables a LA COSTA AMALFITANA - ULTIMES PLACES","breadcrumb":{"@id":"https:\/\/aigeviatges.com\/producto\/la-costa-amalfitana-2\/#breadcrumb"},"inLanguage":"es","potentialAction":[{"@type":"ReadAction","target":["https:\/\/aigeviatges.com\/producto\/la-costa-amalfitana-2\/"]}]},{"@type":"BreadcrumbList","@id":"https:\/\/aigeviatges.com\/producto\/la-costa-amalfitana-2\/#breadcrumb","itemListElement":[{"@type":"ListItem","position":1,"name":"Portada","item":"https:\/\/aigeviatges.com\/"},{"@type":"ListItem","position":2,"name":"Tienda","item":"https:\/\/aigeviatges.com\/tienda-2\/"},{"@type":"ListItem","position":3,"name":"LA COSTA AMALFITANA &#8211; ULTIMES PLACES"}]},{"@type":"WebSite","@id":"https:\/\/aigeviatges.com\/#website","url":"https:\/\/aigeviatges.com\/","name":"AIGE Viatges","description":"Agencia de viajes especializada en producto propio para grupos.","publisher":{"@id":"https:\/\/aigeviatges.com\/#organization"},"potentialAction":[{"@type":"SearchAction","target":{"@type":"EntryPoint","urlTemplate":"https:\/\/aigeviatges.com\/?s={search_term_string}"},"query-input":"required name=search_term_string"}],"inLanguage":"es"},{"@type":"Organization","@id":"https:\/\/aigeviatges.com\/#organization","name":"AIGE Viatges","url":"https:\/\/aigeviatges.com\/","logo":{"@type":"ImageObject","inLanguage":"es","@id":"https:\/\/aigeviatges.com\/#\/schema\/logo\/image\/","url":"https:\/\/aigeviatges.com\/wp-content\/uploads\/2020\/03\/aig-viatges-logo-web.png","contentUrl":"https:\/\/aigeviatges.com\/wp-content\/uploads\/2020\/03\/aig-viatges-logo-web.png","width":600,"height":166,"caption":"AIGE Viatges"},"image":{"@id":"https:\/\/aigeviatges.com\/#\/schema\/logo\/image\/"},"sameAs":["https:\/\/www.facebook.com\/viatgesaige\/"]}]}},"jetpack_sharing_enabled":true,"jetpack_likes_enabled":false,"_links":{"self":[{"href":"https:\/\/aigeviatges.com\/es\/wp-json\/wp\/v2\/product\/3174","targetHints":{"allow":["GET"]}}],"collection":[{"href":"https:\/\/aigeviatges.com\/es\/wp-json\/wp\/v2\/product"}],"about":[{"href":"https:\/\/aigeviatges.com\/es\/wp-json\/wp\/v2\/types\/product"}],"wp:featuredmedia":[{"embeddable":true,"href":"https:\/\/aigeviatges.com\/es\/wp-json\/wp\/v2\/media\/3209"}],"wp:attachment":[{"href":"https:\/\/aigeviatges.com\/es\/wp-json\/wp\/v2\/media?parent=3174"}],"wp:term":[{"taxonomy":"product_cat","embeddable":true,"href":"https:\/\/aigeviatges.com\/es\/wp-json\/wp\/v2\/product_cat?post=3174"},{"taxonomy":"product_tag","embeddable":true,"href":"https:\/\/aigeviatges.com\/es\/wp-json\/wp\/v2\/product_tag?post=3174"}],"curies":[{"name":"wp","href":"https:\/\/api.w.org\/{rel}","templated":true}]}}