{"id":3150,"date":"2024-11-19T13:22:46","date_gmt":"2024-11-19T12:22:46","guid":{"rendered":"https:\/\/aigeviatges.com\/?post_type=product&#038;p=3150"},"modified":"2024-12-11T14:51:34","modified_gmt":"2024-12-11T13:51:34","slug":"3150","status":"publish","type":"product","link":"https:\/\/aigeviatges.com\/es\/producto\/3150\/","title":{"rendered":"LAGOS DE ITALIA - COMPLETO"},"content":{"rendered":"<p><strong>D\u00eda 1: BARCELONA - MILAN - HOTEL<\/strong><br \/>\nSalida en avi\u00f3n a Milan. Almuerzo en rto. Visita de la ciudad: la Galer\u00eda Vittorio Emmanuel y el impresionante Duomo. Continuaci\u00f3n en los alrededores de Milan. Acomodaci\u00f3n en el hotel. Cena y alojamiento.<\/p>\n<p><strong>D\u00eda 2: LAGO DI COMO - BELLAGIO - TREMEZZO - VILLA CARLOTTA<\/strong><br \/>\nSalida al puerto de <strong>Lecco o Como<\/strong>. <strong><em>A bordo de un barco<\/em><\/strong> nos trasladaremos a la encantadora poblaci\u00f3n de <strong><em>Bellaggio<\/em><\/strong>, uno de los pueblos m\u00e1s bonitos de toda Italia. Almuerzo y traslado en barco a Tremezzo donde visitaremos la famosa <strong><em>Villa Carlotta<\/em><\/strong><em>, <\/em>la joya del Lago, se construy\u00f3 en 1745 para un marqu\u00e9s de Mil\u00e1n. Los muebles de \u00e9poca, ciertas obras de arte excepcionales y sus impresionantes jardines nos maravillar\u00e1n. Regreso al hotel. Cena y alojamiento.<\/p>\n<p><strong>D\u00eda 3: LAGO DI ISEO<\/strong><br \/>\nSalida al lago <strong>Iseo, <\/strong>el m\u00e1s peque\u00f1o del norte de Italia y el m\u00e1s curioso de todos ellos. Visitaremos la capital, Iseo, junto al lago, el casco antiguo y los antiguos edificios porticados conservan el aspecto medieval. Almuerzo. Por la tarde haremos un <strong><em>crucero por las tres islas<\/em><\/strong> del lago: <strong>Monte Isola: <\/strong>la mayor del lago; <strong>Isola di Loreto<\/strong>: lugar de encuentro de pescadores, comerciantes y peregrinos; <strong>Isola di San Paolo: <\/strong>una peque\u00f1a isla de propiedad privada. Regreso al hotel. Cena y alojamiento.<\/p>\n<p><strong>D\u00eda 4: TREN PANORAMICO BERNINA EXPRESS \u2013 CRUCE ALPES \u2013 ST MORITZ\u00a0<\/strong><br \/>\nSalida a Tirano. Traslado a la estaci\u00f3n de tren donde tomaremos el <strong><em>tren panor\u00e1mico Bernina express<\/em><\/strong>. El viaje nos llevar\u00e1 de una altitud de 1,829 m. hasta los 429 m. Cruzaremos el valle alpino de Engadina, el Pas de Bernina y el viaducto en espiral Brusio. La ruta del Bernina fue declarada Patrimonio Mundial por la UNESCO. Veremos monumentales glaciares, atravesaremos estrechos barrancos y pasaremos por t\u00faneles bajo algunas de las monta\u00f1as m\u00e1s grandes de la zona. <strong>El almuerzo ser\u00e1 en \u201clunch box\u201d<\/strong> <strong>del hotel.<\/strong> Llegada a la exclusiva y cosmopolita <strong><em>San Moritz<\/em><\/strong>. Visitaremos esta poblaci\u00f3n-estaci\u00f3n de esqu\u00ed, la m\u00e1s antigua del mundo, inaugurada en 1864. Regreso en autocar al hotel. Cena y alojamiento.<\/p>\n<p><strong>D\u00eda 5: LAGO MAGGIORE \u2013 ISLAS BORROMEAS (Isolas Bella, dei Pescatori y Madre)<\/strong><br \/>\nVisita del <strong>Lago Maggiore y las islas Borromeas,<\/strong> llamadas las perlas del lago. Desde Stresa, navegaremos a bordo del barco hasta Isola Bella, donde visitaremos el <strong><em>palacio de los Borromeas<\/em><\/strong>, una familia que hoy en d\u00eda todav\u00eda es propietaria. Seguiremos en la <strong><em>isola dei Pescatori<\/em><\/strong> donde disfrutaremos de un ambiente de calles estrechas y casas de pescadores. Almuerzo. Seguiremos con la visita a la <strong><em>Isola Madre<\/em><\/strong> donde hay un interesante <strong><em>jard\u00edn bot\u00e1nico<\/em> <\/strong>y podremos disfrutar de una gran variedad de plantas y flores. Regreso al hotel. Cena y alojamiento.<\/p>\n<p><strong>D\u00eda 6: HOTEL \u2013 BOLONIA \u2013 BARCELONA<\/strong><br \/>\nSalida a <strong><em>Bolonia<\/em><\/strong>, la capital de la regi\u00f3n de Emilia-Romagna. Almuerzo en restaurante. Seguidamente visitaremos el centro hist\u00f3rico de esta asombrosa ciudad declarada Patrimonio de la Humanidad por la Unesco. Durante el recorrido podremos ver la fuente de Nettuno, la Piazza Maggiore, la Bas\u00edlica de San Petronio, varios palazzos etc.. Salida en avi\u00f3n a BCN. Fin de nuestros servicios.<\/p>\n<p>&nbsp;<\/p>\n<p><strong><em>Nota: la organizaci\u00f3n se reserva el derecho de modificar el orden de las visitas, realizar cambios o sustituir por otros servicios similares sin previo aviso, y siempre por causas de fuerza mayor. <\/em><\/strong><\/p>","protected":false},"excerpt":{"rendered":"<p><strong>INCLUYE:<\/strong><\/p>\n<ul>\n<li>Avi\u00f3n BCN - MILAN \/\/ BOLONIA - BCN + Maleta (20 kg) y tasas<\/li>\n<li>Autocar local y Gu\u00eda AIGE + Gu\u00eda local en Bolonia + Palau Borromeo<\/li>\n<li>Hotel 3*** + Pensi\u00f3n completa con agua<\/li>\n<li>Entrada en el Duomo de Mil\u00e1n, Palau Borromeo y Villa Carlotta<\/li>\n<li>Barco Como\/Lecco \u2013 Bellagio \u2013 Tremezzo<\/li>\n<li>Barco Stresa \u2013 Isola Bella \u2013 Pescatorio \u2013 Madre \u2013 Stresa<\/li>\n<li>Barco Iseo - Monte Isola - Di Loreto - San Paolo - Iseo<\/li>\n<li>Tren panor\u00e1mico Bernina Express<\/li>\n<li>Seguro viaje<\/li>\n<\/ul>","protected":false},"featured_media":2838,"template":"","meta":[],"product_cat":[18],"product_tag":[],"class_list":["post-3150","product","type-product","status-publish","has-post-thumbnail","hentry","product_cat-circuitos-todo-incluido"],"yoast_head":"<!-- This site is optimized with the Yoast SEO plugin v21.7 - https:\/\/yoast.com\/wordpress\/plugins\/seo\/ -->\n<title>LLACS D&#039;ITALIA - COMPLET - AIGE Viatges<\/title>\n<meta name=\"description\" content=\"Agencia de viajes online | Descubre nuestros viajes inolvidables a LLACS D&#039;ITALIA - COMPLET\" \/>\n<meta name=\"robots\" content=\"index, follow, max-snippet:-1, max-image-preview:large, max-video-preview:-1\" \/>\n<link rel=\"canonical\" href=\"https:\/\/aigeviatges.com\/es\/producto\/3150\/\" \/>\n<meta property=\"og:locale\" content=\"es_ES\" \/>\n<meta property=\"og:type\" content=\"article\" \/>\n<meta property=\"og:title\" content=\"LLACS D&#039;ITALIA - COMPLET - AIGE Viatges\" \/>\n<meta property=\"og:description\" content=\"Agencia de viajes online | Descubre nuestros viajes inolvidables a LLACS D&#039;ITALIA - COMPLET\" \/>\n<meta property=\"og:url\" content=\"https:\/\/aigeviatges.com\/es\/producto\/3150\/\" \/>\n<meta property=\"og:site_name\" content=\"AIGE Viatges\" \/>\n<meta property=\"article:publisher\" content=\"https:\/\/www.facebook.com\/viatgesaige\/\" \/>\n<meta property=\"article:modified_time\" content=\"2024-12-11T13:51:34+00:00\" \/>\n<meta property=\"og:image\" content=\"https:\/\/aigeviatges.com\/wp-content\/uploads\/2023\/06\/bella.jpeg\" \/>\n\t<meta property=\"og:image:width\" content=\"1386\" \/>\n\t<meta property=\"og:image:height\" content=\"924\" \/>\n\t<meta property=\"og:image:type\" content=\"image\/jpeg\" \/>\n<meta name=\"twitter:card\" content=\"summary_large_image\" \/>\n<meta name=\"twitter:label1\" content=\"Tiempo de lectura\" \/>\n\t<meta name=\"twitter:data1\" content=\"3 minutos\" \/>\n<script type=\"application\/ld+json\" class=\"yoast-schema-graph\">{\"@context\":\"https:\/\/schema.org\",\"@graph\":[{\"@type\":\"WebPage\",\"@id\":\"https:\/\/aigeviatges.com\/producto\/3150\/\",\"url\":\"https:\/\/aigeviatges.com\/producto\/3150\/\",\"name\":\"LLACS D'ITALIA - COMPLET - AIGE Viatges\",\"isPartOf\":{\"@id\":\"https:\/\/aigeviatges.com\/#website\"},\"datePublished\":\"2024-11-19T12:22:46+00:00\",\"dateModified\":\"2024-12-11T13:51:34+00:00\",\"description\":\"Agencia de viajes online | Descubre nuestros viajes inolvidables a LLACS D'ITALIA - COMPLET\",\"breadcrumb\":{\"@id\":\"https:\/\/aigeviatges.com\/producto\/3150\/#breadcrumb\"},\"inLanguage\":\"es\",\"potentialAction\":[{\"@type\":\"ReadAction\",\"target\":[\"https:\/\/aigeviatges.com\/producto\/3150\/\"]}]},{\"@type\":\"BreadcrumbList\",\"@id\":\"https:\/\/aigeviatges.com\/producto\/3150\/#breadcrumb\",\"itemListElement\":[{\"@type\":\"ListItem\",\"position\":1,\"name\":\"Portada\",\"item\":\"https:\/\/aigeviatges.com\/\"},{\"@type\":\"ListItem\",\"position\":2,\"name\":\"Tienda\",\"item\":\"https:\/\/aigeviatges.com\/tienda-2\/\"},{\"@type\":\"ListItem\",\"position\":3,\"name\":\"LLACS D&#8217;ITALIA &#8211; COMPLET\"}]},{\"@type\":\"WebSite\",\"@id\":\"https:\/\/aigeviatges.com\/#website\",\"url\":\"https:\/\/aigeviatges.com\/\",\"name\":\"AIGE Viatges\",\"description\":\"Agencia de viajes especializada en producto propio para grupos.\",\"publisher\":{\"@id\":\"https:\/\/aigeviatges.com\/#organization\"},\"potentialAction\":[{\"@type\":\"SearchAction\",\"target\":{\"@type\":\"EntryPoint\",\"urlTemplate\":\"https:\/\/aigeviatges.com\/?s={search_term_string}\"},\"query-input\":\"required name=search_term_string\"}],\"inLanguage\":\"es\"},{\"@type\":\"Organization\",\"@id\":\"https:\/\/aigeviatges.com\/#organization\",\"name\":\"AIGE Viatges\",\"url\":\"https:\/\/aigeviatges.com\/\",\"logo\":{\"@type\":\"ImageObject\",\"inLanguage\":\"es\",\"@id\":\"https:\/\/aigeviatges.com\/#\/schema\/logo\/image\/\",\"url\":\"https:\/\/aigeviatges.com\/wp-content\/uploads\/2020\/03\/aig-viatges-logo-web.png\",\"contentUrl\":\"https:\/\/aigeviatges.com\/wp-content\/uploads\/2020\/03\/aig-viatges-logo-web.png\",\"width\":600,\"height\":166,\"caption\":\"AIGE Viatges\"},\"image\":{\"@id\":\"https:\/\/aigeviatges.com\/#\/schema\/logo\/image\/\"},\"sameAs\":[\"https:\/\/www.facebook.com\/viatgesaige\/\"]}]}<\/script>\n<!-- \/ Yoast SEO plugin. -->","yoast_head_json":{"title":"LLACS D'ITALIA - COMPLET - AIGE Viatges","description":"Agencia de viajes online | Descubre nuestros viajes inolvidables a LLACS D'ITALIA - COMPLET","robots":{"index":"index","follow":"follow","max-snippet":"max-snippet:-1","max-image-preview":"max-image-preview:large","max-video-preview":"max-video-preview:-1"},"canonical":"https:\/\/aigeviatges.com\/es\/producto\/3150\/","og_locale":"es_ES","og_type":"article","og_title":"LLACS D'ITALIA - COMPLET - AIGE Viatges","og_description":"Agencia de viajes online | Descubre nuestros viajes inolvidables a LLACS D'ITALIA - COMPLET","og_url":"https:\/\/aigeviatges.com\/es\/producto\/3150\/","og_site_name":"AIGE Viatges","article_publisher":"https:\/\/www.facebook.com\/viatgesaige\/","article_modified_time":"2024-12-11T13:51:34+00:00","og_image":[{"width":1386,"height":924,"url":"https:\/\/aigeviatges.com\/wp-content\/uploads\/2023\/06\/bella.jpeg","type":"image\/jpeg"}],"twitter_card":"summary_large_image","twitter_misc":{"Tiempo de lectura":"3 minutos"},"schema":{"@context":"https:\/\/schema.org","@graph":[{"@type":"WebPage","@id":"https:\/\/aigeviatges.com\/producto\/3150\/","url":"https:\/\/aigeviatges.com\/producto\/3150\/","name":"LLACS D'ITALIA - COMPLET - AIGE Viatges","isPartOf":{"@id":"https:\/\/aigeviatges.com\/#website"},"datePublished":"2024-11-19T12:22:46+00:00","dateModified":"2024-12-11T13:51:34+00:00","description":"Agencia de viajes online | Descubre nuestros viajes inolvidables a LLACS D'ITALIA - COMPLET","breadcrumb":{"@id":"https:\/\/aigeviatges.com\/producto\/3150\/#breadcrumb"},"inLanguage":"es","potentialAction":[{"@type":"ReadAction","target":["https:\/\/aigeviatges.com\/producto\/3150\/"]}]},{"@type":"BreadcrumbList","@id":"https:\/\/aigeviatges.com\/producto\/3150\/#breadcrumb","itemListElement":[{"@type":"ListItem","position":1,"name":"Portada","item":"https:\/\/aigeviatges.com\/"},{"@type":"ListItem","position":2,"name":"Tienda","item":"https:\/\/aigeviatges.com\/tienda-2\/"},{"@type":"ListItem","position":3,"name":"LLACS D&#8217;ITALIA &#8211; COMPLET"}]},{"@type":"WebSite","@id":"https:\/\/aigeviatges.com\/#website","url":"https:\/\/aigeviatges.com\/","name":"AIGE Viatges","description":"Agencia de viajes especializada en producto propio para grupos.","publisher":{"@id":"https:\/\/aigeviatges.com\/#organization"},"potentialAction":[{"@type":"SearchAction","target":{"@type":"EntryPoint","urlTemplate":"https:\/\/aigeviatges.com\/?s={search_term_string}"},"query-input":"required name=search_term_string"}],"inLanguage":"es"},{"@type":"Organization","@id":"https:\/\/aigeviatges.com\/#organization","name":"AIGE Viatges","url":"https:\/\/aigeviatges.com\/","logo":{"@type":"ImageObject","inLanguage":"es","@id":"https:\/\/aigeviatges.com\/#\/schema\/logo\/image\/","url":"https:\/\/aigeviatges.com\/wp-content\/uploads\/2020\/03\/aig-viatges-logo-web.png","contentUrl":"https:\/\/aigeviatges.com\/wp-content\/uploads\/2020\/03\/aig-viatges-logo-web.png","width":600,"height":166,"caption":"AIGE Viatges"},"image":{"@id":"https:\/\/aigeviatges.com\/#\/schema\/logo\/image\/"},"sameAs":["https:\/\/www.facebook.com\/viatgesaige\/"]}]}},"jetpack_sharing_enabled":true,"jetpack_likes_enabled":false,"_links":{"self":[{"href":"https:\/\/aigeviatges.com\/es\/wp-json\/wp\/v2\/product\/3150","targetHints":{"allow":["GET"]}}],"collection":[{"href":"https:\/\/aigeviatges.com\/es\/wp-json\/wp\/v2\/product"}],"about":[{"href":"https:\/\/aigeviatges.com\/es\/wp-json\/wp\/v2\/types\/product"}],"wp:featuredmedia":[{"embeddable":true,"href":"https:\/\/aigeviatges.com\/es\/wp-json\/wp\/v2\/media\/2838"}],"wp:attachment":[{"href":"https:\/\/aigeviatges.com\/es\/wp-json\/wp\/v2\/media?parent=3150"}],"wp:term":[{"taxonomy":"product_cat","embeddable":true,"href":"https:\/\/aigeviatges.com\/es\/wp-json\/wp\/v2\/product_cat?post=3150"},{"taxonomy":"product_tag","embeddable":true,"href":"https:\/\/aigeviatges.com\/es\/wp-json\/wp\/v2\/product_tag?post=3150"}],"curies":[{"name":"wp","href":"https:\/\/api.w.org\/{rel}","templated":true}]}}