{"id":3142,"date":"2024-11-19T12:09:23","date_gmt":"2024-11-19T11:09:23","guid":{"rendered":"https:\/\/aigeviatges.com\/?post_type=product&#038;p=3142"},"modified":"2025-06-23T11:34:41","modified_gmt":"2025-06-23T09:34:41","slug":"els-dolomites-italians","status":"publish","type":"product","link":"https:\/\/aigeviatges.com\/es\/producto\/los-dolomitas-italianos\/","title":{"rendered":"Los Dolomitas italianos \u2013 COMPLETO"},"content":{"rendered":"<p><strong>D\u00eda 1: BARCELONA - APTO VENECIA - TRENTO - REGI\u00d3N DE BOLZANO\u00a0<\/strong><br \/>\nSalida en avi\u00f3n hacia Venecia. Llegada y continuaci\u00f3n por carretera hasta Trento. Visitaremos la Plaza del Duomo, con su fuente de Neptuno, el Palacio Pretoriano y la Catedral de San Virgilio, donde se celebr\u00f3 el mundialmente conocido Concilio de Trento (entre 1545 y 1563). Visitaremos el castillo del Buonconsiglio, construido en el siglo XVIII, situado en el centro de la ciudad y reconvertido en museo hist\u00f3rico. Almuerzo y continuaci\u00f3n de la ruta hasta los alrededores de Bolzano, la puerta de entrada a los Dolomitas. Cena y alojamiento en la regi\u00f3n de Bolzano.<\/p>\n<p><strong>D\u00eda 2: BOLZANO (PIR\u00c1MIDES DE TIERRA)<\/strong><br \/>\nDesayuno. Visita panor\u00e1mica de Bolzano, con su casco antiguo, punto de encuentro de dos culturas distintas: la mediterr\u00e1nea y la centroeuropea. Almuerzo. Subiremos en funicular hasta la estaci\u00f3n de Oberbozen (Suprabolzano) en una ascensi\u00f3n de 1220 m, donde gozaremos de unas vistas incre\u00edbles. Continuaremos a bordo de un tranv\u00eda en direcci\u00f3n a los Dolomitas, atravesaremos un maravilloso paisaje de bosques y campos hasta llegar a Klobenstein, desde donde podremos pasear hasta Lemgmoss para apreciar el fen\u00f3meno natural de las pir\u00e1mides de tierra. Cena y alojamiento en la regi\u00f3n de Bolzano.<\/p>\n<p><strong>D\u00eda 3: BOLZANO (MERANO - LAGO CALDARO<\/strong><br \/>\nDesayuno. Saldremos hacia Merano, ciudad conocida por sus termas de aguas curativas. Pasearemos por su parque central, con su estatua de Sissi, y veremos los Jardines del castillo Trauttmansdorff, imponente residencia se\u00f1orial, que fue la residencia de invierno de la princesa Sissi. Almuerzo y salida hacia Caldaro, donde degustaremos vinos t\u00edpicos de la zona y pasearemos por su lago. Regreso al hotel. Cena y alojamiento en la regi\u00f3n de Bolzano.<\/p>\n<p><strong>D\u00eda 4: BOLZANO (SELLA RONDA) \u2013 REGI\u00d3N DE AMPEZZO<\/strong><br \/>\nDesayuno. Salida hacia Sella Ronda, ruta circular que bordea el espectacular macizo monta\u00f1oso de Sella. Veremos, entre otros, la reina de los Dolomitas, La Marmolada (3.343 m), la famosa cima Sassolungo (3.181 m) y el macizo de Catinaccio. Subida en funicular desde Canazei hasta Pordoijoch, para disfrutar de las incre\u00edbles vistas que ofrece la terraza natural de los Dolomitas. Almuerzo. A continuaci\u00f3n, a trav\u00e9s de una sinuosa ruta, llegaremos a los alrededores de Cortina de Ampezo. Alojamiento en el hotel. Cena y alojamiento en la regi\u00f3n de Ampezo.<\/p>\n<p><strong>D\u00eda 5: AMPEZZO (LAGO MISURINA \u2013 TRES CIMAS DE LAVAREDO \u2013 ALLEGHE)<\/strong><br \/>\nDesayuno. Salida hacia el refugio Auronzo, situado a los pies del macizo de Tre Cime di Lavaredo. En la ruta haremos una parada en el lago di Misurina (1750 m), tambi\u00e9n conocido como la \u201cPerla de los Dolomitas\u201d por su belleza incomparable. Las Tre Cime di Lavaredo son uno de los lugares m\u00e1s emblem\u00e1ticos de los Dolomitas y un icono del monta\u00f1ismo alpino. Dispondremos de tiempo libre para disfrutar de las maravillosas vistas, seguir alg\u00fan sendero, etc. A continuaci\u00f3n, nos trasladaremos a Alleghe, un bonito pueblecito junto a un lago de aguas esmeraldas. La elegante torre de la iglesia de Alleghe, sus construcciones de madera y los paisajes de roca y bosque que rodean al lago crean una postal encantadora. Regreso al hotel. Cena y alojamiento en la regi\u00f3n de Ampezo.<\/p>\n<p><strong>D\u00eda 6: CORTINA DE AMPEZZO - APTO VENECIA - BARCELONA<\/strong><br \/>\nDesayuno. Por la ma\u00f1ana visitaremos Cortina de Ampezo. en el aeropuerto de Venecia para tomar el vuelo de regreso. Llegada y fin de nuestros servicios.<\/p>","protected":false},"excerpt":{"rendered":"<p><strong>INCLUYE:<\/strong><\/p>\n<ul>\n<li>Avi\u00f3n + Maleta (20 kg) y tasas<\/li>\n<li>Autocar y gu\u00eda AIGE + gu\u00eda local en Trento<\/li>\n<li>5 noches de Hotel 3*** (3 a la z. de Bolzano + 2 a la z. de Ampezo)<\/li>\n<li>Pensi\u00f3n completa con agua<\/li>\n<li>Funicular en Oberbozen, en Pordoijoch y tranv\u00eda en Klobenstein<\/li>\n<li>Entrada a los Jardines del castillo Trauttmansdorff<\/li>\n<li>Seguro de viaje<\/li>\n<\/ul>","protected":false},"featured_media":3149,"template":"","meta":[],"product_cat":[18],"product_tag":[],"class_list":["post-3142","product","type-product","status-publish","has-post-thumbnail","hentry","product_cat-circuitos-todo-incluido"],"yoast_head":"<!-- This site is optimized with the Yoast SEO plugin v21.7 - https:\/\/yoast.com\/wordpress\/plugins\/seo\/ -->\n<title>Els Dolomites italians - COMPLET - AIGE Viatges<\/title>\n<meta name=\"description\" content=\"Agencia de viajes online | Descubre nuestros viajes inolvidables a Els Dolomites italians - COMPLET\" \/>\n<meta name=\"robots\" content=\"index, follow, max-snippet:-1, max-image-preview:large, max-video-preview:-1\" \/>\n<link rel=\"canonical\" href=\"https:\/\/aigeviatges.com\/es\/producto\/los-dolomitas-italianos\/\" \/>\n<meta property=\"og:locale\" content=\"es_ES\" \/>\n<meta property=\"og:type\" content=\"article\" \/>\n<meta property=\"og:title\" content=\"Els Dolomites italians - COMPLET - AIGE Viatges\" \/>\n<meta property=\"og:description\" content=\"Agencia de viajes online | Descubre nuestros viajes inolvidables a Els Dolomites italians - COMPLET\" \/>\n<meta property=\"og:url\" content=\"https:\/\/aigeviatges.com\/es\/producto\/los-dolomitas-italianos\/\" \/>\n<meta property=\"og:site_name\" content=\"AIGE Viatges\" \/>\n<meta property=\"article:publisher\" content=\"https:\/\/www.facebook.com\/viatgesaige\/\" \/>\n<meta property=\"article:modified_time\" content=\"2025-06-23T09:34:41+00:00\" \/>\n<meta property=\"og:image\" content=\"https:\/\/aigeviatges.com\/wp-content\/uploads\/2024\/11\/Imagen7-1.jpg\" \/>\n\t<meta property=\"og:image:width\" content=\"1030\" \/>\n\t<meta property=\"og:image:height\" content=\"631\" \/>\n\t<meta property=\"og:image:type\" content=\"image\/jpeg\" \/>\n<meta name=\"twitter:card\" content=\"summary_large_image\" \/>\n<meta name=\"twitter:label1\" content=\"Tiempo de lectura\" \/>\n\t<meta name=\"twitter:data1\" content=\"3 minutos\" \/>\n<script type=\"application\/ld+json\" class=\"yoast-schema-graph\">{\"@context\":\"https:\/\/schema.org\",\"@graph\":[{\"@type\":\"WebPage\",\"@id\":\"https:\/\/aigeviatges.com\/producto\/els-dolomites-italians\/\",\"url\":\"https:\/\/aigeviatges.com\/producto\/els-dolomites-italians\/\",\"name\":\"Els Dolomites italians - COMPLET - AIGE Viatges\",\"isPartOf\":{\"@id\":\"https:\/\/aigeviatges.com\/#website\"},\"datePublished\":\"2024-11-19T11:09:23+00:00\",\"dateModified\":\"2025-06-23T09:34:41+00:00\",\"description\":\"Agencia de viajes online | Descubre nuestros viajes inolvidables a Els Dolomites italians - COMPLET\",\"breadcrumb\":{\"@id\":\"https:\/\/aigeviatges.com\/producto\/els-dolomites-italians\/#breadcrumb\"},\"inLanguage\":\"es\",\"potentialAction\":[{\"@type\":\"ReadAction\",\"target\":[\"https:\/\/aigeviatges.com\/producto\/els-dolomites-italians\/\"]}]},{\"@type\":\"BreadcrumbList\",\"@id\":\"https:\/\/aigeviatges.com\/producto\/els-dolomites-italians\/#breadcrumb\",\"itemListElement\":[{\"@type\":\"ListItem\",\"position\":1,\"name\":\"Portada\",\"item\":\"https:\/\/aigeviatges.com\/\"},{\"@type\":\"ListItem\",\"position\":2,\"name\":\"Tienda\",\"item\":\"https:\/\/aigeviatges.com\/tienda-2\/\"},{\"@type\":\"ListItem\",\"position\":3,\"name\":\"Els Dolomites italians &#8211; COMPLET\"}]},{\"@type\":\"WebSite\",\"@id\":\"https:\/\/aigeviatges.com\/#website\",\"url\":\"https:\/\/aigeviatges.com\/\",\"name\":\"AIGE Viatges\",\"description\":\"Agencia de viajes especializada en producto propio para grupos.\",\"publisher\":{\"@id\":\"https:\/\/aigeviatges.com\/#organization\"},\"potentialAction\":[{\"@type\":\"SearchAction\",\"target\":{\"@type\":\"EntryPoint\",\"urlTemplate\":\"https:\/\/aigeviatges.com\/?s={search_term_string}\"},\"query-input\":\"required name=search_term_string\"}],\"inLanguage\":\"es\"},{\"@type\":\"Organization\",\"@id\":\"https:\/\/aigeviatges.com\/#organization\",\"name\":\"AIGE Viatges\",\"url\":\"https:\/\/aigeviatges.com\/\",\"logo\":{\"@type\":\"ImageObject\",\"inLanguage\":\"es\",\"@id\":\"https:\/\/aigeviatges.com\/#\/schema\/logo\/image\/\",\"url\":\"https:\/\/aigeviatges.com\/wp-content\/uploads\/2020\/03\/aig-viatges-logo-web.png\",\"contentUrl\":\"https:\/\/aigeviatges.com\/wp-content\/uploads\/2020\/03\/aig-viatges-logo-web.png\",\"width\":600,\"height\":166,\"caption\":\"AIGE Viatges\"},\"image\":{\"@id\":\"https:\/\/aigeviatges.com\/#\/schema\/logo\/image\/\"},\"sameAs\":[\"https:\/\/www.facebook.com\/viatgesaige\/\"]}]}<\/script>\n<!-- \/ Yoast SEO plugin. -->","yoast_head_json":{"title":"Els Dolomites italians - COMPLET - AIGE Viatges","description":"Agencia de viajes online | Descubre nuestros viajes inolvidables a Els Dolomites italians - COMPLET","robots":{"index":"index","follow":"follow","max-snippet":"max-snippet:-1","max-image-preview":"max-image-preview:large","max-video-preview":"max-video-preview:-1"},"canonical":"https:\/\/aigeviatges.com\/es\/producto\/los-dolomitas-italianos\/","og_locale":"es_ES","og_type":"article","og_title":"Els Dolomites italians - COMPLET - AIGE Viatges","og_description":"Agencia de viajes online | Descubre nuestros viajes inolvidables a Els Dolomites italians - COMPLET","og_url":"https:\/\/aigeviatges.com\/es\/producto\/los-dolomitas-italianos\/","og_site_name":"AIGE Viatges","article_publisher":"https:\/\/www.facebook.com\/viatgesaige\/","article_modified_time":"2025-06-23T09:34:41+00:00","og_image":[{"width":1030,"height":631,"url":"https:\/\/aigeviatges.com\/wp-content\/uploads\/2024\/11\/Imagen7-1.jpg","type":"image\/jpeg"}],"twitter_card":"summary_large_image","twitter_misc":{"Tiempo de lectura":"3 minutos"},"schema":{"@context":"https:\/\/schema.org","@graph":[{"@type":"WebPage","@id":"https:\/\/aigeviatges.com\/producto\/els-dolomites-italians\/","url":"https:\/\/aigeviatges.com\/producto\/els-dolomites-italians\/","name":"Els Dolomites italians - COMPLET - AIGE Viatges","isPartOf":{"@id":"https:\/\/aigeviatges.com\/#website"},"datePublished":"2024-11-19T11:09:23+00:00","dateModified":"2025-06-23T09:34:41+00:00","description":"Agencia de viajes online | Descubre nuestros viajes inolvidables a Els Dolomites italians - COMPLET","breadcrumb":{"@id":"https:\/\/aigeviatges.com\/producto\/els-dolomites-italians\/#breadcrumb"},"inLanguage":"es","potentialAction":[{"@type":"ReadAction","target":["https:\/\/aigeviatges.com\/producto\/els-dolomites-italians\/"]}]},{"@type":"BreadcrumbList","@id":"https:\/\/aigeviatges.com\/producto\/els-dolomites-italians\/#breadcrumb","itemListElement":[{"@type":"ListItem","position":1,"name":"Portada","item":"https:\/\/aigeviatges.com\/"},{"@type":"ListItem","position":2,"name":"Tienda","item":"https:\/\/aigeviatges.com\/tienda-2\/"},{"@type":"ListItem","position":3,"name":"Els Dolomites italians &#8211; COMPLET"}]},{"@type":"WebSite","@id":"https:\/\/aigeviatges.com\/#website","url":"https:\/\/aigeviatges.com\/","name":"AIGE Viatges","description":"Agencia de viajes especializada en producto propio para grupos.","publisher":{"@id":"https:\/\/aigeviatges.com\/#organization"},"potentialAction":[{"@type":"SearchAction","target":{"@type":"EntryPoint","urlTemplate":"https:\/\/aigeviatges.com\/?s={search_term_string}"},"query-input":"required name=search_term_string"}],"inLanguage":"es"},{"@type":"Organization","@id":"https:\/\/aigeviatges.com\/#organization","name":"AIGE Viatges","url":"https:\/\/aigeviatges.com\/","logo":{"@type":"ImageObject","inLanguage":"es","@id":"https:\/\/aigeviatges.com\/#\/schema\/logo\/image\/","url":"https:\/\/aigeviatges.com\/wp-content\/uploads\/2020\/03\/aig-viatges-logo-web.png","contentUrl":"https:\/\/aigeviatges.com\/wp-content\/uploads\/2020\/03\/aig-viatges-logo-web.png","width":600,"height":166,"caption":"AIGE Viatges"},"image":{"@id":"https:\/\/aigeviatges.com\/#\/schema\/logo\/image\/"},"sameAs":["https:\/\/www.facebook.com\/viatgesaige\/"]}]}},"jetpack_sharing_enabled":true,"jetpack_likes_enabled":false,"_links":{"self":[{"href":"https:\/\/aigeviatges.com\/es\/wp-json\/wp\/v2\/product\/3142","targetHints":{"allow":["GET"]}}],"collection":[{"href":"https:\/\/aigeviatges.com\/es\/wp-json\/wp\/v2\/product"}],"about":[{"href":"https:\/\/aigeviatges.com\/es\/wp-json\/wp\/v2\/types\/product"}],"wp:featuredmedia":[{"embeddable":true,"href":"https:\/\/aigeviatges.com\/es\/wp-json\/wp\/v2\/media\/3149"}],"wp:attachment":[{"href":"https:\/\/aigeviatges.com\/es\/wp-json\/wp\/v2\/media?parent=3142"}],"wp:term":[{"taxonomy":"product_cat","embeddable":true,"href":"https:\/\/aigeviatges.com\/es\/wp-json\/wp\/v2\/product_cat?post=3142"},{"taxonomy":"product_tag","embeddable":true,"href":"https:\/\/aigeviatges.com\/es\/wp-json\/wp\/v2\/product_tag?post=3142"}],"curies":[{"name":"wp","href":"https:\/\/api.w.org\/{rel}","templated":true}]}}