{"id":3133,"date":"2024-11-19T11:31:44","date_gmt":"2024-11-19T10:31:44","guid":{"rendered":"https:\/\/aigeviatges.com\/?post_type=product&#038;p=3133"},"modified":"2025-04-16T14:44:02","modified_gmt":"2025-04-16T12:44:02","slug":"3133","status":"publish","type":"product","link":"https:\/\/aigeviatges.com\/es\/producto\/3133\/","title":{"rendered":"AUSTRIA Y BAVIERA \u2013 ULTIMAS PLAZAS"},"content":{"rendered":"<p><strong>D\u00eda 1: BARCELONA - MUNICH - BERCHTESGADEN - CARINTIA<\/strong><br \/>\nSalida en avi\u00f3n a Munich y continuaci\u00f3n a Kehlstein, donde subiremos en un ascensor hasta el Nido del \u00c1guila, la mansi\u00f3n que el partido nazi regal\u00f3 a Adolf Hitler por su cincuenta aniversario. Desde una amplia terraza tendremos unas vistas espectaculares de los Alpes. <strong><em><u>Almuerzo<\/u><\/em><\/strong>. Continuaci\u00f3n hacia la regi\u00f3n de Carintia (<strong>Tirol del sur austr\u00edaco<\/strong>) hasta llegar al hotel. Acomodaci\u00f3n y cena.<\/p>\n<p><strong>D\u00eda 2: PARQUE HOHE TAUERN \u2013 OSTTIROL LIENZ<\/strong><br \/>\nSalida al Parque Nacional de Hohe Tauern. Visitaremos Heiligenblut, un precioso pueblo entre monta\u00f1as situado en el valle del Moll. Durante siglos ha tenido una gran tradici\u00f3n peregrina puesto que la iglesia guarda una reliquia con la supuesta sangre de Cristo. Al parecer, la trajo un caballero templario llamado Briccius desde Constantinopla. Por la tarde seguiremos la ruta alpina del Grossvenegiger hasta Lienz, la capital del Tirol Oriental, al pie de las Dolomitas. Un pueblecito medieval, de bellas construcciones que se ha sabido conservar muy bien a lo largo del tiempo. Regreso al hotel por el valle de Drautal. Cena y alojamiento.<\/p>\n<p><strong>D\u00eda 3: LAGO MILSTATTER \u2013 MALTA HOCHALMSTRASSE \u2013 GMUND<\/strong><br \/>\nSalida al lago Milstatter, de una encantadora belleza natural y rodeado de altas monta\u00f1as. Haremos un crucero por el lago, descubriremos su cristalina agua, que posee un alto contenido en sales minerales. Seguidamente realizaremos un emocionante viaje por la carretera panor\u00e1mica Malta Hochalmstrasse, de 14,4 km de longitud, caracterizada por cascadas, t\u00faneles y curvas cerradas. Llegaremos a la presa m\u00e1s alta de Austria, a 1.933 m, K\u00f6lnbrein. Por la tarde visitaremos el encantador pueblecito de Gmund, situado en el valle del r\u00edo Lieser, al este de la cadena monta\u00f1osa de HoheTauern. Regreso al hotel. Cena y alojamiento.<\/p>\n<p><strong>D\u00eda 4: REGI\u00d3N DE LOS LAGO DE CARINTIA (VELDEN, MARIA WORTH y KLAGENFURT)<\/strong><br \/>\nSalida al lago W\u00f6rthersee. Visitaremos Velden, a orillas del lago. Destaca el imponente edificio del Casino. Continuaremos con la visita de Maria Worth, un bell\u00edsimo enclave situado en una pen\u00ednsula que penetra en las aguas del lago. Su iglesia benedictina es el icono de la localidad, encontr\u00e1ndose ubicada en el punto m\u00e1s alto de la pen\u00ednsula. Por la tarde visitaremos Klagenfurt. Un recorrido a pie nos permitir\u00e1 ver la Pla\u00e7a Nova, la impresionante Font Lindwurm, el Palau Rosenberg (el antiguo ayuntamiento, un edificio de principios del siglo XVII) la zona peatonal Karmergasse. Regreso al hotel bordeando los lagos de Afritz y Millstatter. Cena y alojamiento.<\/p>\n<p><strong>D\u00eda 5: CARINTIA - HALLSTATT - BAVIERA<\/strong><br \/>\nSalida en autocar hasta el famoso pueblo a orillas del lago de Hallstat, considerado uno de los pueblos m\u00e1s bonitos de Europa, incluido en el listado del Patrimonio de la Humanidad por la UNESCO. Visitaremos lo m\u00e1s destacado de este peque\u00f1o y encantador pueblo. Destaca la Marktplatz, la iglesia y su curioso cementerio y osario. Almuerzo. Seguiremos ruta hacia la regi\u00f3n alemana de Baviera. Acomodaci\u00f3n en el hotel. Cena y alojamiento.<\/p>\n<p><strong>D\u00eda 6: CASTILLO DE NEUSCHWANSTEIN - WIESKIRCHE<\/strong><br \/>\nSalida a Fussen. Visitaremos el castillo de Neuschwanstein, construido por el \u201cRey Loco\u201d. Siete semanas despu\u00e9s de la muerte del rey Luis II en 1886 el Castillo se abri\u00f3 al p\u00fablico. El rey, de car\u00e1cter reproche, hab\u00eda construido el castillo para alejarse de la vida p\u00fablica \u2013 lo que en su momento fuera su refugio se ha convertido en un lugar principal de atracci\u00f3n para el p\u00fablico. Neuschwanstein es hoy uno de los castillos m\u00e1s visitados de Europa. Almuerzo. Continuaci\u00f3n con la visita a la iglesia de Wies, declarada patrimonio de la humanidad por la UNESCO y considerada una de las obras m\u00e1s perfectas del rococ\u00f3 b\u00e1varo. Casi un mill\u00f3n de peregrinos acuden de todos los lugares del mundo cada a\u00f1o a contemplar la figura de El Salvador condenado a la flagelaci\u00f3n. Regreso al hotel. Cena y alojamiento.<\/p>\n<p><strong>D\u00eda 7: LAGO CHIEM \u2013 PALACIO DE HERREMCHIEMSEE \u2013 BARCELONA<\/strong><br \/>\nPor la ma\u00f1ana nos dirigiremos al Chiemsee, lago de Chiem, traslado en barco a la isla de los hombres-Herremchiemsee- Luis II de Baviera orden\u00f3 construir un palacio al estilo de Versailles. Visitaremos el palacio y admiraremos especialmente el Sal\u00f3n de los Espejos. Almuerzo en restaurante. Seguidamente traslado al aeropuerto de Munich y salida en avi\u00f3n a Barcelona. Llegada y fin de nuestros servicios<\/p>\n<p>&nbsp;<\/p>\n<p><strong><em>Nota: la organizaci\u00f3n se reserva el derecho de modificar el orden de las visitas, realizar cambios o sustituir por otros servicios similares sin previo aviso, y siempre por causas de fuerza mayor. <\/em><\/strong><\/p>\n<p>&nbsp;<\/p>\n<p>&nbsp;<\/p>","protected":false},"excerpt":{"rendered":"<p><strong>INCLUYE:<\/strong><\/p>\n<p>-Avi\u00f3n + Maleta (20 kg) y tasas<br \/>\n-Autocar y Gu\u00eda AIGE<br \/>\n-6 noches de Hotel 3*** (4 en Carintia + 2 en Baviera)<br \/>\n-Pensi\u00f3n completa con agua<br \/>\n-Entrada al Castillo de Neuschwantein<br \/>\n-Barco en Herremchiemsee y entrada al palacio<br \/>\n-Lanzadera y ascensor en Berchtesgaden<br \/>\n-Crucero lago Milsttater<br \/>\n-Seguro viaje<\/p>\n<p>&nbsp;<\/p>","protected":false},"featured_media":3135,"template":"","meta":[],"product_cat":[18],"product_tag":[],"class_list":["post-3133","product","type-product","status-publish","has-post-thumbnail","hentry","product_cat-circuitos-todo-incluido"],"yoast_head":"<!-- This site is optimized with the Yoast SEO plugin v21.7 - https:\/\/yoast.com\/wordpress\/plugins\/seo\/ -->\n<title>\u00c0USTRIA I BAVIERA - ULTIMES PLACES - AIGE Viatges<\/title>\n<meta name=\"description\" content=\"Agencia de viajes online | Descubre nuestros viajes inolvidables a \u00c0USTRIA I BAVIERA - ULTIMES PLACES\" \/>\n<meta name=\"robots\" content=\"index, follow, max-snippet:-1, max-image-preview:large, max-video-preview:-1\" \/>\n<link rel=\"canonical\" href=\"https:\/\/aigeviatges.com\/es\/producto\/3133\/\" \/>\n<meta property=\"og:locale\" content=\"es_ES\" \/>\n<meta property=\"og:type\" content=\"article\" \/>\n<meta property=\"og:title\" content=\"\u00c0USTRIA I BAVIERA - ULTIMES PLACES - AIGE Viatges\" \/>\n<meta property=\"og:description\" content=\"Agencia de viajes online | Descubre nuestros viajes inolvidables a \u00c0USTRIA I BAVIERA - ULTIMES PLACES\" \/>\n<meta property=\"og:url\" content=\"https:\/\/aigeviatges.com\/es\/producto\/3133\/\" \/>\n<meta property=\"og:site_name\" content=\"AIGE Viatges\" \/>\n<meta property=\"article:publisher\" content=\"https:\/\/www.facebook.com\/viatgesaige\/\" \/>\n<meta property=\"article:modified_time\" content=\"2025-04-16T12:44:02+00:00\" \/>\n<meta property=\"og:image\" content=\"https:\/\/aigeviatges.com\/wp-content\/uploads\/2024\/11\/Imagen1-1.jpg\" \/>\n\t<meta property=\"og:image:width\" content=\"1495\" \/>\n\t<meta property=\"og:image:height\" content=\"842\" \/>\n\t<meta property=\"og:image:type\" content=\"image\/jpeg\" \/>\n<meta name=\"twitter:card\" content=\"summary_large_image\" \/>\n<meta name=\"twitter:label1\" content=\"Tiempo de lectura\" \/>\n\t<meta name=\"twitter:data1\" content=\"4 minutos\" \/>\n<script type=\"application\/ld+json\" class=\"yoast-schema-graph\">{\"@context\":\"https:\/\/schema.org\",\"@graph\":[{\"@type\":\"WebPage\",\"@id\":\"https:\/\/aigeviatges.com\/producto\/3133\/\",\"url\":\"https:\/\/aigeviatges.com\/producto\/3133\/\",\"name\":\"\u00c0USTRIA I BAVIERA - ULTIMES PLACES - AIGE Viatges\",\"isPartOf\":{\"@id\":\"https:\/\/aigeviatges.com\/#website\"},\"datePublished\":\"2024-11-19T10:31:44+00:00\",\"dateModified\":\"2025-04-16T12:44:02+00:00\",\"description\":\"Agencia de viajes online | Descubre nuestros viajes inolvidables a \u00c0USTRIA I BAVIERA - ULTIMES PLACES\",\"breadcrumb\":{\"@id\":\"https:\/\/aigeviatges.com\/producto\/3133\/#breadcrumb\"},\"inLanguage\":\"es\",\"potentialAction\":[{\"@type\":\"ReadAction\",\"target\":[\"https:\/\/aigeviatges.com\/producto\/3133\/\"]}]},{\"@type\":\"BreadcrumbList\",\"@id\":\"https:\/\/aigeviatges.com\/producto\/3133\/#breadcrumb\",\"itemListElement\":[{\"@type\":\"ListItem\",\"position\":1,\"name\":\"Portada\",\"item\":\"https:\/\/aigeviatges.com\/\"},{\"@type\":\"ListItem\",\"position\":2,\"name\":\"Tienda\",\"item\":\"https:\/\/aigeviatges.com\/tienda-2\/\"},{\"@type\":\"ListItem\",\"position\":3,\"name\":\"\u00c0USTRIA I BAVIERA &#8211; ULTIMES PLACES\"}]},{\"@type\":\"WebSite\",\"@id\":\"https:\/\/aigeviatges.com\/#website\",\"url\":\"https:\/\/aigeviatges.com\/\",\"name\":\"AIGE Viatges\",\"description\":\"Agencia de viajes especializada en producto propio para grupos.\",\"publisher\":{\"@id\":\"https:\/\/aigeviatges.com\/#organization\"},\"potentialAction\":[{\"@type\":\"SearchAction\",\"target\":{\"@type\":\"EntryPoint\",\"urlTemplate\":\"https:\/\/aigeviatges.com\/?s={search_term_string}\"},\"query-input\":\"required name=search_term_string\"}],\"inLanguage\":\"es\"},{\"@type\":\"Organization\",\"@id\":\"https:\/\/aigeviatges.com\/#organization\",\"name\":\"AIGE Viatges\",\"url\":\"https:\/\/aigeviatges.com\/\",\"logo\":{\"@type\":\"ImageObject\",\"inLanguage\":\"es\",\"@id\":\"https:\/\/aigeviatges.com\/#\/schema\/logo\/image\/\",\"url\":\"https:\/\/aigeviatges.com\/wp-content\/uploads\/2020\/03\/aig-viatges-logo-web.png\",\"contentUrl\":\"https:\/\/aigeviatges.com\/wp-content\/uploads\/2020\/03\/aig-viatges-logo-web.png\",\"width\":600,\"height\":166,\"caption\":\"AIGE Viatges\"},\"image\":{\"@id\":\"https:\/\/aigeviatges.com\/#\/schema\/logo\/image\/\"},\"sameAs\":[\"https:\/\/www.facebook.com\/viatgesaige\/\"]}]}<\/script>\n<!-- \/ Yoast SEO plugin. -->","yoast_head_json":{"title":"\u00c0USTRIA I BAVIERA - ULTIMES PLACES - AIGE Viatges","description":"Agencia de viajes online | Descubre nuestros viajes inolvidables a \u00c0USTRIA I BAVIERA - ULTIMES PLACES","robots":{"index":"index","follow":"follow","max-snippet":"max-snippet:-1","max-image-preview":"max-image-preview:large","max-video-preview":"max-video-preview:-1"},"canonical":"https:\/\/aigeviatges.com\/es\/producto\/3133\/","og_locale":"es_ES","og_type":"article","og_title":"\u00c0USTRIA I BAVIERA - ULTIMES PLACES - AIGE Viatges","og_description":"Agencia de viajes online | Descubre nuestros viajes inolvidables a \u00c0USTRIA I BAVIERA - ULTIMES PLACES","og_url":"https:\/\/aigeviatges.com\/es\/producto\/3133\/","og_site_name":"AIGE Viatges","article_publisher":"https:\/\/www.facebook.com\/viatgesaige\/","article_modified_time":"2025-04-16T12:44:02+00:00","og_image":[{"width":1495,"height":842,"url":"https:\/\/aigeviatges.com\/wp-content\/uploads\/2024\/11\/Imagen1-1.jpg","type":"image\/jpeg"}],"twitter_card":"summary_large_image","twitter_misc":{"Tiempo de lectura":"4 minutos"},"schema":{"@context":"https:\/\/schema.org","@graph":[{"@type":"WebPage","@id":"https:\/\/aigeviatges.com\/producto\/3133\/","url":"https:\/\/aigeviatges.com\/producto\/3133\/","name":"\u00c0USTRIA I BAVIERA - ULTIMES PLACES - AIGE Viatges","isPartOf":{"@id":"https:\/\/aigeviatges.com\/#website"},"datePublished":"2024-11-19T10:31:44+00:00","dateModified":"2025-04-16T12:44:02+00:00","description":"Agencia de viajes online | Descubre nuestros viajes inolvidables a \u00c0USTRIA I BAVIERA - ULTIMES PLACES","breadcrumb":{"@id":"https:\/\/aigeviatges.com\/producto\/3133\/#breadcrumb"},"inLanguage":"es","potentialAction":[{"@type":"ReadAction","target":["https:\/\/aigeviatges.com\/producto\/3133\/"]}]},{"@type":"BreadcrumbList","@id":"https:\/\/aigeviatges.com\/producto\/3133\/#breadcrumb","itemListElement":[{"@type":"ListItem","position":1,"name":"Portada","item":"https:\/\/aigeviatges.com\/"},{"@type":"ListItem","position":2,"name":"Tienda","item":"https:\/\/aigeviatges.com\/tienda-2\/"},{"@type":"ListItem","position":3,"name":"\u00c0USTRIA I BAVIERA &#8211; ULTIMES PLACES"}]},{"@type":"WebSite","@id":"https:\/\/aigeviatges.com\/#website","url":"https:\/\/aigeviatges.com\/","name":"AIGE Viatges","description":"Agencia de viajes especializada en producto propio para grupos.","publisher":{"@id":"https:\/\/aigeviatges.com\/#organization"},"potentialAction":[{"@type":"SearchAction","target":{"@type":"EntryPoint","urlTemplate":"https:\/\/aigeviatges.com\/?s={search_term_string}"},"query-input":"required name=search_term_string"}],"inLanguage":"es"},{"@type":"Organization","@id":"https:\/\/aigeviatges.com\/#organization","name":"AIGE Viatges","url":"https:\/\/aigeviatges.com\/","logo":{"@type":"ImageObject","inLanguage":"es","@id":"https:\/\/aigeviatges.com\/#\/schema\/logo\/image\/","url":"https:\/\/aigeviatges.com\/wp-content\/uploads\/2020\/03\/aig-viatges-logo-web.png","contentUrl":"https:\/\/aigeviatges.com\/wp-content\/uploads\/2020\/03\/aig-viatges-logo-web.png","width":600,"height":166,"caption":"AIGE Viatges"},"image":{"@id":"https:\/\/aigeviatges.com\/#\/schema\/logo\/image\/"},"sameAs":["https:\/\/www.facebook.com\/viatgesaige\/"]}]}},"jetpack_sharing_enabled":true,"jetpack_likes_enabled":false,"_links":{"self":[{"href":"https:\/\/aigeviatges.com\/es\/wp-json\/wp\/v2\/product\/3133","targetHints":{"allow":["GET"]}}],"collection":[{"href":"https:\/\/aigeviatges.com\/es\/wp-json\/wp\/v2\/product"}],"about":[{"href":"https:\/\/aigeviatges.com\/es\/wp-json\/wp\/v2\/types\/product"}],"wp:featuredmedia":[{"embeddable":true,"href":"https:\/\/aigeviatges.com\/es\/wp-json\/wp\/v2\/media\/3135"}],"wp:attachment":[{"href":"https:\/\/aigeviatges.com\/es\/wp-json\/wp\/v2\/media?parent=3133"}],"wp:term":[{"taxonomy":"product_cat","embeddable":true,"href":"https:\/\/aigeviatges.com\/es\/wp-json\/wp\/v2\/product_cat?post=3133"},{"taxonomy":"product_tag","embeddable":true,"href":"https:\/\/aigeviatges.com\/es\/wp-json\/wp\/v2\/product_tag?post=3133"}],"curies":[{"name":"wp","href":"https:\/\/api.w.org\/{rel}","templated":true}]}}