{"id":3119,"date":"2024-11-13T15:06:33","date_gmt":"2024-11-13T14:06:33","guid":{"rendered":"https:\/\/aigeviatges.com\/?post_type=product&#038;p=3119"},"modified":"2025-09-03T09:46:10","modified_gmt":"2025-09-03T07:46:10","slug":"japo","status":"publish","type":"product","link":"https:\/\/aigeviatges.com\/es\/producto\/japo\/","title":{"rendered":"JAP\u00d3N - completo"},"content":{"rendered":"<p><strong>D\u00eda 1: BARCELONA - OSAKA<br \/>\n<\/strong>Salida en avi\u00f3n hacia Osaka. Conexi\u00f3n v\u00eda M\u00fanich.<\/p>\n<p><strong>D\u00eda 2: OSAKA<\/strong><br \/>\nLlegada a las 07:15 h. en Osaka, haremos los tr\u00e1mites de inmigraci\u00f3n\/aduana y traslado al hotel (check-in pronto seg\u00fan disponibilidad). Tiempo libre para descansar. Almuerzo en el restaurante. Por la tarde, visita de la ciudad y su famoso castillo medieval del clan Toyotomi, testigo de las sangrientas luchas de poder que condujeron al comienzo de la era Edo en 1603. Seguidamente visitaremos el Observatorio \u201cJard\u00edn Flotante\u201d en el Edificio Umeda Sky. Cena y alojamiento en Osaka.<\/p>\n<p><strong>D\u00eda 3: OSAKA \u2013 NARA \u2013 KYOTO<\/strong><br \/>\nSalida hacia Nara. Veremos el Templo Todaiji, s\u00edmbolo de Nara y uno de los templos m\u00e1s importantes de Jap\u00f3n. Fue construido en el a\u00f1o 752 como templo principal de todos los templos budistas de Jap\u00f3n y logr\u00f3 hacerse tan poderoso que Nara dej\u00f3 de ser la capital del pa\u00eds en el a\u00f1o 784 para que el templo no tuviera tanta influencia en los asuntos del gobierno. La capital de Jap\u00f3n pas\u00f3 a ser Nagaoka (Niigata). El Templo Todaiji forma parte del Patrimonio de la Humanidad de la UNESCO. Seguidamente visitaremos el parque de los ciervos sagrados y el gran monasterio de Kasuga. Almuerzo. Continuaci\u00f3n hacia Kioto. Cena y alojamiento en Kioto.<\/p>\n<p><strong>D\u00eda 4: KYOTO \u2013 UJI \u2013 KYOTO<\/strong><br \/>\nSalida hacia Uji. Visitaremos el Bosque de Bamb\u00fa de Arashiyama, un espectacular paisaje con miles de bamb\u00faes. La visita consiste en pasear por el camino que le atraviesa. Este camino es conocido como el \u00abCallej\u00f3n del Bamb\u00fa\u00bb por los miles de tallos que se levantan a ambos lados del sendero. Seguidamente visitaremos el bonito templo Byodo-in, cuya imagen aparece en el reverso de las monedas de 10 yenes. Declarado Patrimonio de la Humanidad por la UNESCO en 1994 y ejemplo perfecto de la arquitectura t\u00edpica de la escuela budista de la Terra Pura. Continuaci\u00f3n con la visita del museo de la obra maestra de la literatura antigua &quot;El Cuento de Genji&quot;. El que narra parte de la historia de la era Heian y de las vidas de su refinada nobleza a principios del siglo XI. En la exposici\u00f3n, se pueden ver equipos de esa \u00e9poca, junto con la recreaci\u00f3n de ropa y carros de bueyes, etc. Despu\u00e9s del almuerzo, visitaremos el Templo Kinkakuji, con su pabell\u00f3n dorado que es un precioso templo zen. Su particularidad reside en las paredes exteriores laqueadas y recubiertas con pan de oro. El templo es tan absolutamente espectacular que fue declarado Patrimonio de la Humanidad por la UNESCO. Cena y alojamiento en Kioto.<\/p>\n<p><strong>D\u00eda 5: KYOTO - HAKONE (TREN BALA)<\/strong><br \/>\nPor la ma\u00f1ana continuaremos visitando el santuario Fushimi Inari Taisha, consagrado a Inari, la deidad de las buenas cosechas y el \u00e9xito en los negocios. El arco de puertas torii de un vibrante color naranja que parece casi interminable, va bordeando el camino hacia el monte Inari, convirtiendo este lugar en un enclave de impresionante belleza y una de las im\u00e1genes m\u00e1s famosas de Jap\u00f3n. Seguidamente visitaremos el barrio Gion, uno de los barrios de geishas m\u00e1s conocidos de todo el Jap\u00f3n. Pasear por Gion es como retroceder en el tiempo. Sus calles estrechas y empedradas est\u00e1n llenas de edificios tradicionales de madera, decorados con farolillos chochin y con todo tipo de amuletos, como las estatuas Shoki en los techos o los chimaki de las carrozas del festival Gion Matsuri en sus puertas. Almuerzo y salida en Tren Bala hacia Hakone. Cena y alojamiento en Hakone.<\/p>\n<p><strong>D\u00eda 6: HAKONE \u2013 TOKIO<\/strong><br \/>\nDurante la ma\u00f1ana realizaremos un trayecto en telef\u00e9rico por el valle de Owakudani y disfrutaremos de las vistas de las fuentes termales activas y sulfurosas del valle, del lago Ashinoko y del Monte Fuji (si las condiciones de visibilidad lo permiten). A continuaci\u00f3n, haremos un crucero por el lago Ashi pudiendo observar la puerta torii del santuario Hakone y la naturaleza que rodea el lago con la silueta del Monte Fuji al fondo. Almuerzo y salida en autocar hacia Tokio. Cena y alojamiento en Tokio.<\/p>\n<p><strong>D\u00eda 7: TOKIO \u2013 NIKKO \u2013 TOKIO<\/strong><br \/>\nSalida hacia Nikko, uno de los momentos \u00e1lgidos del viaje a Jap\u00f3n, visitaremos la conocida como ciudad de la luz del sol. El conjunto de templos y santuarios de Nikko fue declarado Patrimonio de la Humanidad por la UNESCO. Destaca especialmente el mausoleo de Toshogu, templo en el que se encuentra la tumba del primer shogun del clan Tokugawa y la pagoda de cinco plantas. Tambi\u00e9n veremos el santuario Futurasan, dedicado a los dioses de la monta\u00f1a sagrada Nantai y coraz\u00f3n espiritual de Nikko, y el templo Rinnoji, de exquisitos relieves dorados. Cena y alojamiento en Tokio.<\/p>\n<p><strong>D\u00eda 8: TOKIO<\/strong><br \/>\nVisita panor\u00e1mica de la ciudad. Veremos el Santuario Sinto\u00edsta de Meiji, uno de los templos m\u00e1s populares de Jap\u00f3n; seguiremos con el Templo Asakusa Kannon, dedicado a Kannon, la deidad de la misericordia. Seg\u00fan la leyenda, se construy\u00f3 aqu\u00ed cuando, en el siglo VII, dos hermanos encontraron una estatua de Kannon en el r\u00edo Sumida y se decidi\u00f3 consagrarla en un peque\u00f1o templo para que todos los habitantes pudieran adorarla. Visitaremos los t\u00edpicos barrios de Shibuya y Ginza. Seguidamente ascenderemos a la Torre de Tokio, inspirada en la Torre Eiffel de Par\u00eds, desde donde obtendremos unas maravillosas vistas de la ciudad. Cena y alojamiento en Tokio.<\/p>\n<p><strong>D\u00eda 9: TOKIO \u2013 BARCELONA<br \/>\n<\/strong>Traslado al aeropuerto. Salida en avi\u00f3n hacia Barcelona, v\u00eda M\u00fanich. Llegada a Barcelona y fin de nuestros servicios.<\/p>\n<p><em><strong>Nota:<\/strong> La organizaci\u00f3n se reserva el derecho de modificar el orden de las visitas, realizar cambios o sustituir por otros servicios similares sin previo aviso, y siempre por causas de fuerza mayor.<\/em><\/p>","protected":false},"excerpt":{"rendered":"<p><strong>INCLUYE:<\/strong><\/p>\n<ul>\n<li>Avi\u00f3n BCN - OSAKA \/ TOKYO - BCN<br \/>\n(Comidas en vuelos, tasas y maleta de 20 kg)<\/li>\n<li>Autocar y gu\u00eda coordinador de AIGE acompa\u00f1ando al grupo desde Barcelona<\/li>\n<li>Gu\u00eda local para todas las visitas<\/li>\n<li>Tren bala Kyoto \u2013 Hakone<\/li>\n<li>Hoteles 4**** (1 Osaka + 2 Kyoto + 1 Hakone + 3 Tokyo)<\/li>\n<li>Pensi\u00f3n completa sin bebidas<br \/>\n(del almuerzo del d\u00eda 2 a la cena del d\u00eda 8)<\/li>\n<li>Tipo de comida: japonesa \u2013 en restaurantes locales<\/li>\n<li>Entradas y visitas seg\u00fan programa<\/li>\n<li>Seguro de asistencia en viaje<\/li>\n<\/ul>","protected":false},"featured_media":3120,"template":"","meta":[],"product_cat":[18],"product_tag":[],"class_list":["post-3119","product","type-product","status-publish","has-post-thumbnail","hentry","product_cat-circuitos-todo-incluido"],"yoast_head":"<!-- This site is optimized with the Yoast SEO plugin v21.7 - https:\/\/yoast.com\/wordpress\/plugins\/seo\/ -->\n<title>JAP\u00d3 - complet - AIGE Viatges agencia de viajes<\/title>\n<meta name=\"description\" content=\"Agencia de viajes online | Descubre nuestros viajes inolvidables en JAP\u00d3 - complet agencia de viajes\" \/>\n<meta name=\"robots\" content=\"index, follow, max-snippet:-1, max-image-preview:large, max-video-preview:-1\" \/>\n<link rel=\"canonical\" href=\"https:\/\/aigeviatges.com\/es\/producto\/japo\/\" \/>\n<meta property=\"og:locale\" content=\"es_ES\" \/>\n<meta property=\"og:type\" content=\"article\" \/>\n<meta property=\"og:title\" content=\"JAP\u00d3 - complet - AIGE Viatges agencia de viajes\" \/>\n<meta property=\"og:description\" content=\"Agencia de viajes online | Descubre nuestros viajes inolvidables en JAP\u00d3 - complet agencia de viajes\" \/>\n<meta property=\"og:url\" content=\"https:\/\/aigeviatges.com\/es\/producto\/japo\/\" \/>\n<meta property=\"og:site_name\" content=\"AIGE Viatges\" \/>\n<meta property=\"article:publisher\" content=\"https:\/\/www.facebook.com\/viatgesaige\/\" \/>\n<meta property=\"article:modified_time\" content=\"2025-09-03T07:46:10+00:00\" \/>\n<meta property=\"og:image\" content=\"https:\/\/aigeviatges.com\/wp-content\/uploads\/2024\/11\/JAPO-1024x819.png\" \/>\n\t<meta property=\"og:image:width\" content=\"1024\" \/>\n\t<meta property=\"og:image:height\" content=\"819\" \/>\n\t<meta property=\"og:image:type\" content=\"image\/png\" \/>\n<meta name=\"twitter:card\" content=\"summary_large_image\" \/>\n<meta name=\"twitter:label1\" content=\"Tiempo de lectura\" \/>\n\t<meta name=\"twitter:data1\" content=\"5 minutos\" \/>\n<script type=\"application\/ld+json\" class=\"yoast-schema-graph\">{\"@context\":\"https:\/\/schema.org\",\"@graph\":[{\"@type\":\"WebPage\",\"@id\":\"https:\/\/aigeviatges.com\/producto\/japo\/\",\"url\":\"https:\/\/aigeviatges.com\/producto\/japo\/\",\"name\":\"JAP\u00d3 - complet - AIGE Viatges agencia de viajes\",\"isPartOf\":{\"@id\":\"https:\/\/aigeviatges.com\/#website\"},\"datePublished\":\"2024-11-13T14:06:33+00:00\",\"dateModified\":\"2025-09-03T07:46:10+00:00\",\"description\":\"Agencia de viajes online | Descubre nuestros viajes inolvidables en JAP\u00d3 - complet agencia de viajes\",\"breadcrumb\":{\"@id\":\"https:\/\/aigeviatges.com\/producto\/japo\/#breadcrumb\"},\"inLanguage\":\"es\",\"potentialAction\":[{\"@type\":\"ReadAction\",\"target\":[\"https:\/\/aigeviatges.com\/producto\/japo\/\"]}]},{\"@type\":\"BreadcrumbList\",\"@id\":\"https:\/\/aigeviatges.com\/producto\/japo\/#breadcrumb\",\"itemListElement\":[{\"@type\":\"ListItem\",\"position\":1,\"name\":\"Portada\",\"item\":\"https:\/\/aigeviatges.com\/\"},{\"@type\":\"ListItem\",\"position\":2,\"name\":\"Tienda\",\"item\":\"https:\/\/aigeviatges.com\/tienda-2\/\"},{\"@type\":\"ListItem\",\"position\":3,\"name\":\"JAP\u00d3 &#8211; complet\"}]},{\"@type\":\"WebSite\",\"@id\":\"https:\/\/aigeviatges.com\/#website\",\"url\":\"https:\/\/aigeviatges.com\/\",\"name\":\"AIGE Viatges\",\"description\":\"Agencia de viajes especializada en producto propio para grupos.\",\"publisher\":{\"@id\":\"https:\/\/aigeviatges.com\/#organization\"},\"potentialAction\":[{\"@type\":\"SearchAction\",\"target\":{\"@type\":\"EntryPoint\",\"urlTemplate\":\"https:\/\/aigeviatges.com\/?s={search_term_string}\"},\"query-input\":\"required name=search_term_string\"}],\"inLanguage\":\"es\"},{\"@type\":\"Organization\",\"@id\":\"https:\/\/aigeviatges.com\/#organization\",\"name\":\"AIGE Viatges\",\"url\":\"https:\/\/aigeviatges.com\/\",\"logo\":{\"@type\":\"ImageObject\",\"inLanguage\":\"es\",\"@id\":\"https:\/\/aigeviatges.com\/#\/schema\/logo\/image\/\",\"url\":\"https:\/\/aigeviatges.com\/wp-content\/uploads\/2020\/03\/aig-viatges-logo-web.png\",\"contentUrl\":\"https:\/\/aigeviatges.com\/wp-content\/uploads\/2020\/03\/aig-viatges-logo-web.png\",\"width\":600,\"height\":166,\"caption\":\"AIGE Viatges\"},\"image\":{\"@id\":\"https:\/\/aigeviatges.com\/#\/schema\/logo\/image\/\"},\"sameAs\":[\"https:\/\/www.facebook.com\/viatgesaige\/\"]}]}<\/script>\n<!-- \/ Yoast SEO plugin. -->","yoast_head_json":{"title":"JAP\u00d3 - complet - AIGE Viatges agencia de viajes","description":"Agencia de viajes online | Descubre nuestros viajes inolvidables en JAP\u00d3 - complet agencia de viajes","robots":{"index":"index","follow":"follow","max-snippet":"max-snippet:-1","max-image-preview":"max-image-preview:large","max-video-preview":"max-video-preview:-1"},"canonical":"https:\/\/aigeviatges.com\/es\/producto\/japo\/","og_locale":"es_ES","og_type":"article","og_title":"JAP\u00d3 - complet - AIGE Viatges agencia de viajes","og_description":"Agencia de viajes online | Descubre nuestros viajes inolvidables en JAP\u00d3 - complet agencia de viajes","og_url":"https:\/\/aigeviatges.com\/es\/producto\/japo\/","og_site_name":"AIGE Viatges","article_publisher":"https:\/\/www.facebook.com\/viatgesaige\/","article_modified_time":"2025-09-03T07:46:10+00:00","og_image":[{"width":1024,"height":819,"url":"https:\/\/aigeviatges.com\/wp-content\/uploads\/2024\/11\/JAPO-1024x819.png","type":"image\/png"}],"twitter_card":"summary_large_image","twitter_misc":{"Tiempo de lectura":"5 minutos"},"schema":{"@context":"https:\/\/schema.org","@graph":[{"@type":"WebPage","@id":"https:\/\/aigeviatges.com\/producto\/japo\/","url":"https:\/\/aigeviatges.com\/producto\/japo\/","name":"JAP\u00d3 - complet - AIGE Viatges agencia de viajes","isPartOf":{"@id":"https:\/\/aigeviatges.com\/#website"},"datePublished":"2024-11-13T14:06:33+00:00","dateModified":"2025-09-03T07:46:10+00:00","description":"Agencia de viajes online | Descubre nuestros viajes inolvidables en JAP\u00d3 - complet agencia de viajes","breadcrumb":{"@id":"https:\/\/aigeviatges.com\/producto\/japo\/#breadcrumb"},"inLanguage":"es","potentialAction":[{"@type":"ReadAction","target":["https:\/\/aigeviatges.com\/producto\/japo\/"]}]},{"@type":"BreadcrumbList","@id":"https:\/\/aigeviatges.com\/producto\/japo\/#breadcrumb","itemListElement":[{"@type":"ListItem","position":1,"name":"Portada","item":"https:\/\/aigeviatges.com\/"},{"@type":"ListItem","position":2,"name":"Tienda","item":"https:\/\/aigeviatges.com\/tienda-2\/"},{"@type":"ListItem","position":3,"name":"JAP\u00d3 &#8211; complet"}]},{"@type":"WebSite","@id":"https:\/\/aigeviatges.com\/#website","url":"https:\/\/aigeviatges.com\/","name":"AIGE Viatges","description":"Agencia de viajes especializada en producto propio para grupos.","publisher":{"@id":"https:\/\/aigeviatges.com\/#organization"},"potentialAction":[{"@type":"SearchAction","target":{"@type":"EntryPoint","urlTemplate":"https:\/\/aigeviatges.com\/?s={search_term_string}"},"query-input":"required name=search_term_string"}],"inLanguage":"es"},{"@type":"Organization","@id":"https:\/\/aigeviatges.com\/#organization","name":"AIGE Viatges","url":"https:\/\/aigeviatges.com\/","logo":{"@type":"ImageObject","inLanguage":"es","@id":"https:\/\/aigeviatges.com\/#\/schema\/logo\/image\/","url":"https:\/\/aigeviatges.com\/wp-content\/uploads\/2020\/03\/aig-viatges-logo-web.png","contentUrl":"https:\/\/aigeviatges.com\/wp-content\/uploads\/2020\/03\/aig-viatges-logo-web.png","width":600,"height":166,"caption":"AIGE Viatges"},"image":{"@id":"https:\/\/aigeviatges.com\/#\/schema\/logo\/image\/"},"sameAs":["https:\/\/www.facebook.com\/viatgesaige\/"]}]}},"jetpack_sharing_enabled":true,"jetpack_likes_enabled":false,"_links":{"self":[{"href":"https:\/\/aigeviatges.com\/es\/wp-json\/wp\/v2\/product\/3119","targetHints":{"allow":["GET"]}}],"collection":[{"href":"https:\/\/aigeviatges.com\/es\/wp-json\/wp\/v2\/product"}],"about":[{"href":"https:\/\/aigeviatges.com\/es\/wp-json\/wp\/v2\/types\/product"}],"wp:featuredmedia":[{"embeddable":true,"href":"https:\/\/aigeviatges.com\/es\/wp-json\/wp\/v2\/media\/3120"}],"wp:attachment":[{"href":"https:\/\/aigeviatges.com\/es\/wp-json\/wp\/v2\/media?parent=3119"}],"wp:term":[{"taxonomy":"product_cat","embeddable":true,"href":"https:\/\/aigeviatges.com\/es\/wp-json\/wp\/v2\/product_cat?post=3119"},{"taxonomy":"product_tag","embeddable":true,"href":"https:\/\/aigeviatges.com\/es\/wp-json\/wp\/v2\/product_tag?post=3119"}],"curies":[{"name":"wp","href":"https:\/\/api.w.org\/{rel}","templated":true}]}}