{"id":3059,"date":"2024-06-19T14:55:40","date_gmt":"2024-06-19T12:55:40","guid":{"rendered":"https:\/\/aigeviatges.com\/?post_type=product&#038;p=3059"},"modified":"2024-11-14T09:52:12","modified_gmt":"2024-11-14T08:52:12","slug":"berlin-postdam-i-dresden-1","status":"publish","type":"product","link":"https:\/\/aigeviatges.com\/es\/producto\/berlin-postdam-y-dresden-1\/","title":{"rendered":"BERLIN, POSTDAM Y DRESDEN"},"content":{"rendered":"<p><strong>D\u00eda 1: BCN - BERLIN\u00a0<\/strong><br \/>\nTraslado al aeropuerto y salida en avi\u00f3n a Berl\u00edn. Almuerzo en rte y visita de la parte Este: la puerta de Brandenburgo, la Plaza de la Academia, el barrio de San Nicolas, el Check Point Charly\u2026. Acomodaci\u00f3n en el hotel. Cena y alojamiento<\/p>\n<p><strong>D\u00eda 2: MUSEO PERGAMO<br \/>\n<\/strong>Visitaremos el museo Pergamo. La originalidad del museo reside principalmente en que el edificio no fue construido para albergar obras de arte, sino que primero se llevaron las obras de arte, y despu\u00e9s a su alrededor, se construy\u00f3 el edificio. Por la tarde visitaremos Berl\u00edn Occidental, convertida de nuevo en la capital de Alemania, con el estadio ol\u00edmpico, la kurf\u00fcrstendam, la iglesia votiva, la potsdamerplartz\u2026. Cena y alojamiento en el hotel<\/p>\n<p><strong>D\u00eda 3: DRESDEN<\/strong><br \/>\nSalida a Dresde. Visita de la ciudad Patrimonio de la Humanidad. Destruida en la gran guerra fue totalmente reconstruida por los rusos. Considerada como una de las m\u00e1s bellas de Europa. Destaca el espectacular conjunto barroco del Zwinger, los pabellones del Carill\u00f3n y de la Muralla, vistas exteriores de la Opera, la Catedral y el Castillo. A media tarde regreso a Berl\u00edn. Cena y alojamiento en el hotel.<\/p>\n<p><strong>D\u00eda 4: POTSDAM (CECILIENHOF \u2013 PALACIO MARMOL \u2013 JARDINES SANSSOUCIS)<br \/>\n<\/strong>Salida a Potsdam, considerado el Versalles Prussi\u00e0, donde se firm\u00f3 el tratado en el que los aliados se repart\u00edan el gobierno de las zonas ocupadas en alemana, visita del palacio de Cecilienhof, construido por el k\u00e1iser Guillermo II para su hijo Guillermo y su esposa Cecilia. continuaremos con la visita del Marmorpalais, maravillosa residencia real construida a orillas del lago Heiliger, declarado Patrimonio de la Humanidad por la Unesco. el palacio fue dise\u00f1ado a principios de la arquitectura neocl\u00e1sica por los arquitectos Carl von Gontard y, desde 1789, Carl Gotthard Langhans, dise\u00f1ador de la puerta de Brandeburgo. Por la tarde seguiremos disfrutando con un paseo por los jardines del palacio de Sanssoucis. Cena y alojamiento en el hotel.<\/p>\n<p><strong>D\u00eda 5: BERLIN \u2013 MINICREUER R\u00cdO SPREE \u2013 (REICHTAG) \u2013 BCN<br \/>\n<\/strong>Despu\u00e9s del desayuno nos embarcaremos para realizar un relajante paseo en barca por el r\u00edo Spree, desde el que admiraremos la nueva estaci\u00f3n central y los edificios del parlamento. Almuerzo en rto. Si las condiciones lo permiten, visitaremos el antiguo Reichtag, el nuevo parlamento (esta visita no est\u00e1 garantizada y est\u00e1 sujeta a confirmaci\u00f3n unos d\u00edas antes). A continuaci\u00f3n traslado al aeropuerto y salida en avi\u00f3n a Barcelona. Llegada y traslado al punto de origen<\/p>","protected":false},"excerpt":{"rendered":"<p><strong>INCLUYE<\/strong><b>:<\/b><\/p>\n<ul>\n<li>Avi\u00f3n con tasas y maleta 20 kg<\/li>\n<li>Autocar local y gu\u00eda acompa\u00f1ante<\/li>\n<li>4 noches de Hotel 3***<\/li>\n<li>Pensi\u00f3n completa con agua<\/li>\n<li>Entrada Museo Pergamo<\/li>\n<li>Crucero por el r\u00edo Spree<\/li>\n<li>Visita con audiogu\u00eda a los palacios Cecilienhof y M\u00e1rmol<\/li>\n<li>Seguro de asistencia en viaje.<\/li>\n<\/ul>\n<p><strong>NO INCLUYE:<\/strong><\/p>\n<ul>\n<li>Traslados al aeropuerto de BCN<\/li>\n<li>Seguro opcional de anulaci\u00f3n con coberturas COVID<span class=\"Apple-converted-space\">\u00a0 <\/span>(45 \u20ac)<\/li>\n<\/ul>","protected":false},"featured_media":3039,"template":"","meta":[],"product_cat":[18],"product_tag":[],"class_list":["post-3059","product","type-product","status-publish","has-post-thumbnail","hentry","product_cat-circuitos-todo-incluido"],"yoast_head":"<!-- This site is optimized with the Yoast SEO plugin v21.7 - https:\/\/yoast.com\/wordpress\/plugins\/seo\/ -->\n<title>BERLIN, POSTDAM I DRESDEN - AIGE Viatges<\/title>\n<meta name=\"description\" content=\"Agencia de viajes online | Descubre nuestros viajes inolvidables a BERLIN, POSTDAM I DRESDEN\" \/>\n<meta name=\"robots\" content=\"index, follow, max-snippet:-1, max-image-preview:large, max-video-preview:-1\" \/>\n<link rel=\"canonical\" href=\"https:\/\/aigeviatges.com\/es\/producto\/berlin-postdam-y-dresden-1\/\" \/>\n<meta property=\"og:locale\" content=\"es_ES\" \/>\n<meta property=\"og:type\" content=\"article\" \/>\n<meta property=\"og:title\" content=\"BERLIN, POSTDAM I DRESDEN - AIGE Viatges\" \/>\n<meta property=\"og:description\" content=\"Agencia de viajes online | Descubre nuestros viajes inolvidables a BERLIN, POSTDAM I DRESDEN\" \/>\n<meta property=\"og:url\" content=\"https:\/\/aigeviatges.com\/es\/producto\/berlin-postdam-y-dresden-1\/\" \/>\n<meta property=\"og:site_name\" content=\"AIGE Viatges\" \/>\n<meta property=\"article:publisher\" content=\"https:\/\/www.facebook.com\/viatgesaige\/\" \/>\n<meta property=\"article:modified_time\" content=\"2024-11-14T08:52:12+00:00\" \/>\n<meta property=\"og:image\" content=\"https:\/\/aigeviatges.com\/wp-content\/uploads\/2024\/06\/Imagen1.jpg\" \/>\n\t<meta property=\"og:image:width\" content=\"584\" \/>\n\t<meta property=\"og:image:height\" content=\"389\" \/>\n\t<meta property=\"og:image:type\" content=\"image\/jpeg\" \/>\n<meta name=\"twitter:card\" content=\"summary_large_image\" \/>\n<meta name=\"twitter:label1\" content=\"Tiempo de lectura\" \/>\n\t<meta name=\"twitter:data1\" content=\"2 minutos\" \/>\n<script type=\"application\/ld+json\" class=\"yoast-schema-graph\">{\"@context\":\"https:\/\/schema.org\",\"@graph\":[{\"@type\":\"WebPage\",\"@id\":\"https:\/\/aigeviatges.com\/producto\/berlin-postdam-i-dresden-1\/\",\"url\":\"https:\/\/aigeviatges.com\/producto\/berlin-postdam-i-dresden-1\/\",\"name\":\"BERLIN, POSTDAM I DRESDEN - AIGE Viatges\",\"isPartOf\":{\"@id\":\"https:\/\/aigeviatges.com\/#website\"},\"datePublished\":\"2024-06-19T12:55:40+00:00\",\"dateModified\":\"2024-11-14T08:52:12+00:00\",\"description\":\"Agencia de viajes online | Descubre nuestros viajes inolvidables a BERLIN, POSTDAM I DRESDEN\",\"breadcrumb\":{\"@id\":\"https:\/\/aigeviatges.com\/producto\/berlin-postdam-i-dresden-1\/#breadcrumb\"},\"inLanguage\":\"es\",\"potentialAction\":[{\"@type\":\"ReadAction\",\"target\":[\"https:\/\/aigeviatges.com\/producto\/berlin-postdam-i-dresden-1\/\"]}]},{\"@type\":\"BreadcrumbList\",\"@id\":\"https:\/\/aigeviatges.com\/producto\/berlin-postdam-i-dresden-1\/#breadcrumb\",\"itemListElement\":[{\"@type\":\"ListItem\",\"position\":1,\"name\":\"Portada\",\"item\":\"https:\/\/aigeviatges.com\/\"},{\"@type\":\"ListItem\",\"position\":2,\"name\":\"Tienda\",\"item\":\"https:\/\/aigeviatges.com\/tienda-2\/\"},{\"@type\":\"ListItem\",\"position\":3,\"name\":\"BERLIN, POSTDAM I DRESDEN\"}]},{\"@type\":\"WebSite\",\"@id\":\"https:\/\/aigeviatges.com\/#website\",\"url\":\"https:\/\/aigeviatges.com\/\",\"name\":\"AIGE Viatges\",\"description\":\"Agencia de viajes especializada en producto propio para grupos.\",\"publisher\":{\"@id\":\"https:\/\/aigeviatges.com\/#organization\"},\"potentialAction\":[{\"@type\":\"SearchAction\",\"target\":{\"@type\":\"EntryPoint\",\"urlTemplate\":\"https:\/\/aigeviatges.com\/?s={search_term_string}\"},\"query-input\":\"required name=search_term_string\"}],\"inLanguage\":\"es\"},{\"@type\":\"Organization\",\"@id\":\"https:\/\/aigeviatges.com\/#organization\",\"name\":\"AIGE Viatges\",\"url\":\"https:\/\/aigeviatges.com\/\",\"logo\":{\"@type\":\"ImageObject\",\"inLanguage\":\"es\",\"@id\":\"https:\/\/aigeviatges.com\/#\/schema\/logo\/image\/\",\"url\":\"https:\/\/aigeviatges.com\/wp-content\/uploads\/2020\/03\/aig-viatges-logo-web.png\",\"contentUrl\":\"https:\/\/aigeviatges.com\/wp-content\/uploads\/2020\/03\/aig-viatges-logo-web.png\",\"width\":600,\"height\":166,\"caption\":\"AIGE Viatges\"},\"image\":{\"@id\":\"https:\/\/aigeviatges.com\/#\/schema\/logo\/image\/\"},\"sameAs\":[\"https:\/\/www.facebook.com\/viatgesaige\/\"]}]}<\/script>\n<!-- \/ Yoast SEO plugin. -->","yoast_head_json":{"title":"BERLIN, POSTDAM I DRESDEN - AIGE Viatges","description":"Agencia de viajes online | Descubre nuestros viajes inolvidables a BERLIN, POSTDAM I DRESDEN","robots":{"index":"index","follow":"follow","max-snippet":"max-snippet:-1","max-image-preview":"max-image-preview:large","max-video-preview":"max-video-preview:-1"},"canonical":"https:\/\/aigeviatges.com\/es\/producto\/berlin-postdam-y-dresden-1\/","og_locale":"es_ES","og_type":"article","og_title":"BERLIN, POSTDAM I DRESDEN - AIGE Viatges","og_description":"Agencia de viajes online | Descubre nuestros viajes inolvidables a BERLIN, POSTDAM I DRESDEN","og_url":"https:\/\/aigeviatges.com\/es\/producto\/berlin-postdam-y-dresden-1\/","og_site_name":"AIGE Viatges","article_publisher":"https:\/\/www.facebook.com\/viatgesaige\/","article_modified_time":"2024-11-14T08:52:12+00:00","og_image":[{"width":584,"height":389,"url":"https:\/\/aigeviatges.com\/wp-content\/uploads\/2024\/06\/Imagen1.jpg","type":"image\/jpeg"}],"twitter_card":"summary_large_image","twitter_misc":{"Tiempo de lectura":"2 minutos"},"schema":{"@context":"https:\/\/schema.org","@graph":[{"@type":"WebPage","@id":"https:\/\/aigeviatges.com\/producto\/berlin-postdam-i-dresden-1\/","url":"https:\/\/aigeviatges.com\/producto\/berlin-postdam-i-dresden-1\/","name":"BERLIN, POSTDAM I DRESDEN - AIGE Viatges","isPartOf":{"@id":"https:\/\/aigeviatges.com\/#website"},"datePublished":"2024-06-19T12:55:40+00:00","dateModified":"2024-11-14T08:52:12+00:00","description":"Agencia de viajes online | Descubre nuestros viajes inolvidables a BERLIN, POSTDAM I DRESDEN","breadcrumb":{"@id":"https:\/\/aigeviatges.com\/producto\/berlin-postdam-i-dresden-1\/#breadcrumb"},"inLanguage":"es","potentialAction":[{"@type":"ReadAction","target":["https:\/\/aigeviatges.com\/producto\/berlin-postdam-i-dresden-1\/"]}]},{"@type":"BreadcrumbList","@id":"https:\/\/aigeviatges.com\/producto\/berlin-postdam-i-dresden-1\/#breadcrumb","itemListElement":[{"@type":"ListItem","position":1,"name":"Portada","item":"https:\/\/aigeviatges.com\/"},{"@type":"ListItem","position":2,"name":"Tienda","item":"https:\/\/aigeviatges.com\/tienda-2\/"},{"@type":"ListItem","position":3,"name":"BERLIN, POSTDAM I DRESDEN"}]},{"@type":"WebSite","@id":"https:\/\/aigeviatges.com\/#website","url":"https:\/\/aigeviatges.com\/","name":"AIGE Viatges","description":"Agencia de viajes especializada en producto propio para grupos.","publisher":{"@id":"https:\/\/aigeviatges.com\/#organization"},"potentialAction":[{"@type":"SearchAction","target":{"@type":"EntryPoint","urlTemplate":"https:\/\/aigeviatges.com\/?s={search_term_string}"},"query-input":"required name=search_term_string"}],"inLanguage":"es"},{"@type":"Organization","@id":"https:\/\/aigeviatges.com\/#organization","name":"AIGE Viatges","url":"https:\/\/aigeviatges.com\/","logo":{"@type":"ImageObject","inLanguage":"es","@id":"https:\/\/aigeviatges.com\/#\/schema\/logo\/image\/","url":"https:\/\/aigeviatges.com\/wp-content\/uploads\/2020\/03\/aig-viatges-logo-web.png","contentUrl":"https:\/\/aigeviatges.com\/wp-content\/uploads\/2020\/03\/aig-viatges-logo-web.png","width":600,"height":166,"caption":"AIGE Viatges"},"image":{"@id":"https:\/\/aigeviatges.com\/#\/schema\/logo\/image\/"},"sameAs":["https:\/\/www.facebook.com\/viatgesaige\/"]}]}},"jetpack_sharing_enabled":true,"jetpack_likes_enabled":false,"_links":{"self":[{"href":"https:\/\/aigeviatges.com\/es\/wp-json\/wp\/v2\/product\/3059","targetHints":{"allow":["GET"]}}],"collection":[{"href":"https:\/\/aigeviatges.com\/es\/wp-json\/wp\/v2\/product"}],"about":[{"href":"https:\/\/aigeviatges.com\/es\/wp-json\/wp\/v2\/types\/product"}],"wp:featuredmedia":[{"embeddable":true,"href":"https:\/\/aigeviatges.com\/es\/wp-json\/wp\/v2\/media\/3039"}],"wp:attachment":[{"href":"https:\/\/aigeviatges.com\/es\/wp-json\/wp\/v2\/media?parent=3059"}],"wp:term":[{"taxonomy":"product_cat","embeddable":true,"href":"https:\/\/aigeviatges.com\/es\/wp-json\/wp\/v2\/product_cat?post=3059"},{"taxonomy":"product_tag","embeddable":true,"href":"https:\/\/aigeviatges.com\/es\/wp-json\/wp\/v2\/product_tag?post=3059"}],"curies":[{"name":"wp","href":"https:\/\/api.w.org\/{rel}","templated":true}]}}