{"id":305,"date":"2021-02-04T12:22:08","date_gmt":"2021-02-04T12:22:08","guid":{"rendered":"https:\/\/aigeviatges.com\/?post_type=product&#038;p=305"},"modified":"2021-03-18T14:00:35","modified_gmt":"2021-03-18T14:00:35","slug":"selva-negra-6-dies","status":"publish","type":"product","link":"https:\/\/aigeviatges.com\/es\/producto\/selva-negra-6-dias\/","title":{"rendered":"SELVA NEGRA - 6 D\u00cdAS"},"content":{"rendered":"<p><strong>D\u00eda 1: BARCELONA - ZURICH \/ BASEL - COLMAR - SELVA NEGRA \u00a0<\/strong><br \/>\nSalida en avi\u00f3n a Zurich\/Basilea. Traslado a la regi\u00f3n de Alsacia (Francia). Almuerzo en rto. Visita de Colmar, la encantadora capital de los vinos de Alsacia, nos maravillar\u00e1n las callejuelas empedradas, las casas con coloridos entramados de madera, los balcones decorados con geranios, los canales, etc. Si el tiempo lo permite, visitaremos Riquewirh, un aut\u00e9ntico museo al aire libre. Continuaci\u00f3n en el hotel. Cena y alojamiento.<\/p>\n<p><strong>D\u00eda 2: TRIBERG \u2013 CASCADAS DE GUTACH \u2013 SCHILTACH<\/strong><br \/>\nPor la ma\u00f1ana nos dirigiremos a Triberg, haremos una caminata para visitar las cataratas de Gutach (se recomienda llevar zapatos c\u00f3modos) y visitaremos el casco hist\u00f3rico de Triberg, la especialidad de la artesan\u00eda de los relojes de cu-cu es por todas partes. Veremos el mayor reloj de Cu-c\u00fa del mundo. Por la tarde visitaremos Schiltach destaca por su maravilloso casco hist\u00f3rico medieval excelentemente conservado repleto de casas con entramados de madera construidas entre los siglos XVI y XIX. Regreso al hotel. Cena y alojamiento.<\/p>\n<p><strong>D\u00eda 3: CERVESERIA T\u00cdPICA (BRAUEREI ROTHAUS) \u2013 FELDBERG<\/strong><br \/>\nPor la ma\u00f1ana, visitaremos la cervecera Rothaus. Fundada en 1791 en el monasterio de St. Blasien. Hoy en d\u00eda, su cerveza de gran calidad sigue fabric\u00e1ndose con ayuda de las instalaciones y t\u00e9cnicas de procedimientos m\u00e1s modernas y seg\u00fan las recetas y procesos de cocci\u00f3n tradicionales. podremos observar el proceso de embotellado y fabricaci\u00f3n. Por la tarde, visitaremos el pueblo m\u00e1s alto de Alemania, Feldberg, pasearemos por el barrio de Altglash\u00fctten, donde se encuentra el ayuntamiento y subiremos en telecabina hasta uno de los miradores m\u00e1s impresionantes de la Selva Negra a 1200 metros de altura. Regreso al hotel. Cena y alojamiento.<\/p>\n<p><strong>D\u00eda 4: LAGO CONSTANZA - MEERSBURG<\/strong><br \/>\nSalida al lago Constanza donde, a trav\u00e9s de un paisaje id\u00edlico de bosques y \u00e1rboles, daremos una vuelta por la acera de este lago situado entre Suiza, Austria y Alemania. Visita de la ciudad medieval de Constanza. Recorreremos el casco antiguo, donde destacan la catedral de Nuestra Se\u00f1ora, la plaza de Markst\u00e4tte y la M\u00fcnsterplatz etc. Por la tarde, cruzaremos el lago Constanza, en barco, para llegar a Meersburg, visita de la peque\u00f1a y encantadora poblaci\u00f3n de fachadas entramadas con una privilegiada situaci\u00f3n en la ribera. Visita y regreso al hotel. Regreso al hotel. Cena y alojamiento.<\/p>\n<p><strong>D\u00eda 5: LAGO TITISSE - FREIBURG<\/strong><br \/>\nPor la ma\u00f1ana visitaremos el lago Titisee, de cariz glaciar tiene su origen en los glaciares de la cordillera del Feldberg y una profundidad media de 20 metros. Haremos un mini crucero para admirar los paisajes de la Selva Negra en todo su esplendor. Por la tarde visitaremos la poblaci\u00f3n de Freiburg, ciudad monumental, famosa por su casco antiguo medieval reconstruido, atravesado por arroyos pintorescos (b\u00e4chle). La catedral de la ciudad, de estilo g\u00f3tico, se erige en la c\u00e9ntrica plaza de M\u00fcnsterplatz y su mayor atractivo es la imponente aguja de 116 metros. Regreso al hotel. Cena y alojamiento.<\/p>\n<p><strong>D\u00eda 6: SELVA NEGRA \u2013 STEIN AM RHEIN \u2013 CATARATAS DEL RHIN \u2013 ZURICH \u2013 BARCELONA<\/strong><br \/>\nSalida a Stein am Rhein, con las fachadas de las casas bellamente decoradas. Almuerzo en restaurante. Continuaci\u00f3n hasta cerca de la frontera alemana, donde el Rin salva un desnivel de m\u00e1s de 20 metros de altura, en un lugar donde su anchura supera los 200 metros, dando lugar a las espectaculares cataratas del Rin: Rehinfall. Traslado al aeropuerto y salida en avi\u00f3n a Barcelona. Llegada y fin de nuestros servicios.<\/p>","protected":false},"excerpt":{"rendered":"<p><strong>INCLUYE:<\/strong><\/p>\n<ul>\n<li>Traslados origen-apt y vuelta (m\u00ednimo 25 pax)<\/li>\n<li>Avi\u00f3n BCN - Zurich \/ Basilea - BCN<\/li>\n<li>Tasas y maleta<\/li>\n<li>Autocar local todo el circuito<\/li>\n<li>Gu\u00eda acompa\u00f1ante de AIGE<\/li>\n<li>Hotel 3***<\/li>\n<li>Pensi\u00f3n completa con agua (del almuerzo del d\u00eda 1 al almuerzo del d\u00eda 6)<\/li>\n<li>Entradas: Cataratas de Gutach y fabrica de cerveza<\/li>\n<li>Telecabinas en el Feldberg<\/li>\n<li>Crucero por el Lago Titisse<\/li>\n<li>Ferry Constanza-Meersburg<\/li>\n<li>Seguro de asistencia en viaje<\/li>\n<\/ul>\n<p><em><strong>Nota sobre el alojamiento: todas las noches en el mismo hotel\u00a0<\/strong><\/em><\/p>","protected":false},"featured_media":306,"template":"","meta":[],"product_cat":[34,25],"product_tag":[],"class_list":["post-305","product","type-product","status-publish","has-post-thumbnail","hentry","product_cat-alemanya","product_cat-circuits-tot-inclos"],"yoast_head":"<!-- This site is optimized with the Yoast SEO plugin v21.7 - https:\/\/yoast.com\/wordpress\/plugins\/seo\/ -->\n<title>SELVA NEGRA - 6 DIES - AIGE Viatges<\/title>\n<meta name=\"description\" content=\"Agencia de viajes online | Descubre nuestros viajes inolvidables a SELVA NEGRA - 6 DIES\" \/>\n<meta name=\"robots\" content=\"index, follow, max-snippet:-1, max-image-preview:large, max-video-preview:-1\" \/>\n<link rel=\"canonical\" href=\"https:\/\/aigeviatges.com\/es\/producto\/selva-negra-6-dias\/\" \/>\n<meta property=\"og:locale\" content=\"es_ES\" \/>\n<meta property=\"og:type\" content=\"article\" \/>\n<meta property=\"og:title\" content=\"SELVA NEGRA - 6 DIES - AIGE Viatges\" \/>\n<meta property=\"og:description\" content=\"Agencia de viajes online | Descubre nuestros viajes inolvidables a SELVA NEGRA - 6 DIES\" \/>\n<meta property=\"og:url\" content=\"https:\/\/aigeviatges.com\/es\/producto\/selva-negra-6-dias\/\" \/>\n<meta property=\"og:site_name\" content=\"AIGE Viatges\" \/>\n<meta property=\"article:publisher\" content=\"https:\/\/www.facebook.com\/viatgesaige\/\" \/>\n<meta property=\"article:modified_time\" content=\"2021-03-18T14:00:35+00:00\" \/>\n<meta property=\"og:image\" content=\"https:\/\/aigeviatges.com\/wp-content\/uploads\/2021\/02\/triberg.jpg\" \/>\n\t<meta property=\"og:image:width\" content=\"1900\" \/>\n\t<meta property=\"og:image:height\" content=\"1425\" \/>\n\t<meta property=\"og:image:type\" content=\"image\/jpeg\" \/>\n<meta name=\"twitter:card\" content=\"summary_large_image\" \/>\n<meta name=\"twitter:label1\" content=\"Tiempo de lectura\" \/>\n\t<meta name=\"twitter:data1\" content=\"3 minutos\" \/>\n<script type=\"application\/ld+json\" class=\"yoast-schema-graph\">{\"@context\":\"https:\/\/schema.org\",\"@graph\":[{\"@type\":\"WebPage\",\"@id\":\"https:\/\/aigeviatges.com\/producto\/selva-negra-6-dies\/\",\"url\":\"https:\/\/aigeviatges.com\/producto\/selva-negra-6-dies\/\",\"name\":\"SELVA NEGRA - 6 DIES - AIGE Viatges\",\"isPartOf\":{\"@id\":\"https:\/\/aigeviatges.com\/#website\"},\"datePublished\":\"2021-02-04T12:22:08+00:00\",\"dateModified\":\"2021-03-18T14:00:35+00:00\",\"description\":\"Agencia de viajes online | Descubre nuestros viajes inolvidables a SELVA NEGRA - 6 DIES\",\"breadcrumb\":{\"@id\":\"https:\/\/aigeviatges.com\/producto\/selva-negra-6-dies\/#breadcrumb\"},\"inLanguage\":\"es\",\"potentialAction\":[{\"@type\":\"ReadAction\",\"target\":[\"https:\/\/aigeviatges.com\/producto\/selva-negra-6-dies\/\"]}]},{\"@type\":\"BreadcrumbList\",\"@id\":\"https:\/\/aigeviatges.com\/producto\/selva-negra-6-dies\/#breadcrumb\",\"itemListElement\":[{\"@type\":\"ListItem\",\"position\":1,\"name\":\"Portada\",\"item\":\"https:\/\/aigeviatges.com\/\"},{\"@type\":\"ListItem\",\"position\":2,\"name\":\"Tienda\",\"item\":\"https:\/\/aigeviatges.com\/tienda-2\/\"},{\"@type\":\"ListItem\",\"position\":3,\"name\":\"SELVA NEGRA &#8211; 6 DIES\"}]},{\"@type\":\"WebSite\",\"@id\":\"https:\/\/aigeviatges.com\/#website\",\"url\":\"https:\/\/aigeviatges.com\/\",\"name\":\"AIGE Viatges\",\"description\":\"Agencia de viajes especializada en producto propio para grupos.\",\"publisher\":{\"@id\":\"https:\/\/aigeviatges.com\/#organization\"},\"potentialAction\":[{\"@type\":\"SearchAction\",\"target\":{\"@type\":\"EntryPoint\",\"urlTemplate\":\"https:\/\/aigeviatges.com\/?s={search_term_string}\"},\"query-input\":\"required name=search_term_string\"}],\"inLanguage\":\"es\"},{\"@type\":\"Organization\",\"@id\":\"https:\/\/aigeviatges.com\/#organization\",\"name\":\"AIGE Viatges\",\"url\":\"https:\/\/aigeviatges.com\/\",\"logo\":{\"@type\":\"ImageObject\",\"inLanguage\":\"es\",\"@id\":\"https:\/\/aigeviatges.com\/#\/schema\/logo\/image\/\",\"url\":\"https:\/\/aigeviatges.com\/wp-content\/uploads\/2020\/03\/aig-viatges-logo-web.png\",\"contentUrl\":\"https:\/\/aigeviatges.com\/wp-content\/uploads\/2020\/03\/aig-viatges-logo-web.png\",\"width\":600,\"height\":166,\"caption\":\"AIGE Viatges\"},\"image\":{\"@id\":\"https:\/\/aigeviatges.com\/#\/schema\/logo\/image\/\"},\"sameAs\":[\"https:\/\/www.facebook.com\/viatgesaige\/\"]}]}<\/script>\n<!-- \/ Yoast SEO plugin. -->","yoast_head_json":{"title":"SELVA NEGRA - 6 DIES - AIGE Viatges","description":"Agencia de viajes online | Descubre nuestros viajes inolvidables a SELVA NEGRA - 6 DIES","robots":{"index":"index","follow":"follow","max-snippet":"max-snippet:-1","max-image-preview":"max-image-preview:large","max-video-preview":"max-video-preview:-1"},"canonical":"https:\/\/aigeviatges.com\/es\/producto\/selva-negra-6-dias\/","og_locale":"es_ES","og_type":"article","og_title":"SELVA NEGRA - 6 DIES - AIGE Viatges","og_description":"Agencia de viajes online | Descubre nuestros viajes inolvidables a SELVA NEGRA - 6 DIES","og_url":"https:\/\/aigeviatges.com\/es\/producto\/selva-negra-6-dias\/","og_site_name":"AIGE Viatges","article_publisher":"https:\/\/www.facebook.com\/viatgesaige\/","article_modified_time":"2021-03-18T14:00:35+00:00","og_image":[{"width":1900,"height":1425,"url":"https:\/\/aigeviatges.com\/wp-content\/uploads\/2021\/02\/triberg.jpg","type":"image\/jpeg"}],"twitter_card":"summary_large_image","twitter_misc":{"Tiempo de lectura":"3 minutos"},"schema":{"@context":"https:\/\/schema.org","@graph":[{"@type":"WebPage","@id":"https:\/\/aigeviatges.com\/producto\/selva-negra-6-dies\/","url":"https:\/\/aigeviatges.com\/producto\/selva-negra-6-dies\/","name":"SELVA NEGRA - 6 DIES - AIGE Viatges","isPartOf":{"@id":"https:\/\/aigeviatges.com\/#website"},"datePublished":"2021-02-04T12:22:08+00:00","dateModified":"2021-03-18T14:00:35+00:00","description":"Agencia de viajes online | Descubre nuestros viajes inolvidables a SELVA NEGRA - 6 DIES","breadcrumb":{"@id":"https:\/\/aigeviatges.com\/producto\/selva-negra-6-dies\/#breadcrumb"},"inLanguage":"es","potentialAction":[{"@type":"ReadAction","target":["https:\/\/aigeviatges.com\/producto\/selva-negra-6-dies\/"]}]},{"@type":"BreadcrumbList","@id":"https:\/\/aigeviatges.com\/producto\/selva-negra-6-dies\/#breadcrumb","itemListElement":[{"@type":"ListItem","position":1,"name":"Portada","item":"https:\/\/aigeviatges.com\/"},{"@type":"ListItem","position":2,"name":"Tienda","item":"https:\/\/aigeviatges.com\/tienda-2\/"},{"@type":"ListItem","position":3,"name":"SELVA NEGRA &#8211; 6 DIES"}]},{"@type":"WebSite","@id":"https:\/\/aigeviatges.com\/#website","url":"https:\/\/aigeviatges.com\/","name":"AIGE Viatges","description":"Agencia de viajes especializada en producto propio para grupos.","publisher":{"@id":"https:\/\/aigeviatges.com\/#organization"},"potentialAction":[{"@type":"SearchAction","target":{"@type":"EntryPoint","urlTemplate":"https:\/\/aigeviatges.com\/?s={search_term_string}"},"query-input":"required name=search_term_string"}],"inLanguage":"es"},{"@type":"Organization","@id":"https:\/\/aigeviatges.com\/#organization","name":"AIGE Viatges","url":"https:\/\/aigeviatges.com\/","logo":{"@type":"ImageObject","inLanguage":"es","@id":"https:\/\/aigeviatges.com\/#\/schema\/logo\/image\/","url":"https:\/\/aigeviatges.com\/wp-content\/uploads\/2020\/03\/aig-viatges-logo-web.png","contentUrl":"https:\/\/aigeviatges.com\/wp-content\/uploads\/2020\/03\/aig-viatges-logo-web.png","width":600,"height":166,"caption":"AIGE Viatges"},"image":{"@id":"https:\/\/aigeviatges.com\/#\/schema\/logo\/image\/"},"sameAs":["https:\/\/www.facebook.com\/viatgesaige\/"]}]}},"jetpack_sharing_enabled":true,"jetpack_likes_enabled":false,"_links":{"self":[{"href":"https:\/\/aigeviatges.com\/es\/wp-json\/wp\/v2\/product\/305","targetHints":{"allow":["GET"]}}],"collection":[{"href":"https:\/\/aigeviatges.com\/es\/wp-json\/wp\/v2\/product"}],"about":[{"href":"https:\/\/aigeviatges.com\/es\/wp-json\/wp\/v2\/types\/product"}],"wp:featuredmedia":[{"embeddable":true,"href":"https:\/\/aigeviatges.com\/es\/wp-json\/wp\/v2\/media\/306"}],"wp:attachment":[{"href":"https:\/\/aigeviatges.com\/es\/wp-json\/wp\/v2\/media?parent=305"}],"wp:term":[{"taxonomy":"product_cat","embeddable":true,"href":"https:\/\/aigeviatges.com\/es\/wp-json\/wp\/v2\/product_cat?post=305"},{"taxonomy":"product_tag","embeddable":true,"href":"https:\/\/aigeviatges.com\/es\/wp-json\/wp\/v2\/product_tag?post=305"}],"curies":[{"name":"wp","href":"https:\/\/api.w.org\/{rel}","templated":true}]}}