{"id":3040,"date":"2024-06-14T14:24:27","date_gmt":"2024-06-14T12:24:27","guid":{"rendered":"https:\/\/aigeviatges.com\/?post_type=product&#038;p=3040"},"modified":"2024-07-25T10:43:33","modified_gmt":"2024-07-25T08:43:33","slug":"atenes-delfos-i-creuer-illes-gregues","status":"publish","type":"product","link":"https:\/\/aigeviatges.com\/es\/producto\/atenas-delfos-y-crucero-islas-griegas\/","title":{"rendered":"ATENAS, DELFOS Y CRUCERO ISLAS GRIEGAS \u2013 COMPLETO"},"content":{"rendered":"<p><strong>D\u00eda 1: ORIGEN \u2013 BARCELONA \u2013 ATENAS (noche en Atenas)<br \/>\n<\/strong>Traslado al aeropuerto y salida en avi\u00f3n a Atenas. Al llegar realizaremos una excursi\u00f3n hasta el cabo S\u00fanion, donde se levantan los pilares del templo Posid\u00f3n. Traslado al hotel. Acomodaci\u00f3n, cena y alojamiento.<\/p>\n<p><strong>D\u00eda 2: ATENAS - DELFOS (noche en Atenas)<\/strong><br \/>\nSalida hacia Delfos. Pasando a trav\u00e9s de la f\u00e9rtil llanura de Boeot\u00eda, cruzando los pueblos de Tebas, relacionado con la tragedia del rey Edipo \u2013Levad\u00eda y Arachova famosas por sus coloridas alfombras. Llegada a Delfos, el centro del mundo cl\u00e1sico antiguo, el Omfalos, nave del Este, cuyo prestigio se ha expandido m\u00e1s all\u00e1 de las fronteras del mundo hel\u00e9nico. Visitaremos el Tesoro de los Ateneses, el templo de Apolo y el museo conteniendo tales obras maestras de la Grecia antigua como escultura de bronce del carruaje del famoso atleta Aghias. Almuerzo en Delfos y regreso a Atenas por la misma ruta. Cena y alojamiento.<\/p>\n<p><strong>D\u00eda 3: ATENAS \u2013 CRUCERO ISLAS GRIEGAS Y TURQU\u00cdA \u2014\u2013MIKONOS<\/strong><br \/>\nSalida en el puerto de Lavrio. Embarco en un crucero de 4 d\u00edas por las islas griegas y Turqu\u00eda. Navegaci\u00f3n en Mikonos. Visitaremos la id\u00edlica isla con sus famosos molinos blancos, tambi\u00e9n llamada \u201cIlla dels Vents\u201d es un pintoresco para\u00edso repleto de pueblos tradicionales, encantadoras iglesias, casas encaladas y animados paseos mar\u00edtimos con caf\u00e9s bohemios y bares acogedor. Noche a bordo.<\/p>\n<p><strong>D\u00eda 4: CRUCERO ISLAS GRIEGAS Y TURQU\u00cdA \u2014KUSADASI y PATMOS<\/strong><br \/>\nPor la ma\u00f1ana llegaremos al puerto de Kusadasi. Excursi\u00f3n incluida en las emblem\u00e1ticas ruinas helen\u00edsticas de Efeso, una de las siete maravillas del mundo antiguo. A su regreso, tendremos tiempo libre para visitar el mercado del puerto. Por la tarde nos dirigiremos a la isla volc\u00e1nica de Patmos para disfrutar de su hermosa costa y sus vertiginosos acantilados. Se cree que fue en Patmos donde Juan Bautista escribi\u00f3 el Libro del Apocalipsis. Noche a bordo.<\/p>\n<p><strong>D\u00eda 5: CRUCERO ISLAS GRIEGAS Y TURQU\u00cdA \u2014\u2013RODAS<\/strong><br \/>\nPor la ma\u00f1ana llegaremos a Rodas. Excursi\u00f3n incluida en la ciudad medieval amurallada de Rodas, declarada Patrimonio Mundial por la UNESCO. Por supuesto, Rodas es un lugar repleto de historia que abarca desde el per\u00edodo neol\u00edtico hasta la era minoica del siglo diecis\u00e9is a. C. y las sucesivas oleadas de asentamientos y conquistas: griegos mic\u00e9nicos, dorios, Alejandro Magno, romanos, \u00e1rabes, genoveses, croatas, turcos otomanos e, incluso, italianos. Noche a bordo.<\/p>\n<p><strong>D\u00eda 6: CRUCERO ISLAS GRIEGAS Y TURQU\u00cdA \u2014\u2013 HERAKLION (CRETA) y SANTORINI<\/strong><br \/>\nPor la ma\u00f1ana llegaremos a Heraklion (Creta). Visita incluida en el palacio Knossos, la residencia del rey Minos, que mand\u00f3 a D\u00e9dalo construir el laberinto donde se encerraba en el minotauro. El \u00abmonstruo\u00bb se alimentaba de humanos que se llevaban en sacrificio para saciar al minotauro. Su destino final fue morir a manos de Teseo que logr\u00f3 salir del laberinto gracias al hilo de Ariadna que le permiti\u00f3 conocer la salida. Navegaci\u00f3n en Santorini. Excursi\u00f3n incluida en la rom\u00e1ntica y encantadora Santorini, una de las islas griegas m\u00e1s c\u00e9lebres del Egeo. En ella, adem\u00e1s de visitar el m\u00e1gico pueblo de Oia, podremos fotografiar las casas encaladas y las iglesias de c\u00fapulas azules que cuelgan sobre los acantilados de la caldera. Gracias a su posici\u00f3n elevada, esta id\u00edlica y extraordinaria isla es perfecta para disfrutar de la puesta de sol. Noche a bordo.<\/p>\n<p><strong>D\u00eda 7: ATENAS (Puerto de Lavrio) \u2013 ATENAS<\/strong><br \/>\nDesembarco y traslado a Atenas. Visita con\u00a0<strong>gu\u00eda local<\/strong>. Destaca la plaza de la constituci\u00f3n (Sintagma), el parlamento, el estadio Panatenaico, el templo Zeus y el arco de Adri\u00e0. Visitaremos <strong>la Acr\u00f3polis<\/strong>. Almuerzo. Por la tarde nos adentraremos en el t\u00edpico barrio de Plaka. Se trata de un barrio situado en la falda de la Acr\u00f3polis. Pasearemos por sus callejuelas observando las numerosas tiendas con los productos griegos m\u00e1s variados, souvenirs etc etc. Cena y alojamiento.<\/p>\n<p><strong>D\u00eda 8: ATENAS - BARCELONA<\/strong><br \/>\nDespu\u00e9s del desayuno traslado al aeropuerto. Salida en avi\u00f3n a Barcelona.<\/p>","protected":false},"excerpt":{"rendered":"<p><strong>INCLUYE:<\/strong><\/p>\n<ul>\n<li>Avi\u00f3n, vuelo directo + Maleta (20 kg) y tasas<\/li>\n<li>Autocar local y gu\u00eda acompa\u00f1ante<\/li>\n<li>Gu\u00eda local en Atenas<\/li>\n<li>3 noches Hotel 3*** Atenas<\/li>\n<li>4 noches Crucero<\/li>\n<li>5 Excursiones durante el crucero<\/li>\n<li>Entradas seg\u00fan itinerario<\/li>\n<li>Pensi\u00f3n completa con agua<\/li>\n<li>Seguro viaje<\/li>\n<\/ul>\n<p>&nbsp;<\/p>\n<p><strong>NO INCLUYE:<\/strong><\/p>\n<ul>\n<li>Traslados al aeropuerto de BCN<\/li>\n<li>Seguro opcional de anulaci\u00f3n con coberturas COVID<\/li>\n<\/ul>\n<p>&nbsp;<\/p>","protected":false},"featured_media":3046,"template":"","meta":[],"product_cat":[18],"product_tag":[],"class_list":["post-3040","product","type-product","status-publish","has-post-thumbnail","hentry","product_cat-circuitos-todo-incluido"],"yoast_head":"<!-- This site is optimized with the Yoast SEO plugin v21.7 - https:\/\/yoast.com\/wordpress\/plugins\/seo\/ -->\n<title>ATENES, DELFOS I CREUER ILLES GREGUES - COMPLET - AIGE Viatges<\/title>\n<meta name=\"description\" content=\"Agencia de viajes online | Descubre nuestros viajes inolvidables a ATENES, DELFOS I CREUER ILLES GREGUES - COMPLET\" \/>\n<meta name=\"robots\" content=\"index, follow, max-snippet:-1, max-image-preview:large, max-video-preview:-1\" \/>\n<link rel=\"canonical\" href=\"https:\/\/aigeviatges.com\/es\/producto\/atenas-delfos-y-crucero-islas-griegas\/\" \/>\n<meta property=\"og:locale\" content=\"es_ES\" \/>\n<meta property=\"og:type\" content=\"article\" \/>\n<meta property=\"og:title\" content=\"ATENES, DELFOS I CREUER ILLES GREGUES - COMPLET - AIGE Viatges\" \/>\n<meta property=\"og:description\" content=\"Agencia de viajes online | Descubre nuestros viajes inolvidables a ATENES, DELFOS I CREUER ILLES GREGUES - COMPLET\" \/>\n<meta property=\"og:url\" content=\"https:\/\/aigeviatges.com\/es\/producto\/atenas-delfos-y-crucero-islas-griegas\/\" \/>\n<meta property=\"og:site_name\" content=\"AIGE Viatges\" \/>\n<meta property=\"article:publisher\" content=\"https:\/\/www.facebook.com\/viatgesaige\/\" \/>\n<meta property=\"article:modified_time\" content=\"2024-07-25T08:43:33+00:00\" \/>\n<meta property=\"og:image\" content=\"https:\/\/aigeviatges.com\/wp-content\/uploads\/2024\/06\/Imagen1-1.jpg\" \/>\n\t<meta property=\"og:image:width\" content=\"1488\" \/>\n\t<meta property=\"og:image:height\" content=\"623\" \/>\n\t<meta property=\"og:image:type\" content=\"image\/jpeg\" \/>\n<meta name=\"twitter:card\" content=\"summary_large_image\" \/>\n<meta name=\"twitter:label1\" content=\"Tiempo de lectura\" \/>\n\t<meta name=\"twitter:data1\" content=\"4 minutos\" \/>\n<script type=\"application\/ld+json\" class=\"yoast-schema-graph\">{\"@context\":\"https:\/\/schema.org\",\"@graph\":[{\"@type\":\"WebPage\",\"@id\":\"https:\/\/aigeviatges.com\/producto\/atenes-delfos-i-creuer-illes-gregues\/\",\"url\":\"https:\/\/aigeviatges.com\/producto\/atenes-delfos-i-creuer-illes-gregues\/\",\"name\":\"ATENES, DELFOS I CREUER ILLES GREGUES - COMPLET - AIGE Viatges\",\"isPartOf\":{\"@id\":\"https:\/\/aigeviatges.com\/#website\"},\"datePublished\":\"2024-06-14T12:24:27+00:00\",\"dateModified\":\"2024-07-25T08:43:33+00:00\",\"description\":\"Agencia de viajes online | Descubre nuestros viajes inolvidables a ATENES, DELFOS I CREUER ILLES GREGUES - COMPLET\",\"breadcrumb\":{\"@id\":\"https:\/\/aigeviatges.com\/producto\/atenes-delfos-i-creuer-illes-gregues\/#breadcrumb\"},\"inLanguage\":\"es\",\"potentialAction\":[{\"@type\":\"ReadAction\",\"target\":[\"https:\/\/aigeviatges.com\/producto\/atenes-delfos-i-creuer-illes-gregues\/\"]}]},{\"@type\":\"BreadcrumbList\",\"@id\":\"https:\/\/aigeviatges.com\/producto\/atenes-delfos-i-creuer-illes-gregues\/#breadcrumb\",\"itemListElement\":[{\"@type\":\"ListItem\",\"position\":1,\"name\":\"Portada\",\"item\":\"https:\/\/aigeviatges.com\/\"},{\"@type\":\"ListItem\",\"position\":2,\"name\":\"Tienda\",\"item\":\"https:\/\/aigeviatges.com\/tienda-2\/\"},{\"@type\":\"ListItem\",\"position\":3,\"name\":\"ATENES, DELFOS I CREUER ILLES GREGUES &#8211; COMPLET\"}]},{\"@type\":\"WebSite\",\"@id\":\"https:\/\/aigeviatges.com\/#website\",\"url\":\"https:\/\/aigeviatges.com\/\",\"name\":\"AIGE Viatges\",\"description\":\"Agencia de viajes especializada en producto propio para grupos.\",\"publisher\":{\"@id\":\"https:\/\/aigeviatges.com\/#organization\"},\"potentialAction\":[{\"@type\":\"SearchAction\",\"target\":{\"@type\":\"EntryPoint\",\"urlTemplate\":\"https:\/\/aigeviatges.com\/?s={search_term_string}\"},\"query-input\":\"required name=search_term_string\"}],\"inLanguage\":\"es\"},{\"@type\":\"Organization\",\"@id\":\"https:\/\/aigeviatges.com\/#organization\",\"name\":\"AIGE Viatges\",\"url\":\"https:\/\/aigeviatges.com\/\",\"logo\":{\"@type\":\"ImageObject\",\"inLanguage\":\"es\",\"@id\":\"https:\/\/aigeviatges.com\/#\/schema\/logo\/image\/\",\"url\":\"https:\/\/aigeviatges.com\/wp-content\/uploads\/2020\/03\/aig-viatges-logo-web.png\",\"contentUrl\":\"https:\/\/aigeviatges.com\/wp-content\/uploads\/2020\/03\/aig-viatges-logo-web.png\",\"width\":600,\"height\":166,\"caption\":\"AIGE Viatges\"},\"image\":{\"@id\":\"https:\/\/aigeviatges.com\/#\/schema\/logo\/image\/\"},\"sameAs\":[\"https:\/\/www.facebook.com\/viatgesaige\/\"]}]}<\/script>\n<!-- \/ Yoast SEO plugin. -->","yoast_head_json":{"title":"ATENES, DELFOS I CREUER ILLES GREGUES - COMPLET - AIGE Viatges","description":"Agencia de viajes online | Descubre nuestros viajes inolvidables a ATENES, DELFOS I CREUER ILLES GREGUES - COMPLET","robots":{"index":"index","follow":"follow","max-snippet":"max-snippet:-1","max-image-preview":"max-image-preview:large","max-video-preview":"max-video-preview:-1"},"canonical":"https:\/\/aigeviatges.com\/es\/producto\/atenas-delfos-y-crucero-islas-griegas\/","og_locale":"es_ES","og_type":"article","og_title":"ATENES, DELFOS I CREUER ILLES GREGUES - COMPLET - AIGE Viatges","og_description":"Agencia de viajes online | Descubre nuestros viajes inolvidables a ATENES, DELFOS I CREUER ILLES GREGUES - COMPLET","og_url":"https:\/\/aigeviatges.com\/es\/producto\/atenas-delfos-y-crucero-islas-griegas\/","og_site_name":"AIGE Viatges","article_publisher":"https:\/\/www.facebook.com\/viatgesaige\/","article_modified_time":"2024-07-25T08:43:33+00:00","og_image":[{"width":1488,"height":623,"url":"https:\/\/aigeviatges.com\/wp-content\/uploads\/2024\/06\/Imagen1-1.jpg","type":"image\/jpeg"}],"twitter_card":"summary_large_image","twitter_misc":{"Tiempo de lectura":"4 minutos"},"schema":{"@context":"https:\/\/schema.org","@graph":[{"@type":"WebPage","@id":"https:\/\/aigeviatges.com\/producto\/atenes-delfos-i-creuer-illes-gregues\/","url":"https:\/\/aigeviatges.com\/producto\/atenes-delfos-i-creuer-illes-gregues\/","name":"ATENES, DELFOS I CREUER ILLES GREGUES - COMPLET - AIGE Viatges","isPartOf":{"@id":"https:\/\/aigeviatges.com\/#website"},"datePublished":"2024-06-14T12:24:27+00:00","dateModified":"2024-07-25T08:43:33+00:00","description":"Agencia de viajes online | Descubre nuestros viajes inolvidables a ATENES, DELFOS I CREUER ILLES GREGUES - COMPLET","breadcrumb":{"@id":"https:\/\/aigeviatges.com\/producto\/atenes-delfos-i-creuer-illes-gregues\/#breadcrumb"},"inLanguage":"es","potentialAction":[{"@type":"ReadAction","target":["https:\/\/aigeviatges.com\/producto\/atenes-delfos-i-creuer-illes-gregues\/"]}]},{"@type":"BreadcrumbList","@id":"https:\/\/aigeviatges.com\/producto\/atenes-delfos-i-creuer-illes-gregues\/#breadcrumb","itemListElement":[{"@type":"ListItem","position":1,"name":"Portada","item":"https:\/\/aigeviatges.com\/"},{"@type":"ListItem","position":2,"name":"Tienda","item":"https:\/\/aigeviatges.com\/tienda-2\/"},{"@type":"ListItem","position":3,"name":"ATENES, DELFOS I CREUER ILLES GREGUES &#8211; COMPLET"}]},{"@type":"WebSite","@id":"https:\/\/aigeviatges.com\/#website","url":"https:\/\/aigeviatges.com\/","name":"AIGE Viatges","description":"Agencia de viajes especializada en producto propio para grupos.","publisher":{"@id":"https:\/\/aigeviatges.com\/#organization"},"potentialAction":[{"@type":"SearchAction","target":{"@type":"EntryPoint","urlTemplate":"https:\/\/aigeviatges.com\/?s={search_term_string}"},"query-input":"required name=search_term_string"}],"inLanguage":"es"},{"@type":"Organization","@id":"https:\/\/aigeviatges.com\/#organization","name":"AIGE Viatges","url":"https:\/\/aigeviatges.com\/","logo":{"@type":"ImageObject","inLanguage":"es","@id":"https:\/\/aigeviatges.com\/#\/schema\/logo\/image\/","url":"https:\/\/aigeviatges.com\/wp-content\/uploads\/2020\/03\/aig-viatges-logo-web.png","contentUrl":"https:\/\/aigeviatges.com\/wp-content\/uploads\/2020\/03\/aig-viatges-logo-web.png","width":600,"height":166,"caption":"AIGE Viatges"},"image":{"@id":"https:\/\/aigeviatges.com\/#\/schema\/logo\/image\/"},"sameAs":["https:\/\/www.facebook.com\/viatgesaige\/"]}]}},"jetpack_sharing_enabled":true,"jetpack_likes_enabled":false,"_links":{"self":[{"href":"https:\/\/aigeviatges.com\/es\/wp-json\/wp\/v2\/product\/3040","targetHints":{"allow":["GET"]}}],"collection":[{"href":"https:\/\/aigeviatges.com\/es\/wp-json\/wp\/v2\/product"}],"about":[{"href":"https:\/\/aigeviatges.com\/es\/wp-json\/wp\/v2\/types\/product"}],"wp:featuredmedia":[{"embeddable":true,"href":"https:\/\/aigeviatges.com\/es\/wp-json\/wp\/v2\/media\/3046"}],"wp:attachment":[{"href":"https:\/\/aigeviatges.com\/es\/wp-json\/wp\/v2\/media?parent=3040"}],"wp:term":[{"taxonomy":"product_cat","embeddable":true,"href":"https:\/\/aigeviatges.com\/es\/wp-json\/wp\/v2\/product_cat?post=3040"},{"taxonomy":"product_tag","embeddable":true,"href":"https:\/\/aigeviatges.com\/es\/wp-json\/wp\/v2\/product_tag?post=3040"}],"curies":[{"name":"wp","href":"https:\/\/api.w.org\/{rel}","templated":true}]}}