{"id":299,"date":"2021-02-03T14:30:24","date_gmt":"2021-02-03T14:45:06","guid":{"rendered":"https:\/\/aigeviatges.com\/?post_type=product&#038;p=299"},"modified":"2023-11-14T14:29:35","modified_gmt":"2023-11-14T14:29:35","slug":"baixa-saxonia-la-ruta-dels-contes-de-fades-6-dies","status":"publish","type":"product","link":"https:\/\/aigeviatges.com\/es\/producto\/baja-sajonia-la-ruta-de-los-cuentos-de-hadas-6-dias\/","title":{"rendered":"BAJA SAXONIA, LA RUTA DE LOS CUENTOS DE HADAS \u2013 6 D\u00cdAS"},"content":{"rendered":"<p><strong>D\u00eda 1: BARCELONA - CELLE - BAJA SAXONIA \u00a0<\/strong><br \/>\nTraslado al aeropuerto de Barcelona y salida en avi\u00f3n a Baja Sajonia. Almuerzo en rto. Por la tarde visitaremos el pueblo de Celle. En este lugar, las calles mismas de la ciudad con edificios de madera y piedra del siglo XVI son un museo maravilloso. Curioso el hecho de que todos los d\u00edas un trompetista de la ciudad se suba a la torre de 74 m. de la iglesia de 700 a\u00f1os para saludar y despedir el d\u00eda haciendo sonar su instrumento. Continuaci\u00f3n hasta el hotel. Acomodaci\u00f3n, cena y alojamiento.<\/p>\n<p><strong>D\u00eda 2: GOSLAR \u2013 PALACIO IMPERIAL del KAISER GUILLEM<\/strong><br \/>\nSalida a Goslar, declarado en su conjunto Patrimonio de la Humanidad. Visitaremos el casco hist\u00f3rico, donde La belleza de sus viejas murallas y las casas con entramados de madera le hacen encantador. Seguidamente visitaremos el Palacio imperial, erigido por deseo del emperador Enrique II el Santo entre los a\u00f1os 1005 y 1056 y ampliado por los emperadores Conrado II el S\u00e1lico y Enrique III el Negro. Durante doscientos a\u00f1os, entre 1050 y 1253, fue la corte regia de los emperadores germ\u00e1nicos. Abandonado por los emperadores, el edificio decay\u00f3 hasta quedar en ruinas. El edificio principal, la Kaiserhaus fue reestructurado casi por completo en los a\u00f1os setenta del siglo XIX; porque a partir de 1871 fue utilizado por el emperador Guillermo I. Junto con el resto del centro hist\u00f3rico de la ciudad de Goslar, est\u00e1 incluido en la lista del Patrimonio de la Humanidad por la UNESCO. Regreso al hotel. Cena y alojamiento.<\/p>\n<p><strong>D\u00eda 3: CASTILLO DE MARIENBURG \u2013 HAMELIN<\/strong><br \/>\nVisitaremos el Castillo Marienburg, impresionante edificio de 600 habitaciones, construido en 1867 por Jorge V como regalo a su esposa. Destaca la biblioteca y el gran pasillo con armaduras. Por la tarde visitaremos Hamelin, famoso por el cuento de los hermanos Grimm, &quot;El flautista de Hamelin&quot;. Preciosa ciudad que destaca por su aire medieval y sus calles empedradas. En el ayuntamiento, tendremos la ocasi\u00f3n de ver una fuente en la que aparece representado el peculiar flautista, conocido en Alemania como Rattenf\u00e4nger. Regreso al hotel. Cena y alojamiento.<\/p>\n<p><strong>D\u00eda 4: BREMEN<\/strong><br \/>\nSalida a Bremen. Visita de la ciudad Patrimonio de la Humanidad, ha sabido combinar tradici\u00f3n y modernidad. Su puerto fluvial es el segundo m\u00e1s importante de Alemania y su casco antiguo alberga muchas joyas arquitect\u00f3nicas, como el ayuntamiento, la estatua de Rolando, la Catedral, el monumento a los 4 m\u00fasicos, etc. La ciudad es famosa por muchas cosas pero sobre todo por el libro de los m\u00fasicos de Bremen de los hermanos Grimm. Por la tarde disfrutaremos del barrio de antiguas casas de Schnoor, encaramadas como si fueran perlas en un cordel \u2013 de ah\u00ed el nombre de este pintoresco barrio (Schnoor significa \u201ccordillo\u201d en bajo alem\u00e1n). Regreso al hotel. Cena y alojamiento.<\/p>\n<p><strong>D\u00eda 5: HILDESHEIM - HANNOVER<\/strong><br \/>\nSalida a Hildesheim, visitaremos la plaza del mercado y la Catedral de Santa Mar\u00eda, declarada Patrimonio de la Humanidad por la Unesco y una joya del arte rom\u00e1nico. Almuerzo. Por la tarde visitaremos Hannover. Haremos una panor\u00e1mica de la ciudad, veremos los principales puntos de inter\u00e9s tur\u00edstico como el impresionante edificio de la estaci\u00f3n de trenes del siglo XIX, el Antiguo Ayuntamiento Medieval, que tardaron 100 a\u00f1os en su construcci\u00f3n, mercado, etc. . Regreso al hotel. Cena y alojamiento.<\/p>\n<p><strong>D\u00eda 6: BAJA SAXONIA - HANNOVER - BARCELONA<\/strong><br \/>\nDespu\u00e9s del desayuno daremos un paseo por el casco antiguo. Nos trasladaremos en el tiempo a un bello paraje hist\u00f3rico de g\u00f3tico de ladrillo y casas de entramado. A continuaci\u00f3n traslado al aeropuerto y salida en avi\u00f3n a Barcelona. Llegada y fin de nuestros servicios.<\/p>","protected":false},"excerpt":{"rendered":"<p><strong>INCLUYE:<\/strong><\/p>\n<ul>\n<li>Traslados origen-apt y vuelta (m\u00ednimo 25 pax)<\/li>\n<li>Avi\u00f3n BCN \u2013 Hannover \/ Hamburg \u2013 BCN<\/li>\n<li>Tasas y maleta<\/li>\n<li>Autocar local todo el circuito<\/li>\n<li>Gu\u00eda acompa\u00f1ante de AIGE + gu\u00eda local en Bremen y Hannover<\/li>\n<li>Hotel 3*** o 4****<em><strong>\u00a0<\/strong><\/em><em>(seg\u00fan elecci\u00f3n)<\/em><\/li>\n<li>Pensi\u00f3n completa con agua (del almuerzo del d\u00eda 1 el desayuno del d\u00eda 6)<\/li>\n<li>Entradas: Palacio imperial de Goslar, Castillo de Marienburg, Catedral de Hildesheim<\/li>\n<li>Seguro de asistencia en viaje<\/li>\n<\/ul>\n<p><em><strong>Nota sobre el alojamiento: todas las noches en el mismo hotel\u00a0 \u00a0 \u00a0<\/strong><\/em><\/p>","protected":false},"featured_media":295,"template":"","meta":[],"product_cat":[119],"product_tag":[],"class_list":["post-299","product","type-product","status-publish","has-post-thumbnail","hentry","product_cat-circuitos-todo-incluido-2"],"yoast_head":"<!-- This site is optimized with the Yoast SEO plugin v21.7 - https:\/\/yoast.com\/wordpress\/plugins\/seo\/ -->\n<title>BAIXA SAX\u00d2NIA, LA RUTA DELS CONTES DE FADES - 6 DIES<\/title>\n<meta name=\"description\" content=\"Agencia de viajes online | Descubre nuestros viajes inolvidables a BAIXA SAX\u00d2NIA, LA RUTA DELS CONTES DE FADES - 6 DIES\" \/>\n<meta name=\"robots\" content=\"index, follow, max-snippet:-1, max-image-preview:large, max-video-preview:-1\" \/>\n<link rel=\"canonical\" href=\"https:\/\/aigeviatges.com\/es\/producto\/baja-sajonia-la-ruta-de-los-cuentos-de-hadas-6-dias\/\" \/>\n<meta property=\"og:locale\" content=\"es_ES\" \/>\n<meta property=\"og:type\" content=\"article\" \/>\n<meta property=\"og:title\" content=\"BAIXA SAX\u00d2NIA, LA RUTA DELS CONTES DE FADES - 6 DIES\" \/>\n<meta property=\"og:description\" content=\"Agencia de viajes online | Descubre nuestros viajes inolvidables a BAIXA SAX\u00d2NIA, LA RUTA DELS CONTES DE FADES - 6 DIES\" \/>\n<meta property=\"og:url\" content=\"https:\/\/aigeviatges.com\/es\/producto\/baja-sajonia-la-ruta-de-los-cuentos-de-hadas-6-dias\/\" \/>\n<meta property=\"og:site_name\" content=\"AIGE Viatges\" \/>\n<meta property=\"article:publisher\" content=\"https:\/\/www.facebook.com\/viatgesaige\/\" \/>\n<meta property=\"article:modified_time\" content=\"2023-11-14T14:29:35+00:00\" \/>\n<meta property=\"og:image\" content=\"https:\/\/aigeviatges.com\/wp-content\/uploads\/2021\/02\/BREMEN.jpg\" \/>\n\t<meta property=\"og:image:width\" content=\"1280\" \/>\n\t<meta property=\"og:image:height\" content=\"904\" \/>\n\t<meta property=\"og:image:type\" content=\"image\/jpeg\" \/>\n<meta name=\"twitter:card\" content=\"summary_large_image\" \/>\n<meta name=\"twitter:label1\" content=\"Tiempo de lectura\" \/>\n\t<meta name=\"twitter:data1\" content=\"3 minutos\" \/>\n<script type=\"application\/ld+json\" class=\"yoast-schema-graph\">{\"@context\":\"https:\/\/schema.org\",\"@graph\":[{\"@type\":\"WebPage\",\"@id\":\"https:\/\/aigeviatges.com\/producto\/baixa-saxonia-la-ruta-dels-contes-de-fades-6-dies\/\",\"url\":\"https:\/\/aigeviatges.com\/producto\/baixa-saxonia-la-ruta-dels-contes-de-fades-6-dies\/\",\"name\":\"BAIXA SAX\u00d2NIA, LA RUTA DELS CONTES DE FADES - 6 DIES\",\"isPartOf\":{\"@id\":\"https:\/\/aigeviatges.com\/#website\"},\"datePublished\":\"2021-02-03T14:45:06+00:00\",\"dateModified\":\"2023-11-14T14:29:35+00:00\",\"description\":\"Agencia de viajes online | Descubre nuestros viajes inolvidables a BAIXA SAX\u00d2NIA, LA RUTA DELS CONTES DE FADES - 6 DIES\",\"breadcrumb\":{\"@id\":\"https:\/\/aigeviatges.com\/producto\/baixa-saxonia-la-ruta-dels-contes-de-fades-6-dies\/#breadcrumb\"},\"inLanguage\":\"es\",\"potentialAction\":[{\"@type\":\"ReadAction\",\"target\":[\"https:\/\/aigeviatges.com\/producto\/baixa-saxonia-la-ruta-dels-contes-de-fades-6-dies\/\"]}]},{\"@type\":\"BreadcrumbList\",\"@id\":\"https:\/\/aigeviatges.com\/producto\/baixa-saxonia-la-ruta-dels-contes-de-fades-6-dies\/#breadcrumb\",\"itemListElement\":[{\"@type\":\"ListItem\",\"position\":1,\"name\":\"Portada\",\"item\":\"https:\/\/aigeviatges.com\/\"},{\"@type\":\"ListItem\",\"position\":2,\"name\":\"Tienda\",\"item\":\"https:\/\/aigeviatges.com\/tienda-2\/\"},{\"@type\":\"ListItem\",\"position\":3,\"name\":\"BAIXA SAX\u00d2NIA, LA RUTA DELS CONTES DE FADES &#8211; 6 DIES\"}]},{\"@type\":\"WebSite\",\"@id\":\"https:\/\/aigeviatges.com\/#website\",\"url\":\"https:\/\/aigeviatges.com\/\",\"name\":\"AIGE Viatges\",\"description\":\"Agencia de viajes especializada en producto propio para grupos.\",\"publisher\":{\"@id\":\"https:\/\/aigeviatges.com\/#organization\"},\"potentialAction\":[{\"@type\":\"SearchAction\",\"target\":{\"@type\":\"EntryPoint\",\"urlTemplate\":\"https:\/\/aigeviatges.com\/?s={search_term_string}\"},\"query-input\":\"required name=search_term_string\"}],\"inLanguage\":\"es\"},{\"@type\":\"Organization\",\"@id\":\"https:\/\/aigeviatges.com\/#organization\",\"name\":\"AIGE Viatges\",\"url\":\"https:\/\/aigeviatges.com\/\",\"logo\":{\"@type\":\"ImageObject\",\"inLanguage\":\"es\",\"@id\":\"https:\/\/aigeviatges.com\/#\/schema\/logo\/image\/\",\"url\":\"https:\/\/aigeviatges.com\/wp-content\/uploads\/2020\/03\/aig-viatges-logo-web.png\",\"contentUrl\":\"https:\/\/aigeviatges.com\/wp-content\/uploads\/2020\/03\/aig-viatges-logo-web.png\",\"width\":600,\"height\":166,\"caption\":\"AIGE Viatges\"},\"image\":{\"@id\":\"https:\/\/aigeviatges.com\/#\/schema\/logo\/image\/\"},\"sameAs\":[\"https:\/\/www.facebook.com\/viatgesaige\/\"]}]}<\/script>\n<!-- \/ Yoast SEO plugin. -->","yoast_head_json":{"title":"BAIXA SAX\u00d2NIA, LA RUTA DELS CONTES DE FADES - 6 DIES","description":"Agencia de viajes online | Descubre nuestros viajes inolvidables a BAIXA SAX\u00d2NIA, LA RUTA DELS CONTES DE FADES - 6 DIES","robots":{"index":"index","follow":"follow","max-snippet":"max-snippet:-1","max-image-preview":"max-image-preview:large","max-video-preview":"max-video-preview:-1"},"canonical":"https:\/\/aigeviatges.com\/es\/producto\/baja-sajonia-la-ruta-de-los-cuentos-de-hadas-6-dias\/","og_locale":"es_ES","og_type":"article","og_title":"BAIXA SAX\u00d2NIA, LA RUTA DELS CONTES DE FADES - 6 DIES","og_description":"Agencia de viajes online | Descubre nuestros viajes inolvidables a BAIXA SAX\u00d2NIA, LA RUTA DELS CONTES DE FADES - 6 DIES","og_url":"https:\/\/aigeviatges.com\/es\/producto\/baja-sajonia-la-ruta-de-los-cuentos-de-hadas-6-dias\/","og_site_name":"AIGE Viatges","article_publisher":"https:\/\/www.facebook.com\/viatgesaige\/","article_modified_time":"2023-11-14T14:29:35+00:00","og_image":[{"width":1280,"height":904,"url":"https:\/\/aigeviatges.com\/wp-content\/uploads\/2021\/02\/BREMEN.jpg","type":"image\/jpeg"}],"twitter_card":"summary_large_image","twitter_misc":{"Tiempo de lectura":"3 minutos"},"schema":{"@context":"https:\/\/schema.org","@graph":[{"@type":"WebPage","@id":"https:\/\/aigeviatges.com\/producto\/baixa-saxonia-la-ruta-dels-contes-de-fades-6-dies\/","url":"https:\/\/aigeviatges.com\/producto\/baixa-saxonia-la-ruta-dels-contes-de-fades-6-dies\/","name":"BAIXA SAX\u00d2NIA, LA RUTA DELS CONTES DE FADES - 6 DIES","isPartOf":{"@id":"https:\/\/aigeviatges.com\/#website"},"datePublished":"2021-02-03T14:45:06+00:00","dateModified":"2023-11-14T14:29:35+00:00","description":"Agencia de viajes online | Descubre nuestros viajes inolvidables a BAIXA SAX\u00d2NIA, LA RUTA DELS CONTES DE FADES - 6 DIES","breadcrumb":{"@id":"https:\/\/aigeviatges.com\/producto\/baixa-saxonia-la-ruta-dels-contes-de-fades-6-dies\/#breadcrumb"},"inLanguage":"es","potentialAction":[{"@type":"ReadAction","target":["https:\/\/aigeviatges.com\/producto\/baixa-saxonia-la-ruta-dels-contes-de-fades-6-dies\/"]}]},{"@type":"BreadcrumbList","@id":"https:\/\/aigeviatges.com\/producto\/baixa-saxonia-la-ruta-dels-contes-de-fades-6-dies\/#breadcrumb","itemListElement":[{"@type":"ListItem","position":1,"name":"Portada","item":"https:\/\/aigeviatges.com\/"},{"@type":"ListItem","position":2,"name":"Tienda","item":"https:\/\/aigeviatges.com\/tienda-2\/"},{"@type":"ListItem","position":3,"name":"BAIXA SAX\u00d2NIA, LA RUTA DELS CONTES DE FADES &#8211; 6 DIES"}]},{"@type":"WebSite","@id":"https:\/\/aigeviatges.com\/#website","url":"https:\/\/aigeviatges.com\/","name":"AIGE Viatges","description":"Agencia de viajes especializada en producto propio para grupos.","publisher":{"@id":"https:\/\/aigeviatges.com\/#organization"},"potentialAction":[{"@type":"SearchAction","target":{"@type":"EntryPoint","urlTemplate":"https:\/\/aigeviatges.com\/?s={search_term_string}"},"query-input":"required name=search_term_string"}],"inLanguage":"es"},{"@type":"Organization","@id":"https:\/\/aigeviatges.com\/#organization","name":"AIGE Viatges","url":"https:\/\/aigeviatges.com\/","logo":{"@type":"ImageObject","inLanguage":"es","@id":"https:\/\/aigeviatges.com\/#\/schema\/logo\/image\/","url":"https:\/\/aigeviatges.com\/wp-content\/uploads\/2020\/03\/aig-viatges-logo-web.png","contentUrl":"https:\/\/aigeviatges.com\/wp-content\/uploads\/2020\/03\/aig-viatges-logo-web.png","width":600,"height":166,"caption":"AIGE Viatges"},"image":{"@id":"https:\/\/aigeviatges.com\/#\/schema\/logo\/image\/"},"sameAs":["https:\/\/www.facebook.com\/viatgesaige\/"]}]}},"jetpack_sharing_enabled":true,"jetpack_likes_enabled":false,"_links":{"self":[{"href":"https:\/\/aigeviatges.com\/es\/wp-json\/wp\/v2\/product\/299","targetHints":{"allow":["GET"]}}],"collection":[{"href":"https:\/\/aigeviatges.com\/es\/wp-json\/wp\/v2\/product"}],"about":[{"href":"https:\/\/aigeviatges.com\/es\/wp-json\/wp\/v2\/types\/product"}],"wp:featuredmedia":[{"embeddable":true,"href":"https:\/\/aigeviatges.com\/es\/wp-json\/wp\/v2\/media\/295"}],"wp:attachment":[{"href":"https:\/\/aigeviatges.com\/es\/wp-json\/wp\/v2\/media?parent=299"}],"wp:term":[{"taxonomy":"product_cat","embeddable":true,"href":"https:\/\/aigeviatges.com\/es\/wp-json\/wp\/v2\/product_cat?post=299"},{"taxonomy":"product_tag","embeddable":true,"href":"https:\/\/aigeviatges.com\/es\/wp-json\/wp\/v2\/product_tag?post=299"}],"curies":[{"name":"wp","href":"https:\/\/api.w.org\/{rel}","templated":true}]}}