{"id":293,"date":"2021-02-03T13:27:04","date_gmt":"2021-02-03T13:27:04","guid":{"rendered":"https:\/\/aigeviatges.com\/?post_type=product&#038;p=293"},"modified":"2021-03-18T14:49:05","modified_gmt":"2021-03-18T14:49:05","slug":"islandia-terra-de-foc-i-gel-6-dies","status":"publish","type":"product","link":"https:\/\/aigeviatges.com\/es\/producto\/islandia-tierra-de-fuego-y-hielo-6-dias\/","title":{"rendered":"ISLANDIA, SUELO DE FUEGO Y HIELO \u2013 6 D\u00cdAS"},"content":{"rendered":"<p><strong>D\u00eda 1: BARCELONA - REYKJAVIK<\/strong><br \/>\nTraslado al aeropuerto y salida en avi\u00f3n a Reikiavik (capital de Islandia). Llegada y traslado al hotel. Alojamiento.<\/p>\n<p><strong>D\u00eda 2: SUR DE ISLANDIA (VIK y PLAYA NEGRA)<\/strong><br \/>\nExcursi\u00f3n al sur de Islandia. Recorrido a trav\u00e9s de exuberantes tierras de cultivo, flanqueadas por monta\u00f1as escarpadas y volcanes por un lado y amplias vistas del oc\u00e9ano Atl\u00e1ntico por el otro. Veremos la poderosa belleza de la cascada Seljalandsfoss, donde cae el r\u00edo Seljalands\u00e1, que se origina bajo el glaciar Eyjafjallaj\u00f6kull, as\u00ed como Sk\u00f3gafoss, una de las cataratas m\u00e1s grandes de Islandia. Almuerzo en rto. En las cercan\u00edas de la ciudad de V\u00edk y M\u00fdrdal (o s\u00f3lo V\u00edk para los aldeanos), visitaremos la formaci\u00f3n de roca bas\u00e1ltica conocida como Reynisdrangar y la playa de arena negra volc\u00e1nica de Reynisfjara. Regreso al hotel. Cena y alojamiento.<\/p>\n<p><strong>D\u00eda 3: C\u00cdRCULO DE ORO (GUISERES y CASCADAS)<\/strong><br \/>\nExcursi\u00f3n por el llamado &quot;C\u00edrculo de Oro&quot;, la regi\u00f3n con los enclaves naturales m\u00e1s espectaculares de Islandia. Visitaremos Geysir, una extensa zona de actividad geot\u00e9rmica. Entre manantiales termales y fumarolas descubriremos Strokkur, uno de los g\u00e9iseres m\u00e1s famosos de Islandia, que cada pocos minutos lanza una columna de agua hirviendo a m\u00e1s de 15 metros de altura. Seguidamente visitaremos la catarata Gullfoss, un enorme salto de agua que se interna en una garganta de m\u00e1s de 30 metros de profundidad, uno de los paisajes m\u00e1s espectaculares de Islandia. Almuerzo en rto. Continuaci\u00f3n de la ruta por el Parque Nacional Thingvellir, declarado Patrimonio de la Humanidad por la Unesco. Aqu\u00ed observaremos el lago natural m\u00e1s grande de Islandia, Thingvallavatn, situado en el valle donde se encuentran las placas tect\u00f3nicas de Eurasia y Norteam\u00e9rica. Regreso al hotel. Cena y alojamiento.<\/p>\n<p><strong>D\u00eda 4: CRUCERO CUBIERTO DE BALLENAS \u2013 REYKJAVIK<\/strong><br \/>\nTraslado al puerto, despu\u00e9s del embarque realizaremos un crucero por la bah\u00eda de Faxafloi en busca de los gigantes del mar. Durante la traves\u00eda tendremos la oportunidad de vislumbrar ballenas jorobadas en su h\u00e1bitat natural. Las costas de Islandia son visitadas con frecuencia por estas ballenas y por otros cet\u00e1ceos. Dependiendo de las condiciones del mar, podremos encontrar delfines e incluso orcas. Regreso al puerto y desembarco. Almuerzo en rto. Por la tarde visitaremos Reikiavik acompa\u00f1ados de un gu\u00eda local que nos hablar\u00e1 sobre costumbres locales y la historia de los vikingos. Destaca la escultura del Viajero del Sol, la Iglesia Hallgr\u00edmskirkja, el lago donde patos, cisnes y gansos nadan en libertad, el ayuntamiento con su gigantesco mapa de Islandia, y el Port Vell, una de las zonas m\u00e1s animadas de la ciudad. Regreso al hotel. Cena y alojamiento.<\/p>\n<p><strong>D\u00eda 5: PEN\u00cdNSULA DE SNAEFELLSNES (VOLCANES y GLACEROS)<\/strong><br \/>\nExcursi\u00f3n al Parque Nacional Snaefellsnes, famoso por sus impresionantes paisajes. Recorrido por el interior de Islandia hasta el glaciar Sn\u00e6fellsj\u00f6kull, situado en un espectacular estratovolc\u00e1n activo. Durante el trayecto visitaremos (si las condiciones lo permiten) el barranco de Ger\u00f0uberg, con su caracter\u00edstico muro de columnas de basalto. Continuaci\u00f3n de la ruta hasta la zona costera de Ytri Tunga donde tendremos la posibilidad de ver una colonia de focas (no garantizado). Almuerzo en rto. Por la tarde, seguiremos la ruta hacia la iglesia negra de Bu\u00f0ir, siguiendo despu\u00e9s por la costa de Arnarstapi y Hellnar y la playa de arena negra de Dj\u00fapal\u00f3nssandur. Por \u00faltimo visitaremos Kirkjufell, una de las monta\u00f1as m\u00e1s fotografiadas de Islandia. Regreso al hotel. Cena y alojamiento.<\/p>\n<p><strong>D\u00eda 6: CRUCERO ISLA DE LOS FRAILECILLOS \u2013 MUSEO PERLAN \u2013 BARCELONA<\/strong><br \/>\nTraslado al puerto, Tras el embarque navegaremos hacia alguna de las islas con mayores poblaciones de frailecillos de Islandia. El gu\u00eda del barco explicar\u00e1 algunas curiosidades sobre la vida de estos p\u00e1jaros, por ejemplo, que son mon\u00f3gamos y que s\u00f3lo ponen un huevo al a\u00f1o. Adem\u00e1s, tambi\u00e9n podremos avistar otros p\u00e1jaros, como los charranes \u00e1rticos o los cormoranes. Regreso al puerto y desembarco. Almuerzo. Seguidamente visitaremos el museo Perlan. El Museo abri\u00f3 sus puertas en 1991 para dar a conocer c\u00f3mo es la curiosa geograf\u00eda de Islandia. En sus instalaciones conoceremos datos curiosos sobre los habitantes de estas tierras y aprenderemos sobre volcanes, g\u00e9iseres o t\u00e9rminos naturales. Nos adentraremos en una cueva de hielo, y, en el planetario Arora, experimentaremos c\u00f3mo ser\u00eda ver una aurora boreal en la vida real. Aunque nada puede compararse con admirar una aut\u00e9ntica aurora boreal, este montaje no nos dejar\u00e1 indiferentes. A una hora convenida traslado al aeropuerto. Salida en avi\u00f3n a Barcelona. Llegada y traslado a nuestro punto de origen.<\/p>","protected":false},"excerpt":{"rendered":"<p><strong>INCLUYE:<\/strong><\/p>\n<ul>\n<li>Traslados origen-apt y vuelta (m\u00ednimo 25 pax)<\/li>\n<li>Avi\u00f3n BCN \u2013 Reikiavik \u2013 BCN<\/li>\n<li>tasas y maleta<\/li>\n<li>Catering de salida al aeropuerto (bocadillo, fruta y agua)<\/li>\n<li>Gu\u00eda acompa\u00f1ante de AIGE + Gu\u00eda local en Reikiavik<\/li>\n<li>Autocar local todo el circuito<\/li>\n<li>Hotel 3***<\/li>\n<li>Pensi\u00f3n completa sin bebidas (del desayuno del d\u00eda 2 al almuerzo del d\u00eda 6)<\/li>\n<li>Crucero de avistamiento de ballenas<\/li>\n<li>Crucero en la isla de los frailecillos<\/li>\n<li>Entrada al museo Perlan (simulaci\u00f3n de aurora boreal y cueva de hielo)<\/li>\n<li>Seguro de asistencia en viaje<\/li>\n<\/ul>\n<p><em><strong>Nota sobre el alojamiento: <\/strong><\/em><em><strong>todas las noches en el mismo hotel\u00a0<\/strong><\/em><\/p>","protected":false},"featured_media":289,"template":"","meta":[],"product_cat":[25,95,41],"product_tag":[],"class_list":["post-293","product","type-product","status-publish","has-post-thumbnail","hentry","product_cat-circuits-tot-inclos","product_cat-islandia-3","product_cat-islandia-2"],"yoast_head":"<!-- This site is optimized with the Yoast SEO plugin v21.7 - https:\/\/yoast.com\/wordpress\/plugins\/seo\/ -->\n<title>ISLANDIA, TERRA DE FOC I GEL \u2013 6 DIES - AIGE Viatges<\/title>\n<meta name=\"description\" content=\"Agencia de viajes online | Descubre nuestros viajes inolvidables a ISLANDIA, TERRA DE FOC I GEL \u2013 6 DIES\" \/>\n<meta name=\"robots\" content=\"index, follow, max-snippet:-1, max-image-preview:large, max-video-preview:-1\" \/>\n<link rel=\"canonical\" href=\"https:\/\/aigeviatges.com\/es\/producto\/islandia-tierra-de-fuego-y-hielo-6-dias\/\" \/>\n<meta property=\"og:locale\" content=\"es_ES\" \/>\n<meta property=\"og:type\" content=\"article\" \/>\n<meta property=\"og:title\" content=\"ISLANDIA, TERRA DE FOC I GEL \u2013 6 DIES - AIGE Viatges\" \/>\n<meta property=\"og:description\" content=\"Agencia de viajes online | Descubre nuestros viajes inolvidables a ISLANDIA, TERRA DE FOC I GEL \u2013 6 DIES\" \/>\n<meta property=\"og:url\" content=\"https:\/\/aigeviatges.com\/es\/producto\/islandia-tierra-de-fuego-y-hielo-6-dias\/\" \/>\n<meta property=\"og:site_name\" content=\"AIGE Viatges\" \/>\n<meta property=\"article:publisher\" content=\"https:\/\/www.facebook.com\/viatgesaige\/\" \/>\n<meta property=\"article:modified_time\" content=\"2021-03-18T14:49:05+00:00\" \/>\n<meta property=\"og:image\" content=\"https:\/\/aigeviatges.com\/wp-content\/uploads\/2021\/02\/GULLFOSS.jpg\" \/>\n\t<meta property=\"og:image:width\" content=\"512\" \/>\n\t<meta property=\"og:image:height\" content=\"342\" \/>\n\t<meta property=\"og:image:type\" content=\"image\/jpeg\" \/>\n<meta name=\"twitter:card\" content=\"summary_large_image\" \/>\n<meta name=\"twitter:label1\" content=\"Tiempo de lectura\" \/>\n\t<meta name=\"twitter:data1\" content=\"4 minutos\" \/>\n<script type=\"application\/ld+json\" class=\"yoast-schema-graph\">{\"@context\":\"https:\/\/schema.org\",\"@graph\":[{\"@type\":\"WebPage\",\"@id\":\"https:\/\/aigeviatges.com\/producto\/islandia-terra-de-foc-i-gel-6-dies\/\",\"url\":\"https:\/\/aigeviatges.com\/producto\/islandia-terra-de-foc-i-gel-6-dies\/\",\"name\":\"ISLANDIA, TERRA DE FOC I GEL \u2013 6 DIES - AIGE Viatges\",\"isPartOf\":{\"@id\":\"https:\/\/aigeviatges.com\/#website\"},\"datePublished\":\"2021-02-03T13:27:04+00:00\",\"dateModified\":\"2021-03-18T14:49:05+00:00\",\"description\":\"Agencia de viajes online | Descubre nuestros viajes inolvidables a ISLANDIA, TERRA DE FOC I GEL \u2013 6 DIES\",\"breadcrumb\":{\"@id\":\"https:\/\/aigeviatges.com\/producto\/islandia-terra-de-foc-i-gel-6-dies\/#breadcrumb\"},\"inLanguage\":\"es\",\"potentialAction\":[{\"@type\":\"ReadAction\",\"target\":[\"https:\/\/aigeviatges.com\/producto\/islandia-terra-de-foc-i-gel-6-dies\/\"]}]},{\"@type\":\"BreadcrumbList\",\"@id\":\"https:\/\/aigeviatges.com\/producto\/islandia-terra-de-foc-i-gel-6-dies\/#breadcrumb\",\"itemListElement\":[{\"@type\":\"ListItem\",\"position\":1,\"name\":\"Portada\",\"item\":\"https:\/\/aigeviatges.com\/\"},{\"@type\":\"ListItem\",\"position\":2,\"name\":\"Tienda\",\"item\":\"https:\/\/aigeviatges.com\/tienda-2\/\"},{\"@type\":\"ListItem\",\"position\":3,\"name\":\"ISLANDIA, TERRA DE FOC I GEL \u2013 6 DIES\"}]},{\"@type\":\"WebSite\",\"@id\":\"https:\/\/aigeviatges.com\/#website\",\"url\":\"https:\/\/aigeviatges.com\/\",\"name\":\"AIGE Viatges\",\"description\":\"Agencia de viajes especializada en producto propio para grupos.\",\"publisher\":{\"@id\":\"https:\/\/aigeviatges.com\/#organization\"},\"potentialAction\":[{\"@type\":\"SearchAction\",\"target\":{\"@type\":\"EntryPoint\",\"urlTemplate\":\"https:\/\/aigeviatges.com\/?s={search_term_string}\"},\"query-input\":\"required name=search_term_string\"}],\"inLanguage\":\"es\"},{\"@type\":\"Organization\",\"@id\":\"https:\/\/aigeviatges.com\/#organization\",\"name\":\"AIGE Viatges\",\"url\":\"https:\/\/aigeviatges.com\/\",\"logo\":{\"@type\":\"ImageObject\",\"inLanguage\":\"es\",\"@id\":\"https:\/\/aigeviatges.com\/#\/schema\/logo\/image\/\",\"url\":\"https:\/\/aigeviatges.com\/wp-content\/uploads\/2020\/03\/aig-viatges-logo-web.png\",\"contentUrl\":\"https:\/\/aigeviatges.com\/wp-content\/uploads\/2020\/03\/aig-viatges-logo-web.png\",\"width\":600,\"height\":166,\"caption\":\"AIGE Viatges\"},\"image\":{\"@id\":\"https:\/\/aigeviatges.com\/#\/schema\/logo\/image\/\"},\"sameAs\":[\"https:\/\/www.facebook.com\/viatgesaige\/\"]}]}<\/script>\n<!-- \/ Yoast SEO plugin. -->","yoast_head_json":{"title":"ISLANDIA, TERRA DE FOC I GEL \u2013 6 DIES - AIGE Viatges","description":"Agencia de viajes online | Descubre nuestros viajes inolvidables a ISLANDIA, TERRA DE FOC I GEL \u2013 6 DIES","robots":{"index":"index","follow":"follow","max-snippet":"max-snippet:-1","max-image-preview":"max-image-preview:large","max-video-preview":"max-video-preview:-1"},"canonical":"https:\/\/aigeviatges.com\/es\/producto\/islandia-tierra-de-fuego-y-hielo-6-dias\/","og_locale":"es_ES","og_type":"article","og_title":"ISLANDIA, TERRA DE FOC I GEL \u2013 6 DIES - AIGE Viatges","og_description":"Agencia de viajes online | Descubre nuestros viajes inolvidables a ISLANDIA, TERRA DE FOC I GEL \u2013 6 DIES","og_url":"https:\/\/aigeviatges.com\/es\/producto\/islandia-tierra-de-fuego-y-hielo-6-dias\/","og_site_name":"AIGE Viatges","article_publisher":"https:\/\/www.facebook.com\/viatgesaige\/","article_modified_time":"2021-03-18T14:49:05+00:00","og_image":[{"width":512,"height":342,"url":"https:\/\/aigeviatges.com\/wp-content\/uploads\/2021\/02\/GULLFOSS.jpg","type":"image\/jpeg"}],"twitter_card":"summary_large_image","twitter_misc":{"Tiempo de lectura":"4 minutos"},"schema":{"@context":"https:\/\/schema.org","@graph":[{"@type":"WebPage","@id":"https:\/\/aigeviatges.com\/producto\/islandia-terra-de-foc-i-gel-6-dies\/","url":"https:\/\/aigeviatges.com\/producto\/islandia-terra-de-foc-i-gel-6-dies\/","name":"ISLANDIA, TERRA DE FOC I GEL \u2013 6 DIES - AIGE Viatges","isPartOf":{"@id":"https:\/\/aigeviatges.com\/#website"},"datePublished":"2021-02-03T13:27:04+00:00","dateModified":"2021-03-18T14:49:05+00:00","description":"Agencia de viajes online | Descubre nuestros viajes inolvidables a ISLANDIA, TERRA DE FOC I GEL \u2013 6 DIES","breadcrumb":{"@id":"https:\/\/aigeviatges.com\/producto\/islandia-terra-de-foc-i-gel-6-dies\/#breadcrumb"},"inLanguage":"es","potentialAction":[{"@type":"ReadAction","target":["https:\/\/aigeviatges.com\/producto\/islandia-terra-de-foc-i-gel-6-dies\/"]}]},{"@type":"BreadcrumbList","@id":"https:\/\/aigeviatges.com\/producto\/islandia-terra-de-foc-i-gel-6-dies\/#breadcrumb","itemListElement":[{"@type":"ListItem","position":1,"name":"Portada","item":"https:\/\/aigeviatges.com\/"},{"@type":"ListItem","position":2,"name":"Tienda","item":"https:\/\/aigeviatges.com\/tienda-2\/"},{"@type":"ListItem","position":3,"name":"ISLANDIA, TERRA DE FOC I GEL \u2013 6 DIES"}]},{"@type":"WebSite","@id":"https:\/\/aigeviatges.com\/#website","url":"https:\/\/aigeviatges.com\/","name":"AIGE Viatges","description":"Agencia de viajes especializada en producto propio para grupos.","publisher":{"@id":"https:\/\/aigeviatges.com\/#organization"},"potentialAction":[{"@type":"SearchAction","target":{"@type":"EntryPoint","urlTemplate":"https:\/\/aigeviatges.com\/?s={search_term_string}"},"query-input":"required name=search_term_string"}],"inLanguage":"es"},{"@type":"Organization","@id":"https:\/\/aigeviatges.com\/#organization","name":"AIGE Viatges","url":"https:\/\/aigeviatges.com\/","logo":{"@type":"ImageObject","inLanguage":"es","@id":"https:\/\/aigeviatges.com\/#\/schema\/logo\/image\/","url":"https:\/\/aigeviatges.com\/wp-content\/uploads\/2020\/03\/aig-viatges-logo-web.png","contentUrl":"https:\/\/aigeviatges.com\/wp-content\/uploads\/2020\/03\/aig-viatges-logo-web.png","width":600,"height":166,"caption":"AIGE Viatges"},"image":{"@id":"https:\/\/aigeviatges.com\/#\/schema\/logo\/image\/"},"sameAs":["https:\/\/www.facebook.com\/viatgesaige\/"]}]}},"jetpack_sharing_enabled":true,"jetpack_likes_enabled":false,"_links":{"self":[{"href":"https:\/\/aigeviatges.com\/es\/wp-json\/wp\/v2\/product\/293","targetHints":{"allow":["GET"]}}],"collection":[{"href":"https:\/\/aigeviatges.com\/es\/wp-json\/wp\/v2\/product"}],"about":[{"href":"https:\/\/aigeviatges.com\/es\/wp-json\/wp\/v2\/types\/product"}],"wp:featuredmedia":[{"embeddable":true,"href":"https:\/\/aigeviatges.com\/es\/wp-json\/wp\/v2\/media\/289"}],"wp:attachment":[{"href":"https:\/\/aigeviatges.com\/es\/wp-json\/wp\/v2\/media?parent=293"}],"wp:term":[{"taxonomy":"product_cat","embeddable":true,"href":"https:\/\/aigeviatges.com\/es\/wp-json\/wp\/v2\/product_cat?post=293"},{"taxonomy":"product_tag","embeddable":true,"href":"https:\/\/aigeviatges.com\/es\/wp-json\/wp\/v2\/product_tag?post=293"}],"curies":[{"name":"wp","href":"https:\/\/api.w.org\/{rel}","templated":true}]}}