{"id":2607,"date":"2023-11-08T12:58:39","date_gmt":"2023-11-08T12:58:39","guid":{"rendered":"https:\/\/aigeviatges.com\/?post_type=product&#038;p=2607"},"modified":"2024-09-10T10:18:44","modified_gmt":"2024-09-10T08:18:44","slug":"joiesparisifontainebleau","status":"publish","type":"product","link":"https:\/\/aigeviatges.com\/es\/producto\/joyasdeparisyfontainebleau\/","title":{"rendered":"Joyas de Paris y Fontainebleau \u2013 COMPLETO"},"content":{"rendered":"<p><strong>D\u00eda 1: BARCELONA \u2013 PARIS \u2013 FONTAINEBLEAU<br \/>\n<\/strong>Salida en avi\u00f3n a Par\u00eds. Llegada y traslado a Fontainebleau. Almuerzo. Visita del <strong><em>Palacio de Fontainebleau<\/em><\/strong>. Residencia de 34 reyes y 2 Emperadores, el \u00fanico palacio habitado por todos los soberanos franceses durante unos 8 siglos. Con 1500 piezas, es uno de los mayores palacios de Francia, y el m\u00e1s amueblado de Europa. Descubriremos las obras de arte del renacimiento, encargadas por el rey Fran\u00e7ois I, las grandes obras de Henri IV, los interiores refinados de Marie-Antoinette, el apartamento de Napole\u00f3n. Cena y alojamiento.<\/p>\n<p><strong>D\u00eda 2: VISITA DE PARIS - OPERA GARNIER<\/strong><br \/>\nVisita <strong><em>panor\u00e1mica de Par\u00eds de d\u00eda<\/em><\/strong>, podremos contemplar, el Arco del Triunfo, el Trocadero, los Champs Elyse\u00e8s, plaza de la Concordia, teatro de la Opera, Los Inv\u00e1lidos\u2026etc. Almuerzo. Por la tarde visitaremos el interior de la <strong><em>Opera Garnier<\/em><\/strong>, de gran belleza arquitect\u00f3nica. Nos maravillar\u00e1 visitar los salones del sol, de la luna y la gran escalinata de la \u00e9poca del emperador Napole\u00f3n III. Cena y alojamiento<\/p>\n<p><strong>D\u00eda 3:\u00a0<\/strong> <strong>LA CONCIERGERIE \u2013 SAINTE CHAPELLE \u2013 (CENA EN CRUCERO)<\/strong><em><br \/>\n<\/em><\/p>\n<p>Por la ma\u00f1ana visitaremos <strong><em>la Conserjer\u00eda<\/em><\/strong>, residencia real hasta 1392, se convirti\u00f3 en una de las prisiones m\u00e1s duras de Francia. Estuvo en ella un tiempo la reina Mar\u00eda Antonieta, antes de morir en la guillotina en 1793. Veremos una reconstrucci\u00f3n de su celda.<\/p>\n<p>Seguidamente visitaremos la <strong><em>Sainte Chapelle<\/em><\/strong>, una de las grandes joyas g\u00f3ticas Patrimonio de la Humanidad por la UNESCO. Construida para albergar las reliquias de la Pasi\u00f3n de Cristo (la Corona de Espinas y un pedazo de la Santa Cruz). En el interior, podremos ver las famosas vidrieras de 15 m. de altura que muestran m\u00e1s de 1000 escenas del Nuevo y del Antiguo Testamento. Almuerzo.<\/p>\n<p>Por la noche ya la hora indicada iremos a <strong><em>CENA en un crucero por el Sena (se incluye el vino)<\/em><\/strong> <strong>(hay que ir bien vestido), <\/strong>podremos disfrutar de las Joyas iluminadas mientras vamos en barco cenando y contemplando el <strong>Par\u00eds \u201cla nuit\u201d<\/strong>\u00a0 para acabar con una visita nocturna en autocar por la capital de Francia<\/p>\n<p><strong>D\u00eda 4: TORRE MONTPARNASSE \u2013 BARRIO LATI \u2013 LE MOULIN ROUGE (opcional)<em><br \/>\n<\/em><\/strong>Subida a la <strong><em>Torre Montparnasse<\/em><\/strong>\u2014la mejor vista de Par\u00eds. Continuaremos dando un paseo por el antiqu\u00edsimo <strong><em>barrio latino<\/em><\/strong>, en las inmediaciones de La Sorbona y del Pante\u00f3n, por la plaza Saint Michel hasta llegar a los Jardines de Luxemburgo, donde podremos descansar rodeados de un maravilloso jard\u00edn. Cena. Por la noche asistencia <strong>-opcional-<\/strong> en el espect\u00e1culo de<strong><em> Le Moulin Rouge<\/em><\/strong> <strong>(se incluye: entrada, \u00bd botella de Champagne x persona y transporte.<\/strong><\/p>\n<p><strong>D\u00eda 5: PARIS \u2013 MONTMARTRE \u2013 BARCELONA<em><br \/>\n<\/em><\/strong>Visitaremos el barrio bohemio de <strong><em>Montmartre y la Bas\u00edlica del Sagrado Coraz\u00f3n<\/em><\/strong>. Dispondremos de tiempo libre en el barrio de los artistas. Almuerzo. Traslado al aeropuerto. Salida en avi\u00f3n a Barcelona<\/p>\n<p>&nbsp;<\/p>","protected":false},"excerpt":{"rendered":"<p><strong>INCLUYE:<\/strong><\/p>\n<ul>\n<li>Avi\u00f3n (vuelo directo) + Maleta (15 kg) y tasas<\/li>\n<li>Autocar local y gu\u00eda AIGE desde\/hasta BCN<\/li>\n<li>Traslado aeropuerto (desde Terrassa)<\/li>\n<li>Hotel 3* tipo IBIS o similar<\/li>\n<li>Pensi\u00f3n completa con agua<\/li>\n<li>Entradas: Palacio Fontainebleau, Opera Garnier, Conserjer\u00eda, Sainte Chapelle, Torre Montparnasse<\/li>\n<li>Cena crucero por el Sena &#039;Paris iluminat&#039;<\/li>\n<li>Seguro viaje<\/li>\n<\/ul>\n<p><strong>NO INCLUYE:<\/strong><\/p>\n<ul>\n<li>Bebidas<\/li>\n<li>Seguro opcional de anulaci\u00f3n con coberturas COVID<\/li>\n<\/ul>\n<p><span style=\"color: #808080;\"><em>Es necesario un m\u00ednimo de 20 personas para garantizar la operatividad del circuito.<\/em><\/span><br \/>\n<span style=\"color: #808080;\"><em>Si no se llega a esta cantidad de participantes, se comunicar\u00e1 con anticipaci\u00f3n y se intentar\u00e1 ofrecer una alternativa similar.<\/em><\/span><\/p>","protected":false},"featured_media":2991,"template":"","meta":[],"product_cat":[18],"product_tag":[],"class_list":["post-2607","product","type-product","status-publish","has-post-thumbnail","hentry","product_cat-circuitos-todo-incluido"],"yoast_head":"<!-- This site is optimized with the Yoast SEO plugin v21.7 - https:\/\/yoast.com\/wordpress\/plugins\/seo\/ -->\n<title>Joies de Paris i Fontainebleau - COMPLET - AIGE Viatges<\/title>\n<meta name=\"description\" content=\"Agencia de viajes online | Descubre nuestros viajes inolvidables a Joies de Paris i Fontainebleau - COMPLET\" \/>\n<meta name=\"robots\" content=\"index, follow, max-snippet:-1, max-image-preview:large, max-video-preview:-1\" \/>\n<link rel=\"canonical\" href=\"https:\/\/aigeviatges.com\/es\/producto\/joyasdeparisyfontainebleau\/\" \/>\n<meta property=\"og:locale\" content=\"es_ES\" \/>\n<meta property=\"og:type\" content=\"article\" \/>\n<meta property=\"og:title\" content=\"Joies de Paris i Fontainebleau - COMPLET - AIGE Viatges\" \/>\n<meta property=\"og:description\" content=\"Agencia de viajes online | Descubre nuestros viajes inolvidables a Joies de Paris i Fontainebleau - COMPLET\" \/>\n<meta property=\"og:url\" content=\"https:\/\/aigeviatges.com\/es\/producto\/joyasdeparisyfontainebleau\/\" \/>\n<meta property=\"og:site_name\" content=\"AIGE Viatges\" \/>\n<meta property=\"article:publisher\" content=\"https:\/\/www.facebook.com\/viatgesaige\/\" \/>\n<meta property=\"article:modified_time\" content=\"2024-09-10T08:18:44+00:00\" \/>\n<meta property=\"og:image\" content=\"https:\/\/aigeviatges.com\/wp-content\/uploads\/2023\/11\/Imagen4.jpg\" \/>\n\t<meta property=\"og:image:width\" content=\"488\" \/>\n\t<meta property=\"og:image:height\" content=\"325\" \/>\n\t<meta property=\"og:image:type\" content=\"image\/jpeg\" \/>\n<meta name=\"twitter:card\" content=\"summary_large_image\" \/>\n<meta name=\"twitter:label1\" content=\"Tiempo de lectura\" \/>\n\t<meta name=\"twitter:data1\" content=\"3 minutos\" \/>\n<script type=\"application\/ld+json\" class=\"yoast-schema-graph\">{\"@context\":\"https:\/\/schema.org\",\"@graph\":[{\"@type\":\"WebPage\",\"@id\":\"https:\/\/aigeviatges.com\/producto\/joiesparisifontainebleau\/\",\"url\":\"https:\/\/aigeviatges.com\/producto\/joiesparisifontainebleau\/\",\"name\":\"Joies de Paris i Fontainebleau - COMPLET - AIGE Viatges\",\"isPartOf\":{\"@id\":\"https:\/\/aigeviatges.com\/#website\"},\"datePublished\":\"2023-11-08T12:58:39+00:00\",\"dateModified\":\"2024-09-10T08:18:44+00:00\",\"description\":\"Agencia de viajes online | Descubre nuestros viajes inolvidables a Joies de Paris i Fontainebleau - COMPLET\",\"breadcrumb\":{\"@id\":\"https:\/\/aigeviatges.com\/producto\/joiesparisifontainebleau\/#breadcrumb\"},\"inLanguage\":\"es\",\"potentialAction\":[{\"@type\":\"ReadAction\",\"target\":[\"https:\/\/aigeviatges.com\/producto\/joiesparisifontainebleau\/\"]}]},{\"@type\":\"BreadcrumbList\",\"@id\":\"https:\/\/aigeviatges.com\/producto\/joiesparisifontainebleau\/#breadcrumb\",\"itemListElement\":[{\"@type\":\"ListItem\",\"position\":1,\"name\":\"Portada\",\"item\":\"https:\/\/aigeviatges.com\/\"},{\"@type\":\"ListItem\",\"position\":2,\"name\":\"Tienda\",\"item\":\"https:\/\/aigeviatges.com\/tienda-2\/\"},{\"@type\":\"ListItem\",\"position\":3,\"name\":\"Joies de Paris i Fontainebleau &#8211; COMPLET\"}]},{\"@type\":\"WebSite\",\"@id\":\"https:\/\/aigeviatges.com\/#website\",\"url\":\"https:\/\/aigeviatges.com\/\",\"name\":\"AIGE Viatges\",\"description\":\"Agencia de viajes especializada en producto propio para grupos.\",\"publisher\":{\"@id\":\"https:\/\/aigeviatges.com\/#organization\"},\"potentialAction\":[{\"@type\":\"SearchAction\",\"target\":{\"@type\":\"EntryPoint\",\"urlTemplate\":\"https:\/\/aigeviatges.com\/?s={search_term_string}\"},\"query-input\":\"required name=search_term_string\"}],\"inLanguage\":\"es\"},{\"@type\":\"Organization\",\"@id\":\"https:\/\/aigeviatges.com\/#organization\",\"name\":\"AIGE Viatges\",\"url\":\"https:\/\/aigeviatges.com\/\",\"logo\":{\"@type\":\"ImageObject\",\"inLanguage\":\"es\",\"@id\":\"https:\/\/aigeviatges.com\/#\/schema\/logo\/image\/\",\"url\":\"https:\/\/aigeviatges.com\/wp-content\/uploads\/2020\/03\/aig-viatges-logo-web.png\",\"contentUrl\":\"https:\/\/aigeviatges.com\/wp-content\/uploads\/2020\/03\/aig-viatges-logo-web.png\",\"width\":600,\"height\":166,\"caption\":\"AIGE Viatges\"},\"image\":{\"@id\":\"https:\/\/aigeviatges.com\/#\/schema\/logo\/image\/\"},\"sameAs\":[\"https:\/\/www.facebook.com\/viatgesaige\/\"]}]}<\/script>\n<!-- \/ Yoast SEO plugin. -->","yoast_head_json":{"title":"Joies de Paris i Fontainebleau - COMPLET - AIGE Viatges","description":"Agencia de viajes online | Descubre nuestros viajes inolvidables a Joies de Paris i Fontainebleau - COMPLET","robots":{"index":"index","follow":"follow","max-snippet":"max-snippet:-1","max-image-preview":"max-image-preview:large","max-video-preview":"max-video-preview:-1"},"canonical":"https:\/\/aigeviatges.com\/es\/producto\/joyasdeparisyfontainebleau\/","og_locale":"es_ES","og_type":"article","og_title":"Joies de Paris i Fontainebleau - COMPLET - AIGE Viatges","og_description":"Agencia de viajes online | Descubre nuestros viajes inolvidables a Joies de Paris i Fontainebleau - COMPLET","og_url":"https:\/\/aigeviatges.com\/es\/producto\/joyasdeparisyfontainebleau\/","og_site_name":"AIGE Viatges","article_publisher":"https:\/\/www.facebook.com\/viatgesaige\/","article_modified_time":"2024-09-10T08:18:44+00:00","og_image":[{"width":488,"height":325,"url":"https:\/\/aigeviatges.com\/wp-content\/uploads\/2023\/11\/Imagen4.jpg","type":"image\/jpeg"}],"twitter_card":"summary_large_image","twitter_misc":{"Tiempo de lectura":"3 minutos"},"schema":{"@context":"https:\/\/schema.org","@graph":[{"@type":"WebPage","@id":"https:\/\/aigeviatges.com\/producto\/joiesparisifontainebleau\/","url":"https:\/\/aigeviatges.com\/producto\/joiesparisifontainebleau\/","name":"Joies de Paris i Fontainebleau - COMPLET - AIGE Viatges","isPartOf":{"@id":"https:\/\/aigeviatges.com\/#website"},"datePublished":"2023-11-08T12:58:39+00:00","dateModified":"2024-09-10T08:18:44+00:00","description":"Agencia de viajes online | Descubre nuestros viajes inolvidables a Joies de Paris i Fontainebleau - COMPLET","breadcrumb":{"@id":"https:\/\/aigeviatges.com\/producto\/joiesparisifontainebleau\/#breadcrumb"},"inLanguage":"es","potentialAction":[{"@type":"ReadAction","target":["https:\/\/aigeviatges.com\/producto\/joiesparisifontainebleau\/"]}]},{"@type":"BreadcrumbList","@id":"https:\/\/aigeviatges.com\/producto\/joiesparisifontainebleau\/#breadcrumb","itemListElement":[{"@type":"ListItem","position":1,"name":"Portada","item":"https:\/\/aigeviatges.com\/"},{"@type":"ListItem","position":2,"name":"Tienda","item":"https:\/\/aigeviatges.com\/tienda-2\/"},{"@type":"ListItem","position":3,"name":"Joies de Paris i Fontainebleau &#8211; COMPLET"}]},{"@type":"WebSite","@id":"https:\/\/aigeviatges.com\/#website","url":"https:\/\/aigeviatges.com\/","name":"AIGE Viatges","description":"Agencia de viajes especializada en producto propio para grupos.","publisher":{"@id":"https:\/\/aigeviatges.com\/#organization"},"potentialAction":[{"@type":"SearchAction","target":{"@type":"EntryPoint","urlTemplate":"https:\/\/aigeviatges.com\/?s={search_term_string}"},"query-input":"required name=search_term_string"}],"inLanguage":"es"},{"@type":"Organization","@id":"https:\/\/aigeviatges.com\/#organization","name":"AIGE Viatges","url":"https:\/\/aigeviatges.com\/","logo":{"@type":"ImageObject","inLanguage":"es","@id":"https:\/\/aigeviatges.com\/#\/schema\/logo\/image\/","url":"https:\/\/aigeviatges.com\/wp-content\/uploads\/2020\/03\/aig-viatges-logo-web.png","contentUrl":"https:\/\/aigeviatges.com\/wp-content\/uploads\/2020\/03\/aig-viatges-logo-web.png","width":600,"height":166,"caption":"AIGE Viatges"},"image":{"@id":"https:\/\/aigeviatges.com\/#\/schema\/logo\/image\/"},"sameAs":["https:\/\/www.facebook.com\/viatgesaige\/"]}]}},"jetpack_sharing_enabled":true,"jetpack_likes_enabled":false,"_links":{"self":[{"href":"https:\/\/aigeviatges.com\/es\/wp-json\/wp\/v2\/product\/2607","targetHints":{"allow":["GET"]}}],"collection":[{"href":"https:\/\/aigeviatges.com\/es\/wp-json\/wp\/v2\/product"}],"about":[{"href":"https:\/\/aigeviatges.com\/es\/wp-json\/wp\/v2\/types\/product"}],"wp:featuredmedia":[{"embeddable":true,"href":"https:\/\/aigeviatges.com\/es\/wp-json\/wp\/v2\/media\/2991"}],"wp:attachment":[{"href":"https:\/\/aigeviatges.com\/es\/wp-json\/wp\/v2\/media?parent=2607"}],"wp:term":[{"taxonomy":"product_cat","embeddable":true,"href":"https:\/\/aigeviatges.com\/es\/wp-json\/wp\/v2\/product_cat?post=2607"},{"taxonomy":"product_tag","embeddable":true,"href":"https:\/\/aigeviatges.com\/es\/wp-json\/wp\/v2\/product_tag?post=2607"}],"curies":[{"name":"wp","href":"https:\/\/api.w.org\/{rel}","templated":true}]}}