{"id":1808,"date":"2023-06-23T12:43:10","date_gmt":"2023-06-23T12:43:10","guid":{"rendered":"https:\/\/aigeviatges.com\/?post_type=product&#038;p=1808"},"modified":"2025-10-01T00:48:24","modified_gmt":"2025-09-30T22:48:24","slug":"llacsitalia17jul24","status":"publish","type":"product","link":"https:\/\/aigeviatges.com\/es\/producto\/lagositalia17jul24\/","title":{"rendered":"LAGO DEL NORTE DE ITALIA \u2013 COMPLETO"},"content":{"rendered":"<p>D\u00eda 1: BARCELONA - MILAN - HOTEL<br \/>\nSalida en avi\u00f3n a Milan. <strong><u>Almuerzo en rte<\/u><\/strong>. Visita panor\u00e1mica <strong><em>con gu\u00eda local<\/em><\/strong> de la ciudad. Destaca el castillo de Sforza, la Galer\u00eda Vittorio Emmanuel y el impresionante Duomo (catedral), el cual <strong><em>visitaremos por dentro<\/em><\/strong>. Continuaci\u00f3n en los alrededores de Milan. Acomodaci\u00f3n en el hotel. Cena y alojamiento.<\/p>\n<p>D\u00eda 2: LAGO DI GARDA \u2013 SIRMIONE<br \/>\nSalida a <strong><em>Sirmione<\/em><\/strong>, encantador pueblecito en la acera del lago Di Garda, bonita poblaci\u00f3n medieval situada en una pen\u00ednsula donde daremos un paseo por las t\u00edpicas callejuelas del casco antiguo que cuenta con el castillo medieval de los Scaligera y la iglesia. Por la tarde dispondremos de tiempo a orillas del lago. Regreso al hotel. Cena y alojamiento.<\/p>\n<p>D\u00eda 3: LAGO DI COMO - BELLAGIO - TREMEZZO - VILLA CARLOTTA<br \/>\nSalida a <strong>Lecco<\/strong>. <strong><em>A bordo de un barco<\/em><\/strong> nos trasladaremos a la encantadora poblaci\u00f3n de <strong><em>Bellaggio<\/em><\/strong>, uno de los pueblos m\u00e1s bonitos de toda Italia. Almuerzo y traslado en barco a Tremezzo donde visitaremos la famosa <strong><em>Villa Carlotta<\/em><\/strong><em>, <\/em>la joya del Lago, se construy\u00f3 en 1745 para un marqu\u00e9s de Mil\u00e1n. Los muebles de \u00e9poca, ciertas obras de arte excepcionales y sus impresionantes jardines nos maravillar\u00e1n. Regreso al hotel. Cena y alojamiento.<\/p>\n<p>D\u00eda 4: LAGO DI ISEO<br \/>\nSalida al lago <strong>Iseo, <\/strong>el m\u00e1s peque\u00f1o del norte de Italia y el m\u00e1s curioso de todos ellos. Visitaremos la capital, Iseo, junto al lago, el casco antiguo y los antiguos edificios porticados conservan el aspecto medieval. Almuerzo. Por la tarde haremos un <strong><em>crucero por las tres islas<\/em><\/strong> del lago: <strong>Monte Isola: <\/strong>la mayor del lago; <strong>Isola di Loreto<\/strong>: lugar de encuentro de pescadores, comerciantes y peregrinos; <strong>Isola di San Paolo: <\/strong>una peque\u00f1a isla de propiedad privada. Regreso al hotel. Cena y alojamiento.<\/p>\n<p>D\u00eda 5: LAGO MAGGIORE \u2013 ISLAS BORROMEAS (Isolas Bella, dei Pescatori y Madre)<br \/>\nVisita del <strong>Lago Maggiore y las islas Borromeas,<\/strong> llamadas las perlas del lago. Desde Stresa, navegaremos a bordo del barco hasta Isola Bella, donde visitaremos el <strong><em>palacio de los Borromeas<\/em><\/strong>, una familia que hoy en d\u00eda todav\u00eda es propietaria. Seguiremos en la <strong><em>isola dei Pescatori<\/em><\/strong> donde disfrutaremos de un ambiente de calles estrechas y casas de pescadores. Almuerzo. Seguiremos con la visita a la <strong><em>Isola Madre<\/em><\/strong> donde hay un interesante <strong><em>jard\u00edn bot\u00e1nico<\/em> <\/strong>y podremos disfrutar de una gran variedad de plantas y flores. Regreso al hotel. Cena y alojamiento.<\/p>\n<p>D\u00eda 6: COMO \u2013 FUNICULAR EN BRUNATE \u2013 LAGO DI LUGANO \u2013 BARCELONA<br \/>\nSalida a <strong><em>Como<\/em><\/strong>, la capital del lago, visitaremos a pie esta sorprendente ciudad. Subiremos en <strong><em>funicular<\/em><\/strong> hasta el peque\u00f1o pueblo de Brunate, situado en lo alto de la monta\u00f1a. Almuerzo en restaurante. Continuaci\u00f3n de la ruta a la vecina Suiza bordeando el lago hasta llegar a <strong><em>Lugano<\/em><\/strong>. Visitaremos el centro hist\u00f3rico. Traslado al aeropuerto. Salida en avi\u00f3n a BCN. Llegada y traslado al pino de nuestros servicios.<\/p>","protected":false},"excerpt":{"rendered":"<p><strong>INCLUYE:<\/strong><\/p>\n<ul>\n<li>Avi\u00f3n BCN - MILAN - BCN + Maleta (20 kg) y tasas<\/li>\n<li>Autocar local y gu\u00eda acompa\u00f1ante<\/li>\n<li>Hotel 3***<\/li>\n<li>Pensi\u00f3n completa con agua<\/li>\n<li>Gu\u00eda local en Milan e Isola Bella (Palau Borromeo)<\/li>\n<li>Entrada en el Duomo de Mil\u00e1n, Palau Borromeo y Villa Carlotta<\/li>\n<li>Barco Lecco \u2013 Bellagio \u2013 Tremezzo<\/li>\n<li>Barco Stresa \u2013 Isola Bella \u2013 Pescatorio \u2013 Madre \u2013 Stresa<\/li>\n<li>Barco Iseo - Monte Isola - Di Loreto - San Paolo - Iseo<\/li>\n<li>Funicular Como - Brunate<\/li>\n<li>Seguro viaje<\/li>\n<\/ul>\n<p>&nbsp;<\/p>\n<p><strong>NO INCLUYE:<\/strong><\/p>\n<ul>\n<li>Traslados al aeropuerto de BCN<\/li>\n<li>Bebidas en las comidas (excepto agua)<\/li>\n<li>Seguro opcional de anulaci\u00f3n con coberturas COVID<span class=\"Apple-converted-space\">\u00a0 <\/span>(45 \u20ac)<\/li>\n<\/ul>\n<p>&nbsp;<\/p>","protected":false},"featured_media":2837,"template":"","meta":[],"product_cat":[18],"product_tag":[],"class_list":["post-1808","product","type-product","status-publish","has-post-thumbnail","hentry","product_cat-circuitos-todo-incluido"],"yoast_head":"<!-- This site is optimized with the Yoast SEO plugin v21.7 - https:\/\/yoast.com\/wordpress\/plugins\/seo\/ -->\n<title>LLACS DEL NORD D&#039;ITALIA AIGE Viatges<\/title>\n<meta name=\"description\" content=\"Ag\u00e8ncia de viatges en l\u00ednia LLACS DEL NORD D&#039;ITALIA - COMPLETO LLACS DEL NORD D&#039;ITALIA Ag\u00e8ncia de viatges en l\u00ednia\" \/>\n<meta name=\"robots\" content=\"index, follow, max-snippet:-1, max-image-preview:large, max-video-preview:-1\" \/>\n<link rel=\"canonical\" href=\"https:\/\/aigeviatges.com\/es\/producto\/lagositalia17jul24\/\" \/>\n<meta property=\"og:locale\" content=\"es_ES\" \/>\n<meta property=\"og:type\" content=\"article\" \/>\n<meta property=\"og:title\" content=\"LLACS DEL NORD D&#039;ITALIA AIGE Viatges\" \/>\n<meta property=\"og:description\" content=\"Ag\u00e8ncia de viatges en l\u00ednia LLACS DEL NORD D&#039;ITALIA - COMPLETO LLACS DEL NORD D&#039;ITALIA Ag\u00e8ncia de viatges en l\u00ednia\" \/>\n<meta property=\"og:url\" content=\"https:\/\/aigeviatges.com\/es\/producto\/lagositalia17jul24\/\" \/>\n<meta property=\"og:site_name\" content=\"AIGE Viatges\" \/>\n<meta property=\"article:publisher\" content=\"https:\/\/www.facebook.com\/viatgesaige\/\" \/>\n<meta property=\"article:modified_time\" content=\"2025-09-30T22:48:24+00:00\" \/>\n<meta property=\"og:image\" content=\"https:\/\/aigeviatges.com\/wp-content\/uploads\/2023\/06\/bella.jpeg\" \/>\n\t<meta property=\"og:image:width\" content=\"1386\" \/>\n\t<meta property=\"og:image:height\" content=\"924\" \/>\n\t<meta property=\"og:image:type\" content=\"image\/jpeg\" \/>\n<meta name=\"twitter:card\" content=\"summary_large_image\" \/>\n<meta name=\"twitter:label1\" content=\"Tiempo de lectura\" \/>\n\t<meta name=\"twitter:data1\" content=\"3 minutos\" \/>\n<script type=\"application\/ld+json\" class=\"yoast-schema-graph\">{\"@context\":\"https:\/\/schema.org\",\"@graph\":[{\"@type\":\"WebPage\",\"@id\":\"https:\/\/aigeviatges.com\/producto\/llacsitalia17jul24\/\",\"url\":\"https:\/\/aigeviatges.com\/producto\/llacsitalia17jul24\/\",\"name\":\"LLACS DEL NORD D'ITALIA AIGE Viatges\",\"isPartOf\":{\"@id\":\"https:\/\/aigeviatges.com\/#website\"},\"datePublished\":\"2023-06-23T12:43:10+00:00\",\"dateModified\":\"2025-09-30T22:48:24+00:00\",\"description\":\"Ag\u00e8ncia de viatges en l\u00ednia LLACS DEL NORD D'ITALIA - COMPLETO LLACS DEL NORD D'ITALIA Ag\u00e8ncia de viatges en l\u00ednia\",\"breadcrumb\":{\"@id\":\"https:\/\/aigeviatges.com\/producto\/llacsitalia17jul24\/#breadcrumb\"},\"inLanguage\":\"es\",\"potentialAction\":[{\"@type\":\"ReadAction\",\"target\":[\"https:\/\/aigeviatges.com\/producto\/llacsitalia17jul24\/\"]}]},{\"@type\":\"BreadcrumbList\",\"@id\":\"https:\/\/aigeviatges.com\/producto\/llacsitalia17jul24\/#breadcrumb\",\"itemListElement\":[{\"@type\":\"ListItem\",\"position\":1,\"name\":\"Portada\",\"item\":\"https:\/\/aigeviatges.com\/\"},{\"@type\":\"ListItem\",\"position\":2,\"name\":\"Tienda\",\"item\":\"https:\/\/aigeviatges.com\/tienda-2\/\"},{\"@type\":\"ListItem\",\"position\":3,\"name\":\"LLACS DEL NORD D&#8217;ITALIA &#8211; COMPLETO\"}]},{\"@type\":\"WebSite\",\"@id\":\"https:\/\/aigeviatges.com\/#website\",\"url\":\"https:\/\/aigeviatges.com\/\",\"name\":\"AIGE Viatges\",\"description\":\"Agencia de viajes especializada en producto propio para grupos.\",\"publisher\":{\"@id\":\"https:\/\/aigeviatges.com\/#organization\"},\"potentialAction\":[{\"@type\":\"SearchAction\",\"target\":{\"@type\":\"EntryPoint\",\"urlTemplate\":\"https:\/\/aigeviatges.com\/?s={search_term_string}\"},\"query-input\":\"required name=search_term_string\"}],\"inLanguage\":\"es\"},{\"@type\":\"Organization\",\"@id\":\"https:\/\/aigeviatges.com\/#organization\",\"name\":\"AIGE Viatges\",\"url\":\"https:\/\/aigeviatges.com\/\",\"logo\":{\"@type\":\"ImageObject\",\"inLanguage\":\"es\",\"@id\":\"https:\/\/aigeviatges.com\/#\/schema\/logo\/image\/\",\"url\":\"https:\/\/aigeviatges.com\/wp-content\/uploads\/2020\/03\/aig-viatges-logo-web.png\",\"contentUrl\":\"https:\/\/aigeviatges.com\/wp-content\/uploads\/2020\/03\/aig-viatges-logo-web.png\",\"width\":600,\"height\":166,\"caption\":\"AIGE Viatges\"},\"image\":{\"@id\":\"https:\/\/aigeviatges.com\/#\/schema\/logo\/image\/\"},\"sameAs\":[\"https:\/\/www.facebook.com\/viatgesaige\/\"]}]}<\/script>\n<!-- \/ Yoast SEO plugin. -->","yoast_head_json":{"title":"LLACS DEL NORD D'ITALIA AIGE Viatges","description":"Ag\u00e8ncia de viatges en l\u00ednia LLACS DEL NORD D'ITALIA - COMPLETO LLACS DEL NORD D'ITALIA Ag\u00e8ncia de viatges en l\u00ednia","robots":{"index":"index","follow":"follow","max-snippet":"max-snippet:-1","max-image-preview":"max-image-preview:large","max-video-preview":"max-video-preview:-1"},"canonical":"https:\/\/aigeviatges.com\/es\/producto\/lagositalia17jul24\/","og_locale":"es_ES","og_type":"article","og_title":"LLACS DEL NORD D'ITALIA AIGE Viatges","og_description":"Ag\u00e8ncia de viatges en l\u00ednia LLACS DEL NORD D'ITALIA - COMPLETO LLACS DEL NORD D'ITALIA Ag\u00e8ncia de viatges en l\u00ednia","og_url":"https:\/\/aigeviatges.com\/es\/producto\/lagositalia17jul24\/","og_site_name":"AIGE Viatges","article_publisher":"https:\/\/www.facebook.com\/viatgesaige\/","article_modified_time":"2025-09-30T22:48:24+00:00","og_image":[{"width":1386,"height":924,"url":"https:\/\/aigeviatges.com\/wp-content\/uploads\/2023\/06\/bella.jpeg","type":"image\/jpeg"}],"twitter_card":"summary_large_image","twitter_misc":{"Tiempo de lectura":"3 minutos"},"schema":{"@context":"https:\/\/schema.org","@graph":[{"@type":"WebPage","@id":"https:\/\/aigeviatges.com\/producto\/llacsitalia17jul24\/","url":"https:\/\/aigeviatges.com\/producto\/llacsitalia17jul24\/","name":"LLACS DEL NORD D'ITALIA AIGE Viatges","isPartOf":{"@id":"https:\/\/aigeviatges.com\/#website"},"datePublished":"2023-06-23T12:43:10+00:00","dateModified":"2025-09-30T22:48:24+00:00","description":"Ag\u00e8ncia de viatges en l\u00ednia LLACS DEL NORD D'ITALIA - COMPLETO LLACS DEL NORD D'ITALIA Ag\u00e8ncia de viatges en l\u00ednia","breadcrumb":{"@id":"https:\/\/aigeviatges.com\/producto\/llacsitalia17jul24\/#breadcrumb"},"inLanguage":"es","potentialAction":[{"@type":"ReadAction","target":["https:\/\/aigeviatges.com\/producto\/llacsitalia17jul24\/"]}]},{"@type":"BreadcrumbList","@id":"https:\/\/aigeviatges.com\/producto\/llacsitalia17jul24\/#breadcrumb","itemListElement":[{"@type":"ListItem","position":1,"name":"Portada","item":"https:\/\/aigeviatges.com\/"},{"@type":"ListItem","position":2,"name":"Tienda","item":"https:\/\/aigeviatges.com\/tienda-2\/"},{"@type":"ListItem","position":3,"name":"LLACS DEL NORD D&#8217;ITALIA &#8211; COMPLETO"}]},{"@type":"WebSite","@id":"https:\/\/aigeviatges.com\/#website","url":"https:\/\/aigeviatges.com\/","name":"AIGE Viatges","description":"Agencia de viajes especializada en producto propio para grupos.","publisher":{"@id":"https:\/\/aigeviatges.com\/#organization"},"potentialAction":[{"@type":"SearchAction","target":{"@type":"EntryPoint","urlTemplate":"https:\/\/aigeviatges.com\/?s={search_term_string}"},"query-input":"required name=search_term_string"}],"inLanguage":"es"},{"@type":"Organization","@id":"https:\/\/aigeviatges.com\/#organization","name":"AIGE Viatges","url":"https:\/\/aigeviatges.com\/","logo":{"@type":"ImageObject","inLanguage":"es","@id":"https:\/\/aigeviatges.com\/#\/schema\/logo\/image\/","url":"https:\/\/aigeviatges.com\/wp-content\/uploads\/2020\/03\/aig-viatges-logo-web.png","contentUrl":"https:\/\/aigeviatges.com\/wp-content\/uploads\/2020\/03\/aig-viatges-logo-web.png","width":600,"height":166,"caption":"AIGE Viatges"},"image":{"@id":"https:\/\/aigeviatges.com\/#\/schema\/logo\/image\/"},"sameAs":["https:\/\/www.facebook.com\/viatgesaige\/"]}]}},"jetpack_sharing_enabled":true,"jetpack_likes_enabled":false,"_links":{"self":[{"href":"https:\/\/aigeviatges.com\/es\/wp-json\/wp\/v2\/product\/1808","targetHints":{"allow":["GET"]}}],"collection":[{"href":"https:\/\/aigeviatges.com\/es\/wp-json\/wp\/v2\/product"}],"about":[{"href":"https:\/\/aigeviatges.com\/es\/wp-json\/wp\/v2\/types\/product"}],"wp:featuredmedia":[{"embeddable":true,"href":"https:\/\/aigeviatges.com\/es\/wp-json\/wp\/v2\/media\/2837"}],"wp:attachment":[{"href":"https:\/\/aigeviatges.com\/es\/wp-json\/wp\/v2\/media?parent=1808"}],"wp:term":[{"taxonomy":"product_cat","embeddable":true,"href":"https:\/\/aigeviatges.com\/es\/wp-json\/wp\/v2\/product_cat?post=1808"},{"taxonomy":"product_tag","embeddable":true,"href":"https:\/\/aigeviatges.com\/es\/wp-json\/wp\/v2\/product_tag?post=1808"}],"curies":[{"name":"wp","href":"https:\/\/api.w.org\/{rel}","templated":true}]}}