{"id":1703,"date":"2021-08-12T10:01:12","date_gmt":"2021-08-12T10:01:12","guid":{"rendered":"https:\/\/aigeviatges.com\/?post_type=product&#038;p=1703"},"modified":"2024-01-16T08:26:48","modified_gmt":"2024-01-16T08:26:48","slug":"la-cerdanya-ruta-ceretana-6-dies","status":"publish","type":"product","link":"https:\/\/aigeviatges.com\/es\/producto\/la-cerdana-ruta-ceretana-6-dias\/","title":{"rendered":"LA CERDA\u00d1A \u2013 RUTA CERETANA \u2013 6 D\u00cdAS"},"content":{"rendered":"<p><strong>D\u00eda 1: ORIGEN - LA CERDANYA - PUIGCERDA<\/strong><br \/>\nSalida a las 8:00 horas del punto habitual en direcci\u00f3n Ponts, La Seu d&#039;Urgell hasta llegar a La Cerdanya. Acomodaci\u00f3n en el hotel y almuerzo. Por la tarde visitaremos Puigcerd\u00e1. Cena y alojamiento.<\/p>\n<p><strong>D\u00eda 2: MONASTERIO DE SAN MIGUEL DE CUIX\u00c0 \u2013 PRADES<\/strong><br \/>\nSalida a Prades. Visitaremos el Monasterio de Sant Miquel de Cuix\u00e0, uno de los primeros monasterios que adoptaron los usos monacales del benedictismo. Oliba fue abad de ese monasterio y el que transmiti\u00f3 las pautas de la poderosa abad\u00eda. Durante el S. XI se convirti\u00f3 en un importante centro de peregrinaci\u00f3n a causa de las reliquias que atesoraba. Almuerzo en rto. Por la tarde visitaremos Prades y su monumento principal: la iglesia de Saint-Pierre, construida en el siglo XVII. Dentro, podremos admirar el mayor retablo barroco de Francia, obra del gran escultor catal\u00e1n Joseph Sunyer. Regreso al hotel. Cena y alojamiento.<\/p>\n<p><strong>D\u00eda 3: TREN AMARILLO \u2013 VILLEFRANCHE DU CONFLENTE \u2013 CUEVA GRANDES CANALETTES<\/strong><br \/>\nSalida a Mont-Louis\/ La Cabanasse para tomar el Tren Amarillo. En su recorrido tur\u00edstico nos llevar\u00e1 por maravillosos pueblos y valles hasta llegar a Villefranche du Conflent, donde dispondremos de tiempo para admirar su esencia de la Edad Media. Almuerzo en rto. Por la tarde visitaremos la cueva Grandes Canalettes, clasificada patrimonio mundial de la UNESCO y una de las m\u00e1s bonitas cuevas de Francia. Durante el recorrido, conoceremos los secretos de este mundo escondido. Regreso al hotel. Cena y alojamiento.<\/p>\n<p><strong>D\u00eda 4: LA SEDE DE URGELL (RUTA DEL QUESO) \u2013 LLIVIA<\/strong><br \/>\nSalida a La Seu d&#039;Urgell donde haremos la llamada \u201cruta del queso\u201d. Se trata de una visita guiada por las diferentes exposiciones del Espacio Ermengol que pretende contar la historia de la regi\u00f3n a trav\u00e9s del queso y la importancia de la producci\u00f3n lechera para el desarrollo socioecon\u00f3mico de la comarca. Almuerzo en el hotel. Por la tarde nos acercaremos a Ll\u00edvia, villa especial por ser espa\u00f1ola, pero situada en territorio franc\u00e9s. Tiempo libre para pasear por su casco antiguo que da fe del gran pasado hist\u00f3rico de esta bella poblaci\u00f3n. Regreso al hotel. Cena y alojamiento.<\/p>\n<p><strong>D\u00eda 5: 4X4 SANT MART\u00cd DEL CANIG\u00d3 \u2013 VERNET LES BAINS<\/strong><br \/>\nSalida a Vernet les Bains. Desde aqu\u00ed realizaremos una preciosa excursi\u00f3n en 4X4 hasta el monasterio de Sant Mart\u00ed del Canig\u00f3, abad\u00eda rom\u00e1nica del siglo XI, situado a 1.100 m. de altitud, restaurado y restablecido la vida espiritual. Almuerzo en rto. Por la tarde pasearemos por Vernet les Bains, villa termal situada a pies del Canig\u00f3, tambi\u00e9n dicha estaci\u00f3n verde, por la diversidad de plantas y jardines. Regreso al hotel. Cena y alojamiento.<\/p>\n<p><strong>D\u00eda 6: ANDORRA \u2013 HUESO DE CIVIS \u2013 ORIGEN<\/strong><br \/>\nDespu\u00e9s del desayuno, haremos una excursi\u00f3n a Os de Civis. Uno de los pueblos mejor cuidados y bonitos de los Pirineos, con sus calles y casas de piedra por las que parece no haber pasado los a\u00f1os y que albergan una tranquilidad sorprendente. Almuerzo de monta\u00f1a en restaurante. Seguidamente regresaremos a nuestra ciudad de origen.<\/p>","protected":false},"excerpt":{"rendered":"<p><strong>INCLUYE:<\/strong><\/p>\n<ul>\n<li>Autocar y gu\u00eda AIGE<\/li>\n<li>Hotel 3***<\/li>\n<li>Pensi\u00f3n completa ( vino y agua )<\/li>\n<li>Entrada en Sant Miquel de Cuix\u00e0<\/li>\n<li>Entrada en Saint Pierre de Prades<\/li>\n<li>Billete de Tren Amarillo<\/li>\n<li>Entrada a la Cueva Grandes Canalettes<\/li>\n<li>Entrada en El espacio Ermengol de La Seu<\/li>\n<li>4\u00d74 en Sant Mart\u00ed del Canig\u00f3<\/li>\n<li>Almuerzo de monta\u00f1a en Os de Civis<\/li>\n<li>Tasa tur\u00edstica<\/li>\n<li>Seguro de asistencia en viaje<\/li>\n<\/ul>\n<p><strong><em>Nota sobre el alojamiento:\u00a0<\/em><\/strong><strong><em>todas las noches en el mismo hotel<\/em><\/strong><\/p>","protected":false},"featured_media":1705,"template":"","meta":[],"product_cat":[51,37],"product_tag":[],"class_list":["post-1703","product","type-product","status-publish","has-post-thumbnail","hentry","product_cat-amb-autocar","product_cat-circuits-nacional"],"yoast_head":"<!-- This site is optimized with the Yoast SEO plugin v21.7 - https:\/\/yoast.com\/wordpress\/plugins\/seo\/ -->\n<title>LA CERDANYA - RUTA CERETANA - 6 DIES - AIGE Viatges<\/title>\n<meta name=\"description\" content=\"Agencia de viajes online | Descubre nuestros viajes inolvidables a LA CERDANYA - RUTA CERETANA - 6 DIES\" \/>\n<meta name=\"robots\" content=\"index, follow, max-snippet:-1, max-image-preview:large, max-video-preview:-1\" \/>\n<link rel=\"canonical\" href=\"https:\/\/aigeviatges.com\/es\/producto\/la-cerdana-ruta-ceretana-6-dias\/\" \/>\n<meta property=\"og:locale\" content=\"es_ES\" \/>\n<meta property=\"og:type\" content=\"article\" \/>\n<meta property=\"og:title\" content=\"LA CERDANYA - RUTA CERETANA - 6 DIES - AIGE Viatges\" \/>\n<meta property=\"og:description\" content=\"Agencia de viajes online | Descubre nuestros viajes inolvidables a LA CERDANYA - RUTA CERETANA - 6 DIES\" \/>\n<meta property=\"og:url\" content=\"https:\/\/aigeviatges.com\/es\/producto\/la-cerdana-ruta-ceretana-6-dias\/\" \/>\n<meta property=\"og:site_name\" content=\"AIGE Viatges\" \/>\n<meta property=\"article:publisher\" content=\"https:\/\/www.facebook.com\/viatgesaige\/\" \/>\n<meta property=\"article:modified_time\" content=\"2024-01-16T08:26:48+00:00\" \/>\n<meta property=\"og:image\" content=\"https:\/\/aigeviatges.com\/wp-content\/uploads\/2021\/08\/CANAL.jpg\" \/>\n\t<meta property=\"og:image:width\" content=\"720\" \/>\n\t<meta property=\"og:image:height\" content=\"480\" \/>\n\t<meta property=\"og:image:type\" content=\"image\/jpeg\" \/>\n<meta name=\"twitter:card\" content=\"summary_large_image\" \/>\n<meta name=\"twitter:label1\" content=\"Tiempo de lectura\" \/>\n\t<meta name=\"twitter:data1\" content=\"3 minutos\" \/>\n<script type=\"application\/ld+json\" class=\"yoast-schema-graph\">{\"@context\":\"https:\/\/schema.org\",\"@graph\":[{\"@type\":\"WebPage\",\"@id\":\"https:\/\/aigeviatges.com\/producto\/la-cerdanya-ruta-ceretana-6-dies\/\",\"url\":\"https:\/\/aigeviatges.com\/producto\/la-cerdanya-ruta-ceretana-6-dies\/\",\"name\":\"LA CERDANYA - RUTA CERETANA - 6 DIES - AIGE Viatges\",\"isPartOf\":{\"@id\":\"https:\/\/aigeviatges.com\/#website\"},\"datePublished\":\"2021-08-12T10:01:12+00:00\",\"dateModified\":\"2024-01-16T08:26:48+00:00\",\"description\":\"Agencia de viajes online | Descubre nuestros viajes inolvidables a LA CERDANYA - RUTA CERETANA - 6 DIES\",\"breadcrumb\":{\"@id\":\"https:\/\/aigeviatges.com\/producto\/la-cerdanya-ruta-ceretana-6-dies\/#breadcrumb\"},\"inLanguage\":\"es\",\"potentialAction\":[{\"@type\":\"ReadAction\",\"target\":[\"https:\/\/aigeviatges.com\/producto\/la-cerdanya-ruta-ceretana-6-dies\/\"]}]},{\"@type\":\"BreadcrumbList\",\"@id\":\"https:\/\/aigeviatges.com\/producto\/la-cerdanya-ruta-ceretana-6-dies\/#breadcrumb\",\"itemListElement\":[{\"@type\":\"ListItem\",\"position\":1,\"name\":\"Portada\",\"item\":\"https:\/\/aigeviatges.com\/\"},{\"@type\":\"ListItem\",\"position\":2,\"name\":\"Tienda\",\"item\":\"https:\/\/aigeviatges.com\/tienda-2\/\"},{\"@type\":\"ListItem\",\"position\":3,\"name\":\"LA CERDANYA &#8211; RUTA CERETANA &#8211; 6 DIES\"}]},{\"@type\":\"WebSite\",\"@id\":\"https:\/\/aigeviatges.com\/#website\",\"url\":\"https:\/\/aigeviatges.com\/\",\"name\":\"AIGE Viatges\",\"description\":\"Agencia de viajes especializada en producto propio para grupos.\",\"publisher\":{\"@id\":\"https:\/\/aigeviatges.com\/#organization\"},\"potentialAction\":[{\"@type\":\"SearchAction\",\"target\":{\"@type\":\"EntryPoint\",\"urlTemplate\":\"https:\/\/aigeviatges.com\/?s={search_term_string}\"},\"query-input\":\"required name=search_term_string\"}],\"inLanguage\":\"es\"},{\"@type\":\"Organization\",\"@id\":\"https:\/\/aigeviatges.com\/#organization\",\"name\":\"AIGE Viatges\",\"url\":\"https:\/\/aigeviatges.com\/\",\"logo\":{\"@type\":\"ImageObject\",\"inLanguage\":\"es\",\"@id\":\"https:\/\/aigeviatges.com\/#\/schema\/logo\/image\/\",\"url\":\"https:\/\/aigeviatges.com\/wp-content\/uploads\/2020\/03\/aig-viatges-logo-web.png\",\"contentUrl\":\"https:\/\/aigeviatges.com\/wp-content\/uploads\/2020\/03\/aig-viatges-logo-web.png\",\"width\":600,\"height\":166,\"caption\":\"AIGE Viatges\"},\"image\":{\"@id\":\"https:\/\/aigeviatges.com\/#\/schema\/logo\/image\/\"},\"sameAs\":[\"https:\/\/www.facebook.com\/viatgesaige\/\"]}]}<\/script>\n<!-- \/ Yoast SEO plugin. -->","yoast_head_json":{"title":"LA CERDANYA - RUTA CERETANA - 6 DIES - AIGE Viatges","description":"Agencia de viajes online | Descubre nuestros viajes inolvidables a LA CERDANYA - RUTA CERETANA - 6 DIES","robots":{"index":"index","follow":"follow","max-snippet":"max-snippet:-1","max-image-preview":"max-image-preview:large","max-video-preview":"max-video-preview:-1"},"canonical":"https:\/\/aigeviatges.com\/es\/producto\/la-cerdana-ruta-ceretana-6-dias\/","og_locale":"es_ES","og_type":"article","og_title":"LA CERDANYA - RUTA CERETANA - 6 DIES - AIGE Viatges","og_description":"Agencia de viajes online | Descubre nuestros viajes inolvidables a LA CERDANYA - RUTA CERETANA - 6 DIES","og_url":"https:\/\/aigeviatges.com\/es\/producto\/la-cerdana-ruta-ceretana-6-dias\/","og_site_name":"AIGE Viatges","article_publisher":"https:\/\/www.facebook.com\/viatgesaige\/","article_modified_time":"2024-01-16T08:26:48+00:00","og_image":[{"width":720,"height":480,"url":"https:\/\/aigeviatges.com\/wp-content\/uploads\/2021\/08\/CANAL.jpg","type":"image\/jpeg"}],"twitter_card":"summary_large_image","twitter_misc":{"Tiempo de lectura":"3 minutos"},"schema":{"@context":"https:\/\/schema.org","@graph":[{"@type":"WebPage","@id":"https:\/\/aigeviatges.com\/producto\/la-cerdanya-ruta-ceretana-6-dies\/","url":"https:\/\/aigeviatges.com\/producto\/la-cerdanya-ruta-ceretana-6-dies\/","name":"LA CERDANYA - RUTA CERETANA - 6 DIES - AIGE Viatges","isPartOf":{"@id":"https:\/\/aigeviatges.com\/#website"},"datePublished":"2021-08-12T10:01:12+00:00","dateModified":"2024-01-16T08:26:48+00:00","description":"Agencia de viajes online | Descubre nuestros viajes inolvidables a LA CERDANYA - RUTA CERETANA - 6 DIES","breadcrumb":{"@id":"https:\/\/aigeviatges.com\/producto\/la-cerdanya-ruta-ceretana-6-dies\/#breadcrumb"},"inLanguage":"es","potentialAction":[{"@type":"ReadAction","target":["https:\/\/aigeviatges.com\/producto\/la-cerdanya-ruta-ceretana-6-dies\/"]}]},{"@type":"BreadcrumbList","@id":"https:\/\/aigeviatges.com\/producto\/la-cerdanya-ruta-ceretana-6-dies\/#breadcrumb","itemListElement":[{"@type":"ListItem","position":1,"name":"Portada","item":"https:\/\/aigeviatges.com\/"},{"@type":"ListItem","position":2,"name":"Tienda","item":"https:\/\/aigeviatges.com\/tienda-2\/"},{"@type":"ListItem","position":3,"name":"LA CERDANYA &#8211; RUTA CERETANA &#8211; 6 DIES"}]},{"@type":"WebSite","@id":"https:\/\/aigeviatges.com\/#website","url":"https:\/\/aigeviatges.com\/","name":"AIGE Viatges","description":"Agencia de viajes especializada en producto propio para grupos.","publisher":{"@id":"https:\/\/aigeviatges.com\/#organization"},"potentialAction":[{"@type":"SearchAction","target":{"@type":"EntryPoint","urlTemplate":"https:\/\/aigeviatges.com\/?s={search_term_string}"},"query-input":"required name=search_term_string"}],"inLanguage":"es"},{"@type":"Organization","@id":"https:\/\/aigeviatges.com\/#organization","name":"AIGE Viatges","url":"https:\/\/aigeviatges.com\/","logo":{"@type":"ImageObject","inLanguage":"es","@id":"https:\/\/aigeviatges.com\/#\/schema\/logo\/image\/","url":"https:\/\/aigeviatges.com\/wp-content\/uploads\/2020\/03\/aig-viatges-logo-web.png","contentUrl":"https:\/\/aigeviatges.com\/wp-content\/uploads\/2020\/03\/aig-viatges-logo-web.png","width":600,"height":166,"caption":"AIGE Viatges"},"image":{"@id":"https:\/\/aigeviatges.com\/#\/schema\/logo\/image\/"},"sameAs":["https:\/\/www.facebook.com\/viatgesaige\/"]}]}},"jetpack_sharing_enabled":true,"jetpack_likes_enabled":false,"_links":{"self":[{"href":"https:\/\/aigeviatges.com\/es\/wp-json\/wp\/v2\/product\/1703","targetHints":{"allow":["GET"]}}],"collection":[{"href":"https:\/\/aigeviatges.com\/es\/wp-json\/wp\/v2\/product"}],"about":[{"href":"https:\/\/aigeviatges.com\/es\/wp-json\/wp\/v2\/types\/product"}],"wp:featuredmedia":[{"embeddable":true,"href":"https:\/\/aigeviatges.com\/es\/wp-json\/wp\/v2\/media\/1705"}],"wp:attachment":[{"href":"https:\/\/aigeviatges.com\/es\/wp-json\/wp\/v2\/media?parent=1703"}],"wp:term":[{"taxonomy":"product_cat","embeddable":true,"href":"https:\/\/aigeviatges.com\/es\/wp-json\/wp\/v2\/product_cat?post=1703"},{"taxonomy":"product_tag","embeddable":true,"href":"https:\/\/aigeviatges.com\/es\/wp-json\/wp\/v2\/product_tag?post=1703"}],"curies":[{"name":"wp","href":"https:\/\/api.w.org\/{rel}","templated":true}]}}