{"id":1690,"date":"2021-07-22T10:04:10","date_gmt":"2021-07-22T10:04:10","guid":{"rendered":"https:\/\/aigeviatges.com\/?post_type=product&#038;p=1690"},"modified":"2024-01-16T08:26:48","modified_gmt":"2024-01-16T08:26:48","slug":"montenegro-8-dies","status":"publish","type":"product","link":"https:\/\/aigeviatges.com\/es\/producto\/montenegro-8-dias\/","title":{"rendered":"MONTENEGRO - 8 D\u00cdAS"},"content":{"rendered":"<p><strong>D\u00eda 1: BARCELONA \u2013 MONTENEGRO (VUELO DIRECTO)<\/strong><br \/>\nSalida en avi\u00f3n a Montenegro. Llegada y traslado por carretera a la costa montenegrina. Acomodaci\u00f3n en el hotel y cena. Seguidamente daremos un paseo de orientaci\u00f3n por la ciudad. Alojamiento en el \u00e1rea de Budva.<\/p>\n<p><strong>D\u00eda 2: BUDVA \u2013 CRUCERO POR LA BAH\u00cdA DE BUDVA \u2013 SVETI STEFAN \u2013 PETROVAC <\/strong><br \/>\nPor la ma\u00f1ana visitaremos la ciudad vieja de Budva y efectuaremos un relajante crucero por la bah\u00eda de Budva. Podremos admirar las islas de San Nicol\u00e1s y de San Esteban. Por la ruta de la costa, haremos una parada para tomar fotos de la isla Sveti Stefan, lugar habitual de veraneo de algunos famosos. Visita del peque\u00f1o monasterio ortodoxo medieval de Rezevici. Continuacion en Petrovac, antiguo pueblo de pescadores con una hermosa playa de arena roja. Cena y alojamiento En el \u00e1rea de Budva.<\/p>\n<p><strong>D\u00eda 3: BUDVA<\/strong> <strong>\u2013<\/strong><strong> TREN PODGORIGA \/ KOLASIN \u2013 MONASTERIO DE MORACA<\/strong><br \/>\nSalida a Podgorica, tomaremos el tren de la l\u00ednea Bar\/Belgrado. Viajaremos lentamente a trav\u00e9s de acantilados, ca\u00f1ones y desfiladeros. Disfrutaremos de la vista del r\u00edo Mora\u010da y el ca\u00f1\u00f3n de Platije. A continuaci\u00f3n, cruzaremos el puente de Mala Rijeka, uno de los m\u00e1s altos de Europa (498 m de largo y 200 m de alto) para llegar a Kolasin. Paseo por la ciudad. Por la tarde visitaremos el monasterio de Moraca, uno de los m\u00e1s importantes de la Edad Media de Montenegro. Fundado en 1252 por Estefan, hijo de Vukan Nemanji\u0107, monarca del principado de Zeta. Consiste en una iglesia, consagrada a la Asunci\u00f3n de Mar\u00eda, otra iglesia m\u00e1s peque\u00f1a, consagrada a San Nicol\u00e1s y un albergue para peregrinos. Cena y alojamiento en el \u00e1rea de Budva.<\/p>\n<p><strong>D\u00eda 4: BUDVA \u2013 CETINJE \u2013 CRUCERO POR LA BAH\u00cdA DE KOTOR \u2013 PERAST\u00a0\u00a0\u00a0 \u00a0<\/strong><br \/>\nSalida a Cetinje. Visitaremos el Palacio real del Rey Nikola. Durante m\u00e1s de 50 a\u00f1os sirvi\u00f3 como sede de la familia real de Montenegro. En 1926 se convirti\u00f3 en un museo ya partir de 1980 fue uno de los departamentos del Museo Nacional de Montenegro. Continuaci\u00f3n hacia el pueblo de Njegusi. Aqu\u00ed nos espera una degustaci\u00f3n del famoso jam\u00f3n crudo. Continuaci\u00f3n a Kotor donde efectuaremos un relajante paseo en barco por la bah\u00eda. Visitaremos el monasterio de Nuestra Se\u00f1ora de las Rocas, situado en una isla artificial construida en el siglo XV como monumento a los marineros de Perast. Bajo la Dama de la Roca hay 196 naufragios hundidos por la gente de Perast mientras defend\u00edan a Kotor del Imperio veneciano y otomano. Despu\u00e9s de la visita a la isla, continuaremos navegando hasta Perast donde dispondremos de tiempo para explorar el casco antiguo, declarado patrimonio de por la Unesco. Finalizada la visita regresaremos al hotel. Cena y alojamiento en el \u00e1rea de Budva.<\/p>\n<p><strong>D\u00eda 5: BUDVA - MONASTERIO DE OSTROG - VALLE DE DANILOVGRAD<\/strong><br \/>\nSalida hacia Ostroka Greda, cruzaremos el valle de Danilovgrad y disfrutaremos de sus bellas vistas. Visitaremos el Monasterio de Ostrog, construido en el siglo XVII. est\u00e1 situado en los acantilados de Ostro\u0161ka Greda. Fue fundado por Vasily de Herzegovina, que fue enterrado all\u00ed en 1671 y posteriormente canonizado. Creyentes de todas las religiones de distintas partes del mundo visitan este monasterio en gran n\u00famero, y para los ciudadanos de Montenegro, es el santuario m\u00e1s importante. Seguidamente nos trasladaremos a Danilovgrad donde visitaremos el Monasterio \u017ddrebaonik, que fue durante siglos el centro de todos los eventos. De regreso al hotel, visitaremos el Monasterio Dajbabe, creado con un verdadero milagro. Fue fundado en 1897 y la forma natural de la cueva sirvi\u00f3 de sitio para la iglesia. Posteriormente se ampli\u00f3 la cueva para dar forma a la base de la iglesia, con capillas auxiliares. Cena y alojamiento en el \u00e1rea de Budva.<\/p>\n<p><strong>D\u00eda 6: BUDVA <\/strong><strong>\u2013 CRUCERO POR EL LAGO SKADAR<\/strong><br \/>\nSalida hacia el lago Skadar hasta llegar a Virpazar, peque\u00f1a poblaci\u00f3n y puerta de entrada al parque nacional del lago Skadar. Realizaremos un crucero esc\u00e9nico y disfrutaremos de magn\u00edficos paisajes lacustres, islotes, calas, fiordos, p\u00e1jaros ex\u00f3ticos, peces y nen\u00fafares. Tambi\u00e9n veremos el patrimonio cultural e hist\u00f3rico de la zona, fortalezas y monasterios: Grmo\u017eur (llamado el \u201cAlcatraz\u201d montenegrino), Starcevo, Lesendro, \u017dabljak Crnojevica y muchos otros edificios o de sus restos. De regreso al hotel pararemos (si el tiempo lo permite) a Rijeka Crnojevi\u0107a para observar su elegante puente de piedra construido a mediados del siglo XIX y el mes visitado de Montenegro. Cena y alojamiento en el \u00e1rea de Budva.<\/p>\n<p><strong>D\u00eda 7: KOTOR<\/strong><br \/>\nSalida a Kotor. Visita de la villa medieval amurallada, pasearemos por sus calles observando sus palacetes barrocos y sus curiosos frisos. Llegaremos a la Catedral de San Trif\u00f3n, una de las joyas rom\u00e1nicas de Kotor. Fue reconstruida en el siglo XII. Pasaremos por el Museo Mar\u00edtimo y conoceremos su importancia en la urbe. Tambi\u00e9n veremos el exterior de la iglesia de San Lucas y la iglesia de San Nicol\u00e1s. Veremos el pozo de Karampana, construido en hierro forjado. Fue durante a\u00f1os la \u00fanica fuente de agua dulce de Kotor. Por la tarde dispondremos de tiempo libre para actividades personales. Cena y alojamiento en el \u00e1rea de Budva.<\/p>\n<p><strong>D\u00eda 8: PODGORICA \u2013 BARCELONA (VUELO DIRECTO)<\/strong><br \/>\nSalida a Podgorica, la capital de Montenegro. Realizaremos un recorrido a pie del casco antiguo por los principales lugares de inter\u00e9s. Veremos el Puente del Milenio, algunos de los monumentos m\u00e1s importantes dedicados a los gobernantes de Podgorica durante la larga historia, la catedral ortodoxa tercera m\u00e1s grande de los Balcanes etc. Almuerzo. Seguidamente traslado al aeropuerto y salida en avi\u00f3n a Barcelona. Llegada y fin de nuestros servicios.<\/p>","protected":false},"excerpt":{"rendered":"<p><strong>INCLUYE:<\/strong><\/p>\n<ul>\n<li>Traslados al apt y retorno (m\u00ednimo 25 pax)<\/li>\n<li>Avi\u00f3n BCN \u2013 Podgorica \u2013 BCN + Maleta (15 kg) y tasas<\/li>\n<li>Autocar local todo el circuito<\/li>\n<li>Gu\u00eda acompa\u00f1ante de AIGE<\/li>\n<li>Hotel 3*** o 4**** (seg\u00fan elecci\u00f3n)<\/li>\n<li>Pensi\u00f3n completa con agua (de la cena del d\u00eda 1 al almuerzo del d\u00eda 8)<\/li>\n<li>Entrada en el monasterio de Moraca<\/li>\n<li>Entrada en el monasterio de Ostrog<\/li>\n<li>Entrada en el palacio real de Cetinje<\/li>\n<li>Entrada en la catedral de Kotor<\/li>\n<li>Cruceros: Bah\u00eda de Kotor, Bah\u00eda de Budva, Lago Skadar<\/li>\n<li>Tren Podgorica \u2013 Kolasin<\/li>\n<li>Seguro de asistencia en viaje<\/li>\n<\/ul>\n<p><strong><em>Nota sobre el alojamiento: todas las noches es el mismo hotel<\/em><\/strong><\/p>","protected":false},"featured_media":1694,"template":"","meta":[],"product_cat":[25,70,127],"product_tag":[],"class_list":["post-1690","product","type-product","status-publish","has-post-thumbnail","hentry","product_cat-circuits-tot-inclos","product_cat-eslovenia-i-croacia","product_cat-montenegro-2"],"yoast_head":"<!-- This site is optimized with the Yoast SEO plugin v21.7 - https:\/\/yoast.com\/wordpress\/plugins\/seo\/ -->\n<title>MONTENEGRO - 8 DIES - AIGE Viatges<\/title>\n<meta name=\"description\" content=\"Agencia de viajes online | Descubre nuestros viajes inolvidables a MONTENEGRO - 8 DIES\" \/>\n<meta name=\"robots\" content=\"index, follow, max-snippet:-1, max-image-preview:large, max-video-preview:-1\" \/>\n<link rel=\"canonical\" href=\"https:\/\/aigeviatges.com\/es\/producto\/montenegro-8-dias\/\" \/>\n<meta property=\"og:locale\" content=\"es_ES\" \/>\n<meta property=\"og:type\" content=\"article\" \/>\n<meta property=\"og:title\" content=\"MONTENEGRO - 8 DIES - AIGE Viatges\" \/>\n<meta property=\"og:description\" content=\"Agencia de viajes online | Descubre nuestros viajes inolvidables a MONTENEGRO - 8 DIES\" \/>\n<meta property=\"og:url\" content=\"https:\/\/aigeviatges.com\/es\/producto\/montenegro-8-dias\/\" \/>\n<meta property=\"og:site_name\" content=\"AIGE Viatges\" \/>\n<meta property=\"article:publisher\" content=\"https:\/\/www.facebook.com\/viatgesaige\/\" \/>\n<meta property=\"article:modified_time\" content=\"2024-01-16T08:26:48+00:00\" \/>\n<meta property=\"og:image\" content=\"https:\/\/aigeviatges.com\/wp-content\/uploads\/2021\/07\/ST-EST.jpg\" \/>\n\t<meta property=\"og:image:width\" content=\"693\" \/>\n\t<meta property=\"og:image:height\" content=\"453\" \/>\n\t<meta property=\"og:image:type\" content=\"image\/jpeg\" \/>\n<meta name=\"twitter:card\" content=\"summary_large_image\" \/>\n<meta name=\"twitter:label1\" content=\"Tiempo de lectura\" \/>\n\t<meta name=\"twitter:data1\" content=\"5 minutos\" \/>\n<script type=\"application\/ld+json\" class=\"yoast-schema-graph\">{\"@context\":\"https:\/\/schema.org\",\"@graph\":[{\"@type\":\"WebPage\",\"@id\":\"https:\/\/aigeviatges.com\/producto\/montenegro-8-dies\/\",\"url\":\"https:\/\/aigeviatges.com\/producto\/montenegro-8-dies\/\",\"name\":\"MONTENEGRO - 8 DIES - AIGE Viatges\",\"isPartOf\":{\"@id\":\"https:\/\/aigeviatges.com\/#website\"},\"datePublished\":\"2021-07-22T10:04:10+00:00\",\"dateModified\":\"2024-01-16T08:26:48+00:00\",\"description\":\"Agencia de viajes online | Descubre nuestros viajes inolvidables a MONTENEGRO - 8 DIES\",\"breadcrumb\":{\"@id\":\"https:\/\/aigeviatges.com\/producto\/montenegro-8-dies\/#breadcrumb\"},\"inLanguage\":\"es\",\"potentialAction\":[{\"@type\":\"ReadAction\",\"target\":[\"https:\/\/aigeviatges.com\/producto\/montenegro-8-dies\/\"]}]},{\"@type\":\"BreadcrumbList\",\"@id\":\"https:\/\/aigeviatges.com\/producto\/montenegro-8-dies\/#breadcrumb\",\"itemListElement\":[{\"@type\":\"ListItem\",\"position\":1,\"name\":\"Portada\",\"item\":\"https:\/\/aigeviatges.com\/\"},{\"@type\":\"ListItem\",\"position\":2,\"name\":\"Tienda\",\"item\":\"https:\/\/aigeviatges.com\/tienda-2\/\"},{\"@type\":\"ListItem\",\"position\":3,\"name\":\"MONTENEGRO &#8211; 8 DIES\"}]},{\"@type\":\"WebSite\",\"@id\":\"https:\/\/aigeviatges.com\/#website\",\"url\":\"https:\/\/aigeviatges.com\/\",\"name\":\"AIGE Viatges\",\"description\":\"Agencia de viajes especializada en producto propio para grupos.\",\"publisher\":{\"@id\":\"https:\/\/aigeviatges.com\/#organization\"},\"potentialAction\":[{\"@type\":\"SearchAction\",\"target\":{\"@type\":\"EntryPoint\",\"urlTemplate\":\"https:\/\/aigeviatges.com\/?s={search_term_string}\"},\"query-input\":\"required name=search_term_string\"}],\"inLanguage\":\"es\"},{\"@type\":\"Organization\",\"@id\":\"https:\/\/aigeviatges.com\/#organization\",\"name\":\"AIGE Viatges\",\"url\":\"https:\/\/aigeviatges.com\/\",\"logo\":{\"@type\":\"ImageObject\",\"inLanguage\":\"es\",\"@id\":\"https:\/\/aigeviatges.com\/#\/schema\/logo\/image\/\",\"url\":\"https:\/\/aigeviatges.com\/wp-content\/uploads\/2020\/03\/aig-viatges-logo-web.png\",\"contentUrl\":\"https:\/\/aigeviatges.com\/wp-content\/uploads\/2020\/03\/aig-viatges-logo-web.png\",\"width\":600,\"height\":166,\"caption\":\"AIGE Viatges\"},\"image\":{\"@id\":\"https:\/\/aigeviatges.com\/#\/schema\/logo\/image\/\"},\"sameAs\":[\"https:\/\/www.facebook.com\/viatgesaige\/\"]}]}<\/script>\n<!-- \/ Yoast SEO plugin. -->","yoast_head_json":{"title":"MONTENEGRO - 8 DIES - AIGE Viatges","description":"Agencia de viajes online | Descubre nuestros viajes inolvidables a MONTENEGRO - 8 DIES","robots":{"index":"index","follow":"follow","max-snippet":"max-snippet:-1","max-image-preview":"max-image-preview:large","max-video-preview":"max-video-preview:-1"},"canonical":"https:\/\/aigeviatges.com\/es\/producto\/montenegro-8-dias\/","og_locale":"es_ES","og_type":"article","og_title":"MONTENEGRO - 8 DIES - AIGE Viatges","og_description":"Agencia de viajes online | Descubre nuestros viajes inolvidables a MONTENEGRO - 8 DIES","og_url":"https:\/\/aigeviatges.com\/es\/producto\/montenegro-8-dias\/","og_site_name":"AIGE Viatges","article_publisher":"https:\/\/www.facebook.com\/viatgesaige\/","article_modified_time":"2024-01-16T08:26:48+00:00","og_image":[{"width":693,"height":453,"url":"https:\/\/aigeviatges.com\/wp-content\/uploads\/2021\/07\/ST-EST.jpg","type":"image\/jpeg"}],"twitter_card":"summary_large_image","twitter_misc":{"Tiempo de lectura":"5 minutos"},"schema":{"@context":"https:\/\/schema.org","@graph":[{"@type":"WebPage","@id":"https:\/\/aigeviatges.com\/producto\/montenegro-8-dies\/","url":"https:\/\/aigeviatges.com\/producto\/montenegro-8-dies\/","name":"MONTENEGRO - 8 DIES - AIGE Viatges","isPartOf":{"@id":"https:\/\/aigeviatges.com\/#website"},"datePublished":"2021-07-22T10:04:10+00:00","dateModified":"2024-01-16T08:26:48+00:00","description":"Agencia de viajes online | Descubre nuestros viajes inolvidables a MONTENEGRO - 8 DIES","breadcrumb":{"@id":"https:\/\/aigeviatges.com\/producto\/montenegro-8-dies\/#breadcrumb"},"inLanguage":"es","potentialAction":[{"@type":"ReadAction","target":["https:\/\/aigeviatges.com\/producto\/montenegro-8-dies\/"]}]},{"@type":"BreadcrumbList","@id":"https:\/\/aigeviatges.com\/producto\/montenegro-8-dies\/#breadcrumb","itemListElement":[{"@type":"ListItem","position":1,"name":"Portada","item":"https:\/\/aigeviatges.com\/"},{"@type":"ListItem","position":2,"name":"Tienda","item":"https:\/\/aigeviatges.com\/tienda-2\/"},{"@type":"ListItem","position":3,"name":"MONTENEGRO &#8211; 8 DIES"}]},{"@type":"WebSite","@id":"https:\/\/aigeviatges.com\/#website","url":"https:\/\/aigeviatges.com\/","name":"AIGE Viatges","description":"Agencia de viajes especializada en producto propio para grupos.","publisher":{"@id":"https:\/\/aigeviatges.com\/#organization"},"potentialAction":[{"@type":"SearchAction","target":{"@type":"EntryPoint","urlTemplate":"https:\/\/aigeviatges.com\/?s={search_term_string}"},"query-input":"required name=search_term_string"}],"inLanguage":"es"},{"@type":"Organization","@id":"https:\/\/aigeviatges.com\/#organization","name":"AIGE Viatges","url":"https:\/\/aigeviatges.com\/","logo":{"@type":"ImageObject","inLanguage":"es","@id":"https:\/\/aigeviatges.com\/#\/schema\/logo\/image\/","url":"https:\/\/aigeviatges.com\/wp-content\/uploads\/2020\/03\/aig-viatges-logo-web.png","contentUrl":"https:\/\/aigeviatges.com\/wp-content\/uploads\/2020\/03\/aig-viatges-logo-web.png","width":600,"height":166,"caption":"AIGE Viatges"},"image":{"@id":"https:\/\/aigeviatges.com\/#\/schema\/logo\/image\/"},"sameAs":["https:\/\/www.facebook.com\/viatgesaige\/"]}]}},"jetpack_sharing_enabled":true,"jetpack_likes_enabled":false,"_links":{"self":[{"href":"https:\/\/aigeviatges.com\/es\/wp-json\/wp\/v2\/product\/1690","targetHints":{"allow":["GET"]}}],"collection":[{"href":"https:\/\/aigeviatges.com\/es\/wp-json\/wp\/v2\/product"}],"about":[{"href":"https:\/\/aigeviatges.com\/es\/wp-json\/wp\/v2\/types\/product"}],"wp:featuredmedia":[{"embeddable":true,"href":"https:\/\/aigeviatges.com\/es\/wp-json\/wp\/v2\/media\/1694"}],"wp:attachment":[{"href":"https:\/\/aigeviatges.com\/es\/wp-json\/wp\/v2\/media?parent=1690"}],"wp:term":[{"taxonomy":"product_cat","embeddable":true,"href":"https:\/\/aigeviatges.com\/es\/wp-json\/wp\/v2\/product_cat?post=1690"},{"taxonomy":"product_tag","embeddable":true,"href":"https:\/\/aigeviatges.com\/es\/wp-json\/wp\/v2\/product_tag?post=1690"}],"curies":[{"name":"wp","href":"https:\/\/api.w.org\/{rel}","templated":true}]}}