{"id":1675,"date":"2021-07-14T10:15:44","date_gmt":"2021-07-14T10:15:44","guid":{"rendered":"https:\/\/aigeviatges.com\/?post_type=product&#038;p=1675"},"modified":"2021-07-14T11:30:25","modified_gmt":"2021-07-14T11:30:25","slug":"fiords-noruecs-7-dies","status":"publish","type":"product","link":"https:\/\/aigeviatges.com\/es\/producto\/fiordos-noruegos-7-dias\/","title":{"rendered":"FIORDS NORUECOS \u2013 7 D\u00cdAS"},"content":{"rendered":"<p><strong>D\u00eda 1: BARCELONA - STAVANGER<\/strong><br \/>\nSalida en avi\u00f3n a Stavanger. Llegada y traslado al hotel. A \u00faltima hora de la tarde realizaremos un paseo orientativo de la ciudad. Cena y alojamiento en Stavanger.<\/p>\n<p><strong>D\u00eda 2: STAVANGER <\/strong><br \/>\nVisita de la ciudad. Efectuaremos la visita panor\u00e1mica paseando por el casco antiguo Gamle Stavanger con 173 casas de madera de los ss. XVIII y XIX. Destacan: la Catedral, de \u00e9poca medieval; la Torre de Valberg y los antiguos almacenes de los pescadores, que hoy en d\u00eda albergan tiendas, restaurantes y bares. Almuerzo. Por la tarde visitaremos el museo del petr\u00f3leo, donde realizaremos un viaje a trav\u00e9s de la historia de Escandinavia en la extracci\u00f3n de petr\u00f3leo. Construido en 1999 junto al muelle de Stavanger, este museo se dise\u00f1\u00f3 en semejanza a una plataforma marina petrolera. Cena y alojamiento en Stavanger.<\/p>\n<p><strong>D\u00eda 3: STAVANGER <em>(CRUCERO POR EL LYSEFJORD)<\/em><\/strong><br \/>\nPor la ma\u00f1ana haremos un crucero por el fiordo Lyse (Lysefjord), uno de los m\u00e1s bellos de Noruega. Navegaremos rodeados de unos impresionantes parajes naturales y podremos contemplar el famos\u00edsimo \u201cp\u00falpito de los dioses\u201d (Preikestolen), una espectacular formaci\u00f3n rocosa que se alza a m\u00e1s de 600 metros de altura y que se ha convertido en una de las grandes atracciones tur\u00edsticas del pa\u00eds n\u00f3rdico. Regreso a Stavanger. Almuerzo. Tarde libre. Cena y alojamiento en Stavanger.<\/p>\n<p><strong>D\u00eda 4: STAVANGER \u2013 BERGEN <\/strong><br \/>\nSalida por la ruta atl\u00e1ntica entre islotes y agua, atravesando en ferry los fiordos de Bokna (Arsvagen \u2013 Mortavik) y Bjorna (Halhjem \u2013 Sandvikv\u00e5g). Almuerzo en ruta. Llegada a Bergen, la segunda ciudad m\u00e1s grande de Noruega, tambi\u00e9n conocida como la \u201ccapital de los fiordos\u201d y la ciudad de las 7 monta\u00f1as. La ciudad fue fundada hace 900 a\u00f1os y sus or\u00edgenes est\u00e1n vinculados a la Edad Vikinga. Llegada, acomodaci\u00f3n en el hotel. Cena y alojamiento en Bergen.<\/p>\n<p><strong>D\u00eda 5: BERGEN <em>\u00a0(CRUCERO \u00d8STERFJORD)<\/em><\/strong><br \/>\nVisita de la ciudad. Veremos los barrios antiguos y modernos de esta ciudad mar\u00edtima adem\u00e1s del c\u00e9lebre puerto de Bryggen, con su mercado de peces y flores y casas de madera de la \u00e9poca hanse\u00e1tica. Almuerzo en restaurante. Por la tarde haremos un crucero por el fiordo Oster (Osterfjord). Navegaremos a trav\u00e9s de magn\u00edficos paisajes y cascadas en Modalen, el segundo municipio m\u00e1s peque\u00f1o de Noruega. Cruzaremos el paso de Mostraumen, poco profundo y estrecho. Cuanto m\u00e1s nos adentramos en el fiordo, m\u00e1s empinado y poderoso se torna el paisaje monta\u00f1oso. El bello paisaje es rico en p\u00e1jaros y vida animal y, con un poco de suerte, podremos ver cabras pastando, focas tomando el sol o incluso \u00e1guilas volando sobre nosotros. Cena y alojamiento en Bergen.<\/p>\n<p><strong>D\u00eda 6: BERGEN \u00a0\u00a0<em>(TREN DE FLAMO + CRUCERO N\u00c6R\u00d8YFJORD\u2013SOGNEFJORD)<\/em><\/strong><br \/>\nSalida por carretera a Flan. Realizaremos el viaje en tren m\u00e1s espectacular de Noruega (Flam \u2013 Myrdal \u2013 Flam). Son s\u00f3lo 20 kil\u00f3metros de recorrido, pero aun as\u00ed se tarda casi una hora en subir los 855 metros de escarpado desfiladero con una parada para tomar fotos. La l\u00ednea, una obra maestra de la ingenier\u00eda, comprende 20 t\u00faneles. Almuerzo previsto con picnic. Seguidamente haremos un crucero por el fiordo Sognefjord &quot;el Fiordo de los Sue\u00f1os&quot;, el m\u00e1s profundo del mundo y por el estrecho fiordo de N\u00e6r\u00f8y (declarado patrimonio de la Humanidad por la Unesco), hasta Gudvangen. Desembarco regreso por carretera a Bergen. Cena y alojamiento en Bergen.<\/p>\n<p><strong>D\u00eda 7: BERGEN \u2013 BARCELONA <\/strong><br \/>\nDesayuno en el hotel. Por la ma\u00f1ana subiremos en funicular al Monte Fl\u00f8ien donde disfrutaremos de unas vistas inolvidables de la ciudad y sus alrededores. Almuerzo. A la hora que se indique traslado al aeropuerto y salida en avi\u00f3n a Barcelona. Llegada y fin de nuestros servicios.<\/p>","protected":false},"excerpt":{"rendered":"<p><strong>INCLUYE:\u00a0<\/strong><\/p>\n<ul>\n<li>Traslados al apt y vuelta (m\u00ednimo 25 pax)<\/li>\n<li>Avi\u00f3n BCN \u2013 Stavanger \/\/ Bergen \u2013 BCN + Maleta (15 kg) y tasas<\/li>\n<li>Autocar local todo el circuito<\/li>\n<li>Gu\u00eda acompa\u00f1ante de AIGE<\/li>\n<li>Hoteles 3*** o 4****<em><strong>\u00a0<\/strong><\/em><em>(seg\u00fan elecci\u00f3n)<\/em><\/li>\n<li>Pensi\u00f3n completa sin bebidas (de la cena d\u00eda 1 al almuerzo d\u00eda 7 \u2013 excepto el almuerzo del d\u00eda 6)<\/li>\n<li>Entrada al museo del Petr\u00f3leo<\/li>\n<li>Cruceros: Osterfjord, Sognefjord y Lysefjord (P\u00falpito)<\/li>\n<li>Ferris seg\u00fan programa<\/li>\n<li>Funicular de Bergen<\/li>\n<li>Tren Flam-Myrdal-Flam<\/li>\n<li>Seguro de asistencia en viaje<\/li>\n<\/ul>\n<p><strong>NO INCLUYE:\u00a0<\/strong><\/p>\n<ul>\n<li>Bebidas de ning\u00fan tipo<\/li>\n<li>Almuerzo del d\u00eda 6<\/li>\n<\/ul>\n<p><strong><em>Nota sobre el alojamiento: 3<\/em><\/strong><strong><em> noches en Stavanger + 3 noches en Bergen<\/em><\/strong><\/p>","protected":false},"featured_media":1676,"template":"","meta":[],"product_cat":[25,41,90],"product_tag":[],"class_list":["post-1675","product","type-product","status-publish","has-post-thumbnail","hentry","product_cat-circuits-tot-inclos","product_cat-islandia-2","product_cat-paisos-nordics"],"yoast_head":"<!-- This site is optimized with the Yoast SEO plugin v21.7 - https:\/\/yoast.com\/wordpress\/plugins\/seo\/ -->\n<title>FIORDS NORUECS - 7 DIES - AIGE Viatges<\/title>\n<meta name=\"description\" content=\"Agencia de viajes online | Descubre nuestros viajes inolvidables a FIORDS NORUECS - 7 DIES\" \/>\n<meta name=\"robots\" content=\"index, follow, max-snippet:-1, max-image-preview:large, max-video-preview:-1\" \/>\n<link rel=\"canonical\" href=\"https:\/\/aigeviatges.com\/es\/producto\/fiordos-noruegos-7-dias\/\" \/>\n<meta property=\"og:locale\" content=\"es_ES\" \/>\n<meta property=\"og:type\" content=\"article\" \/>\n<meta property=\"og:title\" content=\"FIORDS NORUECS - 7 DIES - AIGE Viatges\" \/>\n<meta property=\"og:description\" content=\"Agencia de viajes online | Descubre nuestros viajes inolvidables a FIORDS NORUECS - 7 DIES\" \/>\n<meta property=\"og:url\" content=\"https:\/\/aigeviatges.com\/es\/producto\/fiordos-noruegos-7-dias\/\" \/>\n<meta property=\"og:site_name\" content=\"AIGE Viatges\" \/>\n<meta property=\"article:publisher\" content=\"https:\/\/www.facebook.com\/viatgesaige\/\" \/>\n<meta property=\"article:modified_time\" content=\"2021-07-14T11:30:25+00:00\" \/>\n<meta property=\"og:image\" content=\"https:\/\/aigeviatges.com\/wp-content\/uploads\/2021\/07\/PIPIT.jpg\" \/>\n\t<meta property=\"og:image:width\" content=\"779\" \/>\n\t<meta property=\"og:image:height\" content=\"450\" \/>\n\t<meta property=\"og:image:type\" content=\"image\/jpeg\" \/>\n<meta name=\"twitter:card\" content=\"summary_large_image\" \/>\n<meta name=\"twitter:label1\" content=\"Tiempo de lectura\" \/>\n\t<meta name=\"twitter:data1\" content=\"3 minutos\" \/>\n<script type=\"application\/ld+json\" class=\"yoast-schema-graph\">{\"@context\":\"https:\/\/schema.org\",\"@graph\":[{\"@type\":\"WebPage\",\"@id\":\"https:\/\/aigeviatges.com\/producto\/fiords-noruecs-7-dies\/\",\"url\":\"https:\/\/aigeviatges.com\/producto\/fiords-noruecs-7-dies\/\",\"name\":\"FIORDS NORUECS - 7 DIES - AIGE Viatges\",\"isPartOf\":{\"@id\":\"https:\/\/aigeviatges.com\/#website\"},\"datePublished\":\"2021-07-14T10:15:44+00:00\",\"dateModified\":\"2021-07-14T11:30:25+00:00\",\"description\":\"Agencia de viajes online | Descubre nuestros viajes inolvidables a FIORDS NORUECS - 7 DIES\",\"breadcrumb\":{\"@id\":\"https:\/\/aigeviatges.com\/producto\/fiords-noruecs-7-dies\/#breadcrumb\"},\"inLanguage\":\"es\",\"potentialAction\":[{\"@type\":\"ReadAction\",\"target\":[\"https:\/\/aigeviatges.com\/producto\/fiords-noruecs-7-dies\/\"]}]},{\"@type\":\"BreadcrumbList\",\"@id\":\"https:\/\/aigeviatges.com\/producto\/fiords-noruecs-7-dies\/#breadcrumb\",\"itemListElement\":[{\"@type\":\"ListItem\",\"position\":1,\"name\":\"Portada\",\"item\":\"https:\/\/aigeviatges.com\/\"},{\"@type\":\"ListItem\",\"position\":2,\"name\":\"Tienda\",\"item\":\"https:\/\/aigeviatges.com\/tienda-2\/\"},{\"@type\":\"ListItem\",\"position\":3,\"name\":\"FIORDS NORUECS &#8211; 7 DIES\"}]},{\"@type\":\"WebSite\",\"@id\":\"https:\/\/aigeviatges.com\/#website\",\"url\":\"https:\/\/aigeviatges.com\/\",\"name\":\"AIGE Viatges\",\"description\":\"Agencia de viajes especializada en producto propio para grupos.\",\"publisher\":{\"@id\":\"https:\/\/aigeviatges.com\/#organization\"},\"potentialAction\":[{\"@type\":\"SearchAction\",\"target\":{\"@type\":\"EntryPoint\",\"urlTemplate\":\"https:\/\/aigeviatges.com\/?s={search_term_string}\"},\"query-input\":\"required name=search_term_string\"}],\"inLanguage\":\"es\"},{\"@type\":\"Organization\",\"@id\":\"https:\/\/aigeviatges.com\/#organization\",\"name\":\"AIGE Viatges\",\"url\":\"https:\/\/aigeviatges.com\/\",\"logo\":{\"@type\":\"ImageObject\",\"inLanguage\":\"es\",\"@id\":\"https:\/\/aigeviatges.com\/#\/schema\/logo\/image\/\",\"url\":\"https:\/\/aigeviatges.com\/wp-content\/uploads\/2020\/03\/aig-viatges-logo-web.png\",\"contentUrl\":\"https:\/\/aigeviatges.com\/wp-content\/uploads\/2020\/03\/aig-viatges-logo-web.png\",\"width\":600,\"height\":166,\"caption\":\"AIGE Viatges\"},\"image\":{\"@id\":\"https:\/\/aigeviatges.com\/#\/schema\/logo\/image\/\"},\"sameAs\":[\"https:\/\/www.facebook.com\/viatgesaige\/\"]}]}<\/script>\n<!-- \/ Yoast SEO plugin. -->","yoast_head_json":{"title":"FIORDS NORUECS - 7 DIES - AIGE Viatges","description":"Agencia de viajes online | Descubre nuestros viajes inolvidables a FIORDS NORUECS - 7 DIES","robots":{"index":"index","follow":"follow","max-snippet":"max-snippet:-1","max-image-preview":"max-image-preview:large","max-video-preview":"max-video-preview:-1"},"canonical":"https:\/\/aigeviatges.com\/es\/producto\/fiordos-noruegos-7-dias\/","og_locale":"es_ES","og_type":"article","og_title":"FIORDS NORUECS - 7 DIES - AIGE Viatges","og_description":"Agencia de viajes online | Descubre nuestros viajes inolvidables a FIORDS NORUECS - 7 DIES","og_url":"https:\/\/aigeviatges.com\/es\/producto\/fiordos-noruegos-7-dias\/","og_site_name":"AIGE Viatges","article_publisher":"https:\/\/www.facebook.com\/viatgesaige\/","article_modified_time":"2021-07-14T11:30:25+00:00","og_image":[{"width":779,"height":450,"url":"https:\/\/aigeviatges.com\/wp-content\/uploads\/2021\/07\/PIPIT.jpg","type":"image\/jpeg"}],"twitter_card":"summary_large_image","twitter_misc":{"Tiempo de lectura":"3 minutos"},"schema":{"@context":"https:\/\/schema.org","@graph":[{"@type":"WebPage","@id":"https:\/\/aigeviatges.com\/producto\/fiords-noruecs-7-dies\/","url":"https:\/\/aigeviatges.com\/producto\/fiords-noruecs-7-dies\/","name":"FIORDS NORUECS - 7 DIES - AIGE Viatges","isPartOf":{"@id":"https:\/\/aigeviatges.com\/#website"},"datePublished":"2021-07-14T10:15:44+00:00","dateModified":"2021-07-14T11:30:25+00:00","description":"Agencia de viajes online | Descubre nuestros viajes inolvidables a FIORDS NORUECS - 7 DIES","breadcrumb":{"@id":"https:\/\/aigeviatges.com\/producto\/fiords-noruecs-7-dies\/#breadcrumb"},"inLanguage":"es","potentialAction":[{"@type":"ReadAction","target":["https:\/\/aigeviatges.com\/producto\/fiords-noruecs-7-dies\/"]}]},{"@type":"BreadcrumbList","@id":"https:\/\/aigeviatges.com\/producto\/fiords-noruecs-7-dies\/#breadcrumb","itemListElement":[{"@type":"ListItem","position":1,"name":"Portada","item":"https:\/\/aigeviatges.com\/"},{"@type":"ListItem","position":2,"name":"Tienda","item":"https:\/\/aigeviatges.com\/tienda-2\/"},{"@type":"ListItem","position":3,"name":"FIORDS NORUECS &#8211; 7 DIES"}]},{"@type":"WebSite","@id":"https:\/\/aigeviatges.com\/#website","url":"https:\/\/aigeviatges.com\/","name":"AIGE Viatges","description":"Agencia de viajes especializada en producto propio para grupos.","publisher":{"@id":"https:\/\/aigeviatges.com\/#organization"},"potentialAction":[{"@type":"SearchAction","target":{"@type":"EntryPoint","urlTemplate":"https:\/\/aigeviatges.com\/?s={search_term_string}"},"query-input":"required name=search_term_string"}],"inLanguage":"es"},{"@type":"Organization","@id":"https:\/\/aigeviatges.com\/#organization","name":"AIGE Viatges","url":"https:\/\/aigeviatges.com\/","logo":{"@type":"ImageObject","inLanguage":"es","@id":"https:\/\/aigeviatges.com\/#\/schema\/logo\/image\/","url":"https:\/\/aigeviatges.com\/wp-content\/uploads\/2020\/03\/aig-viatges-logo-web.png","contentUrl":"https:\/\/aigeviatges.com\/wp-content\/uploads\/2020\/03\/aig-viatges-logo-web.png","width":600,"height":166,"caption":"AIGE Viatges"},"image":{"@id":"https:\/\/aigeviatges.com\/#\/schema\/logo\/image\/"},"sameAs":["https:\/\/www.facebook.com\/viatgesaige\/"]}]}},"jetpack_sharing_enabled":true,"jetpack_likes_enabled":false,"_links":{"self":[{"href":"https:\/\/aigeviatges.com\/es\/wp-json\/wp\/v2\/product\/1675","targetHints":{"allow":["GET"]}}],"collection":[{"href":"https:\/\/aigeviatges.com\/es\/wp-json\/wp\/v2\/product"}],"about":[{"href":"https:\/\/aigeviatges.com\/es\/wp-json\/wp\/v2\/types\/product"}],"wp:featuredmedia":[{"embeddable":true,"href":"https:\/\/aigeviatges.com\/es\/wp-json\/wp\/v2\/media\/1676"}],"wp:attachment":[{"href":"https:\/\/aigeviatges.com\/es\/wp-json\/wp\/v2\/media?parent=1675"}],"wp:term":[{"taxonomy":"product_cat","embeddable":true,"href":"https:\/\/aigeviatges.com\/es\/wp-json\/wp\/v2\/product_cat?post=1675"},{"taxonomy":"product_tag","embeddable":true,"href":"https:\/\/aigeviatges.com\/es\/wp-json\/wp\/v2\/product_tag?post=1675"}],"curies":[{"name":"wp","href":"https:\/\/api.w.org\/{rel}","templated":true}]}}