{"id":1600,"date":"2021-04-21T17:00:46","date_gmt":"2021-04-21T17:00:46","guid":{"rendered":"https:\/\/aigeviatges.com\/?post_type=product&#038;p=1600"},"modified":"2021-05-31T08:56:55","modified_gmt":"2021-05-31T08:56:55","slug":"meravelles-degipte-i-creuer-pel-nil-13-dies","status":"publish","type":"product","link":"https:\/\/aigeviatges.com\/es\/producto\/maravillas-degipto-y-crucero-por-el-nilo-13-dias\/","title":{"rendered":"MARAVILLAS DE EGIPTO Y CRUCERO POR EL NILO \u2013 13 D\u00cdAS"},"content":{"rendered":"<p><strong>D\u00eda 1: BARCELONA - CAIRO<\/strong><br \/>\nSalida en avi\u00f3n a Cairo (vuelo en conexi\u00f3n). Llegada y traslado al hotel. Acomodaci\u00f3n, cena y alojamiento en Cairo.<\/p>\n<p><strong>D\u00eda 2: CAIRO<\/strong><br \/>\nPor la ma\u00f1ana visita de las pir\u00e1mides de Keops, Kefr\u00e9n y Micerinos en la meseta de Giza, una de las siete maravillas del mundo antiguo. La pir\u00e1mide es una tumba reservada para los faraones y sus reinas. Veremos tambi\u00e9n la Esfinge y el templo del valle, que tiene forma de le\u00f3n con cabeza humana, se trata de la imagen del fara\u00f3n Kefr\u00e9n. Almuerzo en rto. Por la tarde visitaremos el nuevo Museo Egipcio, dedicado a las antig\u00fcedades fara\u00f3nicas. Cabe destacar el tesoro de Tutankhamon, de una belleza excepcional y la sala de las momias. Cena y alojamiento en Cairo.<\/p>\n<p><strong>D\u00eda 3: CAIRO - LUXOR (MUSEO DE LA MOMIFICACI\u00d3N)<\/strong><br \/>\nPor la ma\u00f1ana traslado al aeropuerto y salida en avi\u00f3n a Luxor. Traslado al hotel, acomodaci\u00f3n y almuerzo. Por la tarde visitaremos el museo de la momificaci\u00f3n donde se muestra el antiguo arte de la momificaci\u00f3n. Los antiguos egipcios aplicaron t\u00e9cnicas de embalsamamiento de muchas especies, no s\u00f3lo a los seres humanos fallecidos. Momias de gatos, peces y cocodrilos se exhiben en este museo \u00fanico, donde tambi\u00e9n puede tenerse una idea de las herramientas utilizadas. Cena y alojamiento en Luxor.<\/p>\n<p><strong>D\u00eda 4: LUXOR (ABYDOS y DENDERA)<\/strong><br \/>\nExcursi\u00f3n de d\u00eda entero a Abydos y Dendera. En Abydos visitaremos el famoso templo, erigido por Seti I dedicado a Osiris y considerado como el templo mejor conservado de Egipto. En este templo no s\u00f3lo se representan importantes escenas de la vida de Seti I y Rams\u00e9s II, sino que es donde se encuentra la lista con los nombres de los 77 faraones de Egipto. Abydos fue el centro religioso de mayor peregrinaci\u00f3n de Egipto. Aqu\u00ed se representaban los \u201cMisterios de Osiris (se\u00f1or del inframundo)\u201d, una ceremonia de ultratumba en la que se reproduc\u00eda la muerte y la resurrecci\u00f3n del dios. Almuerzo. Seguidamente visitaremos el templo de Dendera, dedicado a la diosa Hathor. Su construcci\u00f3n comenz\u00f3 en la \u00e9poca de Nectanebo I y continu\u00f3 hasta la \u00e9poca romana. El templo contiene doce criptas decoradas, dos salas hip\u00f3stilas y dos capillas funerarias. De una de estas capillas procede el zodiaco que se exhibe en el Museo del Louvre. Cena y alojamiento en Luxor.<\/p>\n<p><strong>D\u00eda 5: LUXOR (MEDINADO HABU, VALLE DE LOS NOBLES y REINAS - TUMBA DE NEFERTARIO-)<\/strong><br \/>\nSalida a Medinat Habu donde visitaremos el templo funerario de Rams\u00e9s III, uno de los monumentos religiosos m\u00e1s importantes de la ciudad. Seguidamente visitaremos el Valle de los Nobles, donde se encuentran m\u00e1s de 500 tumbas de altos funcionarios. Visitaremos algunas de las tumbas y descubriremos su decoraci\u00f3n, mejor preservada que la de las tumbas reales por haber sido menos interesantes para los saqueadores y, a diferencia de las tumbas del reyes, los nobles decoraron las suyas con escenas de la vida cotidiana . Almuerzo en ruta. La pr\u00f3xima visita ser\u00e1 Deir el-Medina, poblado egipcio fundado por Tuthmosis I para dar alojamiento a los trabajadores y artesanos del Antiguo Egipto. Por \u00faltimo visitaremos el Valle de las Reinas, donde se encuentran las tumbas de las princesas y esposas de los faraones del Imperio Nuevo. Entre las tumbas que podremos visitar se encuentra la de Nefertari, esposa predilecta del fara\u00f3n Rams\u00e9s II. Descubierta en 1904 por Ernesto Schiaparelli y restaurada en 1922 por Paolo Mora. Es la m\u00e1s bella de las tumbas descubiertas con unas pinturas muy bien conservadas. Cena y alojamiento en Luxor.<\/p>\n<p><strong>D\u00eda 6: LUXOR \u2013 CRUCERO (embarco)<\/strong><br \/>\nTraslado al barco y embarque. Almuerzo a bordo. Por la tarde visitaremos el Templo de Luxor, pasearemos por la larga columnata que desemboca en el \u00faltimo patio con p\u00f3rticos. Continuaci\u00f3n hacia el Templo de Karnak, impresionante conjunto de columnas, templos, obeliscos y estatuas. Finalizada la visita, regreso al barco. Cena y bienvenida a bordo.<\/p>\n<p><strong>D\u00eda 7: CRUCERO (LUJOR \u2013 ESNA)<\/strong><br \/>\nPor la ma\u00f1ana visitaremos del Valle de los Reyes, donde est\u00e1n enterrados muchos de los faraones, y que sin duda es el yacimiento arqueol\u00f3gico m\u00e1s importante del mundo existen 450 tumbas, de las cuales 62 son reales. Continuaremos con la visita del templo de la Reina Hatshepsut, y antes de volver a la orilla occidental, pasaremos junto a los Colossos de Memn\u00f3n, las estatuas cantantes de la tradici\u00f3n griega. Almuerzo a bordo inicio de la navegaci\u00f3n por el Nilo. Cruce del yunque en Esna, continuaci\u00f3n a Edfu. Cena y fiesta a bordo con show de la danza del vientre.<\/p>\n<p><strong>D\u00eda 8: CRUCERO (EDFU \u2013 KOM OMBO)<\/strong><br \/>\nPor la ma\u00f1ana visita del templo dedicado al diez Horus en Edfu, uno de los m\u00e1s bellos de la \u00e9poca Ptolemaica. Navegaci\u00f3n hacia Kom Ombo. Por la tarde visita del templo de Kom Ombo, dedicado a dos dioses, Sobek y Haroeris, destaca la colecci\u00f3n de cocodrilos momificados. Navegaci\u00f3n hasta Aswan. Cena y fiesta especial de disfraces a bordo.<\/p>\n<p><strong>D\u00eda 9: ASWAN (ISLA DE PHILAE)<\/strong><br \/>\nPor la ma\u00f1ana visitaremos el obelisco inacabado en la antigua cantera de granito, tiene una altura de 42 metros y un peso aprox. de 1198 toneladas, se abandon\u00f3 su construcci\u00f3n al observar que la roca ten\u00eda un fallo. Seguiremos con la visita del maravilloso templo dedicado a la diosa Isis en la isla de Philae, a la que accederemos en barca. Sin duda uno de los mejores templos de Egipto. Por la tarde realizaremos un relajante paseo en faluca (t\u00edpica embarcaci\u00f3n egipcia) alrededor de la Isla Elefantina y el Jard\u00edn Bot\u00e1nico en la isla de Lord Kitchener, podremos observar una bella panor\u00e1mica del mausoleo del Aga Khan. Cena especial de despedida y fiesta a bordo.<\/p>\n<p><strong>D\u00eda 10: ASWAN - ABU SIMBEL (desembarco)<\/strong><br \/>\nPor la ma\u00f1ana visita de la Alta Presa, sus dimensiones le han convertido en la mayor obra de ingenier\u00eda llevada a cabo por la humanidad. Tiene un volumen total de casi 43 millones de m3. Seguidamente saldremos por carretera a Abu Simbel. Llegada y almuerzo. A continuaci\u00f3n visitaremos estos maravillosos templos de la Baja Nubia dedicados a Rams\u00e9s II y su esposa Nefertari. Nos fascinar\u00e1 su situaci\u00f3n y la espectacular operaci\u00f3n de salvamento: en un per\u00edodo de 3 a\u00f1os los dividieron en 1036 bloques numerados de 30 toneladas cada uno, y los trasladaron a su nuevo enclave en el lado occidental del lago Nasser, a 200 metros del sitio original. Acomodaci\u00f3n en el hotel y cena. Por la noche asistiremos al espectacular Show de Luz y Sonido. Alojamiento en Abu Simbel.<\/p>\n<p><strong>D\u00eda 11: ABU SIMBEL - ASWAN - CAIRO<\/strong><br \/>\nPor la ma\u00f1ana veremos la espectacularidad de la salida del sol proyectada en los templos. Salida por carretera a Aswan. Llegada y visita de la ciudad y su mercado de las especias. Aswan ha recibido muchos nombres a lo largo de la historia; durante la antig\u00fcedad se llamaba Taseti y m\u00e1s tarde los egipcios la bautizaron con Syene, que significa sitio del comercio. En la antig\u00fcedad, hasta Aswan llegaban todo tipo de mercanc\u00edas: oro, marfil, maderas y especias. Almuerzo. Traslado al aeropuerto y salida en avi\u00f3n a Cairo. Cena y alojamiento en Cairo.<\/p>\n<p><strong>D\u00eda 12: CAIRO<\/strong><br \/>\nRecorrido de El Cairo isl\u00e1mico. Visita la Ciudadela de Saladino, una enorme fortaleza medieval que se ha convertido en el monumento no fara\u00f3nico m\u00e1s conocido de El Cairo. En el interior de la fortaleza visitaremos la Mezquita de Mohamed Al\u00ed, conocida como la Mezquita de Alabastro por el material que la reviste. Su recargada decoraci\u00f3n es espectacular. Seguidamente visitaremos la Mezquita del Sult\u00e1n Hassan, que tambi\u00e9n se conoce como Madrasa del Sultan Hassan, fundada por el sult\u00e1n Hassan en 1356 dC Continuaci\u00f3n a otra gran mezquita famosa, la Mezquita Del Rifai, construida en 1911 dc El edificio est\u00e1 situado frente a la Mezquita del Sult\u00e1n Hassan y fecha de 1361. Comida en rto. Por la tarde dispondremos de tiempo libre en el famoso bazar de Khan el Khalili, donde podremos sumergirnos entre la multitud en un ambiente t\u00edpicamente oriental de perfumes, especias y tiendas de artesanos. cabe resaltar el t\u00edpico Caf\u00e9 Fishawi, lugar de encuentro de artistas, escritores e intelectuales. Cena. Por la noche asistiremos al espectacular Show de Luz y Sonido en las pir\u00e1mides. Alojamiento en Cairo.<\/p>\n<p><strong>D\u00eda 13: CAIRO - BARCELONA<\/strong><br \/>\nPor la ma\u00f1ana visitaremos el Barri Copte. En primer lugar, accederemos al interior de la iglesia de Santa Mar\u00eda la Virgen, m\u00e1s conocida como \u201cla iglesia colgante de El Cairo\u201d por estar construida sobre una de las antiguas puertas de la Fortaleza de Babilonia. Dentro del templo observaremos diversas obras de arte y sus mosaicos pertenecientes a distintas \u00e9pocas hist\u00f3ricas. Continuaremos el recorrido admirando la arquitectura exterior de la iglesia de Sant Jordi. El templo, consagrado al culto copto ortodoxo, constituye la sede del Patriarcado de Alejandr\u00eda. Muy cerca se encuentra la iglesia de San Sergio. En su interior conoceremos el espacio sagrado donde, seg\u00fan la tradici\u00f3n, se refugi\u00f3 la Sagrada Fam\u00edlia durante su fuga del rey Herodes. Finalizada la visita, traslado al aeropuerto y salida en avi\u00f3n a Barcelona (vuelo en conexi\u00f3n). Llegada y fin de nuestros servicios.<\/p>","protected":false},"excerpt":{"rendered":"<p><strong>INCLUYE:<\/strong><\/p>\n<ul>\n<li>Traslados origen-apt y vuelta (m\u00ednimo 25 pax)<\/li>\n<li>Avi\u00f3n internacional BCN \u2013 Cairo \u2013 BCN (vuelo en conexi\u00f3n)<\/li>\n<li>vuelos dom\u00e9sticos CAI \u2013 LXR y ASW \u2013 CAI<\/li>\n<li>Tasas y maleta<\/li>\n<li>Autocar local todo el circuito<\/li>\n<li>Gu\u00eda acompa\u00f1ante de AIGE + gu\u00eda acompa\u00f1ante local<\/li>\n<li>Hoteles 4**** sup. o 5 ***** (seg\u00fan elecci\u00f3n)<\/li>\n<li>Barco 5*****<\/li>\n<li>Pensi\u00f3n completa con agua (de la cena del d\u00eda 1 al desayuno del d\u00eda 13)<\/li>\n<li>Todas las entradas a los monumentos<\/li>\n<li>Entrada especial en la tumba de Nefertari<\/li>\n<li>Espectacular show de luz y sonido en Abu Simbel<\/li>\n<li>Espectacular show de luz y sonido en las pir\u00e1mides<\/li>\n<li>Seguro de asistencia en viaje<\/li>\n<li>visado de entrada a Egipto (se gestiona a la llegada a El Cairo)<\/li>\n<\/ul>\n<p><em><strong>Nota sobre el alojamiento: 2 noches en Cairo + 3 noches en Luxor + 4 noches de crucero + 1 noche en Abu Simbel + 2 noches en Cairo<\/strong><\/em><\/p>\n<p><strong>NO INCLUYE:<\/strong><\/p>\n<ul>\n<li>Propinas en general (orientativo 80 \u20ac)<\/li>\n<li>Bebidas (excepto agua)<\/li>\n<\/ul>","protected":false},"featured_media":1594,"template":"","meta":[],"product_cat":[25,122,67],"product_tag":[],"class_list":["post-1600","product","type-product","status-publish","has-post-thumbnail","hentry","product_cat-circuits-tot-inclos","product_cat-egipte-2","product_cat-egipte"],"yoast_head":"<!-- This site is optimized with the Yoast SEO plugin v21.7 - https:\/\/yoast.com\/wordpress\/plugins\/seo\/ -->\n<title>MERAVELLES D&#039;EGIPTE I CREUER PEL NIL - 13 DIES - AIGE Viatges<\/title>\n<meta name=\"description\" content=\"Agencia de viajes online | Descubre nuestros viajes inolvidables a MERAVELLES D&#039;EGIPTE I CREUER PEL NIL - 13 DIES\" \/>\n<meta name=\"robots\" content=\"index, follow, max-snippet:-1, max-image-preview:large, max-video-preview:-1\" \/>\n<link rel=\"canonical\" href=\"https:\/\/aigeviatges.com\/es\/producto\/maravillas-degipto-y-crucero-por-el-nilo-13-dias\/\" \/>\n<meta property=\"og:locale\" content=\"es_ES\" \/>\n<meta property=\"og:type\" content=\"article\" \/>\n<meta property=\"og:title\" content=\"MERAVELLES D&#039;EGIPTE I CREUER PEL NIL - 13 DIES - AIGE Viatges\" \/>\n<meta property=\"og:description\" content=\"Agencia de viajes online | Descubre nuestros viajes inolvidables a MERAVELLES D&#039;EGIPTE I CREUER PEL NIL - 13 DIES\" \/>\n<meta property=\"og:url\" content=\"https:\/\/aigeviatges.com\/es\/producto\/maravillas-degipto-y-crucero-por-el-nilo-13-dias\/\" \/>\n<meta property=\"og:site_name\" content=\"AIGE Viatges\" \/>\n<meta property=\"article:publisher\" content=\"https:\/\/www.facebook.com\/viatgesaige\/\" \/>\n<meta property=\"article:modified_time\" content=\"2021-05-31T08:56:55+00:00\" \/>\n<meta property=\"og:image\" content=\"https:\/\/aigeviatges.com\/wp-content\/uploads\/2021\/04\/13-ALABASTRO-22.jpg\" \/>\n\t<meta property=\"og:image:width\" content=\"576\" \/>\n\t<meta property=\"og:image:height\" content=\"724\" \/>\n\t<meta property=\"og:image:type\" content=\"image\/jpeg\" \/>\n<meta name=\"twitter:card\" content=\"summary_large_image\" \/>\n<meta name=\"twitter:label1\" content=\"Tiempo de lectura\" \/>\n\t<meta name=\"twitter:data1\" content=\"8 minutos\" \/>\n<script type=\"application\/ld+json\" class=\"yoast-schema-graph\">{\"@context\":\"https:\/\/schema.org\",\"@graph\":[{\"@type\":\"WebPage\",\"@id\":\"https:\/\/aigeviatges.com\/producto\/meravelles-degipte-i-creuer-pel-nil-13-dies\/\",\"url\":\"https:\/\/aigeviatges.com\/producto\/meravelles-degipte-i-creuer-pel-nil-13-dies\/\",\"name\":\"MERAVELLES D'EGIPTE I CREUER PEL NIL - 13 DIES - AIGE Viatges\",\"isPartOf\":{\"@id\":\"https:\/\/aigeviatges.com\/#website\"},\"datePublished\":\"2021-04-21T17:00:46+00:00\",\"dateModified\":\"2021-05-31T08:56:55+00:00\",\"description\":\"Agencia de viajes online | Descubre nuestros viajes inolvidables a MERAVELLES D'EGIPTE I CREUER PEL NIL - 13 DIES\",\"breadcrumb\":{\"@id\":\"https:\/\/aigeviatges.com\/producto\/meravelles-degipte-i-creuer-pel-nil-13-dies\/#breadcrumb\"},\"inLanguage\":\"es\",\"potentialAction\":[{\"@type\":\"ReadAction\",\"target\":[\"https:\/\/aigeviatges.com\/producto\/meravelles-degipte-i-creuer-pel-nil-13-dies\/\"]}]},{\"@type\":\"BreadcrumbList\",\"@id\":\"https:\/\/aigeviatges.com\/producto\/meravelles-degipte-i-creuer-pel-nil-13-dies\/#breadcrumb\",\"itemListElement\":[{\"@type\":\"ListItem\",\"position\":1,\"name\":\"Portada\",\"item\":\"https:\/\/aigeviatges.com\/\"},{\"@type\":\"ListItem\",\"position\":2,\"name\":\"Tienda\",\"item\":\"https:\/\/aigeviatges.com\/tienda-2\/\"},{\"@type\":\"ListItem\",\"position\":3,\"name\":\"MERAVELLES D&#8217;EGIPTE I CREUER PEL NIL &#8211; 13 DIES\"}]},{\"@type\":\"WebSite\",\"@id\":\"https:\/\/aigeviatges.com\/#website\",\"url\":\"https:\/\/aigeviatges.com\/\",\"name\":\"AIGE Viatges\",\"description\":\"Agencia de viajes especializada en producto propio para grupos.\",\"publisher\":{\"@id\":\"https:\/\/aigeviatges.com\/#organization\"},\"potentialAction\":[{\"@type\":\"SearchAction\",\"target\":{\"@type\":\"EntryPoint\",\"urlTemplate\":\"https:\/\/aigeviatges.com\/?s={search_term_string}\"},\"query-input\":\"required name=search_term_string\"}],\"inLanguage\":\"es\"},{\"@type\":\"Organization\",\"@id\":\"https:\/\/aigeviatges.com\/#organization\",\"name\":\"AIGE Viatges\",\"url\":\"https:\/\/aigeviatges.com\/\",\"logo\":{\"@type\":\"ImageObject\",\"inLanguage\":\"es\",\"@id\":\"https:\/\/aigeviatges.com\/#\/schema\/logo\/image\/\",\"url\":\"https:\/\/aigeviatges.com\/wp-content\/uploads\/2020\/03\/aig-viatges-logo-web.png\",\"contentUrl\":\"https:\/\/aigeviatges.com\/wp-content\/uploads\/2020\/03\/aig-viatges-logo-web.png\",\"width\":600,\"height\":166,\"caption\":\"AIGE Viatges\"},\"image\":{\"@id\":\"https:\/\/aigeviatges.com\/#\/schema\/logo\/image\/\"},\"sameAs\":[\"https:\/\/www.facebook.com\/viatgesaige\/\"]}]}<\/script>\n<!-- \/ Yoast SEO plugin. -->","yoast_head_json":{"title":"MERAVELLES D'EGIPTE I CREUER PEL NIL - 13 DIES - AIGE Viatges","description":"Agencia de viajes online | Descubre nuestros viajes inolvidables a MERAVELLES D'EGIPTE I CREUER PEL NIL - 13 DIES","robots":{"index":"index","follow":"follow","max-snippet":"max-snippet:-1","max-image-preview":"max-image-preview:large","max-video-preview":"max-video-preview:-1"},"canonical":"https:\/\/aigeviatges.com\/es\/producto\/maravillas-degipto-y-crucero-por-el-nilo-13-dias\/","og_locale":"es_ES","og_type":"article","og_title":"MERAVELLES D'EGIPTE I CREUER PEL NIL - 13 DIES - AIGE Viatges","og_description":"Agencia de viajes online | Descubre nuestros viajes inolvidables a MERAVELLES D'EGIPTE I CREUER PEL NIL - 13 DIES","og_url":"https:\/\/aigeviatges.com\/es\/producto\/maravillas-degipto-y-crucero-por-el-nilo-13-dias\/","og_site_name":"AIGE Viatges","article_publisher":"https:\/\/www.facebook.com\/viatgesaige\/","article_modified_time":"2021-05-31T08:56:55+00:00","og_image":[{"width":576,"height":724,"url":"https:\/\/aigeviatges.com\/wp-content\/uploads\/2021\/04\/13-ALABASTRO-22.jpg","type":"image\/jpeg"}],"twitter_card":"summary_large_image","twitter_misc":{"Tiempo de lectura":"8 minutos"},"schema":{"@context":"https:\/\/schema.org","@graph":[{"@type":"WebPage","@id":"https:\/\/aigeviatges.com\/producto\/meravelles-degipte-i-creuer-pel-nil-13-dies\/","url":"https:\/\/aigeviatges.com\/producto\/meravelles-degipte-i-creuer-pel-nil-13-dies\/","name":"MERAVELLES D'EGIPTE I CREUER PEL NIL - 13 DIES - AIGE Viatges","isPartOf":{"@id":"https:\/\/aigeviatges.com\/#website"},"datePublished":"2021-04-21T17:00:46+00:00","dateModified":"2021-05-31T08:56:55+00:00","description":"Agencia de viajes online | Descubre nuestros viajes inolvidables a MERAVELLES D'EGIPTE I CREUER PEL NIL - 13 DIES","breadcrumb":{"@id":"https:\/\/aigeviatges.com\/producto\/meravelles-degipte-i-creuer-pel-nil-13-dies\/#breadcrumb"},"inLanguage":"es","potentialAction":[{"@type":"ReadAction","target":["https:\/\/aigeviatges.com\/producto\/meravelles-degipte-i-creuer-pel-nil-13-dies\/"]}]},{"@type":"BreadcrumbList","@id":"https:\/\/aigeviatges.com\/producto\/meravelles-degipte-i-creuer-pel-nil-13-dies\/#breadcrumb","itemListElement":[{"@type":"ListItem","position":1,"name":"Portada","item":"https:\/\/aigeviatges.com\/"},{"@type":"ListItem","position":2,"name":"Tienda","item":"https:\/\/aigeviatges.com\/tienda-2\/"},{"@type":"ListItem","position":3,"name":"MERAVELLES D&#8217;EGIPTE I CREUER PEL NIL &#8211; 13 DIES"}]},{"@type":"WebSite","@id":"https:\/\/aigeviatges.com\/#website","url":"https:\/\/aigeviatges.com\/","name":"AIGE Viatges","description":"Agencia de viajes especializada en producto propio para grupos.","publisher":{"@id":"https:\/\/aigeviatges.com\/#organization"},"potentialAction":[{"@type":"SearchAction","target":{"@type":"EntryPoint","urlTemplate":"https:\/\/aigeviatges.com\/?s={search_term_string}"},"query-input":"required name=search_term_string"}],"inLanguage":"es"},{"@type":"Organization","@id":"https:\/\/aigeviatges.com\/#organization","name":"AIGE Viatges","url":"https:\/\/aigeviatges.com\/","logo":{"@type":"ImageObject","inLanguage":"es","@id":"https:\/\/aigeviatges.com\/#\/schema\/logo\/image\/","url":"https:\/\/aigeviatges.com\/wp-content\/uploads\/2020\/03\/aig-viatges-logo-web.png","contentUrl":"https:\/\/aigeviatges.com\/wp-content\/uploads\/2020\/03\/aig-viatges-logo-web.png","width":600,"height":166,"caption":"AIGE Viatges"},"image":{"@id":"https:\/\/aigeviatges.com\/#\/schema\/logo\/image\/"},"sameAs":["https:\/\/www.facebook.com\/viatgesaige\/"]}]}},"jetpack_sharing_enabled":true,"jetpack_likes_enabled":false,"_links":{"self":[{"href":"https:\/\/aigeviatges.com\/es\/wp-json\/wp\/v2\/product\/1600","targetHints":{"allow":["GET"]}}],"collection":[{"href":"https:\/\/aigeviatges.com\/es\/wp-json\/wp\/v2\/product"}],"about":[{"href":"https:\/\/aigeviatges.com\/es\/wp-json\/wp\/v2\/types\/product"}],"wp:featuredmedia":[{"embeddable":true,"href":"https:\/\/aigeviatges.com\/es\/wp-json\/wp\/v2\/media\/1594"}],"wp:attachment":[{"href":"https:\/\/aigeviatges.com\/es\/wp-json\/wp\/v2\/media?parent=1600"}],"wp:term":[{"taxonomy":"product_cat","embeddable":true,"href":"https:\/\/aigeviatges.com\/es\/wp-json\/wp\/v2\/product_cat?post=1600"},{"taxonomy":"product_tag","embeddable":true,"href":"https:\/\/aigeviatges.com\/es\/wp-json\/wp\/v2\/product_tag?post=1600"}],"curies":[{"name":"wp","href":"https:\/\/api.w.org\/{rel}","templated":true}]}}