{"id":1585,"date":"2021-04-21T10:12:38","date_gmt":"2021-04-21T10:12:38","guid":{"rendered":"https:\/\/aigeviatges.com\/?post_type=product&#038;p=1585"},"modified":"2021-04-21T17:13:56","modified_gmt":"2021-04-21T17:13:56","slug":"terra-santa-israel-8-dies","status":"publish","type":"product","link":"https:\/\/aigeviatges.com\/es\/producto\/tierra-santa-israel-8-dias\/","title":{"rendered":"TIERRA SANTA \/ ISRAEL \u2013 8 D\u00cdAS"},"content":{"rendered":"<p><strong>D\u00eda 1: BARCELONA \u2013 TEL AVIV \u2013 TIBER\u00cdADAS<\/strong><br \/>\nSalida en avi\u00f3n a Tel Aviv. Llegada, tr\u00e1mites de inmigraci\u00f3n y traslado al Mar de Galilea. Acomodaci\u00f3n en el hotel, cena y alojamiento en Tiberiades.<\/p>\n<p><strong>D\u00eda 2: CESARIA \u2013 HAIFA \u2013 TIBER\u00cdADAS<\/strong><br \/>\nSalida a Cesaria, antigua capital Romana, vista panor\u00e1mica de la ciudad. Continuaci\u00f3n a Haifa principal puerto de Israel. Ascenso al Monte Carmelo y visita de la iglesia Stella Maris, santuario Carmelit\u00e0 que recuerda la gruta del profeta El\u00edas. Almuerzo en restaurante. Por la tarde visitaremos los Jardines Persas, considerados como los jardines colgantes m\u00e1s grandes del mundo. De regreso a Tiberiades visitaremos Cana de Galilea, lugar del primer milagro de Jes\u00fas, la transformaci\u00f3n del agua en vino en las \u201cbodas de Cana\u201d. Cena y alojamiento en Tiberiadas.<\/p>\n<p><strong>D\u00eda 3: TIBER\u00cdADAS \u2013 TABGHA \u2013 NAZARET \u2013 TIBER\u00cdADAS<\/strong><br \/>\nSalida a Magdala. Visitaremos el Monte de las Bienaventuranzas, escenario del Serm\u00f3n de la Monta\u00f1a. Seguiremos ruta en la antigua ciudad de Cafarna\u00fam, conocida por los cristianos como &quot;la ciudad de Jes\u00fas&quot;. Fue uno de los sitios elegidos por Jes\u00fas de Nazareth para transmitir su mensaje y realizar algunos de sus milagros. Visitaremos las ruinas de la antigua sinagoga del siglo III, tambi\u00e9n llamada la sinagoga blanca debido a que fue construida casi exclusivamente con bloques blancos de piedra caliza tra\u00eddos de canteras lejanas. Seguiremos ruta hasta Tabgha, donde se convirti\u00f3 en el milagro de la Multiplicaci\u00f3n de los Panes y los Peces. Almuerzo en restaurante. Continuaremos bordeando el Mar de Galilea hasta llegar a Nazaret donde visitaremos la Bas\u00edlica de la Anunciaci\u00f3n, la Carpinter\u00eda de Jos\u00e9 y la Fuente de la Virgen Mar\u00eda. Cena y alojamiento en Tiberiadas.<\/p>\n<p><strong>D\u00eda 4: TIBER\u00cdADAS \u2013 MONTA\u00d1A TABOR \u2013 BEL\u00c9N<\/strong><br \/>\nSalida direcci\u00f3n r\u00edo Jord\u00e1n y visita del sitio donde San Juan bautiz\u00f3 a Jes\u00fas. Continuaci\u00f3n a Monte Tabor, que dio lugar a la transfiguraci\u00f3n de Jes\u00fas frente a Mois\u00e9s y El\u00edas. Subida en taxi en el Monte Tabor y visita de la Bas\u00edlica de la Transfiguraci\u00f3n. Continuaremos por el valle del Jord\u00e1n en Jeric\u00f3 donde disfrutaremos de la vista del Monte de las Tentaciones (subida y bajada en telef\u00e9rico). Almuerzo en restaurante. Por la tarde nos dirigiremos hacia Bel\u00e9n, atravesando el desierto de Judea, la ciudad natal de Jes\u00fas y del Rey David. Cena y alojamiento en Bel\u00e9n.<\/p>\n<p><strong>D\u00eda 5: BEL\u00c9N<\/strong><br \/>\nPor la ma\u00f1ana visitaremos Bel\u00e9n, una de las ciudades m\u00e1s importantes y antiguas del mundo. Visitaremos la Iglesia de la Natividad, construida sobre la cueva, m\u00e1s conocida como portal de Bel\u00e9n, donde tradicionalmente se cree que naci\u00f3 Jes\u00fas de Nazaret y uno de los templos cristianos en uso m\u00e1s antiguos. Almuerzo. Seguidamente visitaremos la Iglesia de Santa Catalina y bajaremos a la Gruta de San Jer\u00f3nimo en memoria de este san Doctor de la Iglesia. Seg\u00fan una tradici\u00f3n, este santo vivi\u00f3 en la ciudad de Bel\u00e9n, y fue donde escribi\u00f3 la Biblia, llamada \u201cVulgata\u201d, eligi\u00f3 estas grutas para su sepultura. Cena y alojamiento en Bel\u00e9n.<\/p>\n<p><strong>D\u00eda 6: BEL\u00c9N \u2013 MONTA\u00d1A DE LOS OLIVOS \u2013 JERUSAL\u00c9N<\/strong><br \/>\nSalida a Jerusal\u00e9n. Conoceremos la ciudad antigua de Jerusal\u00e9n. Salida al Monte de los Olivos, para disfrutar de la vista panor\u00e1mica de la ciudad santa amurallada. A continuaci\u00f3n, conoceremos el Hort de Getseman\u00ed y la Bas\u00edlica de la Agon\u00eda. Visitaremos el Muro de las Lamentaciones, los restos del templo de Salom\u00f3n, y continuaremos a trav\u00e9s de la V\u00eda Dolorosa hasta llegar al G\u00f3lgota, lugar de la crucifixi\u00f3n de Jes\u00fas y el Santo Sepulcro, sitio de la tumba y resurrecci\u00f3n. Almuerzo. Continuaci\u00f3n hacia el Monte Sion, donde se encuentran la Tumba del Rey David y el Cen\u00e1culo, lugar de la \u00faltima cena \u201cLa Eucarist\u00eda\u201d y \u201cPentecosta\u201d. Cena y alojamiento en Jerusal\u00e9n.<\/p>\n<p><strong>D\u00eda 7: MASADA Y MAR MUERTA<\/strong><br \/>\nExcursi\u00f3n a Masada y Mar Morta. Salida por el desierto de Judea hacia el Mar Muerto, el lugar m\u00e1s bajo del mundo (400 m. bajo el nivel del mar). Ascensi\u00f3n en telef\u00e9rico a la fortaleza de Masada, ultima fortificaci\u00f3n de los jud\u00edos en su lucha contra los Romanos. Visitaremos las excavaciones del palacio de Herodes, la sinagoga etc. Cena y alojamiento en Jerusal\u00e9n.<\/p>\n<p><strong>D\u00eda 8: JERUSAL\u00c9N \u2013 BARCELONA<\/strong><br \/>\nTiempo libre en Jerusal\u00e9n. A la hora indicada, traslado al aeropuerto y salida en avi\u00f3n a Barcelona. Llegada y fin de nuestros servicios.<\/p>","protected":false},"excerpt":{"rendered":"<p><strong>INCLUYE:<\/strong><\/p>\n<ul>\n<li>Traslados origen-apt y retorno (m\u00ednimo 25 pax)<\/li>\n<li>Avi\u00f3n BCN \u2013 Tel Aviv \u2013 BCN<\/li>\n<li>Tasas y maleta<\/li>\n<li>Autocar local todo el circuito<\/li>\n<li>Gu\u00eda acompa\u00f1ante de AIGE + gu\u00eda local<\/li>\n<li>Hoteles 3*** o 4**** (seg\u00fan elecci\u00f3n)<\/li>\n<li>Pensi\u00f3n completa con agua (de la cena del d\u00eda 1 al desayuno del d\u00eda 8)<\/li>\n<li>Todas las entradas a los monumentos<\/li>\n<li>Telef\u00e9rico en el Monte de las Tentaciones<\/li>\n<li>Telef\u00e9rico en la fortaleza de Masada<\/li>\n<li>Seguro de asistencia en viaje<\/li>\n<\/ul>\n<p><strong><em>Nota sobre el alojamiento: 3 noches en Tiberiadas + 2 noches en Bel\u00e9n + 2 noches en Jerusal\u00e9n<\/em><\/strong><\/p>\n<p><strong>NO INCLUYE:<\/strong><\/p>\n<ul>\n<li>Propinas<\/li>\n<li>Bebidas (excepto agua)<\/li>\n<\/ul>","protected":false},"featured_media":1579,"template":"","meta":[],"product_cat":[25,67,123],"product_tag":[],"class_list":["post-1585","product","type-product","status-publish","has-post-thumbnail","hentry","product_cat-circuits-tot-inclos","product_cat-egipte","product_cat-terra-santa-israel"],"yoast_head":"<!-- This site is optimized with the Yoast SEO plugin v21.7 - https:\/\/yoast.com\/wordpress\/plugins\/seo\/ -->\n<title>TERRA SANTA \/ ISRAEL - 8 DIES - AIGE Viatges<\/title>\n<meta name=\"description\" content=\"Agencia de viajes online | Descubre nuestros viajes inolvidables a TERRA SANTA \/ ISRAEL - 8 DIES\" \/>\n<meta name=\"robots\" content=\"index, follow, max-snippet:-1, max-image-preview:large, max-video-preview:-1\" \/>\n<link rel=\"canonical\" href=\"https:\/\/aigeviatges.com\/es\/producto\/tierra-santa-israel-8-dias\/\" \/>\n<meta property=\"og:locale\" content=\"es_ES\" \/>\n<meta property=\"og:type\" content=\"article\" \/>\n<meta property=\"og:title\" content=\"TERRA SANTA \/ ISRAEL - 8 DIES - AIGE Viatges\" \/>\n<meta property=\"og:description\" content=\"Agencia de viajes online | Descubre nuestros viajes inolvidables a TERRA SANTA \/ ISRAEL - 8 DIES\" \/>\n<meta property=\"og:url\" content=\"https:\/\/aigeviatges.com\/es\/producto\/tierra-santa-israel-8-dias\/\" \/>\n<meta property=\"og:site_name\" content=\"AIGE Viatges\" \/>\n<meta property=\"article:publisher\" content=\"https:\/\/www.facebook.com\/viatgesaige\/\" \/>\n<meta property=\"article:modified_time\" content=\"2021-04-21T17:13:56+00:00\" \/>\n<meta property=\"og:image\" content=\"https:\/\/aigeviatges.com\/wp-content\/uploads\/2021\/04\/IS-jerusalen.jpg\" \/>\n\t<meta property=\"og:image:width\" content=\"840\" \/>\n\t<meta property=\"og:image:height\" content=\"557\" \/>\n\t<meta property=\"og:image:type\" content=\"image\/jpeg\" \/>\n<meta name=\"twitter:card\" content=\"summary_large_image\" \/>\n<meta name=\"twitter:label1\" content=\"Tiempo de lectura\" \/>\n\t<meta name=\"twitter:data1\" content=\"4 minutos\" \/>\n<script type=\"application\/ld+json\" class=\"yoast-schema-graph\">{\"@context\":\"https:\/\/schema.org\",\"@graph\":[{\"@type\":\"WebPage\",\"@id\":\"https:\/\/aigeviatges.com\/producto\/terra-santa-israel-8-dies\/\",\"url\":\"https:\/\/aigeviatges.com\/producto\/terra-santa-israel-8-dies\/\",\"name\":\"TERRA SANTA \/ ISRAEL - 8 DIES - AIGE Viatges\",\"isPartOf\":{\"@id\":\"https:\/\/aigeviatges.com\/#website\"},\"datePublished\":\"2021-04-21T10:12:38+00:00\",\"dateModified\":\"2021-04-21T17:13:56+00:00\",\"description\":\"Agencia de viajes online | Descubre nuestros viajes inolvidables a TERRA SANTA \/ ISRAEL - 8 DIES\",\"breadcrumb\":{\"@id\":\"https:\/\/aigeviatges.com\/producto\/terra-santa-israel-8-dies\/#breadcrumb\"},\"inLanguage\":\"es\",\"potentialAction\":[{\"@type\":\"ReadAction\",\"target\":[\"https:\/\/aigeviatges.com\/producto\/terra-santa-israel-8-dies\/\"]}]},{\"@type\":\"BreadcrumbList\",\"@id\":\"https:\/\/aigeviatges.com\/producto\/terra-santa-israel-8-dies\/#breadcrumb\",\"itemListElement\":[{\"@type\":\"ListItem\",\"position\":1,\"name\":\"Portada\",\"item\":\"https:\/\/aigeviatges.com\/\"},{\"@type\":\"ListItem\",\"position\":2,\"name\":\"Tienda\",\"item\":\"https:\/\/aigeviatges.com\/tienda-2\/\"},{\"@type\":\"ListItem\",\"position\":3,\"name\":\"TERRA SANTA \/ ISRAEL &#8211; 8 DIES\"}]},{\"@type\":\"WebSite\",\"@id\":\"https:\/\/aigeviatges.com\/#website\",\"url\":\"https:\/\/aigeviatges.com\/\",\"name\":\"AIGE Viatges\",\"description\":\"Agencia de viajes especializada en producto propio para grupos.\",\"publisher\":{\"@id\":\"https:\/\/aigeviatges.com\/#organization\"},\"potentialAction\":[{\"@type\":\"SearchAction\",\"target\":{\"@type\":\"EntryPoint\",\"urlTemplate\":\"https:\/\/aigeviatges.com\/?s={search_term_string}\"},\"query-input\":\"required name=search_term_string\"}],\"inLanguage\":\"es\"},{\"@type\":\"Organization\",\"@id\":\"https:\/\/aigeviatges.com\/#organization\",\"name\":\"AIGE Viatges\",\"url\":\"https:\/\/aigeviatges.com\/\",\"logo\":{\"@type\":\"ImageObject\",\"inLanguage\":\"es\",\"@id\":\"https:\/\/aigeviatges.com\/#\/schema\/logo\/image\/\",\"url\":\"https:\/\/aigeviatges.com\/wp-content\/uploads\/2020\/03\/aig-viatges-logo-web.png\",\"contentUrl\":\"https:\/\/aigeviatges.com\/wp-content\/uploads\/2020\/03\/aig-viatges-logo-web.png\",\"width\":600,\"height\":166,\"caption\":\"AIGE Viatges\"},\"image\":{\"@id\":\"https:\/\/aigeviatges.com\/#\/schema\/logo\/image\/\"},\"sameAs\":[\"https:\/\/www.facebook.com\/viatgesaige\/\"]}]}<\/script>\n<!-- \/ Yoast SEO plugin. -->","yoast_head_json":{"title":"TERRA SANTA \/ ISRAEL - 8 DIES - AIGE Viatges","description":"Agencia de viajes online | Descubre nuestros viajes inolvidables a TERRA SANTA \/ ISRAEL - 8 DIES","robots":{"index":"index","follow":"follow","max-snippet":"max-snippet:-1","max-image-preview":"max-image-preview:large","max-video-preview":"max-video-preview:-1"},"canonical":"https:\/\/aigeviatges.com\/es\/producto\/tierra-santa-israel-8-dias\/","og_locale":"es_ES","og_type":"article","og_title":"TERRA SANTA \/ ISRAEL - 8 DIES - AIGE Viatges","og_description":"Agencia de viajes online | Descubre nuestros viajes inolvidables a TERRA SANTA \/ ISRAEL - 8 DIES","og_url":"https:\/\/aigeviatges.com\/es\/producto\/tierra-santa-israel-8-dias\/","og_site_name":"AIGE Viatges","article_publisher":"https:\/\/www.facebook.com\/viatgesaige\/","article_modified_time":"2021-04-21T17:13:56+00:00","og_image":[{"width":840,"height":557,"url":"https:\/\/aigeviatges.com\/wp-content\/uploads\/2021\/04\/IS-jerusalen.jpg","type":"image\/jpeg"}],"twitter_card":"summary_large_image","twitter_misc":{"Tiempo de lectura":"4 minutos"},"schema":{"@context":"https:\/\/schema.org","@graph":[{"@type":"WebPage","@id":"https:\/\/aigeviatges.com\/producto\/terra-santa-israel-8-dies\/","url":"https:\/\/aigeviatges.com\/producto\/terra-santa-israel-8-dies\/","name":"TERRA SANTA \/ ISRAEL - 8 DIES - AIGE Viatges","isPartOf":{"@id":"https:\/\/aigeviatges.com\/#website"},"datePublished":"2021-04-21T10:12:38+00:00","dateModified":"2021-04-21T17:13:56+00:00","description":"Agencia de viajes online | Descubre nuestros viajes inolvidables a TERRA SANTA \/ ISRAEL - 8 DIES","breadcrumb":{"@id":"https:\/\/aigeviatges.com\/producto\/terra-santa-israel-8-dies\/#breadcrumb"},"inLanguage":"es","potentialAction":[{"@type":"ReadAction","target":["https:\/\/aigeviatges.com\/producto\/terra-santa-israel-8-dies\/"]}]},{"@type":"BreadcrumbList","@id":"https:\/\/aigeviatges.com\/producto\/terra-santa-israel-8-dies\/#breadcrumb","itemListElement":[{"@type":"ListItem","position":1,"name":"Portada","item":"https:\/\/aigeviatges.com\/"},{"@type":"ListItem","position":2,"name":"Tienda","item":"https:\/\/aigeviatges.com\/tienda-2\/"},{"@type":"ListItem","position":3,"name":"TERRA SANTA \/ ISRAEL &#8211; 8 DIES"}]},{"@type":"WebSite","@id":"https:\/\/aigeviatges.com\/#website","url":"https:\/\/aigeviatges.com\/","name":"AIGE Viatges","description":"Agencia de viajes especializada en producto propio para grupos.","publisher":{"@id":"https:\/\/aigeviatges.com\/#organization"},"potentialAction":[{"@type":"SearchAction","target":{"@type":"EntryPoint","urlTemplate":"https:\/\/aigeviatges.com\/?s={search_term_string}"},"query-input":"required name=search_term_string"}],"inLanguage":"es"},{"@type":"Organization","@id":"https:\/\/aigeviatges.com\/#organization","name":"AIGE Viatges","url":"https:\/\/aigeviatges.com\/","logo":{"@type":"ImageObject","inLanguage":"es","@id":"https:\/\/aigeviatges.com\/#\/schema\/logo\/image\/","url":"https:\/\/aigeviatges.com\/wp-content\/uploads\/2020\/03\/aig-viatges-logo-web.png","contentUrl":"https:\/\/aigeviatges.com\/wp-content\/uploads\/2020\/03\/aig-viatges-logo-web.png","width":600,"height":166,"caption":"AIGE Viatges"},"image":{"@id":"https:\/\/aigeviatges.com\/#\/schema\/logo\/image\/"},"sameAs":["https:\/\/www.facebook.com\/viatgesaige\/"]}]}},"jetpack_sharing_enabled":true,"jetpack_likes_enabled":false,"_links":{"self":[{"href":"https:\/\/aigeviatges.com\/es\/wp-json\/wp\/v2\/product\/1585","targetHints":{"allow":["GET"]}}],"collection":[{"href":"https:\/\/aigeviatges.com\/es\/wp-json\/wp\/v2\/product"}],"about":[{"href":"https:\/\/aigeviatges.com\/es\/wp-json\/wp\/v2\/types\/product"}],"wp:featuredmedia":[{"embeddable":true,"href":"https:\/\/aigeviatges.com\/es\/wp-json\/wp\/v2\/media\/1579"}],"wp:attachment":[{"href":"https:\/\/aigeviatges.com\/es\/wp-json\/wp\/v2\/media?parent=1585"}],"wp:term":[{"taxonomy":"product_cat","embeddable":true,"href":"https:\/\/aigeviatges.com\/es\/wp-json\/wp\/v2\/product_cat?post=1585"},{"taxonomy":"product_tag","embeddable":true,"href":"https:\/\/aigeviatges.com\/es\/wp-json\/wp\/v2\/product_tag?post=1585"}],"curies":[{"name":"wp","href":"https:\/\/api.w.org\/{rel}","templated":true}]}}