{"id":1339,"date":"2021-03-22T16:29:57","date_gmt":"2021-03-22T16:43:46","guid":{"rendered":"https:\/\/aigeviatges.com\/?post_type=product&#038;p=1339"},"modified":"2021-03-22T16:52:28","modified_gmt":"2021-03-22T16:52:28","slug":"portugal-en-ave-7-dies","status":"publish","type":"product","link":"https:\/\/aigeviatges.com\/es\/producto\/portugal-en-ave-7-dias\/","title":{"rendered":"PORTUGAL EN AVE - 7 D\u00cdAS"},"content":{"rendered":"<p><img loading=\"lazy\" decoding=\"async\" class=\"alignnone size-medium wp-image-716\" src=\"https:\/\/aigeviatges.com\/wp-content\/uploads\/2021\/02\/222-300x186.jpg\" alt=\"\" width=\"300\" height=\"186\" srcset=\"https:\/\/aigeviatges.com\/wp-content\/uploads\/2021\/02\/222-300x186.jpg 300w, https:\/\/aigeviatges.com\/wp-content\/uploads\/2021\/02\/222.jpg 346w\" sizes=\"auto, (max-width: 300px) 100vw, 300px\" \/><\/p>\n<p><strong>D\u00eda 1: BARCELONA \/ TARRAGONA \/ GIRONA - AVE - MADRID - SANTAR\u00c9M<\/strong><br \/>\nSalida en tren AVE direcci\u00f3n Madrid, llegada y salida en autocar a Portugal. Almuerzo en ruta. Breve paseo por Trujillo y continuaci\u00f3n hasta prov. de Santar\u00e9m. Acomodaci\u00f3n en el hotel, cena y alojamiento.<\/p>\n<p><strong>D\u00eda 2: SINTRA - CASCAYS - ESTORIL<\/strong><br \/>\nSalida a Sintra. Construida al pie de la sierra que lleva su nombre, est\u00e1 construida por un conjunto de antiguos pueblos el principal de ellos, Villa Velha, se extendi\u00f3 a partir de la edad media alrededor del Pa\u00e7o da Vila (palacio real) visible desde lejos por los mamelones alargados. Visitaremos el palacio Real, inconfundible por su colorida arquitectura, el Palau se asienta sobre la colina m\u00e1s alta de Sintra dominando el paisaje. Es uno de los monumentos m\u00e1s famosos de la villa y tambi\u00e9n uno de los m\u00e1s visitados. Almuerzo. Continuaremos a Colares hacia la Costa de Estoril. Visita de Estoril. Cena y alojamiento en el hotel.<\/p>\n<p><strong>D\u00eda 3: LISBOA<\/strong><br \/>\nSalida a Lisboa. D\u00eda completo dedicado a la visita. Lisboa es una de las capitales europeas m\u00e1s peque\u00f1as y destila una calidez e intimidad que muchas grandes urbes hace tiempo perdieron. Viejos tranv\u00edas y funiculares a\u00f1aden sabor a la estampa a\u00f1eja, al igual que los limpiabotas callejeros, los olorosos braseros de las vendedoras de casta\u00f1as y el aroma a caf\u00e9 que nos esperan en ochocentistas bares. Almuerzo. Por la tarde, continuaremos visitando la ciudad, incluyendo la visita al claustro del Monasterio de los Jer\u00f3nimos. Cena y alojamiento en el hotel.<\/p>\n<p><strong>D\u00eda 4: COIBRA \u2013 AVEIRO<\/strong><br \/>\nSalida a Co\u00edmbra, cuna de las ciencias y de las letras y antigua ciudad universitaria, famosa por sus calles sinuosas y casas colgantes donde hoy m\u00e1s que nunca sigue sonando el viejo fado. Visita de la ciudad, destaca la Sede Velha (la Catedral vieja) del siglo XII, el Museo Machado de Castro en el Palacio del arzobispo, la Iglesia y Monasterio de la Cruz Santa. Visitaremos la Universidad, una de las m\u00e1s antiguas de Europa, conoceremos la Sala dos Capelos, la estancia principal de la Universidad y lugar en el que se celebran todas las ceremonias acad\u00e9micas, la Biblioteca Joanina, la C\u00e1rcel Acad\u00e9mica y la Capilla de San Miguel. Almuerzo. Por la tarde realizaremos un recorrido panor\u00e1mico por la Costa Atl\u00e1ntica hasta Aveiro, famosa por sus canales. Cena y alojamiento en el hotel.<\/p>\n<p><strong>D\u00eda 5: OBIDOS \u2013 NAZARE \u2013 ALCOBAZA<\/strong><br \/>\nSalida a Obidos. Visitaremos el encantador pueblo medieval, con su centro hist\u00f3rico amurallado. Continuaci\u00f3n de nuestra ruta al pintoresco pueblo de pescadores de Nazar\u00e9. Almuerzo. Por la tarde visitaremos el monasterio de Alcoba\u00e7a, declarado Patrimonio de la Humanidad por la UNESCO. Fue fundado en 1153 por orden de D. Afonso Henriques, el primer rey de Portugal. Cena y alojamiento en el hotel.<\/p>\n<p><strong>D\u00eda 6: BATALHA - FATIMA<\/strong><br \/>\nSalida a la Villa de Batalha una bonita ciudad en la que visitaremos el Monasterio declarado Patrimonio de la Humanidad por la UNESCO, podremos contemplar la arquitectura y las bellas vidrieras de esta obra maestra del G\u00f3tico. Almuerzo. Por la tarde visitaremos F\u00e1tima, lugar de peregrinaci\u00f3n para los cristianos, llegados de todas partes. Por la noche, despu\u00e9s de la cena, a quien le apetezca podr\u00e1 presenciar la procesi\u00f3n de las antorchas. Alojamiento en el hotel.<\/p>\n<p><strong>D\u00eda 7: SANTAR\u00c9M \u2013 MADRID \u2013 AVE \u2013 BARCELONA \/ TARRAGONA \/ GIRONA<\/strong><br \/>\nDesayuno en el hotel y salida hacia Talavera de la Reina y Madrid. Almuerzo. Por la tarde, regreso al punto de partida en AVE. Llegada y fin de nuestros servicios.<\/p>","protected":false},"excerpt":{"rendered":"<p><strong>INCLUYE:\u00a0<\/strong><\/p>\n<ul>\n<li>Traslados origen-estaci\u00f3n y regreso (m\u00ednimo 25 pax)<\/li>\n<li>AVE BCN\/TAR\/GIR \u2013 Madrid \u2013 BCN\/TAR\/GIR<\/li>\n<li>Autocar de lujo todo el circuito<\/li>\n<li>Gu\u00eda acompa\u00f1ante de AIGE<\/li>\n<li>Gu\u00eda local en lisboa<\/li>\n<li>Hotel 3***<\/li>\n<li>Pensi\u00f3n completa con vino y agua (del almuerzo del d\u00eda 1 al almuerzo del d\u00eda 7)<\/li>\n<li>Entrada al Claustro del Monasterio de los Jer\u00f3nimos<\/li>\n<li>Entrada en el Monasterio de Batalla<\/li>\n<li>Entrada al Monasterio de Alcoba\u00e7a<\/li>\n<li>Entrada en la universidad de Coimbra<\/li>\n<li>Entrada en el palacio real de Sintra<\/li>\n<li>Seguro de asistencia en viaje<\/li>\n<\/ul>\n<p><strong><em>Nota sobre el alojamiento:\u00a0<\/em><\/strong><strong><em>todas las noches en el mismo hotel<\/em><\/strong><\/p>","protected":false},"featured_media":1334,"template":"","meta":[],"product_cat":[119],"product_tag":[],"class_list":["post-1339","product","type-product","status-publish","has-post-thumbnail","hentry","product_cat-circuitos-todo-incluido-2"],"yoast_head":"<!-- This site is optimized with the Yoast SEO plugin v21.7 - https:\/\/yoast.com\/wordpress\/plugins\/seo\/ -->\n<title>PORTUGAL EN AVE - 7 DIES - AIGE Viatges<\/title>\n<meta name=\"description\" content=\"Agencia de viajes online | Descubre nuestros viajes inolvidables a PORTUGAL EN AVE - 7 DIES\" \/>\n<meta name=\"robots\" content=\"index, follow, max-snippet:-1, max-image-preview:large, max-video-preview:-1\" \/>\n<link rel=\"canonical\" href=\"https:\/\/aigeviatges.com\/es\/producto\/portugal-en-ave-7-dias\/\" \/>\n<meta property=\"og:locale\" content=\"es_ES\" \/>\n<meta property=\"og:type\" content=\"article\" \/>\n<meta property=\"og:title\" content=\"PORTUGAL EN AVE - 7 DIES - AIGE Viatges\" \/>\n<meta property=\"og:description\" content=\"Agencia de viajes online | Descubre nuestros viajes inolvidables a PORTUGAL EN AVE - 7 DIES\" \/>\n<meta property=\"og:url\" content=\"https:\/\/aigeviatges.com\/es\/producto\/portugal-en-ave-7-dias\/\" \/>\n<meta property=\"og:site_name\" content=\"AIGE Viatges\" \/>\n<meta property=\"article:publisher\" content=\"https:\/\/www.facebook.com\/viatgesaige\/\" \/>\n<meta property=\"article:modified_time\" content=\"2021-03-22T16:52:28+00:00\" \/>\n<meta property=\"og:image\" content=\"https:\/\/aigeviatges.com\/wp-content\/uploads\/2021\/03\/2-PALACIO-DA-PENA.jpg\" \/>\n\t<meta property=\"og:image:width\" content=\"669\" \/>\n\t<meta property=\"og:image:height\" content=\"446\" \/>\n\t<meta property=\"og:image:type\" content=\"image\/jpeg\" \/>\n<meta name=\"twitter:card\" content=\"summary_large_image\" \/>\n<meta name=\"twitter:label1\" content=\"Tiempo de lectura\" \/>\n\t<meta name=\"twitter:data1\" content=\"3 minutos\" \/>\n<script type=\"application\/ld+json\" class=\"yoast-schema-graph\">{\"@context\":\"https:\/\/schema.org\",\"@graph\":[{\"@type\":\"WebPage\",\"@id\":\"https:\/\/aigeviatges.com\/producto\/portugal-en-ave-7-dies\/\",\"url\":\"https:\/\/aigeviatges.com\/producto\/portugal-en-ave-7-dies\/\",\"name\":\"PORTUGAL EN AVE - 7 DIES - AIGE Viatges\",\"isPartOf\":{\"@id\":\"https:\/\/aigeviatges.com\/#website\"},\"datePublished\":\"2021-03-22T16:43:46+00:00\",\"dateModified\":\"2021-03-22T16:52:28+00:00\",\"description\":\"Agencia de viajes online | Descubre nuestros viajes inolvidables a PORTUGAL EN AVE - 7 DIES\",\"breadcrumb\":{\"@id\":\"https:\/\/aigeviatges.com\/producto\/portugal-en-ave-7-dies\/#breadcrumb\"},\"inLanguage\":\"es\",\"potentialAction\":[{\"@type\":\"ReadAction\",\"target\":[\"https:\/\/aigeviatges.com\/producto\/portugal-en-ave-7-dies\/\"]}]},{\"@type\":\"BreadcrumbList\",\"@id\":\"https:\/\/aigeviatges.com\/producto\/portugal-en-ave-7-dies\/#breadcrumb\",\"itemListElement\":[{\"@type\":\"ListItem\",\"position\":1,\"name\":\"Portada\",\"item\":\"https:\/\/aigeviatges.com\/\"},{\"@type\":\"ListItem\",\"position\":2,\"name\":\"Tienda\",\"item\":\"https:\/\/aigeviatges.com\/tienda-2\/\"},{\"@type\":\"ListItem\",\"position\":3,\"name\":\"PORTUGAL EN AVE &#8211; 7 DIES\"}]},{\"@type\":\"WebSite\",\"@id\":\"https:\/\/aigeviatges.com\/#website\",\"url\":\"https:\/\/aigeviatges.com\/\",\"name\":\"AIGE Viatges\",\"description\":\"Agencia de viajes especializada en producto propio para grupos.\",\"publisher\":{\"@id\":\"https:\/\/aigeviatges.com\/#organization\"},\"potentialAction\":[{\"@type\":\"SearchAction\",\"target\":{\"@type\":\"EntryPoint\",\"urlTemplate\":\"https:\/\/aigeviatges.com\/?s={search_term_string}\"},\"query-input\":\"required name=search_term_string\"}],\"inLanguage\":\"es\"},{\"@type\":\"Organization\",\"@id\":\"https:\/\/aigeviatges.com\/#organization\",\"name\":\"AIGE Viatges\",\"url\":\"https:\/\/aigeviatges.com\/\",\"logo\":{\"@type\":\"ImageObject\",\"inLanguage\":\"es\",\"@id\":\"https:\/\/aigeviatges.com\/#\/schema\/logo\/image\/\",\"url\":\"https:\/\/aigeviatges.com\/wp-content\/uploads\/2020\/03\/aig-viatges-logo-web.png\",\"contentUrl\":\"https:\/\/aigeviatges.com\/wp-content\/uploads\/2020\/03\/aig-viatges-logo-web.png\",\"width\":600,\"height\":166,\"caption\":\"AIGE Viatges\"},\"image\":{\"@id\":\"https:\/\/aigeviatges.com\/#\/schema\/logo\/image\/\"},\"sameAs\":[\"https:\/\/www.facebook.com\/viatgesaige\/\"]}]}<\/script>\n<!-- \/ Yoast SEO plugin. -->","yoast_head_json":{"title":"PORTUGAL EN AVE - 7 DIES - AIGE Viatges","description":"Agencia de viajes online | Descubre nuestros viajes inolvidables a PORTUGAL EN AVE - 7 DIES","robots":{"index":"index","follow":"follow","max-snippet":"max-snippet:-1","max-image-preview":"max-image-preview:large","max-video-preview":"max-video-preview:-1"},"canonical":"https:\/\/aigeviatges.com\/es\/producto\/portugal-en-ave-7-dias\/","og_locale":"es_ES","og_type":"article","og_title":"PORTUGAL EN AVE - 7 DIES - AIGE Viatges","og_description":"Agencia de viajes online | Descubre nuestros viajes inolvidables a PORTUGAL EN AVE - 7 DIES","og_url":"https:\/\/aigeviatges.com\/es\/producto\/portugal-en-ave-7-dias\/","og_site_name":"AIGE Viatges","article_publisher":"https:\/\/www.facebook.com\/viatgesaige\/","article_modified_time":"2021-03-22T16:52:28+00:00","og_image":[{"width":669,"height":446,"url":"https:\/\/aigeviatges.com\/wp-content\/uploads\/2021\/03\/2-PALACIO-DA-PENA.jpg","type":"image\/jpeg"}],"twitter_card":"summary_large_image","twitter_misc":{"Tiempo de lectura":"3 minutos"},"schema":{"@context":"https:\/\/schema.org","@graph":[{"@type":"WebPage","@id":"https:\/\/aigeviatges.com\/producto\/portugal-en-ave-7-dies\/","url":"https:\/\/aigeviatges.com\/producto\/portugal-en-ave-7-dies\/","name":"PORTUGAL EN AVE - 7 DIES - AIGE Viatges","isPartOf":{"@id":"https:\/\/aigeviatges.com\/#website"},"datePublished":"2021-03-22T16:43:46+00:00","dateModified":"2021-03-22T16:52:28+00:00","description":"Agencia de viajes online | Descubre nuestros viajes inolvidables a PORTUGAL EN AVE - 7 DIES","breadcrumb":{"@id":"https:\/\/aigeviatges.com\/producto\/portugal-en-ave-7-dies\/#breadcrumb"},"inLanguage":"es","potentialAction":[{"@type":"ReadAction","target":["https:\/\/aigeviatges.com\/producto\/portugal-en-ave-7-dies\/"]}]},{"@type":"BreadcrumbList","@id":"https:\/\/aigeviatges.com\/producto\/portugal-en-ave-7-dies\/#breadcrumb","itemListElement":[{"@type":"ListItem","position":1,"name":"Portada","item":"https:\/\/aigeviatges.com\/"},{"@type":"ListItem","position":2,"name":"Tienda","item":"https:\/\/aigeviatges.com\/tienda-2\/"},{"@type":"ListItem","position":3,"name":"PORTUGAL EN AVE &#8211; 7 DIES"}]},{"@type":"WebSite","@id":"https:\/\/aigeviatges.com\/#website","url":"https:\/\/aigeviatges.com\/","name":"AIGE Viatges","description":"Agencia de viajes especializada en producto propio para grupos.","publisher":{"@id":"https:\/\/aigeviatges.com\/#organization"},"potentialAction":[{"@type":"SearchAction","target":{"@type":"EntryPoint","urlTemplate":"https:\/\/aigeviatges.com\/?s={search_term_string}"},"query-input":"required name=search_term_string"}],"inLanguage":"es"},{"@type":"Organization","@id":"https:\/\/aigeviatges.com\/#organization","name":"AIGE Viatges","url":"https:\/\/aigeviatges.com\/","logo":{"@type":"ImageObject","inLanguage":"es","@id":"https:\/\/aigeviatges.com\/#\/schema\/logo\/image\/","url":"https:\/\/aigeviatges.com\/wp-content\/uploads\/2020\/03\/aig-viatges-logo-web.png","contentUrl":"https:\/\/aigeviatges.com\/wp-content\/uploads\/2020\/03\/aig-viatges-logo-web.png","width":600,"height":166,"caption":"AIGE Viatges"},"image":{"@id":"https:\/\/aigeviatges.com\/#\/schema\/logo\/image\/"},"sameAs":["https:\/\/www.facebook.com\/viatgesaige\/"]}]}},"jetpack_sharing_enabled":true,"jetpack_likes_enabled":false,"_links":{"self":[{"href":"https:\/\/aigeviatges.com\/es\/wp-json\/wp\/v2\/product\/1339","targetHints":{"allow":["GET"]}}],"collection":[{"href":"https:\/\/aigeviatges.com\/es\/wp-json\/wp\/v2\/product"}],"about":[{"href":"https:\/\/aigeviatges.com\/es\/wp-json\/wp\/v2\/types\/product"}],"wp:featuredmedia":[{"embeddable":true,"href":"https:\/\/aigeviatges.com\/es\/wp-json\/wp\/v2\/media\/1334"}],"wp:attachment":[{"href":"https:\/\/aigeviatges.com\/es\/wp-json\/wp\/v2\/media?parent=1339"}],"wp:term":[{"taxonomy":"product_cat","embeddable":true,"href":"https:\/\/aigeviatges.com\/es\/wp-json\/wp\/v2\/product_cat?post=1339"},{"taxonomy":"product_tag","embeddable":true,"href":"https:\/\/aigeviatges.com\/es\/wp-json\/wp\/v2\/product_tag?post=1339"}],"curies":[{"name":"wp","href":"https:\/\/api.w.org\/{rel}","templated":true}]}}