{"id":1330,"date":"2021-03-22T15:20:59","date_gmt":"2021-03-22T15:38:46","guid":{"rendered":"https:\/\/aigeviatges.com\/?post_type=product&#038;p=1330"},"modified":"2021-03-22T16:55:38","modified_gmt":"2021-03-22T16:55:38","slug":"portugal-en-avio-6-dies","status":"publish","type":"product","link":"https:\/\/aigeviatges.com\/es\/producto\/portugal-en-avio-6-dias\/","title":{"rendered":"PORTUGAL EN AVI\u00d3N - 6 D\u00cdAS"},"content":{"rendered":"<p><img loading=\"lazy\" decoding=\"async\" class=\"alignnone size-medium wp-image-712\" src=\"https:\/\/aigeviatges.com\/wp-content\/uploads\/2020\/03\/avion-300x198.jpg\" alt=\"\" width=\"300\" height=\"198\" srcset=\"https:\/\/aigeviatges.com\/wp-content\/uploads\/2020\/03\/avion-300x198.jpg 300w, https:\/\/aigeviatges.com\/wp-content\/uploads\/2020\/03\/avion.jpg 322w\" sizes=\"auto, (max-width: 300px) 100vw, 300px\" \/><\/p>\n<p><strong>D\u00eda 1: ORIGEN - CASCAYOS \/ ESTORIL - LISBOA<\/strong><br \/>\nSalida en avi\u00f3n a Lisboa. A la llegada, efectuaremos un recorrido por la costa desde la desembocadura del r\u00edo Tajo, pasando por Estoril, villa formada por palacios y lugar de residencia durante el exilio del padre del rey Don Juan Carlos. Parada en los jardines del famoso Casino de Estoril. Almuerzo. Continuaci\u00f3n en Cascais, pueblecito pesquero con antiguos edificios civiles que recuerdan el fuerte crecimiento de la econom\u00eda burguesa de principios del S. XX. Continuaci\u00f3n a Lisboa. Acomodaci\u00f3n en el hotel. Cena y alojamiento.<\/p>\n<p><strong>D\u00eda 2: FATIMA \u2013 SANTAREMOS<\/strong><br \/>\nSalida a F\u00e1tima, lugar de peregrinaci\u00f3n de muchos fieles y donde dispondremos de tiempo para su visita. Conoceremos el \u00e1rbol de las apariciones, la bas\u00edlica, la aldea de Aljustrel, donde nacieron los tres ni\u00f1os a los que se le apareci\u00f3 la Virgen, Luc\u00eda Dos Santos, Francisco Martos y Jacinta Martos. Continuaci\u00f3n hasta Santarem, debe su actual renombre a la tauromaquia, pues en s. XIX se promulgaron las reglas de la corrida a la portuguesa. Cena y alojamiento en el hotel.<\/p>\n<p><strong>D\u00eda 3: LISBOA<\/strong><br \/>\nVisita de Lisboa. Acompa\u00f1ados de un gu\u00eda local, conoceremos esta singular capital, a orillas del r\u00edo Tajo donde destaca la plaza del Comer\u00e7, de donde salen sus tres comerciales calles del Ouro, Augusta y Prata que desembocan en la Plaza del Roc\u00edo. Conoceremos el edificio de la catedral y el casco antiguo. Por la tarde visitaremos el barrio de Belem, con el Monasterio de los Jer\u00f3nimos, donde se encuentran las tumbas de Vasco da Gama y del poeta Luis de Cam\u00f5es. Continuaremos con la visita al museo de las carrozas. Tambi\u00e9n destaca el famoso monumento a los descubridores del nuevo mundo y la torre defensiva de Belem. Cena y alojamiento en el hotel.<\/p>\n<p><strong>D\u00eda 4: BATALHA - NAZARE - OBIDOS<\/strong><br \/>\nSalida a la Villa de Batalha una bonita ciudad en la que visitaremos el Monasterio de Batalha, declarado Patrimonio de la Humanidad por la UNESCO, podremos contemplar la arquitectura y las bellas vidrieras de esta obra maestra del g\u00f3tico. Continuaci\u00f3n de nuestra ruta al pintoresco pueblo de pescadores de Nazar\u00e9. Almuerzo. Por la tarde visitaremos el encantador pueblo medieval de \u00d3bidos, con su centro hist\u00f3rico amurallado. Cena y alojamiento en el hotel.<\/p>\n<p><strong>D\u00eda 5: BOCA DO INFERNO \u2013 CAP DA ROCA \u2013 SINTRA<\/strong><br \/>\nPor la ma\u00f1ana disfrutaremos de bellas panor\u00e1micas costeras hasta Cap da Roca la zona m\u00e1s occidental de Europa, seguiremos con una parada en Da Boca do Inferno, dicho as\u00ed porque las ondas han erosionado la roca y parece la entrada al infierno. Almuerzo. Por la tarde visitaremos Sintra, la Villa Velha que se extendi\u00f3 a partir de la edad media alrededor del Pa\u00e7o da Vila (palacio real) visible desde lejos por los mamelones alargados dirigidos hacia el cielo, de sus monumentales chimeneas. Visita del imponente Palacio Real. Cena y alojamiento en el hotel.<\/p>\n<p><strong>D\u00eda 6: MINICREUER POR EL TAJO \u2013 EXPO LISBOA \u2013 ORIGEN<\/strong><br \/>\nPor la ma\u00f1ana efectuaremos un relajante crucero por el r\u00edo Tajo y conoceremos la parte moderna que fue destinada a la Expo\u00b498 y que actualmente disfruta de bellos jardines y panor\u00e1micas del puente nuevo sobre el Tajo llamado Vasco da Gamma, el m\u00e1s largo de Europa, con sus 17,2 Km de los que 10 est\u00e1n sobre las aguas del estuario del Tajo. Almuerzo. Traslado al aeropuerto y salida en avi\u00f3n a Barcelona. Llegada y fin de nuestros servicios.<\/p>","protected":false},"excerpt":{"rendered":"<p><strong>INCLUYE:\u00a0<\/strong><\/p>\n<ul>\n<li>Traslados origen-apt y vuelta (m\u00ednimo 25 pax)<\/li>\n<li>Avi\u00f3n BCN \u2013 Lisboa \u2013 BCN<\/li>\n<li>Autocar de lujo por todo el circuito<\/li>\n<li>Gu\u00eda acompa\u00f1ante de AIGE<\/li>\n<li>Gu\u00eda local en Lisboa<\/li>\n<li>Hotel 3*** o 4**** (seg\u00fan elecci\u00f3n)<\/li>\n<li>Pensi\u00f3n completa con vino y agua (del almuerzo del d\u00eda 1 al almuerzo del d\u00eda 6)<\/li>\n<li>Entrada a los monasterios de Los Jer\u00f3nimos y de Batalha<\/li>\n<li>Entrada al museo de las Carrozas<\/li>\n<li>Entrada en el palacio real de Sintra<\/li>\n<li>Crucero por el r\u00edo Tajo<\/li>\n<li>Seguro de asistencia en viaje<\/li>\n<\/ul>\n<p><strong><em>Nota sobre el alojamiento:\u00a0<\/em><\/strong><strong><em>todas las noches en el mismo hotel<\/em><\/strong><\/p>","protected":false},"featured_media":1333,"template":"","meta":[],"product_cat":[119],"product_tag":[],"class_list":["post-1330","product","type-product","status-publish","has-post-thumbnail","hentry","product_cat-circuitos-todo-incluido-2"],"yoast_head":"<!-- This site is optimized with the Yoast SEO plugin v21.7 - https:\/\/yoast.com\/wordpress\/plugins\/seo\/ -->\n<title>PORTUGAL EN AVI\u00d3 - 6 DIES - AIGE Viatges<\/title>\n<meta name=\"description\" content=\"Agencia de viajes online | Descubre nuestros viajes inolvidables a PORTUGAL EN AVI\u00d3 - 6 DIES\" \/>\n<meta name=\"robots\" content=\"index, follow, max-snippet:-1, max-image-preview:large, max-video-preview:-1\" \/>\n<link rel=\"canonical\" href=\"https:\/\/aigeviatges.com\/es\/producto\/portugal-en-avio-6-dias\/\" \/>\n<meta property=\"og:locale\" content=\"es_ES\" \/>\n<meta property=\"og:type\" content=\"article\" \/>\n<meta property=\"og:title\" content=\"PORTUGAL EN AVI\u00d3 - 6 DIES - AIGE Viatges\" \/>\n<meta property=\"og:description\" content=\"Agencia de viajes online | Descubre nuestros viajes inolvidables a PORTUGAL EN AVI\u00d3 - 6 DIES\" \/>\n<meta property=\"og:url\" content=\"https:\/\/aigeviatges.com\/es\/producto\/portugal-en-avio-6-dias\/\" \/>\n<meta property=\"og:site_name\" content=\"AIGE Viatges\" \/>\n<meta property=\"article:publisher\" content=\"https:\/\/www.facebook.com\/viatgesaige\/\" \/>\n<meta property=\"article:modified_time\" content=\"2021-03-22T16:55:38+00:00\" \/>\n<meta property=\"og:image\" content=\"https:\/\/aigeviatges.com\/wp-content\/uploads\/2021\/03\/JERONIMO.jpg\" \/>\n\t<meta property=\"og:image:width\" content=\"800\" \/>\n\t<meta property=\"og:image:height\" content=\"456\" \/>\n\t<meta property=\"og:image:type\" content=\"image\/jpeg\" \/>\n<meta name=\"twitter:card\" content=\"summary_large_image\" \/>\n<meta name=\"twitter:label1\" content=\"Tiempo de lectura\" \/>\n\t<meta name=\"twitter:data1\" content=\"3 minutos\" \/>\n<script type=\"application\/ld+json\" class=\"yoast-schema-graph\">{\"@context\":\"https:\/\/schema.org\",\"@graph\":[{\"@type\":\"WebPage\",\"@id\":\"https:\/\/aigeviatges.com\/producto\/portugal-en-avio-6-dies\/\",\"url\":\"https:\/\/aigeviatges.com\/producto\/portugal-en-avio-6-dies\/\",\"name\":\"PORTUGAL EN AVI\u00d3 - 6 DIES - AIGE Viatges\",\"isPartOf\":{\"@id\":\"https:\/\/aigeviatges.com\/#website\"},\"datePublished\":\"2021-03-22T15:38:46+00:00\",\"dateModified\":\"2021-03-22T16:55:38+00:00\",\"description\":\"Agencia de viajes online | Descubre nuestros viajes inolvidables a PORTUGAL EN AVI\u00d3 - 6 DIES\",\"breadcrumb\":{\"@id\":\"https:\/\/aigeviatges.com\/producto\/portugal-en-avio-6-dies\/#breadcrumb\"},\"inLanguage\":\"es\",\"potentialAction\":[{\"@type\":\"ReadAction\",\"target\":[\"https:\/\/aigeviatges.com\/producto\/portugal-en-avio-6-dies\/\"]}]},{\"@type\":\"BreadcrumbList\",\"@id\":\"https:\/\/aigeviatges.com\/producto\/portugal-en-avio-6-dies\/#breadcrumb\",\"itemListElement\":[{\"@type\":\"ListItem\",\"position\":1,\"name\":\"Portada\",\"item\":\"https:\/\/aigeviatges.com\/\"},{\"@type\":\"ListItem\",\"position\":2,\"name\":\"Tienda\",\"item\":\"https:\/\/aigeviatges.com\/tienda-2\/\"},{\"@type\":\"ListItem\",\"position\":3,\"name\":\"PORTUGAL EN AVI\u00d3 &#8211; 6 DIES\"}]},{\"@type\":\"WebSite\",\"@id\":\"https:\/\/aigeviatges.com\/#website\",\"url\":\"https:\/\/aigeviatges.com\/\",\"name\":\"AIGE Viatges\",\"description\":\"Agencia de viajes especializada en producto propio para grupos.\",\"publisher\":{\"@id\":\"https:\/\/aigeviatges.com\/#organization\"},\"potentialAction\":[{\"@type\":\"SearchAction\",\"target\":{\"@type\":\"EntryPoint\",\"urlTemplate\":\"https:\/\/aigeviatges.com\/?s={search_term_string}\"},\"query-input\":\"required name=search_term_string\"}],\"inLanguage\":\"es\"},{\"@type\":\"Organization\",\"@id\":\"https:\/\/aigeviatges.com\/#organization\",\"name\":\"AIGE Viatges\",\"url\":\"https:\/\/aigeviatges.com\/\",\"logo\":{\"@type\":\"ImageObject\",\"inLanguage\":\"es\",\"@id\":\"https:\/\/aigeviatges.com\/#\/schema\/logo\/image\/\",\"url\":\"https:\/\/aigeviatges.com\/wp-content\/uploads\/2020\/03\/aig-viatges-logo-web.png\",\"contentUrl\":\"https:\/\/aigeviatges.com\/wp-content\/uploads\/2020\/03\/aig-viatges-logo-web.png\",\"width\":600,\"height\":166,\"caption\":\"AIGE Viatges\"},\"image\":{\"@id\":\"https:\/\/aigeviatges.com\/#\/schema\/logo\/image\/\"},\"sameAs\":[\"https:\/\/www.facebook.com\/viatgesaige\/\"]}]}<\/script>\n<!-- \/ Yoast SEO plugin. -->","yoast_head_json":{"title":"PORTUGAL EN AVI\u00d3 - 6 DIES - AIGE Viatges","description":"Agencia de viajes online | Descubre nuestros viajes inolvidables a PORTUGAL EN AVI\u00d3 - 6 DIES","robots":{"index":"index","follow":"follow","max-snippet":"max-snippet:-1","max-image-preview":"max-image-preview:large","max-video-preview":"max-video-preview:-1"},"canonical":"https:\/\/aigeviatges.com\/es\/producto\/portugal-en-avio-6-dias\/","og_locale":"es_ES","og_type":"article","og_title":"PORTUGAL EN AVI\u00d3 - 6 DIES - AIGE Viatges","og_description":"Agencia de viajes online | Descubre nuestros viajes inolvidables a PORTUGAL EN AVI\u00d3 - 6 DIES","og_url":"https:\/\/aigeviatges.com\/es\/producto\/portugal-en-avio-6-dias\/","og_site_name":"AIGE Viatges","article_publisher":"https:\/\/www.facebook.com\/viatgesaige\/","article_modified_time":"2021-03-22T16:55:38+00:00","og_image":[{"width":800,"height":456,"url":"https:\/\/aigeviatges.com\/wp-content\/uploads\/2021\/03\/JERONIMO.jpg","type":"image\/jpeg"}],"twitter_card":"summary_large_image","twitter_misc":{"Tiempo de lectura":"3 minutos"},"schema":{"@context":"https:\/\/schema.org","@graph":[{"@type":"WebPage","@id":"https:\/\/aigeviatges.com\/producto\/portugal-en-avio-6-dies\/","url":"https:\/\/aigeviatges.com\/producto\/portugal-en-avio-6-dies\/","name":"PORTUGAL EN AVI\u00d3 - 6 DIES - AIGE Viatges","isPartOf":{"@id":"https:\/\/aigeviatges.com\/#website"},"datePublished":"2021-03-22T15:38:46+00:00","dateModified":"2021-03-22T16:55:38+00:00","description":"Agencia de viajes online | Descubre nuestros viajes inolvidables a PORTUGAL EN AVI\u00d3 - 6 DIES","breadcrumb":{"@id":"https:\/\/aigeviatges.com\/producto\/portugal-en-avio-6-dies\/#breadcrumb"},"inLanguage":"es","potentialAction":[{"@type":"ReadAction","target":["https:\/\/aigeviatges.com\/producto\/portugal-en-avio-6-dies\/"]}]},{"@type":"BreadcrumbList","@id":"https:\/\/aigeviatges.com\/producto\/portugal-en-avio-6-dies\/#breadcrumb","itemListElement":[{"@type":"ListItem","position":1,"name":"Portada","item":"https:\/\/aigeviatges.com\/"},{"@type":"ListItem","position":2,"name":"Tienda","item":"https:\/\/aigeviatges.com\/tienda-2\/"},{"@type":"ListItem","position":3,"name":"PORTUGAL EN AVI\u00d3 &#8211; 6 DIES"}]},{"@type":"WebSite","@id":"https:\/\/aigeviatges.com\/#website","url":"https:\/\/aigeviatges.com\/","name":"AIGE Viatges","description":"Agencia de viajes especializada en producto propio para grupos.","publisher":{"@id":"https:\/\/aigeviatges.com\/#organization"},"potentialAction":[{"@type":"SearchAction","target":{"@type":"EntryPoint","urlTemplate":"https:\/\/aigeviatges.com\/?s={search_term_string}"},"query-input":"required name=search_term_string"}],"inLanguage":"es"},{"@type":"Organization","@id":"https:\/\/aigeviatges.com\/#organization","name":"AIGE Viatges","url":"https:\/\/aigeviatges.com\/","logo":{"@type":"ImageObject","inLanguage":"es","@id":"https:\/\/aigeviatges.com\/#\/schema\/logo\/image\/","url":"https:\/\/aigeviatges.com\/wp-content\/uploads\/2020\/03\/aig-viatges-logo-web.png","contentUrl":"https:\/\/aigeviatges.com\/wp-content\/uploads\/2020\/03\/aig-viatges-logo-web.png","width":600,"height":166,"caption":"AIGE Viatges"},"image":{"@id":"https:\/\/aigeviatges.com\/#\/schema\/logo\/image\/"},"sameAs":["https:\/\/www.facebook.com\/viatgesaige\/"]}]}},"jetpack_sharing_enabled":true,"jetpack_likes_enabled":false,"_links":{"self":[{"href":"https:\/\/aigeviatges.com\/es\/wp-json\/wp\/v2\/product\/1330","targetHints":{"allow":["GET"]}}],"collection":[{"href":"https:\/\/aigeviatges.com\/es\/wp-json\/wp\/v2\/product"}],"about":[{"href":"https:\/\/aigeviatges.com\/es\/wp-json\/wp\/v2\/types\/product"}],"wp:featuredmedia":[{"embeddable":true,"href":"https:\/\/aigeviatges.com\/es\/wp-json\/wp\/v2\/media\/1333"}],"wp:attachment":[{"href":"https:\/\/aigeviatges.com\/es\/wp-json\/wp\/v2\/media?parent=1330"}],"wp:term":[{"taxonomy":"product_cat","embeddable":true,"href":"https:\/\/aigeviatges.com\/es\/wp-json\/wp\/v2\/product_cat?post=1330"},{"taxonomy":"product_tag","embeddable":true,"href":"https:\/\/aigeviatges.com\/es\/wp-json\/wp\/v2\/product_tag?post=1330"}],"curies":[{"name":"wp","href":"https:\/\/api.w.org\/{rel}","templated":true}]}}