{"id":1319,"date":"2021-03-22T11:44:56","date_gmt":"2021-03-22T12:39:15","guid":{"rendered":"https:\/\/aigeviatges.com\/?post_type=product&#038;p=1319"},"modified":"2021-03-22T12:39:15","modified_gmt":"2021-03-22T12:39:15","slug":"ave-segovia-patrimoni-nacional","status":"publish","type":"product","link":"https:\/\/aigeviatges.com\/es\/producto\/ave-segovia-patrimonio-nacional\/","title":{"rendered":"AVE - SEGOVIA, PATRIMONIO NACIONAL"},"content":{"rendered":"<p><img loading=\"lazy\" decoding=\"async\" class=\"alignnone size-medium wp-image-716\" src=\"https:\/\/aigeviatges.com\/wp-content\/uploads\/2021\/02\/222-300x186.jpg\" alt=\"\" width=\"300\" height=\"186\" srcset=\"https:\/\/aigeviatges.com\/wp-content\/uploads\/2021\/02\/222-300x186.jpg 300w, https:\/\/aigeviatges.com\/wp-content\/uploads\/2021\/02\/222.jpg 346w\" sizes=\"auto, (max-width: 300px) 100vw, 300px\" \/><\/p>\n<p><strong>D\u00eda 1: BARCELONA \/ TARRAGONA \/ GIRONA - AVE - MADRID - SEGOVIA<\/strong><br \/>\nSalida en tren AVE a Madrid. Llegada y continuaci\u00f3n hacia Segovia. Acomodaci\u00f3n en el hotel y almuerzo. Por la tarde visitaremos Segovia. Destaca su famoso acueducto romano, el Alc\u00e1zar perteneciente a la familia Trast\u00e1mara, la catedral y la iglesia San Miguel en donde fue coronada reina, Isabel la Cat\u00f3lica, tambi\u00e9n es importante, el monasterio del Parral y el Santuario de la Fuencisla. Cena y alojamiento en el hotel.<\/p>\n<p><strong>D\u00eda 2: LA GRANJA DE SAN ILDEFONSO - PEDRAZA DE LA SIERRA<\/strong><br \/>\nPor la ma\u00f1ana visitaremos el Real Sitio de la Granja de San Ildefonso, declarado conjunto Hist\u00f3rico Monumental, y una de las mejores muestras del esplendor mon\u00e1rquico del siglo XVIII. Felipe V se enamor\u00f3 de este bello lugar all\u00e1 por 1717. Tal fue el \u201cenamoramiento repentino\u201d que decidi\u00f3 levantar all\u00ed un palacio y unos jardines adornados con esculturas y fuentes que le recordaran su infancia en la corte francesa de su abuelo Luis XIV. Almuerzo. Por la tarde nos dirigiremos hasta Pedraza de la Sierra. Lugar situado en un promontorio y elegido lugar de descanso los fines de semana por los famosos madrile\u00f1os, que, habiendo restaurado a los antiguos palacios blasonados, se ha convertido en uno de los lugares m\u00e1s importantes de la Sierra. Cena y alojamiento en el hotel.<\/p>\n<p><strong>D\u00eda 3: SEGOVIA \u2013 RIOFRIO \u2013 MADRID \u2013 AVE \u2013 BARCELONA \/ TARRAGONA \/ GIRONA<\/strong><br \/>\nSalida a Riofr\u00edo, atravesando un espacio de antiguo coto de caza nos dirigiremos al lugar donde se encuentra uno de los m\u00e1s emblem\u00e1ticos palacios mandado construir por Isabel de Farnesio como pabell\u00f3n de caza. En su interior podremos admirar un fant\u00e1stico museo de la caza. Almuerzo en restaurante. Por la tarde, regreso al punto de partida en AVE. Llegada y fin de nuestros servicios.<\/p>","protected":false},"excerpt":{"rendered":"<p><strong>INCLUYE:\u00a0<\/strong><\/p>\n<ul>\n<li>Traslados origen-estaci\u00f3n y regreso (m\u00ednimo 25 pax)<\/li>\n<li>AVE BCN\/TAR\/GIR \u2013 Madrid \u2013 BCN\/TAR\/GIR<\/li>\n<li>Autocar de lujo por todo el circuito<\/li>\n<li>Gu\u00eda acompa\u00f1ante de AIGE<\/li>\n<li>Gu\u00eda local en Segovia<\/li>\n<li>Hotel 2**<\/li>\n<li>Pensi\u00f3n completa con vino y agua<\/li>\n<li>Entrada en el palacio de la Granja de San Ildefonso<\/li>\n<li>Entrada en el palacio de Riofr\u00edo<\/li>\n<li>Seguro de asistencia en viaje<\/li>\n<\/ul>","protected":false},"featured_media":1318,"template":"","meta":[],"product_cat":[112],"product_tag":[],"class_list":["post-1319","product","type-product","status-publish","has-post-thumbnail","hentry","product_cat-3-dies"],"yoast_head":"<!-- This site is optimized with the Yoast SEO plugin v21.7 - https:\/\/yoast.com\/wordpress\/plugins\/seo\/ -->\n<title>AVE - SEG\u00d2VIA, PATRIMONI NACIONAL - AIGE Viatges<\/title>\n<meta name=\"description\" content=\"Agencia de viajes online | Descubre nuestros viajes inolvidables a AVE - SEG\u00d2VIA, PATRIMONI NACIONAL\" \/>\n<meta name=\"robots\" content=\"index, follow, max-snippet:-1, max-image-preview:large, max-video-preview:-1\" \/>\n<link rel=\"canonical\" href=\"https:\/\/aigeviatges.com\/es\/producto\/ave-segovia-patrimonio-nacional\/\" \/>\n<meta property=\"og:locale\" content=\"es_ES\" \/>\n<meta property=\"og:type\" content=\"article\" \/>\n<meta property=\"og:title\" content=\"AVE - SEG\u00d2VIA, PATRIMONI NACIONAL - AIGE Viatges\" \/>\n<meta property=\"og:description\" content=\"Agencia de viajes online | Descubre nuestros viajes inolvidables a AVE - SEG\u00d2VIA, PATRIMONI NACIONAL\" \/>\n<meta property=\"og:url\" content=\"https:\/\/aigeviatges.com\/es\/producto\/ave-segovia-patrimonio-nacional\/\" \/>\n<meta property=\"og:site_name\" content=\"AIGE Viatges\" \/>\n<meta property=\"article:publisher\" content=\"https:\/\/www.facebook.com\/viatgesaige\/\" \/>\n<meta property=\"og:image\" content=\"https:\/\/aigeviatges.com\/wp-content\/uploads\/2021\/03\/alcazar-segovia.jpg\" \/>\n\t<meta property=\"og:image:width\" content=\"739\" \/>\n\t<meta property=\"og:image:height\" content=\"535\" \/>\n\t<meta property=\"og:image:type\" content=\"image\/jpeg\" \/>\n<meta name=\"twitter:card\" content=\"summary_large_image\" \/>\n<meta name=\"twitter:label1\" content=\"Tiempo de lectura\" \/>\n\t<meta name=\"twitter:data1\" content=\"2 minutos\" \/>\n<script type=\"application\/ld+json\" class=\"yoast-schema-graph\">{\"@context\":\"https:\/\/schema.org\",\"@graph\":[{\"@type\":\"WebPage\",\"@id\":\"https:\/\/aigeviatges.com\/producto\/ave-segovia-patrimoni-nacional\/\",\"url\":\"https:\/\/aigeviatges.com\/producto\/ave-segovia-patrimoni-nacional\/\",\"name\":\"AVE - SEG\u00d2VIA, PATRIMONI NACIONAL - AIGE Viatges\",\"isPartOf\":{\"@id\":\"https:\/\/aigeviatges.com\/#website\"},\"datePublished\":\"2021-03-22T12:39:15+00:00\",\"dateModified\":\"2021-03-22T12:39:15+00:00\",\"description\":\"Agencia de viajes online | Descubre nuestros viajes inolvidables a AVE - SEG\u00d2VIA, PATRIMONI NACIONAL\",\"breadcrumb\":{\"@id\":\"https:\/\/aigeviatges.com\/producto\/ave-segovia-patrimoni-nacional\/#breadcrumb\"},\"inLanguage\":\"es\",\"potentialAction\":[{\"@type\":\"ReadAction\",\"target\":[\"https:\/\/aigeviatges.com\/producto\/ave-segovia-patrimoni-nacional\/\"]}]},{\"@type\":\"BreadcrumbList\",\"@id\":\"https:\/\/aigeviatges.com\/producto\/ave-segovia-patrimoni-nacional\/#breadcrumb\",\"itemListElement\":[{\"@type\":\"ListItem\",\"position\":1,\"name\":\"Portada\",\"item\":\"https:\/\/aigeviatges.com\/\"},{\"@type\":\"ListItem\",\"position\":2,\"name\":\"Tienda\",\"item\":\"https:\/\/aigeviatges.com\/tienda-2\/\"},{\"@type\":\"ListItem\",\"position\":3,\"name\":\"AVE &#8211; SEG\u00d2VIA, PATRIMONI NACIONAL\"}]},{\"@type\":\"WebSite\",\"@id\":\"https:\/\/aigeviatges.com\/#website\",\"url\":\"https:\/\/aigeviatges.com\/\",\"name\":\"AIGE Viatges\",\"description\":\"Agencia de viajes especializada en producto propio para grupos.\",\"publisher\":{\"@id\":\"https:\/\/aigeviatges.com\/#organization\"},\"potentialAction\":[{\"@type\":\"SearchAction\",\"target\":{\"@type\":\"EntryPoint\",\"urlTemplate\":\"https:\/\/aigeviatges.com\/?s={search_term_string}\"},\"query-input\":\"required name=search_term_string\"}],\"inLanguage\":\"es\"},{\"@type\":\"Organization\",\"@id\":\"https:\/\/aigeviatges.com\/#organization\",\"name\":\"AIGE Viatges\",\"url\":\"https:\/\/aigeviatges.com\/\",\"logo\":{\"@type\":\"ImageObject\",\"inLanguage\":\"es\",\"@id\":\"https:\/\/aigeviatges.com\/#\/schema\/logo\/image\/\",\"url\":\"https:\/\/aigeviatges.com\/wp-content\/uploads\/2020\/03\/aig-viatges-logo-web.png\",\"contentUrl\":\"https:\/\/aigeviatges.com\/wp-content\/uploads\/2020\/03\/aig-viatges-logo-web.png\",\"width\":600,\"height\":166,\"caption\":\"AIGE Viatges\"},\"image\":{\"@id\":\"https:\/\/aigeviatges.com\/#\/schema\/logo\/image\/\"},\"sameAs\":[\"https:\/\/www.facebook.com\/viatgesaige\/\"]}]}<\/script>\n<!-- \/ Yoast SEO plugin. -->","yoast_head_json":{"title":"AVE - SEG\u00d2VIA, PATRIMONI NACIONAL - AIGE Viatges","description":"Agencia de viajes online | Descubre nuestros viajes inolvidables a AVE - SEG\u00d2VIA, PATRIMONI NACIONAL","robots":{"index":"index","follow":"follow","max-snippet":"max-snippet:-1","max-image-preview":"max-image-preview:large","max-video-preview":"max-video-preview:-1"},"canonical":"https:\/\/aigeviatges.com\/es\/producto\/ave-segovia-patrimonio-nacional\/","og_locale":"es_ES","og_type":"article","og_title":"AVE - SEG\u00d2VIA, PATRIMONI NACIONAL - AIGE Viatges","og_description":"Agencia de viajes online | Descubre nuestros viajes inolvidables a AVE - SEG\u00d2VIA, PATRIMONI NACIONAL","og_url":"https:\/\/aigeviatges.com\/es\/producto\/ave-segovia-patrimonio-nacional\/","og_site_name":"AIGE Viatges","article_publisher":"https:\/\/www.facebook.com\/viatgesaige\/","og_image":[{"width":739,"height":535,"url":"https:\/\/aigeviatges.com\/wp-content\/uploads\/2021\/03\/alcazar-segovia.jpg","type":"image\/jpeg"}],"twitter_card":"summary_large_image","twitter_misc":{"Tiempo de lectura":"2 minutos"},"schema":{"@context":"https:\/\/schema.org","@graph":[{"@type":"WebPage","@id":"https:\/\/aigeviatges.com\/producto\/ave-segovia-patrimoni-nacional\/","url":"https:\/\/aigeviatges.com\/producto\/ave-segovia-patrimoni-nacional\/","name":"AVE - SEG\u00d2VIA, PATRIMONI NACIONAL - AIGE Viatges","isPartOf":{"@id":"https:\/\/aigeviatges.com\/#website"},"datePublished":"2021-03-22T12:39:15+00:00","dateModified":"2021-03-22T12:39:15+00:00","description":"Agencia de viajes online | Descubre nuestros viajes inolvidables a AVE - SEG\u00d2VIA, PATRIMONI NACIONAL","breadcrumb":{"@id":"https:\/\/aigeviatges.com\/producto\/ave-segovia-patrimoni-nacional\/#breadcrumb"},"inLanguage":"es","potentialAction":[{"@type":"ReadAction","target":["https:\/\/aigeviatges.com\/producto\/ave-segovia-patrimoni-nacional\/"]}]},{"@type":"BreadcrumbList","@id":"https:\/\/aigeviatges.com\/producto\/ave-segovia-patrimoni-nacional\/#breadcrumb","itemListElement":[{"@type":"ListItem","position":1,"name":"Portada","item":"https:\/\/aigeviatges.com\/"},{"@type":"ListItem","position":2,"name":"Tienda","item":"https:\/\/aigeviatges.com\/tienda-2\/"},{"@type":"ListItem","position":3,"name":"AVE &#8211; SEG\u00d2VIA, PATRIMONI NACIONAL"}]},{"@type":"WebSite","@id":"https:\/\/aigeviatges.com\/#website","url":"https:\/\/aigeviatges.com\/","name":"AIGE Viatges","description":"Agencia de viajes especializada en producto propio para grupos.","publisher":{"@id":"https:\/\/aigeviatges.com\/#organization"},"potentialAction":[{"@type":"SearchAction","target":{"@type":"EntryPoint","urlTemplate":"https:\/\/aigeviatges.com\/?s={search_term_string}"},"query-input":"required name=search_term_string"}],"inLanguage":"es"},{"@type":"Organization","@id":"https:\/\/aigeviatges.com\/#organization","name":"AIGE Viatges","url":"https:\/\/aigeviatges.com\/","logo":{"@type":"ImageObject","inLanguage":"es","@id":"https:\/\/aigeviatges.com\/#\/schema\/logo\/image\/","url":"https:\/\/aigeviatges.com\/wp-content\/uploads\/2020\/03\/aig-viatges-logo-web.png","contentUrl":"https:\/\/aigeviatges.com\/wp-content\/uploads\/2020\/03\/aig-viatges-logo-web.png","width":600,"height":166,"caption":"AIGE Viatges"},"image":{"@id":"https:\/\/aigeviatges.com\/#\/schema\/logo\/image\/"},"sameAs":["https:\/\/www.facebook.com\/viatgesaige\/"]}]}},"jetpack_sharing_enabled":true,"jetpack_likes_enabled":false,"_links":{"self":[{"href":"https:\/\/aigeviatges.com\/es\/wp-json\/wp\/v2\/product\/1319","targetHints":{"allow":["GET"]}}],"collection":[{"href":"https:\/\/aigeviatges.com\/es\/wp-json\/wp\/v2\/product"}],"about":[{"href":"https:\/\/aigeviatges.com\/es\/wp-json\/wp\/v2\/types\/product"}],"wp:featuredmedia":[{"embeddable":true,"href":"https:\/\/aigeviatges.com\/es\/wp-json\/wp\/v2\/media\/1318"}],"wp:attachment":[{"href":"https:\/\/aigeviatges.com\/es\/wp-json\/wp\/v2\/media?parent=1319"}],"wp:term":[{"taxonomy":"product_cat","embeddable":true,"href":"https:\/\/aigeviatges.com\/es\/wp-json\/wp\/v2\/product_cat?post=1319"},{"taxonomy":"product_tag","embeddable":true,"href":"https:\/\/aigeviatges.com\/es\/wp-json\/wp\/v2\/product_tag?post=1319"}],"curies":[{"name":"wp","href":"https:\/\/api.w.org\/{rel}","templated":true}]}}