{"id":1315,"date":"2021-03-18T12:49:46","date_gmt":"2021-03-18T13:14:31","guid":{"rendered":"https:\/\/aigeviatges.com\/?post_type=product&#038;p=1315"},"modified":"2021-03-19T13:34:18","modified_gmt":"2021-03-19T13:34:18","slug":"pais-basc-8-dies","status":"publish","type":"product","link":"https:\/\/aigeviatges.com\/es\/producto\/pais-vasco-8-dias\/","title":{"rendered":"PAIS VASCO \u2013 8 D\u00cdAS"},"content":{"rendered":"<p><strong>D\u00eda 1: ORIGEN \u2013 ARALAR \u2013 PAIS VASCO<br \/>\n<\/strong>Salida en direcci\u00f3n pa\u00eds vasco. Almuerzo en ruta. Visita del santuario de San Miguel de Aralar con m\u00e1s de mil a\u00f1os de historia, en el monte Artxueta, desde el que se disfruta de una impresionante panor\u00e1mica. Continuaci\u00f3n en el hotel. Acomodaci\u00f3n, cena y alojamiento.<\/p>\n<p><strong>D\u00eda 2: GERNIKA - SAN JUAN DE GAZTELUGATXE - BERMEO<br \/>\n<\/strong>Salida a Gernika, sede de la \u201cCasa de Juntas\u201d y capital simb\u00f3lica. Visita de la ciudad incluyendo la Casa de Juntas. Almuerzo. Seguidamente nos acercaremos a San Juan de Gaztelugatxe. En la costa bizkaina, adentr\u00e1ndose en el mar, se encuentra un espectacular paraje natural y uno de los sitios m\u00e1s bonitos del Pa\u00eds Vasco. Sobre un pe\u00f1asco unido al continente por un puente de piedra se levanta la ermita de San Juan de Gaztelugatxe, sus or\u00edgenes se remontan al siglo X y si hablara nos contar\u00eda historias de guerras y ataques de corsarios, pero tambi\u00e9n de naufragios y peregrinos . Su aparici\u00f3n como escenario en la serie Juego de Trons como Rocadrag\u00f3n le hizo saltar definitivamente a la fama. Dispondremos de tiempo para, quien lo desee, pueda llegar hasta la ermita superando unos 240 escalones. Por la tarde dispondremos de tiempo libre en Bermeo. Regreso al hotel, cena y alojamiento.<\/p>\n<p><strong>D\u00eda 3: BILBAO - GETXO<br \/>\n<\/strong>salida a Bilbao. Visita panor\u00e1mica de la ciudad. Recorreremos las principales avenidas y lugares de inter\u00e9s, incluyendo una visita exterior del conocido museo Guggenheim. Almuerzo. Por la tarde visitaremos el barrio de los pescadores, el viejo puerto de Algorta con sus pintorescas casas de colores, con las estrechas y sinuosas calles en pendiente. Regreso al hotel. Cena y alojamiento.<\/p>\n<p><strong>D\u00eda 4: TREN DE LA RH\u00daNE - SAN JUAN DE LUZ - HONDARRIBIA<br \/>\n<\/strong>Salida a Asca\u00edn. Tomaremos el Tren Cremallera de la Rh\u00fane que asciende en un recorrido de 4 km hasta el l\u00edmite fronterizo de la Rh\u00fane, uno de los panoramas m\u00e1s suntuosos del Pa\u00eds Vasco. Continuamos con la visita de la encantadora San Juan de Luz, localidad de larga tradici\u00f3n tur\u00edstica que conserva su tipismo y en otra \u00e9poca fue famosa por sus caser\u00edos. Almuerzo. Por la tarde visitaremos Hondarribia, pintoresca poblaci\u00f3n de tradici\u00f3n marinera que conserva un casco antiguo con casas de madera pintadas de colores. Regreso al hotel. Cena y alojamiento<\/p>\n<p><strong>D\u00eda 5: BIARRITZ - BAYONA<br \/>\n<\/strong>Salida a Biarritz, visitaremos esta poblaci\u00f3n de pasado ballenero que en el siglo XIX adquiri\u00f3 una gran notoriedad entre la realeza cuando Eugenia de Montijo, esposa de Napole\u00f3n III, descubri\u00f3 esta ciudad balnearia y se enamor\u00f3 de ella decidiendo construir un palacio para a pasar all\u00ed sus vacaciones. Almuerzo. Por la tarde visita de Bayona, una mezcla arm\u00f3nica de arquitectura vasca y francesa en la que destacan las fachadas con coloridos entramados de madera. Visitaremos la Catedral de Santa Mar\u00eda, su construcci\u00f3n empez\u00f3 a principios del siglo XIII, pero no fue hasta el siglo XVII cuando fue terminada. Ha sido declarada Patrimonio Mundial de la Humanidad por la Unesco como monumento del Camino de Santiago a Francia. Regreso al hotel. Cena y alojamiento<\/p>\n<p><strong>D\u00eda 6: SAN SEBASTIAN<br \/>\n<\/strong>Salida en San Sebasti\u00e1n. Visita panor\u00e1mica de esta maravillosa ciudad. Subiremos al Monte Igueldo desde donde hay unas vistas fant\u00e1sticas de San Sebasti\u00e1n. Almuerzo. Por la tarde dispondremos de tiempo libre en el barrio antiguo para degustar los famosos pinchos, aut\u00e9ntica cocina en miniatura, en alguna de sus numerosas tabernas. Regreso al hotel. Cena y alojamiento.<\/p>\n<p><strong>D\u00eda 7: ARANTZAZU - VITORIA<br \/>\n<\/strong>Por la ma\u00f1ana visitaremos el santuario de la virgen de Arantzazu, patrona de \u00c1lava. Su bas\u00edlica, construida en los a\u00f1os 1950, es una obra arquitect\u00f3nica y art\u00edstica de gran relevancia, en la que han trabajado eminentes artistas de renombre internacional. Almuerzo. Por la tarde visitaremos la hermosa y ajardinada capital del pa\u00eds vasco. Regreso al hotel. Cena y alojamiento.<\/p>\n<p><strong>D\u00eda 8: PAIS VASCO \u2013 OLITE \u2013 ORIGEN<br \/>\n<\/strong>Por la ma\u00f1ana salida a Olite. Parada para realizar una breve visita. Seguiremos ruta hasta llegar al restaurante. Almuerzo. Regreso a nuestra ciudad de origen. Llegada y fin de nuestros servicios.<\/p>","protected":false},"excerpt":{"rendered":"<p><strong>INCLUYE:<\/strong><\/p>\n<ul>\n<li style=\"font-style: inherit; font-weight: inherit;\">Autocar de lujo por todo el circuito<\/li>\n<li style=\"font-style: inherit; font-weight: inherit;\">Gu\u00eda acompa\u00f1ante de AIGE<\/li>\n<li style=\"font-style: inherit; font-weight: inherit;\">Hotel 3*** o 4**** (seg\u00fan elecci\u00f3n)<\/li>\n<li style=\"font-style: inherit; font-weight: inherit;\">Pensi\u00f3n completa con agua y vino (del almuerzo del d\u00eda 1 al almuerzo del d\u00eda 8)<\/li>\n<li style=\"font-style: inherit; font-weight: inherit;\">Gu\u00eda local en San Sebasti\u00e1n, Bilbao y Vitoria<\/li>\n<li style=\"font-style: inherit; font-weight: inherit;\">Entrada en la Casa de Juntas de Gernika<\/li>\n<li style=\"font-style: inherit; font-weight: inherit;\">Entrada en la catedral de Bayona<\/li>\n<li style=\"font-style: inherit; font-weight: inherit;\">Entrada a los santuarios de Aralar y Arantzazu<\/li>\n<li>Tren de la Rh\u00fane<\/li>\n<li style=\"font-style: inherit; font-weight: inherit;\">Acceso a la monta\u00f1a Igueldo<\/li>\n<li style=\"font-style: inherit; font-weight: inherit;\">Seguro de asistencia en viaje<\/li>\n<\/ul>\n<p><strong><em>Nota sobre el alojamiento:\u00a0<\/em><\/strong><strong><em>todas las noches en el mismo hotel<\/em><\/strong><\/p>","protected":false},"featured_media":1310,"template":"","meta":[],"product_cat":[87],"product_tag":[],"class_list":["post-1315","product","type-product","status-publish","has-post-thumbnail","hentry","product_cat-rep-baltiques-i-nord-deuropa"],"yoast_head":"<!-- This site is optimized with the Yoast SEO plugin v21.7 - https:\/\/yoast.com\/wordpress\/plugins\/seo\/ -->\n<title>PAIS BASC - 8 DIES - AIGE Viatges<\/title>\n<meta name=\"description\" content=\"Agencia de viajes online | Descubre nuestros viajes inolvidables a PAIS BASC - 8 DIES\" \/>\n<meta name=\"robots\" content=\"index, follow, max-snippet:-1, max-image-preview:large, max-video-preview:-1\" \/>\n<link rel=\"canonical\" href=\"https:\/\/aigeviatges.com\/es\/producto\/pais-vasco-8-dias\/\" \/>\n<meta property=\"og:locale\" content=\"es_ES\" \/>\n<meta property=\"og:type\" content=\"article\" \/>\n<meta property=\"og:title\" content=\"PAIS BASC - 8 DIES - AIGE Viatges\" \/>\n<meta property=\"og:description\" content=\"Agencia de viajes online | Descubre nuestros viajes inolvidables a PAIS BASC - 8 DIES\" \/>\n<meta property=\"og:url\" content=\"https:\/\/aigeviatges.com\/es\/producto\/pais-vasco-8-dias\/\" \/>\n<meta property=\"og:site_name\" content=\"AIGE Viatges\" \/>\n<meta property=\"article:publisher\" content=\"https:\/\/www.facebook.com\/viatgesaige\/\" \/>\n<meta property=\"article:modified_time\" content=\"2021-03-19T13:34:18+00:00\" \/>\n<meta property=\"og:image\" content=\"https:\/\/aigeviatges.com\/wp-content\/uploads\/2021\/03\/san-juan-gaztelugatxe.jpg\" \/>\n\t<meta property=\"og:image:width\" content=\"601\" \/>\n\t<meta property=\"og:image:height\" content=\"601\" \/>\n\t<meta property=\"og:image:type\" content=\"image\/jpeg\" \/>\n<meta name=\"twitter:card\" content=\"summary_large_image\" \/>\n<meta name=\"twitter:label1\" content=\"Tiempo de lectura\" \/>\n\t<meta name=\"twitter:data1\" content=\"3 minutos\" \/>\n<script type=\"application\/ld+json\" class=\"yoast-schema-graph\">{\"@context\":\"https:\/\/schema.org\",\"@graph\":[{\"@type\":\"WebPage\",\"@id\":\"https:\/\/aigeviatges.com\/producto\/pais-basc-8-dies\/\",\"url\":\"https:\/\/aigeviatges.com\/producto\/pais-basc-8-dies\/\",\"name\":\"PAIS BASC - 8 DIES - AIGE Viatges\",\"isPartOf\":{\"@id\":\"https:\/\/aigeviatges.com\/#website\"},\"datePublished\":\"2021-03-18T13:14:31+00:00\",\"dateModified\":\"2021-03-19T13:34:18+00:00\",\"description\":\"Agencia de viajes online | Descubre nuestros viajes inolvidables a PAIS BASC - 8 DIES\",\"breadcrumb\":{\"@id\":\"https:\/\/aigeviatges.com\/producto\/pais-basc-8-dies\/#breadcrumb\"},\"inLanguage\":\"es\",\"potentialAction\":[{\"@type\":\"ReadAction\",\"target\":[\"https:\/\/aigeviatges.com\/producto\/pais-basc-8-dies\/\"]}]},{\"@type\":\"BreadcrumbList\",\"@id\":\"https:\/\/aigeviatges.com\/producto\/pais-basc-8-dies\/#breadcrumb\",\"itemListElement\":[{\"@type\":\"ListItem\",\"position\":1,\"name\":\"Portada\",\"item\":\"https:\/\/aigeviatges.com\/\"},{\"@type\":\"ListItem\",\"position\":2,\"name\":\"Tienda\",\"item\":\"https:\/\/aigeviatges.com\/tienda-2\/\"},{\"@type\":\"ListItem\",\"position\":3,\"name\":\"PAIS BASC &#8211; 8 DIES\"}]},{\"@type\":\"WebSite\",\"@id\":\"https:\/\/aigeviatges.com\/#website\",\"url\":\"https:\/\/aigeviatges.com\/\",\"name\":\"AIGE Viatges\",\"description\":\"Agencia de viajes especializada en producto propio para grupos.\",\"publisher\":{\"@id\":\"https:\/\/aigeviatges.com\/#organization\"},\"potentialAction\":[{\"@type\":\"SearchAction\",\"target\":{\"@type\":\"EntryPoint\",\"urlTemplate\":\"https:\/\/aigeviatges.com\/?s={search_term_string}\"},\"query-input\":\"required name=search_term_string\"}],\"inLanguage\":\"es\"},{\"@type\":\"Organization\",\"@id\":\"https:\/\/aigeviatges.com\/#organization\",\"name\":\"AIGE Viatges\",\"url\":\"https:\/\/aigeviatges.com\/\",\"logo\":{\"@type\":\"ImageObject\",\"inLanguage\":\"es\",\"@id\":\"https:\/\/aigeviatges.com\/#\/schema\/logo\/image\/\",\"url\":\"https:\/\/aigeviatges.com\/wp-content\/uploads\/2020\/03\/aig-viatges-logo-web.png\",\"contentUrl\":\"https:\/\/aigeviatges.com\/wp-content\/uploads\/2020\/03\/aig-viatges-logo-web.png\",\"width\":600,\"height\":166,\"caption\":\"AIGE Viatges\"},\"image\":{\"@id\":\"https:\/\/aigeviatges.com\/#\/schema\/logo\/image\/\"},\"sameAs\":[\"https:\/\/www.facebook.com\/viatgesaige\/\"]}]}<\/script>\n<!-- \/ Yoast SEO plugin. -->","yoast_head_json":{"title":"PAIS BASC - 8 DIES - AIGE Viatges","description":"Agencia de viajes online | Descubre nuestros viajes inolvidables a PAIS BASC - 8 DIES","robots":{"index":"index","follow":"follow","max-snippet":"max-snippet:-1","max-image-preview":"max-image-preview:large","max-video-preview":"max-video-preview:-1"},"canonical":"https:\/\/aigeviatges.com\/es\/producto\/pais-vasco-8-dias\/","og_locale":"es_ES","og_type":"article","og_title":"PAIS BASC - 8 DIES - AIGE Viatges","og_description":"Agencia de viajes online | Descubre nuestros viajes inolvidables a PAIS BASC - 8 DIES","og_url":"https:\/\/aigeviatges.com\/es\/producto\/pais-vasco-8-dias\/","og_site_name":"AIGE Viatges","article_publisher":"https:\/\/www.facebook.com\/viatgesaige\/","article_modified_time":"2021-03-19T13:34:18+00:00","og_image":[{"width":601,"height":601,"url":"https:\/\/aigeviatges.com\/wp-content\/uploads\/2021\/03\/san-juan-gaztelugatxe.jpg","type":"image\/jpeg"}],"twitter_card":"summary_large_image","twitter_misc":{"Tiempo de lectura":"3 minutos"},"schema":{"@context":"https:\/\/schema.org","@graph":[{"@type":"WebPage","@id":"https:\/\/aigeviatges.com\/producto\/pais-basc-8-dies\/","url":"https:\/\/aigeviatges.com\/producto\/pais-basc-8-dies\/","name":"PAIS BASC - 8 DIES - AIGE Viatges","isPartOf":{"@id":"https:\/\/aigeviatges.com\/#website"},"datePublished":"2021-03-18T13:14:31+00:00","dateModified":"2021-03-19T13:34:18+00:00","description":"Agencia de viajes online | Descubre nuestros viajes inolvidables a PAIS BASC - 8 DIES","breadcrumb":{"@id":"https:\/\/aigeviatges.com\/producto\/pais-basc-8-dies\/#breadcrumb"},"inLanguage":"es","potentialAction":[{"@type":"ReadAction","target":["https:\/\/aigeviatges.com\/producto\/pais-basc-8-dies\/"]}]},{"@type":"BreadcrumbList","@id":"https:\/\/aigeviatges.com\/producto\/pais-basc-8-dies\/#breadcrumb","itemListElement":[{"@type":"ListItem","position":1,"name":"Portada","item":"https:\/\/aigeviatges.com\/"},{"@type":"ListItem","position":2,"name":"Tienda","item":"https:\/\/aigeviatges.com\/tienda-2\/"},{"@type":"ListItem","position":3,"name":"PAIS BASC &#8211; 8 DIES"}]},{"@type":"WebSite","@id":"https:\/\/aigeviatges.com\/#website","url":"https:\/\/aigeviatges.com\/","name":"AIGE Viatges","description":"Agencia de viajes especializada en producto propio para grupos.","publisher":{"@id":"https:\/\/aigeviatges.com\/#organization"},"potentialAction":[{"@type":"SearchAction","target":{"@type":"EntryPoint","urlTemplate":"https:\/\/aigeviatges.com\/?s={search_term_string}"},"query-input":"required name=search_term_string"}],"inLanguage":"es"},{"@type":"Organization","@id":"https:\/\/aigeviatges.com\/#organization","name":"AIGE Viatges","url":"https:\/\/aigeviatges.com\/","logo":{"@type":"ImageObject","inLanguage":"es","@id":"https:\/\/aigeviatges.com\/#\/schema\/logo\/image\/","url":"https:\/\/aigeviatges.com\/wp-content\/uploads\/2020\/03\/aig-viatges-logo-web.png","contentUrl":"https:\/\/aigeviatges.com\/wp-content\/uploads\/2020\/03\/aig-viatges-logo-web.png","width":600,"height":166,"caption":"AIGE Viatges"},"image":{"@id":"https:\/\/aigeviatges.com\/#\/schema\/logo\/image\/"},"sameAs":["https:\/\/www.facebook.com\/viatgesaige\/"]}]}},"jetpack_sharing_enabled":true,"jetpack_likes_enabled":false,"_links":{"self":[{"href":"https:\/\/aigeviatges.com\/es\/wp-json\/wp\/v2\/product\/1315","targetHints":{"allow":["GET"]}}],"collection":[{"href":"https:\/\/aigeviatges.com\/es\/wp-json\/wp\/v2\/product"}],"about":[{"href":"https:\/\/aigeviatges.com\/es\/wp-json\/wp\/v2\/types\/product"}],"wp:featuredmedia":[{"embeddable":true,"href":"https:\/\/aigeviatges.com\/es\/wp-json\/wp\/v2\/media\/1310"}],"wp:attachment":[{"href":"https:\/\/aigeviatges.com\/es\/wp-json\/wp\/v2\/media?parent=1315"}],"wp:term":[{"taxonomy":"product_cat","embeddable":true,"href":"https:\/\/aigeviatges.com\/es\/wp-json\/wp\/v2\/product_cat?post=1315"},{"taxonomy":"product_tag","embeddable":true,"href":"https:\/\/aigeviatges.com\/es\/wp-json\/wp\/v2\/product_tag?post=1315"}],"curies":[{"name":"wp","href":"https:\/\/api.w.org\/{rel}","templated":true}]}}