{"id":1301,"date":"2021-03-12T20:34:21","date_gmt":"2021-03-12T20:34:21","guid":{"rendered":"https:\/\/aigeviatges.com\/?post_type=product&#038;p=1301"},"modified":"2021-03-12T20:43:46","modified_gmt":"2021-03-12T20:43:46","slug":"toledo-orgaz-i-aranjuez-ave","status":"publish","type":"product","link":"https:\/\/aigeviatges.com\/es\/producto\/toledo-orgaz-y-aranjuez-ave\/","title":{"rendered":"AVE - TOLEDO, ORGAZ Y ARANJUEZ"},"content":{"rendered":"<p><img loading=\"lazy\" decoding=\"async\" class=\"alignnone size-medium wp-image-716\" src=\"https:\/\/aigeviatges.com\/wp-content\/uploads\/2021\/02\/222-300x186.jpg\" alt=\"\" width=\"300\" height=\"186\" srcset=\"https:\/\/aigeviatges.com\/wp-content\/uploads\/2021\/02\/222-300x186.jpg 300w, https:\/\/aigeviatges.com\/wp-content\/uploads\/2021\/02\/222.jpg 346w\" sizes=\"auto, (max-width: 300px) 100vw, 300px\" \/><\/p>\n<p><strong>D\u00eda 1: BARCELONA \/ TARRAGONA \/ GIRONA - AVE - MADRID - TOLEDO<\/strong><br \/>\nSalida en tren AVE a Madrid. Continuaci\u00f3n en autocar en Toledo. Almuerzo. Por la tarde visitaremos la Ciudad de las Tres Culturas, as\u00ed es conocida Toledo por haber convivido en ella durante siglos las culturas: Cristianas, Musulmanes y Jud\u00eda. Visita a pie por el centro hist\u00f3rico, paseando entre plazas y lugares con encanto hasta llegar a la plaza del ayuntamiento y contemplar la fachada de la Catedral Primacial, de estilo g\u00f3tico, y el antiguo Palacio de Justicia. Seguiremos por el Barrio Jud\u00edo, la Sinagoga de Santa Mar\u00eda La Blanca, una de las m\u00e1s antiguas de Europa. Entraremos en la Iglesia de Santo Tom\u00e9, para contemplar uno de los cuadros m\u00e1s famosos de Toledo, \u201cEl entierro del Conde Orgaz\u201d, de El Greco. Cena y alojamiento en el hotel.<\/p>\n<p><strong>D\u00eda 2: ORGAZ - TOLEDO<\/strong><br \/>\nSalida a la villa de Orgaz, de entrada ilustre, ya las puertas de sus antiguas murallas nos sumergen en la Edad Media. Visitaremos el barrio antiguo monumental, destacan la casa de Calder\u00f3n de la Barca o la del V\u00ednculo de las Cadenas, la Iglesia de Santo Tom\u00e1s Ap\u00f3stol y el Castillo de los Condes de Orgaz, del siglo XIV, es un bello ejemplo de fortaleza residencial y de magn\u00edfica conservaci\u00f3n. De singular belleza es el puente de los cinco ojos que cuenta la leyenda que Carlos III le mand\u00f3 construir al no poder cruzar el arroyo que ven\u00eda crecido. Regreso a Toledo. Almuerzo. Tarde libre para seguir disfrutando de la ciudad. Cena y alojamiento en el hotel.<\/p>\n<p><strong>D\u00eda 6: ARANJUEZ - MADRID - AVE - BARCELONA \/ TARRAGONA \/ GIRONA<\/strong><br \/>\nSalida a Aranjuez. Visitaremos el Palacio Real, recorreremos, acompa\u00f1ados de un gu\u00eda oficial, las principales estancias: la Saleta de la Reina, que formaba parte de las habitaciones que estuvieron dedicadas a las audiencias reales; el Sal\u00f3n del Trono, cuyos paramentos est\u00e1n tapizados con terciopelo rojo; el Gabinete de Porcelana, con una exuberante y abigarrada decoraci\u00f3n repleta de hojas, frutas, troncos de \u00e1rboles y monos; la antec\u00e1mara de la m\u00fasica, sala que fue utilizada para la recepci\u00f3n de grandes personalidades, etc. Tras la visita del palacio, pasearemos por sus maravillosos jardines con sus numerosas fuentes y estatuas, donde se encuentran los bustos de 14 emperadores romanos y reyes de Espa\u00f1a. Finalizada la visita traslado a Madrid. Almuerzo en ruta. Por la tarde, regreso al punto de partida en AVE. Llegada y fin de nuestros servicios.<\/p>","protected":false},"excerpt":{"rendered":"<p><strong>INCLUYE:\u00a0<\/strong><\/p>\n<ul>\n<li>Traslados origen-estaci\u00f3n y regreso (m\u00ednimo 25 pax)<\/li>\n<li>AVE BCN\/TAR\/GIR \u2013 Madrid \u2013 BCN\/TAR\/GIR<\/li>\n<li>Autocar de lujo por todo el circuito<\/li>\n<li>Gu\u00eda acompa\u00f1ante de AIGE<\/li>\n<li>Gu\u00eda local en Toledo<\/li>\n<li>Hotel 3***<\/li>\n<li>Pensi\u00f3n completa con vino y agua<\/li>\n<li>Entrada en Santo Tom\u00e9 (pintura de El Greco)<\/li>\n<li>Entrada en el castillo de Orgaz<\/li>\n<li>Entrada en el Palacio Real de Aranjuez<\/li>\n<li>Seguro de asistencia en viaje<\/li>\n<\/ul>","protected":false},"featured_media":1299,"template":"","meta":[],"product_cat":[112,26],"product_tag":[],"class_list":["post-1301","product","type-product","status-publish","has-post-thumbnail","hentry","product_cat-3-dies","product_cat-grups-radials"],"yoast_head":"<!-- This site is optimized with the Yoast SEO plugin v21.7 - https:\/\/yoast.com\/wordpress\/plugins\/seo\/ -->\n<title>AVE - TOLEDO, ORGAZ I ARANJUEZ - AIGE Viatges<\/title>\n<meta name=\"description\" content=\"Agencia de viajes online | Descubre nuestros viajes inolvidables a AVE - TOLEDO, ORGAZ I ARANJUEZ\" \/>\n<meta name=\"robots\" content=\"index, follow, max-snippet:-1, max-image-preview:large, max-video-preview:-1\" \/>\n<link rel=\"canonical\" href=\"https:\/\/aigeviatges.com\/es\/producto\/toledo-orgaz-y-aranjuez-ave\/\" \/>\n<meta property=\"og:locale\" content=\"es_ES\" \/>\n<meta property=\"og:type\" content=\"article\" \/>\n<meta property=\"og:title\" content=\"AVE - TOLEDO, ORGAZ I ARANJUEZ - AIGE Viatges\" \/>\n<meta property=\"og:description\" content=\"Agencia de viajes online | Descubre nuestros viajes inolvidables a AVE - TOLEDO, ORGAZ I ARANJUEZ\" \/>\n<meta property=\"og:url\" content=\"https:\/\/aigeviatges.com\/es\/producto\/toledo-orgaz-y-aranjuez-ave\/\" \/>\n<meta property=\"og:site_name\" content=\"AIGE Viatges\" \/>\n<meta property=\"article:publisher\" content=\"https:\/\/www.facebook.com\/viatgesaige\/\" \/>\n<meta property=\"article:modified_time\" content=\"2021-03-12T20:43:46+00:00\" \/>\n<meta property=\"og:image\" content=\"https:\/\/aigeviatges.com\/wp-content\/uploads\/2021\/03\/toledo.jpg\" \/>\n\t<meta property=\"og:image:width\" content=\"741\" \/>\n\t<meta property=\"og:image:height\" content=\"436\" \/>\n\t<meta property=\"og:image:type\" content=\"image\/jpeg\" \/>\n<meta name=\"twitter:card\" content=\"summary_large_image\" \/>\n<meta name=\"twitter:label1\" content=\"Tiempo de lectura\" \/>\n\t<meta name=\"twitter:data1\" content=\"2 minutos\" \/>\n<script type=\"application\/ld+json\" class=\"yoast-schema-graph\">{\"@context\":\"https:\/\/schema.org\",\"@graph\":[{\"@type\":\"WebPage\",\"@id\":\"https:\/\/aigeviatges.com\/producto\/toledo-orgaz-i-aranjuez-ave\/\",\"url\":\"https:\/\/aigeviatges.com\/producto\/toledo-orgaz-i-aranjuez-ave\/\",\"name\":\"AVE - TOLEDO, ORGAZ I ARANJUEZ - AIGE Viatges\",\"isPartOf\":{\"@id\":\"https:\/\/aigeviatges.com\/#website\"},\"datePublished\":\"2021-03-12T20:34:21+00:00\",\"dateModified\":\"2021-03-12T20:43:46+00:00\",\"description\":\"Agencia de viajes online | Descubre nuestros viajes inolvidables a AVE - TOLEDO, ORGAZ I ARANJUEZ\",\"breadcrumb\":{\"@id\":\"https:\/\/aigeviatges.com\/producto\/toledo-orgaz-i-aranjuez-ave\/#breadcrumb\"},\"inLanguage\":\"es\",\"potentialAction\":[{\"@type\":\"ReadAction\",\"target\":[\"https:\/\/aigeviatges.com\/producto\/toledo-orgaz-i-aranjuez-ave\/\"]}]},{\"@type\":\"BreadcrumbList\",\"@id\":\"https:\/\/aigeviatges.com\/producto\/toledo-orgaz-i-aranjuez-ave\/#breadcrumb\",\"itemListElement\":[{\"@type\":\"ListItem\",\"position\":1,\"name\":\"Portada\",\"item\":\"https:\/\/aigeviatges.com\/\"},{\"@type\":\"ListItem\",\"position\":2,\"name\":\"Tienda\",\"item\":\"https:\/\/aigeviatges.com\/tienda-2\/\"},{\"@type\":\"ListItem\",\"position\":3,\"name\":\"AVE &#8211; TOLEDO, ORGAZ I ARANJUEZ\"}]},{\"@type\":\"WebSite\",\"@id\":\"https:\/\/aigeviatges.com\/#website\",\"url\":\"https:\/\/aigeviatges.com\/\",\"name\":\"AIGE Viatges\",\"description\":\"Agencia de viajes especializada en producto propio para grupos.\",\"publisher\":{\"@id\":\"https:\/\/aigeviatges.com\/#organization\"},\"potentialAction\":[{\"@type\":\"SearchAction\",\"target\":{\"@type\":\"EntryPoint\",\"urlTemplate\":\"https:\/\/aigeviatges.com\/?s={search_term_string}\"},\"query-input\":\"required name=search_term_string\"}],\"inLanguage\":\"es\"},{\"@type\":\"Organization\",\"@id\":\"https:\/\/aigeviatges.com\/#organization\",\"name\":\"AIGE Viatges\",\"url\":\"https:\/\/aigeviatges.com\/\",\"logo\":{\"@type\":\"ImageObject\",\"inLanguage\":\"es\",\"@id\":\"https:\/\/aigeviatges.com\/#\/schema\/logo\/image\/\",\"url\":\"https:\/\/aigeviatges.com\/wp-content\/uploads\/2020\/03\/aig-viatges-logo-web.png\",\"contentUrl\":\"https:\/\/aigeviatges.com\/wp-content\/uploads\/2020\/03\/aig-viatges-logo-web.png\",\"width\":600,\"height\":166,\"caption\":\"AIGE Viatges\"},\"image\":{\"@id\":\"https:\/\/aigeviatges.com\/#\/schema\/logo\/image\/\"},\"sameAs\":[\"https:\/\/www.facebook.com\/viatgesaige\/\"]}]}<\/script>\n<!-- \/ Yoast SEO plugin. -->","yoast_head_json":{"title":"AVE - TOLEDO, ORGAZ I ARANJUEZ - AIGE Viatges","description":"Agencia de viajes online | Descubre nuestros viajes inolvidables a AVE - TOLEDO, ORGAZ I ARANJUEZ","robots":{"index":"index","follow":"follow","max-snippet":"max-snippet:-1","max-image-preview":"max-image-preview:large","max-video-preview":"max-video-preview:-1"},"canonical":"https:\/\/aigeviatges.com\/es\/producto\/toledo-orgaz-y-aranjuez-ave\/","og_locale":"es_ES","og_type":"article","og_title":"AVE - TOLEDO, ORGAZ I ARANJUEZ - AIGE Viatges","og_description":"Agencia de viajes online | Descubre nuestros viajes inolvidables a AVE - TOLEDO, ORGAZ I ARANJUEZ","og_url":"https:\/\/aigeviatges.com\/es\/producto\/toledo-orgaz-y-aranjuez-ave\/","og_site_name":"AIGE Viatges","article_publisher":"https:\/\/www.facebook.com\/viatgesaige\/","article_modified_time":"2021-03-12T20:43:46+00:00","og_image":[{"width":741,"height":436,"url":"https:\/\/aigeviatges.com\/wp-content\/uploads\/2021\/03\/toledo.jpg","type":"image\/jpeg"}],"twitter_card":"summary_large_image","twitter_misc":{"Tiempo de lectura":"2 minutos"},"schema":{"@context":"https:\/\/schema.org","@graph":[{"@type":"WebPage","@id":"https:\/\/aigeviatges.com\/producto\/toledo-orgaz-i-aranjuez-ave\/","url":"https:\/\/aigeviatges.com\/producto\/toledo-orgaz-i-aranjuez-ave\/","name":"AVE - TOLEDO, ORGAZ I ARANJUEZ - AIGE Viatges","isPartOf":{"@id":"https:\/\/aigeviatges.com\/#website"},"datePublished":"2021-03-12T20:34:21+00:00","dateModified":"2021-03-12T20:43:46+00:00","description":"Agencia de viajes online | Descubre nuestros viajes inolvidables a AVE - TOLEDO, ORGAZ I ARANJUEZ","breadcrumb":{"@id":"https:\/\/aigeviatges.com\/producto\/toledo-orgaz-i-aranjuez-ave\/#breadcrumb"},"inLanguage":"es","potentialAction":[{"@type":"ReadAction","target":["https:\/\/aigeviatges.com\/producto\/toledo-orgaz-i-aranjuez-ave\/"]}]},{"@type":"BreadcrumbList","@id":"https:\/\/aigeviatges.com\/producto\/toledo-orgaz-i-aranjuez-ave\/#breadcrumb","itemListElement":[{"@type":"ListItem","position":1,"name":"Portada","item":"https:\/\/aigeviatges.com\/"},{"@type":"ListItem","position":2,"name":"Tienda","item":"https:\/\/aigeviatges.com\/tienda-2\/"},{"@type":"ListItem","position":3,"name":"AVE &#8211; TOLEDO, ORGAZ I ARANJUEZ"}]},{"@type":"WebSite","@id":"https:\/\/aigeviatges.com\/#website","url":"https:\/\/aigeviatges.com\/","name":"AIGE Viatges","description":"Agencia de viajes especializada en producto propio para grupos.","publisher":{"@id":"https:\/\/aigeviatges.com\/#organization"},"potentialAction":[{"@type":"SearchAction","target":{"@type":"EntryPoint","urlTemplate":"https:\/\/aigeviatges.com\/?s={search_term_string}"},"query-input":"required name=search_term_string"}],"inLanguage":"es"},{"@type":"Organization","@id":"https:\/\/aigeviatges.com\/#organization","name":"AIGE Viatges","url":"https:\/\/aigeviatges.com\/","logo":{"@type":"ImageObject","inLanguage":"es","@id":"https:\/\/aigeviatges.com\/#\/schema\/logo\/image\/","url":"https:\/\/aigeviatges.com\/wp-content\/uploads\/2020\/03\/aig-viatges-logo-web.png","contentUrl":"https:\/\/aigeviatges.com\/wp-content\/uploads\/2020\/03\/aig-viatges-logo-web.png","width":600,"height":166,"caption":"AIGE Viatges"},"image":{"@id":"https:\/\/aigeviatges.com\/#\/schema\/logo\/image\/"},"sameAs":["https:\/\/www.facebook.com\/viatgesaige\/"]}]}},"jetpack_sharing_enabled":true,"jetpack_likes_enabled":false,"_links":{"self":[{"href":"https:\/\/aigeviatges.com\/es\/wp-json\/wp\/v2\/product\/1301","targetHints":{"allow":["GET"]}}],"collection":[{"href":"https:\/\/aigeviatges.com\/es\/wp-json\/wp\/v2\/product"}],"about":[{"href":"https:\/\/aigeviatges.com\/es\/wp-json\/wp\/v2\/types\/product"}],"wp:featuredmedia":[{"embeddable":true,"href":"https:\/\/aigeviatges.com\/es\/wp-json\/wp\/v2\/media\/1299"}],"wp:attachment":[{"href":"https:\/\/aigeviatges.com\/es\/wp-json\/wp\/v2\/media?parent=1301"}],"wp:term":[{"taxonomy":"product_cat","embeddable":true,"href":"https:\/\/aigeviatges.com\/es\/wp-json\/wp\/v2\/product_cat?post=1301"},{"taxonomy":"product_tag","embeddable":true,"href":"https:\/\/aigeviatges.com\/es\/wp-json\/wp\/v2\/product_tag?post=1301"}],"curies":[{"name":"wp","href":"https:\/\/api.w.org\/{rel}","templated":true}]}}