{"id":1296,"date":"2021-03-12T18:01:06","date_gmt":"2021-03-12T18:12:02","guid":{"rendered":"https:\/\/aigeviatges.com\/?post_type=product&#038;p=1296"},"modified":"2021-06-02T07:49:37","modified_gmt":"2021-06-02T07:49:37","slug":"1296","status":"publish","type":"product","link":"https:\/\/aigeviatges.com\/es\/producto\/1296\/","title":{"rendered":"AVE \u2013 PATIOS DE C\u00d3RDOBA Y MEDINA AZAHARA"},"content":{"rendered":"<p><img loading=\"lazy\" decoding=\"async\" class=\"alignnone size-medium wp-image-716\" src=\"https:\/\/aigeviatges.com\/wp-content\/uploads\/2021\/02\/222-300x186.jpg\" alt=\"\" width=\"300\" height=\"186\" srcset=\"https:\/\/aigeviatges.com\/wp-content\/uploads\/2021\/02\/222-300x186.jpg 300w, https:\/\/aigeviatges.com\/wp-content\/uploads\/2021\/02\/222.jpg 346w\" sizes=\"auto, (max-width: 300px) 100vw, 300px\" \/><\/p>\n<p><strong>D\u00eda 1: BARCELONA \/ TARRAGONA \/ GIRONA - AVE - CORDOBA - MONTILLA<\/strong><br \/>\nSalida en tren AVE en C\u00f3rdoba. Almuerzo. Por la tarde visitaremos la localidad de Montilla, peque\u00f1a ciudad famosa por sus vinos y aceites. Destaca su ayuntamiento y el palacio de Medinaceli. Visita a una bodega de la famosa DO Montilla-Moriles. La visita consiste en un recorrido lleno de encanto en el que se conocer\u00e1 la almazara, la sala de fermentaci\u00f3n y las bodegas de crianza. La visita finaliza con una degustaci\u00f3n de algunos de los vinos m\u00e1s emblem\u00e1ticos de la bodega. Cena y alojamiento en el hotel.<\/p>\n<p><strong>D\u00eda 2: RUTA DE LOS PATIOS CORDOVENOSOS<\/strong><br \/>\nVisita de la ruta de los patios de Cordoveses. Declarados Patrimonio de la Humanidad, los patios han sido una de esas tradiciones que han sobrevivido. Las viviendas estaban generalmente ordenadas en torno a un patio central, lugar de encuentro entre vecinos. Los cientos de macetas repletas de flores que decoran estos emblem\u00e1ticos lugares nos recibir\u00e1n acompa\u00f1ados de los olores del zahar, jazm\u00edn, naranjo etc. Almuerzo. Tarde libre para seguir disfrutando de la ciudad. Cena y alojamiento en el hotel.<\/p>\n<p><strong>D\u00eda 3: MEDINA AZAHARA - CORDOBA - AVE - BARCELONA \/ TARRAGONA \/ GIRONA<\/strong><br \/>\nPor la ma\u00f1ana visitaremos Medina Azahara, la fastuosa ciudad que Abd-al Rahman III mand\u00f3 construir a los pies de Sierra Morena. La tradici\u00f3n popular afirma que, autoproclamado Abd al-Rahman III califa en el 929 d. C., y despu\u00e9s de ocho a\u00f1os de reinado, decidi\u00f3 edificar una ciudad palaciega en honor a su esposa favorita, Azahara. La ciudad est\u00e1 construida en tres terrazas rodeadas por una muralla, situado el Alc\u00e1zar real en la m\u00e1s superior y en la intermedia. La zona m\u00e1s baja se reserv\u00f3 para viviendas y la mezquita, edificada extramuros. Almuerzo. Por la tarde, regreso al punto de partida en AVE. Llegada y fin de nuestros servicios.<\/p>","protected":false},"excerpt":{"rendered":"<p><strong>INCLUYE:\u00a0<\/strong><\/p>\n<ul>\n<li>Traslados origen-estaci\u00f3n y regreso (m\u00ednimo 25 pax)<\/li>\n<li>AVE BCN\/TAR\/GIR \u2013 C\u00f3rdoba \u2013 BCN\/TAR\/GIR<\/li>\n<li>Autocar de lujo por todo el circuito<\/li>\n<li>Gu\u00eda acompa\u00f1ante de AIGE<\/li>\n<li>Hotel 3***<\/li>\n<li>Pensi\u00f3n completa con vino y agua<\/li>\n<li>Entrada a la ruta de los patios de C\u00f3rdoba<\/li>\n<li>Entrada y bus lanzadera a Medina Azahara<\/li>\n<li>Visita de Bodega en Montilla<\/li>\n<li>Seguro de asistencia en viaje<\/li>\n<\/ul>","protected":false},"featured_media":1295,"template":"","meta":[],"product_cat":[112],"product_tag":[],"class_list":["post-1296","product","type-product","status-publish","has-post-thumbnail","hentry","product_cat-3-dies"],"yoast_head":"<!-- This site is optimized with the Yoast SEO plugin v21.7 - https:\/\/yoast.com\/wordpress\/plugins\/seo\/ -->\n<title>AVE - PATIS DE C\u00d2RDOVA I MEDINA AZAHARA - AIGE Viatges<\/title>\n<meta name=\"description\" content=\"Agencia de viajes online | Descubre nuestros viajes inolvidables a AVE - PATIS DE C\u00d2RDOVA I MEDINA AZAHARA\" \/>\n<meta name=\"robots\" content=\"index, follow, max-snippet:-1, max-image-preview:large, max-video-preview:-1\" \/>\n<link rel=\"canonical\" href=\"https:\/\/aigeviatges.com\/es\/producto\/1296\/\" \/>\n<meta property=\"og:locale\" content=\"es_ES\" \/>\n<meta property=\"og:type\" content=\"article\" \/>\n<meta property=\"og:title\" content=\"AVE - PATIS DE C\u00d2RDOVA I MEDINA AZAHARA - AIGE Viatges\" \/>\n<meta property=\"og:description\" content=\"Agencia de viajes online | Descubre nuestros viajes inolvidables a AVE - PATIS DE C\u00d2RDOVA I MEDINA AZAHARA\" \/>\n<meta property=\"og:url\" content=\"https:\/\/aigeviatges.com\/es\/producto\/1296\/\" \/>\n<meta property=\"og:site_name\" content=\"AIGE Viatges\" \/>\n<meta property=\"article:publisher\" content=\"https:\/\/www.facebook.com\/viatgesaige\/\" \/>\n<meta property=\"article:modified_time\" content=\"2021-06-02T07:49:37+00:00\" \/>\n<meta property=\"og:image\" content=\"https:\/\/aigeviatges.com\/wp-content\/uploads\/2021\/03\/patios-cor.jpg\" \/>\n\t<meta property=\"og:image:width\" content=\"390\" \/>\n\t<meta property=\"og:image:height\" content=\"488\" \/>\n\t<meta property=\"og:image:type\" content=\"image\/jpeg\" \/>\n<meta name=\"twitter:card\" content=\"summary_large_image\" \/>\n<meta name=\"twitter:label1\" content=\"Tiempo de lectura\" \/>\n\t<meta name=\"twitter:data1\" content=\"2 minutos\" \/>\n<script type=\"application\/ld+json\" class=\"yoast-schema-graph\">{\"@context\":\"https:\/\/schema.org\",\"@graph\":[{\"@type\":\"WebPage\",\"@id\":\"https:\/\/aigeviatges.com\/producto\/1296\/\",\"url\":\"https:\/\/aigeviatges.com\/producto\/1296\/\",\"name\":\"AVE - PATIS DE C\u00d2RDOVA I MEDINA AZAHARA - AIGE Viatges\",\"isPartOf\":{\"@id\":\"https:\/\/aigeviatges.com\/#website\"},\"datePublished\":\"2021-03-12T18:12:02+00:00\",\"dateModified\":\"2021-06-02T07:49:37+00:00\",\"description\":\"Agencia de viajes online | Descubre nuestros viajes inolvidables a AVE - PATIS DE C\u00d2RDOVA I MEDINA AZAHARA\",\"breadcrumb\":{\"@id\":\"https:\/\/aigeviatges.com\/producto\/1296\/#breadcrumb\"},\"inLanguage\":\"es\",\"potentialAction\":[{\"@type\":\"ReadAction\",\"target\":[\"https:\/\/aigeviatges.com\/producto\/1296\/\"]}]},{\"@type\":\"BreadcrumbList\",\"@id\":\"https:\/\/aigeviatges.com\/producto\/1296\/#breadcrumb\",\"itemListElement\":[{\"@type\":\"ListItem\",\"position\":1,\"name\":\"Portada\",\"item\":\"https:\/\/aigeviatges.com\/\"},{\"@type\":\"ListItem\",\"position\":2,\"name\":\"Tienda\",\"item\":\"https:\/\/aigeviatges.com\/tienda-2\/\"},{\"@type\":\"ListItem\",\"position\":3,\"name\":\"AVE &#8211; PATIS DE C\u00d2RDOVA I MEDINA AZAHARA\"}]},{\"@type\":\"WebSite\",\"@id\":\"https:\/\/aigeviatges.com\/#website\",\"url\":\"https:\/\/aigeviatges.com\/\",\"name\":\"AIGE Viatges\",\"description\":\"Agencia de viajes especializada en producto propio para grupos.\",\"publisher\":{\"@id\":\"https:\/\/aigeviatges.com\/#organization\"},\"potentialAction\":[{\"@type\":\"SearchAction\",\"target\":{\"@type\":\"EntryPoint\",\"urlTemplate\":\"https:\/\/aigeviatges.com\/?s={search_term_string}\"},\"query-input\":\"required name=search_term_string\"}],\"inLanguage\":\"es\"},{\"@type\":\"Organization\",\"@id\":\"https:\/\/aigeviatges.com\/#organization\",\"name\":\"AIGE Viatges\",\"url\":\"https:\/\/aigeviatges.com\/\",\"logo\":{\"@type\":\"ImageObject\",\"inLanguage\":\"es\",\"@id\":\"https:\/\/aigeviatges.com\/#\/schema\/logo\/image\/\",\"url\":\"https:\/\/aigeviatges.com\/wp-content\/uploads\/2020\/03\/aig-viatges-logo-web.png\",\"contentUrl\":\"https:\/\/aigeviatges.com\/wp-content\/uploads\/2020\/03\/aig-viatges-logo-web.png\",\"width\":600,\"height\":166,\"caption\":\"AIGE Viatges\"},\"image\":{\"@id\":\"https:\/\/aigeviatges.com\/#\/schema\/logo\/image\/\"},\"sameAs\":[\"https:\/\/www.facebook.com\/viatgesaige\/\"]}]}<\/script>\n<!-- \/ Yoast SEO plugin. -->","yoast_head_json":{"title":"AVE - PATIS DE C\u00d2RDOVA I MEDINA AZAHARA - AIGE Viatges","description":"Agencia de viajes online | Descubre nuestros viajes inolvidables a AVE - PATIS DE C\u00d2RDOVA I MEDINA AZAHARA","robots":{"index":"index","follow":"follow","max-snippet":"max-snippet:-1","max-image-preview":"max-image-preview:large","max-video-preview":"max-video-preview:-1"},"canonical":"https:\/\/aigeviatges.com\/es\/producto\/1296\/","og_locale":"es_ES","og_type":"article","og_title":"AVE - PATIS DE C\u00d2RDOVA I MEDINA AZAHARA - AIGE Viatges","og_description":"Agencia de viajes online | Descubre nuestros viajes inolvidables a AVE - PATIS DE C\u00d2RDOVA I MEDINA AZAHARA","og_url":"https:\/\/aigeviatges.com\/es\/producto\/1296\/","og_site_name":"AIGE Viatges","article_publisher":"https:\/\/www.facebook.com\/viatgesaige\/","article_modified_time":"2021-06-02T07:49:37+00:00","og_image":[{"width":390,"height":488,"url":"https:\/\/aigeviatges.com\/wp-content\/uploads\/2021\/03\/patios-cor.jpg","type":"image\/jpeg"}],"twitter_card":"summary_large_image","twitter_misc":{"Tiempo de lectura":"2 minutos"},"schema":{"@context":"https:\/\/schema.org","@graph":[{"@type":"WebPage","@id":"https:\/\/aigeviatges.com\/producto\/1296\/","url":"https:\/\/aigeviatges.com\/producto\/1296\/","name":"AVE - PATIS DE C\u00d2RDOVA I MEDINA AZAHARA - AIGE Viatges","isPartOf":{"@id":"https:\/\/aigeviatges.com\/#website"},"datePublished":"2021-03-12T18:12:02+00:00","dateModified":"2021-06-02T07:49:37+00:00","description":"Agencia de viajes online | Descubre nuestros viajes inolvidables a AVE - PATIS DE C\u00d2RDOVA I MEDINA AZAHARA","breadcrumb":{"@id":"https:\/\/aigeviatges.com\/producto\/1296\/#breadcrumb"},"inLanguage":"es","potentialAction":[{"@type":"ReadAction","target":["https:\/\/aigeviatges.com\/producto\/1296\/"]}]},{"@type":"BreadcrumbList","@id":"https:\/\/aigeviatges.com\/producto\/1296\/#breadcrumb","itemListElement":[{"@type":"ListItem","position":1,"name":"Portada","item":"https:\/\/aigeviatges.com\/"},{"@type":"ListItem","position":2,"name":"Tienda","item":"https:\/\/aigeviatges.com\/tienda-2\/"},{"@type":"ListItem","position":3,"name":"AVE &#8211; PATIS DE C\u00d2RDOVA I MEDINA AZAHARA"}]},{"@type":"WebSite","@id":"https:\/\/aigeviatges.com\/#website","url":"https:\/\/aigeviatges.com\/","name":"AIGE Viatges","description":"Agencia de viajes especializada en producto propio para grupos.","publisher":{"@id":"https:\/\/aigeviatges.com\/#organization"},"potentialAction":[{"@type":"SearchAction","target":{"@type":"EntryPoint","urlTemplate":"https:\/\/aigeviatges.com\/?s={search_term_string}"},"query-input":"required name=search_term_string"}],"inLanguage":"es"},{"@type":"Organization","@id":"https:\/\/aigeviatges.com\/#organization","name":"AIGE Viatges","url":"https:\/\/aigeviatges.com\/","logo":{"@type":"ImageObject","inLanguage":"es","@id":"https:\/\/aigeviatges.com\/#\/schema\/logo\/image\/","url":"https:\/\/aigeviatges.com\/wp-content\/uploads\/2020\/03\/aig-viatges-logo-web.png","contentUrl":"https:\/\/aigeviatges.com\/wp-content\/uploads\/2020\/03\/aig-viatges-logo-web.png","width":600,"height":166,"caption":"AIGE Viatges"},"image":{"@id":"https:\/\/aigeviatges.com\/#\/schema\/logo\/image\/"},"sameAs":["https:\/\/www.facebook.com\/viatgesaige\/"]}]}},"jetpack_sharing_enabled":true,"jetpack_likes_enabled":false,"_links":{"self":[{"href":"https:\/\/aigeviatges.com\/es\/wp-json\/wp\/v2\/product\/1296","targetHints":{"allow":["GET"]}}],"collection":[{"href":"https:\/\/aigeviatges.com\/es\/wp-json\/wp\/v2\/product"}],"about":[{"href":"https:\/\/aigeviatges.com\/es\/wp-json\/wp\/v2\/types\/product"}],"wp:featuredmedia":[{"embeddable":true,"href":"https:\/\/aigeviatges.com\/es\/wp-json\/wp\/v2\/media\/1295"}],"wp:attachment":[{"href":"https:\/\/aigeviatges.com\/es\/wp-json\/wp\/v2\/media?parent=1296"}],"wp:term":[{"taxonomy":"product_cat","embeddable":true,"href":"https:\/\/aigeviatges.com\/es\/wp-json\/wp\/v2\/product_cat?post=1296"},{"taxonomy":"product_tag","embeddable":true,"href":"https:\/\/aigeviatges.com\/es\/wp-json\/wp\/v2\/product_tag?post=1296"}],"curies":[{"name":"wp","href":"https:\/\/api.w.org\/{rel}","templated":true}]}}