{"id":1287,"date":"2021-03-10T14:12:06","date_gmt":"2021-03-10T14:12:06","guid":{"rendered":"https:\/\/aigeviatges.com\/?post_type=product&#038;p=1287"},"modified":"2025-05-28T21:21:45","modified_gmt":"2025-05-28T19:21:45","slug":"tren-groc-de-la-cerdanya-i-andorra","status":"publish","type":"product","link":"https:\/\/aigeviatges.com\/es\/producto\/tren-amarillo-de-la-cerdana-y-andorra\/","title":{"rendered":"TREN AMARILLO DE LA CERDANYA Y ANDORRA"},"content":{"rendered":"<p><strong>D\u00eda 1: ORIGEN - ANDORRA (HOTEL) - ROC DEL QUER<\/strong><br \/>\nSalida en direcci\u00f3n Ponts haciendo parada para el desayuno (no incluido). Continuaremos nuestra ruta hasta llegar al principado de Andorra. Almuerzo en el hotel. Continuaci\u00f3n al Mirador Roc del Quer, uno de los lugares que no olvidaremos. Vistas panor\u00e1micas que quedan grabadas en la retina para siempre y que, en este caso, son mucho m\u00e1s que eso: gozaremos de la experiencia de estar suspendido en el aire, como si los Pirineos nos abrazaran. Cena y alojamiento en el hotel.<\/p>\n<p><strong>D\u00eda 2: EL ROM\u00c1NICO ANDORR\u00c1 \u2013 HUESO DE CIVIS<\/strong><br \/>\nPor la ma\u00f1ana haremos una bonita ruta guiada por diferentes valles de Andorra, podremos admirar varias iglesias rom\u00e1nicas, como la de San Mart\u00edn de la Cortinada en Ordino y San Juan de Casillas en Canillo. Seguiremos hasta Os de Civis. Uno de los pueblos mejor cuidados y bellos de los Pirineos, con calles y casas de piedra por las que parece no haber pasado los a\u00f1os. Almuerzo en un rto de monta\u00f1a. Tiempo libre en Andorra la Vella \/ Les Escaldes para actividades personales, compras etc. Cena y alojamiento en el hotel.<\/p>\n<p><strong>D\u00eda 3: HOTEL \u2013 TREN AMARILLO \u2013 LA JONQUERA \u2013 ORIGEN <\/strong><br \/>\nSalida a Mont-Louis\/ La Cabanasse para tomar el Tren Amarillo. En su recorrido tur\u00edstico nos llevar\u00e1 por maravillosos pueblos y valles hasta llegar a Villefranche du Conflent, donde dispondremos de tiempo para admirar su esencia de la Edad Media. Continuaci\u00f3n a La Jonquera. Almuerzo en ruta. Regreso a nuestra ciudad de origen.<\/p>","protected":false},"excerpt":{"rendered":"<p><strong>INCLUYE:\u00a0<\/strong><\/p>\n<ul>\n<li>Autocar de lujo<\/li>\n<li>Gu\u00eda acompa\u00f1ante de AIGE<\/li>\n<li>Hotel 3*** O 4****<\/li>\n<li>Pensi\u00f3n completa con agua y vino<\/li>\n<li>Visita guiada ruta del rom\u00e1nico andorrano<\/li>\n<li>Trayecto Montlluis-Villefranche en el tren amarillo<\/li>\n<li>Almuerzo especial de monta\u00f1a en Os de Civis<\/li>\n<li>Seguro de asistencia en viaje<\/li>\n<\/ul>","protected":false},"featured_media":1288,"template":"","meta":[],"product_cat":[112,26],"product_tag":[],"class_list":["post-1287","product","type-product","status-publish","has-post-thumbnail","hentry","product_cat-3-dies","product_cat-grups-radials"],"yoast_head":"<!-- This site is optimized with the Yoast SEO plugin v21.7 - https:\/\/yoast.com\/wordpress\/plugins\/seo\/ -->\n<title>Conoce el TREN AMARILLO DE LA CERDANYA Y ANDORRA<\/title>\n<meta name=\"description\" content=\"Agencia de viajes online | Descubre nuestros viajes inolvidables a ANDORRA. Viajes seguros e inolvidables.\" \/>\n<meta name=\"robots\" content=\"index, follow, max-snippet:-1, max-image-preview:large, max-video-preview:-1\" \/>\n<link rel=\"canonical\" href=\"https:\/\/aigeviatges.com\/es\/producto\/tren-amarillo-de-la-cerdana-y-andorra\/\" \/>\n<meta property=\"og:locale\" content=\"es_ES\" \/>\n<meta property=\"og:type\" content=\"article\" \/>\n<meta property=\"og:title\" content=\"Conoce el TREN AMARILLO DE LA CERDANYA Y ANDORRA\" \/>\n<meta property=\"og:description\" content=\"Agencia de viajes online | Descubre nuestros viajes inolvidables a ANDORRA. Viajes seguros e inolvidables.\" \/>\n<meta property=\"og:url\" content=\"https:\/\/aigeviatges.com\/es\/producto\/tren-amarillo-de-la-cerdana-y-andorra\/\" \/>\n<meta property=\"og:site_name\" content=\"AIGE Viatges\" \/>\n<meta property=\"article:publisher\" content=\"https:\/\/www.facebook.com\/viatgesaige\/\" \/>\n<meta property=\"article:modified_time\" content=\"2025-05-28T19:21:45+00:00\" \/>\n<meta property=\"og:image\" content=\"https:\/\/aigeviatges.com\/wp-content\/uploads\/2021\/03\/tren-groc.jpg\" \/>\n\t<meta property=\"og:image:width\" content=\"700\" \/>\n\t<meta property=\"og:image:height\" content=\"438\" \/>\n\t<meta property=\"og:image:type\" content=\"image\/jpeg\" \/>\n<meta name=\"twitter:card\" content=\"summary_large_image\" \/>\n<meta name=\"twitter:label1\" content=\"Tiempo de lectura\" \/>\n\t<meta name=\"twitter:data1\" content=\"2 minutos\" \/>\n<script type=\"application\/ld+json\" class=\"yoast-schema-graph\">{\"@context\":\"https:\/\/schema.org\",\"@graph\":[{\"@type\":\"WebPage\",\"@id\":\"https:\/\/aigeviatges.com\/producto\/tren-groc-de-la-cerdanya-i-andorra\/\",\"url\":\"https:\/\/aigeviatges.com\/producto\/tren-groc-de-la-cerdanya-i-andorra\/\",\"name\":\"Conoce el TREN AMARILLO DE LA CERDANYA Y ANDORRA\",\"isPartOf\":{\"@id\":\"https:\/\/aigeviatges.com\/#website\"},\"datePublished\":\"2021-03-10T14:12:06+00:00\",\"dateModified\":\"2025-05-28T19:21:45+00:00\",\"description\":\"Agencia de viajes online | Descubre nuestros viajes inolvidables a ANDORRA. Viajes seguros e inolvidables.\",\"breadcrumb\":{\"@id\":\"https:\/\/aigeviatges.com\/producto\/tren-groc-de-la-cerdanya-i-andorra\/#breadcrumb\"},\"inLanguage\":\"es\",\"potentialAction\":[{\"@type\":\"ReadAction\",\"target\":[\"https:\/\/aigeviatges.com\/producto\/tren-groc-de-la-cerdanya-i-andorra\/\"]}]},{\"@type\":\"BreadcrumbList\",\"@id\":\"https:\/\/aigeviatges.com\/producto\/tren-groc-de-la-cerdanya-i-andorra\/#breadcrumb\",\"itemListElement\":[{\"@type\":\"ListItem\",\"position\":1,\"name\":\"Portada\",\"item\":\"https:\/\/aigeviatges.com\/\"},{\"@type\":\"ListItem\",\"position\":2,\"name\":\"Tienda\",\"item\":\"https:\/\/aigeviatges.com\/tienda-2\/\"},{\"@type\":\"ListItem\",\"position\":3,\"name\":\"TREN GROC DE LA CERDANYA I ANDORRA\"}]},{\"@type\":\"WebSite\",\"@id\":\"https:\/\/aigeviatges.com\/#website\",\"url\":\"https:\/\/aigeviatges.com\/\",\"name\":\"AIGE Viatges\",\"description\":\"Agencia de viajes especializada en producto propio para grupos.\",\"publisher\":{\"@id\":\"https:\/\/aigeviatges.com\/#organization\"},\"potentialAction\":[{\"@type\":\"SearchAction\",\"target\":{\"@type\":\"EntryPoint\",\"urlTemplate\":\"https:\/\/aigeviatges.com\/?s={search_term_string}\"},\"query-input\":\"required name=search_term_string\"}],\"inLanguage\":\"es\"},{\"@type\":\"Organization\",\"@id\":\"https:\/\/aigeviatges.com\/#organization\",\"name\":\"AIGE Viatges\",\"url\":\"https:\/\/aigeviatges.com\/\",\"logo\":{\"@type\":\"ImageObject\",\"inLanguage\":\"es\",\"@id\":\"https:\/\/aigeviatges.com\/#\/schema\/logo\/image\/\",\"url\":\"https:\/\/aigeviatges.com\/wp-content\/uploads\/2020\/03\/aig-viatges-logo-web.png\",\"contentUrl\":\"https:\/\/aigeviatges.com\/wp-content\/uploads\/2020\/03\/aig-viatges-logo-web.png\",\"width\":600,\"height\":166,\"caption\":\"AIGE Viatges\"},\"image\":{\"@id\":\"https:\/\/aigeviatges.com\/#\/schema\/logo\/image\/\"},\"sameAs\":[\"https:\/\/www.facebook.com\/viatgesaige\/\"]}]}<\/script>\n<!-- \/ Yoast SEO plugin. -->","yoast_head_json":{"title":"Conoce el TREN AMARILLO DE LA CERDANYA Y ANDORRA","description":"Agencia de viajes online | Descubre nuestros viajes inolvidables a ANDORRA. Viajes seguros e inolvidables.","robots":{"index":"index","follow":"follow","max-snippet":"max-snippet:-1","max-image-preview":"max-image-preview:large","max-video-preview":"max-video-preview:-1"},"canonical":"https:\/\/aigeviatges.com\/es\/producto\/tren-amarillo-de-la-cerdana-y-andorra\/","og_locale":"es_ES","og_type":"article","og_title":"Conoce el TREN AMARILLO DE LA CERDANYA Y ANDORRA","og_description":"Agencia de viajes online | Descubre nuestros viajes inolvidables a ANDORRA. Viajes seguros e inolvidables.","og_url":"https:\/\/aigeviatges.com\/es\/producto\/tren-amarillo-de-la-cerdana-y-andorra\/","og_site_name":"AIGE Viatges","article_publisher":"https:\/\/www.facebook.com\/viatgesaige\/","article_modified_time":"2025-05-28T19:21:45+00:00","og_image":[{"width":700,"height":438,"url":"https:\/\/aigeviatges.com\/wp-content\/uploads\/2021\/03\/tren-groc.jpg","type":"image\/jpeg"}],"twitter_card":"summary_large_image","twitter_misc":{"Tiempo de lectura":"2 minutos"},"schema":{"@context":"https:\/\/schema.org","@graph":[{"@type":"WebPage","@id":"https:\/\/aigeviatges.com\/producto\/tren-groc-de-la-cerdanya-i-andorra\/","url":"https:\/\/aigeviatges.com\/producto\/tren-groc-de-la-cerdanya-i-andorra\/","name":"Conoce el TREN AMARILLO DE LA CERDANYA Y ANDORRA","isPartOf":{"@id":"https:\/\/aigeviatges.com\/#website"},"datePublished":"2021-03-10T14:12:06+00:00","dateModified":"2025-05-28T19:21:45+00:00","description":"Agencia de viajes online | Descubre nuestros viajes inolvidables a ANDORRA. Viajes seguros e inolvidables.","breadcrumb":{"@id":"https:\/\/aigeviatges.com\/producto\/tren-groc-de-la-cerdanya-i-andorra\/#breadcrumb"},"inLanguage":"es","potentialAction":[{"@type":"ReadAction","target":["https:\/\/aigeviatges.com\/producto\/tren-groc-de-la-cerdanya-i-andorra\/"]}]},{"@type":"BreadcrumbList","@id":"https:\/\/aigeviatges.com\/producto\/tren-groc-de-la-cerdanya-i-andorra\/#breadcrumb","itemListElement":[{"@type":"ListItem","position":1,"name":"Portada","item":"https:\/\/aigeviatges.com\/"},{"@type":"ListItem","position":2,"name":"Tienda","item":"https:\/\/aigeviatges.com\/tienda-2\/"},{"@type":"ListItem","position":3,"name":"TREN GROC DE LA CERDANYA I ANDORRA"}]},{"@type":"WebSite","@id":"https:\/\/aigeviatges.com\/#website","url":"https:\/\/aigeviatges.com\/","name":"AIGE Viatges","description":"Agencia de viajes especializada en producto propio para grupos.","publisher":{"@id":"https:\/\/aigeviatges.com\/#organization"},"potentialAction":[{"@type":"SearchAction","target":{"@type":"EntryPoint","urlTemplate":"https:\/\/aigeviatges.com\/?s={search_term_string}"},"query-input":"required name=search_term_string"}],"inLanguage":"es"},{"@type":"Organization","@id":"https:\/\/aigeviatges.com\/#organization","name":"AIGE Viatges","url":"https:\/\/aigeviatges.com\/","logo":{"@type":"ImageObject","inLanguage":"es","@id":"https:\/\/aigeviatges.com\/#\/schema\/logo\/image\/","url":"https:\/\/aigeviatges.com\/wp-content\/uploads\/2020\/03\/aig-viatges-logo-web.png","contentUrl":"https:\/\/aigeviatges.com\/wp-content\/uploads\/2020\/03\/aig-viatges-logo-web.png","width":600,"height":166,"caption":"AIGE Viatges"},"image":{"@id":"https:\/\/aigeviatges.com\/#\/schema\/logo\/image\/"},"sameAs":["https:\/\/www.facebook.com\/viatgesaige\/"]}]}},"jetpack_sharing_enabled":true,"jetpack_likes_enabled":false,"_links":{"self":[{"href":"https:\/\/aigeviatges.com\/es\/wp-json\/wp\/v2\/product\/1287","targetHints":{"allow":["GET"]}}],"collection":[{"href":"https:\/\/aigeviatges.com\/es\/wp-json\/wp\/v2\/product"}],"about":[{"href":"https:\/\/aigeviatges.com\/es\/wp-json\/wp\/v2\/types\/product"}],"wp:featuredmedia":[{"embeddable":true,"href":"https:\/\/aigeviatges.com\/es\/wp-json\/wp\/v2\/media\/1288"}],"wp:attachment":[{"href":"https:\/\/aigeviatges.com\/es\/wp-json\/wp\/v2\/media?parent=1287"}],"wp:term":[{"taxonomy":"product_cat","embeddable":true,"href":"https:\/\/aigeviatges.com\/es\/wp-json\/wp\/v2\/product_cat?post=1287"},{"taxonomy":"product_tag","embeddable":true,"href":"https:\/\/aigeviatges.com\/es\/wp-json\/wp\/v2\/product_tag?post=1287"}],"curies":[{"name":"wp","href":"https:\/\/api.w.org\/{rel}","templated":true}]}}