{"id":1284,"date":"2021-03-10T13:50:13","date_gmt":"2021-03-10T13:50:13","guid":{"rendered":"https:\/\/aigeviatges.com\/?post_type=product&#038;p=1284"},"modified":"2021-05-17T09:41:15","modified_gmt":"2021-05-17T09:41:15","slug":"grutes-de-cristall-i-baix-arago","status":"publish","type":"product","link":"https:\/\/aigeviatges.com\/es\/producto\/grutas-de-cristal-y-bajo-arago\/","title":{"rendered":"GRUTAS DE CRISTAL Y BAJO ARAG\u00d3N"},"content":{"rendered":"<p><strong>D\u00eda 1: ORIGEN - GANDESA - ANDORRA de TERUEL <\/strong><br \/>\nSalida en direcci\u00f3n Tarragona, hasta llegar a Gandesa. Visitaremos la bodega cooperativa, un edificio emblem\u00e1tico que construy\u00f3 entre 1919 y 1920 el reconocido arquitecto C\u00e8sar Martinell. Su valor arquitect\u00f3nico ha hecho que se haya considerado una de las Catedrales del Vino. Tambi\u00e9n est\u00e1 catalogado como Bien Cultural de Inter\u00e9s Nacional de la Generalidad de Catalu\u00f1a y en 2007 se declar\u00f3 una de las 7 Maravillas de Catalu\u00f1a. Almuerzo en rto. Por la tarde continuaremos la ruta hasta llegar a Andorra de Teruel. Acomodaci\u00f3n en el hotel y cena. Alojamiento.<\/p>\n<p><strong>D\u00eda 2: GRUTAS DE CRISTAL \u2013 ALCA\u00d1IZ\u00a0\u00a0 <\/strong><br \/>\nDesayuno en el hotel. Por la ma\u00f1ana visitaremos las famosas grutas de cristal. Despu\u00e9s bajaremos hasta Molinos donde realizaremos una visita guiada por este t\u00edpico pueblo. Regreso al hotel. Almuerzo. Por la tarde visitaremos la capital del Bajo Arag\u00f3n, Alca\u00f1iz. Dispondremos de tiempo libre para subir a lo alto y poder tener una bonita panor\u00e1mica de la ciudad desde el Castillo de los Calatravos. Tambi\u00e9n podremos pasear por la plaza mayor con su ayuntamiento renacentista y el antiguo palco. Regreso al hotel. Cena y alojamiento<\/p>\n<p><strong>D\u00eda 3: ANDORRA - BELCHITE - FUENDETODOS - ORIGEN <\/strong><br \/>\nDespu\u00e9s del desayuno nos dirigiremos hasta Belchite, efectuaremos una breve parada para comentar y observar los restos del antiguo pueblo, dormido en el pasado, que sufrieron los ataques de la guerra civil. Despu\u00e9s nos dirigiremos hasta Fuendetodos, pueblo natal de Francisco de Goya, donde visitaremos el museo y su casa natal. Almuerzo ya hora convenida iniciaremos el regreso a nuestra ciudad de origen.<\/p>","protected":false},"excerpt":{"rendered":"<p><strong>INCLUYE:\u00a0<\/strong><\/p>\n<ul>\n<li>Autocar de lujo<\/li>\n<li>Gu\u00eda acompa\u00f1ante de AIGE<\/li>\n<li>Hotel 3***<\/li>\n<li>Pensi\u00f3n completa con agua y vino<\/li>\n<li>Entrada a la bodega de Gandesa<\/li>\n<li>Entrada la gruta de cristal<\/li>\n<li>Visita guiada a Molinos<\/li>\n<li>Seguro de asistencia en viaje<\/li>\n<\/ul>","protected":false},"featured_media":1285,"template":"","meta":[],"product_cat":[112,26],"product_tag":[],"class_list":["post-1284","product","type-product","status-publish","has-post-thumbnail","hentry","product_cat-3-dies","product_cat-grups-radials"],"yoast_head":"<!-- This site is optimized with the Yoast SEO plugin v21.7 - https:\/\/yoast.com\/wordpress\/plugins\/seo\/ -->\n<title>GRUTES DE CRISTALL I BAIX ARAG\u00d3 - AIGE Viatges<\/title>\n<meta name=\"description\" content=\"Agencia de viajes online | Descubre nuestros viajes inolvidables a GRUTES DE CRISTALL I BAIX ARAG\u00d3\" \/>\n<meta name=\"robots\" content=\"index, follow, max-snippet:-1, max-image-preview:large, max-video-preview:-1\" \/>\n<link rel=\"canonical\" href=\"https:\/\/aigeviatges.com\/es\/producto\/grutas-de-cristal-y-bajo-arago\/\" \/>\n<meta property=\"og:locale\" content=\"es_ES\" \/>\n<meta property=\"og:type\" content=\"article\" \/>\n<meta property=\"og:title\" content=\"GRUTES DE CRISTALL I BAIX ARAG\u00d3 - AIGE Viatges\" \/>\n<meta property=\"og:description\" content=\"Agencia de viajes online | Descubre nuestros viajes inolvidables a GRUTES DE CRISTALL I BAIX ARAG\u00d3\" \/>\n<meta property=\"og:url\" content=\"https:\/\/aigeviatges.com\/es\/producto\/grutas-de-cristal-y-bajo-arago\/\" \/>\n<meta property=\"og:site_name\" content=\"AIGE Viatges\" \/>\n<meta property=\"article:publisher\" content=\"https:\/\/www.facebook.com\/viatgesaige\/\" \/>\n<meta property=\"article:modified_time\" content=\"2021-05-17T09:41:15+00:00\" \/>\n<meta property=\"og:image\" content=\"https:\/\/aigeviatges.com\/wp-content\/uploads\/2021\/03\/Grutas-de-Cristal.jpg\" \/>\n\t<meta property=\"og:image:width\" content=\"680\" \/>\n\t<meta property=\"og:image:height\" content=\"415\" \/>\n\t<meta property=\"og:image:type\" content=\"image\/jpeg\" \/>\n<meta name=\"twitter:card\" content=\"summary_large_image\" \/>\n<meta name=\"twitter:label1\" content=\"Tiempo de lectura\" \/>\n\t<meta name=\"twitter:data1\" content=\"1 minuto\" \/>\n<script type=\"application\/ld+json\" class=\"yoast-schema-graph\">{\"@context\":\"https:\/\/schema.org\",\"@graph\":[{\"@type\":\"WebPage\",\"@id\":\"https:\/\/aigeviatges.com\/producto\/grutes-de-cristall-i-baix-arago\/\",\"url\":\"https:\/\/aigeviatges.com\/producto\/grutes-de-cristall-i-baix-arago\/\",\"name\":\"GRUTES DE CRISTALL I BAIX ARAG\u00d3 - AIGE Viatges\",\"isPartOf\":{\"@id\":\"https:\/\/aigeviatges.com\/#website\"},\"datePublished\":\"2021-03-10T13:50:13+00:00\",\"dateModified\":\"2021-05-17T09:41:15+00:00\",\"description\":\"Agencia de viajes online | Descubre nuestros viajes inolvidables a GRUTES DE CRISTALL I BAIX ARAG\u00d3\",\"breadcrumb\":{\"@id\":\"https:\/\/aigeviatges.com\/producto\/grutes-de-cristall-i-baix-arago\/#breadcrumb\"},\"inLanguage\":\"es\",\"potentialAction\":[{\"@type\":\"ReadAction\",\"target\":[\"https:\/\/aigeviatges.com\/producto\/grutes-de-cristall-i-baix-arago\/\"]}]},{\"@type\":\"BreadcrumbList\",\"@id\":\"https:\/\/aigeviatges.com\/producto\/grutes-de-cristall-i-baix-arago\/#breadcrumb\",\"itemListElement\":[{\"@type\":\"ListItem\",\"position\":1,\"name\":\"Portada\",\"item\":\"https:\/\/aigeviatges.com\/\"},{\"@type\":\"ListItem\",\"position\":2,\"name\":\"Tienda\",\"item\":\"https:\/\/aigeviatges.com\/tienda-2\/\"},{\"@type\":\"ListItem\",\"position\":3,\"name\":\"GRUTES DE CRISTALL I BAIX ARAG\u00d3\"}]},{\"@type\":\"WebSite\",\"@id\":\"https:\/\/aigeviatges.com\/#website\",\"url\":\"https:\/\/aigeviatges.com\/\",\"name\":\"AIGE Viatges\",\"description\":\"Agencia de viajes especializada en producto propio para grupos.\",\"publisher\":{\"@id\":\"https:\/\/aigeviatges.com\/#organization\"},\"potentialAction\":[{\"@type\":\"SearchAction\",\"target\":{\"@type\":\"EntryPoint\",\"urlTemplate\":\"https:\/\/aigeviatges.com\/?s={search_term_string}\"},\"query-input\":\"required name=search_term_string\"}],\"inLanguage\":\"es\"},{\"@type\":\"Organization\",\"@id\":\"https:\/\/aigeviatges.com\/#organization\",\"name\":\"AIGE Viatges\",\"url\":\"https:\/\/aigeviatges.com\/\",\"logo\":{\"@type\":\"ImageObject\",\"inLanguage\":\"es\",\"@id\":\"https:\/\/aigeviatges.com\/#\/schema\/logo\/image\/\",\"url\":\"https:\/\/aigeviatges.com\/wp-content\/uploads\/2020\/03\/aig-viatges-logo-web.png\",\"contentUrl\":\"https:\/\/aigeviatges.com\/wp-content\/uploads\/2020\/03\/aig-viatges-logo-web.png\",\"width\":600,\"height\":166,\"caption\":\"AIGE Viatges\"},\"image\":{\"@id\":\"https:\/\/aigeviatges.com\/#\/schema\/logo\/image\/\"},\"sameAs\":[\"https:\/\/www.facebook.com\/viatgesaige\/\"]}]}<\/script>\n<!-- \/ Yoast SEO plugin. -->","yoast_head_json":{"title":"GRUTES DE CRISTALL I BAIX ARAG\u00d3 - AIGE Viatges","description":"Agencia de viajes online | Descubre nuestros viajes inolvidables a GRUTES DE CRISTALL I BAIX ARAG\u00d3","robots":{"index":"index","follow":"follow","max-snippet":"max-snippet:-1","max-image-preview":"max-image-preview:large","max-video-preview":"max-video-preview:-1"},"canonical":"https:\/\/aigeviatges.com\/es\/producto\/grutas-de-cristal-y-bajo-arago\/","og_locale":"es_ES","og_type":"article","og_title":"GRUTES DE CRISTALL I BAIX ARAG\u00d3 - AIGE Viatges","og_description":"Agencia de viajes online | Descubre nuestros viajes inolvidables a GRUTES DE CRISTALL I BAIX ARAG\u00d3","og_url":"https:\/\/aigeviatges.com\/es\/producto\/grutas-de-cristal-y-bajo-arago\/","og_site_name":"AIGE Viatges","article_publisher":"https:\/\/www.facebook.com\/viatgesaige\/","article_modified_time":"2021-05-17T09:41:15+00:00","og_image":[{"width":680,"height":415,"url":"https:\/\/aigeviatges.com\/wp-content\/uploads\/2021\/03\/Grutas-de-Cristal.jpg","type":"image\/jpeg"}],"twitter_card":"summary_large_image","twitter_misc":{"Tiempo de lectura":"1 minuto"},"schema":{"@context":"https:\/\/schema.org","@graph":[{"@type":"WebPage","@id":"https:\/\/aigeviatges.com\/producto\/grutes-de-cristall-i-baix-arago\/","url":"https:\/\/aigeviatges.com\/producto\/grutes-de-cristall-i-baix-arago\/","name":"GRUTES DE CRISTALL I BAIX ARAG\u00d3 - AIGE Viatges","isPartOf":{"@id":"https:\/\/aigeviatges.com\/#website"},"datePublished":"2021-03-10T13:50:13+00:00","dateModified":"2021-05-17T09:41:15+00:00","description":"Agencia de viajes online | Descubre nuestros viajes inolvidables a GRUTES DE CRISTALL I BAIX ARAG\u00d3","breadcrumb":{"@id":"https:\/\/aigeviatges.com\/producto\/grutes-de-cristall-i-baix-arago\/#breadcrumb"},"inLanguage":"es","potentialAction":[{"@type":"ReadAction","target":["https:\/\/aigeviatges.com\/producto\/grutes-de-cristall-i-baix-arago\/"]}]},{"@type":"BreadcrumbList","@id":"https:\/\/aigeviatges.com\/producto\/grutes-de-cristall-i-baix-arago\/#breadcrumb","itemListElement":[{"@type":"ListItem","position":1,"name":"Portada","item":"https:\/\/aigeviatges.com\/"},{"@type":"ListItem","position":2,"name":"Tienda","item":"https:\/\/aigeviatges.com\/tienda-2\/"},{"@type":"ListItem","position":3,"name":"GRUTES DE CRISTALL I BAIX ARAG\u00d3"}]},{"@type":"WebSite","@id":"https:\/\/aigeviatges.com\/#website","url":"https:\/\/aigeviatges.com\/","name":"AIGE Viatges","description":"Agencia de viajes especializada en producto propio para grupos.","publisher":{"@id":"https:\/\/aigeviatges.com\/#organization"},"potentialAction":[{"@type":"SearchAction","target":{"@type":"EntryPoint","urlTemplate":"https:\/\/aigeviatges.com\/?s={search_term_string}"},"query-input":"required name=search_term_string"}],"inLanguage":"es"},{"@type":"Organization","@id":"https:\/\/aigeviatges.com\/#organization","name":"AIGE Viatges","url":"https:\/\/aigeviatges.com\/","logo":{"@type":"ImageObject","inLanguage":"es","@id":"https:\/\/aigeviatges.com\/#\/schema\/logo\/image\/","url":"https:\/\/aigeviatges.com\/wp-content\/uploads\/2020\/03\/aig-viatges-logo-web.png","contentUrl":"https:\/\/aigeviatges.com\/wp-content\/uploads\/2020\/03\/aig-viatges-logo-web.png","width":600,"height":166,"caption":"AIGE Viatges"},"image":{"@id":"https:\/\/aigeviatges.com\/#\/schema\/logo\/image\/"},"sameAs":["https:\/\/www.facebook.com\/viatgesaige\/"]}]}},"jetpack_sharing_enabled":true,"jetpack_likes_enabled":false,"_links":{"self":[{"href":"https:\/\/aigeviatges.com\/es\/wp-json\/wp\/v2\/product\/1284","targetHints":{"allow":["GET"]}}],"collection":[{"href":"https:\/\/aigeviatges.com\/es\/wp-json\/wp\/v2\/product"}],"about":[{"href":"https:\/\/aigeviatges.com\/es\/wp-json\/wp\/v2\/types\/product"}],"wp:featuredmedia":[{"embeddable":true,"href":"https:\/\/aigeviatges.com\/es\/wp-json\/wp\/v2\/media\/1285"}],"wp:attachment":[{"href":"https:\/\/aigeviatges.com\/es\/wp-json\/wp\/v2\/media?parent=1284"}],"wp:term":[{"taxonomy":"product_cat","embeddable":true,"href":"https:\/\/aigeviatges.com\/es\/wp-json\/wp\/v2\/product_cat?post=1284"},{"taxonomy":"product_tag","embeddable":true,"href":"https:\/\/aigeviatges.com\/es\/wp-json\/wp\/v2\/product_tag?post=1284"}],"curies":[{"name":"wp","href":"https:\/\/api.w.org\/{rel}","templated":true}]}}