{"id":1280,"date":"2021-03-10T13:18:45","date_gmt":"2021-03-10T13:18:45","guid":{"rendered":"https:\/\/aigeviatges.com\/?post_type=product&#038;p=1280"},"modified":"2021-03-12T20:42:25","modified_gmt":"2021-03-12T20:42:25","slug":"albi-i-toulouse","status":"publish","type":"product","link":"https:\/\/aigeviatges.com\/es\/producto\/albi-y-toulouse\/","title":{"rendered":"TOULOUSE Y ALBI"},"content":{"rendered":"<p><strong>D\u00eda 1: ORIGEN \u2013 TOULOUSE \u2013 CRUCERO POR EL GARONA \u2013 ALBI<\/strong><br \/>\nSalida en autocar direcci\u00f3n La Jonquera. Parada para el desayuno (no incluido) y continuaci\u00f3n a Toulouse. Almuerzo en rto. Seguidamente visitaremos lo m\u00e1s importante de la ciudad a bordo de un crucero por el r\u00edo Garona. En el coraz\u00f3n hist\u00f3rico de Toulouse, descubriremos la historia de la bella \u201cciudad rosa\u201d y por qu\u00e9 la llaman as\u00ed. Con una vista de todos los monumentos m\u00e1s bellos, desde la tumba hasta el Pont Neuf, navegaremos en este r\u00edo rico en historia. Continuaci\u00f3n a los alrededores de Alb\u00ed. Acomodaci\u00f3n, cena y alojamiento en el hotel.<\/p>\n<p><strong>D\u00eda 2: ALBI \u2013 CUERDAS SUR CIEL (acceso en trenecito)<\/strong><br \/>\nPor la ma\u00f1ana visitaremos Alb\u00ed, uno de los m\u00e1s bellos conjuntos monumentales de Francia. Visita de este magn\u00edfico pueblo, ciudad episcopal, en la que destaca la catedral de Santa Cecilia y el museo Toulouse-Lautrec. Por la tarde visitaremos Cordes Sur Ciel, uno de los pueblos m\u00e1s bonitos de Francia, al que accederemos en el Petit Train que nos llevar\u00e1 de la parte baja a la Cit\u00e9 Medieval. Cena y alojamiento en el hotel.<\/p>\n<p><strong>D\u00eda 3: NARBONA \u2013 ABADIA DE FONTFROIDE \u2013 LAS GRANDES BUFFETS \u2013 ORIGEN <\/strong><br \/>\nSalida direcci\u00f3n Narbonne hasta llegar a la Abad\u00eda de Fontfroide, la Joya del Cister de Francia. Visita de la abad\u00eda y de sus jardines, inicialmente fundada como benedictina en el siglo XI por el vizconde Eimeric I de Narbona y convertida en cisterciense en el 1145 . destaca el excelente estado de conservaci\u00f3n. Almuerzo especial de despedida \u201cLas Grands Buffets. Regreso a nuestra ciudad de origen<\/p>","protected":false},"excerpt":{"rendered":"<p><strong>INCLUYE:\u00a0<\/strong><\/p>\n<ul>\n<li>Autocar de lujo<\/li>\n<li>Gu\u00eda acompa\u00f1ante de AIGE<\/li>\n<li>Hotel 3*** (tipo IBIS)<\/li>\n<li>Pensi\u00f3n completa con agua y vino<\/li>\n<li>Entrada en la catedral de Albi<\/li>\n<li>Entrada en la Abad\u00eda de Fontfroide<\/li>\n<li>Crucero por el Garona en Toulouse<\/li>\n<li>Tren de Cuerdas<\/li>\n<li>Almuerzo especial en \u201cLas Grands Buffets\u201d<\/li>\n<li>Seguro de asistencia en viaje<\/li>\n<\/ul>\n<p><img loading=\"lazy\" decoding=\"async\" class=\"alignnone wp-image-1258\" src=\"https:\/\/aigeviatges.com\/wp-content\/uploads\/2021\/03\/GRAN-BUFFET-300x95.jpg\" alt=\"\" width=\"279\" height=\"88\" srcset=\"https:\/\/aigeviatges.com\/wp-content\/uploads\/2021\/03\/GRAN-BUFFET-300x95.jpg 300w, https:\/\/aigeviatges.com\/wp-content\/uploads\/2021\/03\/GRAN-BUFFET-768x243.jpg 768w, https:\/\/aigeviatges.com\/wp-content\/uploads\/2021\/03\/GRAN-BUFFET-600x189.jpg 600w, https:\/\/aigeviatges.com\/wp-content\/uploads\/2021\/03\/GRAN-BUFFET.jpg 931w\" sizes=\"auto, (max-width: 279px) 100vw, 279px\" \/><\/p>","protected":false},"featured_media":1281,"template":"","meta":[],"product_cat":[112,26],"product_tag":[],"class_list":["post-1280","product","type-product","status-publish","has-post-thumbnail","hentry","product_cat-3-dies","product_cat-grups-radials"],"yoast_head":"<!-- This site is optimized with the Yoast SEO plugin v21.7 - https:\/\/yoast.com\/wordpress\/plugins\/seo\/ -->\n<title>TOULOUSE I ALBI - AIGE Viatges<\/title>\n<meta name=\"description\" content=\"Agencia de viajes online | Descubre nuestros viajes inolvidables a TOULOUSE I ALBI\" \/>\n<meta name=\"robots\" content=\"index, follow, max-snippet:-1, max-image-preview:large, max-video-preview:-1\" \/>\n<link rel=\"canonical\" href=\"https:\/\/aigeviatges.com\/es\/producto\/albi-y-toulouse\/\" \/>\n<meta property=\"og:locale\" content=\"es_ES\" \/>\n<meta property=\"og:type\" content=\"article\" \/>\n<meta property=\"og:title\" content=\"TOULOUSE I ALBI - AIGE Viatges\" \/>\n<meta property=\"og:description\" content=\"Agencia de viajes online | Descubre nuestros viajes inolvidables a TOULOUSE I ALBI\" \/>\n<meta property=\"og:url\" content=\"https:\/\/aigeviatges.com\/es\/producto\/albi-y-toulouse\/\" \/>\n<meta property=\"og:site_name\" content=\"AIGE Viatges\" \/>\n<meta property=\"article:publisher\" content=\"https:\/\/www.facebook.com\/viatgesaige\/\" \/>\n<meta property=\"article:modified_time\" content=\"2021-03-12T20:42:25+00:00\" \/>\n<meta property=\"og:image\" content=\"https:\/\/aigeviatges.com\/wp-content\/uploads\/2021\/03\/ALBI.jpg\" \/>\n\t<meta property=\"og:image:width\" content=\"432\" \/>\n\t<meta property=\"og:image:height\" content=\"645\" \/>\n\t<meta property=\"og:image:type\" content=\"image\/jpeg\" \/>\n<meta name=\"twitter:card\" content=\"summary_large_image\" \/>\n<meta name=\"twitter:label1\" content=\"Tiempo de lectura\" \/>\n\t<meta name=\"twitter:data1\" content=\"1 minuto\" \/>\n<script type=\"application\/ld+json\" class=\"yoast-schema-graph\">{\"@context\":\"https:\/\/schema.org\",\"@graph\":[{\"@type\":\"WebPage\",\"@id\":\"https:\/\/aigeviatges.com\/producto\/albi-i-toulouse\/\",\"url\":\"https:\/\/aigeviatges.com\/producto\/albi-i-toulouse\/\",\"name\":\"TOULOUSE I ALBI - AIGE Viatges\",\"isPartOf\":{\"@id\":\"https:\/\/aigeviatges.com\/#website\"},\"datePublished\":\"2021-03-10T13:18:45+00:00\",\"dateModified\":\"2021-03-12T20:42:25+00:00\",\"description\":\"Agencia de viajes online | Descubre nuestros viajes inolvidables a TOULOUSE I ALBI\",\"breadcrumb\":{\"@id\":\"https:\/\/aigeviatges.com\/producto\/albi-i-toulouse\/#breadcrumb\"},\"inLanguage\":\"es\",\"potentialAction\":[{\"@type\":\"ReadAction\",\"target\":[\"https:\/\/aigeviatges.com\/producto\/albi-i-toulouse\/\"]}]},{\"@type\":\"BreadcrumbList\",\"@id\":\"https:\/\/aigeviatges.com\/producto\/albi-i-toulouse\/#breadcrumb\",\"itemListElement\":[{\"@type\":\"ListItem\",\"position\":1,\"name\":\"Portada\",\"item\":\"https:\/\/aigeviatges.com\/\"},{\"@type\":\"ListItem\",\"position\":2,\"name\":\"Tienda\",\"item\":\"https:\/\/aigeviatges.com\/tienda-2\/\"},{\"@type\":\"ListItem\",\"position\":3,\"name\":\"TOULOUSE I ALBI\"}]},{\"@type\":\"WebSite\",\"@id\":\"https:\/\/aigeviatges.com\/#website\",\"url\":\"https:\/\/aigeviatges.com\/\",\"name\":\"AIGE Viatges\",\"description\":\"Agencia de viajes especializada en producto propio para grupos.\",\"publisher\":{\"@id\":\"https:\/\/aigeviatges.com\/#organization\"},\"potentialAction\":[{\"@type\":\"SearchAction\",\"target\":{\"@type\":\"EntryPoint\",\"urlTemplate\":\"https:\/\/aigeviatges.com\/?s={search_term_string}\"},\"query-input\":\"required name=search_term_string\"}],\"inLanguage\":\"es\"},{\"@type\":\"Organization\",\"@id\":\"https:\/\/aigeviatges.com\/#organization\",\"name\":\"AIGE Viatges\",\"url\":\"https:\/\/aigeviatges.com\/\",\"logo\":{\"@type\":\"ImageObject\",\"inLanguage\":\"es\",\"@id\":\"https:\/\/aigeviatges.com\/#\/schema\/logo\/image\/\",\"url\":\"https:\/\/aigeviatges.com\/wp-content\/uploads\/2020\/03\/aig-viatges-logo-web.png\",\"contentUrl\":\"https:\/\/aigeviatges.com\/wp-content\/uploads\/2020\/03\/aig-viatges-logo-web.png\",\"width\":600,\"height\":166,\"caption\":\"AIGE Viatges\"},\"image\":{\"@id\":\"https:\/\/aigeviatges.com\/#\/schema\/logo\/image\/\"},\"sameAs\":[\"https:\/\/www.facebook.com\/viatgesaige\/\"]}]}<\/script>\n<!-- \/ Yoast SEO plugin. -->","yoast_head_json":{"title":"TOULOUSE I ALBI - AIGE Viatges","description":"Agencia de viajes online | Descubre nuestros viajes inolvidables a TOULOUSE I ALBI","robots":{"index":"index","follow":"follow","max-snippet":"max-snippet:-1","max-image-preview":"max-image-preview:large","max-video-preview":"max-video-preview:-1"},"canonical":"https:\/\/aigeviatges.com\/es\/producto\/albi-y-toulouse\/","og_locale":"es_ES","og_type":"article","og_title":"TOULOUSE I ALBI - AIGE Viatges","og_description":"Agencia de viajes online | Descubre nuestros viajes inolvidables a TOULOUSE I ALBI","og_url":"https:\/\/aigeviatges.com\/es\/producto\/albi-y-toulouse\/","og_site_name":"AIGE Viatges","article_publisher":"https:\/\/www.facebook.com\/viatgesaige\/","article_modified_time":"2021-03-12T20:42:25+00:00","og_image":[{"width":432,"height":645,"url":"https:\/\/aigeviatges.com\/wp-content\/uploads\/2021\/03\/ALBI.jpg","type":"image\/jpeg"}],"twitter_card":"summary_large_image","twitter_misc":{"Tiempo de lectura":"1 minuto"},"schema":{"@context":"https:\/\/schema.org","@graph":[{"@type":"WebPage","@id":"https:\/\/aigeviatges.com\/producto\/albi-i-toulouse\/","url":"https:\/\/aigeviatges.com\/producto\/albi-i-toulouse\/","name":"TOULOUSE I ALBI - AIGE Viatges","isPartOf":{"@id":"https:\/\/aigeviatges.com\/#website"},"datePublished":"2021-03-10T13:18:45+00:00","dateModified":"2021-03-12T20:42:25+00:00","description":"Agencia de viajes online | Descubre nuestros viajes inolvidables a TOULOUSE I ALBI","breadcrumb":{"@id":"https:\/\/aigeviatges.com\/producto\/albi-i-toulouse\/#breadcrumb"},"inLanguage":"es","potentialAction":[{"@type":"ReadAction","target":["https:\/\/aigeviatges.com\/producto\/albi-i-toulouse\/"]}]},{"@type":"BreadcrumbList","@id":"https:\/\/aigeviatges.com\/producto\/albi-i-toulouse\/#breadcrumb","itemListElement":[{"@type":"ListItem","position":1,"name":"Portada","item":"https:\/\/aigeviatges.com\/"},{"@type":"ListItem","position":2,"name":"Tienda","item":"https:\/\/aigeviatges.com\/tienda-2\/"},{"@type":"ListItem","position":3,"name":"TOULOUSE I ALBI"}]},{"@type":"WebSite","@id":"https:\/\/aigeviatges.com\/#website","url":"https:\/\/aigeviatges.com\/","name":"AIGE Viatges","description":"Agencia de viajes especializada en producto propio para grupos.","publisher":{"@id":"https:\/\/aigeviatges.com\/#organization"},"potentialAction":[{"@type":"SearchAction","target":{"@type":"EntryPoint","urlTemplate":"https:\/\/aigeviatges.com\/?s={search_term_string}"},"query-input":"required name=search_term_string"}],"inLanguage":"es"},{"@type":"Organization","@id":"https:\/\/aigeviatges.com\/#organization","name":"AIGE Viatges","url":"https:\/\/aigeviatges.com\/","logo":{"@type":"ImageObject","inLanguage":"es","@id":"https:\/\/aigeviatges.com\/#\/schema\/logo\/image\/","url":"https:\/\/aigeviatges.com\/wp-content\/uploads\/2020\/03\/aig-viatges-logo-web.png","contentUrl":"https:\/\/aigeviatges.com\/wp-content\/uploads\/2020\/03\/aig-viatges-logo-web.png","width":600,"height":166,"caption":"AIGE Viatges"},"image":{"@id":"https:\/\/aigeviatges.com\/#\/schema\/logo\/image\/"},"sameAs":["https:\/\/www.facebook.com\/viatgesaige\/"]}]}},"jetpack_sharing_enabled":true,"jetpack_likes_enabled":false,"_links":{"self":[{"href":"https:\/\/aigeviatges.com\/es\/wp-json\/wp\/v2\/product\/1280","targetHints":{"allow":["GET"]}}],"collection":[{"href":"https:\/\/aigeviatges.com\/es\/wp-json\/wp\/v2\/product"}],"about":[{"href":"https:\/\/aigeviatges.com\/es\/wp-json\/wp\/v2\/types\/product"}],"wp:featuredmedia":[{"embeddable":true,"href":"https:\/\/aigeviatges.com\/es\/wp-json\/wp\/v2\/media\/1281"}],"wp:attachment":[{"href":"https:\/\/aigeviatges.com\/es\/wp-json\/wp\/v2\/media?parent=1280"}],"wp:term":[{"taxonomy":"product_cat","embeddable":true,"href":"https:\/\/aigeviatges.com\/es\/wp-json\/wp\/v2\/product_cat?post=1280"},{"taxonomy":"product_tag","embeddable":true,"href":"https:\/\/aigeviatges.com\/es\/wp-json\/wp\/v2\/product_tag?post=1280"}],"curies":[{"name":"wp","href":"https:\/\/api.w.org\/{rel}","templated":true}]}}