{"id":1276,"date":"2021-03-10T12:53:56","date_gmt":"2021-03-10T12:53:56","guid":{"rendered":"https:\/\/aigeviatges.com\/?post_type=product&#038;p=1276"},"modified":"2021-03-10T12:53:56","modified_gmt":"2021-03-10T12:53:56","slug":"monestir-de-pedra-i-zaragoza","status":"publish","type":"product","link":"https:\/\/aigeviatges.com\/es\/producto\/monasterio-de-piedra-y-zaragoza\/","title":{"rendered":"MONASTERIO DE PIEDRA Y ZARAGOZA"},"content":{"rendered":"<p><strong>D\u00eda 1: ORIGEN - ZARAGOZA<\/strong><br \/>\nSalida a Zaragoza. Llegada y acomodaci\u00f3n en el hotel. Almuerzo. Por la tarde visitaremos la Bas\u00edlica del Pilar. Seg\u00fan la tradici\u00f3n, se trata del primer templo mariano de la Cristiandad, puesto que en \u00e9l se conserva y venera el pilar \u2014en realidad, una columna de jaspe\u2014 que, seg\u00fan la tradici\u00f3n, fue puesto por la Virgen Mar\u00eda. Tiempo libre en el centro. Cena y alojamiento en el hotel.<\/p>\n<p><strong>D\u00eda 2: MONASTERIO DE PIEDRA<\/strong><br \/>\nDesayuno en el hotel y salida hacia Nu\u00e9valos (cerca de Calatayud), donde se encuentra el parque natural del Monasterio de Piedra, visita del parque, un vergel ins\u00f3lito en torno al agua y su movimiento en cascadas y cuevas, monasterio y museo del vino. Almuerzo dentro del parque. Por la tarde regreso a Zaragoza. Cena y alojamiento en el hotel.<\/p>\n<p><strong>D\u00eda 3: ZARAGOZA - PALACIO DE LA ALJAFERIA - ORIGEN<\/strong><br \/>\nDesayuno en el hotel. Por la ma\u00f1ana visitaremos el Palacio de la Aljafer\u00eda: una joya del mud\u00e9jar declarada Patrimonio de la Humanidad. Descubriremos la llamada Alhambra de Zaragoza, un palacio isl\u00e1mico que fue residencia de los Reyes Cat\u00f3licos. De especial menci\u00f3n es su torre del Trobador, uno de los escenarios donde transcurre Il trovatore de Verdi. Finalizada la visita dispondremos de un rato de tiempo libre para actividades personales. Almuerzo. Regreso a nuestra ciudad de origen.<\/p>","protected":false},"excerpt":{"rendered":"<p><strong>INCLUYE:<\/strong><\/p>\n<ul>\n<li>Autocar de lujo por todo el circuito<\/li>\n<li>Gu\u00eda acompa\u00f1ante de AIGE<\/li>\n<li>Hotel 3*** o 4****<\/li>\n<li>Pensi\u00f3n completa con vino y agua<\/li>\n<li>Visita guiada al palacio de la Aljaferia<\/li>\n<li>Entrada al parque Monasterio de Pedra<\/li>\n<li>Seguro de asistencia en viaje<\/li>\n<\/ul>","protected":false},"featured_media":1277,"template":"","meta":[],"product_cat":[112,26],"product_tag":[],"class_list":["post-1276","product","type-product","status-publish","has-post-thumbnail","hentry","product_cat-3-dies","product_cat-grups-radials"],"yoast_head":"<!-- This site is optimized with the Yoast SEO plugin v21.7 - https:\/\/yoast.com\/wordpress\/plugins\/seo\/ -->\n<title>MONESTIR DE PEDRA I ZARAGOZA - AIGE Viatges<\/title>\n<meta name=\"description\" content=\"Agencia de viajes online | Descubre nuestros viajes inolvidables a MONESTIR DE PEDRA I ZARAGOZA\" \/>\n<meta name=\"robots\" content=\"index, follow, max-snippet:-1, max-image-preview:large, max-video-preview:-1\" \/>\n<link rel=\"canonical\" href=\"https:\/\/aigeviatges.com\/es\/producto\/monasterio-de-piedra-y-zaragoza\/\" \/>\n<meta property=\"og:locale\" content=\"es_ES\" \/>\n<meta property=\"og:type\" content=\"article\" \/>\n<meta property=\"og:title\" content=\"MONESTIR DE PEDRA I ZARAGOZA - AIGE Viatges\" \/>\n<meta property=\"og:description\" content=\"Agencia de viajes online | Descubre nuestros viajes inolvidables a MONESTIR DE PEDRA I ZARAGOZA\" \/>\n<meta property=\"og:url\" content=\"https:\/\/aigeviatges.com\/es\/producto\/monasterio-de-piedra-y-zaragoza\/\" \/>\n<meta property=\"og:site_name\" content=\"AIGE Viatges\" \/>\n<meta property=\"article:publisher\" content=\"https:\/\/www.facebook.com\/viatgesaige\/\" \/>\n<meta property=\"og:image\" content=\"https:\/\/aigeviatges.com\/wp-content\/uploads\/2021\/03\/mon-piedra.jpg\" \/>\n\t<meta property=\"og:image:width\" content=\"720\" \/>\n\t<meta property=\"og:image:height\" content=\"378\" \/>\n\t<meta property=\"og:image:type\" content=\"image\/jpeg\" \/>\n<meta name=\"twitter:card\" content=\"summary_large_image\" \/>\n<meta name=\"twitter:label1\" content=\"Tiempo de lectura\" \/>\n\t<meta name=\"twitter:data1\" content=\"1 minuto\" \/>\n<script type=\"application\/ld+json\" class=\"yoast-schema-graph\">{\"@context\":\"https:\/\/schema.org\",\"@graph\":[{\"@type\":\"WebPage\",\"@id\":\"https:\/\/aigeviatges.com\/producto\/monestir-de-pedra-i-zaragoza\/\",\"url\":\"https:\/\/aigeviatges.com\/producto\/monestir-de-pedra-i-zaragoza\/\",\"name\":\"MONESTIR DE PEDRA I ZARAGOZA - AIGE Viatges\",\"isPartOf\":{\"@id\":\"https:\/\/aigeviatges.com\/#website\"},\"datePublished\":\"2021-03-10T12:53:56+00:00\",\"dateModified\":\"2021-03-10T12:53:56+00:00\",\"description\":\"Agencia de viajes online | Descubre nuestros viajes inolvidables a MONESTIR DE PEDRA I ZARAGOZA\",\"breadcrumb\":{\"@id\":\"https:\/\/aigeviatges.com\/producto\/monestir-de-pedra-i-zaragoza\/#breadcrumb\"},\"inLanguage\":\"es\",\"potentialAction\":[{\"@type\":\"ReadAction\",\"target\":[\"https:\/\/aigeviatges.com\/producto\/monestir-de-pedra-i-zaragoza\/\"]}]},{\"@type\":\"BreadcrumbList\",\"@id\":\"https:\/\/aigeviatges.com\/producto\/monestir-de-pedra-i-zaragoza\/#breadcrumb\",\"itemListElement\":[{\"@type\":\"ListItem\",\"position\":1,\"name\":\"Portada\",\"item\":\"https:\/\/aigeviatges.com\/\"},{\"@type\":\"ListItem\",\"position\":2,\"name\":\"Tienda\",\"item\":\"https:\/\/aigeviatges.com\/tienda-2\/\"},{\"@type\":\"ListItem\",\"position\":3,\"name\":\"MONESTIR DE PEDRA I ZARAGOZA\"}]},{\"@type\":\"WebSite\",\"@id\":\"https:\/\/aigeviatges.com\/#website\",\"url\":\"https:\/\/aigeviatges.com\/\",\"name\":\"AIGE Viatges\",\"description\":\"Agencia de viajes especializada en producto propio para grupos.\",\"publisher\":{\"@id\":\"https:\/\/aigeviatges.com\/#organization\"},\"potentialAction\":[{\"@type\":\"SearchAction\",\"target\":{\"@type\":\"EntryPoint\",\"urlTemplate\":\"https:\/\/aigeviatges.com\/?s={search_term_string}\"},\"query-input\":\"required name=search_term_string\"}],\"inLanguage\":\"es\"},{\"@type\":\"Organization\",\"@id\":\"https:\/\/aigeviatges.com\/#organization\",\"name\":\"AIGE Viatges\",\"url\":\"https:\/\/aigeviatges.com\/\",\"logo\":{\"@type\":\"ImageObject\",\"inLanguage\":\"es\",\"@id\":\"https:\/\/aigeviatges.com\/#\/schema\/logo\/image\/\",\"url\":\"https:\/\/aigeviatges.com\/wp-content\/uploads\/2020\/03\/aig-viatges-logo-web.png\",\"contentUrl\":\"https:\/\/aigeviatges.com\/wp-content\/uploads\/2020\/03\/aig-viatges-logo-web.png\",\"width\":600,\"height\":166,\"caption\":\"AIGE Viatges\"},\"image\":{\"@id\":\"https:\/\/aigeviatges.com\/#\/schema\/logo\/image\/\"},\"sameAs\":[\"https:\/\/www.facebook.com\/viatgesaige\/\"]}]}<\/script>\n<!-- \/ Yoast SEO plugin. -->","yoast_head_json":{"title":"MONESTIR DE PEDRA I ZARAGOZA - AIGE Viatges","description":"Agencia de viajes online | Descubre nuestros viajes inolvidables a MONESTIR DE PEDRA I ZARAGOZA","robots":{"index":"index","follow":"follow","max-snippet":"max-snippet:-1","max-image-preview":"max-image-preview:large","max-video-preview":"max-video-preview:-1"},"canonical":"https:\/\/aigeviatges.com\/es\/producto\/monasterio-de-piedra-y-zaragoza\/","og_locale":"es_ES","og_type":"article","og_title":"MONESTIR DE PEDRA I ZARAGOZA - AIGE Viatges","og_description":"Agencia de viajes online | Descubre nuestros viajes inolvidables a MONESTIR DE PEDRA I ZARAGOZA","og_url":"https:\/\/aigeviatges.com\/es\/producto\/monasterio-de-piedra-y-zaragoza\/","og_site_name":"AIGE Viatges","article_publisher":"https:\/\/www.facebook.com\/viatgesaige\/","og_image":[{"width":720,"height":378,"url":"https:\/\/aigeviatges.com\/wp-content\/uploads\/2021\/03\/mon-piedra.jpg","type":"image\/jpeg"}],"twitter_card":"summary_large_image","twitter_misc":{"Tiempo de lectura":"1 minuto"},"schema":{"@context":"https:\/\/schema.org","@graph":[{"@type":"WebPage","@id":"https:\/\/aigeviatges.com\/producto\/monestir-de-pedra-i-zaragoza\/","url":"https:\/\/aigeviatges.com\/producto\/monestir-de-pedra-i-zaragoza\/","name":"MONESTIR DE PEDRA I ZARAGOZA - AIGE Viatges","isPartOf":{"@id":"https:\/\/aigeviatges.com\/#website"},"datePublished":"2021-03-10T12:53:56+00:00","dateModified":"2021-03-10T12:53:56+00:00","description":"Agencia de viajes online | Descubre nuestros viajes inolvidables a MONESTIR DE PEDRA I ZARAGOZA","breadcrumb":{"@id":"https:\/\/aigeviatges.com\/producto\/monestir-de-pedra-i-zaragoza\/#breadcrumb"},"inLanguage":"es","potentialAction":[{"@type":"ReadAction","target":["https:\/\/aigeviatges.com\/producto\/monestir-de-pedra-i-zaragoza\/"]}]},{"@type":"BreadcrumbList","@id":"https:\/\/aigeviatges.com\/producto\/monestir-de-pedra-i-zaragoza\/#breadcrumb","itemListElement":[{"@type":"ListItem","position":1,"name":"Portada","item":"https:\/\/aigeviatges.com\/"},{"@type":"ListItem","position":2,"name":"Tienda","item":"https:\/\/aigeviatges.com\/tienda-2\/"},{"@type":"ListItem","position":3,"name":"MONESTIR DE PEDRA I ZARAGOZA"}]},{"@type":"WebSite","@id":"https:\/\/aigeviatges.com\/#website","url":"https:\/\/aigeviatges.com\/","name":"AIGE Viatges","description":"Agencia de viajes especializada en producto propio para grupos.","publisher":{"@id":"https:\/\/aigeviatges.com\/#organization"},"potentialAction":[{"@type":"SearchAction","target":{"@type":"EntryPoint","urlTemplate":"https:\/\/aigeviatges.com\/?s={search_term_string}"},"query-input":"required name=search_term_string"}],"inLanguage":"es"},{"@type":"Organization","@id":"https:\/\/aigeviatges.com\/#organization","name":"AIGE Viatges","url":"https:\/\/aigeviatges.com\/","logo":{"@type":"ImageObject","inLanguage":"es","@id":"https:\/\/aigeviatges.com\/#\/schema\/logo\/image\/","url":"https:\/\/aigeviatges.com\/wp-content\/uploads\/2020\/03\/aig-viatges-logo-web.png","contentUrl":"https:\/\/aigeviatges.com\/wp-content\/uploads\/2020\/03\/aig-viatges-logo-web.png","width":600,"height":166,"caption":"AIGE Viatges"},"image":{"@id":"https:\/\/aigeviatges.com\/#\/schema\/logo\/image\/"},"sameAs":["https:\/\/www.facebook.com\/viatgesaige\/"]}]}},"jetpack_sharing_enabled":true,"jetpack_likes_enabled":false,"_links":{"self":[{"href":"https:\/\/aigeviatges.com\/es\/wp-json\/wp\/v2\/product\/1276","targetHints":{"allow":["GET"]}}],"collection":[{"href":"https:\/\/aigeviatges.com\/es\/wp-json\/wp\/v2\/product"}],"about":[{"href":"https:\/\/aigeviatges.com\/es\/wp-json\/wp\/v2\/types\/product"}],"wp:featuredmedia":[{"embeddable":true,"href":"https:\/\/aigeviatges.com\/es\/wp-json\/wp\/v2\/media\/1277"}],"wp:attachment":[{"href":"https:\/\/aigeviatges.com\/es\/wp-json\/wp\/v2\/media?parent=1276"}],"wp:term":[{"taxonomy":"product_cat","embeddable":true,"href":"https:\/\/aigeviatges.com\/es\/wp-json\/wp\/v2\/product_cat?post=1276"},{"taxonomy":"product_tag","embeddable":true,"href":"https:\/\/aigeviatges.com\/es\/wp-json\/wp\/v2\/product_tag?post=1276"}],"curies":[{"name":"wp","href":"https:\/\/api.w.org\/{rel}","templated":true}]}}