{"id":1272,"date":"2021-03-09T13:35:18","date_gmt":"2021-03-09T13:35:18","guid":{"rendered":"https:\/\/aigeviatges.com\/?post_type=product&#038;p=1272"},"modified":"2021-06-02T07:53:51","modified_gmt":"2021-06-02T07:53:51","slug":"el-vallespir-i-canal-de-midi","status":"publish","type":"product","link":"https:\/\/aigeviatges.com\/es\/producto\/el-vallespir-y-canal-de-midi\/","title":{"rendered":"EL VALLESPIR Y CANAL DU MIDI"},"content":{"rendered":"<p><strong>D\u00eda 1: ORIGEN \u2013 PERPIGNAN \u2013 CERET \u2013 LE BOULOU (zona)<\/strong><br \/>\nSalida a La jonquera hasta llegar a Perpignan. Visita libre del Palacio de los Reyes de Mallorca. Es una de las muestras m\u00e1s notable de la arquitectura civil y militar medieval del sur de Francia que se ubica en lo alto, dominando la ciudad desde el sur. Fue edificado a partir de 1276 para acoger la corte de Jaime II de Mallorca. Finalizada la visita traslado al hotel. Acomodaci\u00f3n y almuerzo. Salida a Ceret. Visitaremos del pueblo que mantiene vivas las tradiciones de la Catalu\u00f1a francesa, con un rico patrimonio monumental, destaca el Puente del Diablo, la puerta de Espa\u00f1a y su casco antiguo. Cena y alojamiento en el hotel.<\/p>\n<p><strong>D\u00eda 2: LE BOLOU (zona) - CANAL DU MIDI - ORIGEN<\/strong><br \/>\nDespu\u00e9s del desayuno, saldremos direcci\u00f3n Narbona hasta llegar a Homps donde embarcaremos en un crucero fluvial por el famoso Canal du midi, llamado el Canal de los dos Mares, que comunica por v\u00eda fluvial el Atl\u00e1ntico con el Mediterr\u00e1neo, el recorrido necesita 63 esclusas, 126 puentes y 6 presas. Finalizada la visita, almuerzo en restaurante. Por la tarde, regreso a nuestra ciudad de origen.<\/p>","protected":false},"excerpt":{"rendered":"<p><strong>INCLUYE:\u00a0<\/strong><\/p>\n<ul>\n<li>Autocar de lujo<\/li>\n<li>Gu\u00eda acompa\u00f1ante de AIGE<\/li>\n<li>Hotel 2**<\/li>\n<li>Pensi\u00f3n completa con agua y vino<\/li>\n<li>Entrada en el palacio de los Reyes de Mallorca<\/li>\n<li>Paseo en gabarra por el Canal du Midi<\/li>\n<li>Seguro de asistencia en viaje<\/li>\n<\/ul>","protected":false},"featured_media":1273,"template":"","meta":[],"product_cat":[26],"product_tag":[],"class_list":["post-1272","product","type-product","status-publish","has-post-thumbnail","hentry","product_cat-grups-radials"],"yoast_head":"<!-- This site is optimized with the Yoast SEO plugin v21.7 - https:\/\/yoast.com\/wordpress\/plugins\/seo\/ -->\n<title>EL VALLESPIR I CANAL DU MIDI - AIGE Viatges<\/title>\n<meta name=\"description\" content=\"Agencia de viajes online | Descubre nuestros viajes inolvidables a EL VALLESPIR I CANAL DU MIDI\" \/>\n<meta name=\"robots\" content=\"index, follow, max-snippet:-1, max-image-preview:large, max-video-preview:-1\" \/>\n<link rel=\"canonical\" href=\"https:\/\/aigeviatges.com\/es\/producto\/el-vallespir-y-canal-de-midi\/\" \/>\n<meta property=\"og:locale\" content=\"es_ES\" \/>\n<meta property=\"og:type\" content=\"article\" \/>\n<meta property=\"og:title\" content=\"EL VALLESPIR I CANAL DU MIDI - AIGE Viatges\" \/>\n<meta property=\"og:description\" content=\"Agencia de viajes online | Descubre nuestros viajes inolvidables a EL VALLESPIR I CANAL DU MIDI\" \/>\n<meta property=\"og:url\" content=\"https:\/\/aigeviatges.com\/es\/producto\/el-vallespir-y-canal-de-midi\/\" \/>\n<meta property=\"og:site_name\" content=\"AIGE Viatges\" \/>\n<meta property=\"article:publisher\" content=\"https:\/\/www.facebook.com\/viatgesaige\/\" \/>\n<meta property=\"article:modified_time\" content=\"2021-06-02T07:53:51+00:00\" \/>\n<meta property=\"og:image\" content=\"https:\/\/aigeviatges.com\/wp-content\/uploads\/2021\/03\/canal-du-midi-25.jpg\" \/>\n\t<meta property=\"og:image:width\" content=\"718\" \/>\n\t<meta property=\"og:image:height\" content=\"432\" \/>\n\t<meta property=\"og:image:type\" content=\"image\/jpeg\" \/>\n<meta name=\"twitter:card\" content=\"summary_large_image\" \/>\n<meta name=\"twitter:label1\" content=\"Tiempo de lectura\" \/>\n\t<meta name=\"twitter:data1\" content=\"1 minuto\" \/>\n<script type=\"application\/ld+json\" class=\"yoast-schema-graph\">{\"@context\":\"https:\/\/schema.org\",\"@graph\":[{\"@type\":\"WebPage\",\"@id\":\"https:\/\/aigeviatges.com\/producto\/el-vallespir-i-canal-de-midi\/\",\"url\":\"https:\/\/aigeviatges.com\/producto\/el-vallespir-i-canal-de-midi\/\",\"name\":\"EL VALLESPIR I CANAL DU MIDI - AIGE Viatges\",\"isPartOf\":{\"@id\":\"https:\/\/aigeviatges.com\/#website\"},\"datePublished\":\"2021-03-09T13:35:18+00:00\",\"dateModified\":\"2021-06-02T07:53:51+00:00\",\"description\":\"Agencia de viajes online | Descubre nuestros viajes inolvidables a EL VALLESPIR I CANAL DU MIDI\",\"breadcrumb\":{\"@id\":\"https:\/\/aigeviatges.com\/producto\/el-vallespir-i-canal-de-midi\/#breadcrumb\"},\"inLanguage\":\"es\",\"potentialAction\":[{\"@type\":\"ReadAction\",\"target\":[\"https:\/\/aigeviatges.com\/producto\/el-vallespir-i-canal-de-midi\/\"]}]},{\"@type\":\"BreadcrumbList\",\"@id\":\"https:\/\/aigeviatges.com\/producto\/el-vallespir-i-canal-de-midi\/#breadcrumb\",\"itemListElement\":[{\"@type\":\"ListItem\",\"position\":1,\"name\":\"Portada\",\"item\":\"https:\/\/aigeviatges.com\/\"},{\"@type\":\"ListItem\",\"position\":2,\"name\":\"Tienda\",\"item\":\"https:\/\/aigeviatges.com\/tienda-2\/\"},{\"@type\":\"ListItem\",\"position\":3,\"name\":\"EL VALLESPIR I CANAL DU MIDI\"}]},{\"@type\":\"WebSite\",\"@id\":\"https:\/\/aigeviatges.com\/#website\",\"url\":\"https:\/\/aigeviatges.com\/\",\"name\":\"AIGE Viatges\",\"description\":\"Agencia de viajes especializada en producto propio para grupos.\",\"publisher\":{\"@id\":\"https:\/\/aigeviatges.com\/#organization\"},\"potentialAction\":[{\"@type\":\"SearchAction\",\"target\":{\"@type\":\"EntryPoint\",\"urlTemplate\":\"https:\/\/aigeviatges.com\/?s={search_term_string}\"},\"query-input\":\"required name=search_term_string\"}],\"inLanguage\":\"es\"},{\"@type\":\"Organization\",\"@id\":\"https:\/\/aigeviatges.com\/#organization\",\"name\":\"AIGE Viatges\",\"url\":\"https:\/\/aigeviatges.com\/\",\"logo\":{\"@type\":\"ImageObject\",\"inLanguage\":\"es\",\"@id\":\"https:\/\/aigeviatges.com\/#\/schema\/logo\/image\/\",\"url\":\"https:\/\/aigeviatges.com\/wp-content\/uploads\/2020\/03\/aig-viatges-logo-web.png\",\"contentUrl\":\"https:\/\/aigeviatges.com\/wp-content\/uploads\/2020\/03\/aig-viatges-logo-web.png\",\"width\":600,\"height\":166,\"caption\":\"AIGE Viatges\"},\"image\":{\"@id\":\"https:\/\/aigeviatges.com\/#\/schema\/logo\/image\/\"},\"sameAs\":[\"https:\/\/www.facebook.com\/viatgesaige\/\"]}]}<\/script>\n<!-- \/ Yoast SEO plugin. -->","yoast_head_json":{"title":"EL VALLESPIR I CANAL DU MIDI - AIGE Viatges","description":"Agencia de viajes online | Descubre nuestros viajes inolvidables a EL VALLESPIR I CANAL DU MIDI","robots":{"index":"index","follow":"follow","max-snippet":"max-snippet:-1","max-image-preview":"max-image-preview:large","max-video-preview":"max-video-preview:-1"},"canonical":"https:\/\/aigeviatges.com\/es\/producto\/el-vallespir-y-canal-de-midi\/","og_locale":"es_ES","og_type":"article","og_title":"EL VALLESPIR I CANAL DU MIDI - AIGE Viatges","og_description":"Agencia de viajes online | Descubre nuestros viajes inolvidables a EL VALLESPIR I CANAL DU MIDI","og_url":"https:\/\/aigeviatges.com\/es\/producto\/el-vallespir-y-canal-de-midi\/","og_site_name":"AIGE Viatges","article_publisher":"https:\/\/www.facebook.com\/viatgesaige\/","article_modified_time":"2021-06-02T07:53:51+00:00","og_image":[{"width":718,"height":432,"url":"https:\/\/aigeviatges.com\/wp-content\/uploads\/2021\/03\/canal-du-midi-25.jpg","type":"image\/jpeg"}],"twitter_card":"summary_large_image","twitter_misc":{"Tiempo de lectura":"1 minuto"},"schema":{"@context":"https:\/\/schema.org","@graph":[{"@type":"WebPage","@id":"https:\/\/aigeviatges.com\/producto\/el-vallespir-i-canal-de-midi\/","url":"https:\/\/aigeviatges.com\/producto\/el-vallespir-i-canal-de-midi\/","name":"EL VALLESPIR I CANAL DU MIDI - AIGE Viatges","isPartOf":{"@id":"https:\/\/aigeviatges.com\/#website"},"datePublished":"2021-03-09T13:35:18+00:00","dateModified":"2021-06-02T07:53:51+00:00","description":"Agencia de viajes online | Descubre nuestros viajes inolvidables a EL VALLESPIR I CANAL DU MIDI","breadcrumb":{"@id":"https:\/\/aigeviatges.com\/producto\/el-vallespir-i-canal-de-midi\/#breadcrumb"},"inLanguage":"es","potentialAction":[{"@type":"ReadAction","target":["https:\/\/aigeviatges.com\/producto\/el-vallespir-i-canal-de-midi\/"]}]},{"@type":"BreadcrumbList","@id":"https:\/\/aigeviatges.com\/producto\/el-vallespir-i-canal-de-midi\/#breadcrumb","itemListElement":[{"@type":"ListItem","position":1,"name":"Portada","item":"https:\/\/aigeviatges.com\/"},{"@type":"ListItem","position":2,"name":"Tienda","item":"https:\/\/aigeviatges.com\/tienda-2\/"},{"@type":"ListItem","position":3,"name":"EL VALLESPIR I CANAL DU MIDI"}]},{"@type":"WebSite","@id":"https:\/\/aigeviatges.com\/#website","url":"https:\/\/aigeviatges.com\/","name":"AIGE Viatges","description":"Agencia de viajes especializada en producto propio para grupos.","publisher":{"@id":"https:\/\/aigeviatges.com\/#organization"},"potentialAction":[{"@type":"SearchAction","target":{"@type":"EntryPoint","urlTemplate":"https:\/\/aigeviatges.com\/?s={search_term_string}"},"query-input":"required name=search_term_string"}],"inLanguage":"es"},{"@type":"Organization","@id":"https:\/\/aigeviatges.com\/#organization","name":"AIGE Viatges","url":"https:\/\/aigeviatges.com\/","logo":{"@type":"ImageObject","inLanguage":"es","@id":"https:\/\/aigeviatges.com\/#\/schema\/logo\/image\/","url":"https:\/\/aigeviatges.com\/wp-content\/uploads\/2020\/03\/aig-viatges-logo-web.png","contentUrl":"https:\/\/aigeviatges.com\/wp-content\/uploads\/2020\/03\/aig-viatges-logo-web.png","width":600,"height":166,"caption":"AIGE Viatges"},"image":{"@id":"https:\/\/aigeviatges.com\/#\/schema\/logo\/image\/"},"sameAs":["https:\/\/www.facebook.com\/viatgesaige\/"]}]}},"jetpack_sharing_enabled":true,"jetpack_likes_enabled":false,"_links":{"self":[{"href":"https:\/\/aigeviatges.com\/es\/wp-json\/wp\/v2\/product\/1272","targetHints":{"allow":["GET"]}}],"collection":[{"href":"https:\/\/aigeviatges.com\/es\/wp-json\/wp\/v2\/product"}],"about":[{"href":"https:\/\/aigeviatges.com\/es\/wp-json\/wp\/v2\/types\/product"}],"wp:featuredmedia":[{"embeddable":true,"href":"https:\/\/aigeviatges.com\/es\/wp-json\/wp\/v2\/media\/1273"}],"wp:attachment":[{"href":"https:\/\/aigeviatges.com\/es\/wp-json\/wp\/v2\/media?parent=1272"}],"wp:term":[{"taxonomy":"product_cat","embeddable":true,"href":"https:\/\/aigeviatges.com\/es\/wp-json\/wp\/v2\/product_cat?post=1272"},{"taxonomy":"product_tag","embeddable":true,"href":"https:\/\/aigeviatges.com\/es\/wp-json\/wp\/v2\/product_tag?post=1272"}],"curies":[{"name":"wp","href":"https:\/\/api.w.org\/{rel}","templated":true}]}}