{"id":1268,"date":"2021-03-09T12:54:51","date_gmt":"2021-03-09T13:09:51","guid":{"rendered":"https:\/\/aigeviatges.com\/?post_type=product&#038;p=1268"},"modified":"2023-10-31T14:57:05","modified_gmt":"2023-10-31T14:57:05","slug":"andorra-i-os-de-civis","status":"publish","type":"product","link":"https:\/\/aigeviatges.com\/es\/producto\/andorra-y-hueso-de-civis\/","title":{"rendered":"ANDORRA Y HUESO DE CIVIS"},"content":{"rendered":"<p><strong>D\u00eda 1: ORIGEN \u2013 LA SEDE DE URGELL \u2013 ANDORRA \u2013 ROC DEL QUER<\/strong><br \/>\nSalida en direcci\u00f3n Ponts haciendo parada para el desayuno (no incluido) y continuaci\u00f3n a La Seu d&#039;Urgell. Seguiremos ruta hasta Andorra. Acomodaci\u00f3n en el hotel y almuerzo. Por la tarde iremos al <strong>Mirador Roc del Quer<\/strong>, uno de los sitios que no olvidaremos. Vistas panor\u00e1micas que quedan grabadas en la retina para siempre y que, en este caso, son mucho m\u00e1s que eso: gozaremos de la experiencia completa de estar suspendido en el aire, como si los Pirineos nos abrazaran. Seguidamente dispondremos de tiempo libre en Andorra la Vella\/Les Escaldes para hacer las t\u00edpicas compras. Cena y alojamiento en el hotel.<\/p>\n<p><strong>D\u00eda 2: ANDORRA \u2013 HUESO DE CIVIS \u2013 ORIGEN<\/strong><br \/>\nDespu\u00e9s del desayuno, haremos una excursi\u00f3n a Os de Civis. Uno de los pueblos mejor cuidados y bonitos de los Pirineos, con sus calles y casas de piedra por las que parece no haber pasado los a\u00f1os y que albergan una tranquilidad sorprendente. Almuerzo de monta\u00f1a en restaurante. Seguidamente regresaremos a nuestra ciudad de origen.<\/p>","protected":false},"excerpt":{"rendered":"<p><strong>INCLUYE:\u00a0<\/strong><\/p>\n<ul>\n<li>Autocar de lujo<\/li>\n<li>Gu\u00eda acompa\u00f1ante de AIGE<\/li>\n<li>Hotel 3*** o 4****<\/li>\n<li>Almuerzo de monta\u00f1a en Os de Civis<\/li>\n<li>Seguro de asistencia en viaje<\/li>\n<\/ul>","protected":false},"featured_media":1269,"template":"","meta":[],"product_cat":[87],"product_tag":[],"class_list":["post-1268","product","type-product","status-publish","has-post-thumbnail","hentry","product_cat-rep-baltiques-i-nord-deuropa"],"yoast_head":"<!-- This site is optimized with the Yoast SEO plugin v21.7 - https:\/\/yoast.com\/wordpress\/plugins\/seo\/ -->\n<title>ANDORRA I OS DE CIVIS - AIGE Viatges<\/title>\n<meta name=\"description\" content=\"Agencia de viajes online | Descubre nuestros viajes inolvidables a ANDORRA I OS DE CIVIS\" \/>\n<meta name=\"robots\" content=\"index, follow, max-snippet:-1, max-image-preview:large, max-video-preview:-1\" \/>\n<link rel=\"canonical\" href=\"https:\/\/aigeviatges.com\/es\/producto\/andorra-y-hueso-de-civis\/\" \/>\n<meta property=\"og:locale\" content=\"es_ES\" \/>\n<meta property=\"og:type\" content=\"article\" \/>\n<meta property=\"og:title\" content=\"ANDORRA I OS DE CIVIS - AIGE Viatges\" \/>\n<meta property=\"og:description\" content=\"Agencia de viajes online | Descubre nuestros viajes inolvidables a ANDORRA I OS DE CIVIS\" \/>\n<meta property=\"og:url\" content=\"https:\/\/aigeviatges.com\/es\/producto\/andorra-y-hueso-de-civis\/\" \/>\n<meta property=\"og:site_name\" content=\"AIGE Viatges\" \/>\n<meta property=\"article:publisher\" content=\"https:\/\/www.facebook.com\/viatgesaige\/\" \/>\n<meta property=\"article:modified_time\" content=\"2023-10-31T14:57:05+00:00\" \/>\n<meta property=\"og:image\" content=\"https:\/\/aigeviatges.com\/wp-content\/uploads\/2021\/03\/OS-DE-CIVIS.jpg\" \/>\n\t<meta property=\"og:image:width\" content=\"729\" \/>\n\t<meta property=\"og:image:height\" content=\"465\" \/>\n\t<meta property=\"og:image:type\" content=\"image\/jpeg\" \/>\n<meta name=\"twitter:card\" content=\"summary_large_image\" \/>\n<meta name=\"twitter:label1\" content=\"Tiempo de lectura\" \/>\n\t<meta name=\"twitter:data1\" content=\"1 minuto\" \/>\n<script type=\"application\/ld+json\" class=\"yoast-schema-graph\">{\"@context\":\"https:\/\/schema.org\",\"@graph\":[{\"@type\":\"WebPage\",\"@id\":\"https:\/\/aigeviatges.com\/producto\/andorra-i-os-de-civis\/\",\"url\":\"https:\/\/aigeviatges.com\/producto\/andorra-i-os-de-civis\/\",\"name\":\"ANDORRA I OS DE CIVIS - AIGE Viatges\",\"isPartOf\":{\"@id\":\"https:\/\/aigeviatges.com\/#website\"},\"datePublished\":\"2021-03-09T13:09:51+00:00\",\"dateModified\":\"2023-10-31T14:57:05+00:00\",\"description\":\"Agencia de viajes online | Descubre nuestros viajes inolvidables a ANDORRA I OS DE CIVIS\",\"breadcrumb\":{\"@id\":\"https:\/\/aigeviatges.com\/producto\/andorra-i-os-de-civis\/#breadcrumb\"},\"inLanguage\":\"es\",\"potentialAction\":[{\"@type\":\"ReadAction\",\"target\":[\"https:\/\/aigeviatges.com\/producto\/andorra-i-os-de-civis\/\"]}]},{\"@type\":\"BreadcrumbList\",\"@id\":\"https:\/\/aigeviatges.com\/producto\/andorra-i-os-de-civis\/#breadcrumb\",\"itemListElement\":[{\"@type\":\"ListItem\",\"position\":1,\"name\":\"Portada\",\"item\":\"https:\/\/aigeviatges.com\/\"},{\"@type\":\"ListItem\",\"position\":2,\"name\":\"Tienda\",\"item\":\"https:\/\/aigeviatges.com\/tienda-2\/\"},{\"@type\":\"ListItem\",\"position\":3,\"name\":\"ANDORRA I OS DE CIVIS\"}]},{\"@type\":\"WebSite\",\"@id\":\"https:\/\/aigeviatges.com\/#website\",\"url\":\"https:\/\/aigeviatges.com\/\",\"name\":\"AIGE Viatges\",\"description\":\"Agencia de viajes especializada en producto propio para grupos.\",\"publisher\":{\"@id\":\"https:\/\/aigeviatges.com\/#organization\"},\"potentialAction\":[{\"@type\":\"SearchAction\",\"target\":{\"@type\":\"EntryPoint\",\"urlTemplate\":\"https:\/\/aigeviatges.com\/?s={search_term_string}\"},\"query-input\":\"required name=search_term_string\"}],\"inLanguage\":\"es\"},{\"@type\":\"Organization\",\"@id\":\"https:\/\/aigeviatges.com\/#organization\",\"name\":\"AIGE Viatges\",\"url\":\"https:\/\/aigeviatges.com\/\",\"logo\":{\"@type\":\"ImageObject\",\"inLanguage\":\"es\",\"@id\":\"https:\/\/aigeviatges.com\/#\/schema\/logo\/image\/\",\"url\":\"https:\/\/aigeviatges.com\/wp-content\/uploads\/2020\/03\/aig-viatges-logo-web.png\",\"contentUrl\":\"https:\/\/aigeviatges.com\/wp-content\/uploads\/2020\/03\/aig-viatges-logo-web.png\",\"width\":600,\"height\":166,\"caption\":\"AIGE Viatges\"},\"image\":{\"@id\":\"https:\/\/aigeviatges.com\/#\/schema\/logo\/image\/\"},\"sameAs\":[\"https:\/\/www.facebook.com\/viatgesaige\/\"]}]}<\/script>\n<!-- \/ Yoast SEO plugin. -->","yoast_head_json":{"title":"ANDORRA I OS DE CIVIS - AIGE Viatges","description":"Agencia de viajes online | Descubre nuestros viajes inolvidables a ANDORRA I OS DE CIVIS","robots":{"index":"index","follow":"follow","max-snippet":"max-snippet:-1","max-image-preview":"max-image-preview:large","max-video-preview":"max-video-preview:-1"},"canonical":"https:\/\/aigeviatges.com\/es\/producto\/andorra-y-hueso-de-civis\/","og_locale":"es_ES","og_type":"article","og_title":"ANDORRA I OS DE CIVIS - AIGE Viatges","og_description":"Agencia de viajes online | Descubre nuestros viajes inolvidables a ANDORRA I OS DE CIVIS","og_url":"https:\/\/aigeviatges.com\/es\/producto\/andorra-y-hueso-de-civis\/","og_site_name":"AIGE Viatges","article_publisher":"https:\/\/www.facebook.com\/viatgesaige\/","article_modified_time":"2023-10-31T14:57:05+00:00","og_image":[{"width":729,"height":465,"url":"https:\/\/aigeviatges.com\/wp-content\/uploads\/2021\/03\/OS-DE-CIVIS.jpg","type":"image\/jpeg"}],"twitter_card":"summary_large_image","twitter_misc":{"Tiempo de lectura":"1 minuto"},"schema":{"@context":"https:\/\/schema.org","@graph":[{"@type":"WebPage","@id":"https:\/\/aigeviatges.com\/producto\/andorra-i-os-de-civis\/","url":"https:\/\/aigeviatges.com\/producto\/andorra-i-os-de-civis\/","name":"ANDORRA I OS DE CIVIS - AIGE Viatges","isPartOf":{"@id":"https:\/\/aigeviatges.com\/#website"},"datePublished":"2021-03-09T13:09:51+00:00","dateModified":"2023-10-31T14:57:05+00:00","description":"Agencia de viajes online | Descubre nuestros viajes inolvidables a ANDORRA I OS DE CIVIS","breadcrumb":{"@id":"https:\/\/aigeviatges.com\/producto\/andorra-i-os-de-civis\/#breadcrumb"},"inLanguage":"es","potentialAction":[{"@type":"ReadAction","target":["https:\/\/aigeviatges.com\/producto\/andorra-i-os-de-civis\/"]}]},{"@type":"BreadcrumbList","@id":"https:\/\/aigeviatges.com\/producto\/andorra-i-os-de-civis\/#breadcrumb","itemListElement":[{"@type":"ListItem","position":1,"name":"Portada","item":"https:\/\/aigeviatges.com\/"},{"@type":"ListItem","position":2,"name":"Tienda","item":"https:\/\/aigeviatges.com\/tienda-2\/"},{"@type":"ListItem","position":3,"name":"ANDORRA I OS DE CIVIS"}]},{"@type":"WebSite","@id":"https:\/\/aigeviatges.com\/#website","url":"https:\/\/aigeviatges.com\/","name":"AIGE Viatges","description":"Agencia de viajes especializada en producto propio para grupos.","publisher":{"@id":"https:\/\/aigeviatges.com\/#organization"},"potentialAction":[{"@type":"SearchAction","target":{"@type":"EntryPoint","urlTemplate":"https:\/\/aigeviatges.com\/?s={search_term_string}"},"query-input":"required name=search_term_string"}],"inLanguage":"es"},{"@type":"Organization","@id":"https:\/\/aigeviatges.com\/#organization","name":"AIGE Viatges","url":"https:\/\/aigeviatges.com\/","logo":{"@type":"ImageObject","inLanguage":"es","@id":"https:\/\/aigeviatges.com\/#\/schema\/logo\/image\/","url":"https:\/\/aigeviatges.com\/wp-content\/uploads\/2020\/03\/aig-viatges-logo-web.png","contentUrl":"https:\/\/aigeviatges.com\/wp-content\/uploads\/2020\/03\/aig-viatges-logo-web.png","width":600,"height":166,"caption":"AIGE Viatges"},"image":{"@id":"https:\/\/aigeviatges.com\/#\/schema\/logo\/image\/"},"sameAs":["https:\/\/www.facebook.com\/viatgesaige\/"]}]}},"jetpack_sharing_enabled":true,"jetpack_likes_enabled":false,"_links":{"self":[{"href":"https:\/\/aigeviatges.com\/es\/wp-json\/wp\/v2\/product\/1268","targetHints":{"allow":["GET"]}}],"collection":[{"href":"https:\/\/aigeviatges.com\/es\/wp-json\/wp\/v2\/product"}],"about":[{"href":"https:\/\/aigeviatges.com\/es\/wp-json\/wp\/v2\/types\/product"}],"wp:featuredmedia":[{"embeddable":true,"href":"https:\/\/aigeviatges.com\/es\/wp-json\/wp\/v2\/media\/1269"}],"wp:attachment":[{"href":"https:\/\/aigeviatges.com\/es\/wp-json\/wp\/v2\/media?parent=1268"}],"wp:term":[{"taxonomy":"product_cat","embeddable":true,"href":"https:\/\/aigeviatges.com\/es\/wp-json\/wp\/v2\/product_cat?post=1268"},{"taxonomy":"product_tag","embeddable":true,"href":"https:\/\/aigeviatges.com\/es\/wp-json\/wp\/v2\/product_tag?post=1268"}],"curies":[{"name":"wp","href":"https:\/\/api.w.org\/{rel}","templated":true}]}}