{"id":1260,"date":"2021-03-09T12:05:01","date_gmt":"2021-03-09T12:05:01","guid":{"rendered":"https:\/\/aigeviatges.com\/?post_type=product&#038;p=1260"},"modified":"2023-11-14T14:28:19","modified_gmt":"2023-11-14T14:28:19","slug":"delta-de-lebre-i-la-musclera","status":"publish","type":"product","link":"https:\/\/aigeviatges.com\/es\/producto\/delta-de-liebre-y-la-mejillonera\/","title":{"rendered":"DELTA DEL EBRO Y LA MUSCLERA"},"content":{"rendered":"<p><strong>D\u00eda 1: ORIGEN \u2013 AMPOSTA \u2013 PARQUE EOLIC DEL PERELL\u00d3 \u2013 HOTEL<\/strong><br \/>\nSalida direcci\u00f3n Amposta. Visitaremos una conocida C\u00e1mara Arrocera de la zona. La visita guiada consiste en una explicaci\u00f3n del proceso que sigue el arroz desde que llega del campo hasta que sale envasado. Seguiremos hasta el hotel. Almuerzo. Por la tarde visitaremos El Parque E\u00f3lico de Les Colladetes, en funcionamiento desde Mayo de 1999 Podremos realizar una visita por sus instalaciones, que cuenta con una sala con paneles explicativos (sobre la energ\u00eda e\u00f3lica, el parque y su construcci\u00f3n ). Cena y alojamiento.<\/p>\n<p><strong>D\u00eda 2: CRUCERO A LA MUSCLERA y COMIDA ESPECIAL EN EL DELTA - ORIGEN<\/strong><br \/>\nDespu\u00e9s del desayuno, nos dirigiremos al puerto de Sant Carles donde embarcaremos en un barco que nos llevar\u00e1 por la bah\u00eda de los Alfacs por la llamada \u201cRuta de las Muscleres\u201d. Disfrutaremos de una ma\u00f1ana inolvidable, paseando a bordo de un barco por la bah\u00eda y haciendo una cata de mejillones y ostras, acompa\u00f1ado de una copa de cava, encima de un vivero donde nos esperar\u00e1n con una serie de bandejas de ostras y mejillones listos para comer. Almuerzo especial mariscada en restaurante <em>(Ensalada, mariscada individual, sart\u00e9n y postre. Agua, vino y caf\u00e9).<\/em> Por la tarde regreso a nuestra ciudad de origen.<\/p>","protected":false},"excerpt":{"rendered":"<p><strong>INCLUYE:\u00a0<\/strong><\/p>\n<ul>\n<li>Autocar de lujo<\/li>\n<li>Gu\u00eda acompa\u00f1ante de AIGE<\/li>\n<li>Hotel 3*** o 4****<\/li>\n<li>Tasa tur\u00edstica<\/li>\n<li>Pensi\u00f3n completa con agua y vino<\/li>\n<li>Crucero en la mejillonera con degustaci\u00f3n<\/li>\n<li>Almuerzo especial en el Delta del Ebro<\/li>\n<li>Seguro de asistencia en viaje<\/li>\n<\/ul>\n<p><img loading=\"lazy\" decoding=\"async\" class=\"alignnone wp-image-1261\" src=\"https:\/\/aigeviatges.com\/wp-content\/uploads\/2021\/03\/muclera-300x205.jpg\" alt=\"\" width=\"283\" height=\"194\" srcset=\"https:\/\/aigeviatges.com\/wp-content\/uploads\/2021\/03\/muclera-300x205.jpg 300w, https:\/\/aigeviatges.com\/wp-content\/uploads\/2021\/03\/muclera.jpg 402w\" sizes=\"auto, (max-width: 283px) 100vw, 283px\" \/><\/p>","protected":false},"featured_media":1263,"template":"","meta":[],"product_cat":[26],"product_tag":[],"class_list":["post-1260","product","type-product","status-publish","has-post-thumbnail","hentry","product_cat-grups-radials"],"yoast_head":"<!-- This site is optimized with the Yoast SEO plugin v21.7 - https:\/\/yoast.com\/wordpress\/plugins\/seo\/ -->\n<title>DELTA DE L&#039;EBRE I LA MUSCLERA - AIGE Viatges<\/title>\n<meta name=\"description\" content=\"Agencia de viajes online | Descubre nuestros viajes inolvidables a DELTA DE L&#039;EBRE I LA MUSCLERA\" \/>\n<meta name=\"robots\" content=\"index, follow, max-snippet:-1, max-image-preview:large, max-video-preview:-1\" \/>\n<link rel=\"canonical\" href=\"https:\/\/aigeviatges.com\/es\/producto\/delta-de-liebre-y-la-mejillonera\/\" \/>\n<meta property=\"og:locale\" content=\"es_ES\" \/>\n<meta property=\"og:type\" content=\"article\" \/>\n<meta property=\"og:title\" content=\"DELTA DE L&#039;EBRE I LA MUSCLERA - AIGE Viatges\" \/>\n<meta property=\"og:description\" content=\"Agencia de viajes online | Descubre nuestros viajes inolvidables a DELTA DE L&#039;EBRE I LA MUSCLERA\" \/>\n<meta property=\"og:url\" content=\"https:\/\/aigeviatges.com\/es\/producto\/delta-de-liebre-y-la-mejillonera\/\" \/>\n<meta property=\"og:site_name\" content=\"AIGE Viatges\" \/>\n<meta property=\"article:publisher\" content=\"https:\/\/www.facebook.com\/viatgesaige\/\" \/>\n<meta property=\"article:modified_time\" content=\"2023-11-14T14:28:19+00:00\" \/>\n<meta property=\"og:image\" content=\"https:\/\/aigeviatges.com\/wp-content\/uploads\/2021\/03\/delta-de-l-ebre.jpg\" \/>\n\t<meta property=\"og:image:width\" content=\"673\" \/>\n\t<meta property=\"og:image:height\" content=\"422\" \/>\n\t<meta property=\"og:image:type\" content=\"image\/jpeg\" \/>\n<meta name=\"twitter:card\" content=\"summary_large_image\" \/>\n<meta name=\"twitter:label1\" content=\"Tiempo de lectura\" \/>\n\t<meta name=\"twitter:data1\" content=\"1 minuto\" \/>\n<script type=\"application\/ld+json\" class=\"yoast-schema-graph\">{\"@context\":\"https:\/\/schema.org\",\"@graph\":[{\"@type\":\"WebPage\",\"@id\":\"https:\/\/aigeviatges.com\/producto\/delta-de-lebre-i-la-musclera\/\",\"url\":\"https:\/\/aigeviatges.com\/producto\/delta-de-lebre-i-la-musclera\/\",\"name\":\"DELTA DE L'EBRE I LA MUSCLERA - AIGE Viatges\",\"isPartOf\":{\"@id\":\"https:\/\/aigeviatges.com\/#website\"},\"datePublished\":\"2021-03-09T12:05:01+00:00\",\"dateModified\":\"2023-11-14T14:28:19+00:00\",\"description\":\"Agencia de viajes online | Descubre nuestros viajes inolvidables a DELTA DE L'EBRE I LA MUSCLERA\",\"breadcrumb\":{\"@id\":\"https:\/\/aigeviatges.com\/producto\/delta-de-lebre-i-la-musclera\/#breadcrumb\"},\"inLanguage\":\"es\",\"potentialAction\":[{\"@type\":\"ReadAction\",\"target\":[\"https:\/\/aigeviatges.com\/producto\/delta-de-lebre-i-la-musclera\/\"]}]},{\"@type\":\"BreadcrumbList\",\"@id\":\"https:\/\/aigeviatges.com\/producto\/delta-de-lebre-i-la-musclera\/#breadcrumb\",\"itemListElement\":[{\"@type\":\"ListItem\",\"position\":1,\"name\":\"Portada\",\"item\":\"https:\/\/aigeviatges.com\/\"},{\"@type\":\"ListItem\",\"position\":2,\"name\":\"Tienda\",\"item\":\"https:\/\/aigeviatges.com\/tienda-2\/\"},{\"@type\":\"ListItem\",\"position\":3,\"name\":\"DELTA DE L&#8217;EBRE I LA MUSCLERA\"}]},{\"@type\":\"WebSite\",\"@id\":\"https:\/\/aigeviatges.com\/#website\",\"url\":\"https:\/\/aigeviatges.com\/\",\"name\":\"AIGE Viatges\",\"description\":\"Agencia de viajes especializada en producto propio para grupos.\",\"publisher\":{\"@id\":\"https:\/\/aigeviatges.com\/#organization\"},\"potentialAction\":[{\"@type\":\"SearchAction\",\"target\":{\"@type\":\"EntryPoint\",\"urlTemplate\":\"https:\/\/aigeviatges.com\/?s={search_term_string}\"},\"query-input\":\"required name=search_term_string\"}],\"inLanguage\":\"es\"},{\"@type\":\"Organization\",\"@id\":\"https:\/\/aigeviatges.com\/#organization\",\"name\":\"AIGE Viatges\",\"url\":\"https:\/\/aigeviatges.com\/\",\"logo\":{\"@type\":\"ImageObject\",\"inLanguage\":\"es\",\"@id\":\"https:\/\/aigeviatges.com\/#\/schema\/logo\/image\/\",\"url\":\"https:\/\/aigeviatges.com\/wp-content\/uploads\/2020\/03\/aig-viatges-logo-web.png\",\"contentUrl\":\"https:\/\/aigeviatges.com\/wp-content\/uploads\/2020\/03\/aig-viatges-logo-web.png\",\"width\":600,\"height\":166,\"caption\":\"AIGE Viatges\"},\"image\":{\"@id\":\"https:\/\/aigeviatges.com\/#\/schema\/logo\/image\/\"},\"sameAs\":[\"https:\/\/www.facebook.com\/viatgesaige\/\"]}]}<\/script>\n<!-- \/ Yoast SEO plugin. -->","yoast_head_json":{"title":"DELTA DE L'EBRE I LA MUSCLERA - AIGE Viatges","description":"Agencia de viajes online | Descubre nuestros viajes inolvidables a DELTA DE L'EBRE I LA MUSCLERA","robots":{"index":"index","follow":"follow","max-snippet":"max-snippet:-1","max-image-preview":"max-image-preview:large","max-video-preview":"max-video-preview:-1"},"canonical":"https:\/\/aigeviatges.com\/es\/producto\/delta-de-liebre-y-la-mejillonera\/","og_locale":"es_ES","og_type":"article","og_title":"DELTA DE L'EBRE I LA MUSCLERA - AIGE Viatges","og_description":"Agencia de viajes online | Descubre nuestros viajes inolvidables a DELTA DE L'EBRE I LA MUSCLERA","og_url":"https:\/\/aigeviatges.com\/es\/producto\/delta-de-liebre-y-la-mejillonera\/","og_site_name":"AIGE Viatges","article_publisher":"https:\/\/www.facebook.com\/viatgesaige\/","article_modified_time":"2023-11-14T14:28:19+00:00","og_image":[{"width":673,"height":422,"url":"https:\/\/aigeviatges.com\/wp-content\/uploads\/2021\/03\/delta-de-l-ebre.jpg","type":"image\/jpeg"}],"twitter_card":"summary_large_image","twitter_misc":{"Tiempo de lectura":"1 minuto"},"schema":{"@context":"https:\/\/schema.org","@graph":[{"@type":"WebPage","@id":"https:\/\/aigeviatges.com\/producto\/delta-de-lebre-i-la-musclera\/","url":"https:\/\/aigeviatges.com\/producto\/delta-de-lebre-i-la-musclera\/","name":"DELTA DE L'EBRE I LA MUSCLERA - AIGE Viatges","isPartOf":{"@id":"https:\/\/aigeviatges.com\/#website"},"datePublished":"2021-03-09T12:05:01+00:00","dateModified":"2023-11-14T14:28:19+00:00","description":"Agencia de viajes online | Descubre nuestros viajes inolvidables a DELTA DE L'EBRE I LA MUSCLERA","breadcrumb":{"@id":"https:\/\/aigeviatges.com\/producto\/delta-de-lebre-i-la-musclera\/#breadcrumb"},"inLanguage":"es","potentialAction":[{"@type":"ReadAction","target":["https:\/\/aigeviatges.com\/producto\/delta-de-lebre-i-la-musclera\/"]}]},{"@type":"BreadcrumbList","@id":"https:\/\/aigeviatges.com\/producto\/delta-de-lebre-i-la-musclera\/#breadcrumb","itemListElement":[{"@type":"ListItem","position":1,"name":"Portada","item":"https:\/\/aigeviatges.com\/"},{"@type":"ListItem","position":2,"name":"Tienda","item":"https:\/\/aigeviatges.com\/tienda-2\/"},{"@type":"ListItem","position":3,"name":"DELTA DE L&#8217;EBRE I LA MUSCLERA"}]},{"@type":"WebSite","@id":"https:\/\/aigeviatges.com\/#website","url":"https:\/\/aigeviatges.com\/","name":"AIGE Viatges","description":"Agencia de viajes especializada en producto propio para grupos.","publisher":{"@id":"https:\/\/aigeviatges.com\/#organization"},"potentialAction":[{"@type":"SearchAction","target":{"@type":"EntryPoint","urlTemplate":"https:\/\/aigeviatges.com\/?s={search_term_string}"},"query-input":"required name=search_term_string"}],"inLanguage":"es"},{"@type":"Organization","@id":"https:\/\/aigeviatges.com\/#organization","name":"AIGE Viatges","url":"https:\/\/aigeviatges.com\/","logo":{"@type":"ImageObject","inLanguage":"es","@id":"https:\/\/aigeviatges.com\/#\/schema\/logo\/image\/","url":"https:\/\/aigeviatges.com\/wp-content\/uploads\/2020\/03\/aig-viatges-logo-web.png","contentUrl":"https:\/\/aigeviatges.com\/wp-content\/uploads\/2020\/03\/aig-viatges-logo-web.png","width":600,"height":166,"caption":"AIGE Viatges"},"image":{"@id":"https:\/\/aigeviatges.com\/#\/schema\/logo\/image\/"},"sameAs":["https:\/\/www.facebook.com\/viatgesaige\/"]}]}},"jetpack_sharing_enabled":true,"jetpack_likes_enabled":false,"_links":{"self":[{"href":"https:\/\/aigeviatges.com\/es\/wp-json\/wp\/v2\/product\/1260","targetHints":{"allow":["GET"]}}],"collection":[{"href":"https:\/\/aigeviatges.com\/es\/wp-json\/wp\/v2\/product"}],"about":[{"href":"https:\/\/aigeviatges.com\/es\/wp-json\/wp\/v2\/types\/product"}],"wp:featuredmedia":[{"embeddable":true,"href":"https:\/\/aigeviatges.com\/es\/wp-json\/wp\/v2\/media\/1263"}],"wp:attachment":[{"href":"https:\/\/aigeviatges.com\/es\/wp-json\/wp\/v2\/media?parent=1260"}],"wp:term":[{"taxonomy":"product_cat","embeddable":true,"href":"https:\/\/aigeviatges.com\/es\/wp-json\/wp\/v2\/product_cat?post=1260"},{"taxonomy":"product_tag","embeddable":true,"href":"https:\/\/aigeviatges.com\/es\/wp-json\/wp\/v2\/product_tag?post=1260"}],"curies":[{"name":"wp","href":"https:\/\/api.w.org\/{rel}","templated":true}]}}