{"id":1255,"date":"2021-03-09T11:06:45","date_gmt":"2021-03-09T11:06:45","guid":{"rendered":"https:\/\/aigeviatges.com\/?post_type=product&#038;p=1255"},"modified":"2023-11-14T14:28:19","modified_gmt":"2023-11-14T14:28:19","slug":"carcasona-narbona-i-les-grands-buffets","status":"publish","type":"product","link":"https:\/\/aigeviatges.com\/es\/producto\/carcasona-narbona-y-los-grandes-buffets\/","title":{"rendered":"CARCASONA, NARBONA Y &quot;LAS GRANDES BUFFETS&quot;"},"content":{"rendered":"<p><strong>D\u00eda 1: ORIGEN - CARCASONA - HOTEL<\/strong><br \/>\nSalida direcci\u00f3n La Jonquera, hasta llegar a Carcassonne. Acomodaci\u00f3n en el hotel y almuerzo. Por la tarde visitaremos Carcassonne \u201cLa Cite\u201d, la mayor fortaleza de Europa, donde podremos admirar su majestuosa doble muralla, sus torres, el Castillo Condal, la Iglesia de San Nazaire que data de 1.006. Este conjunto arquitect\u00f3nico medieval fue restaurado por Eug\u00e8ne Viollet le Duc en el siglo XIX y declarado en 1997 Patrimonio de la Humanidad por la UNESCO. Regreso al hotel. Cena y alojamiento.<\/p>\n<p><strong>D\u00eda 2: HOTEL \u2013 NARBONA \u2013 LAS GRANDES BUFFETS \u2013 ORIGEN<\/strong><br \/>\nDespu\u00e9s del desayuno, visitaremos Narbona ciudad Hist\u00f3rico-Art\u00edstica, capital de la Galia Narbonesa, residencia de reyes visig\u00f3ticos y ciudad archiepiscopal, con m\u00e1s de 2500 a\u00f1os de antig\u00fcedad, alberga un rico patrimonio. En pleno centro hist\u00f3rico, encontramos la catedral de San Justo y San Pastor declarada Monumento Hist\u00f3rico. Despu\u00e9s de la visita iremos a comer al reconocido <strong>&quot;Las Grands Buffets&quot;**<\/strong>.<br \/>\nDespu\u00e9s de comer regresaremos a nuestra ciudad de origen v\u00eda La Jonquera.<\/p>\n<p><strong><em><em>**\u201cEste espectacular buffet fundado en 1989 por el se\u00f1or Louis Privat, fue creado para dar a conocer la aut\u00e9ntica cocina tradicional y de fiesta francesa. Gracias a sus acuerdos con los productores de la zona, se ofrece la m\u00e1xima calidad en todos sus productos. El buffet se hizo famoso gracias a la retransmisi\u00f3n de uno de los episodios de Masterchef.\u201d<\/em><\/em><\/strong><\/p>","protected":false},"excerpt":{"rendered":"<p><strong>INCLUYE:\u00a0<\/strong><\/p>\n<ul>\n<li>Autocar de lujo<\/li>\n<li>Gu\u00eda acompa\u00f1ante de AIGE<\/li>\n<li>Hotel 3*** (tipo IBIS)<\/li>\n<li>Pensi\u00f3n completa con agua y vino<\/li>\n<li>Almuerzo especial en \u201cLas Grands Buffets de Narbona\u201d<\/li>\n<li>Seguro de asistencia en viaje<\/li>\n<\/ul>\n<p><img loading=\"lazy\" decoding=\"async\" class=\"alignnone wp-image-1258\" src=\"https:\/\/aigeviatges.com\/wp-content\/uploads\/2021\/03\/GRAN-BUFFET.jpg\" alt=\"\" width=\"358\" height=\"113\" srcset=\"https:\/\/aigeviatges.com\/wp-content\/uploads\/2021\/03\/GRAN-BUFFET.jpg 931w, https:\/\/aigeviatges.com\/wp-content\/uploads\/2021\/03\/GRAN-BUFFET-300x95.jpg 300w, https:\/\/aigeviatges.com\/wp-content\/uploads\/2021\/03\/GRAN-BUFFET-768x243.jpg 768w, https:\/\/aigeviatges.com\/wp-content\/uploads\/2021\/03\/GRAN-BUFFET-600x189.jpg 600w\" sizes=\"auto, (max-width: 358px) 100vw, 358px\" \/><\/p>","protected":false},"featured_media":1256,"template":"","meta":[],"product_cat":[26],"product_tag":[],"class_list":["post-1255","product","type-product","status-publish","has-post-thumbnail","hentry","product_cat-grups-radials"],"yoast_head":"<!-- This site is optimized with the Yoast SEO plugin v21.7 - https:\/\/yoast.com\/wordpress\/plugins\/seo\/ -->\n<title>CARCASONA, NARBONA I &quot;LES GRANDS BUFFETS&quot; - AIGE Viatges<\/title>\n<meta name=\"description\" content=\"Agencia de viajes online | Descubre nuestros viajes inolvidables a CARCASONA, NARBONA I &quot;LES GRANDS BUFFETS&quot;\" \/>\n<meta name=\"robots\" content=\"index, follow, max-snippet:-1, max-image-preview:large, max-video-preview:-1\" \/>\n<link rel=\"canonical\" href=\"https:\/\/aigeviatges.com\/es\/producto\/carcasona-narbona-y-los-grandes-buffets\/\" \/>\n<meta property=\"og:locale\" content=\"es_ES\" \/>\n<meta property=\"og:type\" content=\"article\" \/>\n<meta property=\"og:title\" content=\"CARCASONA, NARBONA I &quot;LES GRANDS BUFFETS&quot; - AIGE Viatges\" \/>\n<meta property=\"og:description\" content=\"Agencia de viajes online | Descubre nuestros viajes inolvidables a CARCASONA, NARBONA I &quot;LES GRANDS BUFFETS&quot;\" \/>\n<meta property=\"og:url\" content=\"https:\/\/aigeviatges.com\/es\/producto\/carcasona-narbona-y-los-grandes-buffets\/\" \/>\n<meta property=\"og:site_name\" content=\"AIGE Viatges\" \/>\n<meta property=\"article:publisher\" content=\"https:\/\/www.facebook.com\/viatgesaige\/\" \/>\n<meta property=\"article:modified_time\" content=\"2023-11-14T14:28:19+00:00\" \/>\n<meta property=\"og:image\" content=\"https:\/\/aigeviatges.com\/wp-content\/uploads\/2021\/03\/carcason.jpg\" \/>\n\t<meta property=\"og:image:width\" content=\"920\" \/>\n\t<meta property=\"og:image:height\" content=\"503\" \/>\n\t<meta property=\"og:image:type\" content=\"image\/jpeg\" \/>\n<meta name=\"twitter:card\" content=\"summary_large_image\" \/>\n<meta name=\"twitter:label1\" content=\"Tiempo de lectura\" \/>\n\t<meta name=\"twitter:data1\" content=\"1 minuto\" \/>\n<script type=\"application\/ld+json\" class=\"yoast-schema-graph\">{\"@context\":\"https:\/\/schema.org\",\"@graph\":[{\"@type\":\"WebPage\",\"@id\":\"https:\/\/aigeviatges.com\/producto\/carcasona-narbona-i-les-grands-buffets\/\",\"url\":\"https:\/\/aigeviatges.com\/producto\/carcasona-narbona-i-les-grands-buffets\/\",\"name\":\"CARCASONA, NARBONA I \\\"LES GRANDS BUFFETS\\\" - AIGE Viatges\",\"isPartOf\":{\"@id\":\"https:\/\/aigeviatges.com\/#website\"},\"datePublished\":\"2021-03-09T11:06:45+00:00\",\"dateModified\":\"2023-11-14T14:28:19+00:00\",\"description\":\"Agencia de viajes online | Descubre nuestros viajes inolvidables a CARCASONA, NARBONA I \\\"LES GRANDS BUFFETS\\\"\",\"breadcrumb\":{\"@id\":\"https:\/\/aigeviatges.com\/producto\/carcasona-narbona-i-les-grands-buffets\/#breadcrumb\"},\"inLanguage\":\"es\",\"potentialAction\":[{\"@type\":\"ReadAction\",\"target\":[\"https:\/\/aigeviatges.com\/producto\/carcasona-narbona-i-les-grands-buffets\/\"]}]},{\"@type\":\"BreadcrumbList\",\"@id\":\"https:\/\/aigeviatges.com\/producto\/carcasona-narbona-i-les-grands-buffets\/#breadcrumb\",\"itemListElement\":[{\"@type\":\"ListItem\",\"position\":1,\"name\":\"Portada\",\"item\":\"https:\/\/aigeviatges.com\/\"},{\"@type\":\"ListItem\",\"position\":2,\"name\":\"Tienda\",\"item\":\"https:\/\/aigeviatges.com\/tienda-2\/\"},{\"@type\":\"ListItem\",\"position\":3,\"name\":\"CARCASONA, NARBONA I &#8220;LES GRANDS BUFFETS&#8221;\"}]},{\"@type\":\"WebSite\",\"@id\":\"https:\/\/aigeviatges.com\/#website\",\"url\":\"https:\/\/aigeviatges.com\/\",\"name\":\"AIGE Viatges\",\"description\":\"Agencia de viajes especializada en producto propio para grupos.\",\"publisher\":{\"@id\":\"https:\/\/aigeviatges.com\/#organization\"},\"potentialAction\":[{\"@type\":\"SearchAction\",\"target\":{\"@type\":\"EntryPoint\",\"urlTemplate\":\"https:\/\/aigeviatges.com\/?s={search_term_string}\"},\"query-input\":\"required name=search_term_string\"}],\"inLanguage\":\"es\"},{\"@type\":\"Organization\",\"@id\":\"https:\/\/aigeviatges.com\/#organization\",\"name\":\"AIGE Viatges\",\"url\":\"https:\/\/aigeviatges.com\/\",\"logo\":{\"@type\":\"ImageObject\",\"inLanguage\":\"es\",\"@id\":\"https:\/\/aigeviatges.com\/#\/schema\/logo\/image\/\",\"url\":\"https:\/\/aigeviatges.com\/wp-content\/uploads\/2020\/03\/aig-viatges-logo-web.png\",\"contentUrl\":\"https:\/\/aigeviatges.com\/wp-content\/uploads\/2020\/03\/aig-viatges-logo-web.png\",\"width\":600,\"height\":166,\"caption\":\"AIGE Viatges\"},\"image\":{\"@id\":\"https:\/\/aigeviatges.com\/#\/schema\/logo\/image\/\"},\"sameAs\":[\"https:\/\/www.facebook.com\/viatgesaige\/\"]}]}<\/script>\n<!-- \/ Yoast SEO plugin. -->","yoast_head_json":{"title":"CARCASONA, NARBONA I \"LES GRANDS BUFFETS\" - AIGE Viatges","description":"Agencia de viajes online | Descubre nuestros viajes inolvidables a CARCASONA, NARBONA I \"LES GRANDS BUFFETS\"","robots":{"index":"index","follow":"follow","max-snippet":"max-snippet:-1","max-image-preview":"max-image-preview:large","max-video-preview":"max-video-preview:-1"},"canonical":"https:\/\/aigeviatges.com\/es\/producto\/carcasona-narbona-y-los-grandes-buffets\/","og_locale":"es_ES","og_type":"article","og_title":"CARCASONA, NARBONA I \"LES GRANDS BUFFETS\" - AIGE Viatges","og_description":"Agencia de viajes online | Descubre nuestros viajes inolvidables a CARCASONA, NARBONA I \"LES GRANDS BUFFETS\"","og_url":"https:\/\/aigeviatges.com\/es\/producto\/carcasona-narbona-y-los-grandes-buffets\/","og_site_name":"AIGE Viatges","article_publisher":"https:\/\/www.facebook.com\/viatgesaige\/","article_modified_time":"2023-11-14T14:28:19+00:00","og_image":[{"width":920,"height":503,"url":"https:\/\/aigeviatges.com\/wp-content\/uploads\/2021\/03\/carcason.jpg","type":"image\/jpeg"}],"twitter_card":"summary_large_image","twitter_misc":{"Tiempo de lectura":"1 minuto"},"schema":{"@context":"https:\/\/schema.org","@graph":[{"@type":"WebPage","@id":"https:\/\/aigeviatges.com\/producto\/carcasona-narbona-i-les-grands-buffets\/","url":"https:\/\/aigeviatges.com\/producto\/carcasona-narbona-i-les-grands-buffets\/","name":"CARCASONA, NARBONA I \"LES GRANDS BUFFETS\" - AIGE Viatges","isPartOf":{"@id":"https:\/\/aigeviatges.com\/#website"},"datePublished":"2021-03-09T11:06:45+00:00","dateModified":"2023-11-14T14:28:19+00:00","description":"Agencia de viajes online | Descubre nuestros viajes inolvidables a CARCASONA, NARBONA I \"LES GRANDS BUFFETS\"","breadcrumb":{"@id":"https:\/\/aigeviatges.com\/producto\/carcasona-narbona-i-les-grands-buffets\/#breadcrumb"},"inLanguage":"es","potentialAction":[{"@type":"ReadAction","target":["https:\/\/aigeviatges.com\/producto\/carcasona-narbona-i-les-grands-buffets\/"]}]},{"@type":"BreadcrumbList","@id":"https:\/\/aigeviatges.com\/producto\/carcasona-narbona-i-les-grands-buffets\/#breadcrumb","itemListElement":[{"@type":"ListItem","position":1,"name":"Portada","item":"https:\/\/aigeviatges.com\/"},{"@type":"ListItem","position":2,"name":"Tienda","item":"https:\/\/aigeviatges.com\/tienda-2\/"},{"@type":"ListItem","position":3,"name":"CARCASONA, NARBONA I &#8220;LES GRANDS BUFFETS&#8221;"}]},{"@type":"WebSite","@id":"https:\/\/aigeviatges.com\/#website","url":"https:\/\/aigeviatges.com\/","name":"AIGE Viatges","description":"Agencia de viajes especializada en producto propio para grupos.","publisher":{"@id":"https:\/\/aigeviatges.com\/#organization"},"potentialAction":[{"@type":"SearchAction","target":{"@type":"EntryPoint","urlTemplate":"https:\/\/aigeviatges.com\/?s={search_term_string}"},"query-input":"required name=search_term_string"}],"inLanguage":"es"},{"@type":"Organization","@id":"https:\/\/aigeviatges.com\/#organization","name":"AIGE Viatges","url":"https:\/\/aigeviatges.com\/","logo":{"@type":"ImageObject","inLanguage":"es","@id":"https:\/\/aigeviatges.com\/#\/schema\/logo\/image\/","url":"https:\/\/aigeviatges.com\/wp-content\/uploads\/2020\/03\/aig-viatges-logo-web.png","contentUrl":"https:\/\/aigeviatges.com\/wp-content\/uploads\/2020\/03\/aig-viatges-logo-web.png","width":600,"height":166,"caption":"AIGE Viatges"},"image":{"@id":"https:\/\/aigeviatges.com\/#\/schema\/logo\/image\/"},"sameAs":["https:\/\/www.facebook.com\/viatgesaige\/"]}]}},"jetpack_sharing_enabled":true,"jetpack_likes_enabled":false,"_links":{"self":[{"href":"https:\/\/aigeviatges.com\/es\/wp-json\/wp\/v2\/product\/1255","targetHints":{"allow":["GET"]}}],"collection":[{"href":"https:\/\/aigeviatges.com\/es\/wp-json\/wp\/v2\/product"}],"about":[{"href":"https:\/\/aigeviatges.com\/es\/wp-json\/wp\/v2\/types\/product"}],"wp:featuredmedia":[{"embeddable":true,"href":"https:\/\/aigeviatges.com\/es\/wp-json\/wp\/v2\/media\/1256"}],"wp:attachment":[{"href":"https:\/\/aigeviatges.com\/es\/wp-json\/wp\/v2\/media?parent=1255"}],"wp:term":[{"taxonomy":"product_cat","embeddable":true,"href":"https:\/\/aigeviatges.com\/es\/wp-json\/wp\/v2\/product_cat?post=1255"},{"taxonomy":"product_tag","embeddable":true,"href":"https:\/\/aigeviatges.com\/es\/wp-json\/wp\/v2\/product_tag?post=1255"}],"curies":[{"name":"wp","href":"https:\/\/api.w.org\/{rel}","templated":true}]}}