{"id":1245,"date":"2021-03-08T17:18:04","date_gmt":"2021-03-08T17:18:04","guid":{"rendered":"https:\/\/aigeviatges.com\/?post_type=product&#038;p=1245"},"modified":"2021-03-08T17:29:44","modified_gmt":"2021-03-08T17:29:44","slug":"tren-d-artouste","status":"publish","type":"product","link":"https:\/\/aigeviatges.com\/es\/producto\/tren-de-artouste\/","title":{"rendered":"TREN DE ARTOUSTE"},"content":{"rendered":"<p><strong>D\u00eda 1: ORIGEN - BARBASTRO - AINSA - SABI\u00d1ANIGO<\/strong><br \/>\nSalida direcci\u00f3n L\u00e9rida hasta Barbastro. Dispondremos de tiempo libre para visitar esta bella poblaci\u00f3n que esconde entre sus calles y el conjunto del casco antiguo, obras de arte cargadas de historia. Despu\u00e9s nos dirigiremos hasta Ainsa, poblaci\u00f3n elevada en lo alto de una colina, Ciudad Medieval, capital del antiguo Reino del Sobrabe. Llegada y almuerzo. Por la tarde, visitaremos Ainsa donde cabe destacar, restos de la Torre y murallas del antiguo Castillo, patio de armas, Plaza Mayor, Iglesia ex-colegiata de Sta. Maria Rom\u00e1nica, calles t\u00edpicas con tiendas de productos artesanales. Continuaremos en Sabi\u00f1\u00e1nigo, cena y alojamiento en el hotel.<\/p>\n<p><strong>D\u00eda 2: TREN DE ARTOUSTE <em>(disponible de Mayo a Octubre)<\/em><\/strong><br \/>\nSalida a Francia por Formigal y el valle de Ossau. Llegaremos hasta Gabas. All\u00ed tomaremos el telecabina que subir\u00e1 hasta los 2.000 mts. y un peque\u00f1o tren, el m\u00e1s alto de Europa y con un recorrido de 10 km. nos llevar\u00e1 al lago de Artouste, pudiendo admirar extraordinarias panor\u00e1micas. Dispondremos de tiempo para gozar de la naturaleza. Almuerzo en el hotel. Por la tarde, dispondremos de tiempo libre. Cena y alojamiento.<\/p>\n<p><strong>D\u00eda 3: SABI\u00d1ANIGO \u2013 ALQUEZAR \u2013 ORIGEN<\/strong><br \/>\nDesayuno en el hotel. Por la ma\u00f1ana Visitaremos Alqu\u00e9zar, un viaje al pasado junto a un impresionante paisaje. Los or\u00edgenes de la villa se remontan a principios del siglo IX, cuando los musulmanes levantaron una fortificaci\u00f3n para defender a Barbastro frente a los cristianos. Alqu\u00e9zar, cuyo top\u00f3nimo proviene del vocablo \u00e1rabe &#039;Al-Qasr&#039; (&#039;fortaleza&#039;), se sit\u00faa a los pies de la sierra de Guar\u00e0. Entre el patrimonio arquitect\u00f3nico de la villa destaca su Colegiata, de origen rom\u00e1ntico, y fortaleza, declarados Conjunto Hist\u00f3rico Art\u00edstico en 1966. Seguidamente visitaremos una bodega de DO Somontano. Almuerzo en rto. Regreso a nuestra ciudad.<\/p>","protected":false},"excerpt":{"rendered":"<p><strong>INCLUYE:\u00a0<\/strong><\/p>\n<ul>\n<li>Autocar de lujo<\/li>\n<li>Gu\u00eda acompa\u00f1ante de AIGE<\/li>\n<li>Hotel 3***<\/li>\n<li>Pensi\u00f3n completa con agua y vino<\/li>\n<li>Telecabina + tren de Artouste<\/li>\n<li>Visita a Bodega DO Somontano<\/li>\n<li>Seguro de asistencia en viaje<\/li>\n<\/ul>","protected":false},"featured_media":1246,"template":"","meta":[],"product_cat":[112,26],"product_tag":[],"class_list":["post-1245","product","type-product","status-publish","has-post-thumbnail","hentry","product_cat-3-dies","product_cat-grups-radials"],"yoast_head":"<!-- This site is optimized with the Yoast SEO plugin v21.7 - https:\/\/yoast.com\/wordpress\/plugins\/seo\/ -->\n<title>TREN D&#039; ARTOUSTE - AIGE Viatges<\/title>\n<meta name=\"description\" content=\"Agencia de viajes online | Descubre nuestros viajes inolvidables a TREN D&#039; ARTOUSTE\" \/>\n<meta name=\"robots\" content=\"index, follow, max-snippet:-1, max-image-preview:large, max-video-preview:-1\" \/>\n<link rel=\"canonical\" href=\"https:\/\/aigeviatges.com\/es\/producto\/tren-de-artouste\/\" \/>\n<meta property=\"og:locale\" content=\"es_ES\" \/>\n<meta property=\"og:type\" content=\"article\" \/>\n<meta property=\"og:title\" content=\"TREN D&#039; ARTOUSTE - AIGE Viatges\" \/>\n<meta property=\"og:description\" content=\"Agencia de viajes online | Descubre nuestros viajes inolvidables a TREN D&#039; ARTOUSTE\" \/>\n<meta property=\"og:url\" content=\"https:\/\/aigeviatges.com\/es\/producto\/tren-de-artouste\/\" \/>\n<meta property=\"og:site_name\" content=\"AIGE Viatges\" \/>\n<meta property=\"article:publisher\" content=\"https:\/\/www.facebook.com\/viatgesaige\/\" \/>\n<meta property=\"article:modified_time\" content=\"2021-03-08T17:29:44+00:00\" \/>\n<meta property=\"og:image\" content=\"https:\/\/aigeviatges.com\/wp-content\/uploads\/2021\/03\/artouste.jpg\" \/>\n\t<meta property=\"og:image:width\" content=\"803\" \/>\n\t<meta property=\"og:image:height\" content=\"353\" \/>\n\t<meta property=\"og:image:type\" content=\"image\/jpeg\" \/>\n<meta name=\"twitter:card\" content=\"summary_large_image\" \/>\n<meta name=\"twitter:label1\" content=\"Tiempo de lectura\" \/>\n\t<meta name=\"twitter:data1\" content=\"2 minutos\" \/>\n<script type=\"application\/ld+json\" class=\"yoast-schema-graph\">{\"@context\":\"https:\/\/schema.org\",\"@graph\":[{\"@type\":\"WebPage\",\"@id\":\"https:\/\/aigeviatges.com\/producto\/tren-d-artouste\/\",\"url\":\"https:\/\/aigeviatges.com\/producto\/tren-d-artouste\/\",\"name\":\"TREN D' ARTOUSTE - AIGE Viatges\",\"isPartOf\":{\"@id\":\"https:\/\/aigeviatges.com\/#website\"},\"datePublished\":\"2021-03-08T17:18:04+00:00\",\"dateModified\":\"2021-03-08T17:29:44+00:00\",\"description\":\"Agencia de viajes online | Descubre nuestros viajes inolvidables a TREN D' ARTOUSTE\",\"breadcrumb\":{\"@id\":\"https:\/\/aigeviatges.com\/producto\/tren-d-artouste\/#breadcrumb\"},\"inLanguage\":\"es\",\"potentialAction\":[{\"@type\":\"ReadAction\",\"target\":[\"https:\/\/aigeviatges.com\/producto\/tren-d-artouste\/\"]}]},{\"@type\":\"BreadcrumbList\",\"@id\":\"https:\/\/aigeviatges.com\/producto\/tren-d-artouste\/#breadcrumb\",\"itemListElement\":[{\"@type\":\"ListItem\",\"position\":1,\"name\":\"Portada\",\"item\":\"https:\/\/aigeviatges.com\/\"},{\"@type\":\"ListItem\",\"position\":2,\"name\":\"Tienda\",\"item\":\"https:\/\/aigeviatges.com\/tienda-2\/\"},{\"@type\":\"ListItem\",\"position\":3,\"name\":\"TREN D&#8217; ARTOUSTE\"}]},{\"@type\":\"WebSite\",\"@id\":\"https:\/\/aigeviatges.com\/#website\",\"url\":\"https:\/\/aigeviatges.com\/\",\"name\":\"AIGE Viatges\",\"description\":\"Agencia de viajes especializada en producto propio para grupos.\",\"publisher\":{\"@id\":\"https:\/\/aigeviatges.com\/#organization\"},\"potentialAction\":[{\"@type\":\"SearchAction\",\"target\":{\"@type\":\"EntryPoint\",\"urlTemplate\":\"https:\/\/aigeviatges.com\/?s={search_term_string}\"},\"query-input\":\"required name=search_term_string\"}],\"inLanguage\":\"es\"},{\"@type\":\"Organization\",\"@id\":\"https:\/\/aigeviatges.com\/#organization\",\"name\":\"AIGE Viatges\",\"url\":\"https:\/\/aigeviatges.com\/\",\"logo\":{\"@type\":\"ImageObject\",\"inLanguage\":\"es\",\"@id\":\"https:\/\/aigeviatges.com\/#\/schema\/logo\/image\/\",\"url\":\"https:\/\/aigeviatges.com\/wp-content\/uploads\/2020\/03\/aig-viatges-logo-web.png\",\"contentUrl\":\"https:\/\/aigeviatges.com\/wp-content\/uploads\/2020\/03\/aig-viatges-logo-web.png\",\"width\":600,\"height\":166,\"caption\":\"AIGE Viatges\"},\"image\":{\"@id\":\"https:\/\/aigeviatges.com\/#\/schema\/logo\/image\/\"},\"sameAs\":[\"https:\/\/www.facebook.com\/viatgesaige\/\"]}]}<\/script>\n<!-- \/ Yoast SEO plugin. -->","yoast_head_json":{"title":"TREN D' ARTOUSTE - AIGE Viatges","description":"Agencia de viajes online | Descubre nuestros viajes inolvidables a TREN D' ARTOUSTE","robots":{"index":"index","follow":"follow","max-snippet":"max-snippet:-1","max-image-preview":"max-image-preview:large","max-video-preview":"max-video-preview:-1"},"canonical":"https:\/\/aigeviatges.com\/es\/producto\/tren-de-artouste\/","og_locale":"es_ES","og_type":"article","og_title":"TREN D' ARTOUSTE - AIGE Viatges","og_description":"Agencia de viajes online | Descubre nuestros viajes inolvidables a TREN D' ARTOUSTE","og_url":"https:\/\/aigeviatges.com\/es\/producto\/tren-de-artouste\/","og_site_name":"AIGE Viatges","article_publisher":"https:\/\/www.facebook.com\/viatgesaige\/","article_modified_time":"2021-03-08T17:29:44+00:00","og_image":[{"width":803,"height":353,"url":"https:\/\/aigeviatges.com\/wp-content\/uploads\/2021\/03\/artouste.jpg","type":"image\/jpeg"}],"twitter_card":"summary_large_image","twitter_misc":{"Tiempo de lectura":"2 minutos"},"schema":{"@context":"https:\/\/schema.org","@graph":[{"@type":"WebPage","@id":"https:\/\/aigeviatges.com\/producto\/tren-d-artouste\/","url":"https:\/\/aigeviatges.com\/producto\/tren-d-artouste\/","name":"TREN D' ARTOUSTE - AIGE Viatges","isPartOf":{"@id":"https:\/\/aigeviatges.com\/#website"},"datePublished":"2021-03-08T17:18:04+00:00","dateModified":"2021-03-08T17:29:44+00:00","description":"Agencia de viajes online | Descubre nuestros viajes inolvidables a TREN D' ARTOUSTE","breadcrumb":{"@id":"https:\/\/aigeviatges.com\/producto\/tren-d-artouste\/#breadcrumb"},"inLanguage":"es","potentialAction":[{"@type":"ReadAction","target":["https:\/\/aigeviatges.com\/producto\/tren-d-artouste\/"]}]},{"@type":"BreadcrumbList","@id":"https:\/\/aigeviatges.com\/producto\/tren-d-artouste\/#breadcrumb","itemListElement":[{"@type":"ListItem","position":1,"name":"Portada","item":"https:\/\/aigeviatges.com\/"},{"@type":"ListItem","position":2,"name":"Tienda","item":"https:\/\/aigeviatges.com\/tienda-2\/"},{"@type":"ListItem","position":3,"name":"TREN D&#8217; ARTOUSTE"}]},{"@type":"WebSite","@id":"https:\/\/aigeviatges.com\/#website","url":"https:\/\/aigeviatges.com\/","name":"AIGE Viatges","description":"Agencia de viajes especializada en producto propio para grupos.","publisher":{"@id":"https:\/\/aigeviatges.com\/#organization"},"potentialAction":[{"@type":"SearchAction","target":{"@type":"EntryPoint","urlTemplate":"https:\/\/aigeviatges.com\/?s={search_term_string}"},"query-input":"required name=search_term_string"}],"inLanguage":"es"},{"@type":"Organization","@id":"https:\/\/aigeviatges.com\/#organization","name":"AIGE Viatges","url":"https:\/\/aigeviatges.com\/","logo":{"@type":"ImageObject","inLanguage":"es","@id":"https:\/\/aigeviatges.com\/#\/schema\/logo\/image\/","url":"https:\/\/aigeviatges.com\/wp-content\/uploads\/2020\/03\/aig-viatges-logo-web.png","contentUrl":"https:\/\/aigeviatges.com\/wp-content\/uploads\/2020\/03\/aig-viatges-logo-web.png","width":600,"height":166,"caption":"AIGE Viatges"},"image":{"@id":"https:\/\/aigeviatges.com\/#\/schema\/logo\/image\/"},"sameAs":["https:\/\/www.facebook.com\/viatgesaige\/"]}]}},"jetpack_sharing_enabled":true,"jetpack_likes_enabled":false,"_links":{"self":[{"href":"https:\/\/aigeviatges.com\/es\/wp-json\/wp\/v2\/product\/1245","targetHints":{"allow":["GET"]}}],"collection":[{"href":"https:\/\/aigeviatges.com\/es\/wp-json\/wp\/v2\/product"}],"about":[{"href":"https:\/\/aigeviatges.com\/es\/wp-json\/wp\/v2\/types\/product"}],"wp:featuredmedia":[{"embeddable":true,"href":"https:\/\/aigeviatges.com\/es\/wp-json\/wp\/v2\/media\/1246"}],"wp:attachment":[{"href":"https:\/\/aigeviatges.com\/es\/wp-json\/wp\/v2\/media?parent=1245"}],"wp:term":[{"taxonomy":"product_cat","embeddable":true,"href":"https:\/\/aigeviatges.com\/es\/wp-json\/wp\/v2\/product_cat?post=1245"},{"taxonomy":"product_tag","embeddable":true,"href":"https:\/\/aigeviatges.com\/es\/wp-json\/wp\/v2\/product_tag?post=1245"}],"curies":[{"name":"wp","href":"https:\/\/api.w.org\/{rel}","templated":true}]}}