{"id":1242,"date":"2021-03-08T16:57:20","date_gmt":"2021-03-08T16:57:20","guid":{"rendered":"https:\/\/aigeviatges.com\/?post_type=product&#038;p=1242"},"modified":"2023-11-14T14:28:08","modified_gmt":"2023-11-14T14:28:08","slug":"tren-dels-llacs-i-el-pallars-sobira","status":"publish","type":"product","link":"https:\/\/aigeviatges.com\/es\/producto\/tren-de-los-lagos-y-los-pajares-soberana\/","title":{"rendered":"TREN DE LOS LAGOS Y EL PALLARS SOBER\u00c1"},"content":{"rendered":"<p><strong>D\u00eda 1: ORIGEN \u2013 TREN DE LOS LAGOS \u2013 PALLARS SOBER\u00c1<\/strong><br \/>\nSalida a Balaguer haciendo parada para el desayuno (no incluido). Seguidamente haremos un recorrido hasta La Pobla de Segur con el llamado <strong>TREN DE LOS LAGO <\/strong>por la l\u00ednea panor\u00e1mica ferroviaria del Noguera Pallaresa. Un trayecto inolvidable a trav\u00e9s de paisajes espectaculares. Continuaci\u00f3n por carretera hasta llegar a nuestro hotel. Acomodaci\u00f3n y almuerzo. Por la tarde iremos a Altron donde visitaremos una queser\u00eda familiar, podremos ver de primera mano cu\u00e1l es el proceso de elaboraci\u00f3n del queso. Tiempo libre en Sort. Cena y alojamiento.<\/p>\n<p><strong>D\u00eda 2: EL VALLE FARRERA \u2013 ORIGEN<\/strong><br \/>\nDespu\u00e9s del desayuno, haremos una excursi\u00f3n a La Vall Farrera, donde se encuentran pueblecitos t\u00edpicos pirenaicos como \u00c0reu y Ara\u00f3s. El nombre del valle proviene de la extracci\u00f3n de hierro, actividad econ\u00f3mica tradicional del valle documentado desde la Edad Media. De esa \u00e9poca se conservan un buen n\u00famero de construcciones de arte rom\u00e1nico. Almuerzo en el hotel. Por la tarde regreso a nuestra ciudad de origen.<\/p>","protected":false},"excerpt":{"rendered":"<p><strong>INCLUYE:\u00a0<\/strong><\/p>\n<ul>\n<li>Autocar de lujo<\/li>\n<li>Gu\u00eda acompa\u00f1ante de AIGE<\/li>\n<li>Hotel 3*** o 4****<\/li>\n<li>Tasa tur\u00edstica<\/li>\n<li>Pensi\u00f3n completa con agua y vino<\/li>\n<li>Trayecto Balaguer \u2013 La Pobla en tren<\/li>\n<li>Seguro de asistencia en viaje<\/li>\n<\/ul>","protected":false},"featured_media":1243,"template":"","meta":[],"product_cat":[26],"product_tag":[],"class_list":["post-1242","product","type-product","status-publish","has-post-thumbnail","hentry","product_cat-grups-radials"],"yoast_head":"<!-- This site is optimized with the Yoast SEO plugin v21.7 - https:\/\/yoast.com\/wordpress\/plugins\/seo\/ -->\n<title>TREN DELS LLACS I EL PALLARS SOBIR\u00c0 - AIGE Viatges<\/title>\n<meta name=\"description\" content=\"Agencia de viajes online | Descubre nuestros viajes inolvidables a TREN DELS LLACS I EL PALLARS SOBIR\u00c0\" \/>\n<meta name=\"robots\" content=\"index, follow, max-snippet:-1, max-image-preview:large, max-video-preview:-1\" \/>\n<link rel=\"canonical\" href=\"https:\/\/aigeviatges.com\/es\/producto\/tren-de-los-lagos-y-los-pajares-soberana\/\" \/>\n<meta property=\"og:locale\" content=\"es_ES\" \/>\n<meta property=\"og:type\" content=\"article\" \/>\n<meta property=\"og:title\" content=\"TREN DELS LLACS I EL PALLARS SOBIR\u00c0 - AIGE Viatges\" \/>\n<meta property=\"og:description\" content=\"Agencia de viajes online | Descubre nuestros viajes inolvidables a TREN DELS LLACS I EL PALLARS SOBIR\u00c0\" \/>\n<meta property=\"og:url\" content=\"https:\/\/aigeviatges.com\/es\/producto\/tren-de-los-lagos-y-los-pajares-soberana\/\" \/>\n<meta property=\"og:site_name\" content=\"AIGE Viatges\" \/>\n<meta property=\"article:publisher\" content=\"https:\/\/www.facebook.com\/viatgesaige\/\" \/>\n<meta property=\"article:modified_time\" content=\"2023-11-14T14:28:08+00:00\" \/>\n<meta property=\"og:image\" content=\"https:\/\/aigeviatges.com\/wp-content\/uploads\/2021\/03\/tren-pobla.jpg\" \/>\n\t<meta property=\"og:image:width\" content=\"694\" \/>\n\t<meta property=\"og:image:height\" content=\"390\" \/>\n\t<meta property=\"og:image:type\" content=\"image\/jpeg\" \/>\n<meta name=\"twitter:card\" content=\"summary_large_image\" \/>\n<meta name=\"twitter:label1\" content=\"Tiempo de lectura\" \/>\n\t<meta name=\"twitter:data1\" content=\"1 minuto\" \/>\n<script type=\"application\/ld+json\" class=\"yoast-schema-graph\">{\"@context\":\"https:\/\/schema.org\",\"@graph\":[{\"@type\":\"WebPage\",\"@id\":\"https:\/\/aigeviatges.com\/producto\/tren-dels-llacs-i-el-pallars-sobira\/\",\"url\":\"https:\/\/aigeviatges.com\/producto\/tren-dels-llacs-i-el-pallars-sobira\/\",\"name\":\"TREN DELS LLACS I EL PALLARS SOBIR\u00c0 - AIGE Viatges\",\"isPartOf\":{\"@id\":\"https:\/\/aigeviatges.com\/#website\"},\"datePublished\":\"2021-03-08T16:57:20+00:00\",\"dateModified\":\"2023-11-14T14:28:08+00:00\",\"description\":\"Agencia de viajes online | Descubre nuestros viajes inolvidables a TREN DELS LLACS I EL PALLARS SOBIR\u00c0\",\"breadcrumb\":{\"@id\":\"https:\/\/aigeviatges.com\/producto\/tren-dels-llacs-i-el-pallars-sobira\/#breadcrumb\"},\"inLanguage\":\"es\",\"potentialAction\":[{\"@type\":\"ReadAction\",\"target\":[\"https:\/\/aigeviatges.com\/producto\/tren-dels-llacs-i-el-pallars-sobira\/\"]}]},{\"@type\":\"BreadcrumbList\",\"@id\":\"https:\/\/aigeviatges.com\/producto\/tren-dels-llacs-i-el-pallars-sobira\/#breadcrumb\",\"itemListElement\":[{\"@type\":\"ListItem\",\"position\":1,\"name\":\"Portada\",\"item\":\"https:\/\/aigeviatges.com\/\"},{\"@type\":\"ListItem\",\"position\":2,\"name\":\"Tienda\",\"item\":\"https:\/\/aigeviatges.com\/tienda-2\/\"},{\"@type\":\"ListItem\",\"position\":3,\"name\":\"TREN DELS LLACS I EL PALLARS SOBIR\u00c0\"}]},{\"@type\":\"WebSite\",\"@id\":\"https:\/\/aigeviatges.com\/#website\",\"url\":\"https:\/\/aigeviatges.com\/\",\"name\":\"AIGE Viatges\",\"description\":\"Agencia de viajes especializada en producto propio para grupos.\",\"publisher\":{\"@id\":\"https:\/\/aigeviatges.com\/#organization\"},\"potentialAction\":[{\"@type\":\"SearchAction\",\"target\":{\"@type\":\"EntryPoint\",\"urlTemplate\":\"https:\/\/aigeviatges.com\/?s={search_term_string}\"},\"query-input\":\"required name=search_term_string\"}],\"inLanguage\":\"es\"},{\"@type\":\"Organization\",\"@id\":\"https:\/\/aigeviatges.com\/#organization\",\"name\":\"AIGE Viatges\",\"url\":\"https:\/\/aigeviatges.com\/\",\"logo\":{\"@type\":\"ImageObject\",\"inLanguage\":\"es\",\"@id\":\"https:\/\/aigeviatges.com\/#\/schema\/logo\/image\/\",\"url\":\"https:\/\/aigeviatges.com\/wp-content\/uploads\/2020\/03\/aig-viatges-logo-web.png\",\"contentUrl\":\"https:\/\/aigeviatges.com\/wp-content\/uploads\/2020\/03\/aig-viatges-logo-web.png\",\"width\":600,\"height\":166,\"caption\":\"AIGE Viatges\"},\"image\":{\"@id\":\"https:\/\/aigeviatges.com\/#\/schema\/logo\/image\/\"},\"sameAs\":[\"https:\/\/www.facebook.com\/viatgesaige\/\"]}]}<\/script>\n<!-- \/ Yoast SEO plugin. -->","yoast_head_json":{"title":"TREN DELS LLACS I EL PALLARS SOBIR\u00c0 - AIGE Viatges","description":"Agencia de viajes online | Descubre nuestros viajes inolvidables a TREN DELS LLACS I EL PALLARS SOBIR\u00c0","robots":{"index":"index","follow":"follow","max-snippet":"max-snippet:-1","max-image-preview":"max-image-preview:large","max-video-preview":"max-video-preview:-1"},"canonical":"https:\/\/aigeviatges.com\/es\/producto\/tren-de-los-lagos-y-los-pajares-soberana\/","og_locale":"es_ES","og_type":"article","og_title":"TREN DELS LLACS I EL PALLARS SOBIR\u00c0 - AIGE Viatges","og_description":"Agencia de viajes online | Descubre nuestros viajes inolvidables a TREN DELS LLACS I EL PALLARS SOBIR\u00c0","og_url":"https:\/\/aigeviatges.com\/es\/producto\/tren-de-los-lagos-y-los-pajares-soberana\/","og_site_name":"AIGE Viatges","article_publisher":"https:\/\/www.facebook.com\/viatgesaige\/","article_modified_time":"2023-11-14T14:28:08+00:00","og_image":[{"width":694,"height":390,"url":"https:\/\/aigeviatges.com\/wp-content\/uploads\/2021\/03\/tren-pobla.jpg","type":"image\/jpeg"}],"twitter_card":"summary_large_image","twitter_misc":{"Tiempo de lectura":"1 minuto"},"schema":{"@context":"https:\/\/schema.org","@graph":[{"@type":"WebPage","@id":"https:\/\/aigeviatges.com\/producto\/tren-dels-llacs-i-el-pallars-sobira\/","url":"https:\/\/aigeviatges.com\/producto\/tren-dels-llacs-i-el-pallars-sobira\/","name":"TREN DELS LLACS I EL PALLARS SOBIR\u00c0 - AIGE Viatges","isPartOf":{"@id":"https:\/\/aigeviatges.com\/#website"},"datePublished":"2021-03-08T16:57:20+00:00","dateModified":"2023-11-14T14:28:08+00:00","description":"Agencia de viajes online | Descubre nuestros viajes inolvidables a TREN DELS LLACS I EL PALLARS SOBIR\u00c0","breadcrumb":{"@id":"https:\/\/aigeviatges.com\/producto\/tren-dels-llacs-i-el-pallars-sobira\/#breadcrumb"},"inLanguage":"es","potentialAction":[{"@type":"ReadAction","target":["https:\/\/aigeviatges.com\/producto\/tren-dels-llacs-i-el-pallars-sobira\/"]}]},{"@type":"BreadcrumbList","@id":"https:\/\/aigeviatges.com\/producto\/tren-dels-llacs-i-el-pallars-sobira\/#breadcrumb","itemListElement":[{"@type":"ListItem","position":1,"name":"Portada","item":"https:\/\/aigeviatges.com\/"},{"@type":"ListItem","position":2,"name":"Tienda","item":"https:\/\/aigeviatges.com\/tienda-2\/"},{"@type":"ListItem","position":3,"name":"TREN DELS LLACS I EL PALLARS SOBIR\u00c0"}]},{"@type":"WebSite","@id":"https:\/\/aigeviatges.com\/#website","url":"https:\/\/aigeviatges.com\/","name":"AIGE Viatges","description":"Agencia de viajes especializada en producto propio para grupos.","publisher":{"@id":"https:\/\/aigeviatges.com\/#organization"},"potentialAction":[{"@type":"SearchAction","target":{"@type":"EntryPoint","urlTemplate":"https:\/\/aigeviatges.com\/?s={search_term_string}"},"query-input":"required name=search_term_string"}],"inLanguage":"es"},{"@type":"Organization","@id":"https:\/\/aigeviatges.com\/#organization","name":"AIGE Viatges","url":"https:\/\/aigeviatges.com\/","logo":{"@type":"ImageObject","inLanguage":"es","@id":"https:\/\/aigeviatges.com\/#\/schema\/logo\/image\/","url":"https:\/\/aigeviatges.com\/wp-content\/uploads\/2020\/03\/aig-viatges-logo-web.png","contentUrl":"https:\/\/aigeviatges.com\/wp-content\/uploads\/2020\/03\/aig-viatges-logo-web.png","width":600,"height":166,"caption":"AIGE Viatges"},"image":{"@id":"https:\/\/aigeviatges.com\/#\/schema\/logo\/image\/"},"sameAs":["https:\/\/www.facebook.com\/viatgesaige\/"]}]}},"jetpack_sharing_enabled":true,"jetpack_likes_enabled":false,"_links":{"self":[{"href":"https:\/\/aigeviatges.com\/es\/wp-json\/wp\/v2\/product\/1242","targetHints":{"allow":["GET"]}}],"collection":[{"href":"https:\/\/aigeviatges.com\/es\/wp-json\/wp\/v2\/product"}],"about":[{"href":"https:\/\/aigeviatges.com\/es\/wp-json\/wp\/v2\/types\/product"}],"wp:featuredmedia":[{"embeddable":true,"href":"https:\/\/aigeviatges.com\/es\/wp-json\/wp\/v2\/media\/1243"}],"wp:attachment":[{"href":"https:\/\/aigeviatges.com\/es\/wp-json\/wp\/v2\/media?parent=1242"}],"wp:term":[{"taxonomy":"product_cat","embeddable":true,"href":"https:\/\/aigeviatges.com\/es\/wp-json\/wp\/v2\/product_cat?post=1242"},{"taxonomy":"product_tag","embeddable":true,"href":"https:\/\/aigeviatges.com\/es\/wp-json\/wp\/v2\/product_tag?post=1242"}],"curies":[{"name":"wp","href":"https:\/\/api.w.org\/{rel}","templated":true}]}}